{"id":1302,"date":"2024-10-07T05:50:02","date_gmt":"2024-10-07T05:50:02","guid":{"rendered":"https:\/\/chemsfine.com\/?page_id=1302"},"modified":"2024-10-07T05:54:57","modified_gmt":"2024-10-07T05:54:57","slug":"o-nas","status":"publish","type":"page","link":"https:\/\/chemsfine.com\/cs\/about-us\/","title":{"rendered":"O n\u00e1s"},"content":{"rendered":"<div class=\"col-md-8\">\n<article id=\"entry-30\" class=\"entry post-30 page type-page status-publish hentry\">\n<div class=\"entry-content group\">\n<p style=\"text-align: justify;\">Dobr\u00fd den, jmenuji se <strong>John<\/strong>, a specializuji se na psan\u00ed informa\u010dn\u00edho a propaga\u010dn\u00edho obsahu na \u0161irokou \u0161k\u00e1lu t\u00e9mat, se zvl\u00e1\u0161tn\u00edm zam\u011b\u0159en\u00edm na <strong>v\u00fdzkumn\u00e9 chemik\u00e1lie<\/strong>, <strong>farmaceutick\u00e9 pr\u00e1\u0161ky<\/strong>a dal\u0161\u00ed specializovan\u00e9 oblasti chemick\u00e9ho a v\u011bdeck\u00e9ho pr\u016fmyslu. V pr\u016fb\u011bhu let jsem v\u011bnoval sv\u016fj \u010das a odborn\u00e9 znalosti tomu, abych pomohl jednotlivc\u016fm a podnik\u016fm pochopit slo\u017eitost t\u011bchto l\u00e1tek a z\u00e1rove\u0148 jim poskytl spolehliv\u00e9 a aktu\u00e1ln\u00ed informace, kter\u00fdm mohou d\u016fv\u011b\u0159ovat.<\/p>\n<p style=\"text-align: justify;\">M\u00e1m bohat\u00e9 zku\u0161enosti s v\u011bdeck\u00fdm v\u00fdzkumem a psan\u00edm a m\u00fdm c\u00edlem je p\u0159eklenout propast mezi vysoce odborn\u00fdmi t\u00e9maty a b\u011b\u017en\u00fdmi spot\u0159ebiteli. \u00dazce spolupracuji s odborn\u00edky z r\u016fzn\u00fdch oblast\u00ed, abych zajistila, \u017ee m\u016fj obsah bude p\u0159esn\u00fd, dob\u0159e prozkouman\u00fd a snadno pochopiteln\u00fd pro \u010dten\u00e1\u0159e v\u0161ech \u00farovn\u00ed. A\u0165 u\u017e jste zku\u0161en\u00fd profesion\u00e1l ve farmaceutick\u00e9m nebo chemick\u00e9m pr\u016fmyslu, nebo n\u011bkdo, kdo se t\u011bmito obory teprve za\u010d\u00edn\u00e1 zab\u00fdvat, m\u016fj obsah je p\u0159izp\u016fsoben tak, aby v\u00e1m poskytl pot\u0159ebn\u00e9 informace a znalosti.<\/p>\n<p style=\"text-align: justify;\">Krom\u011b psan\u00ed o <strong>v\u00fdzkumn\u00e9 chemik\u00e1lie<\/strong> a <strong>farmaceutick\u00e9 pr\u00e1\u0161ky<\/strong>, zkoum\u00e1m tak\u00e9 souvisej\u00edc\u00ed oblasti, jako jsou zdravotn\u00ed a wellness produkty, chemick\u00e9 slou\u010deniny pou\u017e\u00edvan\u00e9 ve v\u011bdeck\u00e9m v\u00fdzkumu a pr\u016fmyslov\u00e9 trendy, kter\u00e9 tyto trhy ovliv\u0148uj\u00ed. S nad\u0161en\u00edm poskytuji jasn\u00e9 a stru\u010dn\u00e9 informace, kter\u00e9 pom\u00e1haj\u00ed lidem \u010dinit informovan\u00e1 rozhodnut\u00ed, a\u0165 u\u017e prov\u00e1d\u011bj\u00ed v\u00fdzkum, hledaj\u00ed nov\u00e9 dodavatele nebo se zaj\u00edmaj\u00ed o dal\u0161\u00ed informace o l\u00e1tk\u00e1ch, kter\u00e9 pou\u017e\u00edvaj\u00ed.<\/p>\n<p style=\"text-align: justify;\">C\u00edlem m\u00e9ho psan\u00ed je nejen informovat, ale tak\u00e9 podporovat odpov\u011bdn\u00e9 pou\u017e\u00edv\u00e1n\u00ed a porozum\u011bn\u00ed t\u011bmto produkt\u016fm. V\u011b\u0159\u00edm, \u017ee nab\u00edzen\u00edm kvalitn\u00edho a v\u011bcn\u00e9ho obsahu mohu p\u0159isp\u011bt k bezpe\u010dn\u011bj\u0161\u00ed a informovan\u011bj\u0161\u00ed komunit\u011b spot\u0159ebitel\u016f a odborn\u00edk\u016f. C\u00edlem m\u00e9 pr\u00e1ce je pokr\u00fdt v\u0161echny aspekty tohoto neust\u00e1le se vyv\u00edjej\u00edc\u00edho odv\u011btv\u00ed, od recenz\u00ed v\u00fdrobk\u016f a\u017e po podrobn\u00e9 \u010dl\u00e1nky o nejnov\u011bj\u0161\u00edm v\u00fdvoji v oblasti chemick\u00e9ho v\u00fdzkumu.<\/p>\n<p style=\"text-align: justify;\">Krom\u011b technick\u00e9ho obsahu vytv\u00e1\u0159\u00edm tak\u00e9 poutav\u00e9 propaga\u010dn\u00ed materi\u00e1ly pro firmy p\u016fsob\u00edc\u00ed v oblasti obchodu. <strong>v\u00fdzkumn\u00e9 chemik\u00e1lie<\/strong> a <strong>farmaceutick\u00fd pr\u00e1\u0161ek<\/strong> pr\u016fmyslov\u00e1 odv\u011btv\u00ed. To zahrnuje tvorbu p\u0159esv\u011bd\u010div\u00fdch popis\u016f produkt\u016f, v\u00fdvoj marketingov\u00fdch strategi\u00ed a psan\u00ed obsahu optimalizovan\u00e9ho pro SEO, kter\u00fd pom\u00e1h\u00e1 spole\u010dnostem nav\u00e1zat kontakt s c\u00edlovou skupinou. Zam\u011b\u0159uji se na pomoc firm\u00e1m usp\u011bt t\u00edm, \u017ee jim poskytuji n\u00e1stroje a obsah, kter\u00e9 pot\u0159ebuj\u00ed k rozvoji sv\u00e9 zna\u010dky a k tomu, aby se prosadily jako d\u016fv\u011bryhodn\u00ed hr\u00e1\u010di na trhu.<\/p>\n<p style=\"text-align: justify;\">Kdy\u017e zrovna nep\u00ed\u0161u nebo neprov\u00e1d\u00edm v\u00fdzkum, r\u00e1da sleduji nejnov\u011bj\u0161\u00ed zpr\u00e1vy a trendy v oboru. Neust\u00e1le se u\u010d\u00edm a zdokonaluji sv\u00e9 dovednosti, abych zajistila, \u017ee obsah, kter\u00fd vytv\u00e1\u0159\u00edm, je nejen p\u0159esn\u00fd, ale tak\u00e9 relevantn\u00ed pro dne\u0161n\u00ed rychle se m\u011bn\u00edc\u00ed trh. Moje pr\u00e1ce je odrazem m\u00e9ho odhodl\u00e1n\u00ed k dokonalosti a m\u00e9ho nad\u0161en\u00ed pro t\u00e9mata, kter\u00fdm se v\u011bnuji.<\/p>\n<p style=\"text-align: justify;\">D\u011bkuji v\u00e1m za n\u00e1v\u0161t\u011bvu m\u00fdch str\u00e1nek a douf\u00e1m, \u017ee informace, kter\u00e9 v\u00e1m poskytuji, jsou pro v\u00e1s u\u017eite\u010dn\u00e9 a p\u0159\u00ednosn\u00e9. Pokud m\u00e1te n\u011bjak\u00e9 dotazy nebo chcete podrobn\u011bji probrat konkr\u00e9tn\u00ed t\u00e9mata, nev\u00e1hejte se na m\u011b obr\u00e1tit. V\u017edy se r\u00e1d spoj\u00edm se \u010dten\u00e1\u0159i, v\u00fdzkumn\u00edky a podniky, kte\u0159\u00ed sd\u00edlej\u00ed m\u016fj z\u00e1jem o... <strong>v\u00fdzkumn\u00e9 chemik\u00e1lie<\/strong>, <strong>farmaceutick\u00e9 pr\u00e1\u0161ky<\/strong>a \u0161ir\u0161\u00ed v\u011bdeckou komunitou.<\/p>\n<\/div>\n<\/article>\n<\/div>","protected":false},"excerpt":{"rendered":"<p>Hello, my name is John, and I specialize in writing informative and promotional content on&hellip;<\/p>","protected":false},"author":1,"featured_media":0,"parent":0,"menu_order":0,"comment_status":"closed","ping_status":"closed","template":"","meta":{"_joinchat":[],"footnotes":""},"class_list":["post-1302","page","type-page","status-publish","hentry"],"yoast_head":"<!-- This site is optimized with the Yoast SEO plugin v27.2 - https:\/\/yoast.com\/product\/yoast-seo-wordpress\/ -->\n<title>Drugs - Chemsfine<\/title>\n<meta name=\"description\" content=\"Drugs, Providing accurate, impartial information on more than 24000 prescription drugs and OTC medications.\" \/>\n<meta name=\"robots\" content=\"index, follow, max-snippet:-1, max-image-preview:large, max-video-preview:-1\" \/>\n<link rel=\"canonical\" href=\"https:\/\/chemsfine.com\/cs\/o-nas\/\" \/>\n<meta property=\"og:locale\" content=\"cs_CZ\" \/>\n<meta property=\"og:type\" content=\"article\" \/>\n<meta property=\"og:title\" content=\"Drugs - Chemsfine\" \/>\n<meta property=\"og:description\" content=\"Drugs, Providing accurate, impartial information on more than 24000 prescription drugs and OTC medications.\" \/>\n<meta property=\"og:url\" content=\"https:\/\/chemsfine.com\/cs\/o-nas\/\" \/>\n<meta property=\"og:site_name\" content=\"Chemsfine\" \/>\n<meta property=\"article:modified_time\" content=\"2024-10-07T05:54:57+00:00\" \/>\n<meta name=\"twitter:card\" content=\"summary_large_image\" \/>\n<meta name=\"twitter:label1\" content=\"Odhadovan\u00e1 doba \u010dten\u00ed\" \/>\n\t<meta name=\"twitter:data1\" content=\"3 minuty\" \/>\n<script type=\"application\/ld+json\" class=\"yoast-schema-graph\">{\"@context\":\"https:\/\/schema.org\",\"@graph\":[{\"@type\":\"WebPage\",\"@id\":\"https:\/\/chemsfine.com\/about-us\/\",\"url\":\"https:\/\/chemsfine.com\/about-us\/\",\"name\":\"Drugs - Chemsfine\",\"isPartOf\":{\"@id\":\"https:\/\/chemsfine.com\/#website\"},\"datePublished\":\"2024-10-07T05:50:02+00:00\",\"dateModified\":\"2024-10-07T05:54:57+00:00\",\"description\":\"Drugs, Providing accurate, impartial information on more than 24000 prescription drugs and OTC medications.\",\"breadcrumb\":{\"@id\":\"https:\/\/chemsfine.com\/about-us\/#breadcrumb\"},\"inLanguage\":\"cs\",\"potentialAction\":[{\"@type\":\"ReadAction\",\"target\":[\"https:\/\/chemsfine.com\/about-us\/\"]}]},{\"@type\":\"BreadcrumbList\",\"@id\":\"https:\/\/chemsfine.com\/about-us\/#breadcrumb\",\"itemListElement\":[{\"@type\":\"ListItem\",\"position\":1,\"name\":\"Home\",\"item\":\"https:\/\/chemsfine.com\/\"},{\"@type\":\"ListItem\",\"position\":2,\"name\":\"About us\"}]},{\"@type\":\"WebSite\",\"@id\":\"https:\/\/chemsfine.com\/#website\",\"url\":\"https:\/\/chemsfine.com\/\",\"name\":\"Chemsfine\",\"description\":\"My WordPress Blog\",\"publisher\":{\"@id\":\"https:\/\/chemsfine.com\/#organization\"},\"potentialAction\":[{\"@type\":\"SearchAction\",\"target\":{\"@type\":\"EntryPoint\",\"urlTemplate\":\"https:\/\/chemsfine.com\/?s={search_term_string}\"},\"query-input\":{\"@type\":\"PropertyValueSpecification\",\"valueRequired\":true,\"valueName\":\"search_term_string\"}}],\"inLanguage\":\"cs\"},{\"@type\":\"Organization\",\"@id\":\"https:\/\/chemsfine.com\/#organization\",\"name\":\"Chemsfine\",\"url\":\"https:\/\/chemsfine.com\/\",\"logo\":{\"@type\":\"ImageObject\",\"inLanguage\":\"cs\",\"@id\":\"https:\/\/chemsfine.com\/#\/schema\/logo\/image\/\",\"url\":\"https:\/\/chemsfine.com\/wp-content\/uploads\/2024\/09\/final-logo.png\",\"contentUrl\":\"https:\/\/chemsfine.com\/wp-content\/uploads\/2024\/09\/final-logo.png\",\"width\":340,\"height\":72,\"caption\":\"Chemsfine\"},\"image\":{\"@id\":\"https:\/\/chemsfine.com\/#\/schema\/logo\/image\/\"}}]}<\/script>\n<!-- \/ Yoast SEO plugin. -->","yoast_head_json":{"title":"L\u00e9ky - Chemsfine","description":"L\u00e9ky, Poskytov\u00e1n\u00ed p\u0159esn\u00fdch a nestrann\u00fdch informac\u00ed o v\u00edce ne\u017e 24 000 l\u00e9c\u00edch na p\u0159edpis a voln\u011b prodejn\u00fdch l\u00e9c\u00edch.","robots":{"index":"index","follow":"follow","max-snippet":"max-snippet:-1","max-image-preview":"max-image-preview:large","max-video-preview":"max-video-preview:-1"},"canonical":"https:\/\/chemsfine.com\/cs\/o-nas\/","og_locale":"cs_CZ","og_type":"article","og_title":"Drugs - Chemsfine","og_description":"Drugs, Providing accurate, impartial information on more than 24000 prescription drugs and OTC medications.","og_url":"https:\/\/chemsfine.com\/cs\/o-nas\/","og_site_name":"Chemsfine","article_modified_time":"2024-10-07T05:54:57+00:00","twitter_card":"summary_large_image","twitter_misc":{"Odhadovan\u00e1 doba \u010dten\u00ed":"3 minuty"},"schema":{"@context":"https:\/\/schema.org","@graph":[{"@type":"WebPage","@id":"https:\/\/chemsfine.com\/about-us\/","url":"https:\/\/chemsfine.com\/about-us\/","name":"L\u00e9ky - Chemsfine","isPartOf":{"@id":"https:\/\/chemsfine.com\/#website"},"datePublished":"2024-10-07T05:50:02+00:00","dateModified":"2024-10-07T05:54:57+00:00","description":"L\u00e9ky, Poskytov\u00e1n\u00ed p\u0159esn\u00fdch a nestrann\u00fdch informac\u00ed o v\u00edce ne\u017e 24 000 l\u00e9c\u00edch na p\u0159edpis a voln\u011b prodejn\u00fdch l\u00e9c\u00edch.","breadcrumb":{"@id":"https:\/\/chemsfine.com\/about-us\/#breadcrumb"},"inLanguage":"cs","potentialAction":[{"@type":"ReadAction","target":["https:\/\/chemsfine.com\/about-us\/"]}]},{"@type":"BreadcrumbList","@id":"https:\/\/chemsfine.com\/about-us\/#breadcrumb","itemListElement":[{"@type":"ListItem","position":1,"name":"Home","item":"https:\/\/chemsfine.com\/"},{"@type":"ListItem","position":2,"name":"About us"}]},{"@type":"WebSite","@id":"https:\/\/chemsfine.com\/#website","url":"https:\/\/chemsfine.com\/","name":"Chemsfine","description":"M\u016fj blog WordPress","publisher":{"@id":"https:\/\/chemsfine.com\/#organization"},"potentialAction":[{"@type":"SearchAction","target":{"@type":"EntryPoint","urlTemplate":"https:\/\/chemsfine.com\/?s={search_term_string}"},"query-input":{"@type":"PropertyValueSpecification","valueRequired":true,"valueName":"search_term_string"}}],"inLanguage":"cs"},{"@type":"Organization","@id":"https:\/\/chemsfine.com\/#organization","name":"Chemsfine","url":"https:\/\/chemsfine.com\/","logo":{"@type":"ImageObject","inLanguage":"cs","@id":"https:\/\/chemsfine.com\/#\/schema\/logo\/image\/","url":"https:\/\/chemsfine.com\/wp-content\/uploads\/2024\/09\/final-logo.png","contentUrl":"https:\/\/chemsfine.com\/wp-content\/uploads\/2024\/09\/final-logo.png","width":340,"height":72,"caption":"Chemsfine"},"image":{"@id":"https:\/\/chemsfine.com\/#\/schema\/logo\/image\/"}}]}},"rttpg_featured_image_url":null,"rttpg_author":{"display_name":"chemsflog18","author_link":"https:\/\/chemsfine.com\/cs\/author\/chemsflog18\/"},"rttpg_comment":0,"rttpg_category":null,"rttpg_excerpt":"Hello, my name is John, and I specialize in writing informative and promotional content on&hellip;","_links":{"self":[{"href":"https:\/\/chemsfine.com\/cs\/wp-json\/wp\/v2\/pages\/1302","targetHints":{"allow":["GET"]}}],"collection":[{"href":"https:\/\/chemsfine.com\/cs\/wp-json\/wp\/v2\/pages"}],"about":[{"href":"https:\/\/chemsfine.com\/cs\/wp-json\/wp\/v2\/types\/page"}],"author":[{"embeddable":true,"href":"https:\/\/chemsfine.com\/cs\/wp-json\/wp\/v2\/users\/1"}],"replies":[{"embeddable":true,"href":"https:\/\/chemsfine.com\/cs\/wp-json\/wp\/v2\/comments?post=1302"}],"version-history":[{"count":0,"href":"https:\/\/chemsfine.com\/cs\/wp-json\/wp\/v2\/pages\/1302\/revisions"}],"wp:attachment":[{"href":"https:\/\/chemsfine.com\/cs\/wp-json\/wp\/v2\/media?parent=1302"}],"curies":[{"name":"wp","href":"https:\/\/api.w.org\/{rel}","templated":true}]}}