{"id":1681,"date":"2025-06-17T08:53:36","date_gmt":"2025-06-17T08:53:36","guid":{"rendered":"https:\/\/chemsfine.com\/?post_type=product&#038;p=1681"},"modified":"2026-03-25T15:28:49","modified_gmt":"2026-03-25T15:28:49","slug":"buy-alpha-pvp","status":"publish","type":"product","link":"https:\/\/chemsfine.com\/cs\/product\/buy-alpha-pvp\/","title":{"rendered":"Koupit Alpha PvP Online | High-Purity Research Chemical"},"content":{"rendered":"<h2><b>Koupit Alpha PvP online - vysok\u00e1 \u010distota a rychl\u00e9 dod\u00e1n\u00ed<\/b><\/h2>\n<p>Pro v\u00fdzkumn\u00e9 pracovn\u00edky a v\u011bdce, kte\u0159\u00ed hledaj\u00ed spolehliv\u00fd a siln\u00fd syntetick\u00fd stimulant, nab\u00edz\u00edme na\u0161e <b>Alpha PvP na prodej<\/b> je tou nejlep\u0161\u00ed volbou. Tato v\u00fdzkumn\u00e1 chemick\u00e1 l\u00e1tka, jej\u00ed\u017e zdroj se vyzna\u010duje v\u00fdjime\u010dnou \u010distotou a konzistenc\u00ed, je navr\u017eena tak, aby spl\u0148ovala p\u0159\u00edsn\u00e9 po\u017eadavky laboratorn\u00edch podm\u00ednek. Kdy\u017e si koup\u00edte Alpha PvP od spole\u010dnosti chemsfine, investujete do \u0161pi\u010dkov\u00e9 slou\u010deniny, za kterou stoj\u00ed p\u0159\u00edsn\u00e1 kontrola kvality a specializovan\u00e1 z\u00e1kaznick\u00e1 podpora. Poskytujeme bezprobl\u00e9mov\u00fd a bezpe\u010dn\u00fd n\u00e1kup a zaji\u0161\u0165ujeme, \u017ee sv\u00e9 materi\u00e1ly obdr\u017e\u00edte rychle a diskr\u00e9tn\u011b pro nep\u0159eru\u0161ovan\u00fd v\u00fdzkum.<\/p>\n<h3><b>Co je Alpha PVP?<\/b><\/h3>\n<p>Alfa PVP (\u03b1-pyrrolidinopentiofenon) je siln\u00fd syntetick\u00fd stimulant ze skupiny katinon\u016f, kter\u00fd je ve v\u00fdzkumn\u00fdch souvislostech zn\u00e1m\u00fd sv\u00fdmi v\u00fdrazn\u00fdmi energizuj\u00edc\u00edmi a euforizuj\u00edc\u00edmi \u00fa\u010dinky. \u0160pi\u010dkov\u00fd alfa PVP, \u010dasto srovn\u00e1van\u00fd s jin\u00fdmi siln\u00fdmi deriv\u00e1ty pyrovaleronu, je \u0161iroce vyu\u017e\u00edv\u00e1n pro svou schopnost vyvolat intenzivn\u00ed ment\u00e1ln\u00ed stimulaci, zv\u00fd\u0161it soust\u0159ed\u011bn\u00ed a v kontrolovan\u00fdch studi\u00edch zv\u00fd\u0161it markery souvisej\u00edc\u00ed s n\u00e1ladou. Jako v\u00fdznamn\u00e1 v\u00fdzkumn\u00e1 chemick\u00e1 l\u00e1tka se pou\u017e\u00edv\u00e1 p\u0159edev\u0161\u00edm ve v\u011bdeck\u00fdch a forenzn\u00edch laborato\u0159\u00edch, a\u010dkoli si z\u00edskala pozornost i u jednotlivc\u016f zkoumaj\u00edc\u00edch alternativn\u00ed psychoaktivn\u00ed z\u00e1\u017eitky. D\u00edky sv\u00e9 vysok\u00e9 \u00fa\u010dinnosti m\u016f\u017ee i minim\u00e1ln\u00ed mno\u017estv\u00ed alfa PvP vyvolat rychl\u00e9 a dlouhotrvaj\u00edc\u00ed \u00fa\u010dinky, co\u017e z n\u011bj \u010din\u00ed obl\u00edbenou slou\u010deninu pro v\u00fdzkumn\u00edky zkoumaj\u00edc\u00ed zv\u00fd\u0161en\u00e9 smyslov\u00e9 vn\u00edm\u00e1n\u00ed nebo zv\u00fd\u0161enou bd\u011blost.<\/p>\n<p>Pokud hled\u00e1te vysoce kvalitn\u00ed Alpha PvP za bezkonkuren\u010dn\u00ed ceny, m\u016f\u017eete si <b>koupit Alpha PvP online<\/b> dnes z d\u016fv\u011bryhodn\u00e9ho a bezpe\u010dn\u00e9ho zdroje, kter\u00fd nab\u00edz\u00ed diskr\u00e9tn\u00ed p\u0159epravu a laboratorn\u011b testovan\u00e9 produkty. Poskytujeme pr\u00e9miov\u00e9 <b>Alpha PvP na prodej<\/b>, \u010d\u00edm\u017e je zaji\u0161t\u011bna nejvy\u0161\u0161\u00ed \u010distota a konzistence. A\u0165 u\u017e jste zku\u0161en\u00fd v\u00fdzkumn\u00fd pracovn\u00edk nebo instituce, na\u0161e platforma je <b>nejlep\u0161\u00ed m\u00edsto pro n\u00e1kup Alpha PvP online<\/b>. Ne\u010dekejte.<b>shop Alpha PvP online<\/b> nyn\u00ed a z\u00edskat \u0161pi\u010dkov\u00fd stimulant s rychl\u00fdm dod\u00e1n\u00edm a vynikaj\u00edc\u00ed z\u00e1kaznickou podporou.<\/p>\n<h3><b>Pro\u010d koupit Alpha PvP Online od n\u00e1s?<\/b><\/h3>\n<p>Ve spole\u010dnosti chemsfine klademe d\u016fraz p\u0159edev\u0161\u00edm na bezpe\u010dnost, kvalitu a naprostou spokojenost z\u00e1kazn\u00edk\u016f. Kdy\u017e <b>koupit Alpha PvP online<\/b> z na\u0161\u00ed platformy, m\u00e1te z\u00e1ruku, \u017ee se jedn\u00e1 o laboratorn\u011b testovan\u00fd produkt, kter\u00fd spl\u0148uje a p\u0159ekra\u010duje p\u0159\u00edsn\u00e9 normy \u010distoty. Ch\u00e1peme d\u016fle\u017eitost spolehliv\u00fdch slou\u010denin ve v\u00fdzkumu, a proto je ka\u017ed\u00e1 \u0161ar\u017ee na\u0161eho Alpha PvP ov\u011b\u0159ov\u00e1na z hlediska chemick\u00e9 integrity. D\u00edky na\u0161emu zjednodu\u0161en\u00e9mu procesu objedn\u00e1v\u00e1n\u00ed, v\u00fdjime\u010dn\u011b diskr\u00e9tn\u00edmu balen\u00ed a n\u011bkolika mo\u017enostem bezpe\u010dn\u00e9 platby jsme <b>nejlep\u0161\u00ed m\u00edsto pro objedn\u00e1n\u00ed Alpha PvP online<\/b>. V\u00e1\u017e\u00edme si va\u0161\u00ed d\u016fv\u011bry a zavazujeme se nab\u00edzet bezkonkuren\u010dn\u00ed slu\u017eby a konzistenci produkt\u016f p\u0159i ka\u017ed\u00e9m n\u00e1kupu, co\u017e z n\u00e1s d\u011bl\u00e1 nejlep\u0161\u00edho prodejce autentick\u00fdch Alpha PvP.<\/p>\n<h3><b>P\u016fvod a chemick\u00fd profil<\/b><\/h3>\n<p>Alfa PvP je syntetick\u00fd katinon odvozen\u00fd od beta-ketonov\u00e9ho analogu pyrovaleronu, psychoaktivn\u00edho alkaloidu. Tato slou\u010denina, p\u016fvodn\u011b syntetizovan\u00e1 pro v\u011bdeck\u00fd v\u00fdzkum, interaguje p\u0159\u00edmo s centr\u00e1ln\u00edm nervov\u00fdm syst\u00e9mem a vyvol\u00e1v\u00e1 tak sv\u00e9 siln\u00e9 stimula\u010dn\u00ed \u00fa\u010dinky. Jej\u00edm prim\u00e1rn\u00edm mechanismem \u00fa\u010dinku je siln\u00fd inhibitor zp\u011btn\u00e9ho vychyt\u00e1v\u00e1n\u00ed noradrenalinu a dopaminu (NDRI). Blokov\u00e1n\u00edm zp\u011btn\u00e9ho vychyt\u00e1v\u00e1n\u00ed t\u011bchto kl\u00ed\u010dov\u00fdch neurotransmiter\u016f zvy\u0161uje Alpha PvP jejich extracelul\u00e1rn\u00ed koncentrace, co\u017e vede ke zv\u00fd\u0161en\u00ed bd\u011blosti, v\u00fdrazn\u00e9mu zv\u00fd\u0161en\u00ed fyzick\u00e9 energie a zost\u0159en\u00ed pozornosti. Pr\u00e1v\u011b d\u00edky t\u00e9to specifick\u00e9 neurochemick\u00e9 aktivit\u011b je p\u0159edm\u011btem velk\u00e9ho z\u00e1jmu farmakologie a neurov\u011bd.<\/p>\n<h3><b>Pou\u017eit\u00ed Alpha PVP<\/b><\/h3>\n<p>Alfa PvP je prim\u00e1rn\u011b ur\u010dena pro v\u011bdeck\u00fd, akademick\u00fd a forenzn\u00ed v\u00fdzkum, ale pro sv\u00e9 siln\u00e9 psychostimula\u010dn\u00ed vlastnosti je obl\u00edben\u00e1 i p\u0159i kontrolovan\u00e9m osobn\u00edm zkoum\u00e1n\u00ed. Mezi jeho b\u011b\u017en\u00e9 oblasti zkoum\u00e1n\u00ed pat\u0159\u00ed:<\/p>\n<ul>\n<li>Studium mechanism\u016f zv\u00fd\u0161en\u00e9 du\u0161evn\u00ed bd\u011blosti<\/li>\n<li>V\u00fdzkum cest ke zv\u00fd\u0161en\u00ed energie a v\u00fddr\u017ee<\/li>\n<li>Zkoum\u00e1n\u00ed neurochemick\u00fdch zdroj\u016f zv\u00fd\u0161en\u00e9 n\u00e1lady a euforie<\/li>\n<li>Anal\u00fdza jeho \u00fa\u010dink\u016f na lep\u0161\u00ed soust\u0159ed\u011bn\u00ed a koncentraci<\/li>\n<li>Zkoum\u00e1n\u00ed jeho potenci\u00e1lu pro kr\u00e1tkodob\u00e9 zlep\u0161en\u00ed kognitivn\u00edch funkc\u00ed<\/li>\n<\/ul>\n<h3><b>V\u00fdhody n\u00e1kupu Alpha PVP Online<\/b><\/h3>\n<p>N\u00e1kup z renomovan\u00e9ho online zdroje p\u0159in\u00e1\u0161\u00ed n\u00e1ro\u010dn\u00fdm badatel\u016fm \u0159adu v\u00fdhod. Kdy\u017e si u n\u00e1s objedn\u00e1te Alpha PvP, z\u00edsk\u00e1te:<\/p>\n<ul>\n<li>Zaru\u010den\u00fd p\u0159\u00edstup k <b>vysoce \u010dist\u00fd, laboratorn\u011b testovan\u00fd Alpha PvP<\/b><\/li>\n<li>Rychl\u00e1, spolehliv\u00e1 a diskr\u00e9tn\u00ed doprava po cel\u00e9m sv\u011bt\u011b<\/li>\n<li>Schopnost <b>koupit levn\u011b Alpha PvP online<\/b> ani\u017e by byla ob\u011btov\u00e1na kvalita<\/li>\n<li>Bezpe\u010dn\u00e9 transakce chr\u00e1n\u011bn\u00e9 d\u016fv\u011bryhodn\u00fdmi platebn\u00edmi branami<\/li>\n<li>Odezva z\u00e1kaznick\u00e9ho servisu a profesion\u00e1ln\u00ed podpora p\u0159i zm\u011bn\u011b objedn\u00e1vky<\/li>\n<\/ul>\n<h3><b>V\u00fdb\u011br spr\u00e1vn\u00e9ho prodejce<\/b><\/h3>\n<p>V\u00fdb\u011br spr\u00e1vn\u00e9ho dodavatele je rozhoduj\u00edc\u00ed pro zaji\u0161t\u011bn\u00ed bezpe\u010dn\u00fdch, \u010dist\u00fdch a \u00fa\u010dinn\u00fdch produkt\u016f pro v\u00e1\u0161 v\u00fdzkum. Zde je popis toho, co z n\u00e1s d\u011bl\u00e1 ide\u00e1ln\u00ed volbu, kdy\u017e chcete <b>koupit Alpha PvP online<\/b>:<\/p>\n<h4><b>Laboratorn\u011b testovan\u00e9 produkty<\/b><\/h4>\n<p>V\u011b\u0159\u00edme v plnou transparentnost. Prod\u00e1v\u00e1me pouze produkty, jejich\u017e \u010distota a kvalita byla nez\u00e1visle ov\u011b\u0159ena. K dispozici jsou certifik\u00e1ty anal\u00fdzy, kter\u00e9 potvrzuj\u00ed bezpe\u010dnost a chemick\u00e9 slo\u017een\u00ed na\u0161eho Alpha PvP.<\/p>\n<h4><b>Spolehliv\u00e9 z\u00e1sady p\u0159epravy<\/b><\/h4>\n<p>D\u016fv\u011bryhodn\u00fd dodavatel poskytuje spolehlivou logistiku. Nab\u00edz\u00edme rychlou, diskr\u00e9tn\u00ed a sledovatelnou p\u0159epravu po cel\u00e9m sv\u011bt\u011b, abychom zajistili ochranu va\u0161eho soukrom\u00ed a rychl\u00e9 doru\u010den\u00ed, kter\u00e9 umo\u017en\u00ed, aby va\u0161e pr\u00e1ce prob\u00edhala bez prodlen\u00ed.<\/p>\n<h4><b>Bezpe\u010dn\u00e9 platebn\u00ed metody<\/b><\/h4>\n<p>Va\u0161e bezpe\u010dnost je nejd\u016fle\u017eit\u011bj\u0161\u00ed. Vyu\u017e\u00edv\u00e1me pln\u011b \u0161ifrovan\u00e9 platebn\u00ed syst\u00e9my a nab\u00edz\u00edme \u0159adu bezpe\u010dn\u00fdch metod, kter\u00e9 chr\u00e1n\u00ed va\u0161e finan\u010dn\u00ed \u00fadaje a osobn\u00ed identitu v pr\u016fb\u011bhu cel\u00e9ho procesu transakce.<\/p>\n<h3><b>Z\u00e1v\u011br<\/b><\/h3>\n<p>Alfa PvP z\u016fst\u00e1v\u00e1 vysoce \u00fa\u010dinnou v\u00fdzkumnou l\u00e1tkou zn\u00e1mou pro sv\u00e9 spolehliv\u00e9 stimula\u010dn\u00ed \u00fa\u010dinky a zna\u010dn\u00fd v\u011bdeck\u00fd z\u00e1jem. Kdy\u017e <b>objednat Alpha PvP online<\/b> od renomovan\u00e9ho dodavatele, jako je chemsfine, m\u00e1te jistotu st\u00e1l\u00e9ho v\u00fdkonu a ov\u011b\u0159en\u00e9 \u010distoty. Tento z\u00e1vazek ke kvalit\u011b zaru\u010duje, \u017ee a\u0165 u\u017e jste v\u00fdzkumn\u00fd pracovn\u00edk nebo zodpov\u011bdn\u00fd koncov\u00fd u\u017eivatel, z\u00edsk\u00e1te p\u0159i n\u00e1kupu maxim\u00e1ln\u00ed hodnotu a jistotu.<\/p>\n<h3><b>Z\u00e1v\u011bre\u010dn\u00e9 doporu\u010den\u00ed<\/b><\/h3>\n<p>Pokud hled\u00e1te spolehliv\u00e9 a vysoce kvalitn\u00ed stimula\u010dn\u00ed chemick\u00e9 l\u00e1tky, d\u016frazn\u011b v\u00e1m doporu\u010dujeme. <b>koupit Alpha PvP online<\/b> z na\u0161\u00ed ov\u011b\u0159en\u00e9 platformy je\u0161t\u011b dnes. S na\u0161\u00ed pr\u00e9miovou <b>Alpha PvP na prodej<\/b> za konkurenceschopn\u00e9 ceny a n\u00e1\u0161 z\u00e1vazek k pln\u00e9 transparentnosti produkt\u016f, jsme va\u0161\u00ed nejlep\u0161\u00ed volbou pro bezpe\u010dn\u00e9 a efektivn\u00ed transakce. Nespokojte se s ni\u017e\u0161\u00ed cenou...<b>shop Alpha PvP online<\/b> a u\u017eijte si klid, rychl\u00e9 dod\u00e1n\u00ed a odbornou podporu.<\/p>","protected":false},"excerpt":{"rendered":"<p>P\u0159i pohledu na <b>koupit Alpha PvP online<\/b>? chemsfine nab\u00edz\u00ed k prodeji vysoce kvalitn\u00ed a \u010dist\u00fd alfa PvP, ide\u00e1ln\u00ed pro v\u011bdeck\u00fd a laboratorn\u00ed v\u00fdzkum. N\u00e1\u0161 produkt je laboratorn\u011b testov\u00e1n, aby byla zaji\u0161t\u011bna konzistence a spolehlivost pro va\u0161e pokro\u010dil\u00e9 v\u00fdzkumn\u00e9 aplikace.<\/p>","protected":false},"featured_media":1904,"comment_status":"closed","ping_status":"closed","template":"","meta":{"_joinchat":[]},"product_brand":[],"product_cat":[435],"product_tag":[],"class_list":{"0":"post-1681","1":"product","2":"type-product","3":"status-publish","4":"has-post-thumbnail","6":"product_cat-synthetic-cathinones","8":"first","9":"instock","10":"shipping-taxable","11":"purchasable","12":"product-type-variable"},"yoast_head":"<!-- This site is optimized with the Yoast SEO plugin v27.2 - https:\/\/yoast.com\/product\/yoast-seo-wordpress\/ -->\n<title>Buy Alpha PvP Online \u2013 High-Purity Stimulant For Sale<\/title>\n<meta name=\"description\" content=\"Buy Alpha PvP online from chemsfine, a trusted source for high-purity research chemicals. We offer lab-tested Alpha PvP for sale with fast, discreet shipping.\" \/>\n<meta name=\"robots\" content=\"index, follow, max-snippet:-1, max-image-preview:large, max-video-preview:-1\" \/>\n<link rel=\"canonical\" href=\"https:\/\/chemsfine.com\/cs\/produkt\/buy-alpha-pvp\/\" \/>\n<meta property=\"og:locale\" content=\"cs_CZ\" \/>\n<meta property=\"og:type\" content=\"article\" \/>\n<meta property=\"og:title\" content=\"Buy Alpha PvP Online \u2013 High-Purity Stimulant For Sale\" \/>\n<meta property=\"og:description\" content=\"Buy Alpha PvP online from chemsfine, a trusted source for high-purity research chemicals. We offer lab-tested Alpha PvP for sale with fast, discreet shipping.\" \/>\n<meta property=\"og:url\" content=\"https:\/\/chemsfine.com\/cs\/produkt\/buy-alpha-pvp\/\" \/>\n<meta property=\"og:site_name\" content=\"Chemsfine\" \/>\n<meta property=\"article:modified_time\" content=\"2026-03-25T15:28:49+00:00\" \/>\n<meta property=\"og:image\" content=\"https:\/\/chemsfine.com\/wp-content\/uploads\/2025\/06\/Alpha-PvP-1kg.jpg\" \/>\n\t<meta property=\"og:image:width\" content=\"600\" \/>\n\t<meta property=\"og:image:height\" content=\"600\" \/>\n\t<meta property=\"og:image:type\" content=\"image\/jpeg\" \/>\n<meta name=\"twitter:card\" content=\"summary_large_image\" \/>\n<meta name=\"twitter:label1\" content=\"Odhadovan\u00e1 doba \u010dten\u00ed\" \/>\n\t<meta name=\"twitter:data1\" content=\"3 minuty\" \/>\n<script type=\"application\/ld+json\" class=\"yoast-schema-graph\">{\"@context\":\"https:\/\/schema.org\",\"@graph\":[{\"@type\":\"WebPage\",\"@id\":\"https:\/\/chemsfine.com\/product\/buy-alpha-pvp\/\",\"url\":\"https:\/\/chemsfine.com\/product\/buy-alpha-pvp\/\",\"name\":\"Buy Alpha PvP Online \u2013 High-Purity Stimulant For Sale\",\"isPartOf\":{\"@id\":\"https:\/\/chemsfine.com\/#website\"},\"primaryImageOfPage\":{\"@id\":\"https:\/\/chemsfine.com\/product\/buy-alpha-pvp\/#primaryimage\"},\"image\":{\"@id\":\"https:\/\/chemsfine.com\/product\/buy-alpha-pvp\/#primaryimage\"},\"thumbnailUrl\":\"https:\/\/chemsfine.com\/wp-content\/uploads\/2025\/06\/Alpha-PvP-1kg.jpg\",\"datePublished\":\"2025-06-17T08:53:36+00:00\",\"dateModified\":\"2026-03-25T15:28:49+00:00\",\"description\":\"Buy Alpha PvP online from chemsfine, a trusted source for high-purity research chemicals. We offer lab-tested Alpha PvP for sale with fast, discreet shipping.\",\"breadcrumb\":{\"@id\":\"https:\/\/chemsfine.com\/product\/buy-alpha-pvp\/#breadcrumb\"},\"inLanguage\":\"cs\",\"potentialAction\":[{\"@type\":\"ReadAction\",\"target\":[\"https:\/\/chemsfine.com\/product\/buy-alpha-pvp\/\"]}]},{\"@type\":\"ImageObject\",\"inLanguage\":\"cs\",\"@id\":\"https:\/\/chemsfine.com\/product\/buy-alpha-pvp\/#primaryimage\",\"url\":\"https:\/\/chemsfine.com\/wp-content\/uploads\/2025\/06\/Alpha-PvP-1kg.jpg\",\"contentUrl\":\"https:\/\/chemsfine.com\/wp-content\/uploads\/2025\/06\/Alpha-PvP-1kg.jpg\",\"width\":600,\"height\":600,\"caption\":\"Alpha-PvP\"},{\"@type\":\"BreadcrumbList\",\"@id\":\"https:\/\/chemsfine.com\/product\/buy-alpha-pvp\/#breadcrumb\",\"itemListElement\":[{\"@type\":\"ListItem\",\"position\":1,\"name\":\"Home\",\"item\":\"https:\/\/chemsfine.com\/\"},{\"@type\":\"ListItem\",\"position\":2,\"name\":\"Shop\",\"item\":\"https:\/\/chemsfine.com\/shop\/\"},{\"@type\":\"ListItem\",\"position\":3,\"name\":\"Buy Alpha PvP Online | High-Purity Research Chemical\"}]},{\"@type\":\"WebSite\",\"@id\":\"https:\/\/chemsfine.com\/#website\",\"url\":\"https:\/\/chemsfine.com\/\",\"name\":\"Chemsfine\",\"description\":\"My WordPress Blog\",\"publisher\":{\"@id\":\"https:\/\/chemsfine.com\/#organization\"},\"potentialAction\":[{\"@type\":\"SearchAction\",\"target\":{\"@type\":\"EntryPoint\",\"urlTemplate\":\"https:\/\/chemsfine.com\/?s={search_term_string}\"},\"query-input\":{\"@type\":\"PropertyValueSpecification\",\"valueRequired\":true,\"valueName\":\"search_term_string\"}}],\"inLanguage\":\"cs\"},{\"@type\":\"Organization\",\"@id\":\"https:\/\/chemsfine.com\/#organization\",\"name\":\"Chemsfine\",\"url\":\"https:\/\/chemsfine.com\/\",\"logo\":{\"@type\":\"ImageObject\",\"inLanguage\":\"cs\",\"@id\":\"https:\/\/chemsfine.com\/#\/schema\/logo\/image\/\",\"url\":\"https:\/\/chemsfine.com\/wp-content\/uploads\/2024\/09\/final-logo.png\",\"contentUrl\":\"https:\/\/chemsfine.com\/wp-content\/uploads\/2024\/09\/final-logo.png\",\"width\":340,\"height\":72,\"caption\":\"Chemsfine\"},\"image\":{\"@id\":\"https:\/\/chemsfine.com\/#\/schema\/logo\/image\/\"}}]}<\/script>\n<!-- \/ Yoast SEO plugin. -->","yoast_head_json":{"title":"Buy Alpha PvP Online - vysoce \u010dist\u00fd stimulant na prodej","description":"Kupte si Alpha PvP online od chemsfine, d\u016fv\u011bryhodn\u00e9ho zdroje vysoce \u010dist\u00fdch v\u00fdzkumn\u00fdch chemik\u00e1li\u00ed. Nab\u00edz\u00edme laboratorn\u011b testovan\u00fd Alpha PvP na prodej s rychlou a diskr\u00e9tn\u00ed p\u0159epravou.","robots":{"index":"index","follow":"follow","max-snippet":"max-snippet:-1","max-image-preview":"max-image-preview:large","max-video-preview":"max-video-preview:-1"},"canonical":"https:\/\/chemsfine.com\/cs\/produkt\/buy-alpha-pvp\/","og_locale":"cs_CZ","og_type":"article","og_title":"Buy Alpha PvP Online \u2013 High-Purity Stimulant For Sale","og_description":"Buy Alpha PvP online from chemsfine, a trusted source for high-purity research chemicals. We offer lab-tested Alpha PvP for sale with fast, discreet shipping.","og_url":"https:\/\/chemsfine.com\/cs\/produkt\/buy-alpha-pvp\/","og_site_name":"Chemsfine","article_modified_time":"2026-03-25T15:28:49+00:00","og_image":[{"width":600,"height":600,"url":"https:\/\/chemsfine.com\/wp-content\/uploads\/2025\/06\/Alpha-PvP-1kg.jpg","type":"image\/jpeg"}],"twitter_card":"summary_large_image","twitter_misc":{"Odhadovan\u00e1 doba \u010dten\u00ed":"3 minuty"},"schema":{"@context":"https:\/\/schema.org","@graph":[{"@type":"WebPage","@id":"https:\/\/chemsfine.com\/product\/buy-alpha-pvp\/","url":"https:\/\/chemsfine.com\/product\/buy-alpha-pvp\/","name":"Buy Alpha PvP Online - vysoce \u010dist\u00fd stimulant na prodej","isPartOf":{"@id":"https:\/\/chemsfine.com\/#website"},"primaryImageOfPage":{"@id":"https:\/\/chemsfine.com\/product\/buy-alpha-pvp\/#primaryimage"},"image":{"@id":"https:\/\/chemsfine.com\/product\/buy-alpha-pvp\/#primaryimage"},"thumbnailUrl":"https:\/\/chemsfine.com\/wp-content\/uploads\/2025\/06\/Alpha-PvP-1kg.jpg","datePublished":"2025-06-17T08:53:36+00:00","dateModified":"2026-03-25T15:28:49+00:00","description":"Kupte si Alpha PvP online od chemsfine, d\u016fv\u011bryhodn\u00e9ho zdroje vysoce \u010dist\u00fdch v\u00fdzkumn\u00fdch chemik\u00e1li\u00ed. Nab\u00edz\u00edme laboratorn\u011b testovan\u00fd Alpha PvP na prodej s rychlou a diskr\u00e9tn\u00ed p\u0159epravou.","breadcrumb":{"@id":"https:\/\/chemsfine.com\/product\/buy-alpha-pvp\/#breadcrumb"},"inLanguage":"cs","potentialAction":[{"@type":"ReadAction","target":["https:\/\/chemsfine.com\/product\/buy-alpha-pvp\/"]}]},{"@type":"ImageObject","inLanguage":"cs","@id":"https:\/\/chemsfine.com\/product\/buy-alpha-pvp\/#primaryimage","url":"https:\/\/chemsfine.com\/wp-content\/uploads\/2025\/06\/Alpha-PvP-1kg.jpg","contentUrl":"https:\/\/chemsfine.com\/wp-content\/uploads\/2025\/06\/Alpha-PvP-1kg.jpg","width":600,"height":600,"caption":"Alpha-PvP"},{"@type":"BreadcrumbList","@id":"https:\/\/chemsfine.com\/product\/buy-alpha-pvp\/#breadcrumb","itemListElement":[{"@type":"ListItem","position":1,"name":"Home","item":"https:\/\/chemsfine.com\/"},{"@type":"ListItem","position":2,"name":"Shop","item":"https:\/\/chemsfine.com\/shop\/"},{"@type":"ListItem","position":3,"name":"Buy Alpha PvP Online | High-Purity Research Chemical"}]},{"@type":"WebSite","@id":"https:\/\/chemsfine.com\/#website","url":"https:\/\/chemsfine.com\/","name":"Chemsfine","description":"M\u016fj blog WordPress","publisher":{"@id":"https:\/\/chemsfine.com\/#organization"},"potentialAction":[{"@type":"SearchAction","target":{"@type":"EntryPoint","urlTemplate":"https:\/\/chemsfine.com\/?s={search_term_string}"},"query-input":{"@type":"PropertyValueSpecification","valueRequired":true,"valueName":"search_term_string"}}],"inLanguage":"cs"},{"@type":"Organization","@id":"https:\/\/chemsfine.com\/#organization","name":"Chemsfine","url":"https:\/\/chemsfine.com\/","logo":{"@type":"ImageObject","inLanguage":"cs","@id":"https:\/\/chemsfine.com\/#\/schema\/logo\/image\/","url":"https:\/\/chemsfine.com\/wp-content\/uploads\/2024\/09\/final-logo.png","contentUrl":"https:\/\/chemsfine.com\/wp-content\/uploads\/2024\/09\/final-logo.png","width":340,"height":72,"caption":"Chemsfine"},"image":{"@id":"https:\/\/chemsfine.com\/#\/schema\/logo\/image\/"}}]}},"_links":{"self":[{"href":"https:\/\/chemsfine.com\/cs\/wp-json\/wp\/v2\/product\/1681","targetHints":{"allow":["GET"]}}],"collection":[{"href":"https:\/\/chemsfine.com\/cs\/wp-json\/wp\/v2\/product"}],"about":[{"href":"https:\/\/chemsfine.com\/cs\/wp-json\/wp\/v2\/types\/product"}],"replies":[{"embeddable":true,"href":"https:\/\/chemsfine.com\/cs\/wp-json\/wp\/v2\/comments?post=1681"}],"wp:featuredmedia":[{"embeddable":true,"href":"https:\/\/chemsfine.com\/cs\/wp-json\/wp\/v2\/media\/1904"}],"wp:attachment":[{"href":"https:\/\/chemsfine.com\/cs\/wp-json\/wp\/v2\/media?parent=1681"}],"wp:term":[{"taxonomy":"product_brand","embeddable":true,"href":"https:\/\/chemsfine.com\/cs\/wp-json\/wp\/v2\/product_brand?post=1681"},{"taxonomy":"product_cat","embeddable":true,"href":"https:\/\/chemsfine.com\/cs\/wp-json\/wp\/v2\/product_cat?post=1681"},{"taxonomy":"product_tag","embeddable":true,"href":"https:\/\/chemsfine.com\/cs\/wp-json\/wp\/v2\/product_tag?post=1681"}],"curies":[{"name":"wp","href":"https:\/\/api.w.org\/{rel}","templated":true}]}}