{"id":1683,"date":"2025-06-17T09:06:49","date_gmt":"2025-06-17T09:06:49","guid":{"rendered":"https:\/\/chemsfine.com\/?post_type=product&#038;p=1683"},"modified":"2026-03-25T15:27:35","modified_gmt":"2026-03-25T15:27:35","slug":"buy-clonazepam-powder","status":"publish","type":"product","link":"https:\/\/chemsfine.com\/cs\/product\/buy-clonazepam-powder\/","title":{"rendered":"Koupit Clonazepam (Klonopin) pr\u00e1\u0161ek online | Vysok\u00e1 \u010distota"},"content":{"rendered":"<h2><b>Pr\u00e9miov\u00fd pr\u00e1\u0161ek Clonazepam (Klonopin) na prodej online<\/b><\/h2>\n<h3><b>Co je to Clonazepam (Klonopin) Powder?<\/b><\/h3>\n<p>Pr\u00e1\u0161ek Clonazepam (Klonopin) p\u0159edstavuje \u010distou, farmaceuticky \u010distou formu zn\u00e1m\u00e9ho benzodiazepinu Clonazepam. Tato vysoce \u010dist\u00e1 l\u00e1tka je \u0161iroce vyu\u017e\u00edv\u00e1na odborn\u00edky pro svou \u00fa\u010dinnost p\u0159i l\u00e9\u010db\u011b panick\u00fdch poruch, epilepsie a t\u011b\u017ek\u00e9 \u00fazkosti. Jemn\u011b mlet\u00e1 verze pr\u00e1\u0161ku poskytuje naprosto stejn\u00e9 terapeutick\u00e9 \u00fa\u010dinky jako tradi\u010dn\u00ed tablety, ale nab\u00edz\u00ed vy\u0161\u0161\u00ed flexibilitu, pokud jde o d\u00e1vkov\u00e1n\u00ed a pod\u00e1v\u00e1n\u00ed. Je cen\u011bn pro sv\u00e9 uklid\u0148uj\u00edc\u00ed a siln\u00e9 antikonvulzivn\u00ed \u00fa\u010dinky, <b>nejvy\u0161\u0161\u00ed kvalita Clonazepam pr\u00e1\u0161ek<\/b> je cen\u011bn zejm\u00e9na ve specializovan\u00fdch v\u00fdzkumn\u00fdch za\u0159\u00edzen\u00edch a u l\u00e9ka\u0159\u016f, kte\u0159\u00ed vy\u017eaduj\u00ed rychl\u00fd n\u00e1stup \u00fa\u010dinku a trvale spolehlivou \u00fa\u010dinnost. Proto je jeho pohodln\u00e1 pr\u00e1\u0161kov\u00e1 forma ide\u00e1ln\u00ed volbou pro p\u0159\u00edpravu sm\u011bs\u00ed nebo pro p\u0159esn\u00e9 d\u00e1vkov\u00e1n\u00ed, pokud s n\u00edm pracuj\u00ed kvalifikovan\u00ed l\u00e9ka\u0159i.<a href=\"https:\/\/chemsfine.com\/cs\/\">.<\/a><\/p>\n<h2><b>Pro\u010d koupit Clonazepam (Klonopin) pr\u00e1\u0161ek online od spole\u010dnosti Chemsfine?<\/b><\/h2>\n<p>P\u0159i hled\u00e1n\u00ed kvalitn\u00edho \u0159e\u0161en\u00ed pro zvl\u00e1d\u00e1n\u00ed \u00fazkosti a z\u00e1chvat\u016f je d\u016fle\u017eit\u00e9 naj\u00edt spolehliv\u00fd zdroj. Ve spole\u010dnosti Chemsfine m\u016f\u017eete <b>koupit Clonazepam (Klonopin) pr\u00e1\u0161ek online<\/b> s naprostou d\u016fv\u011brou v na\u0161i farmaceutickou kvalitu a bezkonkuren\u010dn\u00ed \u010distotu. S hrdost\u00ed nab\u00edz\u00edme prvot\u0159\u00eddn\u00ed <b>Clonazepam (Klonopin) Pr\u00e1\u0161ek na prodej<\/b> za vysoce konkurenceschopn\u00e9 ceny, dopln\u011bn\u00e9 bezpe\u010dn\u00fdm procesem objedn\u00e1v\u00e1n\u00ed, zcela diskr\u00e9tn\u00ed p\u0159epravou a ov\u011b\u0159en\u00fdm laboratorn\u00edm testov\u00e1n\u00edm ka\u017ed\u00e9 \u0161ar\u017ee t\u0159et\u00ed stranou. A\u0165 u\u017e pot\u0159ebujete pokro\u010dil\u00fd klinick\u00fd v\u00fdzkum, nebo specifick\u00e9 terapeutick\u00e9 aplikace, Chemsfine se vyzna\u010duje t\u00edm. <b>nejlep\u0161\u00ed m\u00edsto pro n\u00e1kup Clonazepam (Klonopin) pr\u00e1\u0161ek online<\/b>. Kdy\u017e se rozhodnete <b>objednat Clonazepam (Klonopin) pr\u00e1\u0161ek online<\/b> od n\u00e1s, m\u00e1te z\u00e1ruku laboratorn\u011b testovan\u00e9 \u010distoty, bezpe\u010dn\u00e9ho balen\u00ed a spolehliv\u00e9ho doru\u010den\u00ed po cel\u00e9m sv\u011bt\u011b. Z\u00edsk\u00e1v\u00e1me v\u00fdhradn\u011b od ov\u011b\u0159en\u00fdch v\u00fdrobc\u016f, co\u017e zaru\u010duje, \u017ee ka\u017ed\u00fd produkt spl\u0148uje p\u0159\u00edsn\u00e9 farmaceutick\u00e9 normy. Ne\u010dekejte -<b>shop Clonazepam (Klonopin) Powder online<\/b> je\u0161t\u011b dnes a za\u017eijte klid, kter\u00fd p\u0159in\u00e1\u0161\u00ed ka\u017ed\u00e1 objedn\u00e1vka od d\u016fv\u011bryhodn\u00e9ho dodavatele.<a href=\"https:\/\/streetfarma.com\/\">.<\/a><\/p>\n<h3><b>P\u016fvod a chemick\u00fd profil na\u0161eho v\u00fdzkumn\u00e9ho pr\u00e1\u0161ku<\/b><\/h3>\n<p>Clonazepam je sofistikovan\u00fd syntetick\u00fd benzodiazepin poprv\u00e9 vyvinut\u00fd v 60. letech 20. stolet\u00ed, kter\u00fd je strukturn\u011b za\u0159azen do skupiny 1,4-benzodiazepinov\u00fdch slou\u010denin. Jeho prim\u00e1rn\u00ed mechanismus \u00fa\u010dinku spo\u010d\u00edv\u00e1 ve v\u00fdznamn\u00e9m zv\u00fd\u0161en\u00ed aktivity kyseliny gama-aminom\u00e1seln\u00e9 (GABA), z\u00e1kladn\u00edho neurotransmiteru, kter\u00fd je zodpov\u011bdn\u00fd za zklidn\u011bn\u00ed a potla\u010den\u00ed nervov\u00e9 aktivity v mozku. Vysoce \u010dist\u00e1 pr\u00e1\u0161kov\u00e1 forma, kterou nab\u00edz\u00edme k prodeji, si zachov\u00e1v\u00e1 v\u0161echny p\u016fvodn\u00ed farmakologick\u00e9 vlastnosti slou\u010deniny, co\u017e zaji\u0161\u0165uje jej\u00ed \u00fa\u010dinnost. Tato forma nav\u00edc poskytuje v\u00fdrazn\u00e9 v\u00fdhody, jako je rychlej\u0161\u00ed vst\u0159eb\u00e1v\u00e1n\u00ed a mo\u017enost vysoce p\u0159izp\u016fsobiteln\u00fdch d\u00e1vkovac\u00edch protokol\u016f v laboratorn\u00edm prost\u0159ed\u00ed. Jeho p\u0159esn\u00fd chemick\u00fd vzorec je <b>C15H10ClN3O3<\/b>.<\/p>\n<h3><b>B\u011b\u017en\u00e9 aplikace pr\u00e1\u0161ku s vysokou \u010distotou klonazepamu<\/b><\/h3>\n<p>Autentick\u00fd klonazepamov\u00fd pr\u00e1\u0161ek je \u0161iroce vyu\u017e\u00edv\u00e1n nap\u0159\u00ed\u010d spektrem terapeutick\u00fdch, klinick\u00fdch a specializovan\u00fdch v\u00fdzkumn\u00fdch \u00fa\u010del\u016f. Jeho pozoruhodn\u00e1 v\u0161estrannost z n\u011bj \u010din\u00ed vhodnou a vysoce \u00fa\u010dinnou slou\u010deninu pro r\u016fzn\u00e9 aplikace, v\u010detn\u011b:<\/p>\n<ul>\n<li>\u00da\u010dinn\u00e9 protokoly l\u00e9\u010dby z\u00e1chvat\u016f paniky a generalizovan\u00fdch \u00fazkostn\u00fdch poruch.<\/li>\n<li>Komplexn\u00ed l\u00e9\u010dba epileptick\u00fdch z\u00e1chvat\u016f a jin\u00fdch k\u0159e\u010dov\u00fdch stav\u016f.<\/li>\n<li>Pou\u017eit\u00ed jako premedikace p\u0159ed n\u011bkter\u00fdmi chirurgick\u00fdmi nebo diagnostick\u00fdmi z\u00e1kroky.<\/li>\n<li>Z\u00e1kladn\u00ed materi\u00e1l pro v\u011bdeck\u00e9 a pokro\u010dil\u00e9 farmaceutick\u00e9 v\u00fdzkumn\u00e9 studie.<\/li>\n<li>Z\u00e1kladn\u00ed slo\u017eka pro zak\u00e1zkovou v\u00fdrobu sm\u011bs\u00ed a p\u0159esnou formulaci d\u00e1vek v kontrolovan\u00e9m prost\u0159ed\u00ed.<\/li>\n<\/ul>\n<h3><b>Kl\u00ed\u010dov\u00e9 v\u00fdhody objedn\u00e1n\u00ed pr\u00e1\u0161ku Clonazepam od spole\u010dnosti Chemsfine<\/b><\/h3>\n<p>Volba n\u00e1kupu od renomovan\u00e9ho online prodejce p\u0159in\u00e1\u0161\u00ed v\u00fdzkumn\u00fdm pracovn\u00edk\u016fm a profesion\u00e1l\u016fm \u0159adu v\u00fdhod. P\u0159i spolupr\u00e1ci s n\u00e1mi m\u016f\u017eete o\u010dek\u00e1vat:<\/p>\n<ul>\n<li>Zaru\u010den\u00fd p\u0159\u00edstup k <b>vysoce \u010dist\u00fd klonazepam farmaceutick\u00e9 kvality<\/b> pro spolehliv\u00e9 v\u00fdsledky.<\/li>\n<li>P\u0159\u00edle\u017eitost <b>koupit levn\u00e9 Clonazepam (Klonopin) pr\u00e1\u0161ek online<\/b> ani\u017e by do\u0161lo ke sn\u00ed\u017een\u00ed kvality.<\/li>\n<li>Diskr\u00e9tn\u00ed, bezpe\u010dn\u00e1 a pln\u011b sledovateln\u00e1 mezin\u00e1rodn\u00ed p\u0159eprava, kter\u00e1 chr\u00e1n\u00ed va\u0161e soukrom\u00ed a investice.<\/li>\n<li>Bezpe\u010dn\u00e9 a siln\u011b \u0161ifrovan\u00e9 zpracov\u00e1n\u00ed plateb pro bezstarostn\u00e9 transakce.<\/li>\n<li>P\u0159\u00edstup k odborn\u00e9 z\u00e1kaznick\u00e9 podpo\u0159e a pln\u00e9 transparentnosti, pokud jde o z\u00edsk\u00e1v\u00e1n\u00ed produkt\u016f a kontrolu kvality.<\/li>\n<\/ul>\n<h2><b>N\u00e1\u0161 z\u00e1vazek ke kvalit\u011b a bezpe\u010dnosti<\/b><\/h2>\n<p>Ne v\u0161ichni online dodavatel\u00e9 poskytuj\u00ed origin\u00e1ln\u00ed, laboratorn\u00ed pr\u00e1\u0161ek Clonazepam. Kdy\u017e se rozhodnete <b>koupit Clonazepam (Klonopin) pr\u00e1\u0161ek online<\/b>, je nutn\u00e9 ov\u011b\u0159it pov\u011b\u0159en\u00ed dodavatele. Ve spole\u010dnosti Chemsfine se vyzna\u010dujeme t\u00edm, \u017ee pln\u00edme sv\u00e9 sliby t\u00fdkaj\u00edc\u00ed se bezpe\u010dnosti, \u010distoty a spolehlivosti.<\/p>\n<h4><b>Laboratorn\u011b testovan\u00e9 a ov\u011b\u0159en\u00e9 produkty<\/b><\/h4>\n<p>V\u011b\u0159\u00edme v absolutn\u00ed transparentnost. Proto k na\u0161im produkt\u016fm poskytujeme podrobn\u00fd certifik\u00e1t anal\u00fdzy (CoA), kter\u00fd definitivn\u011b potvrzuje jejich identitu, \u010distotu a koncentraci. T\u00edm je zaji\u0161t\u011bno, \u017ee obdr\u017e\u00edte p\u0159esn\u011b to, co jste si objednali pro sv\u00e9 kritick\u00e9 aplikace.<\/p>\n<h4><b>Spolehliv\u00e9 a diskr\u00e9tn\u00ed p\u0159epravn\u00ed z\u00e1sady<\/b><\/h4>\n<p>N\u00e1\u0161 proces glob\u00e1ln\u00ed p\u0159epravy je navr\u017een tak, aby byl rychl\u00fd, pln\u011b sledovateln\u00fd a v\u017edy diskr\u00e9tn\u00ed. Ch\u00e1peme d\u016fle\u017eitost soukrom\u00ed a s ka\u017edou z\u00e1silkou zach\u00e1z\u00edme s maxim\u00e1ln\u00ed p\u00e9\u010d\u00ed, abychom zajistili, \u017ee doraz\u00ed bezpe\u010dn\u011b a v soukrom\u00ed. Va\u0161e d\u016fv\u011brnost je pro n\u00e1s nejvy\u0161\u0161\u00ed prioritou.<\/p>\n<h4><b>Bezpe\u010dn\u00e9 a \u0161ifrovan\u00e9 platebn\u00ed metody<\/b><\/h4>\n<p>Va\u0161e bezpe\u010dnost je nejd\u016fle\u017eit\u011bj\u0161\u00ed. V\u0161echny finan\u010dn\u00ed transakce na na\u0161\u00ed platform\u011b jsou chr\u00e1n\u011bny nejmodern\u011bj\u0161\u00edm \u0161ifrov\u00e1n\u00edm. P\u0159ij\u00edm\u00e1me n\u011bkolik bezpe\u010dn\u00fdch platebn\u00edch mo\u017enost\u00ed, abychom v\u00e1m zajistili pohodl\u00ed i klid p\u0159i n\u00e1kupu.<\/p>\n<h2><b>Objednejte si pr\u00e1\u0161ek Clonazepam (Klonopin) nejvy\u0161\u0161\u00ed kvality dnes<\/b><\/h2>\n<p>Souhrnn\u011b lze \u0159\u00edci, \u017ee pr\u00e1\u0161ek Clonazepam (Klonopin) je \u00fa\u010dinnou a velmi flexibiln\u00ed mo\u017enost\u00ed pro zvl\u00e1d\u00e1n\u00ed \u00fazkosti, z\u00e1chvat\u016f a dal\u0161\u00edch neurologick\u00fdch stav\u016f. Ve sv\u00e9 \u010dist\u00e9 pr\u00e1\u0161kov\u00e9 form\u011b nab\u00edz\u00ed vynikaj\u00edc\u00ed pohodl\u00ed a p\u0159esnost pro v\u00fdzkumn\u00e9 i klinick\u00e9 aplikace. Volba <b>objednat Clonazepam (Klonopin) pr\u00e1\u0161ek online<\/b> z d\u016fv\u011bryhodn\u00e9ho a ov\u011b\u0159en\u00e9ho zdroje, jako je Chemsfine, je nejlep\u0161\u00edm zp\u016fsobem, jak zaru\u010dit bezpe\u010dnost, pravost a diskr\u00e9tnost, kter\u00e9 pro svou pr\u00e1ci pot\u0159ebujete.<\/p>\n<p>Profesion\u00e1l\u016fm, kte\u0159\u00ed hledaj\u00ed v\u00fdkonn\u00e9 a spolehliv\u00e9 \u0159e\u0161en\u00ed pro zvl\u00e1d\u00e1n\u00ed \u00fazkosti, z\u00e1chvat\u016f nebo pro pokro\u010dil\u00e9 v\u00fdzkumn\u00e9 \u00fa\u010dely, v\u0159ele doporu\u010dujeme. <b>koupit Clonazepam (Klonopin) pr\u00e1\u0161ek online<\/b> z na\u0161\u00ed zabezpe\u010den\u00e9 platformy. S na\u0161\u00ed pr\u00e9miovou <b>Clonazepam (Klonopin) Pr\u00e1\u0161ek na prodej<\/b> za konkurenceschopn\u00e9 ceny, plnou laboratorn\u00ed certifikaci a diskr\u00e9tn\u00ed celosv\u011btovou dod\u00e1vku, jsme m\u00edstem, kde m\u016f\u017eete <b>shop Clonazepam (Klonopin) Powder online<\/b>. Objednejte si je\u0161t\u011b dnes a z\u00edskejte vysoce kvalitn\u00ed p\u00e9\u010di a produkt, kter\u00e9mu m\u016f\u017eete d\u016fv\u011b\u0159ovat.<\/p>","protected":false},"excerpt":{"rendered":"<p><b>Koupit pr\u00e1\u0161ek Clonazepam (Klonopin)<\/b>, vysoce \u010dist\u00fd benzodiazepin pro v\u00fdzkum a l\u00e9\u010debn\u00e9 pou\u017eit\u00ed. Tento pr\u00e1\u0161ek farmaceutick\u00e9 kvality nab\u00edz\u00ed zv\u00fd\u0161enou aktivitu GABA pro siln\u00e9 antikonvulzivn\u00ed a anxiolytick\u00e9 \u00fa\u010dinky. Ide\u00e1ln\u00ed pro p\u0159esnou formulaci d\u00e1vek v klinick\u00fdch podm\u00ednk\u00e1ch. Zakupte si autentick\u00fd <b>Pr\u00e1\u0161ek klonazepamu<\/b> na adrese <b>Chemsfine<\/b> pro zaru\u010denou kvalitu a laboratorn\u011b ov\u011b\u0159enou \u010distotu.<\/p>","protected":false},"featured_media":1930,"comment_status":"closed","ping_status":"closed","template":"","meta":{"_joinchat":[]},"product_brand":[],"product_cat":[434],"product_tag":[],"class_list":{"0":"post-1683","1":"product","2":"type-product","3":"status-publish","4":"has-post-thumbnail","6":"product_cat-benzodiazepine-analogs","8":"first","9":"instock","10":"shipping-taxable","11":"purchasable","12":"product-type-variable"},"yoast_head":"<!-- This site is optimized with the Yoast SEO plugin v27.2 - https:\/\/yoast.com\/product\/yoast-seo-wordpress\/ -->\n<title>Buy Clonazepam (Klonopin) Powder Online | Top Quality<\/title>\n<meta name=\"description\" content=\"Buy high-purity Clonazepam (Klonopin) Powder online at Chemsfine. Our lab-tested, pharmaceutical-grade powder is for sale now. Fast, discreet shipping worldwide.\" \/>\n<meta name=\"robots\" content=\"index, follow, max-snippet:-1, max-image-preview:large, max-video-preview:-1\" \/>\n<link rel=\"canonical\" href=\"https:\/\/chemsfine.com\/cs\/produkt\/buy-clonazepam-powder\/\" \/>\n<meta property=\"og:locale\" content=\"cs_CZ\" \/>\n<meta property=\"og:type\" content=\"article\" \/>\n<meta property=\"og:title\" content=\"Buy Clonazepam (Klonopin) Powder Online | Top Quality\" \/>\n<meta property=\"og:description\" content=\"Buy high-purity Clonazepam (Klonopin) Powder online at Chemsfine. Our lab-tested, pharmaceutical-grade powder is for sale now. Fast, discreet shipping worldwide.\" \/>\n<meta property=\"og:url\" content=\"https:\/\/chemsfine.com\/cs\/produkt\/buy-clonazepam-powder\/\" \/>\n<meta property=\"og:site_name\" content=\"Chemsfine\" \/>\n<meta property=\"article:modified_time\" content=\"2026-03-25T15:27:35+00:00\" \/>\n<meta property=\"og:image\" content=\"https:\/\/chemsfine.com\/wp-content\/uploads\/2025\/06\/Clonazepam-Klonopin-Pulver.jpg\" \/>\n\t<meta property=\"og:image:width\" content=\"600\" \/>\n\t<meta property=\"og:image:height\" content=\"600\" \/>\n\t<meta property=\"og:image:type\" content=\"image\/jpeg\" \/>\n<meta name=\"twitter:card\" content=\"summary_large_image\" \/>\n<meta name=\"twitter:label1\" content=\"Odhadovan\u00e1 doba \u010dten\u00ed\" \/>\n\t<meta name=\"twitter:data1\" content=\"5 minut\" \/>\n<script type=\"application\/ld+json\" class=\"yoast-schema-graph\">{\"@context\":\"https:\/\/schema.org\",\"@graph\":[{\"@type\":\"WebPage\",\"@id\":\"https:\/\/chemsfine.com\/product\/buy-clonazepam-powder\/\",\"url\":\"https:\/\/chemsfine.com\/product\/buy-clonazepam-powder\/\",\"name\":\"Buy Clonazepam (Klonopin) Powder Online | Top Quality\",\"isPartOf\":{\"@id\":\"https:\/\/chemsfine.com\/#website\"},\"primaryImageOfPage\":{\"@id\":\"https:\/\/chemsfine.com\/product\/buy-clonazepam-powder\/#primaryimage\"},\"image\":{\"@id\":\"https:\/\/chemsfine.com\/product\/buy-clonazepam-powder\/#primaryimage\"},\"thumbnailUrl\":\"https:\/\/chemsfine.com\/wp-content\/uploads\/2025\/06\/Clonazepam-Klonopin-Pulver.jpg\",\"datePublished\":\"2025-06-17T09:06:49+00:00\",\"dateModified\":\"2026-03-25T15:27:35+00:00\",\"description\":\"Buy high-purity Clonazepam (Klonopin) Powder online at Chemsfine. Our lab-tested, pharmaceutical-grade powder is for sale now. Fast, discreet shipping worldwide.\",\"breadcrumb\":{\"@id\":\"https:\/\/chemsfine.com\/product\/buy-clonazepam-powder\/#breadcrumb\"},\"inLanguage\":\"cs\",\"potentialAction\":[{\"@type\":\"ReadAction\",\"target\":[\"https:\/\/chemsfine.com\/product\/buy-clonazepam-powder\/\"]}]},{\"@type\":\"ImageObject\",\"inLanguage\":\"cs\",\"@id\":\"https:\/\/chemsfine.com\/product\/buy-clonazepam-powder\/#primaryimage\",\"url\":\"https:\/\/chemsfine.com\/wp-content\/uploads\/2025\/06\/Clonazepam-Klonopin-Pulver.jpg\",\"contentUrl\":\"https:\/\/chemsfine.com\/wp-content\/uploads\/2025\/06\/Clonazepam-Klonopin-Pulver.jpg\",\"width\":600,\"height\":600,\"caption\":\"Clonazepam-(Klonopin)-Powder\"},{\"@type\":\"BreadcrumbList\",\"@id\":\"https:\/\/chemsfine.com\/product\/buy-clonazepam-powder\/#breadcrumb\",\"itemListElement\":[{\"@type\":\"ListItem\",\"position\":1,\"name\":\"Home\",\"item\":\"https:\/\/chemsfine.com\/\"},{\"@type\":\"ListItem\",\"position\":2,\"name\":\"Shop\",\"item\":\"https:\/\/chemsfine.com\/shop\/\"},{\"@type\":\"ListItem\",\"position\":3,\"name\":\"Buy Clonazepam (Klonopin) Powder Online | High Purity\"}]},{\"@type\":\"WebSite\",\"@id\":\"https:\/\/chemsfine.com\/#website\",\"url\":\"https:\/\/chemsfine.com\/\",\"name\":\"Chemsfine\",\"description\":\"My WordPress Blog\",\"publisher\":{\"@id\":\"https:\/\/chemsfine.com\/#organization\"},\"potentialAction\":[{\"@type\":\"SearchAction\",\"target\":{\"@type\":\"EntryPoint\",\"urlTemplate\":\"https:\/\/chemsfine.com\/?s={search_term_string}\"},\"query-input\":{\"@type\":\"PropertyValueSpecification\",\"valueRequired\":true,\"valueName\":\"search_term_string\"}}],\"inLanguage\":\"cs\"},{\"@type\":\"Organization\",\"@id\":\"https:\/\/chemsfine.com\/#organization\",\"name\":\"Chemsfine\",\"url\":\"https:\/\/chemsfine.com\/\",\"logo\":{\"@type\":\"ImageObject\",\"inLanguage\":\"cs\",\"@id\":\"https:\/\/chemsfine.com\/#\/schema\/logo\/image\/\",\"url\":\"https:\/\/chemsfine.com\/wp-content\/uploads\/2024\/09\/final-logo.png\",\"contentUrl\":\"https:\/\/chemsfine.com\/wp-content\/uploads\/2024\/09\/final-logo.png\",\"width\":340,\"height\":72,\"caption\":\"Chemsfine\"},\"image\":{\"@id\":\"https:\/\/chemsfine.com\/#\/schema\/logo\/image\/\"}}]}<\/script>\n<!-- \/ Yoast SEO plugin. -->","yoast_head_json":{"title":"Koupit Clonazepam (Klonopin) pr\u00e1\u0161ek online | Nejlep\u0161\u00ed kvalita","description":"Koupit vysoce \u010dist\u00fd pr\u00e1\u0161ek Clonazepam (Klonopin) online na Chemsfine. N\u00e1\u0161 laboratorn\u011b testovan\u00fd pr\u00e1\u0161ek farmaceutick\u00e9 kvality je nyn\u00ed na prodej. Rychl\u00e1 a diskr\u00e9tn\u00ed doprava po cel\u00e9m sv\u011bt\u011b.","robots":{"index":"index","follow":"follow","max-snippet":"max-snippet:-1","max-image-preview":"max-image-preview:large","max-video-preview":"max-video-preview:-1"},"canonical":"https:\/\/chemsfine.com\/cs\/produkt\/buy-clonazepam-powder\/","og_locale":"cs_CZ","og_type":"article","og_title":"Buy Clonazepam (Klonopin) Powder Online | Top Quality","og_description":"Buy high-purity Clonazepam (Klonopin) Powder online at Chemsfine. Our lab-tested, pharmaceutical-grade powder is for sale now. Fast, discreet shipping worldwide.","og_url":"https:\/\/chemsfine.com\/cs\/produkt\/buy-clonazepam-powder\/","og_site_name":"Chemsfine","article_modified_time":"2026-03-25T15:27:35+00:00","og_image":[{"width":600,"height":600,"url":"https:\/\/chemsfine.com\/wp-content\/uploads\/2025\/06\/Clonazepam-Klonopin-Pulver.jpg","type":"image\/jpeg"}],"twitter_card":"summary_large_image","twitter_misc":{"Odhadovan\u00e1 doba \u010dten\u00ed":"5 minut"},"schema":{"@context":"https:\/\/schema.org","@graph":[{"@type":"WebPage","@id":"https:\/\/chemsfine.com\/product\/buy-clonazepam-powder\/","url":"https:\/\/chemsfine.com\/product\/buy-clonazepam-powder\/","name":"Koupit Clonazepam (Klonopin) pr\u00e1\u0161ek online | Nejlep\u0161\u00ed kvalita","isPartOf":{"@id":"https:\/\/chemsfine.com\/#website"},"primaryImageOfPage":{"@id":"https:\/\/chemsfine.com\/product\/buy-clonazepam-powder\/#primaryimage"},"image":{"@id":"https:\/\/chemsfine.com\/product\/buy-clonazepam-powder\/#primaryimage"},"thumbnailUrl":"https:\/\/chemsfine.com\/wp-content\/uploads\/2025\/06\/Clonazepam-Klonopin-Pulver.jpg","datePublished":"2025-06-17T09:06:49+00:00","dateModified":"2026-03-25T15:27:35+00:00","description":"Koupit vysoce \u010dist\u00fd pr\u00e1\u0161ek Clonazepam (Klonopin) online na Chemsfine. N\u00e1\u0161 laboratorn\u011b testovan\u00fd pr\u00e1\u0161ek farmaceutick\u00e9 kvality je nyn\u00ed na prodej. Rychl\u00e1 a diskr\u00e9tn\u00ed doprava po cel\u00e9m sv\u011bt\u011b.","breadcrumb":{"@id":"https:\/\/chemsfine.com\/product\/buy-clonazepam-powder\/#breadcrumb"},"inLanguage":"cs","potentialAction":[{"@type":"ReadAction","target":["https:\/\/chemsfine.com\/product\/buy-clonazepam-powder\/"]}]},{"@type":"ImageObject","inLanguage":"cs","@id":"https:\/\/chemsfine.com\/product\/buy-clonazepam-powder\/#primaryimage","url":"https:\/\/chemsfine.com\/wp-content\/uploads\/2025\/06\/Clonazepam-Klonopin-Pulver.jpg","contentUrl":"https:\/\/chemsfine.com\/wp-content\/uploads\/2025\/06\/Clonazepam-Klonopin-Pulver.jpg","width":600,"height":600,"caption":"Clonazepam-(Klonopin)-Powder"},{"@type":"BreadcrumbList","@id":"https:\/\/chemsfine.com\/product\/buy-clonazepam-powder\/#breadcrumb","itemListElement":[{"@type":"ListItem","position":1,"name":"Home","item":"https:\/\/chemsfine.com\/"},{"@type":"ListItem","position":2,"name":"Shop","item":"https:\/\/chemsfine.com\/shop\/"},{"@type":"ListItem","position":3,"name":"Buy Clonazepam (Klonopin) Powder Online | High Purity"}]},{"@type":"WebSite","@id":"https:\/\/chemsfine.com\/#website","url":"https:\/\/chemsfine.com\/","name":"Chemsfine","description":"M\u016fj blog WordPress","publisher":{"@id":"https:\/\/chemsfine.com\/#organization"},"potentialAction":[{"@type":"SearchAction","target":{"@type":"EntryPoint","urlTemplate":"https:\/\/chemsfine.com\/?s={search_term_string}"},"query-input":{"@type":"PropertyValueSpecification","valueRequired":true,"valueName":"search_term_string"}}],"inLanguage":"cs"},{"@type":"Organization","@id":"https:\/\/chemsfine.com\/#organization","name":"Chemsfine","url":"https:\/\/chemsfine.com\/","logo":{"@type":"ImageObject","inLanguage":"cs","@id":"https:\/\/chemsfine.com\/#\/schema\/logo\/image\/","url":"https:\/\/chemsfine.com\/wp-content\/uploads\/2024\/09\/final-logo.png","contentUrl":"https:\/\/chemsfine.com\/wp-content\/uploads\/2024\/09\/final-logo.png","width":340,"height":72,"caption":"Chemsfine"},"image":{"@id":"https:\/\/chemsfine.com\/#\/schema\/logo\/image\/"}}]}},"_links":{"self":[{"href":"https:\/\/chemsfine.com\/cs\/wp-json\/wp\/v2\/product\/1683","targetHints":{"allow":["GET"]}}],"collection":[{"href":"https:\/\/chemsfine.com\/cs\/wp-json\/wp\/v2\/product"}],"about":[{"href":"https:\/\/chemsfine.com\/cs\/wp-json\/wp\/v2\/types\/product"}],"replies":[{"embeddable":true,"href":"https:\/\/chemsfine.com\/cs\/wp-json\/wp\/v2\/comments?post=1683"}],"wp:featuredmedia":[{"embeddable":true,"href":"https:\/\/chemsfine.com\/cs\/wp-json\/wp\/v2\/media\/1930"}],"wp:attachment":[{"href":"https:\/\/chemsfine.com\/cs\/wp-json\/wp\/v2\/media?parent=1683"}],"wp:term":[{"taxonomy":"product_brand","embeddable":true,"href":"https:\/\/chemsfine.com\/cs\/wp-json\/wp\/v2\/product_brand?post=1683"},{"taxonomy":"product_cat","embeddable":true,"href":"https:\/\/chemsfine.com\/cs\/wp-json\/wp\/v2\/product_cat?post=1683"},{"taxonomy":"product_tag","embeddable":true,"href":"https:\/\/chemsfine.com\/cs\/wp-json\/wp\/v2\/product_tag?post=1683"}],"curies":[{"name":"wp","href":"https:\/\/api.w.org\/{rel}","templated":true}]}}