{"id":1689,"date":"2025-06-17T09:10:14","date_gmt":"2025-06-17T09:10:14","guid":{"rendered":"https:\/\/chemsfine.com\/?post_type=product&#038;p=1689"},"modified":"2026-03-25T15:24:32","modified_gmt":"2026-03-25T15:24:32","slug":"buy-jwh-018-online","status":"publish","type":"product","link":"https:\/\/chemsfine.com\/cs\/product\/buy-jwh-018-online\/","title":{"rendered":"Koupit JWH-018 Online | Top-Quality Research Chemical"},"content":{"rendered":"<h2><b>Co je JWH-018?<\/b><\/h2>\n<p>JWH-018 is a synthetic cannabinoid originally developed for scientific research to study the effects of cannabinoids on the human body. Known for its potent binding affinity to CB1 and CB2 receptors, JWH-018 mimics the effects of natural cannabis with powerful psychoactive properties. Widely used in research chemical circles, it offers unique insights into cannabinoid receptor activity and is valued for its strong and fast-acting effects.<\/p>\n<p>Pokud chcete <b>koupit JWH-018 online<\/b>, jste na spr\u00e1vn\u00e9m m\u00edst\u011b. Nab\u00edz\u00edme k prodeji p\u0159\u00edpravek JWH-018 prvot\u0159\u00eddn\u00ed kvality, laboratorn\u011b testovan\u00fd na \u010distotu a \u00fa\u010dinnost, co\u017e zaru\u010duje, \u017ee v\u017edy obdr\u017e\u00edte spolehliv\u00fd a \u00fa\u010dinn\u00fd produkt. A\u0165 u\u017e pro v\u00fdzkum nebo osobn\u00ed zkoum\u00e1n\u00ed, <b>objednat JWH-018 online<\/b> from the best place to buy JWH-018 online and enjoy discreet shipping, competitive prices, and superior customer support from Chemsfine.<\/p>\n<h3><b>Pro\u010d koupit JWH-018 online u n\u00e1s?<\/b><\/h3>\n<p>N\u00e1kup JWH-018 online u n\u00e1s zaru\u010duje autentick\u00e9, vysoce kvalitn\u00ed produkty poch\u00e1zej\u00edc\u00ed z renomovan\u00fdch laborato\u0159\u00ed. Up\u0159ednost\u0148ujeme bezpe\u010dnost s p\u0159\u00edsn\u00fdm testov\u00e1n\u00edm t\u0159et\u00ed stranou, nab\u00edz\u00edme dostupn\u00e9 ceny a zaji\u0161\u0165ujeme rychl\u00e9 a diskr\u00e9tn\u00ed dod\u00e1n\u00ed. Na\u0161e transparentn\u00ed slu\u017eby z n\u00e1s d\u011blaj\u00ed nejlep\u0161\u00ed volbu <b>nakupujte JWH-018 online<\/b> sebev\u011bdom\u011b.<\/p>\n<h3><b>P\u016fvod a chemick\u00fd profil<\/b><\/h3>\n<p>JWH-018 poprv\u00e9 syntetizoval Dr. John W. Huffman jako sou\u010d\u00e1st s\u00e9rie slou\u010denin pro studium interakc\u00ed kanabinoidn\u00edch receptor\u016f. Z chemick\u00e9ho hlediska se jedn\u00e1 o naftoylindol, kter\u00fd p\u016fsob\u00ed jako pln\u00fd agonista kanabinoidn\u00edch receptor\u016f a vyvol\u00e1v\u00e1 \u00fa\u010dinky podobn\u00e9 THC, ale s v\u011bt\u0161\u00ed \u00fa\u010dinnost\u00ed. Jeho molekul\u00e1rn\u00ed struktura umo\u017e\u0148uje t\u011bsnou vazbu na receptory CB1 a CB2, co\u017e z n\u011bj \u010din\u00ed cenn\u00fd n\u00e1stroj ve v\u00fdzkumu kanabinoid\u016f.<\/p>\n<h3><b>Pou\u017eit\u00ed p\u0159\u00edpravku JWH-018<\/b><\/h3>\n<p>JWH-018 se pou\u017e\u00edv\u00e1 p\u0159edev\u0161\u00edm pro v\u00fdzkumn\u00e9 \u00fa\u010dely, aby bylo mo\u017en\u00e9 l\u00e9pe pochopit funkce kanabinoidn\u00edch receptor\u016f a jejich vliv na neurologick\u00e9 a fyziologick\u00e9 procesy. Vyu\u017e\u00edv\u00e1 se tak\u00e9 v r\u016fzn\u00fdch experiment\u00e1ln\u00edch prost\u0159ed\u00edch.<\/p>\n<ul>\n<li>Syntetick\u00fd agonista kanabinoidn\u00edch receptor\u016f<\/li>\n<li>V\u00fdzkumn\u00e1 chemick\u00e1 l\u00e1tka pro studie kanabinoid\u016f<\/li>\n<li>Psychoaktivn\u00ed \u00fa\u010dinky napodobuj\u00edc\u00ed p\u0159\u00edrodn\u00ed konop\u00ed<\/li>\n<li>Tool for neurological and pharmacological research<\/li>\n<li>Experiment\u00e1ln\u00ed aplikace v behavior\u00e1ln\u00edch studi\u00edch<\/li>\n<\/ul>\n<h3><b>Jak a kde objednat JWH-018 online<\/b><\/h3>\n<p>Objedn\u00e1n\u00ed JWH-018 online je rychl\u00e9 a bezpe\u010dn\u00e9 prost\u0159ednictv\u00edm na\u0161\u00ed platformy. Jednodu\u0161e si vyberte po\u017eadovan\u00e9 mno\u017estv\u00ed, p\u0159ejd\u011bte k pokladn\u011b s bezpe\u010dn\u00fdmi mo\u017enostmi platby a u\u017eijte si rychlou celosv\u011btovou p\u0159epravu s diskr\u00e9tn\u00edm balen\u00edm pro ochranu va\u0161eho soukrom\u00ed.<\/p>\n<h3><b>V\u00fdhody n\u00e1kupu JWH-018 online<\/b><\/h3>\n<ul>\n<li><b>Laboratorn\u011b testovan\u00e9 produkty:<\/b> \u010cistota a \u00fa\u010dinnost ov\u011b\u0159ena t\u0159et\u00ed stranou.<\/li>\n<li><b>Konkuren\u010dn\u00ed ceny:<\/b> Cenov\u011b dostupn\u00fd p\u0159\u00edstup k vysoce kvalitn\u00edmu JWH-018.<\/li>\n<li><b>Diskr\u00e9tn\u00ed doru\u010den\u00ed:<\/b> Bezpe\u010dn\u00e9, neozna\u010den\u00e9 balen\u00ed pro zaji\u0161t\u011bn\u00ed soukrom\u00ed z\u00e1kazn\u00edka.<\/li>\n<li><b>Spolehliv\u00e1 p\u0159eprava:<\/b> V\u010dasn\u00e9 a sledovateln\u00e9 z\u00e1silky po cel\u00e9m sv\u011bt\u011b.<\/li>\n<\/ul>\n<h3><b>V\u00fdb\u011br spr\u00e1vn\u00e9ho prodejce<\/b><\/h3>\n<p>P\u0159i n\u00e1kupu JWH-018 je pro bezpe\u010dnost a spokojenost z\u00e1sadn\u00ed v\u00fdb\u011br d\u016fv\u011bryhodn\u00e9ho prodejce.<\/p>\n<h3><b>Jak vybrat spolehliv\u00e9ho prodejce<\/b><\/h3>\n<ul>\n<li>Ov\u011b\u0159te dostupnost certifik\u00e1t\u016f laboratorn\u00edch zkou\u0161ek.<\/li>\n<li>Zkontrolujte z\u00e1sady p\u0159epravy z hlediska spolehlivosti a diskr\u00e9tnosti.<\/li>\n<li>Zajist\u011bte, aby platebn\u00ed br\u00e1ny pou\u017e\u00edvaly pokro\u010dil\u00e9 \u0161ifrov\u00e1n\u00ed.<\/li>\n<li>Zkontrolujte si pozitivn\u00ed zp\u011btnou vazbu od z\u00e1kazn\u00edk\u016f a pov\u011bst.<\/li>\n<\/ul>\n<h3><b>Z\u00e1v\u011br<\/b><\/h3>\n<h4><b>Souhrn v\u00fdhod<\/b><\/h4>\n<p>JWH-018 offers powerful cannabinoid receptor activity with research-backed purity and consistent effects. Buying from a trusted online source like Chemsfine ensures product safety, affordability, and privacy.<\/p>\n<h4><b>Z\u00e1v\u011bre\u010dn\u00e9 doporu\u010den\u00ed<\/b><\/h4>\n<p>For those looking to explore or research this compound, our platform is the <b>Nejlep\u0161\u00ed m\u00edsto pro n\u00e1kup JWH-018 online<\/b>. S laboratorn\u011b ov\u011b\u0159enou kvalitou, konkurenceschopn\u00fdmi cenami a bezpe\u010dnou p\u0159epravou, <b>objednat JWH-018 online<\/b> today to experience exceptional service and a premium product.<\/p>","protected":false},"excerpt":{"rendered":"<p>Explore top-quality JWH-018 for sale, a potent synthetic cannabinoid designed for advanced research. Known for its high affinity to CB1 and CB2 receptors, our JWH-018 is lab-verified for purity and consistency. <b>Koupit JWH-018<\/b> at Chemsfine for your pharmacological and neurological studies and receive a premium-grade research chemical.<\/p>","protected":false},"featured_media":1935,"comment_status":"closed","ping_status":"closed","template":"","meta":{"_joinchat":[]},"product_brand":[],"product_cat":[436],"product_tag":[],"class_list":{"0":"post-1689","1":"product","2":"type-product","3":"status-publish","4":"has-post-thumbnail","6":"product_cat-synthetic-cannabinoids","8":"first","9":"instock","10":"shipping-taxable","11":"purchasable","12":"product-type-variable"},"yoast_head":"<!-- This site is optimized with the Yoast SEO plugin v27.2 - https:\/\/yoast.com\/product\/yoast-seo-wordpress\/ -->\n<title>Buy JWH-018 Online | Best Price Synthetic Cannabinoid<\/title>\n<meta name=\"description\" content=\"Looking to buy JWH-018 online? Chemsfine offers high-purity, lab-tested JWH-018 for sale. Secure, discreet shipping and competitive prices. Order today!\" \/>\n<meta name=\"robots\" content=\"index, follow, max-snippet:-1, max-image-preview:large, max-video-preview:-1\" \/>\n<link rel=\"canonical\" href=\"https:\/\/chemsfine.com\/cs\/produkt\/buy-jwh-018-online\/\" \/>\n<meta property=\"og:locale\" content=\"cs_CZ\" \/>\n<meta property=\"og:type\" content=\"article\" \/>\n<meta property=\"og:title\" content=\"Buy JWH-018 Online | Best Price Synthetic Cannabinoid\" \/>\n<meta property=\"og:description\" content=\"Looking to buy JWH-018 online? Chemsfine offers high-purity, lab-tested JWH-018 for sale. Secure, discreet shipping and competitive prices. Order today!\" \/>\n<meta property=\"og:url\" content=\"https:\/\/chemsfine.com\/cs\/produkt\/buy-jwh-018-online\/\" \/>\n<meta property=\"og:site_name\" content=\"Chemsfine\" \/>\n<meta property=\"article:modified_time\" content=\"2026-03-25T15:24:32+00:00\" \/>\n<meta property=\"og:image\" content=\"https:\/\/chemsfine.com\/wp-content\/uploads\/2025\/06\/JWH-018.jpg\" \/>\n\t<meta property=\"og:image:width\" content=\"600\" \/>\n\t<meta property=\"og:image:height\" content=\"600\" \/>\n\t<meta property=\"og:image:type\" content=\"image\/jpeg\" \/>\n<meta name=\"twitter:card\" content=\"summary_large_image\" \/>\n<meta name=\"twitter:label1\" content=\"Odhadovan\u00e1 doba \u010dten\u00ed\" \/>\n\t<meta name=\"twitter:data1\" content=\"3 minuty\" \/>\n<script type=\"application\/ld+json\" class=\"yoast-schema-graph\">{\"@context\":\"https:\/\/schema.org\",\"@graph\":[{\"@type\":\"WebPage\",\"@id\":\"https:\/\/chemsfine.com\/product\/buy-jwh-018-online\/\",\"url\":\"https:\/\/chemsfine.com\/product\/buy-jwh-018-online\/\",\"name\":\"Buy JWH-018 Online | Best Price Synthetic Cannabinoid\",\"isPartOf\":{\"@id\":\"https:\/\/chemsfine.com\/#website\"},\"primaryImageOfPage\":{\"@id\":\"https:\/\/chemsfine.com\/product\/buy-jwh-018-online\/#primaryimage\"},\"image\":{\"@id\":\"https:\/\/chemsfine.com\/product\/buy-jwh-018-online\/#primaryimage\"},\"thumbnailUrl\":\"https:\/\/chemsfine.com\/wp-content\/uploads\/2025\/06\/JWH-018.jpg\",\"datePublished\":\"2025-06-17T09:10:14+00:00\",\"dateModified\":\"2026-03-25T15:24:32+00:00\",\"description\":\"Looking to buy JWH-018 online? Chemsfine offers high-purity, lab-tested JWH-018 for sale. Secure, discreet shipping and competitive prices. Order today!\",\"breadcrumb\":{\"@id\":\"https:\/\/chemsfine.com\/product\/buy-jwh-018-online\/#breadcrumb\"},\"inLanguage\":\"cs\",\"potentialAction\":[{\"@type\":\"ReadAction\",\"target\":[\"https:\/\/chemsfine.com\/product\/buy-jwh-018-online\/\"]}]},{\"@type\":\"ImageObject\",\"inLanguage\":\"cs\",\"@id\":\"https:\/\/chemsfine.com\/product\/buy-jwh-018-online\/#primaryimage\",\"url\":\"https:\/\/chemsfine.com\/wp-content\/uploads\/2025\/06\/JWH-018.jpg\",\"contentUrl\":\"https:\/\/chemsfine.com\/wp-content\/uploads\/2025\/06\/JWH-018.jpg\",\"width\":600,\"height\":600,\"caption\":\"JWH-018\"},{\"@type\":\"BreadcrumbList\",\"@id\":\"https:\/\/chemsfine.com\/product\/buy-jwh-018-online\/#breadcrumb\",\"itemListElement\":[{\"@type\":\"ListItem\",\"position\":1,\"name\":\"Home\",\"item\":\"https:\/\/chemsfine.com\/\"},{\"@type\":\"ListItem\",\"position\":2,\"name\":\"Shop\",\"item\":\"https:\/\/chemsfine.com\/shop\/\"},{\"@type\":\"ListItem\",\"position\":3,\"name\":\"Buy JWH-018 Online | Top-Quality Research Chemical\"}]},{\"@type\":\"WebSite\",\"@id\":\"https:\/\/chemsfine.com\/#website\",\"url\":\"https:\/\/chemsfine.com\/\",\"name\":\"Chemsfine\",\"description\":\"My WordPress Blog\",\"publisher\":{\"@id\":\"https:\/\/chemsfine.com\/#organization\"},\"potentialAction\":[{\"@type\":\"SearchAction\",\"target\":{\"@type\":\"EntryPoint\",\"urlTemplate\":\"https:\/\/chemsfine.com\/?s={search_term_string}\"},\"query-input\":{\"@type\":\"PropertyValueSpecification\",\"valueRequired\":true,\"valueName\":\"search_term_string\"}}],\"inLanguage\":\"cs\"},{\"@type\":\"Organization\",\"@id\":\"https:\/\/chemsfine.com\/#organization\",\"name\":\"Chemsfine\",\"url\":\"https:\/\/chemsfine.com\/\",\"logo\":{\"@type\":\"ImageObject\",\"inLanguage\":\"cs\",\"@id\":\"https:\/\/chemsfine.com\/#\/schema\/logo\/image\/\",\"url\":\"https:\/\/chemsfine.com\/wp-content\/uploads\/2024\/09\/final-logo.png\",\"contentUrl\":\"https:\/\/chemsfine.com\/wp-content\/uploads\/2024\/09\/final-logo.png\",\"width\":340,\"height\":72,\"caption\":\"Chemsfine\"},\"image\":{\"@id\":\"https:\/\/chemsfine.com\/#\/schema\/logo\/image\/\"}}]}<\/script>\n<!-- \/ Yoast SEO plugin. -->","yoast_head_json":{"title":"Buy JWH-018 Online | Best Price Synthetic Cannabinoid","description":"Looking to buy JWH-018 online? Chemsfine offers high-purity, lab-tested JWH-018 for sale. Secure, discreet shipping and competitive prices. Order today!","robots":{"index":"index","follow":"follow","max-snippet":"max-snippet:-1","max-image-preview":"max-image-preview:large","max-video-preview":"max-video-preview:-1"},"canonical":"https:\/\/chemsfine.com\/cs\/produkt\/buy-jwh-018-online\/","og_locale":"cs_CZ","og_type":"article","og_title":"Buy JWH-018 Online | Best Price Synthetic Cannabinoid","og_description":"Looking to buy JWH-018 online? Chemsfine offers high-purity, lab-tested JWH-018 for sale. Secure, discreet shipping and competitive prices. Order today!","og_url":"https:\/\/chemsfine.com\/cs\/produkt\/buy-jwh-018-online\/","og_site_name":"Chemsfine","article_modified_time":"2026-03-25T15:24:32+00:00","og_image":[{"width":600,"height":600,"url":"https:\/\/chemsfine.com\/wp-content\/uploads\/2025\/06\/JWH-018.jpg","type":"image\/jpeg"}],"twitter_card":"summary_large_image","twitter_misc":{"Odhadovan\u00e1 doba \u010dten\u00ed":"3 minuty"},"schema":{"@context":"https:\/\/schema.org","@graph":[{"@type":"WebPage","@id":"https:\/\/chemsfine.com\/product\/buy-jwh-018-online\/","url":"https:\/\/chemsfine.com\/product\/buy-jwh-018-online\/","name":"Buy JWH-018 Online | Best Price Synthetic Cannabinoid","isPartOf":{"@id":"https:\/\/chemsfine.com\/#website"},"primaryImageOfPage":{"@id":"https:\/\/chemsfine.com\/product\/buy-jwh-018-online\/#primaryimage"},"image":{"@id":"https:\/\/chemsfine.com\/product\/buy-jwh-018-online\/#primaryimage"},"thumbnailUrl":"https:\/\/chemsfine.com\/wp-content\/uploads\/2025\/06\/JWH-018.jpg","datePublished":"2025-06-17T09:10:14+00:00","dateModified":"2026-03-25T15:24:32+00:00","description":"Looking to buy JWH-018 online? Chemsfine offers high-purity, lab-tested JWH-018 for sale. Secure, discreet shipping and competitive prices. Order today!","breadcrumb":{"@id":"https:\/\/chemsfine.com\/product\/buy-jwh-018-online\/#breadcrumb"},"inLanguage":"cs","potentialAction":[{"@type":"ReadAction","target":["https:\/\/chemsfine.com\/product\/buy-jwh-018-online\/"]}]},{"@type":"ImageObject","inLanguage":"cs","@id":"https:\/\/chemsfine.com\/product\/buy-jwh-018-online\/#primaryimage","url":"https:\/\/chemsfine.com\/wp-content\/uploads\/2025\/06\/JWH-018.jpg","contentUrl":"https:\/\/chemsfine.com\/wp-content\/uploads\/2025\/06\/JWH-018.jpg","width":600,"height":600,"caption":"JWH-018"},{"@type":"BreadcrumbList","@id":"https:\/\/chemsfine.com\/product\/buy-jwh-018-online\/#breadcrumb","itemListElement":[{"@type":"ListItem","position":1,"name":"Home","item":"https:\/\/chemsfine.com\/"},{"@type":"ListItem","position":2,"name":"Shop","item":"https:\/\/chemsfine.com\/shop\/"},{"@type":"ListItem","position":3,"name":"Buy JWH-018 Online | Top-Quality Research Chemical"}]},{"@type":"WebSite","@id":"https:\/\/chemsfine.com\/#website","url":"https:\/\/chemsfine.com\/","name":"Chemsfine","description":"M\u016fj blog WordPress","publisher":{"@id":"https:\/\/chemsfine.com\/#organization"},"potentialAction":[{"@type":"SearchAction","target":{"@type":"EntryPoint","urlTemplate":"https:\/\/chemsfine.com\/?s={search_term_string}"},"query-input":{"@type":"PropertyValueSpecification","valueRequired":true,"valueName":"search_term_string"}}],"inLanguage":"cs"},{"@type":"Organization","@id":"https:\/\/chemsfine.com\/#organization","name":"Chemsfine","url":"https:\/\/chemsfine.com\/","logo":{"@type":"ImageObject","inLanguage":"cs","@id":"https:\/\/chemsfine.com\/#\/schema\/logo\/image\/","url":"https:\/\/chemsfine.com\/wp-content\/uploads\/2024\/09\/final-logo.png","contentUrl":"https:\/\/chemsfine.com\/wp-content\/uploads\/2024\/09\/final-logo.png","width":340,"height":72,"caption":"Chemsfine"},"image":{"@id":"https:\/\/chemsfine.com\/#\/schema\/logo\/image\/"}}]}},"_links":{"self":[{"href":"https:\/\/chemsfine.com\/cs\/wp-json\/wp\/v2\/product\/1689","targetHints":{"allow":["GET"]}}],"collection":[{"href":"https:\/\/chemsfine.com\/cs\/wp-json\/wp\/v2\/product"}],"about":[{"href":"https:\/\/chemsfine.com\/cs\/wp-json\/wp\/v2\/types\/product"}],"replies":[{"embeddable":true,"href":"https:\/\/chemsfine.com\/cs\/wp-json\/wp\/v2\/comments?post=1689"}],"wp:featuredmedia":[{"embeddable":true,"href":"https:\/\/chemsfine.com\/cs\/wp-json\/wp\/v2\/media\/1935"}],"wp:attachment":[{"href":"https:\/\/chemsfine.com\/cs\/wp-json\/wp\/v2\/media?parent=1689"}],"wp:term":[{"taxonomy":"product_brand","embeddable":true,"href":"https:\/\/chemsfine.com\/cs\/wp-json\/wp\/v2\/product_brand?post=1689"},{"taxonomy":"product_cat","embeddable":true,"href":"https:\/\/chemsfine.com\/cs\/wp-json\/wp\/v2\/product_cat?post=1689"},{"taxonomy":"product_tag","embeddable":true,"href":"https:\/\/chemsfine.com\/cs\/wp-json\/wp\/v2\/product_tag?post=1689"}],"curies":[{"name":"wp","href":"https:\/\/api.w.org\/{rel}","templated":true}]}}