{"id":1690,"date":"2025-06-17T09:10:31","date_gmt":"2025-06-17T09:10:31","guid":{"rendered":"https:\/\/chemsfine.com\/?post_type=product&#038;p=1690"},"modified":"2026-03-25T15:23:29","modified_gmt":"2026-03-25T15:23:29","slug":"buy-k2-herbal-incense","status":"publish","type":"product","link":"https:\/\/chemsfine.com\/cs\/product\/buy-k2-herbal-incense\/","title":{"rendered":"Koupit K2 bylinn\u00e9 kadidlo online | Pr\u00e9miov\u00e1 bylinn\u00e1 sm\u011bs"},"content":{"rendered":"<h2><b>Co je bylinn\u00e9 kadidlo K2?<\/b><\/h2>\n<p><b>Bylinn\u00e9 kadidlo K2<\/b> je pe\u010dliv\u011b vytvo\u0159en\u00e1 syntetick\u00e1 sm\u011bs bylin, kter\u00e1 je speci\u00e1ln\u011b navr\u017eena tak, aby odborn\u011b napodobovala vyhled\u00e1van\u00e9 \u00fa\u010dinky p\u0159\u00edrodn\u00edho konop\u00ed. Tento produkt, \u010dasto uv\u00e1d\u011bn\u00fd na trh jako leg\u00e1ln\u00ed a dostupn\u00e1 alternativa, kombinuje jedine\u010dnou sm\u011bs pe\u010dliv\u011b vybran\u00fdch su\u0161en\u00fdch bylin, kter\u00e9 jsou n\u00e1sledn\u011b post\u0159\u00edk\u00e1ny siln\u00fdmi syntetick\u00fdmi kanabinoidy, aby se vytvo\u0159ily jeho charakteristick\u00e9 psychoaktivn\u00ed \u00fa\u010dinky. Vzhledem k tomu, \u017ee je v komunit\u011b v\u00fdzkumn\u00fdch chemik\u016f neuv\u011b\u0159iteln\u011b obl\u00edben\u00fd, na\u0161e pr\u00e9miov\u00e9 <b>K2 Herbal Incense na prodej<\/b> nab\u00edz\u00ed spolehliv\u011b rychle p\u016fsob\u00edc\u00ed a pozoruhodn\u011b siln\u00fd z\u00e1\u017eitek pro v\u0161echny, kte\u0159\u00ed hledaj\u00ed vysoce kvalitn\u00ed bylinnou alternativu kou\u0159en\u00ed.<\/p>\n<p>Hled\u00e1te <b>koupit K2 Herbal Incense online<\/b>? Zveme v\u00e1s, abyste si prohl\u00e9dli na\u0161i \u0161irokou nab\u00eddku bylinn\u00fdch kadidel K2 pr\u00e9miov\u00e9 kvality, kter\u00e1 jsou v\u017edy pe\u010dliv\u011b sestavena a p\u0159\u00edsn\u011b laboratorn\u011b testov\u00e1na, aby byla zaru\u010dena v\u00fdjime\u010dn\u00e1 bezpe\u010dnost a \u00fa\u010dinnost. A\u0165 u\u017e jste ve sv\u011bt\u011b bylinn\u00fdch kadidel \u00fapln\u00fdmi nov\u00e1\u010dky, nebo jste ji\u017e zku\u0161en\u00fdmi u\u017eivateli, m\u016f\u017eete se bez obav <b>objednat K2 Herbal Incense online<\/b> od spole\u010dnosti Chemsfine, kter\u00e1 je nejlep\u0161\u00edm m\u00edstem, kde lze tento produkt naj\u00edt. P\u0159i n\u00e1kupu u n\u00e1s si u\u017eijete n\u00e1\u0161 z\u00e1vazek diskr\u00e9tn\u00ed p\u0159epravy, vysoce p\u0159ijateln\u00fdch cen a bezkonkuren\u010dn\u00ed z\u00e1kaznick\u00e9 podpory na nejvy\u0161\u0161\u00ed \u00farovni p\u0159i ka\u017ed\u00e9m n\u00e1kupu, kter\u00fd dnes provedete!<\/p>\n<h3><b>Pro\u010d si koupit kvalitn\u00ed bylinn\u00e9 kadidlo K2 online od n\u00e1s?<\/b><\/h3>\n<p>Kdy\u017e se rozhodnete <b>nakupujte online K2 Herbal Incense<\/b> se spole\u010dnost\u00ed Chemsfine si vyb\u00edr\u00e1te vynikaj\u00edc\u00ed z\u00e1\u017eitek podpo\u0159en\u00fd na\u0161imi z\u00e1kladn\u00edmi z\u00e1rukami. Z\u00edsk\u00e1te zaru\u010denou \u010distotu produktu, trvale bezkonkuren\u010dn\u00ed kvalitu a trvale rychl\u00e9 doru\u010dovac\u00ed slu\u017eby p\u0159\u00edmo k va\u0161im dve\u0159\u00edm. V\u017edy up\u0159ednost\u0148ujeme va\u0161i naprostou spokojenost t\u00edm, \u017ee nab\u00edz\u00edme v\u00fdjime\u010dn\u00e9 a cenov\u011b konkurenceschopn\u00e9 produkty, kter\u00e9 poch\u00e1zej\u00ed v\u00fdhradn\u011b z nejd\u016fv\u011bryhodn\u011bj\u0161\u00edch a nejrenomovan\u011bj\u0161\u00edch laborato\u0159\u00ed v oboru. Tento neochv\u011bjn\u00fd z\u00e1vazek k dokonalosti je to, co z n\u00e1s d\u011bl\u00e1 definitivn\u00ed c\u00edl pro ka\u017ed\u00e9ho, kdo hled\u00e1 <b>koupit levn\u00e9 K2 Herbal Incense online<\/b> ani\u017e byste museli slevit ze \u0161pi\u010dkov\u00e9 kvality, kterou si zaslou\u017e\u00ed.<\/p>\n<h3><b>P\u016fvod a chemick\u00fd profil bylinn\u00e9ho kadidla K2<\/b><\/h3>\n<p>Produkt zn\u00e1m\u00fd jako <b>Bylinn\u00e9 kadidlo K2<\/b> nejprve vznikl jako nov\u00fd syntetick\u00fd kanabinoidn\u00ed produkt, pe\u010dliv\u011b vyvinut\u00fd s hlavn\u00edm c\u00edlem p\u0159esn\u011b napodobit zn\u00e1m\u00e9 \u00fa\u010dinky THC. Jeho slo\u017eit\u00fd chemick\u00fd profil zahrnuje patentovanou sm\u011bs zcela p\u0159\u00edrodn\u00edch bylin, kter\u00e9 jsou n\u00e1sledn\u011b kombinov\u00e1ny se speci\u00e1ln\u011b vyvinut\u00fdmi syntetick\u00fdmi kanabinoidn\u00edmi slou\u010deninami. Tyto slou\u010deniny jsou navr\u017eeny tak, aby se \u00fa\u010dinn\u011b v\u00e1zaly na kl\u00ed\u010dov\u00e9 mozkov\u00e9 receptory CB1, co\u017e je proces, kter\u00fd vede k charakteristick\u00fdm a siln\u00fdm psychoaktivn\u00edm \u00fa\u010dink\u016fm produktu. B\u011bhem dlouh\u00e9ho obdob\u00ed se specifick\u00e9 receptury neust\u00e1le vyv\u00edjely, aby se v\u00fdrazn\u011b zlep\u0161ila celkov\u00e1 \u00fa\u010dinnost v\u00fdrobku i jeho bezpe\u010dnostn\u00ed profil pro spot\u0159ebitele, \u010d\u00edm\u017e se udr\u017euje jeho trval\u00e1 obliba na trz\u00edch s bylinn\u00fdmi kadidly po cel\u00e9m sv\u011bt\u011b.<\/p>\n<h3><b>Hlavn\u00ed pou\u017eit\u00ed na\u0161eho bylinn\u00e9ho kadidla K2 na prodej<\/b><\/h3>\n<p>Na\u0161e autentick\u00e9 <b>Bylinn\u00e9 kadidlo K2<\/b> se pou\u017e\u00edv\u00e1 p\u0159edev\u0161\u00edm jako lep\u0161\u00ed ku\u0159\u00e1ck\u00e1 alternativa tradi\u010dn\u00edho konop\u00ed, kter\u00e1 u\u017eivatel\u016fm poskytuje hluboce euforizuj\u00edc\u00ed a hluboce relaxa\u010dn\u00ed \u00fa\u010dinky. D\u00edky sv\u00e9 spolehliv\u00e9 a siln\u00e9 povaze je \u0161iroce obl\u00edben\u00e1 pro zodpov\u011bdn\u00e9 rekrea\u010dn\u00ed u\u017e\u00edv\u00e1n\u00ed i pro r\u016fzn\u00e9 experiment\u00e1ln\u00ed \u00fa\u010dely v r\u00e1mci v\u00fdzkumn\u00e9 komunity. Tento produkt je p\u0159edn\u00ed volbou pro ty, kte\u0159\u00ed hledaj\u00ed siln\u00fd a \u00fa\u010dinn\u00fd z\u00e1\u017eitek.<\/p>\n<ul>\n<li><b>Syntetick\u00e1 kanabinoidn\u00ed bylinn\u00e1 sm\u011bs:<\/b> Pe\u010dliv\u011b p\u0159ipraven\u00e1 sm\u011bs bylin a syntetick\u00fdch l\u00e1tek.<\/li>\n<li><b>Psychoaktivn\u00ed \u00fa\u010dinky:<\/b> P\u0159in\u00e1\u0161\u00ed siln\u00e9 \u00fa\u010dinky, kter\u00e9 jsou velmi podobn\u00e9 \u00fa\u010dink\u016fm p\u0159\u00edrodn\u00edho konop\u00ed.<\/li>\n<li><b>Alternativa rekrea\u010dn\u00edho kou\u0159en\u00ed:<\/b> Obl\u00edben\u00e1 a leg\u00e1ln\u00ed volba pro rekrea\u010dn\u00ed z\u00e1bavu.<\/li>\n<li><b>Relaxace a zlep\u0161en\u00ed n\u00e1lady:<\/b> Hojn\u011b se pou\u017e\u00edv\u00e1 k dosa\u017een\u00ed stavu klidu a zlep\u0161en\u00ed n\u00e1lady.<\/li>\n<li><b>V\u00fdzkumn\u00e1 komunita Staple:<\/b> Velmi obl\u00edben\u00fd a \u010dasto pou\u017e\u00edvan\u00fd v r\u016fzn\u00fdch v\u00fdzkumn\u00fdch chemick\u00fdch komunit\u00e1ch.<\/li>\n<\/ul>\n<h3><b>Jak a kde bezpe\u010dn\u011b objednat K2 Herbal Incense Online<\/b><\/h3>\n<p>Zad\u00e1n\u00ed objedn\u00e1vky na <b>K2 Herbal Incense online<\/b> je p\u0159i n\u00e1kupu p\u0159\u00edmo na ofici\u00e1ln\u00edch webov\u00fdch str\u00e1nk\u00e1ch spole\u010dnosti Chemsfine velmi snadn\u00fd, bezpe\u010dn\u00fd a zabezpe\u010den\u00fd proces. Na\u0161e zjednodu\u0161en\u00e1 platforma v\u00e1m umo\u017en\u00ed jednodu\u0161e si vybrat preferovanou velikost produktu z dostupn\u00fdch mo\u017enost\u00ed, pokra\u010dovat s na\u0161\u00ed \u0159adou zcela bezpe\u010dn\u00fdch a \u0161ifrovan\u00fdch platebn\u00edch mo\u017enost\u00ed a pot\u00e9 vyu\u017e\u00edt na\u0161ich pov\u011bstn\u011b rychl\u00fdch a zcela diskr\u00e9tn\u00edch p\u0159epravn\u00edch slu\u017eeb dostupn\u00fdch po cel\u00e9m sv\u011bt\u011b. P\u0159ij\u00edm\u00e1me ve\u0161ker\u00e1 mo\u017en\u00e1 opat\u0159en\u00ed k ochran\u011b va\u0161eho soukrom\u00ed od okam\u017eiku objedn\u00e1n\u00ed a\u017e po okam\u017eik doru\u010den\u00ed.<\/p>\n<h3><b>Kl\u00ed\u010dov\u00e9 v\u00fdhody n\u00e1kupu K2 Herbal Incense Online od Chemsfine<\/b><\/h3>\n<ul>\n<li><b>P\u0159\u00edsn\u011b laboratorn\u011b testovan\u00e9 produkty:<\/b> Ka\u017ed\u00e1 na\u0161e d\u00e1vka <b>Bylinn\u00e9 kadidlo K2<\/b> je pe\u010dliv\u011b ov\u011b\u0159ov\u00e1n z hlediska bezpe\u010dnosti a \u00fa\u010dinnosti v nez\u00e1visl\u00fdch laborato\u0159\u00edch t\u0159et\u00edch stran, abyste m\u011bli jistotu, \u017ee dost\u00e1v\u00e1te jen to nejlep\u0161\u00ed.<\/li>\n<li><b>Vysoce konkuren\u010dn\u00ed ceny:<\/b> Poskytujeme neuv\u011b\u0159iteln\u011b cenov\u011b dostupn\u00fd p\u0159\u00edstup k pr\u00e9miov\u00e9mu bylinn\u00e9mu kadidlu K2, \u010d\u00edm\u017e zaji\u0161\u0165ujeme, \u017ee za svou investici dostanete tu nejlep\u0161\u00ed hodnotu, ani\u017e byste museli ob\u011btovat kvalitu.<\/li>\n<li><b>Zcela diskr\u00e9tn\u00ed doru\u010den\u00ed:<\/b> Va\u0161e soukrom\u00ed je nejd\u016fle\u017eit\u011bj\u0161\u00ed. Pro v\u0161echny z\u00e1silky pou\u017e\u00edv\u00e1me bezpe\u010dn\u00e9, zcela neozna\u010den\u00e9 obaly, abychom zajistili naprostou d\u016fv\u011brnost a klid.<\/li>\n<li><b>Rychl\u00e1 a spolehliv\u00e1 p\u0159eprava:<\/b> Nab\u00edz\u00edme v\u00fdjime\u010dn\u011b rychl\u00e9 a pln\u011b sledovateln\u00e9 mo\u017enosti doru\u010den\u00ed po cel\u00e9m sv\u011bt\u011b, tak\u017ee m\u016f\u017eete sledovat svou objedn\u00e1vku od na\u0161eho z\u00e1vodu a\u017e k va\u0161im dve\u0159\u00edm.<\/li>\n<\/ul>\n<h3><b>D\u016fle\u017eitost v\u00fdb\u011bru spr\u00e1vn\u00e9ho prodejce<\/b><\/h3>\n<p>V\u00fdb\u011br ide\u00e1ln\u00edho prodejce je naprosto z\u00e1sadn\u00edm krokem pro zaji\u0161t\u011bn\u00ed kvality v\u00fdrobku i va\u0161\u00ed osobn\u00ed bezpe\u010dnosti, pokud se rozhodnete pro <b>koupit K2 Herbal Incense<\/b>. Renomovan\u00fd dodavatel, jako je Chemsfine, v\u017edy zajist\u00ed transparentnost a stoj\u00ed za integritou sv\u00fdch produkt\u016f, co\u017e je pro pozitivn\u00ed zku\u0161enost z\u00e1sadn\u00ed.<\/p>\n<h3><b>Jak si vybrat spolehliv\u00e9ho prodejce bylinn\u00fdch kadidel K2<\/b><\/h3>\n<ul>\n<li><b>Laboratorn\u00ed zpr\u00e1vy t\u0159et\u00edch stran:<\/b> V\u017edy se ujist\u011bte, \u017ee v\u00e1m prodejce poskytne k nahl\u00e9dnut\u00ed certifik\u00e1ty anal\u00fdzy (CoA) z laboratorn\u00edch test\u016f t\u0159et\u00edch stran. To potvrzuje \u010distotu a s\u00edlu.<\/li>\n<li><b>Z\u00e1sady bezpe\u010dn\u00e9 p\u0159epravy:<\/b> Spolehliv\u00fd prodejce m\u00e1 jasn\u00e9, bezpe\u010dn\u00e9 a zcela diskr\u00e9tn\u00ed z\u00e1sady p\u0159epravy, kter\u00e9 chr\u00e1n\u00ed va\u0161e soukrom\u00ed a zaji\u0161\u0165uj\u00ed, \u017ee va\u0161e objedn\u00e1vka doraz\u00ed v po\u0159\u00e1dku.<\/li>\n<li><b>Bezpe\u010dn\u00e9 platebn\u00ed metody:<\/b> Pou\u017e\u00edvejte pouze dodavatele, kte\u0159\u00ed nab\u00edzej\u00ed zcela \u0161ifrovan\u00e9 a bezpe\u010dn\u00e9 platebn\u00ed metody, abyste ochr\u00e1nili sv\u00e9 citliv\u00e9 finan\u010dn\u00ed informace p\u0159ed p\u0159\u00edpadn\u00fdmi hrozbami.<\/li>\n<li><b>Recenze a pov\u011bst z\u00e1kazn\u00edk\u016f:<\/b> V\u011bnujte \u010das d\u016fkladn\u00e9 kontrole autentick\u00fdch recenz\u00ed z\u00e1kazn\u00edk\u016f a celkov\u00e9 pov\u011bsti prodejce na trhu. Historie pozitivn\u00edch ohlas\u016f je siln\u00fdm ukazatelem spolehlivosti.<\/li>\n<\/ul>\n<h3><b>Z\u00e1v\u011br: Nejlep\u0161\u00ed dostupn\u00e9 bylinn\u00e9 kadidlo K2<\/b><\/h3>\n<p>Z\u00e1v\u011brem lze \u0159\u00edci, \u017ee na\u0161e \u0161pi\u010dkov\u00e1 kvalita <b>K2 Herbal Incense na prodej<\/b> nab\u00edz\u00ed silnou, \u00fa\u010dinnou a leg\u00e1ln\u00ed alternativu k tradi\u010dn\u00edmu konop\u00ed. Zaru\u010dujeme ov\u011b\u0159enou kvalitu a nejvy\u0161\u0161\u00ed bezpe\u010dnost, zejm\u00e9na pokud je v\u00e1\u0161 n\u00e1kup uskute\u010dn\u011bn od d\u016fv\u011bryhodn\u00e9ho a renomovan\u00e9ho prodejce, jako je Chemsfine. Doporu\u010dujeme v\u00e1m prozkoumat na\u0161i nab\u00eddku a <b>objednat K2 Herbal Incense online<\/b> a p\u0159esv\u011bd\u010dte se o \u0161pi\u010dkov\u00e9 kvalit\u011b a spokojenosti z\u00e1kazn\u00edk\u016f na vlastn\u00ed k\u016f\u017ei.<\/p>","protected":false},"excerpt":{"rendered":"<p>Kupte si \u0161pi\u010dkovou kvalitu <b>Bylinn\u00e9 kadidlo K2<\/b> online na Chemsfine. Na\u0161e pr\u00e9miov\u00e1 syntetick\u00e1 bylinn\u00e1 sm\u011bs je laboratorn\u011b testov\u00e1na na \u010distotu a \u00fa\u010dinnost a p\u0159edstavuje spolehlivou alternativu pro rekrea\u010dn\u00ed pou\u017eit\u00ed a v\u00fdzkum. Objednejte si nyn\u00ed nejlep\u0161\u00ed dostupn\u00fd K2.<\/p>","protected":false},"featured_media":1936,"comment_status":"closed","ping_status":"closed","template":"","meta":{"_joinchat":[]},"product_brand":[],"product_cat":[436],"product_tag":[],"class_list":{"0":"post-1690","1":"product","2":"type-product","3":"status-publish","4":"has-post-thumbnail","6":"product_cat-synthetic-cannabinoids","8":"first","9":"instock","10":"shipping-taxable","11":"purchasable","12":"product-type-variable"},"yoast_head":"<!-- This site is optimized with the Yoast SEO plugin v27.2 - https:\/\/yoast.com\/product\/yoast-seo-wordpress\/ -->\n<title>Order K2 Herbal Incense Online | Premium Blend For Sale<\/title>\n<meta name=\"description\" content=\"Looking to buy K2 Herbal Incense online? We offer premium, lab-tested K2 for sale. Enjoy fast, discreet shipping and competitive pricing. Order today!\" \/>\n<meta name=\"robots\" content=\"index, follow, max-snippet:-1, max-image-preview:large, max-video-preview:-1\" \/>\n<link rel=\"canonical\" href=\"https:\/\/chemsfine.com\/cs\/produkt\/buy-k2-herbal-incense\/\" \/>\n<meta property=\"og:locale\" content=\"cs_CZ\" \/>\n<meta property=\"og:type\" content=\"article\" \/>\n<meta property=\"og:title\" content=\"Order K2 Herbal Incense Online | Premium Blend For Sale\" \/>\n<meta property=\"og:description\" content=\"Looking to buy K2 Herbal Incense online? We offer premium, lab-tested K2 for sale. Enjoy fast, discreet shipping and competitive pricing. Order today!\" \/>\n<meta property=\"og:url\" content=\"https:\/\/chemsfine.com\/cs\/produkt\/buy-k2-herbal-incense\/\" \/>\n<meta property=\"og:site_name\" content=\"Chemsfine\" \/>\n<meta property=\"article:modified_time\" content=\"2026-03-25T15:23:29+00:00\" \/>\n<meta property=\"og:image\" content=\"https:\/\/chemsfine.com\/wp-content\/uploads\/2025\/06\/K2-Krauterweihrauch.jpg\" \/>\n\t<meta property=\"og:image:width\" content=\"600\" \/>\n\t<meta property=\"og:image:height\" content=\"600\" \/>\n\t<meta property=\"og:image:type\" content=\"image\/jpeg\" \/>\n<meta name=\"twitter:card\" content=\"summary_large_image\" \/>\n<meta name=\"twitter:label1\" content=\"Odhadovan\u00e1 doba \u010dten\u00ed\" \/>\n\t<meta name=\"twitter:data1\" content=\"3 minuty\" \/>\n<script type=\"application\/ld+json\" class=\"yoast-schema-graph\">{\"@context\":\"https:\/\/schema.org\",\"@graph\":[{\"@type\":\"WebPage\",\"@id\":\"https:\/\/chemsfine.com\/product\/buy-k2-herbal-incense\/\",\"url\":\"https:\/\/chemsfine.com\/product\/buy-k2-herbal-incense\/\",\"name\":\"Order K2 Herbal Incense Online | Premium Blend For Sale\",\"isPartOf\":{\"@id\":\"https:\/\/chemsfine.com\/#website\"},\"primaryImageOfPage\":{\"@id\":\"https:\/\/chemsfine.com\/product\/buy-k2-herbal-incense\/#primaryimage\"},\"image\":{\"@id\":\"https:\/\/chemsfine.com\/product\/buy-k2-herbal-incense\/#primaryimage\"},\"thumbnailUrl\":\"https:\/\/chemsfine.com\/wp-content\/uploads\/2025\/06\/K2-Krauterweihrauch.jpg\",\"datePublished\":\"2025-06-17T09:10:31+00:00\",\"dateModified\":\"2026-03-25T15:23:29+00:00\",\"description\":\"Looking to buy K2 Herbal Incense online? We offer premium, lab-tested K2 for sale. Enjoy fast, discreet shipping and competitive pricing. Order today!\",\"breadcrumb\":{\"@id\":\"https:\/\/chemsfine.com\/product\/buy-k2-herbal-incense\/#breadcrumb\"},\"inLanguage\":\"cs\",\"potentialAction\":[{\"@type\":\"ReadAction\",\"target\":[\"https:\/\/chemsfine.com\/product\/buy-k2-herbal-incense\/\"]}]},{\"@type\":\"ImageObject\",\"inLanguage\":\"cs\",\"@id\":\"https:\/\/chemsfine.com\/product\/buy-k2-herbal-incense\/#primaryimage\",\"url\":\"https:\/\/chemsfine.com\/wp-content\/uploads\/2025\/06\/K2-Krauterweihrauch.jpg\",\"contentUrl\":\"https:\/\/chemsfine.com\/wp-content\/uploads\/2025\/06\/K2-Krauterweihrauch.jpg\",\"width\":600,\"height\":600,\"caption\":\"K2 herbal incense\"},{\"@type\":\"BreadcrumbList\",\"@id\":\"https:\/\/chemsfine.com\/product\/buy-k2-herbal-incense\/#breadcrumb\",\"itemListElement\":[{\"@type\":\"ListItem\",\"position\":1,\"name\":\"Home\",\"item\":\"https:\/\/chemsfine.com\/\"},{\"@type\":\"ListItem\",\"position\":2,\"name\":\"Shop\",\"item\":\"https:\/\/chemsfine.com\/shop\/\"},{\"@type\":\"ListItem\",\"position\":3,\"name\":\"Buy K2 Herbal Incense Online | Premium Herbal Blend\"}]},{\"@type\":\"WebSite\",\"@id\":\"https:\/\/chemsfine.com\/#website\",\"url\":\"https:\/\/chemsfine.com\/\",\"name\":\"Chemsfine\",\"description\":\"My WordPress Blog\",\"publisher\":{\"@id\":\"https:\/\/chemsfine.com\/#organization\"},\"potentialAction\":[{\"@type\":\"SearchAction\",\"target\":{\"@type\":\"EntryPoint\",\"urlTemplate\":\"https:\/\/chemsfine.com\/?s={search_term_string}\"},\"query-input\":{\"@type\":\"PropertyValueSpecification\",\"valueRequired\":true,\"valueName\":\"search_term_string\"}}],\"inLanguage\":\"cs\"},{\"@type\":\"Organization\",\"@id\":\"https:\/\/chemsfine.com\/#organization\",\"name\":\"Chemsfine\",\"url\":\"https:\/\/chemsfine.com\/\",\"logo\":{\"@type\":\"ImageObject\",\"inLanguage\":\"cs\",\"@id\":\"https:\/\/chemsfine.com\/#\/schema\/logo\/image\/\",\"url\":\"https:\/\/chemsfine.com\/wp-content\/uploads\/2024\/09\/final-logo.png\",\"contentUrl\":\"https:\/\/chemsfine.com\/wp-content\/uploads\/2024\/09\/final-logo.png\",\"width\":340,\"height\":72,\"caption\":\"Chemsfine\"},\"image\":{\"@id\":\"https:\/\/chemsfine.com\/#\/schema\/logo\/image\/\"}}]}<\/script>\n<!-- \/ Yoast SEO plugin. -->","yoast_head_json":{"title":"K2 Herbal Incense Online | Pr\u00e9miov\u00e1 sm\u011bs na prodej","description":"Chcete si koupit K2 Herbal Incense online? Nab\u00edz\u00edme k prodeji pr\u00e9miov\u00e9, laboratorn\u011b testovan\u00e9 K2. U\u017eijte si rychlou, diskr\u00e9tn\u00ed dopravu a konkurenceschopn\u00e9 ceny. Objednejte si je\u0161t\u011b dnes!","robots":{"index":"index","follow":"follow","max-snippet":"max-snippet:-1","max-image-preview":"max-image-preview:large","max-video-preview":"max-video-preview:-1"},"canonical":"https:\/\/chemsfine.com\/cs\/produkt\/buy-k2-herbal-incense\/","og_locale":"cs_CZ","og_type":"article","og_title":"Order K2 Herbal Incense Online | Premium Blend For Sale","og_description":"Looking to buy K2 Herbal Incense online? We offer premium, lab-tested K2 for sale. Enjoy fast, discreet shipping and competitive pricing. Order today!","og_url":"https:\/\/chemsfine.com\/cs\/produkt\/buy-k2-herbal-incense\/","og_site_name":"Chemsfine","article_modified_time":"2026-03-25T15:23:29+00:00","og_image":[{"width":600,"height":600,"url":"https:\/\/chemsfine.com\/wp-content\/uploads\/2025\/06\/K2-Krauterweihrauch.jpg","type":"image\/jpeg"}],"twitter_card":"summary_large_image","twitter_misc":{"Odhadovan\u00e1 doba \u010dten\u00ed":"3 minuty"},"schema":{"@context":"https:\/\/schema.org","@graph":[{"@type":"WebPage","@id":"https:\/\/chemsfine.com\/product\/buy-k2-herbal-incense\/","url":"https:\/\/chemsfine.com\/product\/buy-k2-herbal-incense\/","name":"K2 Herbal Incense Online | Pr\u00e9miov\u00e1 sm\u011bs na prodej","isPartOf":{"@id":"https:\/\/chemsfine.com\/#website"},"primaryImageOfPage":{"@id":"https:\/\/chemsfine.com\/product\/buy-k2-herbal-incense\/#primaryimage"},"image":{"@id":"https:\/\/chemsfine.com\/product\/buy-k2-herbal-incense\/#primaryimage"},"thumbnailUrl":"https:\/\/chemsfine.com\/wp-content\/uploads\/2025\/06\/K2-Krauterweihrauch.jpg","datePublished":"2025-06-17T09:10:31+00:00","dateModified":"2026-03-25T15:23:29+00:00","description":"Chcete si koupit K2 Herbal Incense online? Nab\u00edz\u00edme k prodeji pr\u00e9miov\u00e9, laboratorn\u011b testovan\u00e9 K2. U\u017eijte si rychlou, diskr\u00e9tn\u00ed dopravu a konkurenceschopn\u00e9 ceny. Objednejte si je\u0161t\u011b dnes!","breadcrumb":{"@id":"https:\/\/chemsfine.com\/product\/buy-k2-herbal-incense\/#breadcrumb"},"inLanguage":"cs","potentialAction":[{"@type":"ReadAction","target":["https:\/\/chemsfine.com\/product\/buy-k2-herbal-incense\/"]}]},{"@type":"ImageObject","inLanguage":"cs","@id":"https:\/\/chemsfine.com\/product\/buy-k2-herbal-incense\/#primaryimage","url":"https:\/\/chemsfine.com\/wp-content\/uploads\/2025\/06\/K2-Krauterweihrauch.jpg","contentUrl":"https:\/\/chemsfine.com\/wp-content\/uploads\/2025\/06\/K2-Krauterweihrauch.jpg","width":600,"height":600,"caption":"K2 herbal incense"},{"@type":"BreadcrumbList","@id":"https:\/\/chemsfine.com\/product\/buy-k2-herbal-incense\/#breadcrumb","itemListElement":[{"@type":"ListItem","position":1,"name":"Home","item":"https:\/\/chemsfine.com\/"},{"@type":"ListItem","position":2,"name":"Shop","item":"https:\/\/chemsfine.com\/shop\/"},{"@type":"ListItem","position":3,"name":"Buy K2 Herbal Incense Online | Premium Herbal Blend"}]},{"@type":"WebSite","@id":"https:\/\/chemsfine.com\/#website","url":"https:\/\/chemsfine.com\/","name":"Chemsfine","description":"M\u016fj blog WordPress","publisher":{"@id":"https:\/\/chemsfine.com\/#organization"},"potentialAction":[{"@type":"SearchAction","target":{"@type":"EntryPoint","urlTemplate":"https:\/\/chemsfine.com\/?s={search_term_string}"},"query-input":{"@type":"PropertyValueSpecification","valueRequired":true,"valueName":"search_term_string"}}],"inLanguage":"cs"},{"@type":"Organization","@id":"https:\/\/chemsfine.com\/#organization","name":"Chemsfine","url":"https:\/\/chemsfine.com\/","logo":{"@type":"ImageObject","inLanguage":"cs","@id":"https:\/\/chemsfine.com\/#\/schema\/logo\/image\/","url":"https:\/\/chemsfine.com\/wp-content\/uploads\/2024\/09\/final-logo.png","contentUrl":"https:\/\/chemsfine.com\/wp-content\/uploads\/2024\/09\/final-logo.png","width":340,"height":72,"caption":"Chemsfine"},"image":{"@id":"https:\/\/chemsfine.com\/#\/schema\/logo\/image\/"}}]}},"_links":{"self":[{"href":"https:\/\/chemsfine.com\/cs\/wp-json\/wp\/v2\/product\/1690","targetHints":{"allow":["GET"]}}],"collection":[{"href":"https:\/\/chemsfine.com\/cs\/wp-json\/wp\/v2\/product"}],"about":[{"href":"https:\/\/chemsfine.com\/cs\/wp-json\/wp\/v2\/types\/product"}],"replies":[{"embeddable":true,"href":"https:\/\/chemsfine.com\/cs\/wp-json\/wp\/v2\/comments?post=1690"}],"wp:featuredmedia":[{"embeddable":true,"href":"https:\/\/chemsfine.com\/cs\/wp-json\/wp\/v2\/media\/1936"}],"wp:attachment":[{"href":"https:\/\/chemsfine.com\/cs\/wp-json\/wp\/v2\/media?parent=1690"}],"wp:term":[{"taxonomy":"product_brand","embeddable":true,"href":"https:\/\/chemsfine.com\/cs\/wp-json\/wp\/v2\/product_brand?post=1690"},{"taxonomy":"product_cat","embeddable":true,"href":"https:\/\/chemsfine.com\/cs\/wp-json\/wp\/v2\/product_cat?post=1690"},{"taxonomy":"product_tag","embeddable":true,"href":"https:\/\/chemsfine.com\/cs\/wp-json\/wp\/v2\/product_tag?post=1690"}],"curies":[{"name":"wp","href":"https:\/\/api.w.org\/{rel}","templated":true}]}}