{"id":1692,"date":"2025-06-17T09:11:25","date_gmt":"2025-06-17T09:11:25","guid":{"rendered":"https:\/\/chemsfine.com\/?post_type=product&#038;p=1692"},"modified":"2026-03-25T15:22:57","modified_gmt":"2026-03-25T15:22:57","slug":"koupit-ketamin-online","status":"publish","type":"product","link":"https:\/\/chemsfine.com\/cs\/product\/buy-ketamine-online\/","title":{"rendered":"Koupit ketamin online | Vysoce \u010dist\u00fd ketamin na prodej"},"content":{"rendered":"<div>\n<p>Pokud chcete <b>koupit Ketamin na prodej<\/b>, jste se ocitli na nejv\u00fdznamn\u011bj\u0161\u00edm m\u00edst\u011b, kde najdete vysoce \u010dist\u00e9 v\u00fdzkumn\u00e9 slou\u010deniny. Ketamin je rychle p\u016fsob\u00edc\u00ed disociativn\u00ed anestetikum, kter\u00e9 se \u0161iroce pou\u017e\u00edv\u00e1 v l\u00e9ka\u0159sk\u00fdch a veterin\u00e1rn\u00edch za\u0159\u00edzen\u00edch pro sv\u00e9 siln\u00e9 protibolestiv\u00e9 a sedativn\u00ed vlastnosti. Tato pozoruhodn\u00e1 slou\u010denina, p\u016fvodn\u011b vyvinut\u00e1 v 60. letech 20. stolet\u00ed, je tak\u00e9 uzn\u00e1v\u00e1na pro sv\u00e9 jedine\u010dn\u00e9 psychoaktivn\u00ed \u00fa\u010dinky, kter\u00e9 vedly k jej\u00edmu nov\u00e9mu vyu\u017eit\u00ed v nejmodern\u011bj\u0161\u00edch l\u00e9\u010debn\u00fdch postupech v oblasti du\u0161evn\u00edho zdrav\u00ed, v\u010detn\u011b terapie deprese a posttraumatick\u00e9 stresov\u00e9 poruchy. Ketamin je zn\u00e1m\u00fd t\u00edm, \u017ee vyvol\u00e1v\u00e1 disociativn\u00ed stavy a hlubokou analgezii, a z\u016fst\u00e1v\u00e1 tak v\u0161estrannou slou\u010deninou cen\u011bnou jak v klinick\u00e9 praxi, tak v rozs\u00e1hl\u00e9m v\u00fdzkumu.<\/p>\n<p>Kdy\u017e pot\u0159ebujete <b>koupit Ketamin online<\/b>, d\u016fv\u011b\u0159ujte spole\u010dnosti Chemsfine, \u017ee poskytuje v\u00fdjime\u010dnou kvalitu. Nab\u00edz\u00edme k prodeji vysoce kvalitn\u00ed ketamin, kter\u00fd poch\u00e1z\u00ed p\u0159\u00edmo z d\u016fv\u011bryhodn\u00fdch certifikovan\u00fdch laborato\u0159\u00ed a jeho\u017e \u010distota a \u00fa\u010dinnost jsou pe\u010dliv\u011b ov\u011b\u0159ov\u00e1ny. A\u0165 u\u017e jsou va\u0161e pot\u0159eby ur\u010deny pro l\u00e9ka\u0159sk\u00fd v\u00fdzkum nebo specifick\u00e9 terapeutick\u00e9 aplikace, m\u016f\u017eete se spolehnout, \u017ee. <b>objednat ketamin online<\/b> od t\u011bch nejlep\u0161\u00edch v oboru. U\u017eijte si na\u0161e vysoce konkuren\u010dn\u00ed ceny, pln\u011b diskr\u00e9tn\u00ed dopravu po cel\u00e9m sv\u011bt\u011b a bezprobl\u00e9mov\u00e9, bezpe\u010dn\u00e9 nakupov\u00e1n\u00ed, kdy\u017e se rozhodnete pro <b>nakupovat Ketamin online<\/b> s n\u00e1mi. Jsme odhodl\u00e1ni nastavit pr\u016fmyslov\u00fd standard pro dokonalost a spolehlivost.<\/p>\n<h2><b>Co je ketamin? P\u016fvod a chemick\u00fd profil<\/b><\/h2>\n<p>Historie ketaminu sah\u00e1 a\u017e k jeho prvn\u00ed synt\u00e9ze v roce 1962. Rychle si z\u00edskal popularitu jako revolu\u010dn\u00ed disociativn\u00ed anestetikum d\u00edky sv\u00e9mu rychl\u00e9mu n\u00e1stupu a p\u0159\u00edzniv\u00e9mu bezpe\u010dnostn\u00edmu profilu ve srovn\u00e1n\u00ed s jin\u00fdmi l\u00e1tkami t\u00e9 doby. Z chemick\u00e9ho hlediska je n\u00e1\u0161 <b>Ketamin nejvy\u0161\u0161\u00ed kvality<\/b> je klasifikov\u00e1n jako arylcyklohexylamin. Jeho hlavn\u00ed mechanismus \u00fa\u010dinku spo\u010d\u00edv\u00e1 v antagonizaci NMDA receptor\u016f v mozku, co\u017e vede k jeho siln\u00e9mu anestetick\u00e9mu a jedine\u010dn\u00e9mu psychoaktivn\u00edmu \u00fa\u010dinku. Tato odli\u0161n\u00e1 biochemick\u00e1 cesta je tak\u00e9 z\u00e1kladem jeho rostouc\u00ed a slibn\u00e9 role v pokro\u010dil\u00e9 psychiatrick\u00e9 l\u00e9\u010db\u011b, co\u017e z n\u011bj \u010din\u00ed p\u0159edm\u011bt intenzivn\u00edho v\u011bdeck\u00e9ho z\u00e1jmu a cenn\u00fd n\u00e1stroj pro v\u00fdzkumn\u00edky.<\/p>\n<h3><b>Pro\u010d koupit ketamin online u n\u00e1s?<\/b><\/h3>\n<p>N\u00e1kup ketaminu online prost\u0159ednictv\u00edm na\u0161\u00ed d\u016fv\u011bryhodn\u00e9 platformy Chemsfine v\u00e1m zaru\u010duje, \u017ee obdr\u017e\u00edte \u010dist\u00fd, laboratorn\u011b testovan\u00fd produkt, kter\u00fd je podpo\u0159en bezpe\u010dn\u00fdmi platebn\u00edmi metodami a trvale spolehlivou p\u0159epravou. Up\u0159ednost\u0148ujeme soukrom\u00ed a naprostou spokojenost z\u00e1kazn\u00edk\u016f nade v\u0161e a nab\u00edz\u00edme konkurenceschopn\u00e9 ceny a diskr\u00e9tn\u00ed balen\u00ed ka\u017ed\u00e9 objedn\u00e1vky. Tento z\u00e1vazek ke kvalit\u011b a bezpe\u010dnosti z n\u00e1s \u010din\u00ed preferovanou volbu, kdy\u017e pot\u0159ebujete <b>koupit levn\u00e9 Ketamin online<\/b> ani\u017e by to bylo na \u00fakor \u010distoty nebo profesion\u00e1ln\u00edch slu\u017eeb. V\u011b\u0159\u00edme, \u017ee <b>nejlep\u0161\u00ed dostupn\u00fd ketamin<\/b> by m\u011bl tak\u00e9 p\u0159in\u00e1\u0161et klid.<\/p>\n<h4><b>Jak vybrat spolehliv\u00e9ho prodejce<\/b><\/h4>\n<p>V\u00fdb\u011br spolehliv\u00e9ho prodejce je naprosto z\u00e1sadn\u00ed pro va\u0161i bezpe\u010dnost a spokojenost p\u0159i n\u00e1kupu chemick\u00fdch slou\u010denin online. Chcete-li si b\u00fdt jisti, \u017ee spolupracujete s d\u016fv\u011bryhodn\u00fdm zdrojem, v\u017edy postupujte podle t\u011bchto z\u00e1sadn\u00edch krok\u016f:<\/p>\n<ul>\n<li><b>Ov\u011b\u0159te laboratorn\u00ed testov\u00e1n\u00ed:<\/b> V\u017edy vy\u017eadujte certifik\u00e1ty o anal\u00fdze od t\u0159et\u00ed strany, kter\u00e9 potvrzuj\u00ed \u010distotu a \u00fa\u010dinnost. Poskytujeme je pro v\u0161echny na\u0161e \u0161ar\u017ee.<\/li>\n<li><b>Potvrzen\u00ed Z\u00e1sad p\u0159epravy:<\/b> Ujist\u011bte se, \u017ee prodejce m\u00e1 bezpe\u010dn\u00e9, diskr\u00e9tn\u00ed a spolehliv\u00e9 z\u00e1sady p\u0159epravy. Na\u0161e neozna\u010den\u00e9 balen\u00ed chr\u00e1n\u00ed va\u0161e soukrom\u00ed.<\/li>\n<li><b>Zabezpe\u010den\u00ed platby \u0161ekem:<\/b> Zp\u016fsob platby mus\u00ed b\u00fdt \u0161ifrovan\u00fd a bezpe\u010dn\u00fd. Na\u0161e platforma pou\u017e\u00edv\u00e1 nejmodern\u011bj\u0161\u00ed \u0161ifrov\u00e1n\u00ed k ochran\u011b va\u0161ich dat.<\/li>\n<li><b>Recenze Reputace:<\/b> V\u017edy si ov\u011b\u0159te recenze z\u00e1kazn\u00edk\u016f a celkovou pov\u011bst prodejce ve v\u00fdzkumn\u00e9 komunit\u011b. Na\u0161e v\u00fdsledky mluv\u00ed samy za sebe.<\/li>\n<\/ul>\n<h3><b>Pou\u017eit\u00ed ketaminu<\/b><\/h3>\n<p>Ketamin je vysoce univerz\u00e1ln\u00ed slou\u010denina, kter\u00e1 se pou\u017e\u00edv\u00e1 v r\u016fzn\u00fdch n\u00e1ro\u010dn\u00fdch l\u00e9ka\u0159sk\u00fdch, terapeutick\u00fdch a v\u00fdzkumn\u00fdch situac\u00edch. D\u00edky sv\u00fdm jedine\u010dn\u00fdm vlastnostem je neoceniteln\u00fd v klinick\u00fdch i laboratorn\u00edch podm\u00ednk\u00e1ch, kde je nejd\u016fle\u017eit\u011bj\u0161\u00ed p\u0159esnost a spolehlivost.<\/p>\n<ul>\n<li style=\"font-weight: 400\"><span style=\"font-weight: 400\">Z\u00e1kladn\u00ed celkov\u00e9 anestetikum v hum\u00e1nn\u00ed i veterin\u00e1rn\u00ed medic\u00edn\u011b.<\/span><\/li>\n<li style=\"font-weight: 400\"><span style=\"font-weight: 400\">Rychle p\u016fsob\u00edc\u00ed analgetikum k l\u00e9\u010db\u011b akutn\u00ed a chronick\u00e9 bolesti.<\/span><\/li>\n<li style=\"font-weight: 400\"><span style=\"font-weight: 400\">Inovativn\u00ed terapeutick\u00fd prost\u0159edek pro l\u00e9\u010dbu deprese a posttraumatick\u00e9 stresov\u00e9 poruchy rezistentn\u00ed na l\u00e9\u010dbu.<\/span><\/li>\n<li style=\"font-weight: 400\"><span style=\"font-weight: 400\">Kritick\u00e1 v\u00fdzkumn\u00e1 slou\u010denina pro neurologick\u00e9 a psychiatrick\u00e9 studie.<\/span><\/li>\n<li style=\"font-weight: 400\"><span style=\"font-weight: 400\">\u00da\u010dinn\u00fd sedativn\u00ed a disocia\u010dn\u00ed prost\u0159edek pou\u017e\u00edvan\u00fd v kontrolovan\u00fdch l\u00e9ka\u0159sk\u00fdch za\u0159\u00edzen\u00edch.<\/span><\/li>\n<\/ul>\n<h3><b>Jak a kde objednat ketamin online<\/b><\/h3>\n<p>A\u017e budete p\u0159ipraveni <b>objednat ketamin online<\/b>, proces je jednoduch\u00fd a zcela bezpe\u010dn\u00fd prost\u0159ednictv\u00edm webov\u00fdch str\u00e1nek Chemsfine. Sta\u010d\u00ed p\u0159ej\u00edt na str\u00e1nku produktu, vybrat po\u017eadovan\u00e9 mno\u017estv\u00ed a p\u0159ej\u00edt k pokladn\u011b. Platbu m\u016f\u017eete dokon\u010dit prost\u0159ednictv\u00edm na\u0161eho pln\u011b \u0161ifrovan\u00e9ho syst\u00e9mu, kter\u00fd zajist\u00ed, \u017ee va\u0161e finan\u010dn\u00ed \u00fadaje z\u016fstanou d\u016fv\u011brn\u00e9. Po potvrzen\u00ed je va\u0161e objedn\u00e1vka p\u0159ipravena k rychl\u00e9mu a diskr\u00e9tn\u00edmu odesl\u00e1n\u00ed, p\u0159i\u010dem\u017e balen\u00ed je navr\u017eeno tak, aby chr\u00e1nilo v\u00fdrobek i va\u0161e soukrom\u00ed, a\u0165 u\u017e se nach\u00e1z\u00edte kdekoli na sv\u011bt\u011b.<\/p>\n<h4><b>V\u00fdhody n\u00e1kupu ketaminu online od spole\u010dnosti Chemsfine<\/b><\/h4>\n<ul>\n<li><b>Laboratorn\u011b testovan\u00e9 produkty:<\/b> \u010cistotu a \u00fa\u010dinnost na\u0161eho ketaminu garantujeme ov\u011b\u0159en\u00fdmi nez\u00e1visl\u00fdmi laboratorn\u00edmi testy.<\/li>\n<li><b>Konkuren\u010dn\u00ed ceny:<\/b> Na\u0161e efektivn\u00ed z\u00e1sobov\u00e1n\u00ed v\u00e1m umo\u017e\u0148uje p\u0159\u00edstup k cenov\u011b dostupn\u00e9mu, vysoce kvalitn\u00edmu ketaminu bez skryt\u00fdch n\u00e1klad\u016f.<\/li>\n<li><b>Diskr\u00e9tn\u00ed doru\u010den\u00ed:<\/b> Ka\u017ed\u00fd bal\u00ed\u010dek je zabezpe\u010den\u00fd a neozna\u010den\u00fd, aby bylo zaji\u0161t\u011bno va\u0161e soukrom\u00ed od odesl\u00e1n\u00ed a\u017e po doru\u010den\u00ed.<\/li>\n<li><b>Spolehliv\u00e1 p\u0159eprava:<\/b> Poskytujeme rychl\u00e9 a pln\u011b sledovateln\u00e9 doru\u010den\u00ed po cel\u00e9m sv\u011bt\u011b, tak\u017ee v\u017edy v\u00edte, v jak\u00e9m stavu se va\u0161e objedn\u00e1vka nach\u00e1z\u00ed.<\/li>\n<\/ul>\n<h3><b>Z\u00e1v\u011br<\/b><\/h3>\n<h4><b>Souhrn v\u00fdhod<\/b><\/h4>\n<p>Ketamin m\u00e1 v\u0161estrann\u00e9 a v\u00fdznamn\u00e9 l\u00e9ka\u0159sk\u00e9 a terapeutick\u00e9 p\u0159\u00ednosy. Kdy\u017e <b>koupit Ketamin na prodej<\/b> od d\u016fv\u011bryhodn\u00e9ho online prodejce, jako je Chemsfine, m\u00e1te jistotu zaru\u010den\u00e9 \u010distoty, ov\u011b\u0159en\u00e9 kvality a bezpe\u010dn\u00e9ho n\u00e1kupn\u00edho procesu od za\u010d\u00e1tku a\u017e do konce. Na\u0161\u00edm z\u00e1vazkem je poskytovat v\u00fdzkumn\u00e9 komunit\u011b \u0161pi\u010dkov\u00e9 produkty a bezkonkuren\u010dn\u00ed slu\u017eby.<\/p>\n<h4><b>Z\u00e1v\u011bre\u010dn\u00e9 doporu\u010den\u00ed<\/b><\/h4>\n<p>Pro v\u00fdzkumn\u00e9 pracovn\u00edky a instituce, kte\u0159\u00ed hledaj\u00ed nejvy\u0161\u0161\u00ed kvalitu a spolehlivost, je na\u0161e platforma jednozna\u010dn\u011b nejvhodn\u011bj\u0161\u00ed. <b>nejlep\u0161\u00ed m\u00edsto pro n\u00e1kup ketaminu online<\/b>. D\u00edky na\u0161emu z\u00e1vazku ov\u011b\u0159en\u00e9ho laboratorn\u00edho testov\u00e1n\u00ed, dostupn\u00fdm a transparentn\u00edm cen\u00e1m a bezpe\u010dn\u00e9 a diskr\u00e9tn\u00ed p\u0159eprav\u011b m\u016f\u017eete. <b>objednat ketamin online<\/b> a vyzkou\u0161ejte si \u0161pi\u010dkov\u00e9 slu\u017eby a dokonalost v\u00fdrobk\u016f. D\u016fv\u011b\u0159ujte spole\u010dnosti Chemsfine ve v\u0161ech sv\u00fdch v\u00fdzkumn\u00fdch pot\u0159eb\u00e1ch.<\/p>\n<\/div>","protected":false},"excerpt":{"rendered":"<p><b>Koupit Ketamin online<\/b> od d\u016fv\u011bryhodn\u00e9ho a renomovan\u00e9ho prodejce. Ve spole\u010dnosti Chemsfine nab\u00edz\u00edme vysoce kvalitn\u00ed ketamin (hydrochlorid), celkov\u00e9 anestetikum zn\u00e1m\u00e9 tak\u00e9 pod n\u00e1zvem Ketolar, vyr\u00e1b\u011bn\u00fd s ohledem na \u010distotu a spolehlivost. Nakupujte bezpe\u010dn\u011b a diskr\u00e9tn\u011b z nejlep\u0161\u00edho zdroje online.<\/p>","protected":false},"featured_media":1938,"comment_status":"closed","ping_status":"closed","template":"","meta":{"_joinchat":[]},"product_brand":[],"product_cat":[432],"product_tag":[],"class_list":{"0":"post-1692","1":"product","2":"type-product","3":"status-publish","4":"has-post-thumbnail","6":"product_cat-dissociatives","8":"first","9":"instock","10":"shipping-taxable","11":"purchasable","12":"product-type-variable"},"yoast_head":"<!-- This site is optimized with the Yoast SEO plugin v27.2 - https:\/\/yoast.com\/product\/yoast-seo-wordpress\/ -->\n<title>Buy Ketamine Online | Best Price on Lab-Tested Ketamine<\/title>\n<meta name=\"description\" content=\"Looking to buy Ketamine online? Chemsfine offers high-quality, pure Ketamine for sale. Enjoy competitive prices, lab-tested products, and fast, discreet shipping.\" \/>\n<meta name=\"robots\" content=\"index, follow, max-snippet:-1, max-image-preview:large, max-video-preview:-1\" \/>\n<link rel=\"canonical\" href=\"https:\/\/chemsfine.com\/cs\/produkt\/koupit-ketamin-online\/\" \/>\n<meta property=\"og:locale\" content=\"cs_CZ\" \/>\n<meta property=\"og:type\" content=\"article\" \/>\n<meta property=\"og:title\" content=\"Buy Ketamine Online | Best Price on Lab-Tested Ketamine\" \/>\n<meta property=\"og:description\" content=\"Looking to buy Ketamine online? Chemsfine offers high-quality, pure Ketamine for sale. Enjoy competitive prices, lab-tested products, and fast, discreet shipping.\" \/>\n<meta property=\"og:url\" content=\"https:\/\/chemsfine.com\/cs\/produkt\/koupit-ketamin-online\/\" \/>\n<meta property=\"og:site_name\" content=\"Chemsfine\" \/>\n<meta property=\"article:modified_time\" content=\"2026-03-25T15:22:57+00:00\" \/>\n<meta property=\"og:image\" content=\"https:\/\/chemsfine.com\/wp-content\/uploads\/2025\/06\/Ketamine-1kg.jpg\" \/>\n\t<meta property=\"og:image:width\" content=\"600\" \/>\n\t<meta property=\"og:image:height\" content=\"600\" \/>\n\t<meta property=\"og:image:type\" content=\"image\/jpeg\" \/>\n<meta name=\"twitter:card\" content=\"summary_large_image\" \/>\n<meta name=\"twitter:label1\" content=\"Odhadovan\u00e1 doba \u010dten\u00ed\" \/>\n\t<meta name=\"twitter:data1\" content=\"3 minuty\" \/>\n<script type=\"application\/ld+json\" class=\"yoast-schema-graph\">{\"@context\":\"https:\/\/schema.org\",\"@graph\":[{\"@type\":\"WebPage\",\"@id\":\"https:\/\/chemsfine.com\/product\/buy-ketamine-online\/\",\"url\":\"https:\/\/chemsfine.com\/product\/buy-ketamine-online\/\",\"name\":\"Buy Ketamine Online | Best Price on Lab-Tested Ketamine\",\"isPartOf\":{\"@id\":\"https:\/\/chemsfine.com\/#website\"},\"primaryImageOfPage\":{\"@id\":\"https:\/\/chemsfine.com\/product\/buy-ketamine-online\/#primaryimage\"},\"image\":{\"@id\":\"https:\/\/chemsfine.com\/product\/buy-ketamine-online\/#primaryimage\"},\"thumbnailUrl\":\"https:\/\/chemsfine.com\/wp-content\/uploads\/2025\/06\/Ketamine-1kg.jpg\",\"datePublished\":\"2025-06-17T09:11:25+00:00\",\"dateModified\":\"2026-03-25T15:22:57+00:00\",\"description\":\"Looking to buy Ketamine online? Chemsfine offers high-quality, pure Ketamine for sale. Enjoy competitive prices, lab-tested products, and fast, discreet shipping.\",\"breadcrumb\":{\"@id\":\"https:\/\/chemsfine.com\/product\/buy-ketamine-online\/#breadcrumb\"},\"inLanguage\":\"cs\",\"potentialAction\":[{\"@type\":\"ReadAction\",\"target\":[\"https:\/\/chemsfine.com\/product\/buy-ketamine-online\/\"]}]},{\"@type\":\"ImageObject\",\"inLanguage\":\"cs\",\"@id\":\"https:\/\/chemsfine.com\/product\/buy-ketamine-online\/#primaryimage\",\"url\":\"https:\/\/chemsfine.com\/wp-content\/uploads\/2025\/06\/Ketamine-1kg.jpg\",\"contentUrl\":\"https:\/\/chemsfine.com\/wp-content\/uploads\/2025\/06\/Ketamine-1kg.jpg\",\"width\":600,\"height\":600,\"caption\":\"Ketamine\"},{\"@type\":\"BreadcrumbList\",\"@id\":\"https:\/\/chemsfine.com\/product\/buy-ketamine-online\/#breadcrumb\",\"itemListElement\":[{\"@type\":\"ListItem\",\"position\":1,\"name\":\"Home\",\"item\":\"https:\/\/chemsfine.com\/\"},{\"@type\":\"ListItem\",\"position\":2,\"name\":\"Shop\",\"item\":\"https:\/\/chemsfine.com\/shop\/\"},{\"@type\":\"ListItem\",\"position\":3,\"name\":\"Buy Ketamine Online | High-Purity Ketamine For Sale\"}]},{\"@type\":\"WebSite\",\"@id\":\"https:\/\/chemsfine.com\/#website\",\"url\":\"https:\/\/chemsfine.com\/\",\"name\":\"Chemsfine\",\"description\":\"My WordPress Blog\",\"publisher\":{\"@id\":\"https:\/\/chemsfine.com\/#organization\"},\"potentialAction\":[{\"@type\":\"SearchAction\",\"target\":{\"@type\":\"EntryPoint\",\"urlTemplate\":\"https:\/\/chemsfine.com\/?s={search_term_string}\"},\"query-input\":{\"@type\":\"PropertyValueSpecification\",\"valueRequired\":true,\"valueName\":\"search_term_string\"}}],\"inLanguage\":\"cs\"},{\"@type\":\"Organization\",\"@id\":\"https:\/\/chemsfine.com\/#organization\",\"name\":\"Chemsfine\",\"url\":\"https:\/\/chemsfine.com\/\",\"logo\":{\"@type\":\"ImageObject\",\"inLanguage\":\"cs\",\"@id\":\"https:\/\/chemsfine.com\/#\/schema\/logo\/image\/\",\"url\":\"https:\/\/chemsfine.com\/wp-content\/uploads\/2024\/09\/final-logo.png\",\"contentUrl\":\"https:\/\/chemsfine.com\/wp-content\/uploads\/2024\/09\/final-logo.png\",\"width\":340,\"height\":72,\"caption\":\"Chemsfine\"},\"image\":{\"@id\":\"https:\/\/chemsfine.com\/#\/schema\/logo\/image\/\"}}]}<\/script>\n<!-- \/ Yoast SEO plugin. -->","yoast_head_json":{"title":"Koupit ketamin online | Nejlep\u0161\u00ed cena laboratorn\u011b testovan\u00e9ho ketaminu","description":"Chcete si koupit ketamin online? Chemsfine nab\u00edz\u00ed vysoce kvalitn\u00ed, \u010dist\u00fd ketamin na prodej. U\u017eijte si konkurenceschopn\u00e9 ceny, laboratorn\u011b testovan\u00e9 produkty a rychlou, diskr\u00e9tn\u00ed dopravu.","robots":{"index":"index","follow":"follow","max-snippet":"max-snippet:-1","max-image-preview":"max-image-preview:large","max-video-preview":"max-video-preview:-1"},"canonical":"https:\/\/chemsfine.com\/cs\/produkt\/koupit-ketamin-online\/","og_locale":"cs_CZ","og_type":"article","og_title":"Buy Ketamine Online | Best Price on Lab-Tested Ketamine","og_description":"Looking to buy Ketamine online? Chemsfine offers high-quality, pure Ketamine for sale. Enjoy competitive prices, lab-tested products, and fast, discreet shipping.","og_url":"https:\/\/chemsfine.com\/cs\/produkt\/koupit-ketamin-online\/","og_site_name":"Chemsfine","article_modified_time":"2026-03-25T15:22:57+00:00","og_image":[{"width":600,"height":600,"url":"https:\/\/chemsfine.com\/wp-content\/uploads\/2025\/06\/Ketamine-1kg.jpg","type":"image\/jpeg"}],"twitter_card":"summary_large_image","twitter_misc":{"Odhadovan\u00e1 doba \u010dten\u00ed":"3 minuty"},"schema":{"@context":"https:\/\/schema.org","@graph":[{"@type":"WebPage","@id":"https:\/\/chemsfine.com\/product\/buy-ketamine-online\/","url":"https:\/\/chemsfine.com\/product\/buy-ketamine-online\/","name":"Koupit ketamin online | Nejlep\u0161\u00ed cena laboratorn\u011b testovan\u00e9ho ketaminu","isPartOf":{"@id":"https:\/\/chemsfine.com\/#website"},"primaryImageOfPage":{"@id":"https:\/\/chemsfine.com\/product\/buy-ketamine-online\/#primaryimage"},"image":{"@id":"https:\/\/chemsfine.com\/product\/buy-ketamine-online\/#primaryimage"},"thumbnailUrl":"https:\/\/chemsfine.com\/wp-content\/uploads\/2025\/06\/Ketamine-1kg.jpg","datePublished":"2025-06-17T09:11:25+00:00","dateModified":"2026-03-25T15:22:57+00:00","description":"Chcete si koupit ketamin online? Chemsfine nab\u00edz\u00ed vysoce kvalitn\u00ed, \u010dist\u00fd ketamin na prodej. U\u017eijte si konkurenceschopn\u00e9 ceny, laboratorn\u011b testovan\u00e9 produkty a rychlou, diskr\u00e9tn\u00ed dopravu.","breadcrumb":{"@id":"https:\/\/chemsfine.com\/product\/buy-ketamine-online\/#breadcrumb"},"inLanguage":"cs","potentialAction":[{"@type":"ReadAction","target":["https:\/\/chemsfine.com\/product\/buy-ketamine-online\/"]}]},{"@type":"ImageObject","inLanguage":"cs","@id":"https:\/\/chemsfine.com\/product\/buy-ketamine-online\/#primaryimage","url":"https:\/\/chemsfine.com\/wp-content\/uploads\/2025\/06\/Ketamine-1kg.jpg","contentUrl":"https:\/\/chemsfine.com\/wp-content\/uploads\/2025\/06\/Ketamine-1kg.jpg","width":600,"height":600,"caption":"Ketamine"},{"@type":"BreadcrumbList","@id":"https:\/\/chemsfine.com\/product\/buy-ketamine-online\/#breadcrumb","itemListElement":[{"@type":"ListItem","position":1,"name":"Home","item":"https:\/\/chemsfine.com\/"},{"@type":"ListItem","position":2,"name":"Shop","item":"https:\/\/chemsfine.com\/shop\/"},{"@type":"ListItem","position":3,"name":"Buy Ketamine Online | High-Purity Ketamine For Sale"}]},{"@type":"WebSite","@id":"https:\/\/chemsfine.com\/#website","url":"https:\/\/chemsfine.com\/","name":"Chemsfine","description":"M\u016fj blog WordPress","publisher":{"@id":"https:\/\/chemsfine.com\/#organization"},"potentialAction":[{"@type":"SearchAction","target":{"@type":"EntryPoint","urlTemplate":"https:\/\/chemsfine.com\/?s={search_term_string}"},"query-input":{"@type":"PropertyValueSpecification","valueRequired":true,"valueName":"search_term_string"}}],"inLanguage":"cs"},{"@type":"Organization","@id":"https:\/\/chemsfine.com\/#organization","name":"Chemsfine","url":"https:\/\/chemsfine.com\/","logo":{"@type":"ImageObject","inLanguage":"cs","@id":"https:\/\/chemsfine.com\/#\/schema\/logo\/image\/","url":"https:\/\/chemsfine.com\/wp-content\/uploads\/2024\/09\/final-logo.png","contentUrl":"https:\/\/chemsfine.com\/wp-content\/uploads\/2024\/09\/final-logo.png","width":340,"height":72,"caption":"Chemsfine"},"image":{"@id":"https:\/\/chemsfine.com\/#\/schema\/logo\/image\/"}}]}},"_links":{"self":[{"href":"https:\/\/chemsfine.com\/cs\/wp-json\/wp\/v2\/product\/1692","targetHints":{"allow":["GET"]}}],"collection":[{"href":"https:\/\/chemsfine.com\/cs\/wp-json\/wp\/v2\/product"}],"about":[{"href":"https:\/\/chemsfine.com\/cs\/wp-json\/wp\/v2\/types\/product"}],"replies":[{"embeddable":true,"href":"https:\/\/chemsfine.com\/cs\/wp-json\/wp\/v2\/comments?post=1692"}],"wp:featuredmedia":[{"embeddable":true,"href":"https:\/\/chemsfine.com\/cs\/wp-json\/wp\/v2\/media\/1938"}],"wp:attachment":[{"href":"https:\/\/chemsfine.com\/cs\/wp-json\/wp\/v2\/media?parent=1692"}],"wp:term":[{"taxonomy":"product_brand","embeddable":true,"href":"https:\/\/chemsfine.com\/cs\/wp-json\/wp\/v2\/product_brand?post=1692"},{"taxonomy":"product_cat","embeddable":true,"href":"https:\/\/chemsfine.com\/cs\/wp-json\/wp\/v2\/product_cat?post=1692"},{"taxonomy":"product_tag","embeddable":true,"href":"https:\/\/chemsfine.com\/cs\/wp-json\/wp\/v2\/product_tag?post=1692"}],"curies":[{"name":"wp","href":"https:\/\/api.w.org\/{rel}","templated":true}]}}