{"id":1706,"date":"2025-06-17T09:30:09","date_gmt":"2025-06-17T09:30:09","guid":{"rendered":"https:\/\/chemsfine.com\/?post_type=product&#038;p=1706"},"modified":"2026-03-25T15:20:47","modified_gmt":"2026-03-25T15:20:47","slug":"koupit-mdmb-butinaca-online","status":"publish","type":"product","link":"https:\/\/chemsfine.com\/cs\/product\/buy-mdmb-butinaca-online\/","title":{"rendered":"Koupit MDMB-Butinaca online | High-Purity Research Cannabinoid"},"content":{"rendered":"<h2><b>Koupit MDMB-Butinaca online - vysoce \u010dist\u00fd syntetick\u00fd kanabinoid ve velk\u00e9m mno\u017estv\u00ed<\/b><\/h2>\n<p>V\u00fdzkumn\u00fdm pracovn\u00edk\u016fm, kte\u0159\u00ed hledaj\u00ed spolehliv\u00fd zdroj pro pokro\u010dil\u00e9 studie kanabinoid\u016f, nab\u00edz\u00edme \u0161pi\u010dkovou kvalitu. <b>MDMB-Butinaca na prodej<\/b>. Tento vysoce \u010dist\u00fd syntetick\u00fd kanabinoid ur\u010den\u00fd pro v\u00fdzkum je pe\u010dliv\u011b syntetizov\u00e1n, aby byla zaji\u0161t\u011bna konzistence a \u00fa\u010dinnost pro v\u0161echny laboratorn\u00ed aplikace. Kdy\u017e <b>koupit MDMB-Butinaca<\/b> od spole\u010dnosti Chemsfine investujete do prvot\u0159\u00eddn\u00ed slou\u010deniny, kter\u00e1 je nezbytn\u00e1 pro zkoum\u00e1n\u00ed farmakologie kanabinoid\u016f. Na\u0161\u00edm z\u00e1vazkem je poskytovat v\u011bdeck\u00e9 komunit\u011b autentick\u00e9, laboratorn\u011b ov\u011b\u0159en\u00e9 materi\u00e1ly pro pr\u016flomov\u00fd v\u00fdzkum.<\/p>\n<h3><b>Co je MDMB-Butinaca?<\/b><\/h3>\n<p>MDMB-Butinaca je siln\u00fd syntetick\u00fd kanabinoid, kter\u00fd se d\u00edky sv\u00e9 siln\u00e9 afinit\u011b ke kanabinoidn\u00edm receptor\u016fm v mozku hojn\u011b vyu\u017e\u00edv\u00e1 ve v\u00fdzkumu. MDMB-Butinaca je zn\u00e1m\u00fd sv\u00fdmi intenzivn\u00edmi \u00fa\u010dinky na n\u00e1ladu, pozn\u00e1v\u00e1n\u00ed a relaxaci a upoutal pozornost v\u011bdeck\u00fdch komunit zkoumaj\u00edc\u00edch interakce kanabinoidn\u00edch receptor\u016f a potenci\u00e1ln\u00ed terapeutick\u00e9 aplikace. Jako p\u0159edn\u00ed v\u00fdzkumn\u00e1 slou\u010denina nab\u00edz\u00ed neoceniteln\u00e9 poznatky o farmakologii kanabinoid\u016f a slo\u017eit\u00fdch neurochemick\u00fdch mechanismech, co\u017e z n\u00ed \u010din\u00ed kl\u00ed\u010dov\u00fd n\u00e1stroj pro ka\u017edou seri\u00f3zn\u00ed studii.<\/p>\n<h3><b>Jak a kde objednat MDMB-Butinaca online<\/b><\/h3>\n<p>Kdy\u017e se rozhodnete <b>objednat MDMB-Butinaca online<\/b>, je nezbytn\u00fd bezpe\u010dn\u00fd a jednoduch\u00fd n\u00e1kupn\u00ed proces. Ve spole\u010dnosti Chemsfine jsme zefektivnili n\u00e1\u0161 syst\u00e9m, abychom zajistili, \u017ee va\u0161e po\u0159\u00edzen\u00ed t\u00e9to v\u00fdzkumn\u00e9 chemick\u00e9 l\u00e1tky bude jednoduch\u00e9 a d\u016fv\u011brn\u00e9. \u0158i\u010fte se t\u011bmito pokyny, abyste z\u00edskali bezprobl\u00e9mov\u00e9 zku\u0161enosti s d\u016fv\u011bryhodn\u00fdm prodejcem.<\/p>\n<ul>\n<li>Pr\u016fvodce krok za krokem pro zad\u00e1n\u00ed objedn\u00e1vky MDMB-Butinaca online<\/li>\n<li>D\u016fv\u011bryhodn\u00ed a ov\u011b\u0159en\u00ed online prodejci specializuj\u00edc\u00ed se na v\u00fdzkumn\u00e9 chemik\u00e1lie<\/li>\n<li>D\u016fle\u017eitost v\u00fdb\u011bru renomovan\u00fdch zdroj\u016f pro zaji\u0161t\u011bn\u00ed pravosti produktu<\/li>\n<li>P\u0159ehled diskr\u00e9tn\u00edch obal\u016f a mo\u017enost\u00ed bezpe\u010dn\u00e9 p\u0159epravy<\/li>\n<li>Dostupn\u00e9 platebn\u00ed metody, kter\u00e9 chr\u00e1n\u00ed soukrom\u00ed a bezpe\u010dnost dat z\u00e1kazn\u00edk\u016f.<\/li>\n<\/ul>\n<h3><b>Pro\u010d koupit MDMB-Butinaca online u n\u00e1s?<\/b><\/h3>\n<p>V\u00fdb\u011br spr\u00e1vn\u00e9ho dodavatele m\u00e1 z\u00e1sadn\u00ed v\u00fdznam pro integritu va\u0161eho v\u00fdzkumu. Ve spole\u010dnosti Chemsfine jsme se rozhodli b\u00fdt <b>Nejlep\u0161\u00ed m\u00edsto pro n\u00e1kup MDMB-Butinaca online<\/b>. Na\u0161e pov\u011bst je zalo\u017eena na kvalit\u011b, transparentnosti a bezkonkuren\u010dn\u00edm z\u00e1kaznick\u00e9m servisu, co\u017e zaru\u010duje, \u017ee obdr\u017e\u00edte pouze ty nejlep\u0161\u00ed dostupn\u00e9 materi\u00e1ly pro v\u00fdzkum.<\/p>\n<ul>\n<li>Zaru\u010den\u00e1 \u010distota d\u00edky p\u0159\u00edsn\u00e9mu laboratorn\u00edmu testov\u00e1n\u00ed t\u0159et\u00ed stranou<\/li>\n<li>Konkuren\u010dn\u00ed a transparentn\u00ed ceny s \u010dast\u00fdmi akcemi<\/li>\n<li>Diskr\u00e9tn\u00ed a bezpe\u010dn\u00e9 balen\u00ed pro d\u016fv\u011brn\u00e9 doru\u010den\u00ed<\/li>\n<li>D\u016fv\u011bryhodn\u00fd prodejce s vynikaj\u00edc\u00ed zp\u011btnou vazbou a slu\u017ebami od z\u00e1kazn\u00edk\u016f<\/li>\n<li>Rychl\u00e1 a spolehliv\u00e1 doprava po cel\u00e9m sv\u011bt\u011b<\/li>\n<\/ul>\n<h3><b>Chemick\u00e1 struktura a p\u016fvod<\/b><\/h3>\n<p>Pochopen\u00ed chemick\u00fdch vlastnost\u00ed a pozad\u00ed MDMB-Butinaca je z\u00e1sadn\u00ed pro jeho pou\u017eit\u00ed ve v\u00fdzkumu. Tato slou\u010denina je d\u016fkazem sofistikovan\u00e9ho chemick\u00e9ho designu, kter\u00fd byl vyvinut speci\u00e1ln\u011b pro interakci s endokanabinoidn\u00edm syst\u00e9mem t\u011bla p\u0159edv\u00eddateln\u00fdm a \u00fa\u010dinn\u00fdm zp\u016fsobem.<\/p>\n<ul>\n<li>Pat\u0159\u00ed do skupiny syntetick\u00fdch kanabinoid\u016f s jedine\u010dnou molekul\u00e1rn\u00ed strukturou.<\/li>\n<li>Chemicky navr\u017een tak, aby napodoboval \u00fa\u010dinky p\u0159\u00edrodn\u00edch kanabinoid\u016f.<\/li>\n<li>Vznikl na z\u00e1klad\u011b v\u011bdeck\u00e9ho v\u00fdzkumu interakc\u00ed kanabinoidn\u00edch receptor\u016f.<\/li>\n<li>Syntetizov\u00e1no pod p\u0159\u00edsnou kontrolou kvality a bezpe\u010dnostn\u00edch norem<\/li>\n<\/ul>\n<h3><b>Pou\u017eit\u00ed MDMB-Butinaca<\/b><\/h3>\n<p>Hodnota MDMB-Butinaca spo\u010d\u00edv\u00e1 v jeho specifick\u00fdch aplikac\u00edch v kontrolovan\u00fdch laboratorn\u00edch podm\u00ednk\u00e1ch. Tato vysoce \u010dist\u00e1 slou\u010denina je ur\u010dena v\u00fdhradn\u011b pro v\u00fdzkum in vitro a analytick\u00e9 \u00fa\u010dely. Jej\u00ed siln\u00e1 agonistick\u00e1 aktivita na kanabinoidn\u00edch receptorech z n\u00ed \u010din\u00ed nepostradateln\u00fd n\u00e1stroj pro r\u016fzn\u00e1 v\u011bdeck\u00e1 zkoum\u00e1n\u00ed.<\/p>\n<ul>\n<li>V\u00fdzkumn\u00e1 slou\u010denina pro studium aktivity kanabinoidn\u00edch receptor\u016f<\/li>\n<li>Potenci\u00e1l modulovat kognitivn\u00ed funkce a stavy n\u00e1lady v kontrolovan\u00fdch studi\u00edch<\/li>\n<li>Pou\u017e\u00edv\u00e1 se ke zkoum\u00e1n\u00ed \u00fa\u010dink\u016f na zv\u00fd\u0161en\u00ed soust\u0159ed\u011bn\u00ed a bd\u011blosti.<\/li>\n<li>D\u016fle\u017eit\u00fd n\u00e1stroj ve farmaceutick\u00e9m a neurologick\u00e9m v\u00fdzkumu<\/li>\n<li>Poskytuje poznatky o terapeutick\u00fdch aplikac\u00edch syntetick\u00fdch kanabinoid\u016f.<\/li>\n<\/ul>\n<h3><b>V\u00fdhody n\u00e1kupu MDMB-Butinaca online<\/b><\/h3>\n<p>N\u00e1kup v\u00fdzkumn\u00fdch chemik\u00e1li\u00ed online p\u0159in\u00e1\u0161\u00ed zna\u010dn\u00e9 v\u00fdhody, pokud jde o pohodl\u00ed, zaji\u0161t\u011bn\u00ed kvality a n\u00e1kladovou efektivitu. Kdy\u017e <b>koupit MDMB-Butinaca online<\/b> od renomovan\u00e9ho zdroje, jako je Chemsfine, z\u00edsk\u00e1te p\u0159\u00edstup k vynikaj\u00edc\u00edmu produktu a zjednodu\u0161en\u00e9mu procesu n\u00e1kupu ur\u010den\u00e9mu pro modern\u00ed v\u00fdzkumn\u00e9 pracovn\u00edky.<\/p>\n<ul>\n<li>P\u0159\u00edstup k laboratorn\u011b ov\u011b\u0159en\u00fdm, vysoce \u010dist\u00fdm slou\u010denin\u00e1m MDMB-Butinaca<\/li>\n<li>Konkuren\u010dn\u00ed ceny ve srovn\u00e1n\u00ed s offline dodavateli<\/li>\n<li>Diskr\u00e9tn\u00ed a bezpe\u010dn\u00e1 p\u0159eprava pro ochranu d\u016fv\u011brnosti informac\u00ed o z\u00e1kazn\u00edc\u00edch<\/li>\n<li>\u0160irok\u00fd v\u00fdb\u011br mno\u017estv\u00ed a forem produkt\u016f pro flexibilitu v\u00fdzkumu<\/li>\n<li>Pohodln\u00e9 online objedn\u00e1v\u00e1n\u00ed s pohotovou z\u00e1kaznickou podporou<\/li>\n<\/ul>\n<h3><b>V\u00fdb\u011br spolehliv\u00e9ho prodejce MDMB-Butinaca<\/b><\/h3>\n<p>Orientace na online trhu s v\u00fdzkumn\u00fdmi chemik\u00e1liemi vy\u017eaduje pe\u010dlivou rozvahu, abyste se vyhnuli nekvalitn\u00edm produkt\u016fm a nespolehliv\u00fdm dodavatel\u016fm. D\u016fv\u011bryhodn\u00fd dodavatel prokazuje z\u00e1vazek ke kvalit\u011b, bezpe\u010dnosti a z\u00e1kaznick\u00e9 podpo\u0159e. Zde jsou kl\u00ed\u010dov\u00e1 krit\u00e9ria, na kter\u00e1 je t\u0159eba se zam\u011b\u0159it p\u0159i v\u00fdb\u011bru m\u00edsta n\u00e1kupu slou\u010denin.<\/p>\n<ul>\n<li>Ov\u011b\u0159te si, zda prodejce poskytuje certifik\u00e1ty anal\u00fdzy t\u0159et\u00ed strany (COA).<\/li>\n<li>Zajist\u011bte, aby dodavatel\u00e9 pou\u017e\u00edvali diskr\u00e9tn\u00ed a spolehliv\u00e9 metody p\u0159epravy.<\/li>\n<li>Zkontrolujte, zda jsou jasn\u00e9 z\u00e1sady pro vr\u00e1cen\u00ed pen\u011bz, v\u00fdm\u011bnu zbo\u017e\u00ed a z\u00e1kaznick\u00fd servis.<\/li>\n<li>Up\u0159ednost\u0148ujte prodejce s pozitivn\u00edmi recenzemi a ov\u011b\u0159enou pov\u011bst\u00ed.<\/li>\n<li>Potvrzen\u00ed dostupnosti bezpe\u010dn\u00fdch platebn\u00edch mo\u017enost\u00ed, v\u010detn\u011b kryptom\u011bn.<\/li>\n<\/ul>\n<h3><b>Z\u00e1v\u011br a z\u00e1v\u011bre\u010dn\u00e9 doporu\u010den\u00ed<\/b><\/h3>\n<p>Souhrnn\u011b lze \u0159\u00edci, \u017ee pro spolehliv\u00e9 a reprodukovateln\u00e9 v\u00fdsledky v\u00fdzkumu je nejd\u016fle\u017eit\u011bj\u0161\u00ed zajistit vysoce \u010dist\u00fd MDMB-Butinaca. Up\u0159ednostn\u011bn\u00edm laboratorn\u011b ov\u011b\u0159en\u00e9 kvality a partnerstv\u00edm s d\u016fv\u011bryhodn\u00fdm dodavatelem zajist\u00edte integritu sv\u00e9 pr\u00e1ce. P\u0159i manipulaci s touto slou\u010deninou doporu\u010dujeme dodr\u017eovat v\u0161echny bezpe\u010dnostn\u00ed protokoly a pr\u00e1vn\u00ed p\u0159edpisy.<\/p>\n<ul>\n<li>N\u00e1kup MDMB-Butinaca online nab\u00edz\u00ed pohodl\u00ed a p\u0159\u00edstup k vysoce kvalitn\u00edm slou\u010denin\u00e1m<\/li>\n<li>V\u017edy si vyb\u00edrejte renomovan\u00e9 dodavatele s ov\u011b\u0159en\u00fdmi laboratorn\u00edmi testy a transparentnost\u00ed.<\/li>\n<li>Pou\u017e\u00edvejte produkty zodpov\u011bdn\u011b a v\u00fdhradn\u011b pro v\u00fdzkumn\u00e9 \u00fa\u010dely.<\/li>\n<li>Zn\u00e1te a dodr\u017eujete m\u00edstn\u00ed pr\u00e1vn\u00ed p\u0159edpisy t\u00fdkaj\u00edc\u00ed se syntetick\u00fdch kanabinoid\u016f.<\/li>\n<li>Vyu\u017eijte v\u00fdhod konkuren\u010dn\u00edch cen, diskr\u00e9tn\u00edho doru\u010den\u00ed a d\u016fv\u011bryhodn\u00fdch slu\u017eeb.<\/li>\n<\/ul>","protected":false},"excerpt":{"rendered":"<p>P\u0159i pohledu na <b>koupit MDMB-Butinaca<\/b> online? Spole\u010dnost Chemsfine nab\u00edz\u00ed k prodeji vysoce kvalitn\u00ed a \u010distou MDMB-Butinaca ur\u010denou pro pokro\u010dil\u00fd v\u00fdzkum. Tento siln\u00fd syntetick\u00fd kanabinoid je cennou slou\u010deninou pro farmakologick\u00e9 studie a neurochemick\u00e9 anal\u00fdzy. Zajist\u011bte si laboratorn\u011b ov\u011b\u0159en\u00e9 v\u00fdzkumn\u00e9 materi\u00e1ly od d\u016fv\u011bryhodn\u00e9ho dodavatele.<\/p>","protected":false},"featured_media":1960,"comment_status":"closed","ping_status":"closed","template":"","meta":{"_joinchat":[]},"product_brand":[],"product_cat":[436],"product_tag":[],"class_list":{"0":"post-1706","1":"product","2":"type-product","3":"status-publish","4":"has-post-thumbnail","6":"product_cat-synthetic-cannabinoids","8":"first","9":"instock","10":"shipping-taxable","11":"purchasable","12":"product-type-variable"},"yoast_head":"<!-- This site is optimized with the Yoast SEO plugin v27.2 - https:\/\/yoast.com\/product\/yoast-seo-wordpress\/ -->\n<title>Buy MDMB-Butinaca Online - Best Price &amp; High Purity for Sale<\/title>\n<meta name=\"description\" content=\"Order high-purity MDMB-Butinaca online from Chemsfine. Our research-grade synthetic cannabinoid is lab-tested for quality. Secure, discreet shipping available.\" \/>\n<meta name=\"robots\" content=\"index, follow, max-snippet:-1, max-image-preview:large, max-video-preview:-1\" \/>\n<link rel=\"canonical\" href=\"https:\/\/chemsfine.com\/cs\/produkt\/koupit-mdmb-butinaca-online\/\" \/>\n<meta property=\"og:locale\" content=\"cs_CZ\" \/>\n<meta property=\"og:type\" content=\"article\" \/>\n<meta property=\"og:title\" content=\"Buy MDMB-Butinaca Online - Best Price &amp; High Purity for Sale\" \/>\n<meta property=\"og:description\" content=\"Order high-purity MDMB-Butinaca online from Chemsfine. Our research-grade synthetic cannabinoid is lab-tested for quality. Secure, discreet shipping available.\" \/>\n<meta property=\"og:url\" content=\"https:\/\/chemsfine.com\/cs\/produkt\/koupit-mdmb-butinaca-online\/\" \/>\n<meta property=\"og:site_name\" content=\"Chemsfine\" \/>\n<meta property=\"article:modified_time\" content=\"2026-03-25T15:20:47+00:00\" \/>\n<meta property=\"og:image\" content=\"https:\/\/chemsfine.com\/wp-content\/uploads\/2025\/06\/MDMB-Butinaca-1kg.jpg\" \/>\n\t<meta property=\"og:image:width\" content=\"600\" \/>\n\t<meta property=\"og:image:height\" content=\"600\" \/>\n\t<meta property=\"og:image:type\" content=\"image\/jpeg\" \/>\n<meta name=\"twitter:card\" content=\"summary_large_image\" \/>\n<meta name=\"twitter:label1\" content=\"Odhadovan\u00e1 doba \u010dten\u00ed\" \/>\n\t<meta name=\"twitter:data1\" content=\"3 minuty\" \/>\n<script type=\"application\/ld+json\" class=\"yoast-schema-graph\">{\"@context\":\"https:\/\/schema.org\",\"@graph\":[{\"@type\":\"WebPage\",\"@id\":\"https:\/\/chemsfine.com\/product\/buy-mdmb-butinaca-online\/\",\"url\":\"https:\/\/chemsfine.com\/product\/buy-mdmb-butinaca-online\/\",\"name\":\"Buy MDMB-Butinaca Online - Best Price & High Purity for Sale\",\"isPartOf\":{\"@id\":\"https:\/\/chemsfine.com\/#website\"},\"primaryImageOfPage\":{\"@id\":\"https:\/\/chemsfine.com\/product\/buy-mdmb-butinaca-online\/#primaryimage\"},\"image\":{\"@id\":\"https:\/\/chemsfine.com\/product\/buy-mdmb-butinaca-online\/#primaryimage\"},\"thumbnailUrl\":\"https:\/\/chemsfine.com\/wp-content\/uploads\/2025\/06\/MDMB-Butinaca-1kg.jpg\",\"datePublished\":\"2025-06-17T09:30:09+00:00\",\"dateModified\":\"2026-03-25T15:20:47+00:00\",\"description\":\"Order high-purity MDMB-Butinaca online from Chemsfine. Our research-grade synthetic cannabinoid is lab-tested for quality. Secure, discreet shipping available.\",\"breadcrumb\":{\"@id\":\"https:\/\/chemsfine.com\/product\/buy-mdmb-butinaca-online\/#breadcrumb\"},\"inLanguage\":\"cs\",\"potentialAction\":[{\"@type\":\"ReadAction\",\"target\":[\"https:\/\/chemsfine.com\/product\/buy-mdmb-butinaca-online\/\"]}]},{\"@type\":\"ImageObject\",\"inLanguage\":\"cs\",\"@id\":\"https:\/\/chemsfine.com\/product\/buy-mdmb-butinaca-online\/#primaryimage\",\"url\":\"https:\/\/chemsfine.com\/wp-content\/uploads\/2025\/06\/MDMB-Butinaca-1kg.jpg\",\"contentUrl\":\"https:\/\/chemsfine.com\/wp-content\/uploads\/2025\/06\/MDMB-Butinaca-1kg.jpg\",\"width\":600,\"height\":600,\"caption\":\"MDMB-Butinaca\"},{\"@type\":\"BreadcrumbList\",\"@id\":\"https:\/\/chemsfine.com\/product\/buy-mdmb-butinaca-online\/#breadcrumb\",\"itemListElement\":[{\"@type\":\"ListItem\",\"position\":1,\"name\":\"Home\",\"item\":\"https:\/\/chemsfine.com\/\"},{\"@type\":\"ListItem\",\"position\":2,\"name\":\"Shop\",\"item\":\"https:\/\/chemsfine.com\/shop\/\"},{\"@type\":\"ListItem\",\"position\":3,\"name\":\"Buy MDMB-Butinaca Online | High-Purity Research Cannabinoid\"}]},{\"@type\":\"WebSite\",\"@id\":\"https:\/\/chemsfine.com\/#website\",\"url\":\"https:\/\/chemsfine.com\/\",\"name\":\"Chemsfine\",\"description\":\"My WordPress Blog\",\"publisher\":{\"@id\":\"https:\/\/chemsfine.com\/#organization\"},\"potentialAction\":[{\"@type\":\"SearchAction\",\"target\":{\"@type\":\"EntryPoint\",\"urlTemplate\":\"https:\/\/chemsfine.com\/?s={search_term_string}\"},\"query-input\":{\"@type\":\"PropertyValueSpecification\",\"valueRequired\":true,\"valueName\":\"search_term_string\"}}],\"inLanguage\":\"cs\"},{\"@type\":\"Organization\",\"@id\":\"https:\/\/chemsfine.com\/#organization\",\"name\":\"Chemsfine\",\"url\":\"https:\/\/chemsfine.com\/\",\"logo\":{\"@type\":\"ImageObject\",\"inLanguage\":\"cs\",\"@id\":\"https:\/\/chemsfine.com\/#\/schema\/logo\/image\/\",\"url\":\"https:\/\/chemsfine.com\/wp-content\/uploads\/2024\/09\/final-logo.png\",\"contentUrl\":\"https:\/\/chemsfine.com\/wp-content\/uploads\/2024\/09\/final-logo.png\",\"width\":340,\"height\":72,\"caption\":\"Chemsfine\"},\"image\":{\"@id\":\"https:\/\/chemsfine.com\/#\/schema\/logo\/image\/\"}}]}<\/script>\n<!-- \/ Yoast SEO plugin. -->","yoast_head_json":{"title":"Koupit MDMB-Butinaca Online - Nejlep\u0161\u00ed cena a vysok\u00e1 \u010distota na prodej","description":"Objednejte si vysoce \u010dist\u00fd MDMB-Butinaca online od spole\u010dnosti Chemsfine. N\u00e1\u0161 syntetick\u00fd kanabinoid v\u00fdzkumn\u00e9 kvality je laboratorn\u011b testov\u00e1n na kvalitu. K dispozici je bezpe\u010dn\u00e1 a diskr\u00e9tn\u00ed doprava.","robots":{"index":"index","follow":"follow","max-snippet":"max-snippet:-1","max-image-preview":"max-image-preview:large","max-video-preview":"max-video-preview:-1"},"canonical":"https:\/\/chemsfine.com\/cs\/produkt\/koupit-mdmb-butinaca-online\/","og_locale":"cs_CZ","og_type":"article","og_title":"Buy MDMB-Butinaca Online - Best Price & High Purity for Sale","og_description":"Order high-purity MDMB-Butinaca online from Chemsfine. Our research-grade synthetic cannabinoid is lab-tested for quality. Secure, discreet shipping available.","og_url":"https:\/\/chemsfine.com\/cs\/produkt\/koupit-mdmb-butinaca-online\/","og_site_name":"Chemsfine","article_modified_time":"2026-03-25T15:20:47+00:00","og_image":[{"width":600,"height":600,"url":"https:\/\/chemsfine.com\/wp-content\/uploads\/2025\/06\/MDMB-Butinaca-1kg.jpg","type":"image\/jpeg"}],"twitter_card":"summary_large_image","twitter_misc":{"Odhadovan\u00e1 doba \u010dten\u00ed":"3 minuty"},"schema":{"@context":"https:\/\/schema.org","@graph":[{"@type":"WebPage","@id":"https:\/\/chemsfine.com\/product\/buy-mdmb-butinaca-online\/","url":"https:\/\/chemsfine.com\/product\/buy-mdmb-butinaca-online\/","name":"Koupit MDMB-Butinaca Online - Nejlep\u0161\u00ed cena a vysok\u00e1 \u010distota na prodej","isPartOf":{"@id":"https:\/\/chemsfine.com\/#website"},"primaryImageOfPage":{"@id":"https:\/\/chemsfine.com\/product\/buy-mdmb-butinaca-online\/#primaryimage"},"image":{"@id":"https:\/\/chemsfine.com\/product\/buy-mdmb-butinaca-online\/#primaryimage"},"thumbnailUrl":"https:\/\/chemsfine.com\/wp-content\/uploads\/2025\/06\/MDMB-Butinaca-1kg.jpg","datePublished":"2025-06-17T09:30:09+00:00","dateModified":"2026-03-25T15:20:47+00:00","description":"Objednejte si vysoce \u010dist\u00fd MDMB-Butinaca online od spole\u010dnosti Chemsfine. N\u00e1\u0161 syntetick\u00fd kanabinoid v\u00fdzkumn\u00e9 kvality je laboratorn\u011b testov\u00e1n na kvalitu. K dispozici je bezpe\u010dn\u00e1 a diskr\u00e9tn\u00ed doprava.","breadcrumb":{"@id":"https:\/\/chemsfine.com\/product\/buy-mdmb-butinaca-online\/#breadcrumb"},"inLanguage":"cs","potentialAction":[{"@type":"ReadAction","target":["https:\/\/chemsfine.com\/product\/buy-mdmb-butinaca-online\/"]}]},{"@type":"ImageObject","inLanguage":"cs","@id":"https:\/\/chemsfine.com\/product\/buy-mdmb-butinaca-online\/#primaryimage","url":"https:\/\/chemsfine.com\/wp-content\/uploads\/2025\/06\/MDMB-Butinaca-1kg.jpg","contentUrl":"https:\/\/chemsfine.com\/wp-content\/uploads\/2025\/06\/MDMB-Butinaca-1kg.jpg","width":600,"height":600,"caption":"MDMB-Butinaca"},{"@type":"BreadcrumbList","@id":"https:\/\/chemsfine.com\/product\/buy-mdmb-butinaca-online\/#breadcrumb","itemListElement":[{"@type":"ListItem","position":1,"name":"Home","item":"https:\/\/chemsfine.com\/"},{"@type":"ListItem","position":2,"name":"Shop","item":"https:\/\/chemsfine.com\/shop\/"},{"@type":"ListItem","position":3,"name":"Buy MDMB-Butinaca Online | High-Purity Research Cannabinoid"}]},{"@type":"WebSite","@id":"https:\/\/chemsfine.com\/#website","url":"https:\/\/chemsfine.com\/","name":"Chemsfine","description":"M\u016fj blog WordPress","publisher":{"@id":"https:\/\/chemsfine.com\/#organization"},"potentialAction":[{"@type":"SearchAction","target":{"@type":"EntryPoint","urlTemplate":"https:\/\/chemsfine.com\/?s={search_term_string}"},"query-input":{"@type":"PropertyValueSpecification","valueRequired":true,"valueName":"search_term_string"}}],"inLanguage":"cs"},{"@type":"Organization","@id":"https:\/\/chemsfine.com\/#organization","name":"Chemsfine","url":"https:\/\/chemsfine.com\/","logo":{"@type":"ImageObject","inLanguage":"cs","@id":"https:\/\/chemsfine.com\/#\/schema\/logo\/image\/","url":"https:\/\/chemsfine.com\/wp-content\/uploads\/2024\/09\/final-logo.png","contentUrl":"https:\/\/chemsfine.com\/wp-content\/uploads\/2024\/09\/final-logo.png","width":340,"height":72,"caption":"Chemsfine"},"image":{"@id":"https:\/\/chemsfine.com\/#\/schema\/logo\/image\/"}}]}},"_links":{"self":[{"href":"https:\/\/chemsfine.com\/cs\/wp-json\/wp\/v2\/product\/1706","targetHints":{"allow":["GET"]}}],"collection":[{"href":"https:\/\/chemsfine.com\/cs\/wp-json\/wp\/v2\/product"}],"about":[{"href":"https:\/\/chemsfine.com\/cs\/wp-json\/wp\/v2\/types\/product"}],"replies":[{"embeddable":true,"href":"https:\/\/chemsfine.com\/cs\/wp-json\/wp\/v2\/comments?post=1706"}],"wp:featuredmedia":[{"embeddable":true,"href":"https:\/\/chemsfine.com\/cs\/wp-json\/wp\/v2\/media\/1960"}],"wp:attachment":[{"href":"https:\/\/chemsfine.com\/cs\/wp-json\/wp\/v2\/media?parent=1706"}],"wp:term":[{"taxonomy":"product_brand","embeddable":true,"href":"https:\/\/chemsfine.com\/cs\/wp-json\/wp\/v2\/product_brand?post=1706"},{"taxonomy":"product_cat","embeddable":true,"href":"https:\/\/chemsfine.com\/cs\/wp-json\/wp\/v2\/product_cat?post=1706"},{"taxonomy":"product_tag","embeddable":true,"href":"https:\/\/chemsfine.com\/cs\/wp-json\/wp\/v2\/product_tag?post=1706"}],"curies":[{"name":"wp","href":"https:\/\/api.w.org\/{rel}","templated":true}]}}