{"id":1707,"date":"2025-06-17T09:27:59","date_gmt":"2025-06-17T09:27:59","guid":{"rendered":"https:\/\/chemsfine.com\/?post_type=product&#038;p=1707"},"modified":"2026-03-25T15:20:55","modified_gmt":"2026-03-25T15:20:55","slug":"buy-lorazepam-ativan-powder","status":"publish","type":"product","link":"https:\/\/chemsfine.com\/cs\/product\/buy-lorazepam-ativan-powder\/","title":{"rendered":"Lorazepam (Ativan) Pr\u00e1\u0161ek na prodej | Vysok\u00e1 \u010distota"},"content":{"rendered":"<h2><b>Koupit pr\u00e1\u0161ek Lorazepam (Ativan) online - p\u0159esn\u00e9 d\u00e1vkov\u00e1n\u00ed, maxim\u00e1ln\u00ed \u010distota, diskr\u00e9tn\u00ed doru\u010den\u00ed<\/b><\/h2>\n<h3><b>Co je pr\u00e1\u0161ek Lorazepam (Ativan)?<\/b><\/h3>\n<p>Pro z\u00e1jemce o koupi <b>\u0161pi\u010dkov\u00fd pr\u00e1\u0161ek Lorazepam (Ativan) na prodej<\/b>, je nezbytn\u00e9 porozum\u011bt jeho vlastnostem. <a href=\"https:\/\/en.wikipedia.org\/wiki\/Lorazepam\">Lorazepam (Ativan) Pr\u00e1\u0161ek<\/a> je jemn\u011b mlet\u00e1 \u010dist\u00e1 forma lorazepamu, siln\u00e9ho benzodiazepinu, kter\u00fd se b\u011b\u017en\u011b p\u0159edepisuje k l\u00e9\u010db\u011b \u00fazkostn\u00fdch poruch, nespavosti a akutn\u00edch z\u00e1chvat\u016f. Lorazepam, zn\u00e1m\u00fd pro sv\u00e9 uklid\u0148uj\u00edc\u00ed a sedativn\u00ed \u00fa\u010dinky, p\u016fsob\u00ed tak, \u017ee zvy\u0161uje aktivitu GABA (kyseliny gama-aminom\u00e1seln\u00e9), kl\u00ed\u010dov\u00e9ho neurotransmiteru zodpov\u011bdn\u00e9ho za sn\u00ed\u017een\u00ed mozkov\u00e9 aktivity. V pr\u00e1\u0161kov\u00e9m stavu poskytuje vynikaj\u00edc\u00ed flexibilitu pro p\u0159esn\u00e9 d\u00e1vkov\u00e1n\u00ed a r\u016fzn\u00e9 v\u00fdzkumn\u00e9 aplikace, \u010d\u00edm\u017e se st\u00e1v\u00e1 neocenitelnou slou\u010deninou pro klinick\u00e9 studie i kontrolovan\u00e1 terapeutick\u00e1 prost\u0159ed\u00ed.<\/p>\n<p>Hled\u00e1te <b>koupit Lorazepam (Ativan) pr\u00e1\u0161ek online<\/b>? Dostali jste se ke kone\u010dn\u00e9mu zdroji. V Chemsfine nab\u00edz\u00edme pr\u00e9miov\u00e9 <b>Lorazepam (Ativan) Pr\u00e1\u0161ek na prodej<\/b> kter\u00e9 jsou p\u0159\u00edsn\u011b laboratorn\u011b testov\u00e1ny na \u010distotu a poch\u00e1zej\u00ed p\u0159\u00edmo od certifikovan\u00fdch v\u00fdrobc\u016f. A\u0165 u\u017e prov\u00e1d\u00edte sofistikovan\u00fd v\u00fdzkum, nebo pot\u0159ebujete slou\u010deniny farmaceutick\u00e9 kvality pro p\u0159\u00edpravu l\u00e9k\u016f, m\u016f\u017eete si b\u00fdt jisti, \u017ee <b>objednat Lorazepam (Ativan) pr\u00e1\u0161ek online<\/b> z nejlep\u0161\u00edho m\u00edsta k n\u00e1kupu Lorazepam pr\u00e1\u0161ku online. Vyzkou\u0161ejte v\u00fdhody cenov\u011b dostupn\u00fdch cen, zcela diskr\u00e9tn\u00edho balen\u00ed a rychl\u00e9 a bezpe\u010dn\u00e9 p\u0159epravy, kdy\u017e se rozhodnete pro <b>shop Lorazepam (Ativan) Powder online<\/b> s n\u00e1mi.<\/p>\n<h3><b>Pro\u010d koupit Lorazepam (Ativan) pr\u00e1\u0161ek online od n\u00e1s?<\/b><\/h3>\n<p>Kdy\u017e se rozhodnete <b>shop Lorazepam (Ativan) Powder online<\/b> prost\u0159ednictv\u00edm na\u0161\u00ed d\u016fv\u011bryhodn\u00e9 platformy m\u00e1te zaru\u010den\u00fd p\u0159\u00edstup k farmaceutick\u00e9 kvalit\u011b, komplexn\u00edmu laboratorn\u00edmu ov\u011b\u0159en\u00ed t\u0159et\u00ed stranou a v\u00fdjime\u010dn\u00e9 z\u00e1kaznick\u00e9 podpo\u0159e. Z\u00e1sadn\u011b ch\u00e1peme z\u00e1sadn\u00ed v\u00fdznam bezpe\u010dnosti, soukrom\u00ed a spolehlivosti. D\u00edky tomu jsme pro v\u00e1s zdrojem, kter\u00fd v\u00e1m pom\u016f\u017ee <b>koupit levn\u00e9 Lorazepam (Ativan) pr\u00e1\u0161ek online<\/b> s naprost\u00fdm klidem a jistotou, \u017ee dost\u00e1v\u00e1te \u0161pi\u010dkov\u00fd produkt.<\/p>\n<h3><b>P\u016fvod a chemick\u00fd profil<\/b><\/h3>\n<p>Lorazepam, kter\u00fd je komer\u010dn\u011b zn\u00e1m\u00fd pod n\u00e1zvem Ativan, byl poprv\u00e9 vyvinut v 70. letech 20. stolet\u00ed a je v\u00fdznamn\u00fdm \u010dlenem skupiny benzodiazepin\u016f. Jeho jedine\u010dn\u00e1 chemick\u00e1 struktura mu umo\u017e\u0148uje v\u00e1zat se s mimo\u0159\u00e1dn\u011b vysokou afinitou na GABA-A receptory v mozku, \u010d\u00edm\u017e vyvol\u00e1v\u00e1 siln\u00e9 anxiolytick\u00e9, hypnotick\u00e9 a svalov\u011b relaxa\u010dn\u00ed \u00fa\u010dinky. Dostupn\u00fd Lorazepam (Ativan) <b>Pr\u00e1\u0161ek<\/b> je jednodu\u0161e \u010dist\u00e1, pr\u00e1\u0161kov\u00e1 verze t\u00e9to univerz\u00e1ln\u00ed slou\u010deniny, co\u017e je form\u00e1t, kter\u00fd v\u00fdrazn\u011b usnad\u0148uje p\u0159esn\u00e9 m\u011b\u0159en\u00ed, specializovan\u00e9 slo\u017een\u00ed a \u0161irokou \u0161k\u00e1lu v\u00fdzkumn\u00fdch aplikac\u00ed.<\/p>\n<h3><b>Pou\u017eit\u00ed pr\u00e1\u0161ku Lorazepam (Ativan)<\/b><\/h3>\n<p>P\u0159edev\u0161\u00edm lorazepam (Ativan) <b>Pr\u00e1\u0161ek<\/b> se pou\u017e\u00edv\u00e1 v profesion\u00e1ln\u00edm l\u00e9ka\u0159sk\u00e9m a specializovan\u00e9m v\u00fdzkumn\u00e9m prost\u0159ed\u00ed pro sv\u00e9 siln\u00e9 sedativn\u00ed a anxiolytick\u00e9 \u00fa\u010dinky. D\u00edky sv\u00e9 form\u011b je ide\u00e1ln\u00ed pro podrobn\u00e9 klinick\u00e9 studie, p\u0159esn\u00e9 farmaceutick\u00e9 p\u0159\u00edpravky nebo v\u00fdvoj individu\u00e1ln\u00edch d\u00e1vkovac\u00edch re\u017eim\u016f.<\/p>\n<ul>\n<li>L\u00e9\u010dba r\u016fzn\u00fdch \u00fazkostn\u00fdch poruch<\/li>\n<li>\u00da\u010dinn\u00e1 l\u00e9\u010dba nespavosti a terapie<\/li>\n<li>Akutn\u00ed kontrola z\u00e1chvat\u016f a nouzov\u00fd z\u00e1sah<\/li>\n<li>Sedace p\u0159ed l\u00e9ka\u0159sk\u00fdmi nebo chirurgick\u00fdmi z\u00e1kroky<\/li>\n<li>Nezbytn\u00e9 pro laboratorn\u00ed a farmaceutick\u00fd v\u00fdzkum<\/li>\n<\/ul>\n<h3><b>Jak a kde objednat pr\u00e1\u0161ek Lorazepam (Ativan) online<\/b><\/h3>\n<p>Objedn\u00e1n\u00ed z\u00e1soby lorazepamu (Ativan) <b>Pr\u00e1\u0161ek<\/b> online je jednoduch\u00fd a vysoce bezpe\u010dn\u00fd proces prost\u0159ednictv\u00edm na\u0161\u00ed zjednodu\u0161en\u00e9 platformy. Nejprve si vyberte po\u017eadovan\u00e9 mno\u017estv\u00ed na\u0161eho vysoce \u010dist\u00e9ho produktu. Pot\u00e9 p\u0159ejd\u011bte k pokladn\u011b pomoc\u00ed na\u0161ich bezpe\u010dn\u00fdch a pln\u011b \u0161ifrovan\u00fdch platebn\u00edch mo\u017enost\u00ed. Nakonec obdr\u017e\u00edte svou objedn\u00e1vku prost\u0159ednictv\u00edm na\u0161\u00ed rychl\u00e9, spolehliv\u00e9 a diskr\u00e9tn\u00ed p\u0159epravn\u00ed slu\u017eby. Na ka\u017ed\u00e9m kroku pe\u010dliv\u011b pracujeme na zaji\u0161t\u011bn\u00ed naprost\u00e9ho soukrom\u00ed z\u00e1kazn\u00edk\u016f a dodr\u017eov\u00e1n\u00ed pr\u00e1vn\u00edch p\u0159edpis\u016f.<\/p>\n<h3><b>V\u00fdhody n\u00e1kupu pr\u00e1\u0161ku Lorazepam (Ativan) online<\/b><\/h3>\n<ul>\n<li><b>Laboratorn\u011b testovan\u00e9 produkty:<\/b> Ka\u017ed\u00e1 \u0161ar\u017ee je nez\u00e1visle ov\u011b\u0159ov\u00e1na na s\u00edlu a \u010distotu certifikovan\u00fdmi laborato\u0159emi t\u0159et\u00edch stran, aby byla zaru\u010dena kvalita.<\/li>\n<li><b>Konkuren\u010dn\u00ed ceny:<\/b> Umo\u017e\u0148ujeme koupit levn\u00e9 Lorazepam (Ativan) <b>Pr\u00e1\u0161ek<\/b> online, ani\u017e byste museli slevit z farmaceutick\u00e9 kvality.<\/li>\n<li><b>Diskr\u00e9tn\u00ed doru\u010den\u00ed:<\/b> V\u0161echny objedn\u00e1vky jsou zas\u00edl\u00e1ny v oby\u010dejn\u00fdch, neozna\u010den\u00fdch obalech, aby byla zaji\u0161t\u011bna naprost\u00e1 d\u016fv\u011brnost a soukrom\u00ed z\u00e1kazn\u00edka od odesl\u00e1n\u00ed a\u017e po doru\u010den\u00ed.<\/li>\n<li><b>Rychl\u00e1 a spolehliv\u00e1 p\u0159eprava:<\/b> Poskytujeme rychl\u00e9 a sledovateln\u00e9 doru\u010den\u00ed, abychom zajistili, \u017ee v\u00e1\u0161 produkt doraz\u00ed bezpe\u010dn\u011b a v\u010das.<\/li>\n<\/ul>\n<h3><b>V\u00fdb\u011br spr\u00e1vn\u00e9ho prodejce<\/b><\/h3>\n<p>P\u0159i n\u00e1kupu l\u00e1tek farmaceutick\u00e9 kvality online je v\u00fdb\u011br spr\u00e1vn\u00e9ho dodavatele naprosto z\u00e1sadn\u00ed pro bezpe\u010dnost a v\u00fdsledky. Proto byste se m\u011bli v\u017edy vyhnout nezn\u00e1m\u00fdm nebo neov\u011b\u0159en\u00fdm zdroj\u016fm a m\u00edsto toho se rozhodnout pro d\u016fv\u011bryhodn\u00e9 dodavatele, jako je Chemsfine, kte\u0159\u00ed up\u0159ednost\u0148uj\u00ed bezpe\u010dnost z\u00e1kazn\u00edk\u016f, kvalitu v\u00fdrobk\u016f a plnou shodu s p\u0159edpisy.<\/p>\n<h3><b>Jak vybrat spolehliv\u00e9ho prodejce<\/b><\/h3>\n<ul>\n<li><b>Certifikace laboratorn\u00edho testov\u00e1n\u00ed:<\/b> V\u017edy hledejte dodavatele, kte\u0159\u00ed aktivn\u011b nab\u00edzej\u00ed certifik\u00e1ty anal\u00fdzy pro konkr\u00e9tn\u00ed \u0161ar\u017ee (COA).<\/li>\n<li><b>Spolehliv\u00e9 p\u0159epravn\u00ed z\u00e1sady:<\/b> Ujist\u011bte se, \u017ee prodejce zaru\u010duje rychl\u00e9, sledovateln\u00e9 a zcela diskr\u00e9tn\u00ed doru\u010den\u00ed.<\/li>\n<li><b>Bezpe\u010dn\u00e9 platebn\u00ed metody:<\/b> Vyb\u00edrejte si prodejce, kte\u0159\u00ed vyu\u017e\u00edvaj\u00ed zabezpe\u010den\u00e9 a \u0161ifrovan\u00e9 platebn\u00ed br\u00e1ny k ochran\u011b va\u0161ich finan\u010dn\u00edch informac\u00ed.<\/li>\n<li><b>Pov\u011bst z\u00e1kazn\u00edk\u016f:<\/b> P\u0159ed n\u00e1kupem si p\u0159e\u010dt\u011bte ov\u011b\u0159en\u00e9 recenze a reference z\u00e1kazn\u00edk\u016f.<\/li>\n<\/ul>\n<h3><b>Z\u00e1v\u011br<\/b><\/h3>\n<h4><b>Souhrn v\u00fdhod<\/b><\/h4>\n<p>Souhrnn\u011b lze \u0159\u00edci, \u017ee lorazepam (Ativan) <b>Pr\u00e1\u0161ek<\/b> je v\u0161estrann\u00e1 a klinicky cenn\u00e1 slou\u010denina, kter\u00e1 je ide\u00e1ln\u00ed pro l\u00e9\u010dbu \u00fazkosti, l\u00e9\u010dbu nespavosti a pokro\u010dil\u00fd farmaceutick\u00fd v\u00fdzkum. Pokud si tento produkt zakoup\u00edte z ov\u011b\u0159en\u00e9ho a renomovan\u00e9ho zdroje, zaru\u010duje v\u00e1m bezpe\u010dnost, \u010distotu a v\u00fdkonnost pot\u0159ebnou pro citliv\u00e9 aplikace.<\/p>\n<h3><b>Z\u00e1v\u011bre\u010dn\u00e9 doporu\u010den\u00ed<\/b><\/h3>\n<p>Pokud jste hledali spolehliv\u00fd a bezpe\u010dn\u00fd zp\u016fsob, jak <b>objednat Lorazepam (Ativan) pr\u00e1\u0161ek online<\/b>, va\u0161e hled\u00e1n\u00ed je u konce. Jsme hrd\u00ed na to, \u017ee jsme <b>nejlep\u0161\u00ed m\u00edsto pro n\u00e1kup Lorazepam (Ativan) pr\u00e1\u0161ek online<\/b>, kter\u00e1 trvale nab\u00edz\u00ed \u0161pi\u010dkovou kvalitu, vysoce konkurenceschopn\u00e9 ceny a d\u016fv\u011bryhodn\u00e9 profesion\u00e1ln\u00ed slu\u017eby. <b>Koupit Lorazepam (Ativan) pr\u00e1\u0161ek online<\/b> od n\u00e1s je\u0161t\u011b dnes a za\u017eijte rychl\u00e9, bezpe\u010dn\u00e9 a profesion\u00e1ln\u00ed doru\u010den\u00ed ka\u017ed\u00e9 objedn\u00e1vky.<\/p>","protected":false},"excerpt":{"rendered":"<p>Kupte si pr\u00e1\u0161ek Lorazepam pro sv\u00e9 v\u00fdzkumn\u00e9 pot\u0159eby na Chemsfine. Tato vysoce \u010dist\u00e1, jemn\u011b mlet\u00e1 forma lorazepamu, siln\u00e9ho benzodiazepinu, je ide\u00e1ln\u00ed pro p\u0159esn\u00e9 d\u00e1vkov\u00e1n\u00ed v klinick\u00fdch studi\u00edch, farmaceutick\u00e9m p\u0159\u00edpravku a laboratorn\u00edch aplikac\u00edch. N\u00e1\u0161 laboratorn\u011b ov\u011b\u0159en\u00fd produkt zaji\u0161\u0165uje maxim\u00e1ln\u00ed \u00fa\u010dinnost a spolehlivost.<\/p>","protected":false},"featured_media":1962,"comment_status":"closed","ping_status":"closed","template":"","meta":{"_joinchat":[]},"product_brand":[],"product_cat":[434],"product_tag":[],"class_list":{"0":"post-1707","1":"product","2":"type-product","3":"status-publish","4":"has-post-thumbnail","6":"product_cat-benzodiazepine-analogs","8":"first","9":"instock","10":"shipping-taxable","11":"purchasable","12":"product-type-variable"},"yoast_head":"<!-- This site is optimized with the Yoast SEO plugin v27.2 - https:\/\/yoast.com\/product\/yoast-seo-wordpress\/ -->\n<title>Buy Lorazepam (Ativan) Powder Online | Best Price For Sale<\/title>\n<meta name=\"description\" content=\"Buy top-quality Lorazepam (Ativan) Powder online at Chemsfine. Lab-tested for purity, offering precise dosing for research. Discreet, fast shipping.\" \/>\n<meta name=\"robots\" content=\"index, follow, max-snippet:-1, max-image-preview:large, max-video-preview:-1\" \/>\n<link rel=\"canonical\" href=\"https:\/\/chemsfine.com\/cs\/produkt\/buy-lorazepam-ativan-powder\/\" \/>\n<meta property=\"og:locale\" content=\"cs_CZ\" \/>\n<meta property=\"og:type\" content=\"article\" \/>\n<meta property=\"og:title\" content=\"Buy Lorazepam (Ativan) Powder Online | Best Price For Sale\" \/>\n<meta property=\"og:description\" content=\"Buy top-quality Lorazepam (Ativan) Powder online at Chemsfine. Lab-tested for purity, offering precise dosing for research. Discreet, fast shipping.\" \/>\n<meta property=\"og:url\" content=\"https:\/\/chemsfine.com\/cs\/produkt\/buy-lorazepam-ativan-powder\/\" \/>\n<meta property=\"og:site_name\" content=\"Chemsfine\" \/>\n<meta property=\"article:modified_time\" content=\"2026-03-25T15:20:55+00:00\" \/>\n<meta property=\"og:image\" content=\"https:\/\/chemsfine.com\/wp-content\/uploads\/2025\/06\/Lorazepam-Ativan-Pulver.jpg\" \/>\n\t<meta property=\"og:image:width\" content=\"600\" \/>\n\t<meta property=\"og:image:height\" content=\"600\" \/>\n\t<meta property=\"og:image:type\" content=\"image\/jpeg\" \/>\n<meta name=\"twitter:card\" content=\"summary_large_image\" \/>\n<meta name=\"twitter:label1\" content=\"Odhadovan\u00e1 doba \u010dten\u00ed\" \/>\n\t<meta name=\"twitter:data1\" content=\"3 minuty\" \/>\n<script type=\"application\/ld+json\" class=\"yoast-schema-graph\">{\"@context\":\"https:\/\/schema.org\",\"@graph\":[{\"@type\":\"WebPage\",\"@id\":\"https:\/\/chemsfine.com\/product\/buy-lorazepam-ativan-powder\/\",\"url\":\"https:\/\/chemsfine.com\/product\/buy-lorazepam-ativan-powder\/\",\"name\":\"Buy Lorazepam (Ativan) Powder Online | Best Price For Sale\",\"isPartOf\":{\"@id\":\"https:\/\/chemsfine.com\/#website\"},\"primaryImageOfPage\":{\"@id\":\"https:\/\/chemsfine.com\/product\/buy-lorazepam-ativan-powder\/#primaryimage\"},\"image\":{\"@id\":\"https:\/\/chemsfine.com\/product\/buy-lorazepam-ativan-powder\/#primaryimage\"},\"thumbnailUrl\":\"https:\/\/chemsfine.com\/wp-content\/uploads\/2025\/06\/Lorazepam-Ativan-Pulver.jpg\",\"datePublished\":\"2025-06-17T09:27:59+00:00\",\"dateModified\":\"2026-03-25T15:20:55+00:00\",\"description\":\"Buy top-quality Lorazepam (Ativan) Powder online at Chemsfine. Lab-tested for purity, offering precise dosing for research. Discreet, fast shipping.\",\"breadcrumb\":{\"@id\":\"https:\/\/chemsfine.com\/product\/buy-lorazepam-ativan-powder\/#breadcrumb\"},\"inLanguage\":\"cs\",\"potentialAction\":[{\"@type\":\"ReadAction\",\"target\":[\"https:\/\/chemsfine.com\/product\/buy-lorazepam-ativan-powder\/\"]}]},{\"@type\":\"ImageObject\",\"inLanguage\":\"cs\",\"@id\":\"https:\/\/chemsfine.com\/product\/buy-lorazepam-ativan-powder\/#primaryimage\",\"url\":\"https:\/\/chemsfine.com\/wp-content\/uploads\/2025\/06\/Lorazepam-Ativan-Pulver.jpg\",\"contentUrl\":\"https:\/\/chemsfine.com\/wp-content\/uploads\/2025\/06\/Lorazepam-Ativan-Pulver.jpg\",\"width\":600,\"height\":600,\"caption\":\"Lorazepam-(Ativan)-Powder\"},{\"@type\":\"BreadcrumbList\",\"@id\":\"https:\/\/chemsfine.com\/product\/buy-lorazepam-ativan-powder\/#breadcrumb\",\"itemListElement\":[{\"@type\":\"ListItem\",\"position\":1,\"name\":\"Home\",\"item\":\"https:\/\/chemsfine.com\/\"},{\"@type\":\"ListItem\",\"position\":2,\"name\":\"Shop\",\"item\":\"https:\/\/chemsfine.com\/shop\/\"},{\"@type\":\"ListItem\",\"position\":3,\"name\":\"Lorazepam (Ativan) Powder For Sale | High Purity\"}]},{\"@type\":\"WebSite\",\"@id\":\"https:\/\/chemsfine.com\/#website\",\"url\":\"https:\/\/chemsfine.com\/\",\"name\":\"Chemsfine\",\"description\":\"My WordPress Blog\",\"publisher\":{\"@id\":\"https:\/\/chemsfine.com\/#organization\"},\"potentialAction\":[{\"@type\":\"SearchAction\",\"target\":{\"@type\":\"EntryPoint\",\"urlTemplate\":\"https:\/\/chemsfine.com\/?s={search_term_string}\"},\"query-input\":{\"@type\":\"PropertyValueSpecification\",\"valueRequired\":true,\"valueName\":\"search_term_string\"}}],\"inLanguage\":\"cs\"},{\"@type\":\"Organization\",\"@id\":\"https:\/\/chemsfine.com\/#organization\",\"name\":\"Chemsfine\",\"url\":\"https:\/\/chemsfine.com\/\",\"logo\":{\"@type\":\"ImageObject\",\"inLanguage\":\"cs\",\"@id\":\"https:\/\/chemsfine.com\/#\/schema\/logo\/image\/\",\"url\":\"https:\/\/chemsfine.com\/wp-content\/uploads\/2024\/09\/final-logo.png\",\"contentUrl\":\"https:\/\/chemsfine.com\/wp-content\/uploads\/2024\/09\/final-logo.png\",\"width\":340,\"height\":72,\"caption\":\"Chemsfine\"},\"image\":{\"@id\":\"https:\/\/chemsfine.com\/#\/schema\/logo\/image\/\"}}]}<\/script>\n<!-- \/ Yoast SEO plugin. -->","yoast_head_json":{"title":"Koupit Lorazepam (Ativan) pr\u00e1\u0161ek online | Nejlep\u0161\u00ed cena na prodej","description":"Kupte si \u0161pi\u010dkov\u00fd pr\u00e1\u0161ek Lorazepam (Ativan) online na Chemsfine. Laboratorn\u011b testov\u00e1no na \u010distotu, nab\u00edz\u00ed p\u0159esn\u00e9 d\u00e1vkov\u00e1n\u00ed pro v\u00fdzkum. Diskr\u00e9tn\u00ed a rychl\u00e9 dod\u00e1n\u00ed.","robots":{"index":"index","follow":"follow","max-snippet":"max-snippet:-1","max-image-preview":"max-image-preview:large","max-video-preview":"max-video-preview:-1"},"canonical":"https:\/\/chemsfine.com\/cs\/produkt\/buy-lorazepam-ativan-powder\/","og_locale":"cs_CZ","og_type":"article","og_title":"Buy Lorazepam (Ativan) Powder Online | Best Price For Sale","og_description":"Buy top-quality Lorazepam (Ativan) Powder online at Chemsfine. Lab-tested for purity, offering precise dosing for research. Discreet, fast shipping.","og_url":"https:\/\/chemsfine.com\/cs\/produkt\/buy-lorazepam-ativan-powder\/","og_site_name":"Chemsfine","article_modified_time":"2026-03-25T15:20:55+00:00","og_image":[{"width":600,"height":600,"url":"https:\/\/chemsfine.com\/wp-content\/uploads\/2025\/06\/Lorazepam-Ativan-Pulver.jpg","type":"image\/jpeg"}],"twitter_card":"summary_large_image","twitter_misc":{"Odhadovan\u00e1 doba \u010dten\u00ed":"3 minuty"},"schema":{"@context":"https:\/\/schema.org","@graph":[{"@type":"WebPage","@id":"https:\/\/chemsfine.com\/product\/buy-lorazepam-ativan-powder\/","url":"https:\/\/chemsfine.com\/product\/buy-lorazepam-ativan-powder\/","name":"Koupit Lorazepam (Ativan) pr\u00e1\u0161ek online | Nejlep\u0161\u00ed cena na prodej","isPartOf":{"@id":"https:\/\/chemsfine.com\/#website"},"primaryImageOfPage":{"@id":"https:\/\/chemsfine.com\/product\/buy-lorazepam-ativan-powder\/#primaryimage"},"image":{"@id":"https:\/\/chemsfine.com\/product\/buy-lorazepam-ativan-powder\/#primaryimage"},"thumbnailUrl":"https:\/\/chemsfine.com\/wp-content\/uploads\/2025\/06\/Lorazepam-Ativan-Pulver.jpg","datePublished":"2025-06-17T09:27:59+00:00","dateModified":"2026-03-25T15:20:55+00:00","description":"Kupte si \u0161pi\u010dkov\u00fd pr\u00e1\u0161ek Lorazepam (Ativan) online na Chemsfine. Laboratorn\u011b testov\u00e1no na \u010distotu, nab\u00edz\u00ed p\u0159esn\u00e9 d\u00e1vkov\u00e1n\u00ed pro v\u00fdzkum. Diskr\u00e9tn\u00ed a rychl\u00e9 dod\u00e1n\u00ed.","breadcrumb":{"@id":"https:\/\/chemsfine.com\/product\/buy-lorazepam-ativan-powder\/#breadcrumb"},"inLanguage":"cs","potentialAction":[{"@type":"ReadAction","target":["https:\/\/chemsfine.com\/product\/buy-lorazepam-ativan-powder\/"]}]},{"@type":"ImageObject","inLanguage":"cs","@id":"https:\/\/chemsfine.com\/product\/buy-lorazepam-ativan-powder\/#primaryimage","url":"https:\/\/chemsfine.com\/wp-content\/uploads\/2025\/06\/Lorazepam-Ativan-Pulver.jpg","contentUrl":"https:\/\/chemsfine.com\/wp-content\/uploads\/2025\/06\/Lorazepam-Ativan-Pulver.jpg","width":600,"height":600,"caption":"Lorazepam-(Ativan)-Powder"},{"@type":"BreadcrumbList","@id":"https:\/\/chemsfine.com\/product\/buy-lorazepam-ativan-powder\/#breadcrumb","itemListElement":[{"@type":"ListItem","position":1,"name":"Home","item":"https:\/\/chemsfine.com\/"},{"@type":"ListItem","position":2,"name":"Shop","item":"https:\/\/chemsfine.com\/shop\/"},{"@type":"ListItem","position":3,"name":"Lorazepam (Ativan) Powder For Sale | High Purity"}]},{"@type":"WebSite","@id":"https:\/\/chemsfine.com\/#website","url":"https:\/\/chemsfine.com\/","name":"Chemsfine","description":"M\u016fj blog WordPress","publisher":{"@id":"https:\/\/chemsfine.com\/#organization"},"potentialAction":[{"@type":"SearchAction","target":{"@type":"EntryPoint","urlTemplate":"https:\/\/chemsfine.com\/?s={search_term_string}"},"query-input":{"@type":"PropertyValueSpecification","valueRequired":true,"valueName":"search_term_string"}}],"inLanguage":"cs"},{"@type":"Organization","@id":"https:\/\/chemsfine.com\/#organization","name":"Chemsfine","url":"https:\/\/chemsfine.com\/","logo":{"@type":"ImageObject","inLanguage":"cs","@id":"https:\/\/chemsfine.com\/#\/schema\/logo\/image\/","url":"https:\/\/chemsfine.com\/wp-content\/uploads\/2024\/09\/final-logo.png","contentUrl":"https:\/\/chemsfine.com\/wp-content\/uploads\/2024\/09\/final-logo.png","width":340,"height":72,"caption":"Chemsfine"},"image":{"@id":"https:\/\/chemsfine.com\/#\/schema\/logo\/image\/"}}]}},"_links":{"self":[{"href":"https:\/\/chemsfine.com\/cs\/wp-json\/wp\/v2\/product\/1707","targetHints":{"allow":["GET"]}}],"collection":[{"href":"https:\/\/chemsfine.com\/cs\/wp-json\/wp\/v2\/product"}],"about":[{"href":"https:\/\/chemsfine.com\/cs\/wp-json\/wp\/v2\/types\/product"}],"replies":[{"embeddable":true,"href":"https:\/\/chemsfine.com\/cs\/wp-json\/wp\/v2\/comments?post=1707"}],"wp:featuredmedia":[{"embeddable":true,"href":"https:\/\/chemsfine.com\/cs\/wp-json\/wp\/v2\/media\/1962"}],"wp:attachment":[{"href":"https:\/\/chemsfine.com\/cs\/wp-json\/wp\/v2\/media?parent=1707"}],"wp:term":[{"taxonomy":"product_brand","embeddable":true,"href":"https:\/\/chemsfine.com\/cs\/wp-json\/wp\/v2\/product_brand?post=1707"},{"taxonomy":"product_cat","embeddable":true,"href":"https:\/\/chemsfine.com\/cs\/wp-json\/wp\/v2\/product_cat?post=1707"},{"taxonomy":"product_tag","embeddable":true,"href":"https:\/\/chemsfine.com\/cs\/wp-json\/wp\/v2\/product_tag?post=1707"}],"curies":[{"name":"wp","href":"https:\/\/api.w.org\/{rel}","templated":true}]}}