{"id":2248,"date":"2025-09-07T06:33:48","date_gmt":"2025-09-07T06:33:48","guid":{"rendered":"https:\/\/chemsfine.com\/?post_type=product&#038;p=2248"},"modified":"2026-03-25T15:16:02","modified_gmt":"2026-03-25T15:16:02","slug":"buy-methamphetamine-crystal","status":"publish","type":"product","link":"https:\/\/chemsfine.com\/cs\/product\/buy-methamphetamine-crystal\/","title":{"rendered":"Koupit metamfetamin krystal online | Vysok\u00e1 \u010distota Grade"},"content":{"rendered":"<h1><strong>Koupit metamfetamin krystal online na prodej<\/strong><\/h1>\n<p>Prozkoumejte hlavn\u00ed zdroj <b>koupit Metamfetamin Crystal<\/b>, slou\u010denina proslul\u00e1 svou v\u00fdjime\u010dnou \u010distotou a \u00fa\u010dinnost\u00ed v n\u00e1ro\u010dn\u00fdch pr\u016fmyslov\u00fdch aplikac\u00edch. Tato l\u00e1tka hraje kl\u00ed\u010dovou roli v r\u016fzn\u00fdch odv\u011btv\u00edch, v\u010detn\u011b farmaceutick\u00e9ho pr\u016fmyslu, pokro\u010dil\u00e9ho v\u00fdzkumu a specializovan\u00e9 v\u00fdroby. A\u0165 u\u017e va\u0161e pr\u00e1ce spad\u00e1 do t\u011bchto oblast\u00ed nebo vy\u017eaduje chemickou l\u00e1tku nekompromisn\u00ed kvality, pochopen\u00ed jej\u00edch vlastnost\u00ed a po\u0159\u00edzen\u00ed od spolehliv\u00e9ho dodavatele, jako je spole\u010dnost Chemsfine, je pro \u00fasp\u011bch nezbytn\u00e9. N\u00e1\u0161 metamfetamin krystal \u0161pi\u010dkov\u00e9 kvality je k dispozici tak, aby p\u0159esn\u011b vyhovoval va\u0161im laboratorn\u00edm a pr\u016fmyslov\u00fdm pot\u0159eb\u00e1m a zajistil konzistentn\u00ed a spolehliv\u00e9 v\u00fdsledky pro ka\u017edou aplikaci.<\/p>\n<h2><strong>Co je metamfetamin krystal?<\/strong><\/h2>\n<p>Metamfetamin Crystal je vysoce p\u0159e\u010di\u0161t\u011bn\u00e1 krystalick\u00e1 forma chemick\u00e9 slou\u010deniny metamfetaminu. Je cen\u011bn pro svou pozoruhodnou pr\u016fzra\u010dnost, konzistenci a vysok\u00fd stupe\u0148 \u010distoty, d\u00edky \u010demu\u017e je nepostradateln\u00fd v pr\u016fmyslov\u00fdch odv\u011btv\u00edch vy\u017eaduj\u00edc\u00edch p\u0159esn\u00e9 chemick\u00e9 slo\u017een\u00ed a p\u0159edv\u00eddateln\u00e9 reakce. Stabiln\u00ed krystalick\u00e1 struktura zaji\u0161\u0165uje uniformitu mezi jednotliv\u00fdmi \u0161ar\u017eemi a poskytuje spolehlivost v citliv\u00fdch v\u00fdrobn\u00edch procesech. Kdy\u017e <b>koupit Methamphetamine Crystal online<\/b>, po\u0159izujete si l\u00e1tku navr\u017eenou pro v\u00fdkon a p\u0159esnost. Tato forma je nezbytn\u00e1 pro v\u00fdzkumn\u00e9 pracovn\u00edky a v\u00fdrobce, kte\u0159\u00ed si nemohou dovolit ne\u010distoty, je\u017e by mohly ohrozit jejich pr\u00e1ci, co\u017e z n\u00ed \u010din\u00ed definitivn\u00ed volbu pro profesion\u00e1ln\u00ed aplikace.<\/p>\n<h3><strong>JAKOU BARVU M\u00c1 METAMFETAMIN?<\/strong><\/h3>\n<p>V nej\u010dist\u0161\u00ed form\u011b se metamfetamin prod\u00e1v\u00e1 jako <b>krystalick\u00fd b\u00edl\u00fd pr\u00e1\u0161ek<\/b> kter\u00fd se snadno rozpou\u0161t\u00ed v kapalin\u00e1ch, jako je voda nebo alkohol, a\u010dkoli m\u00e1 v\u00fdraznou a silnou chu\u0165. Varianty synt\u00e9zy v\u0161ak mohou v\u00e9st k pr\u00e1\u0161k\u016fm r\u016fzn\u00fdch odst\u00edn\u016f, v\u010detn\u011b tmav\u00e9ho, \u017elut\u00e9ho, oran\u017eov\u00e9ho a dokonce r\u016f\u017eov\u00e9ho. Lze jej tak\u00e9 zhutnit a zformovat do podoby tablet pro specifick\u00e9 pou\u017eit\u00ed. Vizu\u00e1ln\u00ed vzhled m\u016f\u017ee n\u011bkdy nazna\u010dovat p\u0159\u00edtomnost prekurzor\u016f nebo vedlej\u0161\u00edch produkt\u016f, a proto je velmi d\u016fle\u017eit\u00e9 odeb\u00edrat materi\u00e1l od ov\u011b\u0159en\u00e9ho dodavatele, abyste m\u011bli jistotu, \u017ee obdr\u017e\u00edte materi\u00e1l nejvy\u0161\u0161\u00ed kvality. Jak ji\u017e bylo uvedeno, lze jej kou\u0159it, \u0161\u0148upat nebo aplikovat injek\u010dn\u011b pro r\u016fzn\u00e9 v\u00fdzkumn\u00e9 \u00fa\u010dely.<\/p>\n<h2><strong>Pro\u010d koupit metamfetamin krystal online od Chemsfine?<\/strong><\/h2>\n<p>P\u0159i n\u00e1kupu pr\u016fmyslov\u00fdch chemik\u00e1li\u00ed je nejd\u016fle\u017eit\u011bj\u0161\u00ed d\u016fv\u011bra a kvalita. Spole\u010dnost Chemsfine je p\u0159edn\u00edm poskytovatelem <b>nejlep\u0161\u00ed dostupn\u00fd metamfetamin Crystal<\/b>, kter\u00e1 se specializuje na v\u00fdrobky p\u0159izp\u016fsoben\u00e9 n\u00e1ro\u010dn\u00fdm po\u017eadavk\u016fm pr\u016fmyslu a v\u00fdzkumu. N\u00e1\u0161 neochv\u011bjn\u00fd z\u00e1vazek k dokonalosti zaji\u0161\u0165uje, \u017ee ka\u017ed\u00e1 \u0161ar\u017ee nejen spl\u0148uje, ale i p\u0159ekra\u010duje p\u0159\u00edsn\u00e9 normy kvality. Poskytujeme transparentn\u00ed p\u0159\u00edstup ke specifikac\u00edm v\u00fdrobk\u016f a specializovanou z\u00e1kaznickou podporu, kter\u00e1 v\u00e1m pom\u016f\u017ee s va\u0161imi specifick\u00fdmi po\u017eadavky. Volba po\u0159\u00edzen\u00ed z\u00e1sob z na\u0161eho obchodu zaru\u010duje bezprobl\u00e9movou, bezpe\u010dnou a profesion\u00e1ln\u00ed zku\u0161enost, co\u017e posiluje d\u016fvody, pro\u010d n\u00e1m tolik pr\u016fmyslov\u00fdch odborn\u00edk\u016f d\u016fv\u011b\u0159uje v p\u0159\u00edpad\u011b sv\u00fdch kritick\u00fdch chemick\u00fdch pot\u0159eb.<\/p>\n<h3><strong>Vlastnosti krystal\u016f metamfetaminu<\/strong><\/h3>\n<p>Metamfetamin Crystal vykazuje n\u011bkolik kl\u00ed\u010dov\u00fdch vlastnost\u00ed, kter\u00e9 z n\u011bj \u010din\u00ed ide\u00e1ln\u00ed volbu pro pokro\u010dil\u00e9 pr\u016fmyslov\u00e9 a v\u011bdeck\u00e9 pou\u017eit\u00ed. Pochopen\u00ed t\u011bchto vlastnost\u00ed je pro jeho efektivn\u00ed pou\u017eit\u00ed z\u00e1sadn\u00ed:<\/p>\n<ul>\n<li><b>\u010cistota:<\/b> N\u00e1\u0161 krystal s ov\u011b\u0159enou \u010distotou p\u0159esahuj\u00edc\u00ed 99% zaru\u010duje minim\u00e1ln\u00ed p\u0159\u00edtomnost ne\u010distot. Tento vysok\u00fd stupe\u0148 \u010distoty m\u00e1 z\u00e1sadn\u00ed v\u00fdznam pro zamezen\u00ed necht\u011bn\u00fdch vedlej\u0161\u00edch reakc\u00ed a zaru\u010duje konzistentn\u00ed a opakovateln\u00e9 v\u00fdsledky v jak\u00e9mkoli pr\u016fmyslov\u00e9m nebo laboratorn\u00edm procesu.<\/li>\n<li><b>Rozpustnost:<\/b> Slou\u010denina je dob\u0159e rozpustn\u00e1 v \u0159ad\u011b b\u011b\u017en\u00fdch rozpou\u0161t\u011bdel. Tato vlastnost usnad\u0148uje jej\u00ed snadn\u00e9 za\u010dlen\u011bn\u00ed do r\u016fzn\u00fdch v\u00fdrobn\u00edch proces\u016f a chemick\u00fdch formulac\u00ed, co\u017e umo\u017e\u0148uje v\u0161estrann\u00e9 a efektivn\u00ed pou\u017eit\u00ed v r\u016fzn\u00fdch aplikac\u00edch.<\/li>\n<li><b>Stabilita:<\/b> P\u0159irozen\u00e1 stabilita krystalick\u00e9 formy zvy\u0161uje jej\u00ed trvanlivost a zaji\u0161\u0165uje spolehlivou funk\u010dnost po dlouhou dobu. To sni\u017euje mno\u017estv\u00ed odpadu a poskytuje jistotu, \u017ee materi\u00e1l bude fungovat podle o\u010dek\u00e1v\u00e1n\u00ed i po uskladn\u011bn\u00ed.<\/li>\n<\/ul>\n<h2><strong>Pr\u016fmyslov\u00e9 aplikace krystal\u016f metamfetaminu<\/strong><\/h2>\n<p>\u0160irok\u00e1 \u0161k\u00e1la pr\u016fmyslov\u00fdch odv\u011btv\u00ed vyu\u017e\u00edv\u00e1 jedine\u010dn\u00e9 vlastnosti metamfetaminu Crystal nejvy\u0161\u0161\u00ed kvality v mnoha kritick\u00fdch aplikac\u00edch. D\u00edky sv\u00e9 spolehlivosti a \u010distot\u011b je nezbytnou sou\u010d\u00e1st\u00ed v n\u00e1sleduj\u00edc\u00edch odv\u011btv\u00edch:<\/p>\n<ul>\n<li><b>Farmaceutick\u00e9 p\u0159\u00edpravky:<\/b> Slou\u017e\u00ed jako d\u016fle\u017eit\u00fd prekurzor nebo meziprodukt p\u0159i synt\u00e9ze n\u011bkter\u00fdch specializovan\u00fdch l\u00e9k\u016f a slo\u017eit\u00fdch terapeutick\u00fdch postup\u016f, kde je vy\u017eadov\u00e1n vysoce \u010dist\u00fd v\u00fdchoz\u00ed materi\u00e1l.<\/li>\n<li><b>Chemick\u00e1 v\u00fdroba:<\/b> Tato slou\u010denina hraje kl\u00ed\u010dovou roli jako stavebn\u00ed prvek p\u0159i v\u00fdrob\u011b r\u016fzn\u00fdch speci\u00e1ln\u00edch chemik\u00e1li\u00ed, polymer\u016f a dal\u0161\u00edch pokro\u010dil\u00fdch materi\u00e1l\u016f, kde je nutn\u00e1 p\u0159esn\u00e1 molekul\u00e1rn\u00ed struktura.<\/li>\n<li><b>V\u00fdzkum a v\u00fdvoj:<\/b> Je to z\u00e1kladn\u00ed \u010dinidlo pro laboratorn\u00ed v\u00fdzkum, kter\u00fd vy\u017eaduje p\u0159esn\u00e9 chemick\u00e9 reakce a formulace. V\u011bdci se spol\u00e9haj\u00ed na jeho konzistenci p\u0159i v\u00fdvoji nov\u00fdch slou\u010denin a p\u0159esn\u00e9m testov\u00e1n\u00ed v\u011bdeck\u00fdch hypot\u00e9z.<\/li>\n<\/ul>\n<h2><strong>Pro\u010d si vybrat n\u00e1\u0161 obchod?<\/strong><\/h2>\n<p>Kdy\u017e se rozhodnete <b>objednat Methamphetamine Crystal online<\/b> z na\u0161eho obchodu, vyb\u00edr\u00e1te si partnera, kter\u00fd se zasazuje o v\u00e1\u0161 \u00fasp\u011bch. Na\u0161\u00ed prioritou je zaji\u0161t\u011bn\u00ed kvality prost\u0159ednictv\u00edm p\u0159\u00edsn\u00e9ho v\u00edcestup\u0148ov\u00e9ho testov\u00e1n\u00ed, kter\u00e9 potvrzuje \u010distotu a konzistenci ka\u017ed\u00e9ho n\u00e1mi dod\u00e1van\u00e9ho v\u00fdrobku. N\u00e1\u0161 proces je podpo\u0159en specializovan\u00fdm t\u00fdmem z\u00e1kaznick\u00e9 podpory, kter\u00fd je p\u0159ipraven pomoci s va\u0161imi specifick\u00fdmi pr\u016fmyslov\u00fdmi dotazy a zajistit, abyste obdr\u017eeli ide\u00e1ln\u00ed v\u00fdrobek pro va\u0161i aplikaci. Krom\u011b toho nab\u00edz\u00edme v\u010dasn\u00e9 a bezpe\u010dn\u00e9 mo\u017enosti doru\u010den\u00ed p\u0159\u00edmo k v\u00e1m dom\u016f, \u010d\u00edm\u017e zabezpe\u010dujeme v\u00e1\u0161 n\u00e1kup od objedn\u00e1vky a\u017e po doru\u010den\u00ed. Tento komplexn\u00ed p\u0159\u00edstup ke kvalit\u011b a slu\u017eb\u00e1m z n\u00e1s \u010din\u00ed preferovan\u00e9ho dodavatele pro profesion\u00e1ly po cel\u00e9m sv\u011bt\u011b.<\/p>\n<h2><strong>Z\u00e1v\u011br<\/strong><\/h2>\n<p>Pro pr\u016fmyslov\u00e9, v\u00fdrobn\u00ed nebo v\u00fdzkumn\u00e9 \u00fa\u010dely, kter\u00e9 vy\u017eaduj\u00ed nejvy\u0161\u0161\u00ed standardy chemick\u00e9 \u010distoty a konzistence, je metamfetamin Crystal bezkonkuren\u010dn\u00ed volbou. Jste p\u0159ipraveni zakoupit tento z\u00e1kladn\u00ed krystal pro sv\u00e9 provozn\u00ed pot\u0159eby? Nav\u0161tivte spole\u010dnost Chemsfine je\u0161t\u011b dnes a prohl\u00e9dn\u011bte si celou na\u0161i nab\u00eddku chemick\u00fdch produkt\u016f. Zajist\u011bte hladk\u00fd pr\u016fb\u011bh sv\u00fdch operac\u00ed s na\u0161\u00edm krystalem nejvy\u0161\u0161\u00ed kvality. Zveme v\u00e1s <b>koupit Methamphetamine Crystal na prodej<\/b> a p\u0159esv\u011bd\u010dte se o rozd\u00edlu, kter\u00fd m\u016f\u017ee p\u0159in\u00e9st \u0161pi\u010dkov\u00e1 kvalita a specializovan\u00fd servis. Kontaktujte n\u00e1s nyn\u00ed a zajist\u011bte si spolehliv\u00e9 materi\u00e1ly, kter\u00e9 si va\u0161e pr\u00e1ce zaslou\u017e\u00ed.<\/p>","protected":false},"excerpt":{"rendered":"<p>Koupit \u010dist\u00fd metamfetamin krystal na prodej online na Chemsfine. N\u00e1\u0161 vysoce kvalitn\u00ed krystal je ide\u00e1ln\u00ed pro n\u00e1ro\u010dn\u00e9 v\u00fdzkumn\u00e9 a laboratorn\u00ed \u00fa\u010dely, se zaru\u010denou \u010distotou v ka\u017ed\u00e9 \u0161ar\u017ei. Poskytujeme podrobn\u00e9 informace o produktu a nab\u00edz\u00edme mno\u017estevn\u00ed slevy pro v\u011bt\u0161\u00ed objedn\u00e1vky. U\u017eijte si snadn\u00fd a bezpe\u010dn\u00fd proces online objedn\u00e1v\u00e1n\u00ed s pohotovou z\u00e1kaznickou podporou, kter\u00e1 zajist\u00ed diskr\u00e9tn\u00ed a spolehlivou celosv\u011btovou p\u0159epravu pro v\u0161echny va\u0161e pr\u016fmyslov\u00e9 pot\u0159eby.<\/p>","protected":false},"featured_media":2255,"comment_status":"closed","ping_status":"closed","template":"","meta":{"_joinchat":[]},"product_brand":[],"product_cat":[951],"product_tag":[],"class_list":{"0":"post-2248","1":"product","2":"type-product","3":"status-publish","4":"has-post-thumbnail","6":"product_cat-stimulants","8":"first","9":"instock","10":"shipping-taxable","11":"purchasable","12":"product-type-variable"},"yoast_head":"<!-- This site is optimized with the Yoast SEO plugin v27.2 - https:\/\/yoast.com\/product\/yoast-seo-wordpress\/ -->\n<title>Buy Methamphetamine Crystal Online - Best Price Available<\/title>\n<meta name=\"description\" content=\"Purchase high-purity Methamphetamine Crystal online at Chemsfine. Ideal for laboratory and industrial use. Secure, discreet shipping and guaranteed quality.\" \/>\n<meta name=\"robots\" content=\"index, follow, max-snippet:-1, max-image-preview:large, max-video-preview:-1\" \/>\n<link rel=\"canonical\" href=\"https:\/\/chemsfine.com\/cs\/produkt\/buy-methamphetamine-crystal\/\" \/>\n<meta property=\"og:locale\" content=\"cs_CZ\" \/>\n<meta property=\"og:type\" content=\"article\" \/>\n<meta property=\"og:title\" content=\"Buy Methamphetamine Crystal Online - Best Price Available\" \/>\n<meta property=\"og:description\" content=\"Purchase high-purity Methamphetamine Crystal online at Chemsfine. Ideal for laboratory and industrial use. Secure, discreet shipping and guaranteed quality.\" \/>\n<meta property=\"og:url\" content=\"https:\/\/chemsfine.com\/cs\/produkt\/buy-methamphetamine-crystal\/\" \/>\n<meta property=\"og:site_name\" content=\"Chemsfine\" \/>\n<meta property=\"article:modified_time\" content=\"2026-03-25T15:16:02+00:00\" \/>\n<meta property=\"og:image\" content=\"https:\/\/chemsfine.com\/wp-content\/uploads\/2025\/09\/Methamphetamine-Crystal-Meth.webp\" \/>\n\t<meta property=\"og:image:width\" content=\"300\" \/>\n\t<meta property=\"og:image:height\" content=\"300\" \/>\n\t<meta property=\"og:image:type\" content=\"image\/webp\" \/>\n<meta name=\"twitter:card\" content=\"summary_large_image\" \/>\n<meta name=\"twitter:label1\" content=\"Odhadovan\u00e1 doba \u010dten\u00ed\" \/>\n\t<meta name=\"twitter:data1\" content=\"3 minuty\" \/>\n<script type=\"application\/ld+json\" class=\"yoast-schema-graph\">{\"@context\":\"https:\/\/schema.org\",\"@graph\":[{\"@type\":\"WebPage\",\"@id\":\"https:\/\/chemsfine.com\/product\/buy-methamphetamine-crystal\/\",\"url\":\"https:\/\/chemsfine.com\/product\/buy-methamphetamine-crystal\/\",\"name\":\"Buy Methamphetamine Crystal Online - Best Price Available\",\"isPartOf\":{\"@id\":\"https:\/\/chemsfine.com\/#website\"},\"primaryImageOfPage\":{\"@id\":\"https:\/\/chemsfine.com\/product\/buy-methamphetamine-crystal\/#primaryimage\"},\"image\":{\"@id\":\"https:\/\/chemsfine.com\/product\/buy-methamphetamine-crystal\/#primaryimage\"},\"thumbnailUrl\":\"https:\/\/chemsfine.com\/wp-content\/uploads\/2025\/09\/Methamphetamine-Crystal-Meth.webp\",\"datePublished\":\"2025-09-07T06:33:48+00:00\",\"dateModified\":\"2026-03-25T15:16:02+00:00\",\"description\":\"Purchase high-purity Methamphetamine Crystal online at Chemsfine. Ideal for laboratory and industrial use. Secure, discreet shipping and guaranteed quality.\",\"breadcrumb\":{\"@id\":\"https:\/\/chemsfine.com\/product\/buy-methamphetamine-crystal\/#breadcrumb\"},\"inLanguage\":\"cs\",\"potentialAction\":[{\"@type\":\"ReadAction\",\"target\":[\"https:\/\/chemsfine.com\/product\/buy-methamphetamine-crystal\/\"]}]},{\"@type\":\"ImageObject\",\"inLanguage\":\"cs\",\"@id\":\"https:\/\/chemsfine.com\/product\/buy-methamphetamine-crystal\/#primaryimage\",\"url\":\"https:\/\/chemsfine.com\/wp-content\/uploads\/2025\/09\/Methamphetamine-Crystal-Meth.webp\",\"contentUrl\":\"https:\/\/chemsfine.com\/wp-content\/uploads\/2025\/09\/Methamphetamine-Crystal-Meth.webp\",\"width\":300,\"height\":300,\"caption\":\"Methamphetamine Crystal Meth\"},{\"@type\":\"BreadcrumbList\",\"@id\":\"https:\/\/chemsfine.com\/product\/buy-methamphetamine-crystal\/#breadcrumb\",\"itemListElement\":[{\"@type\":\"ListItem\",\"position\":1,\"name\":\"Home\",\"item\":\"https:\/\/chemsfine.com\/\"},{\"@type\":\"ListItem\",\"position\":2,\"name\":\"Shop\",\"item\":\"https:\/\/chemsfine.com\/shop\/\"},{\"@type\":\"ListItem\",\"position\":3,\"name\":\"Buy Methamphetamine Crystal Online | High Purity Grade\"}]},{\"@type\":\"WebSite\",\"@id\":\"https:\/\/chemsfine.com\/#website\",\"url\":\"https:\/\/chemsfine.com\/\",\"name\":\"Chemsfine\",\"description\":\"My WordPress Blog\",\"publisher\":{\"@id\":\"https:\/\/chemsfine.com\/#organization\"},\"potentialAction\":[{\"@type\":\"SearchAction\",\"target\":{\"@type\":\"EntryPoint\",\"urlTemplate\":\"https:\/\/chemsfine.com\/?s={search_term_string}\"},\"query-input\":{\"@type\":\"PropertyValueSpecification\",\"valueRequired\":true,\"valueName\":\"search_term_string\"}}],\"inLanguage\":\"cs\"},{\"@type\":\"Organization\",\"@id\":\"https:\/\/chemsfine.com\/#organization\",\"name\":\"Chemsfine\",\"url\":\"https:\/\/chemsfine.com\/\",\"logo\":{\"@type\":\"ImageObject\",\"inLanguage\":\"cs\",\"@id\":\"https:\/\/chemsfine.com\/#\/schema\/logo\/image\/\",\"url\":\"https:\/\/chemsfine.com\/wp-content\/uploads\/2024\/09\/final-logo.png\",\"contentUrl\":\"https:\/\/chemsfine.com\/wp-content\/uploads\/2024\/09\/final-logo.png\",\"width\":340,\"height\":72,\"caption\":\"Chemsfine\"},\"image\":{\"@id\":\"https:\/\/chemsfine.com\/#\/schema\/logo\/image\/\"}}]}<\/script>\n<!-- \/ Yoast SEO plugin. -->","yoast_head_json":{"title":"Koupit metamfetamin Crystal online - nejlep\u0161\u00ed dostupn\u00e1 cena","description":"Zakupte si vysoce \u010dist\u00fd metamfetamin krystal online na Chemsfine. Ide\u00e1ln\u00ed pro laboratorn\u00ed a pr\u016fmyslov\u00e9 pou\u017eit\u00ed. Bezpe\u010dn\u00e1, diskr\u00e9tn\u00ed doprava a zaru\u010den\u00e1 kvalita.","robots":{"index":"index","follow":"follow","max-snippet":"max-snippet:-1","max-image-preview":"max-image-preview:large","max-video-preview":"max-video-preview:-1"},"canonical":"https:\/\/chemsfine.com\/cs\/produkt\/buy-methamphetamine-crystal\/","og_locale":"cs_CZ","og_type":"article","og_title":"Buy Methamphetamine Crystal Online - Best Price Available","og_description":"Purchase high-purity Methamphetamine Crystal online at Chemsfine. Ideal for laboratory and industrial use. Secure, discreet shipping and guaranteed quality.","og_url":"https:\/\/chemsfine.com\/cs\/produkt\/buy-methamphetamine-crystal\/","og_site_name":"Chemsfine","article_modified_time":"2026-03-25T15:16:02+00:00","og_image":[{"width":300,"height":300,"url":"https:\/\/chemsfine.com\/wp-content\/uploads\/2025\/09\/Methamphetamine-Crystal-Meth.webp","type":"image\/webp"}],"twitter_card":"summary_large_image","twitter_misc":{"Odhadovan\u00e1 doba \u010dten\u00ed":"3 minuty"},"schema":{"@context":"https:\/\/schema.org","@graph":[{"@type":"WebPage","@id":"https:\/\/chemsfine.com\/product\/buy-methamphetamine-crystal\/","url":"https:\/\/chemsfine.com\/product\/buy-methamphetamine-crystal\/","name":"Koupit metamfetamin Crystal online - nejlep\u0161\u00ed dostupn\u00e1 cena","isPartOf":{"@id":"https:\/\/chemsfine.com\/#website"},"primaryImageOfPage":{"@id":"https:\/\/chemsfine.com\/product\/buy-methamphetamine-crystal\/#primaryimage"},"image":{"@id":"https:\/\/chemsfine.com\/product\/buy-methamphetamine-crystal\/#primaryimage"},"thumbnailUrl":"https:\/\/chemsfine.com\/wp-content\/uploads\/2025\/09\/Methamphetamine-Crystal-Meth.webp","datePublished":"2025-09-07T06:33:48+00:00","dateModified":"2026-03-25T15:16:02+00:00","description":"Zakupte si vysoce \u010dist\u00fd metamfetamin krystal online na Chemsfine. Ide\u00e1ln\u00ed pro laboratorn\u00ed a pr\u016fmyslov\u00e9 pou\u017eit\u00ed. Bezpe\u010dn\u00e1, diskr\u00e9tn\u00ed doprava a zaru\u010den\u00e1 kvalita.","breadcrumb":{"@id":"https:\/\/chemsfine.com\/product\/buy-methamphetamine-crystal\/#breadcrumb"},"inLanguage":"cs","potentialAction":[{"@type":"ReadAction","target":["https:\/\/chemsfine.com\/product\/buy-methamphetamine-crystal\/"]}]},{"@type":"ImageObject","inLanguage":"cs","@id":"https:\/\/chemsfine.com\/product\/buy-methamphetamine-crystal\/#primaryimage","url":"https:\/\/chemsfine.com\/wp-content\/uploads\/2025\/09\/Methamphetamine-Crystal-Meth.webp","contentUrl":"https:\/\/chemsfine.com\/wp-content\/uploads\/2025\/09\/Methamphetamine-Crystal-Meth.webp","width":300,"height":300,"caption":"Methamphetamine Crystal Meth"},{"@type":"BreadcrumbList","@id":"https:\/\/chemsfine.com\/product\/buy-methamphetamine-crystal\/#breadcrumb","itemListElement":[{"@type":"ListItem","position":1,"name":"Home","item":"https:\/\/chemsfine.com\/"},{"@type":"ListItem","position":2,"name":"Shop","item":"https:\/\/chemsfine.com\/shop\/"},{"@type":"ListItem","position":3,"name":"Buy Methamphetamine Crystal Online | High Purity Grade"}]},{"@type":"WebSite","@id":"https:\/\/chemsfine.com\/#website","url":"https:\/\/chemsfine.com\/","name":"Chemsfine","description":"M\u016fj blog WordPress","publisher":{"@id":"https:\/\/chemsfine.com\/#organization"},"potentialAction":[{"@type":"SearchAction","target":{"@type":"EntryPoint","urlTemplate":"https:\/\/chemsfine.com\/?s={search_term_string}"},"query-input":{"@type":"PropertyValueSpecification","valueRequired":true,"valueName":"search_term_string"}}],"inLanguage":"cs"},{"@type":"Organization","@id":"https:\/\/chemsfine.com\/#organization","name":"Chemsfine","url":"https:\/\/chemsfine.com\/","logo":{"@type":"ImageObject","inLanguage":"cs","@id":"https:\/\/chemsfine.com\/#\/schema\/logo\/image\/","url":"https:\/\/chemsfine.com\/wp-content\/uploads\/2024\/09\/final-logo.png","contentUrl":"https:\/\/chemsfine.com\/wp-content\/uploads\/2024\/09\/final-logo.png","width":340,"height":72,"caption":"Chemsfine"},"image":{"@id":"https:\/\/chemsfine.com\/#\/schema\/logo\/image\/"}}]}},"_links":{"self":[{"href":"https:\/\/chemsfine.com\/cs\/wp-json\/wp\/v2\/product\/2248","targetHints":{"allow":["GET"]}}],"collection":[{"href":"https:\/\/chemsfine.com\/cs\/wp-json\/wp\/v2\/product"}],"about":[{"href":"https:\/\/chemsfine.com\/cs\/wp-json\/wp\/v2\/types\/product"}],"replies":[{"embeddable":true,"href":"https:\/\/chemsfine.com\/cs\/wp-json\/wp\/v2\/comments?post=2248"}],"wp:featuredmedia":[{"embeddable":true,"href":"https:\/\/chemsfine.com\/cs\/wp-json\/wp\/v2\/media\/2255"}],"wp:attachment":[{"href":"https:\/\/chemsfine.com\/cs\/wp-json\/wp\/v2\/media?parent=2248"}],"wp:term":[{"taxonomy":"product_brand","embeddable":true,"href":"https:\/\/chemsfine.com\/cs\/wp-json\/wp\/v2\/product_brand?post=2248"},{"taxonomy":"product_cat","embeddable":true,"href":"https:\/\/chemsfine.com\/cs\/wp-json\/wp\/v2\/product_cat?post=2248"},{"taxonomy":"product_tag","embeddable":true,"href":"https:\/\/chemsfine.com\/cs\/wp-json\/wp\/v2\/product_tag?post=2248"}],"curies":[{"name":"wp","href":"https:\/\/api.w.org\/{rel}","templated":true}]}}