{"id":2375,"date":"2026-02-04T10:13:51","date_gmt":"2026-02-04T10:13:51","guid":{"rendered":"https:\/\/chemsfine.com\/product\/buy-alpha-php-powder-online-alpha-php-powder-for-sale-stimulants\/"},"modified":"2026-03-25T15:14:20","modified_gmt":"2026-03-25T15:14:20","slug":"buy-alpha-php-powder-2","status":"publish","type":"product","link":"https:\/\/chemsfine.com\/cs\/product\/buy-alpha-php-powder-2\/","title":{"rendered":"Koupit Alpha PHP pr\u00e1\u0161ek online | Vysoce \u010dist\u00fd \u03b1-PHP na prodej"},"content":{"rendered":"<h2><b>\u00davod do na\u0161\u00ed \u0161pi\u010dkov\u00e9 kvality Alpha PHP Crystal<\/b><\/h2>\n<p>S pokra\u010duj\u00edc\u00edm n\u00e1r\u016fstem popt\u00e1vky po nov\u00fdch stimulantech a v\u00fdzkumn\u00fdch slou\u010denin\u00e1ch, <b>Alpha-PHP Crystal<\/b> se stala kl\u00ed\u010dovou slo\u017ekou z\u00e1jmu v\u011bdeck\u00fdch komunit. Pokud hled\u00e1te <b>koupit Alpha PHP Crystal online<\/b> pro autorizovan\u00e9 laboratorn\u00ed studie je Chemsfine va\u0161\u00edm definitivn\u00edm zdrojem. Poskytujeme komplexn\u00ed informace o jeho \u00fa\u010dinc\u00edch, rizic\u00edch a leg\u00e1lnosti a zaji\u0161\u0165ujeme, abyste na\u0161li d\u016fv\u011bryhodn\u00e9, <b>vysoce \u010dist\u00fd alfa PHP na prodej<\/b>. Na\u0161\u00edm z\u00e1vazkem je dod\u00e1vat prvot\u0159\u00eddn\u00ed produkty pro legitimn\u00ed v\u00fdzkumn\u00e9 aplikace, co\u017e z n\u00e1s d\u011bl\u00e1 nejlep\u0161\u00ed m\u00edsto pro va\u0161e chemick\u00e9 pot\u0159eby. Kdy\u017e pot\u0159ebujete koupit Alpha PHP pr\u00e1\u0161ek na prodej, d\u016fv\u011b\u0159ujte na\u0161\u00ed ov\u011b\u0159en\u00e9 kvalit\u011b a profesion\u00e1ln\u00edm slu\u017eb\u00e1m.<\/p>\n<h3><b>Co je Alpha PHP Crystal?<\/b><\/h3>\n<p>Alfa-PHP (\u03b1-pyrrolidinohexanofenon) je syntetick\u00fd stimulant pat\u0159\u00edc\u00ed do skupiny <b>t\u0159\u00edda katinon\u016f<\/b>, strukturn\u011b p\u0159\u00edbuzn\u00fd \u03b1-PVP. Alfa-PHP, kter\u00fd byl p\u016fvodn\u011b syntetizov\u00e1n pro forenzn\u00ed a neurochemick\u00fd v\u00fdzkum, je na prodej u spole\u010dnosti Chemsfine a je zn\u00e1m\u00fd sv\u00fdmi siln\u00fdmi stimula\u010dn\u00edmi vlastnostmi. Byl rozs\u00e1hle studov\u00e1n ve vztahu k <b>inhibice dopaminergn\u00edho a noradrenergn\u00edho transportu<\/b>, co\u017e z n\u011bj \u010din\u00ed cenn\u00fd n\u00e1stroj pro pokro\u010dil\u00e9 neurologick\u00e9 studie. N\u00e1\u0161 v\u00fdrobek spl\u0148uje nejvy\u0161\u0161\u00ed standardy po\u017eadovan\u00e9 pro takto citliv\u00fd v\u00fdzkum.<\/p>\n<h4><b>Spole\u010dn\u00e9 n\u00e1zvy<\/b><\/h4>\n<ul>\n<li>Pr\u00e1\u0161ek Alpha-PHP<\/li>\n<li>\u03b1-PHP<\/li>\n<li>Hexyl-PVP<\/li>\n<li>Alfa pyrrolidinohexanofenon<\/li>\n<\/ul>\n<h4><b>Leg\u00e1ln\u00ed a neleg\u00e1ln\u00ed u\u017e\u00edv\u00e1n\u00ed<\/b><\/h4>\n<p>Je d\u016fle\u017eit\u00e9 si uv\u011bdomit, \u017ee Alpha-PHP m\u00e1 <b>\u017e\u00e1dn\u00e9 schv\u00e1len\u00e9 l\u00e9ka\u0159sk\u00e9 pou\u017eit\u00ed<\/b> a prod\u00e1v\u00e1 se v\u00fdhradn\u011b pro <b>v\u00fdzkumn\u00e9 \u00fa\u010dely<\/b>. Na neregulovan\u00fdch trz\u00edch vedlo zneu\u017eit\u00ed k pe\u010dliv\u00e9 kontrole a regulaci v n\u011bkolika jurisdikc\u00edch. Ve spole\u010dnosti Chemsfine p\u0159\u00edsn\u011b dodr\u017eujeme v\u0161echny p\u0159edpisy a dod\u00e1v\u00e1me na\u0161e produkty pouze kvalifikovan\u00fdm v\u00fdzkumn\u00edk\u016fm a instituc\u00edm pro legitimn\u00ed v\u011bdeck\u00e9 zkoum\u00e1n\u00ed.<\/p>\n<h3><b>\u00da\u010dinky a v\u00fdhody na\u0161eho pr\u00e1\u0161ku Alpha PHP<\/b><\/h3>\n<h4><b>V\u011bdeck\u00fd z\u00e1jem a potenci\u00e1ln\u00ed aplikace<\/b><\/h4>\n<p>N\u00e1\u0161 vysoce kvalitn\u00ed pr\u00e1\u0161ek Alpha PHP je ide\u00e1ln\u00ed pro \u0159adu v\u00fdzkumn\u00fdch aplikac\u00ed, v\u010detn\u011b:<\/p>\n<ul>\n<li><b>Neurologick\u00fd v\u00fdzkum<\/b> do stimula\u010dn\u00edch drah a aktivity neurotransmiter\u016f.<\/li>\n<li>behavior\u00e1ln\u00ed farmakologick\u00e9 studie k pochopen\u00ed jeho \u00fa\u010dink\u016f na zv\u00ed\u0159ec\u00edch modelech.<\/li>\n<li>Testov\u00e1n\u00ed dopaminergn\u00edch a norepinefrinov\u00fdch interakc\u00ed na zv\u00ed\u0159ec\u00edm modelu.<\/li>\n<\/ul>\n<h4><b>Rekrea\u010dn\u00ed a nootropn\u00ed tvrzen\u00ed (neofici\u00e1ln\u00ed)<\/b><\/h4>\n<p>A\u010dkoli nen\u00ed schv\u00e1len pro osobn\u00ed pou\u017eit\u00ed, neofici\u00e1ln\u00ed zpr\u00e1vy z nev\u011bdeck\u00fdch zdroj\u016f uv\u00e1d\u011bj\u00ed \u00fa\u010dinky, jako je zv\u00fd\u0161en\u00e9 soust\u0159ed\u011bn\u00ed, intenzivn\u00ed stimulace a zlep\u0161en\u00ed n\u00e1lady. Je nezbytn\u00e9 uv\u00e9st, \u017ee tato pou\u017eit\u00ed jsou <b>nen\u00ed podporov\u00e1no ani schv\u00e1leno<\/b> l\u00e9ka\u0159sk\u00fdmi \u00fa\u0159ady a nespadaj\u00ed do zam\u00fd\u0161len\u00e9ho v\u00fdzkumn\u00e9ho pou\u017eit\u00ed n\u00e1mi prod\u00e1van\u00e9ho v\u00fdrobku.<\/p>\n<h3><b>Rizika a kontraindikace<\/b><\/h3>\n<p>Jako odpov\u011bdn\u00fd dodavatel mus\u00edme upozornit na mo\u017en\u00e1 rizika spojen\u00e1 s manipulac\u00ed s touto slou\u010deninou. V\u00fdzkumn\u00ed pracovn\u00edci si mus\u00ed b\u00fdt v\u011bdomi jej\u00edho potenci\u00e1lu pro <b>kardiovaskul\u00e1rn\u00ed z\u00e1t\u011b\u017e<\/b> a <b>riziko psychick\u00e9 z\u00e1vislosti<\/b>. Tato slou\u010denina nen\u00ed vhodn\u00e1 pro \u017e\u00e1dn\u00e9 studie zahrnuj\u00edc\u00ed osoby s:<\/p>\n<ul>\n<li>Vysok\u00fd krevn\u00ed tlak<\/li>\n<li>D\u0159\u00edv\u011bj\u0161\u00ed du\u0161evn\u00ed stavy<\/li>\n<li>Zneu\u017e\u00edv\u00e1n\u00ed stimulant\u016f v minulosti<\/li>\n<\/ul>\n<h3><b>Doporu\u010den\u00e9 d\u00e1vkov\u00e1n\u00ed a bezpe\u010dnostn\u00ed upozorn\u011bn\u00ed<\/b><\/h3>\n<h4><b>Referen\u010dn\u00ed rozsahy pro forenzn\u00ed testy<\/b><\/h4>\n<p>\u00da\u010dinnost Alpha-PHP je mimo\u0159\u00e1dn\u011b vysok\u00e1. B\u011b\u017en\u00e9 koncentrace p\u0159i laboratorn\u00edm testov\u00e1n\u00ed se pohybuj\u00ed od <b>5 mg-20 mg<\/b> (pouze pro kontrolovan\u00e1 testovac\u00ed prost\u0159ed\u00ed). P\u0159esnost d\u00e1vkov\u00e1n\u00ed je naprosto <b>z\u00e1sadn\u00ed<\/b> Vzhledem k jeho vysok\u00e9 \u00fa\u010dinnosti je t\u0159eba p\u0159i manipulaci s na\u0161\u00edm produktem v\u017edy dodr\u017eovat spr\u00e1vn\u00e9 laboratorn\u00ed bezpe\u010dnostn\u00ed protokoly.<\/p>\n<h4><b>Rizika p\u0159ed\u00e1vkov\u00e1n\u00ed a z\u00e1vislosti<\/b><\/h4>\n<p>Nespr\u00e1vn\u00e1 manipulace m\u016f\u017ee v\u00e9st ke zna\u010dn\u00fdm rizik\u016fm. Akutn\u00ed rizika zahrnuj\u00ed <b>\u00fazkost, nespavost a tachykardie.<\/b>. Rizika chronick\u00e9 expozice zahrnuj\u00ed <b>tolerance, psychick\u00e9 vyho\u0159en\u00ed a z\u00e1vislost.<\/b>. Proto mus\u00ed b\u00fdt ve\u0161ker\u00fd v\u00fdzkum prov\u00e1d\u011bn v kontrolovan\u00e9m prost\u0159ed\u00ed.<\/p>\n<h4><b>Pro\u010d je d\u016fle\u017eit\u00e1 p\u0159esnost<\/b><\/h4>\n<p>S na\u0161\u00edm Alpha-PHP v pr\u00e1\u0161kov\u00e9 form\u011b je t\u0159eba zach\u00e1zet s <b>miligramov\u011b p\u0159esn\u00e9 v\u00e1hy<\/b>. Na str\u00e1nk\u00e1ch . <b>n\u00edzk\u00e1 prahov\u00e1 aktivn\u00ed d\u00e1vka<\/b> to znamen\u00e1, \u017ee i drobn\u00e9 chyby m\u011b\u0159en\u00ed mohou m\u00edt ve v\u00fdzkumu z\u00e1va\u017en\u00e9 a nezam\u00fd\u0161len\u00e9 d\u016fsledky. Vyz\u00fdv\u00e1me v\u0161echny klienty, aby pou\u017e\u00edvali vhodn\u00e9 osobn\u00ed ochrann\u00e9 prost\u0159edky (OOP) a kalibrovan\u00e9 p\u0159\u00edstroje.<\/p>\n<h3><b>Pro\u010d koupit Alpha PHP pr\u00e1\u0161ek online od spole\u010dnosti Chemsfine?<\/b><\/h3>\n<h4><b>Dostupnost a diskr\u00e9tnost<\/b><\/h4>\n<p>Kdy\u017e si u n\u00e1s objedn\u00e1te pr\u00e1\u0161ek Alpha PHP online, m\u016f\u017eete vyu\u017e\u00edt na\u0161ich v\u00fdhod. <b>glob\u00e1ln\u00ed dosah, diskr\u00e9tn\u00ed balen\u00ed<\/b>, a pohodln\u00fd proces objedn\u00e1v\u00e1n\u00ed. Usnad\u0148ujeme v\u00fdzkumn\u00fdm pracovn\u00edk\u016fm po cel\u00e9m sv\u011bt\u011b p\u0159\u00edstup k <b>Alpha PHP Powder s podporou COA na prodej<\/b> od spolehliv\u00e9ho v\u011bdeck\u00e9ho dodavatele.<\/p>\n<h4><b>Srovn\u00e1n\u00ed n\u00e1klad\u016f<\/b><\/h4>\n<p>Pokud hled\u00e1te <b>levn\u00e9 Alpha PHP pr\u00e1\u0161ek cena<\/b> bez kompromis\u016f v kvalit\u011b, je n\u00e1\u0161 internetov\u00fd obchod ide\u00e1ln\u00ed volbou. Nab\u00edz\u00edme:<\/p>\n<ul>\n<li><b>Hromadn\u00e9 ceny<\/b> pro rozs\u00e1hl\u00e9 v\u00fdzkumn\u00e9 projekty.<\/li>\n<li>Propaga\u010dn\u00ed nab\u00eddky pro na\u0161e st\u00e1l\u00e9 z\u00e1kazn\u00edky.<\/li>\n<li>Konkuren\u010dn\u00ed sazby, kter\u00e9 jsou lep\u0161\u00ed ne\u017e na offline nebo zprost\u0159edkovatelsk\u00fdch trz\u00edch.<\/li>\n<\/ul>\n<h4><b>Rozmanitost v\u00fdrobk\u016f a zaji\u0161t\u011bn\u00ed kvality<\/b><\/h4>\n<p>Nab\u00edz\u00edme nejlep\u0161\u00ed dostupn\u00fd pr\u00e1\u0161ek Alpha PHP v obou variant\u00e1ch. <b>pr\u00e1\u0161kov\u00e1 a krystalick\u00e1 forma<\/b>. Zaru\u010dujeme \u00farove\u0148 \u010distoty <b>\u226598%<\/b> a poskytnout ov\u011b\u0159en\u00e9 <b>testov\u00e1n\u00ed \u0161ar\u017e\u00ed a laboratorn\u00ed zpr\u00e1vy (CoA)<\/b> p\u0159i ka\u017ed\u00e9m n\u00e1kupu, aby byla zaji\u0161t\u011bna transparentnost a kvalita.<\/p>\n<h3><b>Je leg\u00e1ln\u00ed objedn\u00e1vat Alpha PHP Crystal online?<\/b><\/h3>\n<h4><b>P\u0159ehled glob\u00e1ln\u00edho pr\u00e1vn\u00edho statusu<\/b><\/h4>\n<p>V\u00fdzkumn\u00edci si mus\u00ed p\u0159ed n\u00e1kupem ov\u011b\u0159it m\u00edstn\u00ed z\u00e1kony. Stav zahrnuje:<\/p>\n<ul>\n<li><b>Spojen\u00e9 st\u00e1ty americk\u00e9<\/b>: Alpha-PHP je <b>L\u00e1tka za\u0159azen\u00e1 do seznamu I<\/b> podle feder\u00e1ln\u00edho pr\u00e1va.<\/li>\n<li><b>Spojen\u00e9 kr\u00e1lovstv\u00ed<\/b>: Kontrolov\u00e1no v r\u00e1mci <b>Z\u00e1kon o psychoaktivn\u00edch l\u00e1tk\u00e1ch<\/b>.<\/li>\n<li><b>Evropsk\u00e1 unie<\/b>: V jednotliv\u00fdch zem\u00edch se li\u0161\u00ed; v mnoha zem\u00edch byly z\u00e1kazy zavedeny v r\u00e1mci na\u0159\u00edzen\u00ed o NPS.<\/li>\n<li><b>Austr\u00e1lie\/Kanada<\/b>: Mohou platit kontrolovan\u00e9 nebo analogov\u00e9 z\u00e1kony.<\/li>\n<\/ul>\n<h4><b>P\u0159edpis vs. \u0161ed\u00fd\/\u010dern\u00fd trh<\/b><\/h4>\n<p>\u017d\u00e1dn\u00fd pr\u00e1vn\u00ed p\u0159edpis neexistuje. Pouze <b>Alpha-PHP v\u00fdzkumn\u00e9 \u00farovn\u011b<\/b> se leg\u00e1ln\u011b prod\u00e1v\u00e1 na vybran\u00fdch trz\u00edch pro v\u011bdeck\u00e9 \u00fa\u010dely. N\u00e1kup z <b>\u0161ed\u00fd\/\u010dern\u00fd trh<\/b> s sebou nese v\u00e1\u017en\u00e1 rizika, v\u010detn\u011b podvod\u016f, fal\u0161ov\u00e1n\u00ed a pr\u00e1vn\u00edch krok\u016f.<\/p>\n<h3><b>V\u00fdb\u011br spr\u00e1vn\u00e9ho produktu Alpha PHP Powder<\/b><\/h3>\n<h4><b>\u010cistota, koncentrace a slo\u017een\u00ed<\/b><\/h4>\n<p>V\u017edy po\u017eadujte <b>laboratorn\u011b testovan\u00e9 produkty<\/b>. Legitimn\u00ed prodejci, jako je Chemsfine, poskytuj\u00ed <b>\u00dadaje z testov\u00e1n\u00ed GC\/MS nebo HPLC<\/b>. Vyhn\u011bte se barevn\u00fdm, lepkav\u00fdm vzork\u016fm nebo vzork\u016fm s podivnou strukturou, proto\u017ee to jsou zn\u00e1mky fal\u0161ov\u00e1n\u00ed.<\/p>\n<h4><b>Pr\u00e1\u0161ek vs. p\u0159edem nam\u00edchan\u00e1 tekutina<\/b><\/h4>\n<table>\n<tbody>\n<tr>\n<td><b>Formul\u00e1\u0159<\/b><\/td>\n<td><b>Klady<\/b><\/td>\n<td><b>Nev\u00fdhody<\/b><\/td>\n<\/tr>\n<tr>\n<td>Pr\u00e1\u0161ek<\/td>\n<td>Snadn\u011bj\u0161\u00ed skladov\u00e1n\u00ed, p\u0159esn\u00e9 d\u00e1vkov\u00e1n\u00ed<\/td>\n<td>Vy\u017eaduje p\u0159esn\u00e9 m\u011b\u0159\u00edtko pro manipulaci<\/td>\n<\/tr>\n<tr>\n<td>Kapalina<\/td>\n<td>Zjednodu\u0161uje objemov\u00e9 m\u011b\u0159en\u00ed<\/td>\n<td>Riziko nespr\u00e1vn\u00e9ho slo\u017een\u00ed nebo nestability<\/td>\n<\/tr>\n<\/tbody>\n<\/table>\n<h4><b>Ukazatele vysoce kvalitn\u00edho v\u00fdrobku<\/b><\/h4>\n<p>Autentick\u00e9 PHP Alpha z d\u016fv\u011bryhodn\u00e9ho zdroje bude m\u00edt:<\/p>\n<ul>\n<li>Ov\u011b\u0159en\u00e1 laboratorn\u00ed certifikace (CoA).<\/li>\n<li>Obal odoln\u00fd proti manipulaci a sv\u011btlu.<\/li>\n<li>Transparentn\u00ed komunikace a podpora ze strany dodavatele.<\/li>\n<\/ul>\n<h3><b>Pro\u010d je Chemsfine nejlep\u0161\u00edm m\u00edstem pro n\u00e1kup Alpha PHP pr\u00e1\u0161ku online<\/b><\/h3>\n<h4><b>Co hledat u d\u016fv\u011bryhodn\u00e9ho prodejce<\/b><\/h4>\n<p>Zt\u011bles\u0148ujeme znaky \u0161pi\u010dkov\u00e9ho prodejce: konzistentn\u00ed pozitivn\u00ed hodnocen\u00ed na v\u00fdzkumn\u00fdch f\u00f3rech, detailn\u00ed <b>str\u00e1nky produktu s COA<\/b>, a jasn\u00e9 z\u00e1sady t\u00fdkaj\u00edc\u00ed se vr\u00e1cen\u00ed zbo\u017e\u00ed, op\u011btovn\u00e9ho zasl\u00e1n\u00ed a ochrany osobn\u00edch \u00fadaj\u016f. Na\u0161e pov\u011bst je zalo\u017eena na spolehlivosti.<\/p>\n<h4><b>Mo\u017enosti platby a p\u0159epravy<\/b><\/h4>\n<p>Nab\u00edz\u00edme flexibiln\u00ed mo\u017enosti, v\u010detn\u011b <b>platformy p\u0159\u00e1telsk\u00e9 ke kryptom\u011bn\u00e1m (Bitcoin, Litecoin).<\/b> pro anonymitu a <b>celosv\u011btov\u00e1 p\u0159eprava<\/b> s mo\u017enost\u00ed skryt\u00e9ho doru\u010den\u00ed, kter\u00e1 zaji\u0161\u0165uje bezpe\u010dn\u00e9 doru\u010den\u00ed. Na\u0161e z\u00e1kaznick\u00e1 podpora je k dispozici prost\u0159ednictv\u00edm chatu nebo \u0161ifrovan\u00e9ho e-mailu.<\/p>\n<h3><b>Z\u00e1v\u011br<\/b><\/h3>\n<h4><b>Shrnut\u00ed postup\u016f bezpe\u010dn\u00e9ho n\u00e1kupu<\/b><\/h4>\n<ul>\n<li>Poznejte sv\u00e9 <b>m\u00edstn\u00ed pr\u00e1vn\u00ed omezen\u00ed<\/b> p\u0159ed objedn\u00e1n\u00edm.<\/li>\n<li>Vyberte si prodejce, jako je Chemsfine, kte\u0159\u00ed nab\u00edzej\u00ed <b>ov\u011b\u0159en\u00fd pr\u00e1\u0161ek Alpha PHP na prodej<\/b>.<\/li>\n<li>Pou\u017eijte vhodn\u00e9 <b>laboratorn\u00ed vybaven\u00ed a osobn\u00ed ochrann\u00e9 prost\u0159edky<\/b> p\u0159i manipulaci se sm\u011bs\u00ed.<\/li>\n<li>Ulo\u017eit do <b>chladn\u00e9, such\u00e9 a tmav\u00e9 prost\u0159ed\u00ed<\/b> pro zachov\u00e1n\u00ed \u00fa\u010dinnosti a stability.<\/li>\n<\/ul>\n<p>Orientace v online sv\u011bt\u011b v\u00fdzkumn\u00fdch chemik\u00e1li\u00ed vy\u017eaduje <b>opatrnost, znalosti a odpov\u011bdnost<\/b>. Pokud hled\u00e1te <b>nejlep\u0161\u00ed m\u00edsto pro n\u00e1kup Alpha PHP pr\u00e1\u0161ku online<\/b>, zam\u011b\u0159it se na <b>\u010distota, legalita a pov\u011bst prodejce.<\/b>. V\u017edy pou\u017e\u00edvejte tento produkt pro <b>pouze autorizovan\u00fd v\u011bdeck\u00fd nebo analytick\u00fd v\u00fdzkum<\/b> a zajist\u011bte pln\u00fd soulad s m\u00edstn\u00edmi z\u00e1kony. Vyberte si Chemsfine pro bezpe\u010dn\u00fd a profesion\u00e1ln\u00ed n\u00e1kup.<\/p>","protected":false},"excerpt":{"rendered":"<p><b>Kupte si \u0161pi\u010dkov\u00fd pr\u00e1\u0161ek Alpha PHP (\u03b1-Pyrrolidinohexanofenon) pro sv\u00e9 v\u00fdzkumn\u00e9 pot\u0159eby. N\u00e1\u0161 v\u00fdrobek je laboratorn\u011b ov\u011b\u0159en na \u010distotu \u226598%, co\u017e zaji\u0161\u0165uje spolehliv\u00e9 a konzistentn\u00ed v\u00fdsledky pro v\u011bdeck\u00e9 aplikace. Objednejte si autentick\u00fd Alpha PHP od spole\u010dnosti Chemsfine pro svou laborato\u0159 je\u0161t\u011b dnes.<\/b><\/p>","protected":false},"featured_media":2374,"comment_status":"open","ping_status":"closed","template":"","meta":{"_joinchat":[]},"product_brand":[],"product_cat":[951],"product_tag":[],"class_list":{"0":"post-2375","1":"product","2":"type-product","3":"status-publish","4":"has-post-thumbnail","6":"product_cat-stimulants","8":"first","9":"instock","10":"shipping-taxable","11":"purchasable","12":"product-type-variable"},"yoast_head":"<!-- This site is optimized with the Yoast SEO plugin v27.2 - https:\/\/yoast.com\/product\/yoast-seo-wordpress\/ -->\n<title>Buy Alpha PHP Powder Online | Best Price for \u03b1-PHP Crystal<\/title>\n<meta name=\"description\" content=\"Buy high-purity Alpha PHP Powder online at Chemsfine. We offer lab-tested, research-grade \u03b1-PHP for sale. Secure payment and discreet global shipping available.\" \/>\n<meta name=\"robots\" content=\"index, follow, max-snippet:-1, max-image-preview:large, max-video-preview:-1\" \/>\n<link rel=\"canonical\" href=\"https:\/\/chemsfine.com\/cs\/produkt\/buy-alpha-php-powder-2\/\" \/>\n<meta property=\"og:locale\" content=\"cs_CZ\" \/>\n<meta property=\"og:type\" content=\"article\" \/>\n<meta property=\"og:title\" content=\"Buy Alpha PHP Powder Online | Best Price for \u03b1-PHP Crystal\" \/>\n<meta property=\"og:description\" content=\"Buy high-purity Alpha PHP Powder online at Chemsfine. We offer lab-tested, research-grade \u03b1-PHP for sale. Secure payment and discreet global shipping available.\" \/>\n<meta property=\"og:url\" content=\"https:\/\/chemsfine.com\/cs\/produkt\/buy-alpha-php-powder-2\/\" \/>\n<meta property=\"og:site_name\" content=\"Chemsfine\" \/>\n<meta property=\"article:modified_time\" content=\"2026-03-25T15:14:20+00:00\" \/>\n<meta property=\"og:image\" content=\"https:\/\/chemsfine.com\/wp-content\/uploads\/2026\/02\/A-PHP-Crystals-2.jpg\" \/>\n\t<meta property=\"og:image:width\" content=\"600\" \/>\n\t<meta property=\"og:image:height\" content=\"600\" \/>\n\t<meta property=\"og:image:type\" content=\"image\/jpeg\" \/>\n<meta name=\"twitter:card\" content=\"summary_large_image\" \/>\n<meta name=\"twitter:label1\" content=\"Odhadovan\u00e1 doba \u010dten\u00ed\" \/>\n\t<meta name=\"twitter:data1\" content=\"4 minuty\" \/>\n<script type=\"application\/ld+json\" class=\"yoast-schema-graph\">{\"@context\":\"https:\/\/schema.org\",\"@graph\":[{\"@type\":\"WebPage\",\"@id\":\"https:\/\/chemsfine.com\/product\/buy-alpha-php-powder-2\/\",\"url\":\"https:\/\/chemsfine.com\/product\/buy-alpha-php-powder-2\/\",\"name\":\"Buy Alpha PHP Powder Online | Best Price for \u03b1-PHP Crystal\",\"isPartOf\":{\"@id\":\"https:\/\/chemsfine.com\/#website\"},\"primaryImageOfPage\":{\"@id\":\"https:\/\/chemsfine.com\/product\/buy-alpha-php-powder-2\/#primaryimage\"},\"image\":{\"@id\":\"https:\/\/chemsfine.com\/product\/buy-alpha-php-powder-2\/#primaryimage\"},\"thumbnailUrl\":\"https:\/\/chemsfine.com\/wp-content\/uploads\/2026\/02\/A-PHP-Crystals-2.jpg\",\"datePublished\":\"2026-02-04T10:13:51+00:00\",\"dateModified\":\"2026-03-25T15:14:20+00:00\",\"description\":\"Buy high-purity Alpha PHP Powder online at Chemsfine. We offer lab-tested, research-grade \u03b1-PHP for sale. Secure payment and discreet global shipping available.\",\"breadcrumb\":{\"@id\":\"https:\/\/chemsfine.com\/product\/buy-alpha-php-powder-2\/#breadcrumb\"},\"inLanguage\":\"cs\",\"potentialAction\":[{\"@type\":\"ReadAction\",\"target\":[\"https:\/\/chemsfine.com\/product\/buy-alpha-php-powder-2\/\"]}]},{\"@type\":\"ImageObject\",\"inLanguage\":\"cs\",\"@id\":\"https:\/\/chemsfine.com\/product\/buy-alpha-php-powder-2\/#primaryimage\",\"url\":\"https:\/\/chemsfine.com\/wp-content\/uploads\/2026\/02\/A-PHP-Crystals-2.jpg\",\"contentUrl\":\"https:\/\/chemsfine.com\/wp-content\/uploads\/2026\/02\/A-PHP-Crystals-2.jpg\",\"width\":600,\"height\":600,\"caption\":\"Buy Alpha PHP Powder Online - Alpha PHP Powder for Sale\"},{\"@type\":\"BreadcrumbList\",\"@id\":\"https:\/\/chemsfine.com\/product\/buy-alpha-php-powder-2\/#breadcrumb\",\"itemListElement\":[{\"@type\":\"ListItem\",\"position\":1,\"name\":\"Home\",\"item\":\"https:\/\/chemsfine.com\/\"},{\"@type\":\"ListItem\",\"position\":2,\"name\":\"Shop\",\"item\":\"https:\/\/chemsfine.com\/shop\/\"},{\"@type\":\"ListItem\",\"position\":3,\"name\":\"Buy Alpha PHP Powder Online | High-Purity \u03b1-PHP For Sale\"}]},{\"@type\":\"WebSite\",\"@id\":\"https:\/\/chemsfine.com\/#website\",\"url\":\"https:\/\/chemsfine.com\/\",\"name\":\"Chemsfine\",\"description\":\"My WordPress Blog\",\"publisher\":{\"@id\":\"https:\/\/chemsfine.com\/#organization\"},\"potentialAction\":[{\"@type\":\"SearchAction\",\"target\":{\"@type\":\"EntryPoint\",\"urlTemplate\":\"https:\/\/chemsfine.com\/?s={search_term_string}\"},\"query-input\":{\"@type\":\"PropertyValueSpecification\",\"valueRequired\":true,\"valueName\":\"search_term_string\"}}],\"inLanguage\":\"cs\"},{\"@type\":\"Organization\",\"@id\":\"https:\/\/chemsfine.com\/#organization\",\"name\":\"Chemsfine\",\"url\":\"https:\/\/chemsfine.com\/\",\"logo\":{\"@type\":\"ImageObject\",\"inLanguage\":\"cs\",\"@id\":\"https:\/\/chemsfine.com\/#\/schema\/logo\/image\/\",\"url\":\"https:\/\/chemsfine.com\/wp-content\/uploads\/2024\/09\/final-logo.png\",\"contentUrl\":\"https:\/\/chemsfine.com\/wp-content\/uploads\/2024\/09\/final-logo.png\",\"width\":340,\"height\":72,\"caption\":\"Chemsfine\"},\"image\":{\"@id\":\"https:\/\/chemsfine.com\/#\/schema\/logo\/image\/\"}}]}<\/script>\n<!-- \/ Yoast SEO plugin. -->","yoast_head_json":{"title":"Koupit Alpha PHP pr\u00e1\u0161ek online | Nejlep\u0161\u00ed cena pro \u03b1-PHP Crystal","description":"Kupte si vysoce \u010dist\u00fd alfa PHP pr\u00e1\u0161ek online na Chemsfine. Nab\u00edz\u00edme k prodeji laboratorn\u011b testovan\u00fd, v\u00fdzkumn\u00fd \u03b1-PHP. K dispozici je bezpe\u010dn\u00e1 platba a diskr\u00e9tn\u00ed celosv\u011btov\u00e1 p\u0159eprava.","robots":{"index":"index","follow":"follow","max-snippet":"max-snippet:-1","max-image-preview":"max-image-preview:large","max-video-preview":"max-video-preview:-1"},"canonical":"https:\/\/chemsfine.com\/cs\/produkt\/buy-alpha-php-powder-2\/","og_locale":"cs_CZ","og_type":"article","og_title":"Buy Alpha PHP Powder Online | Best Price for \u03b1-PHP Crystal","og_description":"Buy high-purity Alpha PHP Powder online at Chemsfine. We offer lab-tested, research-grade \u03b1-PHP for sale. Secure payment and discreet global shipping available.","og_url":"https:\/\/chemsfine.com\/cs\/produkt\/buy-alpha-php-powder-2\/","og_site_name":"Chemsfine","article_modified_time":"2026-03-25T15:14:20+00:00","og_image":[{"width":600,"height":600,"url":"https:\/\/chemsfine.com\/wp-content\/uploads\/2026\/02\/A-PHP-Crystals-2.jpg","type":"image\/jpeg"}],"twitter_card":"summary_large_image","twitter_misc":{"Odhadovan\u00e1 doba \u010dten\u00ed":"4 minuty"},"schema":{"@context":"https:\/\/schema.org","@graph":[{"@type":"WebPage","@id":"https:\/\/chemsfine.com\/product\/buy-alpha-php-powder-2\/","url":"https:\/\/chemsfine.com\/product\/buy-alpha-php-powder-2\/","name":"Koupit Alpha PHP pr\u00e1\u0161ek online | Nejlep\u0161\u00ed cena pro \u03b1-PHP Crystal","isPartOf":{"@id":"https:\/\/chemsfine.com\/#website"},"primaryImageOfPage":{"@id":"https:\/\/chemsfine.com\/product\/buy-alpha-php-powder-2\/#primaryimage"},"image":{"@id":"https:\/\/chemsfine.com\/product\/buy-alpha-php-powder-2\/#primaryimage"},"thumbnailUrl":"https:\/\/chemsfine.com\/wp-content\/uploads\/2026\/02\/A-PHP-Crystals-2.jpg","datePublished":"2026-02-04T10:13:51+00:00","dateModified":"2026-03-25T15:14:20+00:00","description":"Kupte si vysoce \u010dist\u00fd alfa PHP pr\u00e1\u0161ek online na Chemsfine. Nab\u00edz\u00edme k prodeji laboratorn\u011b testovan\u00fd, v\u00fdzkumn\u00fd \u03b1-PHP. K dispozici je bezpe\u010dn\u00e1 platba a diskr\u00e9tn\u00ed celosv\u011btov\u00e1 p\u0159eprava.","breadcrumb":{"@id":"https:\/\/chemsfine.com\/product\/buy-alpha-php-powder-2\/#breadcrumb"},"inLanguage":"cs","potentialAction":[{"@type":"ReadAction","target":["https:\/\/chemsfine.com\/product\/buy-alpha-php-powder-2\/"]}]},{"@type":"ImageObject","inLanguage":"cs","@id":"https:\/\/chemsfine.com\/product\/buy-alpha-php-powder-2\/#primaryimage","url":"https:\/\/chemsfine.com\/wp-content\/uploads\/2026\/02\/A-PHP-Crystals-2.jpg","contentUrl":"https:\/\/chemsfine.com\/wp-content\/uploads\/2026\/02\/A-PHP-Crystals-2.jpg","width":600,"height":600,"caption":"Buy Alpha PHP Powder Online - Alpha PHP Powder for Sale"},{"@type":"BreadcrumbList","@id":"https:\/\/chemsfine.com\/product\/buy-alpha-php-powder-2\/#breadcrumb","itemListElement":[{"@type":"ListItem","position":1,"name":"Home","item":"https:\/\/chemsfine.com\/"},{"@type":"ListItem","position":2,"name":"Shop","item":"https:\/\/chemsfine.com\/shop\/"},{"@type":"ListItem","position":3,"name":"Buy Alpha PHP Powder Online | High-Purity \u03b1-PHP For Sale"}]},{"@type":"WebSite","@id":"https:\/\/chemsfine.com\/#website","url":"https:\/\/chemsfine.com\/","name":"Chemsfine","description":"M\u016fj blog WordPress","publisher":{"@id":"https:\/\/chemsfine.com\/#organization"},"potentialAction":[{"@type":"SearchAction","target":{"@type":"EntryPoint","urlTemplate":"https:\/\/chemsfine.com\/?s={search_term_string}"},"query-input":{"@type":"PropertyValueSpecification","valueRequired":true,"valueName":"search_term_string"}}],"inLanguage":"cs"},{"@type":"Organization","@id":"https:\/\/chemsfine.com\/#organization","name":"Chemsfine","url":"https:\/\/chemsfine.com\/","logo":{"@type":"ImageObject","inLanguage":"cs","@id":"https:\/\/chemsfine.com\/#\/schema\/logo\/image\/","url":"https:\/\/chemsfine.com\/wp-content\/uploads\/2024\/09\/final-logo.png","contentUrl":"https:\/\/chemsfine.com\/wp-content\/uploads\/2024\/09\/final-logo.png","width":340,"height":72,"caption":"Chemsfine"},"image":{"@id":"https:\/\/chemsfine.com\/#\/schema\/logo\/image\/"}}]}},"_links":{"self":[{"href":"https:\/\/chemsfine.com\/cs\/wp-json\/wp\/v2\/product\/2375","targetHints":{"allow":["GET"]}}],"collection":[{"href":"https:\/\/chemsfine.com\/cs\/wp-json\/wp\/v2\/product"}],"about":[{"href":"https:\/\/chemsfine.com\/cs\/wp-json\/wp\/v2\/types\/product"}],"replies":[{"embeddable":true,"href":"https:\/\/chemsfine.com\/cs\/wp-json\/wp\/v2\/comments?post=2375"}],"wp:featuredmedia":[{"embeddable":true,"href":"https:\/\/chemsfine.com\/cs\/wp-json\/wp\/v2\/media\/2374"}],"wp:attachment":[{"href":"https:\/\/chemsfine.com\/cs\/wp-json\/wp\/v2\/media?parent=2375"}],"wp:term":[{"taxonomy":"product_brand","embeddable":true,"href":"https:\/\/chemsfine.com\/cs\/wp-json\/wp\/v2\/product_brand?post=2375"},{"taxonomy":"product_cat","embeddable":true,"href":"https:\/\/chemsfine.com\/cs\/wp-json\/wp\/v2\/product_cat?post=2375"},{"taxonomy":"product_tag","embeddable":true,"href":"https:\/\/chemsfine.com\/cs\/wp-json\/wp\/v2\/product_tag?post=2375"}],"curies":[{"name":"wp","href":"https:\/\/api.w.org\/{rel}","templated":true}]}}