{"id":2385,"date":"2026-02-04T10:14:05","date_gmt":"2026-02-04T10:14:05","guid":{"rendered":"https:\/\/chemsfine.com\/product\/4f-methylphenidate-4f-mph-for-sale-buy-4f-mph-online-category-uncategorized\/"},"modified":"2026-03-25T15:12:02","modified_gmt":"2026-03-25T15:12:02","slug":"buy-4f-methylphenidate","status":"publish","type":"product","link":"https:\/\/chemsfine.com\/cs\/product\/buy-4f-methylphenidate\/","title":{"rendered":"Koupit 4F-methylfenid\u00e1t (4F-MPH) | \u0160pi\u010dkov\u00e1 kvalita na prodej"},"content":{"rendered":"<div class=\"wp-block-group has-global-padding is-layout-constrained wp-block-group-is-layout-constrained\">\n<h2><b>Vysoce \u010dist\u00fd 4F-methylfenid\u00e1t (4F-MPH) pro v\u00e1\u0161 v\u00fdzkum<\/b><\/h2>\n<p>V posledn\u00edch letech se zv\u00fd\u0161ila popt\u00e1vka po <b>koupit 4F-MPH na prodej<\/b> se v\u00fdrazn\u011b roz\u0161\u00ed\u0159il v r\u00e1mci v\u00fdzkumn\u00e9 chemick\u00e9 komunity a mezi nad\u0161enci pro nootropn\u00ed l\u00e1tky. Jeho jedine\u010dn\u00e9 stimula\u010dn\u00ed \u00fa\u010dinky spolu s pohodln\u00fdm n\u00e1kupem online od prodejc\u016f, jako je chemsfine, podn\u00edtily prudk\u00fd n\u00e1r\u016fst z\u00e1jmu. Tento p\u0159ehled produkt\u016f poskytuje v\u0161echny podstatn\u00e9 informace, kter\u00e9 pot\u0159ebujete k tomu, abyste <b>koupit 4F-MPH online<\/b> bezpe\u010dn\u011b, leg\u00e1ln\u011b a s naprostou d\u016fv\u011brou v jeho kvalitu pro va\u0161e v\u00fdzkumn\u00e9 aplikace.<\/p>\n<h3><b>Co je 4F-MPH?<\/b><\/h3>\n<p>Na str\u00e1nk\u00e1ch <b>\u0161pi\u010dkov\u00e1 kvalita 4F-MPH<\/b> (4-fluormethylfenid\u00e1t) je zde k dispozici prvot\u0159\u00eddn\u00ed syntetick\u00fd stimulant. Pat\u0159\u00ed do skupiny fenid\u00e1t\u016f a je strukturn\u011b p\u0159\u00edbuzn\u00fd methylfenid\u00e1tu, zn\u00e1m\u00e9mu l\u00e9ku na ADHD. N\u00e1\u0161 4F-MPH je zn\u00e1m\u00fd pro svou silnou stimulaci centr\u00e1ln\u00edho nervov\u00e9ho syst\u00e9mu a je \u010dasto vyhled\u00e1v\u00e1n v\u00fdzkumn\u00fdmi pracovn\u00edky pro projekty zahrnuj\u00edc\u00ed zlep\u0161en\u00ed kognitivn\u00edch funkc\u00ed a podporu soust\u0159ed\u011bn\u00ed.<\/p>\n<h3><b>Pro\u010d roste z\u00e1jem o n\u00e1kup 4F-MPH online?<\/b><\/h3>\n<p>Online trh poskytuje v\u00fdzkumn\u00fdm pracovn\u00edk\u016fm, kte\u0159\u00ed cht\u011bj\u00ed z\u00edskat 4F-MPH, jedine\u010dnou dostupnost a diskr\u00e9tnost. Ve srovn\u00e1n\u00ed s tradi\u010dn\u00edmi zdroji nab\u00edzej\u00ed online prodejci neust\u00e1le konkurenceschopn\u011bj\u0161\u00ed ceny, \u0161ir\u0161\u00ed v\u00fdb\u011br forem produktu a podrobn\u00e9 informace o \u010distot\u011b - v\u0161echny faktory, kter\u00e9 p\u0159isp\u00edvaj\u00ed k rostouc\u00ed popt\u00e1vce po tomto produktu ve v\u011bdeck\u00e9 komunit\u011b. Kdy\u017e <b>objednat 4F-MPH online<\/b>, z\u00edsk\u00e1te p\u0159\u00edstup k prvot\u0159\u00eddn\u00edmu v\u00fdzkumn\u00e9mu materi\u00e1lu.<\/p>\n<h3><b>Porozum\u011bn\u00ed 4F-MPH: bli\u017e\u0161\u00ed pohled<\/b><\/h3>\n<ul>\n<li style=\"font-weight: 400\"><b>Chemick\u00e1 struktura a anamn\u00e9za:<\/b> Tato slou\u010denina m\u00e1 v molekule methylfenid\u00e1tu z\u00e1m\u011bnu atomu fluoru, kter\u00e1 potenci\u00e1ln\u011b m\u011bn\u00ed jeho \u00fa\u010dinnost a trv\u00e1n\u00ed. Zat\u00edmco methylfenid\u00e1t m\u00e1 dlouhou historii l\u00e9ka\u0159sk\u00e9ho vyu\u017eit\u00ed, 4F-MPH z\u016fst\u00e1v\u00e1 v\u00fdzkumnou chemik\u00e1li\u00ed bez jak\u00e9hokoli schv\u00e1len\u00e9ho terapeutick\u00e9ho vyu\u017eit\u00ed.<\/li>\n<li style=\"font-weight: 400\"><b>Obecn\u00e1 jm\u00e9na:<\/b> P\u0159\u00edpravek je b\u011b\u017en\u011b zn\u00e1m\u00fd jako 4F-MPH nebo 4-fluormethylfenid\u00e1t.<\/li>\n<li style=\"font-weight: 400\"><b>Leg\u00e1ln\u00ed a neleg\u00e1ln\u00ed u\u017e\u00edv\u00e1n\u00ed:<\/b> Pr\u00e1vn\u00ed status 4F-MPH se ve sv\u011bt\u011b zna\u010dn\u011b li\u0161\u00ed. N\u011bkter\u00e9 zem\u011b jej reguluj\u00ed analogick\u00fdmi z\u00e1kony, zat\u00edmco jin\u00e9 jej zcela zak\u00e1zaly. D\u016fle\u017eit\u00e9 je, \u017ee nen\u00ed schv\u00e1len pro \u017e\u00e1dn\u00fd l\u00e9ka\u0159sk\u00fd p\u0159edpis a prod\u00e1v\u00e1 se v\u00fdhradn\u011b pro v\u00fdzkumn\u00e9 \u00fa\u010dely.<\/li>\n<\/ul>\n<h3><b>Hl\u00e1\u0161en\u00e9 \u00fa\u010dinky a p\u0159\u00ednosy v\u00fdzkumu 4F-MPH<\/b><\/h3>\n<ul>\n<li style=\"font-weight: 400\"><b>L\u00e9ka\u0159sk\u00e9 n\u00e1roky:<\/b> A\u010dkoli pro 4F-MPH neexistuje \u017e\u00e1dn\u00e9 ofici\u00e1ln\u00ed l\u00e9ka\u0159sk\u00e9 vyu\u017eit\u00ed, slou\u010deniny s podobnou strukturou se pou\u017e\u00edvaj\u00ed k l\u00e9\u010db\u011b stav\u016f, jako je ADHD a narkolepsie.<\/li>\n<li style=\"font-weight: 400\"><b>Rekrea\u010dn\u00ed a nootropn\u00ed tvrzen\u00ed:<\/b> U\u017eivatel\u00e9 v neofici\u00e1ln\u00edch zpr\u00e1v\u00e1ch \u010dasto popisuj\u00ed lep\u0161\u00ed soust\u0159ed\u011bn\u00ed, zv\u00fd\u0161enou bd\u011blost a zlep\u0161en\u00ed n\u00e1lady. N\u011bkte\u0159\u00ed jej proto zkou\u0161ej\u00ed jako studijn\u00ed pom\u016fcku nebo prost\u0159edek zvy\u0161uj\u00edc\u00ed produktivitu v jin\u00fdch ne\u017e laboratorn\u00edch podm\u00ednk\u00e1ch.<\/li>\n<li style=\"font-weight: 400\"><b>Rizika a kontraindikace:<\/b> Mezi potenci\u00e1ln\u00ed rizika pat\u0159\u00ed \u00fazkost, zv\u00fd\u0161en\u00e1 srde\u010dn\u00ed frekvence, z\u00e1vislost a ne\u017e\u00e1douc\u00ed psychick\u00e9 \u00fa\u010dinky, zejm\u00e9na p\u0159i vysok\u00fdch d\u00e1vk\u00e1ch nebo u citliv\u00fdch jedinc\u016f. Zach\u00e1zejte s n\u00edm s n\u00e1le\u017eitou opatrnost\u00ed.<\/li>\n<\/ul>\n<h3><b>Doporu\u010den\u00e9 d\u00e1vkov\u00e1n\u00ed a bezpe\u010dnostn\u00ed upozorn\u011bn\u00ed<\/b><\/h3>\n<ul>\n<li style=\"font-weight: 400\"><b>Typick\u00e9 rozsahy:<\/b> Jako v\u00fdzkumn\u00e1 chemick\u00e1 l\u00e1tka nem\u00e1 4F-MPH standardizovan\u00e9 pokyny pro d\u00e1vkov\u00e1n\u00ed; neofici\u00e1ln\u00ed zpr\u00e1vy v\u0161ak nazna\u010duj\u00ed, \u017ee n\u00edzk\u00e9 miligramov\u00e9 d\u00e1vky jsou dostate\u010dn\u00e9 pro stimula\u010dn\u00ed \u00fa\u010dinky.<\/li>\n<li style=\"font-weight: 400\"><b>Rizika p\u0159ed\u00e1vkov\u00e1n\u00ed a z\u00e1vislosti:<\/b> Zneu\u017e\u00edv\u00e1n\u00ed t\u00e9to l\u00e1tky m\u016f\u017ee v\u00e9st k z\u00e1va\u017en\u00fdm kardiovaskul\u00e1rn\u00edm, neurologick\u00fdm a psychick\u00fdm komplikac\u00edm. Zodpov\u011bdn\u00e9 zach\u00e1zen\u00ed je prvo\u0159ad\u00e9.<\/li>\n<li style=\"font-weight: 400\"><b>P\u0159esnost je rozhoduj\u00edc\u00ed:<\/b> Zejm\u00e9na p\u0159i pr\u00e1ci s pr\u00e1\u0161ky je p\u0159esn\u00e9 odm\u011b\u0159en\u00ed z\u00e1sadn\u00ed, aby nedo\u0161lo k n\u00e1hodn\u00e9mu p\u0159ed\u00e1vkov\u00e1n\u00ed. Pou\u017e\u00edv\u00e1n\u00ed p\u0159esn\u00fdch vah je naprosto nezbytn\u00e9 pro jak\u00fdkoli v\u00fdzkum.<\/li>\n<\/ul>\n<h3><b>Pro\u010d koupit 4F-MPH online od chemsfine?<\/b><\/h3>\n<ul>\n<li style=\"font-weight: 400\"><b>P\u0159\u00edstupnost a diskr\u00e9tnost:<\/b> Na\u0161e online n\u00e1kupn\u00ed platforma nab\u00edz\u00ed soukrom\u00fd, bezpe\u010dn\u00fd a pohodln\u00fd p\u0159\u00edstup k <b>nejlep\u0161\u00ed dostupn\u00fd 4F-MPH<\/b>.<\/li>\n<li style=\"font-weight: 400\"><b>Srovn\u00e1n\u00ed n\u00e1klad\u016f:<\/b> Na\u0161e online ceny jsou vysoce konkurenceschopn\u00e9 a \u010dasto jsou ni\u017e\u0161\u00ed ne\u017e ceny m\u00edstn\u00edch nebo kamenn\u00fdch zdroj\u016f za lep\u0161\u00ed produkt.<\/li>\n<li style=\"font-weight: 400\"><b>Rozmanitost v\u00fdrobk\u016f a zaji\u0161t\u011bn\u00ed kvality:<\/b> Poskytujeme laboratorn\u011b testovan\u00e9 produkty ve form\u011b pr\u00e1\u0161ku nebo kapsl\u00ed, dopln\u011bn\u00e9 certifik\u00e1ty \u010distoty, kter\u00e9 zaru\u010duj\u00ed kvalitu.<\/li>\n<\/ul>\n<h3><b>Je leg\u00e1ln\u00ed objedn\u00e1vat 4F-MPH online?<\/b><\/h3>\n<ul>\n<li style=\"font-weight: 400\"><b>Glob\u00e1ln\u00ed pr\u00e1vn\u00ed status:<\/b> Leg\u00e1lnost se zna\u010dn\u011b li\u0161\u00ed; st\u00e1ty jako USA, Velk\u00e1 Brit\u00e1nie a r\u016fzn\u00e9 zem\u011b EU mohou 4F-MPH omezit nebo zcela zak\u00e1zat. Je na odpov\u011bdnosti kupuj\u00edc\u00edho, aby znal m\u00edstn\u00ed z\u00e1kony.<\/li>\n<li style=\"font-weight: 400\"><b>P\u0159edpis vs. \u0161ed\u00fd\/\u010dern\u00fd trh:<\/b> Legitimn\u00ed p\u0159edpisy pro 4F-MPH neexistuj\u00ed. Proto se v\u011bt\u0161ina n\u00e1kup\u016f uskute\u010d\u0148uje prost\u0159ednictv\u00edm \u0161ed\u00e9ho nebo \u010dern\u00e9ho trhu. P\u016fsob\u00edme jako legitimn\u00ed dodavatel pouze pro v\u00fdzkumn\u00e9 \u00fa\u010dely.<\/li>\n<li style=\"font-weight: 400\"><b>D\u016fsledky:<\/b> Pokus o neleg\u00e1ln\u00ed n\u00e1kup s sebou nese riziko konfiskace, zna\u010dn\u00fdch pr\u00e1vn\u00edch sankc\u00ed a mo\u017en\u00e9ho vystaven\u00ed ne\u010dist\u00fdm nebo fal\u0161ovan\u00fdm l\u00e1tk\u00e1m od nespolehliv\u00fdch prodejc\u016f.<\/li>\n<\/ul>\n<h3><b>V\u00fdb\u011br spr\u00e1vn\u00e9ho produktu 4F-MPH<\/b><\/h3>\n<ul>\n<li style=\"font-weight: 400\"><b>\u010cistota a koncentrace:<\/b> V\u017edy si ov\u011b\u0159te dostupnost v\u00fdsledk\u016f laboratorn\u00edch test\u016f t\u0159et\u00edch stran, abyste potvrdili kvalitu v\u00fdrobku p\u0159edt\u00edm, ne\u017e za\u010dnete <b>koupit 4F-MPH<\/b>.<\/li>\n<li style=\"font-weight: 400\"><b>Rozd\u00edly ve slo\u017een\u00ed:<\/b> M\u016f\u017eete si vybrat mezi pr\u00e1\u0161kem, kapslemi nebo p\u0159edm\u00edchan\u00fdmi tekutinami podle sv\u00fdch v\u00fdzkumn\u00fdch preferenc\u00ed a pot\u0159eby p\u0159esnosti d\u00e1vkov\u00e1n\u00ed.<\/li>\n<li style=\"font-weight: 400\"><b>Ukazatele kvality:<\/b> Hledejte transparentn\u00ed z\u00e1sady dodavatele, p\u0159\u00edstupn\u00e9 v\u00fdsledky testov\u00e1n\u00ed d\u00e1vek a pozitivn\u00ed, ov\u011b\u0159itelnou zp\u011btnou vazbu od u\u017eivatel\u016f.<\/li>\n<\/ul>\n<h3><b>Nejlep\u0161\u00ed m\u00edsta pro n\u00e1kup 4F-MPH Online<\/b><\/h3>\n<ul>\n<li style=\"font-weight: 400\"><b>D\u016fv\u011bryhodn\u00ed prodejci:<\/b> Up\u0159ednost\u0148ujte prodejce s dobrou pov\u011bst\u00ed, zabezpe\u010den\u00fdmi webov\u00fdmi str\u00e1nkami (HTTPS) a jasn\u00fdmi a spolehliv\u00fdmi z\u00e1sadami p\u0159epravy.<\/li>\n<li style=\"font-weight: 400\"><b>Mo\u017enosti platby a dopravy:<\/b> D\u016fv\u011bryhodn\u00fd dodavatel by m\u011bl nab\u00edzet flexibiln\u00ed platebn\u00ed metody a diskr\u00e9tn\u00ed, profesion\u00e1ln\u00ed p\u0159epravn\u00ed slu\u017eby.<\/li>\n<li style=\"font-weight: 400\"><b>V\u00fdzkumn\u00e1 chemick\u00e1 tr\u017ei\u0161t\u011b:<\/b> Nakupujte pouze pro legitimn\u00ed v\u011bdeck\u00e9 nebo forenzn\u00ed v\u00fdzkumn\u00e9 \u00fa\u010dely v p\u0159\u00edsn\u00e9m souladu s m\u00edstn\u00edmi a n\u00e1rodn\u00edmi z\u00e1kony.<\/li>\n<\/ul>\n<h3><b>Z\u00e1v\u011br<\/b><\/h3>\n<p>Kdy\u017e se rozhodnete <b>koupit 4F-MPH online<\/b>, je nezbytn\u00e9 up\u0159ednostnit bezpe\u010dnost, z\u00e1konnost a kvalitu v\u00fdrobk\u016f. V\u017edy prove\u010fte n\u00e1le\u017eitou kontrolu t\u00edm, \u017ee prozkoum\u00e1te d\u016fv\u011bryhodnost prodejce, potvrd\u00edte \u010distotu v\u00fdrobku prost\u0159ednictv\u00edm laboratorn\u00edch zpr\u00e1v a pln\u011b porozum\u00edte m\u00edstn\u00edm p\u0159edpis\u016fm, abyste zajistili zodpov\u011bdn\u00fd a \u00fasp\u011b\u0161n\u00fd n\u00e1kup.<\/p>\n<h3><b>Z\u00e1v\u011bre\u010dn\u00e9 tipy pro bezpe\u010dn\u00fd, leg\u00e1ln\u00ed a spokojen\u00fd n\u00e1kup:<\/b><\/h3>\n<ul>\n<li style=\"font-weight: 400\">Pro p\u0159esn\u00e9 d\u00e1vkov\u00e1n\u00ed p\u0159i v\u00fdzkumu v\u017edy pou\u017e\u00edvejte p\u0159esn\u00e9 v\u00e1hy.<\/li>\n<li style=\"font-weight: 400\">Za\u010dn\u011bte s n\u00edzk\u00fdmi d\u00e1vkami, abyste posoudili vlastnosti l\u00e1tky a jej\u00ed sn\u00e1\u0161enlivost.<\/li>\n<li style=\"font-weight: 400\">P\u0159i pokusech se vyhn\u011bte m\u00edch\u00e1n\u00ed s jin\u00fdmi stimulanty nebo reaktivn\u00edmi l\u00e1tkami.<\/li>\n<li style=\"font-weight: 400\">Pokud m\u00e1te n\u011bjak\u00e9 zdravotn\u00ed pot\u00ed\u017ee, pora\u010fte se p\u0159ed manipulac\u00ed s p\u0159\u00edpravkem se zdravotn\u00edky.<\/li>\n<li style=\"font-weight: 400\">D\u016fsledn\u011b se informujte o pr\u00e1vn\u00edm statusu sv\u00e9 zem\u011b v oblasti 4F-MPH.<\/li>\n<\/ul>\n<\/div>","protected":false},"excerpt":{"rendered":"<p>Kupte si \u0161pi\u010dkov\u00fd 4F-MPH (4-fluormethylfenid\u00e1t) pro sv\u00e9 v\u00fdzkumn\u00e9 projekty. Tento siln\u00fd syntetick\u00fd stimulant je k dispozici u chemsfine ve vysok\u00e9 \u010distot\u011b. Zajist\u011bte si p\u0159esn\u00e9 a spolehliv\u00e9 v\u00fdsledky s na\u0161\u00edm laboratorn\u011b testovan\u00fdm produktem, prod\u00e1van\u00fdm v\u00fdhradn\u011b pro v\u011bdeck\u00e9 \u00fa\u010dely.<\/p>","protected":false},"featured_media":2384,"comment_status":"open","ping_status":"closed","template":"","meta":{"_joinchat":[]},"product_brand":[],"product_cat":[950],"product_tag":[],"class_list":{"0":"post-2385","1":"product","2":"type-product","3":"status-publish","4":"has-post-thumbnail","6":"product_cat-research-chemicals-and-bath-salt","8":"first","9":"instock","10":"shipping-taxable","11":"purchasable","12":"product-type-variable"},"yoast_head":"<!-- This site is optimized with the Yoast SEO plugin v27.2 - https:\/\/yoast.com\/product\/yoast-seo-wordpress\/ -->\n<title>Buy 4F-MPH Online | Best Price 4F-Methylphenidate for Sale<\/title>\n<meta name=\"description\" content=\"Looking to buy 4F-MPH online? Chemsfine offers high-purity 4-fluoromethylphenidate for your research needs. Secure payments and discreet shipping available.\" \/>\n<meta name=\"robots\" content=\"index, follow, max-snippet:-1, max-image-preview:large, max-video-preview:-1\" \/>\n<link rel=\"canonical\" href=\"https:\/\/chemsfine.com\/cs\/produkt\/buy-4f-methylphenidate\/\" \/>\n<meta property=\"og:locale\" content=\"cs_CZ\" \/>\n<meta property=\"og:type\" content=\"article\" \/>\n<meta property=\"og:title\" content=\"Buy 4F-MPH Online | Best Price 4F-Methylphenidate for Sale\" \/>\n<meta property=\"og:description\" content=\"Looking to buy 4F-MPH online? Chemsfine offers high-purity 4-fluoromethylphenidate for your research needs. Secure payments and discreet shipping available.\" \/>\n<meta property=\"og:url\" content=\"https:\/\/chemsfine.com\/cs\/produkt\/buy-4f-methylphenidate\/\" \/>\n<meta property=\"og:site_name\" content=\"Chemsfine\" \/>\n<meta property=\"article:modified_time\" content=\"2026-03-25T15:12:02+00:00\" \/>\n<meta property=\"og:image\" content=\"https:\/\/chemsfine.com\/wp-content\/uploads\/2026\/02\/4-FMA-1-1.jpg\" \/>\n\t<meta property=\"og:image:width\" content=\"600\" \/>\n\t<meta property=\"og:image:height\" content=\"600\" \/>\n\t<meta property=\"og:image:type\" content=\"image\/jpeg\" \/>\n<meta name=\"twitter:card\" content=\"summary_large_image\" \/>\n<meta name=\"twitter:label1\" content=\"Odhadovan\u00e1 doba \u010dten\u00ed\" \/>\n\t<meta name=\"twitter:data1\" content=\"3 minuty\" \/>\n<script type=\"application\/ld+json\" class=\"yoast-schema-graph\">{\"@context\":\"https:\/\/schema.org\",\"@graph\":[{\"@type\":\"WebPage\",\"@id\":\"https:\/\/chemsfine.com\/product\/buy-4f-methylphenidate\/\",\"url\":\"https:\/\/chemsfine.com\/product\/buy-4f-methylphenidate\/\",\"name\":\"Buy 4F-MPH Online | Best Price 4F-Methylphenidate for Sale\",\"isPartOf\":{\"@id\":\"https:\/\/chemsfine.com\/#website\"},\"primaryImageOfPage\":{\"@id\":\"https:\/\/chemsfine.com\/product\/buy-4f-methylphenidate\/#primaryimage\"},\"image\":{\"@id\":\"https:\/\/chemsfine.com\/product\/buy-4f-methylphenidate\/#primaryimage\"},\"thumbnailUrl\":\"https:\/\/chemsfine.com\/wp-content\/uploads\/2026\/02\/4-FMA-1-1.jpg\",\"datePublished\":\"2026-02-04T10:14:05+00:00\",\"dateModified\":\"2026-03-25T15:12:02+00:00\",\"description\":\"Looking to buy 4F-MPH online? Chemsfine offers high-purity 4-fluoromethylphenidate for your research needs. Secure payments and discreet shipping available.\",\"breadcrumb\":{\"@id\":\"https:\/\/chemsfine.com\/product\/buy-4f-methylphenidate\/#breadcrumb\"},\"inLanguage\":\"cs\",\"potentialAction\":[{\"@type\":\"ReadAction\",\"target\":[\"https:\/\/chemsfine.com\/product\/buy-4f-methylphenidate\/\"]}]},{\"@type\":\"ImageObject\",\"inLanguage\":\"cs\",\"@id\":\"https:\/\/chemsfine.com\/product\/buy-4f-methylphenidate\/#primaryimage\",\"url\":\"https:\/\/chemsfine.com\/wp-content\/uploads\/2026\/02\/4-FMA-1-1.jpg\",\"contentUrl\":\"https:\/\/chemsfine.com\/wp-content\/uploads\/2026\/02\/4-FMA-1-1.jpg\",\"width\":600,\"height\":600,\"caption\":\"4F-Methylphenidate (4F-MPH) for sale - Buy 4F-MPH Online\"},{\"@type\":\"BreadcrumbList\",\"@id\":\"https:\/\/chemsfine.com\/product\/buy-4f-methylphenidate\/#breadcrumb\",\"itemListElement\":[{\"@type\":\"ListItem\",\"position\":1,\"name\":\"Home\",\"item\":\"https:\/\/chemsfine.com\/\"},{\"@type\":\"ListItem\",\"position\":2,\"name\":\"Shop\",\"item\":\"https:\/\/chemsfine.com\/shop\/\"},{\"@type\":\"ListItem\",\"position\":3,\"name\":\"Buy 4F-Methylphenidate (4F-MPH) | Top Quality For Sale\"}]},{\"@type\":\"WebSite\",\"@id\":\"https:\/\/chemsfine.com\/#website\",\"url\":\"https:\/\/chemsfine.com\/\",\"name\":\"Chemsfine\",\"description\":\"My WordPress Blog\",\"publisher\":{\"@id\":\"https:\/\/chemsfine.com\/#organization\"},\"potentialAction\":[{\"@type\":\"SearchAction\",\"target\":{\"@type\":\"EntryPoint\",\"urlTemplate\":\"https:\/\/chemsfine.com\/?s={search_term_string}\"},\"query-input\":{\"@type\":\"PropertyValueSpecification\",\"valueRequired\":true,\"valueName\":\"search_term_string\"}}],\"inLanguage\":\"cs\"},{\"@type\":\"Organization\",\"@id\":\"https:\/\/chemsfine.com\/#organization\",\"name\":\"Chemsfine\",\"url\":\"https:\/\/chemsfine.com\/\",\"logo\":{\"@type\":\"ImageObject\",\"inLanguage\":\"cs\",\"@id\":\"https:\/\/chemsfine.com\/#\/schema\/logo\/image\/\",\"url\":\"https:\/\/chemsfine.com\/wp-content\/uploads\/2024\/09\/final-logo.png\",\"contentUrl\":\"https:\/\/chemsfine.com\/wp-content\/uploads\/2024\/09\/final-logo.png\",\"width\":340,\"height\":72,\"caption\":\"Chemsfine\"},\"image\":{\"@id\":\"https:\/\/chemsfine.com\/#\/schema\/logo\/image\/\"}}]}<\/script>\n<!-- \/ Yoast SEO plugin. -->","yoast_head_json":{"title":"Koupit 4F-MPH online | Nejlep\u0161\u00ed cena 4F-Methylphenidate na prodej","description":"Chcete si koupit 4F-MPH online? Chemsfine nab\u00edz\u00ed vysoce \u010dist\u00fd 4-fluoromethylfenid\u00e1t pro va\u0161e v\u00fdzkumn\u00e9 pot\u0159eby. K dispozici jsou bezpe\u010dn\u00e9 platby a diskr\u00e9tn\u00ed doprava.","robots":{"index":"index","follow":"follow","max-snippet":"max-snippet:-1","max-image-preview":"max-image-preview:large","max-video-preview":"max-video-preview:-1"},"canonical":"https:\/\/chemsfine.com\/cs\/produkt\/buy-4f-methylphenidate\/","og_locale":"cs_CZ","og_type":"article","og_title":"Buy 4F-MPH Online | Best Price 4F-Methylphenidate for Sale","og_description":"Looking to buy 4F-MPH online? Chemsfine offers high-purity 4-fluoromethylphenidate for your research needs. Secure payments and discreet shipping available.","og_url":"https:\/\/chemsfine.com\/cs\/produkt\/buy-4f-methylphenidate\/","og_site_name":"Chemsfine","article_modified_time":"2026-03-25T15:12:02+00:00","og_image":[{"width":600,"height":600,"url":"https:\/\/chemsfine.com\/wp-content\/uploads\/2026\/02\/4-FMA-1-1.jpg","type":"image\/jpeg"}],"twitter_card":"summary_large_image","twitter_misc":{"Odhadovan\u00e1 doba \u010dten\u00ed":"3 minuty"},"schema":{"@context":"https:\/\/schema.org","@graph":[{"@type":"WebPage","@id":"https:\/\/chemsfine.com\/product\/buy-4f-methylphenidate\/","url":"https:\/\/chemsfine.com\/product\/buy-4f-methylphenidate\/","name":"Koupit 4F-MPH online | Nejlep\u0161\u00ed cena 4F-Methylphenidate na prodej","isPartOf":{"@id":"https:\/\/chemsfine.com\/#website"},"primaryImageOfPage":{"@id":"https:\/\/chemsfine.com\/product\/buy-4f-methylphenidate\/#primaryimage"},"image":{"@id":"https:\/\/chemsfine.com\/product\/buy-4f-methylphenidate\/#primaryimage"},"thumbnailUrl":"https:\/\/chemsfine.com\/wp-content\/uploads\/2026\/02\/4-FMA-1-1.jpg","datePublished":"2026-02-04T10:14:05+00:00","dateModified":"2026-03-25T15:12:02+00:00","description":"Chcete si koupit 4F-MPH online? Chemsfine nab\u00edz\u00ed vysoce \u010dist\u00fd 4-fluoromethylfenid\u00e1t pro va\u0161e v\u00fdzkumn\u00e9 pot\u0159eby. K dispozici jsou bezpe\u010dn\u00e9 platby a diskr\u00e9tn\u00ed doprava.","breadcrumb":{"@id":"https:\/\/chemsfine.com\/product\/buy-4f-methylphenidate\/#breadcrumb"},"inLanguage":"cs","potentialAction":[{"@type":"ReadAction","target":["https:\/\/chemsfine.com\/product\/buy-4f-methylphenidate\/"]}]},{"@type":"ImageObject","inLanguage":"cs","@id":"https:\/\/chemsfine.com\/product\/buy-4f-methylphenidate\/#primaryimage","url":"https:\/\/chemsfine.com\/wp-content\/uploads\/2026\/02\/4-FMA-1-1.jpg","contentUrl":"https:\/\/chemsfine.com\/wp-content\/uploads\/2026\/02\/4-FMA-1-1.jpg","width":600,"height":600,"caption":"4F-Methylphenidate (4F-MPH) for sale - Buy 4F-MPH Online"},{"@type":"BreadcrumbList","@id":"https:\/\/chemsfine.com\/product\/buy-4f-methylphenidate\/#breadcrumb","itemListElement":[{"@type":"ListItem","position":1,"name":"Home","item":"https:\/\/chemsfine.com\/"},{"@type":"ListItem","position":2,"name":"Shop","item":"https:\/\/chemsfine.com\/shop\/"},{"@type":"ListItem","position":3,"name":"Buy 4F-Methylphenidate (4F-MPH) | Top Quality For Sale"}]},{"@type":"WebSite","@id":"https:\/\/chemsfine.com\/#website","url":"https:\/\/chemsfine.com\/","name":"Chemsfine","description":"M\u016fj blog WordPress","publisher":{"@id":"https:\/\/chemsfine.com\/#organization"},"potentialAction":[{"@type":"SearchAction","target":{"@type":"EntryPoint","urlTemplate":"https:\/\/chemsfine.com\/?s={search_term_string}"},"query-input":{"@type":"PropertyValueSpecification","valueRequired":true,"valueName":"search_term_string"}}],"inLanguage":"cs"},{"@type":"Organization","@id":"https:\/\/chemsfine.com\/#organization","name":"Chemsfine","url":"https:\/\/chemsfine.com\/","logo":{"@type":"ImageObject","inLanguage":"cs","@id":"https:\/\/chemsfine.com\/#\/schema\/logo\/image\/","url":"https:\/\/chemsfine.com\/wp-content\/uploads\/2024\/09\/final-logo.png","contentUrl":"https:\/\/chemsfine.com\/wp-content\/uploads\/2024\/09\/final-logo.png","width":340,"height":72,"caption":"Chemsfine"},"image":{"@id":"https:\/\/chemsfine.com\/#\/schema\/logo\/image\/"}}]}},"_links":{"self":[{"href":"https:\/\/chemsfine.com\/cs\/wp-json\/wp\/v2\/product\/2385","targetHints":{"allow":["GET"]}}],"collection":[{"href":"https:\/\/chemsfine.com\/cs\/wp-json\/wp\/v2\/product"}],"about":[{"href":"https:\/\/chemsfine.com\/cs\/wp-json\/wp\/v2\/types\/product"}],"replies":[{"embeddable":true,"href":"https:\/\/chemsfine.com\/cs\/wp-json\/wp\/v2\/comments?post=2385"}],"wp:featuredmedia":[{"embeddable":true,"href":"https:\/\/chemsfine.com\/cs\/wp-json\/wp\/v2\/media\/2384"}],"wp:attachment":[{"href":"https:\/\/chemsfine.com\/cs\/wp-json\/wp\/v2\/media?parent=2385"}],"wp:term":[{"taxonomy":"product_brand","embeddable":true,"href":"https:\/\/chemsfine.com\/cs\/wp-json\/wp\/v2\/product_brand?post=2385"},{"taxonomy":"product_cat","embeddable":true,"href":"https:\/\/chemsfine.com\/cs\/wp-json\/wp\/v2\/product_cat?post=2385"},{"taxonomy":"product_tag","embeddable":true,"href":"https:\/\/chemsfine.com\/cs\/wp-json\/wp\/v2\/product_tag?post=2385"}],"curies":[{"name":"wp","href":"https:\/\/api.w.org\/{rel}","templated":true}]}}