{"id":5514,"date":"2026-02-12T09:48:43","date_gmt":"2026-02-12T09:48:43","guid":{"rendered":"https:\/\/chemsfine.com\/?post_type=product&#038;p=5514"},"modified":"2026-03-25T14:16:16","modified_gmt":"2026-03-25T14:16:16","slug":"buy-chlorine-methylaminorex","status":"publish","type":"product","link":"https:\/\/chemsfine.com\/cs\/product\/buy-chlorine-methylaminorex\/","title":{"rendered":"4C-MAR - 4-chlorin-4-methylaminorex na prodej"},"content":{"rendered":"<p>V\u00edtejte na str\u00e1nk\u00e1ch spole\u010dnosti Chemsfine, va\u0161eho d\u016fv\u011bryhodn\u00e9ho zdroje informac\u00ed o <b>koupit 4C-MAR na prodej<\/b>, vysoce \u010dist\u00e1 v\u00fdzkumn\u00e1 chemick\u00e1 l\u00e1tka, ofici\u00e1ln\u011b zn\u00e1m\u00e1 jako 4-chlor-4-methylaminorex nebo 4C-4-MAR. Tento stimulant pat\u0159\u00ed do skupiny 2-amino-5-aryloxazolin\u016f a nab\u00edz\u00ed \u00fa\u010dinky, kter\u00e9 se podobaj\u00ed metamfetaminu, ale s v\u00fdrazn\u011b prodlou\u017eenou dobou \u00fa\u010dinku, kter\u00e1 m\u016f\u017ee v z\u00e1vislosti na d\u00e1vce trvat a\u017e 12 hodin. Ve spole\u010dnosti Chemsfine zaji\u0161\u0165ujeme, \u017ee se n\u00e1\u0161 4C-MAR m\u016f\u017ee pochlubit minim\u00e1ln\u00ed \u010distotou 98,0%, \u010d\u00edm\u017e v\u00fdzkumn\u00edk\u016fm poskytujeme spolehlivou a konzistentn\u00ed slou\u010deninu pro jejich studie. Na\u0161\u00edm z\u00e1vazkem je nab\u00edzet \u0161pi\u010dkov\u00e9 v\u00fdzkumn\u00e9 chemik\u00e1lie snadno dostupn\u00e9 k n\u00e1kupu online, co\u017e v\u00e1m zaru\u010d\u00ed, \u017ee si m\u016f\u017eete snadno a s d\u016fv\u011brou po\u0159\u00eddit slou\u010deniny, kter\u00e9 pot\u0159ebujete.<\/p>\n<h2>Co je 4C-MAR?<\/h2>\n<p>4C-MAR, zn\u00e1m\u00fd tak\u00e9 jako 4-chlorin-4-methylaminorex nebo 4C-4-MAR, je pova\u017eov\u00e1n za stimulant s v\u00fdrazn\u00fdmi dienergetick\u00fdmi vlastnostmi. P\u016fsob\u00ed jako siln\u00fd stimulant CNS, kter\u00fd vede ke zv\u00fd\u0161en\u00e9 v\u00fdkonnosti, zv\u00fd\u0161en\u00e9 bd\u011blosti a \u010dasto je doprov\u00e1zen z\u00e1\u017eitky nespavosti a euforie. Ve srovn\u00e1n\u00ed s aminorexem vykazuje 4C-4-MAR podobn\u00fd farmakologick\u00fd profil, ale vyzna\u010duje se v\u00fdrazn\u011bj\u0161\u00edm a zna\u010dn\u011b prodlou\u017een\u00fdm \u00fa\u010dinkem, co\u017e z n\u011bj \u010din\u00ed p\u0159edm\u011bt zna\u010dn\u00e9ho z\u00e1jmu chemick\u00e9ho v\u00fdzkumu. Je d\u016fle\u017eit\u00e9 poznamenat, \u017ee farmakologick\u00e9 a toxikologick\u00e9 vlastnosti t\u00e9to specifick\u00e9 drogy nejsou dosud pln\u011b zn\u00e1my, proto\u017ee 4C-MAR je relativn\u011b nov\u00e1 slou\u010denina, kter\u00e1 nebyla podrobena komplexn\u00edmu studiu. Pro ty, kte\u0159\u00ed hledaj\u00ed <b>\u0161pi\u010dkov\u00e1 kvalita 4C-MAR<\/b>, je pochopen\u00ed jeho z\u00e1kladn\u00ed chemick\u00e9 identity z\u00e1sadn\u00ed pro zodpov\u011bdn\u00e9 v\u00fdzkumn\u00e9 postupy.<\/p>\n<h3>Podrobn\u00e9 specifikace produktu<\/h3>\n<ul>\n<li><b>N\u00e1zev IUPAC:<\/b> 5-(4-chlorfenyl)-4-methyl-4,5-dihydrooxazol-2-amin<\/li>\n<li><b>Synonyma:<\/b> 4C-MAR, 4-chlorin-4-methylaminorex, 4C-4-MAR<\/li>\n<li><b>\u010c\u00edslo CAS:<\/b> NA (nen\u00ed k dispozici)<\/li>\n<li><b>Chemick\u00fd vzorec:<\/b> C<sub>10<\/sub>H<sub>11<\/sub>ClN<sub>2<\/sub>O<\/li>\n<li><b>Molekulov\u00e1 hmotnost:<\/b> 210,66 g-mol<sup>-1<\/sup><\/li>\n<li><b>\u010cistota:<\/b> 98,0 % min.<\/li>\n<li><b>Slo\u017een\u00ed:<\/b> \u00dahledn\u00e1 pevn\u00e1 l\u00e1tka, Powder<\/li>\n<li><b>Vzhled:<\/b> Krystalick\u00e1 pevn\u00e1 l\u00e1tka, pr\u00e1\u0161ek<\/li>\n<\/ul>\n<h3>Informace o rozpustnosti<\/h3>\n<p>Pro efektivn\u00ed laboratorn\u00ed pou\u017eit\u00ed a p\u0159esnou p\u0159\u00edpravu roztoku jsou z\u00e1sadn\u00ed vlastnosti rozpustnosti 4C-MAR:<\/p>\n<ul>\n<li><b>DMSO:<\/b> 10 mg\/ml<\/li>\n<li><b>PBS (pH 7,2):<\/b> 10 mg\/ml<\/li>\n<\/ul>\n<h2>Pro\u010d koupit 4C-MAR online u Chemsfine?<\/h2>\n<p>Volba spole\u010dnosti Chemsfine pro va\u0161e pot\u0159eby v oblasti v\u00fdzkumn\u00fdch chemik\u00e1li\u00ed znamen\u00e1 v\u00fdb\u011br partnera, kter\u00fd se zav\u00e1zal k dokonalosti a v\u011bdeck\u00e9 integrit\u011b. Ch\u00e1peme v\u00fdznam spolehliv\u00fdch a vysoce \u010dist\u00fdch slou\u010denin pro va\u0161e studie. Kdy\u017e se rozhodnete <b>koupit 4C-MAR online<\/b> od n\u00e1s, investujete do produkt\u016f se zaru\u010denou kvalitou a transparentn\u00edmi specifikacemi. Na\u0161e pe\u010dliv\u00e9 procesy kontroly kvality zaji\u0161\u0165uj\u00ed, \u017ee ka\u017ed\u00e1 \u0161ar\u017ee spl\u0148uje p\u0159\u00edsn\u00e9 normy \u010distoty, co\u017e z n\u00e1s \u010din\u00ed preferovan\u00e9ho dodavatele pro v\u00fdzkumn\u00e9 pracovn\u00edky po cel\u00e9m sv\u011bt\u011b. Sna\u017e\u00edme se nab\u00edzet <b>nejlep\u0161\u00ed dostupn\u00fd 4C-MAR<\/b> na trhu, co\u017e usnad\u0148uje pr\u016flomov\u00fd v\u00fdzkum s nekompromisn\u00ed integritou materi\u00e1lu. Na\u0161e platforma nav\u00edc usnad\u0148uje <b>koupit 6-APB<\/b> nebo dokonce na <b>koupit AM-2201 syntetick\u00fd kanabinoid<\/b>, z na\u0161\u00ed \u0161irok\u00e9 nab\u00eddky v\u00fdzkumn\u00fdch chemik\u00e1li\u00ed.<\/p>\n<h2>Aplikace 4C-MAR ve v\u00fdzkumu<\/h2>\n<p>Vzhledem ke sv\u00e9 klasifikaci jako stimulant a jedine\u010dn\u00e9mu farmakologick\u00e9mu profilu je 4C-MAR ur\u010den p\u0159edev\u0161\u00edm pro pou\u017eit\u00ed jako v\u00fdzkumn\u00e1 chemick\u00e1 l\u00e1tka v kontrolovan\u00e9m laboratorn\u00edm prost\u0159ed\u00ed. Jeho pou\u017eit\u00ed je zam\u011b\u0159eno na v\u011bdeck\u00e9 zkoum\u00e1n\u00ed s c\u00edlem pochopit jeho \u00fa\u010dinky, mechanismy p\u016fsoben\u00ed a potenci\u00e1ln\u00ed d\u016fsledky. V\u00fdzkumn\u00edci mohou 4C-MAR vyu\u017e\u00edt k:<\/p>\n<ul>\n<li>Neurochemick\u00e9 studie stimula\u010dn\u00edch vlastnost\u00ed CNS.<\/li>\n<li>Farmakologick\u00e1 zkoum\u00e1n\u00ed jeho trv\u00e1n\u00ed a \u00fa\u010dinnosti.<\/li>\n<li>Metabolismus a toxikologick\u00fd v\u00fdzkum k pochopen\u00ed jeho rozkladu a bezpe\u010dnostn\u00edho profilu.<\/li>\n<li><i>In vitro<\/i> a <i>in vivo<\/i> studie zkoumaj\u00edc\u00ed jeho vliv na r\u016fzn\u00e9 biologick\u00e9 syst\u00e9my.<\/li>\n<li>Srovn\u00e1vac\u00ed anal\u00fdza s dal\u0161\u00edmi slou\u010deninami t\u0159\u00eddy 2-amino-5-aryloxazolin\u016f.<\/li>\n<li>Zkoum\u00e1n\u00ed jeho euforizuj\u00edc\u00edch a efektivitu zvy\u0161uj\u00edc\u00edch \u00fa\u010dink\u016f v kontrolovan\u00fdch podm\u00ednk\u00e1ch.<\/li>\n<li>V\u00fdvoj analytick\u00fdch standard\u016f pro forenzn\u00ed nebo farmaceutick\u00e9 aplikace.<\/li>\n<\/ul>\n<h2>Ceny a hmotnostn\u00ed varianty 4C-MAR<\/h2>\n<p>Nab\u00edz\u00edme 4C-MAR v r\u016fzn\u00fdch hmotnostn\u00edch variant\u00e1ch, abychom vyhov\u011bli r\u016fzn\u00fdm po\u017eadavk\u016fm na v\u00fdzkum, a s rostouc\u00edm mno\u017estv\u00edm zaji\u0161\u0165ujeme konkurenceschopnou cenu za gram. Na\u0161e flexibiln\u00ed mo\u017enosti n\u00e1kupu umo\u017e\u0148uj\u00ed efektivn\u00ed z\u00edsk\u00e1v\u00e1n\u00ed pot\u0159ebn\u00fdch slou\u010denin jak pro mal\u00e9 pilotn\u00ed studie, tak pro v\u011bt\u0161\u00ed v\u00fdzkumn\u00e9 projekty.<\/p>\n<table>\n<thead>\n<tr>\n<th>WEIGHT<\/th>\n<th>CENA (za gram)<\/th>\n<\/tr>\n<\/thead>\n<tbody>\n<tr>\n<td>5g<\/td>\n<td>$13.50<\/td>\n<\/tr>\n<tr>\n<td>10g<\/td>\n<td>$10.00<\/td>\n<\/tr>\n<tr>\n<td>25g<\/td>\n<td>$7.00<\/td>\n<\/tr>\n<tr>\n<td>50g<\/td>\n<td>$5.50<\/td>\n<\/tr>\n<tr>\n<td>100g<\/td>\n<td>$4.00<\/td>\n<\/tr>\n<tr>\n<td>250g<\/td>\n<td>$3.20<\/td>\n<\/tr>\n<tr>\n<td>500g<\/td>\n<td>$2.80<\/td>\n<\/tr>\n<tr>\n<td>1000g<\/td>\n<td>$2.20<\/td>\n<\/tr>\n<\/tbody>\n<\/table>\n<h2>Bezpe\u010dnost a dodr\u017eov\u00e1n\u00ed p\u0159edpis\u016f pro v\u00fdzkumnou t\u0159\u00eddu 4C-MAR<\/h2>\n<p>Jako s v\u00fdzkumnou chemickou l\u00e1tkou by s p\u0159\u00edpravkem 4C-MAR m\u011bli manipulovat pouze vy\u0161kolen\u00ed odborn\u00edci v kontrolovan\u00e9m laboratorn\u00edm prost\u0159ed\u00ed. P\u0159\u00edsn\u00e9 dodr\u017eov\u00e1n\u00ed bezpe\u010dnostn\u00edch protokol\u016f je prvo\u0159ad\u00e9, v\u010detn\u011b pou\u017e\u00edv\u00e1n\u00ed osobn\u00edch ochrann\u00fdch prost\u0159edk\u016f (OOP), jako jsou rukavice, ochrana o\u010d\u00ed a laboratorn\u00ed pl\u00e1\u0161t\u011b. K minimalizaci expozice je nezbytn\u00e9 zajistit dostate\u010dn\u00e9 v\u011btr\u00e1n\u00ed. V\u00fdzkumn\u00ed pracovn\u00edci mus\u00ed zn\u00e1t a dodr\u017eovat v\u0161echny region\u00e1ln\u00ed a institucion\u00e1ln\u00ed p\u0159edpisy t\u00fdkaj\u00edc\u00ed se manipulace, skladov\u00e1n\u00ed a likvidace v\u00fdzkumn\u00fdch chemik\u00e1li\u00ed. P\u0159esto\u017ee farmakologick\u00e9 a toxikologick\u00e9 vlastnosti nejsou zcela zn\u00e1my, opatrnost vy\u017eaduje, aby se s p\u0159\u00edpravkem 4C-MAR zach\u00e1zelo s nejvy\u0161\u0161\u00ed opatrnost\u00ed. Na vy\u017e\u00e1d\u00e1n\u00ed jsou k dispozici bezpe\u010dnostn\u00ed listy (SDS) a certifik\u00e1ty anal\u00fdzy (CoA), kter\u00e9 poskytuj\u00ed z\u00e1sadn\u00ed informace pro zodpov\u011bdn\u00e9 v\u00fdzkumn\u00e9 postupy.<\/p>\n<h2>Pro\u010d si vybrat Chemsfine pro sv\u00e9 v\u00fdzkumn\u00e9 chemik\u00e1lie?<\/h2>\n<p>Spole\u010dnost Chemsfine vynik\u00e1 jako spolehliv\u00fd dodavatel v\u00fdzkumn\u00fdch chemik\u00e1li\u00ed d\u00edky sv\u00e9mu neochv\u011bjn\u00e9mu odhodl\u00e1n\u00ed zajistit kvalitu, transparentnost a spokojenost z\u00e1kazn\u00edk\u016f. U v\u0161ech na\u0161ich produkt\u016f poskytujeme transparentn\u00ed \u00fadaje, kter\u00e9 v\u00fdzkumn\u00fdm pracovn\u00edk\u016fm zaji\u0161\u0165uj\u00ed p\u0159\u00edstup k p\u0159esn\u00fdm specifikac\u00edm a \u00farovn\u00edm \u010distoty. Ka\u017ed\u00e1 \u0161ar\u017ee p\u0159\u00edpravku 4C-MAR je opat\u0159ena ov\u011b\u0159en\u00fdmi z\u00e1znamy o \u0161ar\u017e\u00edch, co\u017e nab\u00edz\u00ed plnou sledovatelnost a d\u016fv\u011bru v n\u00e1kup. N\u00e1\u0161 z\u00e1vazek se vztahuje i na nab\u00eddku vysoce konkurenceschopn\u00fdch cen, ani\u017e by byla ohro\u017eena kvalita nebo integrita na\u0161ich slou\u010denin. Kdy\u017e <b>objednat 4C-MAR online<\/b> od spole\u010dnosti Chemsfine si vyb\u00edr\u00e1te partnera, kter\u00fd up\u0159ednost\u0148uje va\u0161e v\u00fdzkumn\u00e9 pot\u0159eby a zaji\u0161\u0165uje dostupnost a spolehlivost vysoce kvalitn\u00edch chemik\u00e1li\u00ed. N\u00e1\u0161 rozs\u00e1hl\u00fd katalog zahrnuje tak\u00e9 dal\u0161\u00ed vysoce \u017e\u00e1dan\u00e9 chemik\u00e1lie pro v\u00fdzkum, co\u017e v\u00e1m zajist\u00ed konsolidaci va\u0161eho \u00fasil\u00ed p\u0159i n\u00e1kupu.<\/p>\n<h2>Z\u00e1v\u011br<\/h2>\n<p>Z\u00e1v\u011brem lze \u0159\u00edci, \u017ee 4C-MAR je zaj\u00edmav\u00e1 chemick\u00e1 l\u00e1tka pro v\u00fdzkum, stimulant t\u0159\u00eddy 2-amino-5-aryloxazolin\u016f s vlastnostmi podobn\u00fdmi metamfetaminu, ale s v\u00fdrazn\u011b prodlou\u017een\u00fdm \u00fa\u010dinkem. A\u010dkoli jeho \u00fapln\u00fd farmakologick\u00fd a toxikologick\u00fd profil \u010dek\u00e1 na komplexn\u00ed studium, jeho vysok\u00e1 \u010distota a st\u00e1l\u00e1 kvalita od spole\u010dnosti Chemsfine z n\u011bj \u010din\u00ed neoceniteln\u00fd n\u00e1stroj pro pokro\u010dil\u00fd chemick\u00fd v\u00fdzkum. Zveme v\u00e1s, abyste prozkoumali na\u0161i nab\u00eddku a s jistotou se <b>koupit 4C-MAR na prodej<\/b>, s v\u011bdom\u00edm, \u017ee dost\u00e1v\u00e1te pr\u00e9miovou slou\u010deninu v\u00fdzkumn\u00e9 kvality. Spolupracujte se spole\u010dnost\u00ed Chemsfine je\u0161t\u011b dnes a zvy\u0161te kvalitu a spolehlivost sv\u00fdch v\u011bdeck\u00fdch snah.<\/p>","protected":false},"excerpt":{"rendered":"<p><b>Koupit 4C-MAR<\/b> (4-chlorin-4-methylaminorex) na prodej u spole\u010dnosti Chemsfine. Tento stimulant, 2-amino-5-aryloxazolin, odr\u00e1\u017e\u00ed \u00fa\u010dinky metamfetaminu, ale s prodlou\u017een\u00fdm \u00fa\u010dinkem (a\u017e 12 hodin). Je ide\u00e1ln\u00ed pro v\u00fdzkum, p\u016fsob\u00ed jako stimulant CNS, zvy\u0161uje v\u00fdkonnost a vyvol\u00e1v\u00e1 euforii. S \u010distotou min. 98,0% je to tzv. <b>chemik\u00e1lie pro v\u00fdzkum<\/b> pro hloubkov\u00e9 studie jeho jedine\u010dn\u00fdch vlastnost\u00ed. Objevte tuto relativn\u011b novou slou\u010deninu pro v\u011bdeck\u00e9 zkoum\u00e1n\u00ed.<\/p>","protected":false},"featured_media":5566,"comment_status":"open","ping_status":"closed","template":"","meta":{"_joinchat":[]},"product_brand":[],"product_cat":[951],"product_tag":[],"class_list":{"0":"post-5514","1":"product","2":"type-product","3":"status-publish","4":"has-post-thumbnail","6":"product_cat-stimulants","8":"first","9":"instock","10":"shipping-taxable","11":"purchasable","12":"product-type-variable"},"yoast_head":"<!-- This site is optimized with the Yoast SEO plugin v27.2 - https:\/\/yoast.com\/product\/yoast-seo-wordpress\/ -->\n<title>Buy 4C-MAR Online | High-Purity 4-Chlorine-4-methylaminorex<\/title>\n<meta name=\"description\" content=\"Explore 4C-MAR (4-Chlorine-4-methylaminorex) for sale. A research-grade stimulant with prolonged effects. Find the best price and order 4C-MAR online securely at Chemsfine.\" \/>\n<meta name=\"robots\" content=\"index, follow, max-snippet:-1, max-image-preview:large, max-video-preview:-1\" \/>\n<link rel=\"canonical\" href=\"https:\/\/chemsfine.com\/cs\/produkt\/buy-chlorine-methylaminorex\/\" \/>\n<meta property=\"og:locale\" content=\"cs_CZ\" \/>\n<meta property=\"og:type\" content=\"article\" \/>\n<meta property=\"og:title\" content=\"Buy 4C-MAR Online | High-Purity 4-Chlorine-4-methylaminorex\" \/>\n<meta property=\"og:description\" content=\"Explore 4C-MAR (4-Chlorine-4-methylaminorex) for sale. A research-grade stimulant with prolonged effects. Find the best price and order 4C-MAR online securely at Chemsfine.\" \/>\n<meta property=\"og:url\" content=\"https:\/\/chemsfine.com\/cs\/produkt\/buy-chlorine-methylaminorex\/\" \/>\n<meta property=\"og:site_name\" content=\"Chemsfine\" \/>\n<meta property=\"article:modified_time\" content=\"2026-03-25T14:16:16+00:00\" \/>\n<meta property=\"og:image\" content=\"https:\/\/chemsfine.com\/wp-content\/uploads\/2026\/02\/4c-mar-1-1.jpg\" \/>\n\t<meta property=\"og:image:width\" content=\"600\" \/>\n\t<meta property=\"og:image:height\" content=\"339\" \/>\n\t<meta property=\"og:image:type\" content=\"image\/jpeg\" \/>\n<meta name=\"twitter:card\" content=\"summary_large_image\" \/>\n<meta name=\"twitter:label1\" content=\"Odhadovan\u00e1 doba \u010dten\u00ed\" \/>\n\t<meta name=\"twitter:data1\" content=\"5 minut\" \/>\n<script type=\"application\/ld+json\" class=\"yoast-schema-graph\">{\"@context\":\"https:\/\/schema.org\",\"@graph\":[{\"@type\":\"WebPage\",\"@id\":\"https:\/\/chemsfine.com\/product\/buy-chlorine-methylaminorex\/\",\"url\":\"https:\/\/chemsfine.com\/product\/buy-chlorine-methylaminorex\/\",\"name\":\"Buy 4C-MAR Online | High-Purity 4-Chlorine-4-methylaminorex\",\"isPartOf\":{\"@id\":\"https:\/\/chemsfine.com\/#website\"},\"primaryImageOfPage\":{\"@id\":\"https:\/\/chemsfine.com\/product\/buy-chlorine-methylaminorex\/#primaryimage\"},\"image\":{\"@id\":\"https:\/\/chemsfine.com\/product\/buy-chlorine-methylaminorex\/#primaryimage\"},\"thumbnailUrl\":\"https:\/\/chemsfine.com\/wp-content\/uploads\/2026\/02\/4c-mar-1-1.jpg\",\"datePublished\":\"2026-02-12T09:48:43+00:00\",\"dateModified\":\"2026-03-25T14:16:16+00:00\",\"description\":\"Explore 4C-MAR (4-Chlorine-4-methylaminorex) for sale. A research-grade stimulant with prolonged effects. Find the best price and order 4C-MAR online securely at Chemsfine.\",\"breadcrumb\":{\"@id\":\"https:\/\/chemsfine.com\/product\/buy-chlorine-methylaminorex\/#breadcrumb\"},\"inLanguage\":\"cs\",\"potentialAction\":[{\"@type\":\"ReadAction\",\"target\":[\"https:\/\/chemsfine.com\/product\/buy-chlorine-methylaminorex\/\"]}]},{\"@type\":\"ImageObject\",\"inLanguage\":\"cs\",\"@id\":\"https:\/\/chemsfine.com\/product\/buy-chlorine-methylaminorex\/#primaryimage\",\"url\":\"https:\/\/chemsfine.com\/wp-content\/uploads\/2026\/02\/4c-mar-1-1.jpg\",\"contentUrl\":\"https:\/\/chemsfine.com\/wp-content\/uploads\/2026\/02\/4c-mar-1-1.jpg\",\"width\":600,\"height\":339},{\"@type\":\"BreadcrumbList\",\"@id\":\"https:\/\/chemsfine.com\/product\/buy-chlorine-methylaminorex\/#breadcrumb\",\"itemListElement\":[{\"@type\":\"ListItem\",\"position\":1,\"name\":\"Home\",\"item\":\"https:\/\/chemsfine.com\/\"},{\"@type\":\"ListItem\",\"position\":2,\"name\":\"Shop\",\"item\":\"https:\/\/chemsfine.com\/shop\/\"},{\"@type\":\"ListItem\",\"position\":3,\"name\":\"4C-MAR &#8211; 4-Chlorine-4-methylaminorex for Sale\"}]},{\"@type\":\"WebSite\",\"@id\":\"https:\/\/chemsfine.com\/#website\",\"url\":\"https:\/\/chemsfine.com\/\",\"name\":\"Chemsfine\",\"description\":\"My WordPress Blog\",\"publisher\":{\"@id\":\"https:\/\/chemsfine.com\/#organization\"},\"potentialAction\":[{\"@type\":\"SearchAction\",\"target\":{\"@type\":\"EntryPoint\",\"urlTemplate\":\"https:\/\/chemsfine.com\/?s={search_term_string}\"},\"query-input\":{\"@type\":\"PropertyValueSpecification\",\"valueRequired\":true,\"valueName\":\"search_term_string\"}}],\"inLanguage\":\"cs\"},{\"@type\":\"Organization\",\"@id\":\"https:\/\/chemsfine.com\/#organization\",\"name\":\"Chemsfine\",\"url\":\"https:\/\/chemsfine.com\/\",\"logo\":{\"@type\":\"ImageObject\",\"inLanguage\":\"cs\",\"@id\":\"https:\/\/chemsfine.com\/#\/schema\/logo\/image\/\",\"url\":\"https:\/\/chemsfine.com\/wp-content\/uploads\/2024\/09\/final-logo.png\",\"contentUrl\":\"https:\/\/chemsfine.com\/wp-content\/uploads\/2024\/09\/final-logo.png\",\"width\":340,\"height\":72,\"caption\":\"Chemsfine\"},\"image\":{\"@id\":\"https:\/\/chemsfine.com\/#\/schema\/logo\/image\/\"}}]}<\/script>\n<!-- \/ Yoast SEO plugin. -->","yoast_head_json":{"title":"Koupit 4C-MAR online | Vysoce \u010dist\u00fd 4-chlor-4-methylaminorex","description":"Prozkoumejte 4C-MAR (4-chlorin-4-methylaminorex) na prodej. V\u00fdzkumn\u00fd stimulant s prodlou\u017een\u00fdmi \u00fa\u010dinky. Najd\u011bte nejlep\u0161\u00ed cenu a objednejte si 4C-MAR bezpe\u010dn\u011b online na Chemsfine.","robots":{"index":"index","follow":"follow","max-snippet":"max-snippet:-1","max-image-preview":"max-image-preview:large","max-video-preview":"max-video-preview:-1"},"canonical":"https:\/\/chemsfine.com\/cs\/produkt\/buy-chlorine-methylaminorex\/","og_locale":"cs_CZ","og_type":"article","og_title":"Buy 4C-MAR Online | High-Purity 4-Chlorine-4-methylaminorex","og_description":"Explore 4C-MAR (4-Chlorine-4-methylaminorex) for sale. A research-grade stimulant with prolonged effects. Find the best price and order 4C-MAR online securely at Chemsfine.","og_url":"https:\/\/chemsfine.com\/cs\/produkt\/buy-chlorine-methylaminorex\/","og_site_name":"Chemsfine","article_modified_time":"2026-03-25T14:16:16+00:00","og_image":[{"width":600,"height":339,"url":"https:\/\/chemsfine.com\/wp-content\/uploads\/2026\/02\/4c-mar-1-1.jpg","type":"image\/jpeg"}],"twitter_card":"summary_large_image","twitter_misc":{"Odhadovan\u00e1 doba \u010dten\u00ed":"5 minut"},"schema":{"@context":"https:\/\/schema.org","@graph":[{"@type":"WebPage","@id":"https:\/\/chemsfine.com\/product\/buy-chlorine-methylaminorex\/","url":"https:\/\/chemsfine.com\/product\/buy-chlorine-methylaminorex\/","name":"Koupit 4C-MAR online | Vysoce \u010dist\u00fd 4-chlor-4-methylaminorex","isPartOf":{"@id":"https:\/\/chemsfine.com\/#website"},"primaryImageOfPage":{"@id":"https:\/\/chemsfine.com\/product\/buy-chlorine-methylaminorex\/#primaryimage"},"image":{"@id":"https:\/\/chemsfine.com\/product\/buy-chlorine-methylaminorex\/#primaryimage"},"thumbnailUrl":"https:\/\/chemsfine.com\/wp-content\/uploads\/2026\/02\/4c-mar-1-1.jpg","datePublished":"2026-02-12T09:48:43+00:00","dateModified":"2026-03-25T14:16:16+00:00","description":"Prozkoumejte 4C-MAR (4-chlorin-4-methylaminorex) na prodej. V\u00fdzkumn\u00fd stimulant s prodlou\u017een\u00fdmi \u00fa\u010dinky. Najd\u011bte nejlep\u0161\u00ed cenu a objednejte si 4C-MAR bezpe\u010dn\u011b online na Chemsfine.","breadcrumb":{"@id":"https:\/\/chemsfine.com\/product\/buy-chlorine-methylaminorex\/#breadcrumb"},"inLanguage":"cs","potentialAction":[{"@type":"ReadAction","target":["https:\/\/chemsfine.com\/product\/buy-chlorine-methylaminorex\/"]}]},{"@type":"ImageObject","inLanguage":"cs","@id":"https:\/\/chemsfine.com\/product\/buy-chlorine-methylaminorex\/#primaryimage","url":"https:\/\/chemsfine.com\/wp-content\/uploads\/2026\/02\/4c-mar-1-1.jpg","contentUrl":"https:\/\/chemsfine.com\/wp-content\/uploads\/2026\/02\/4c-mar-1-1.jpg","width":600,"height":339},{"@type":"BreadcrumbList","@id":"https:\/\/chemsfine.com\/product\/buy-chlorine-methylaminorex\/#breadcrumb","itemListElement":[{"@type":"ListItem","position":1,"name":"Home","item":"https:\/\/chemsfine.com\/"},{"@type":"ListItem","position":2,"name":"Shop","item":"https:\/\/chemsfine.com\/shop\/"},{"@type":"ListItem","position":3,"name":"4C-MAR &#8211; 4-Chlorine-4-methylaminorex for Sale"}]},{"@type":"WebSite","@id":"https:\/\/chemsfine.com\/#website","url":"https:\/\/chemsfine.com\/","name":"Chemsfine","description":"M\u016fj blog WordPress","publisher":{"@id":"https:\/\/chemsfine.com\/#organization"},"potentialAction":[{"@type":"SearchAction","target":{"@type":"EntryPoint","urlTemplate":"https:\/\/chemsfine.com\/?s={search_term_string}"},"query-input":{"@type":"PropertyValueSpecification","valueRequired":true,"valueName":"search_term_string"}}],"inLanguage":"cs"},{"@type":"Organization","@id":"https:\/\/chemsfine.com\/#organization","name":"Chemsfine","url":"https:\/\/chemsfine.com\/","logo":{"@type":"ImageObject","inLanguage":"cs","@id":"https:\/\/chemsfine.com\/#\/schema\/logo\/image\/","url":"https:\/\/chemsfine.com\/wp-content\/uploads\/2024\/09\/final-logo.png","contentUrl":"https:\/\/chemsfine.com\/wp-content\/uploads\/2024\/09\/final-logo.png","width":340,"height":72,"caption":"Chemsfine"},"image":{"@id":"https:\/\/chemsfine.com\/#\/schema\/logo\/image\/"}}]}},"_links":{"self":[{"href":"https:\/\/chemsfine.com\/cs\/wp-json\/wp\/v2\/product\/5514","targetHints":{"allow":["GET"]}}],"collection":[{"href":"https:\/\/chemsfine.com\/cs\/wp-json\/wp\/v2\/product"}],"about":[{"href":"https:\/\/chemsfine.com\/cs\/wp-json\/wp\/v2\/types\/product"}],"replies":[{"embeddable":true,"href":"https:\/\/chemsfine.com\/cs\/wp-json\/wp\/v2\/comments?post=5514"}],"wp:featuredmedia":[{"embeddable":true,"href":"https:\/\/chemsfine.com\/cs\/wp-json\/wp\/v2\/media\/5566"}],"wp:attachment":[{"href":"https:\/\/chemsfine.com\/cs\/wp-json\/wp\/v2\/media?parent=5514"}],"wp:term":[{"taxonomy":"product_brand","embeddable":true,"href":"https:\/\/chemsfine.com\/cs\/wp-json\/wp\/v2\/product_brand?post=5514"},{"taxonomy":"product_cat","embeddable":true,"href":"https:\/\/chemsfine.com\/cs\/wp-json\/wp\/v2\/product_cat?post=5514"},{"taxonomy":"product_tag","embeddable":true,"href":"https:\/\/chemsfine.com\/cs\/wp-json\/wp\/v2\/product_tag?post=5514"}],"curies":[{"name":"wp","href":"https:\/\/api.w.org\/{rel}","templated":true}]}}