{"id":5528,"date":"2026-02-12T09:49:07","date_gmt":"2026-02-12T09:49:07","guid":{"rendered":"https:\/\/chemsfine.com\/?post_type=product&#038;p=5528"},"modified":"2026-03-25T14:13:02","modified_gmt":"2026-03-25T14:13:02","slug":"buy-eutylone-ebdb-stimulant","status":"publish","type":"product","link":"https:\/\/chemsfine.com\/cs\/product\/buy-eutylone-ebdb-stimulant\/","title":{"rendered":"Eutylone (bk-EBDB) - Premium Research Chemical &amp; Designer Stimulant"},"content":{"rendered":"<p>Pokud se sna\u017e\u00edte <b>Koupit Eutylone<\/b> pro v\u00e1\u0161 v\u00fdzkum nab\u00edz\u00ed chemsfine.com pr\u00e9miov\u00fd produkt pro v\u00fdzkum. Eutylon, ozna\u010dovan\u00fd tak\u00e9 systematick\u00fdm n\u00e1zvem \u03b2-Keto-1,3-benzodioxolyl-N-ethylbutanamin nebo b\u011b\u017en\u00fdmi synonymy bk-EBDB a N-Ethylbutylon, p\u0159edstavuje pozoruhodn\u00fd nov\u00fd designov\u00fd stimulant. Tato slou\u010denina, klasifikovan\u00e1 jako empatogen, byla p\u016fvodn\u011b vyvinuta v 60. letech 20. stolet\u00ed. Byla navr\u017eena jako sofistikovan\u00e1 n\u00e1hrada efylonu, sd\u00edl\u00ed srovnatelnou chemickou strukturu a vykazuje podobn\u00e9 zaj\u00edmav\u00e9 vlastnosti. N\u00e1\u0161 produkt Eutylone se m\u016f\u017ee pochlubit minim\u00e1ln\u00ed \u010distotou 98,0%, co\u017e zaji\u0161\u0165uje spolehliv\u00e9 v\u00fdsledky pro va\u0161e v\u011bdeck\u00e9 v\u00fdzkumy. Vyu\u017eijte p\u0159\u00edle\u017eitosti k dal\u0161\u00edmu v\u00fdzkumu s vysoce kvalitn\u00edmi slou\u010deninami, kter\u00e9 jsou snadno dostupn\u00e9.<\/p>\n<h2>Co je Eutylone (bk-EBDB)?<\/h2>\n<p>Eutylon, chemicky zn\u00e1m\u00fd jako (\u00b1)-1-(1,3-benzodioxol-5-yl)-2-(ethylamino)butan-1-on, je fascinuj\u00edc\u00ed designov\u00fd stimulant, kter\u00fd st\u00e1le p\u0159itahuje z\u00e1jem v\u011bdeck\u00e9 komunity. Jeho form\u00e1ln\u00ed chemick\u00fd n\u00e1zev je 1-(1,3-benzodioxol-5-yl)-2-(ethylamino)-1-butanon, monohydrochlorid, s jedine\u010dn\u00fdm \u010d\u00edslem CAS 17764-18-0. Chemick\u00fd vzorec <span title=\"Uhl\u00edk\">C<\/span><sub>13<\/sub><span title=\"Vod\u00edk\">H<\/span><sub>17<\/sub><span title=\"Dus\u00edk\">N<\/span><span title=\"Kysl\u00edk\">O<\/span><sub>3<\/sub> a hmotnostn\u00ed vzorec 271,7, Eutylon je dod\u00e1v\u00e1n ve z\u0159eteln\u00e9m krystalick\u00e9m pevn\u00e9m skupenstv\u00ed. V\u00fdzkumn\u00edci, kte\u0159\u00ed hledaj\u00ed <b>\u0160pi\u010dkov\u00e1 kvalita Eutylone<\/b> ocen\u00ed jeho prezentaci v podob\u011b jemn\u00fdch krystal\u016f, kter\u00e9 jsou charakteristick\u00e9 pro vysoce \u010distou slou\u010deninu. V\u00fdvojov\u00e9 ko\u0159eny tohoto empatogenu v 60. letech 20. stolet\u00ed zd\u016fraz\u0148uj\u00ed jeho odkaz v oblasti syntetick\u00fdch slou\u010denin, vytvo\u0159en\u00fdch s chemickou strukturou analogickou efylonu, co\u017e znamen\u00e1 spektrum podobn\u00fdch vlastnost\u00ed, kter\u00e9 si zaslou\u017e\u00ed pe\u010dliv\u00e9 studium.<\/p>\n<h2>Pro\u010d nakupovat Eutylone online z chemsfine.com?<\/h2>\n<p>V\u00fdb\u011br d\u016fv\u011bryhodn\u00e9ho dodavatele pro va\u0161e v\u00fdzkumn\u00e9 chemik\u00e1lie m\u00e1 z\u00e1sadn\u00ed v\u00fdznam. Na chemsfine.com jsme se zav\u00e1zali poskytovat pouze ty nejlep\u0161\u00ed <b>Nejlep\u0161\u00ed dostupn\u00fd Eutylone<\/b> na trhu. N\u00e1\u0161 eutylon je pe\u010dliv\u011b testov\u00e1n, aby byla zaji\u0161t\u011bna minim\u00e1ln\u00ed \u010distota 98,0%, co\u017e z n\u011bj \u010din\u00ed ide\u00e1ln\u00ed l\u00e1tku pro p\u0159esn\u00e9 a konzistentn\u00ed v\u00fdzkumn\u00e9 aplikace. Ch\u00e1peme kritickou povahu spolehliv\u00fdch slou\u010denin pro v\u011bdeck\u00e9 \u00fasil\u00ed. Na\u0161e oddanost kvalit\u011b znamen\u00e1, \u017ee ka\u017ed\u00e1 \u0161ar\u017ee je zpracov\u00e1v\u00e1na s maxim\u00e1ln\u00ed p\u00e9\u010d\u00ed, od synt\u00e9zy a\u017e po balen\u00ed, co\u017e zaji\u0161\u0165uje integritu tohoto designov\u00e9ho stimulantu. D\u00edky transparentn\u00edm informac\u00edm o produktu a bezpe\u010dn\u00e9 n\u00e1kupn\u00ed platform\u011b se chemsfine.com st\u00e1v\u00e1 va\u0161\u00edm preferovan\u00fdm partnerem pro z\u00edsk\u00e1n\u00ed vysoce kvalitn\u00edho Eutylonu, kter\u00fd v\u00e1m usnadn\u00ed v\u00fdzkumnou pr\u00e1ci s jistotou a p\u0159esnost\u00ed. Prozkoumejte na\u0161i nab\u00eddku pr\u00e9miov\u00fdch v\u00fdzkumn\u00fdch slou\u010denin a za\u017eijte bezkonkuren\u010dn\u00ed slu\u017eby.<\/p>\n<h2>Pochopen\u00ed vlastnost\u00ed a rozpustnosti eutylonu<\/h2>\n<p>Eutylon je relativn\u011b nov\u00fdm designov\u00fdm stimulantem, a proto z\u016fst\u00e1v\u00e1 z velk\u00e9 \u010d\u00e1sti nedostate\u010dn\u011b prozkoum\u00e1n. Komplexn\u00ed \u00fadaje o jeho toxikologick\u00fdch a farmakologick\u00fdch vlastnostech, v\u010detn\u011b p\u0159esn\u00fdch doporu\u010den\u00ed pro d\u00e1vkov\u00e1n\u00ed, jsou st\u00e1le omezen\u00e9. Tento nedostatek informac\u00ed podtrhuje jeho klasifikaci jako v\u00fdzkumn\u00e9 chemick\u00e9 l\u00e1tky, ur\u010den\u00e9 v\u00fdhradn\u011b pro v\u011bdeck\u00e9 studie in vitro, nikoli pro lidskou spot\u0159ebu. V\u00fdzkumn\u00edci mus\u00ed k t\u00e9to slou\u010denin\u011b p\u0159istupovat s opatrnost\u00ed a dodr\u017eovat p\u0159\u00edsn\u00e9 laboratorn\u00ed protokoly. Pochopen\u00ed jej\u00ed rozpustnosti je z\u00e1sadn\u00ed pro pl\u00e1nov\u00e1n\u00ed experiment\u016f; eutylon vykazuje rozpustnost v r\u016fzn\u00fdch rozpou\u0161t\u011bdlech, v\u010detn\u011b DMF v koncentraci 5 mg\/ml, DMSO v koncentraci 20 mg\/ml, etanolu v koncentraci 2 mg\/ml a PBS (pH 7,2) v koncentraci 10 mg\/ml. Tyto charakteristiky rozpustnosti poskytuj\u00ed cenn\u00e9 vod\u00edtko pro p\u0159\u00edpravu roztok\u016f a prov\u00e1d\u011bn\u00ed kontrolovan\u00fdch experiment\u016f. P\u0159i pr\u00e1ci se slou\u010deninami, jako je eutylon, jsou z\u00e1sadn\u00ed odpov\u011bdn\u00e9 v\u00fdzkumn\u00e9 postupy vzhledem k omezen\u00e9 informovanosti ve\u0159ejnosti o jeho \u00fapln\u00e9m profilu.<\/p>\n<h2>Specifikace produktu Eutylone<\/h2>\n<p>Pro va\u0161e pohodl\u00ed a zaru\u010denou kvalitu jsou n\u00ed\u017ee uvedeny podrobn\u00e9 specifikace na\u0161eho v\u00fdrobku Eutylone. Tyto parametry potvrzuj\u00ed vysoce kvalitn\u00ed povahu t\u00e9to v\u00fdzkumn\u00e9 chemik\u00e1lie a zaji\u0161\u0165uj\u00ed, \u017ee spl\u0148uje p\u0159\u00edsn\u00e9 po\u017eadavky v\u011bdeck\u00fdch studi\u00ed.<\/p>\n<table border=\"1\">\n<thead>\n<tr>\n<th><strong>Atribut<\/strong><\/th>\n<th><strong>Detail<\/strong><\/th>\n<\/tr>\n<\/thead>\n<tbody>\n<tr>\n<td>N\u00e1zev IUPAC<\/td>\n<td>(\u00b1)-1-(1,3-benzodioxol-5-yl)-2-(ethylamino)butan-1-on<\/td>\n<\/tr>\n<tr>\n<td>Synonyma<\/td>\n<td>bk-EBDB, \u03b2-keto-ethylbenzodioxolylbutanamin, N-ethylbutylon, \u03b2-keto-1,3-benzodioxolyl-N-ethylbutanamin<\/td>\n<\/tr>\n<tr>\n<td>Form\u00e1ln\u00ed n\u00e1zev<\/td>\n<td>1-(1,3-benzodioxol-5-yl)-2-(ethylamino)-1-butanon, monohydrochlorid<\/td>\n<\/tr>\n<tr>\n<td>\u010c\u00edslo CAS<\/td>\n<td>17764-18-0<\/td>\n<\/tr>\n<tr>\n<td>Vzorec<\/td>\n<td><span title=\"Uhl\u00edk\">C<\/span><sub>13<\/sub><span title=\"Vod\u00edk\">H<\/span><sub>17<\/sub><span title=\"Dus\u00edk\">N<\/span><span title=\"Kysl\u00edk\">O<\/span><sub>3<\/sub><\/td>\n<\/tr>\n<tr>\n<td>Hmotnost vzorce<\/td>\n<td>271.7<\/td>\n<\/tr>\n<tr>\n<td>Purity<\/td>\n<td>98,0 % min.<\/td>\n<\/tr>\n<tr>\n<td>Slo\u017een\u00ed<\/td>\n<td>Krystaly, krystalick\u00e1 pevn\u00e1 l\u00e1tka<\/td>\n<\/tr>\n<tr>\n<td>Vzhled<\/td>\n<td>Krystaly, krystalick\u00e1 pevn\u00e1 l\u00e1tka<\/td>\n<\/tr>\n<\/tbody>\n<\/table>\n<h2>Flexibiln\u00ed mno\u017estv\u00ed a konkurenceschopn\u00e9 ceny<\/h2>\n<p>Ch\u00e1peme, \u017ee pot\u0159eby v\u00fdzkumu se li\u0161\u00ed, a proto chemsfine.com nab\u00edz\u00ed Eutylone v r\u016fzn\u00fdch mno\u017estv\u00edch, kter\u00e1 vyhovuj\u00ed r\u016fzn\u00fdm projekt\u016fm. Na\u0161e cenov\u00e1 struktura je navr\u017eena tak, aby poskytovala v\u00fdjime\u010dnou hodnotu, p\u0159i\u010dem\u017e p\u0159i hromadn\u00fdch n\u00e1kupech lze dos\u00e1hnout v\u00fdrazn\u00fdch \u00faspor. To zaji\u0161\u0165uje, \u017ee v\u00fdzkumn\u00ed pracovn\u00edci mohou z\u00edskat po\u017eadovan\u00e9 mno\u017estv\u00ed t\u00e9to cenn\u00e9 slou\u010deniny, ani\u017e by do\u0161lo ke sn\u00ed\u017een\u00ed rozpo\u010dtu nebo kvality. Zajist\u011bte si spolehliv\u011b dod\u00e1vky t\u00e9to \u0161pi\u010dkov\u00e9 v\u00fdzkumn\u00e9 chemik\u00e1lie.<\/p>\n<table border=\"1\">\n<thead>\n<tr>\n<th><strong>Hmotnost<\/strong><\/th>\n<th><strong>Cena (za gram)<\/strong><\/th>\n<\/tr>\n<\/thead>\n<tbody>\n<tr>\n<td>5g<\/td>\n<td>$12.00<\/td>\n<\/tr>\n<tr>\n<td>10g<\/td>\n<td>$10.00<\/td>\n<\/tr>\n<tr>\n<td>25g<\/td>\n<td>$7.00<\/td>\n<\/tr>\n<tr>\n<td>50g<\/td>\n<td>$5.00<\/td>\n<\/tr>\n<tr>\n<td>100g<\/td>\n<td>$4.00<\/td>\n<\/tr>\n<tr>\n<td>250g<\/td>\n<td>$3.00<\/td>\n<\/tr>\n<tr>\n<td>500g<\/td>\n<td>$2.00<\/td>\n<\/tr>\n<tr>\n<td>1000g<\/td>\n<td>$1.80<\/td>\n<\/tr>\n<\/tbody>\n<\/table>\n<h2>Bezpe\u010dnost a dodr\u017eov\u00e1n\u00ed p\u0159edpis\u016f pro v\u00fdzkumn\u00e9 chemik\u00e1lie<\/h2>\n<p>Vzhledem k tomu, \u017ee Eutylon byl m\u00e1lo studov\u00e1n, jsou specifick\u00e9 toxikologick\u00e9 a farmakologick\u00e9 \u00fadaje omezen\u00e9 a spr\u00e1vn\u00e9 d\u00e1vkov\u00e1n\u00ed pro jakoukoli aplikaci nen\u00ed stanoveno. Pro v\u0161echny v\u00fdzkumn\u00e9 pracovn\u00edky je z\u00e1sadn\u00ed, aby s touto slou\u010deninou zach\u00e1zeli velmi opatrn\u011b a p\u0159\u00edsn\u011b dodr\u017eovali laboratorn\u00ed bezpe\u010dnostn\u00ed protokoly, v\u010detn\u011b pou\u017e\u00edv\u00e1n\u00ed vhodn\u00fdch osobn\u00edch ochrann\u00fdch prost\u0159edk\u016f (OOP) a udr\u017eov\u00e1n\u00ed kontrolovan\u00e9ho v\u00fdzkumn\u00e9ho prost\u0159ed\u00ed. V\u00fdzkumn\u00edci by si m\u011bli b\u00fdt v\u011bdomi, \u017ee pr\u00e1vn\u00ed status eutylonu podl\u00e9h\u00e1 region\u00e1ln\u00edm p\u0159edpis\u016fm a jeho prodej nebo dr\u017een\u00ed m\u016f\u017ee b\u00fdt v r\u016fzn\u00fdch jurisdikc\u00edch omezeno. Je odpov\u011bdnost\u00ed kupuj\u00edc\u00edho, aby zajistil dodr\u017eov\u00e1n\u00ed v\u0161ech m\u00edstn\u00edch z\u00e1kon\u016f. Doporu\u010dujeme nahl\u00e9dnout do bezpe\u010dnostn\u00edho listu (SDS) a certifik\u00e1tu anal\u00fdzy (CoA), kde jsou uvedeny komplexn\u00ed informace, kter\u00e9 lze \u010dasto poskytnout na vy\u017e\u00e1d\u00e1n\u00ed, aby byly zaji\u0161t\u011bny bezpe\u010dn\u00e9 a vyhovuj\u00edc\u00ed v\u00fdzkumn\u00e9 postupy s touto slou\u010deninou ur\u010denou pro v\u00fdzkum.<\/p>\n<h2>Pro\u010d si pro sv\u00e9 v\u00fdzkumn\u00e9 pot\u0159eby vybrat chemsfine.com?<\/h2>\n<p>Ve spole\u010dnosti chemsfine.com n\u00e1\u0161 z\u00e1vazek p\u0159esahuje pouhou nab\u00eddku slou\u010denin; poskytujeme kompletn\u00ed a d\u016fv\u011bryhodnou zku\u0161enost v\u00fdzkumn\u00e9ho partnera. Jsme hrd\u00ed na transparentn\u00ed \u00fadaje, ov\u011b\u0159en\u00e9 z\u00e1znamy o \u0161ar\u017e\u00edch a vysoce konkurenceschopn\u00e9 ceny v cel\u00e9m na\u0161em sortimentu v\u00fdzkumn\u00fdch chemik\u00e1li\u00ed. Kdy\u017e se rozhodnete <b>Koupit Eutylone online<\/b> od n\u00e1s, vyb\u00edr\u00e1te si dodavatele, kter\u00fd up\u0159ednost\u0148uje kvalitu a v\u011bdeckou integritu. Na\u0161e p\u0159\u00edsn\u00e9 procesy kontroly kvality zaji\u0161\u0165uj\u00ed, \u017ee ka\u017ed\u00fd produkt, v\u010detn\u011b Eutylonu, spl\u0148uje p\u0159\u00edsn\u00e9 normy \u010distoty a konzistence. Pro v\u00fdzkumn\u00edky, kte\u0159\u00ed hledaj\u00ed spolehliv\u00e9 zdroje, je na\u0161e odhodl\u00e1n\u00ed neochv\u011bjn\u00e9. P\u0159i z\u00edsk\u00e1v\u00e1n\u00ed slou\u010denin, jako je Eutylone, v\u00fdzkumn\u00edci \u010dasto hledaj\u00ed podobnou kvalitu, jakou lze nal\u00e9zt v produktech, jako je nap\u0159. <b><a href='https:\/\/chemsfine.com\/cs\/produkt\/buy-3-mmc-online\/'>3-MMC<\/a><\/b>. Na\u0161e oddanost se vztahuje na \u0161irokou \u0161k\u00e1lu v\u00fdzkumn\u00fdch chemik\u00e1li\u00ed a zaji\u0161\u0165uje, \u017ee obdr\u017e\u00edte nejvy\u0161\u0161\u00ed standard, srovnateln\u00fd s na\u0161imi nab\u00eddkami, jako jsou nap\u0159. <b><a href='https:\/\/chemsfine.com\/cs\/produkt\/buy-jwh-018-online\/'>JWH-018<\/a><\/b>. D\u016fv\u011b\u0159ujte spole\u010dnosti chemsfine.com, pokud jde o z\u00e1kladn\u00ed v\u00fdzkumn\u00e9 chemik\u00e1lie.<\/p>\n<h2>Z\u00e1v\u011br: Zajist\u011bte si z\u00e1soby eutylonu je\u0161t\u011b dnes<\/h2>\n<p>Z\u00e1v\u011brem lze \u0159\u00edci, \u017ee eutylon p\u0159edstavuje cennou chemickou l\u00e1tku pro v\u011bdeck\u00fd v\u00fdzkum design\u00e9rsk\u00fdch stimulant\u016f a empatogen\u016f. D\u00edky jeho vysok\u00e9 \u010distot\u011b a podrobn\u00fdm specifikac\u00edm, kter\u00e9 poskytuje chemsfine.com, jste vybaveni k prov\u00e1d\u011bn\u00ed sv\u00fdch studi\u00ed s d\u016fv\u011brou. Znovu zd\u016fraz\u0148ujeme n\u00e1\u0161 z\u00e1vazek ke kvalit\u011b, dodr\u017eov\u00e1n\u00ed p\u0159edpis\u016f a podpo\u0159e v\u00fdzkumn\u00fdch pracovn\u00edk\u016f. Nenechte si uj\u00edt p\u0159\u00edle\u017eitost prohloubit sv\u00e9 v\u011bdeck\u00e9 pozn\u00e1n\u00ed; <b>Koupit Eutylone<\/b> je\u0161t\u011b dnes na webu chemsfine.com a zajist\u011bte si z\u00e1sobu prvot\u0159\u00eddn\u00edch slou\u010denin pro \u0161pi\u010dkov\u00e1 v\u00fdzkumn\u00e1 \u0161et\u0159en\u00ed.<\/p>","protected":false},"excerpt":{"rendered":"<p>Objevte <b>Eutylone<\/b> (bk-EBDB), vysoce \u010dist\u00fd designov\u00fd stimulant vyvinut\u00fd v 60. letech 20. stolet\u00ed, speci\u00e1ln\u011b vytvo\u0159en\u00fd pro pokro\u010dil\u00fd v\u011bdeck\u00fd v\u00fdzkum. Jako empatogen s chemickou strukturou podobnou efylonu nab\u00edz\u00ed jedine\u010dn\u00e9 vlastnosti pro zkoum\u00e1n\u00ed. V\u00fdzkumn\u00edci mohou s jistotou <b>koupit Eutylone<\/b> na webu chemsfine.com, \u010d\u00edm\u017e si pro sv\u00e9 laboratorn\u00ed studie zajist\u00ed prvot\u0159\u00eddn\u00ed slou\u010deninu v\u00fdzkumn\u00e9 kvality o minim\u00e1ln\u00ed \u010distot\u011b 98,0%.<\/p>","protected":false},"featured_media":5580,"comment_status":"open","ping_status":"closed","template":"","meta":{"_joinchat":[]},"product_brand":[],"product_cat":[951],"product_tag":[],"class_list":{"0":"post-5528","1":"product","2":"type-product","3":"status-publish","4":"has-post-thumbnail","6":"product_cat-stimulants","8":"first","9":"instock","10":"shipping-taxable","11":"purchasable","12":"product-type-variable"},"yoast_head":"<!-- This site is optimized with the Yoast SEO plugin v27.2 - https:\/\/yoast.com\/product\/yoast-seo-wordpress\/ -->\n<title>Buy Eutylone Online: High-Quality bk-EBDB Research Chemical<\/title>\n<meta name=\"description\" content=\"Discover high-purity Eutylone (bk-EBDB), a designer stimulant available for purchase online at chemsfine.com. Explore its properties and competitive pricing.\" \/>\n<meta name=\"robots\" content=\"index, follow, max-snippet:-1, max-image-preview:large, max-video-preview:-1\" \/>\n<link rel=\"canonical\" href=\"https:\/\/chemsfine.com\/cs\/produkt\/buy-eutylone-ebdb-stimulant\/\" \/>\n<meta property=\"og:locale\" content=\"cs_CZ\" \/>\n<meta property=\"og:type\" content=\"article\" \/>\n<meta property=\"og:title\" content=\"Buy Eutylone Online: High-Quality bk-EBDB Research Chemical\" \/>\n<meta property=\"og:description\" content=\"Discover high-purity Eutylone (bk-EBDB), a designer stimulant available for purchase online at chemsfine.com. Explore its properties and competitive pricing.\" \/>\n<meta property=\"og:url\" content=\"https:\/\/chemsfine.com\/cs\/produkt\/buy-eutylone-ebdb-stimulant\/\" \/>\n<meta property=\"og:site_name\" content=\"Chemsfine\" \/>\n<meta property=\"article:modified_time\" content=\"2026-03-25T14:13:02+00:00\" \/>\n<meta property=\"og:image\" content=\"https:\/\/chemsfine.com\/wp-content\/uploads\/2026\/02\/eutylone-1-1.jpg\" \/>\n\t<meta property=\"og:image:width\" content=\"500\" \/>\n\t<meta property=\"og:image:height\" content=\"500\" \/>\n\t<meta property=\"og:image:type\" content=\"image\/jpeg\" \/>\n<meta name=\"twitter:card\" content=\"summary_large_image\" \/>\n<meta name=\"twitter:label1\" content=\"Odhadovan\u00e1 doba \u010dten\u00ed\" \/>\n\t<meta name=\"twitter:data1\" content=\"5 minut\" \/>\n<script type=\"application\/ld+json\" class=\"yoast-schema-graph\">{\"@context\":\"https:\/\/schema.org\",\"@graph\":[{\"@type\":\"WebPage\",\"@id\":\"https:\/\/chemsfine.com\/product\/buy-eutylone-ebdb-stimulant\/\",\"url\":\"https:\/\/chemsfine.com\/product\/buy-eutylone-ebdb-stimulant\/\",\"name\":\"Buy Eutylone Online: High-Quality bk-EBDB Research Chemical\",\"isPartOf\":{\"@id\":\"https:\/\/chemsfine.com\/#website\"},\"primaryImageOfPage\":{\"@id\":\"https:\/\/chemsfine.com\/product\/buy-eutylone-ebdb-stimulant\/#primaryimage\"},\"image\":{\"@id\":\"https:\/\/chemsfine.com\/product\/buy-eutylone-ebdb-stimulant\/#primaryimage\"},\"thumbnailUrl\":\"https:\/\/chemsfine.com\/wp-content\/uploads\/2026\/02\/eutylone-1-1.jpg\",\"datePublished\":\"2026-02-12T09:49:07+00:00\",\"dateModified\":\"2026-03-25T14:13:02+00:00\",\"description\":\"Discover high-purity Eutylone (bk-EBDB), a designer stimulant available for purchase online at chemsfine.com. Explore its properties and competitive pricing.\",\"breadcrumb\":{\"@id\":\"https:\/\/chemsfine.com\/product\/buy-eutylone-ebdb-stimulant\/#breadcrumb\"},\"inLanguage\":\"cs\",\"potentialAction\":[{\"@type\":\"ReadAction\",\"target\":[\"https:\/\/chemsfine.com\/product\/buy-eutylone-ebdb-stimulant\/\"]}]},{\"@type\":\"ImageObject\",\"inLanguage\":\"cs\",\"@id\":\"https:\/\/chemsfine.com\/product\/buy-eutylone-ebdb-stimulant\/#primaryimage\",\"url\":\"https:\/\/chemsfine.com\/wp-content\/uploads\/2026\/02\/eutylone-1-1.jpg\",\"contentUrl\":\"https:\/\/chemsfine.com\/wp-content\/uploads\/2026\/02\/eutylone-1-1.jpg\",\"width\":500,\"height\":500},{\"@type\":\"BreadcrumbList\",\"@id\":\"https:\/\/chemsfine.com\/product\/buy-eutylone-ebdb-stimulant\/#breadcrumb\",\"itemListElement\":[{\"@type\":\"ListItem\",\"position\":1,\"name\":\"Home\",\"item\":\"https:\/\/chemsfine.com\/\"},{\"@type\":\"ListItem\",\"position\":2,\"name\":\"Shop\",\"item\":\"https:\/\/chemsfine.com\/shop\/\"},{\"@type\":\"ListItem\",\"position\":3,\"name\":\"Eutylone (bk-EBDB) \u2013 Premium Research Chemical &amp; Designer Stimulant\"}]},{\"@type\":\"WebSite\",\"@id\":\"https:\/\/chemsfine.com\/#website\",\"url\":\"https:\/\/chemsfine.com\/\",\"name\":\"Chemsfine\",\"description\":\"My WordPress Blog\",\"publisher\":{\"@id\":\"https:\/\/chemsfine.com\/#organization\"},\"potentialAction\":[{\"@type\":\"SearchAction\",\"target\":{\"@type\":\"EntryPoint\",\"urlTemplate\":\"https:\/\/chemsfine.com\/?s={search_term_string}\"},\"query-input\":{\"@type\":\"PropertyValueSpecification\",\"valueRequired\":true,\"valueName\":\"search_term_string\"}}],\"inLanguage\":\"cs\"},{\"@type\":\"Organization\",\"@id\":\"https:\/\/chemsfine.com\/#organization\",\"name\":\"Chemsfine\",\"url\":\"https:\/\/chemsfine.com\/\",\"logo\":{\"@type\":\"ImageObject\",\"inLanguage\":\"cs\",\"@id\":\"https:\/\/chemsfine.com\/#\/schema\/logo\/image\/\",\"url\":\"https:\/\/chemsfine.com\/wp-content\/uploads\/2024\/09\/final-logo.png\",\"contentUrl\":\"https:\/\/chemsfine.com\/wp-content\/uploads\/2024\/09\/final-logo.png\",\"width\":340,\"height\":72,\"caption\":\"Chemsfine\"},\"image\":{\"@id\":\"https:\/\/chemsfine.com\/#\/schema\/logo\/image\/\"}}]}<\/script>\n<!-- \/ Yoast SEO plugin. -->","yoast_head_json":{"title":"Koupit Eutylone online: Vysoce kvalitn\u00ed bk-EBDB V\u00fdzkum Chemick\u00e9","description":"Objevte vysoce \u010dist\u00fd Eutylone (bk-EBDB), zna\u010dkov\u00fd stimulant, kter\u00fd je k dispozici ke koupi online na chemsfine.com. Prozkoumejte jeho vlastnosti a konkuren\u010dn\u00ed ceny.","robots":{"index":"index","follow":"follow","max-snippet":"max-snippet:-1","max-image-preview":"max-image-preview:large","max-video-preview":"max-video-preview:-1"},"canonical":"https:\/\/chemsfine.com\/cs\/produkt\/buy-eutylone-ebdb-stimulant\/","og_locale":"cs_CZ","og_type":"article","og_title":"Buy Eutylone Online: High-Quality bk-EBDB Research Chemical","og_description":"Discover high-purity Eutylone (bk-EBDB), a designer stimulant available for purchase online at chemsfine.com. Explore its properties and competitive pricing.","og_url":"https:\/\/chemsfine.com\/cs\/produkt\/buy-eutylone-ebdb-stimulant\/","og_site_name":"Chemsfine","article_modified_time":"2026-03-25T14:13:02+00:00","og_image":[{"width":500,"height":500,"url":"https:\/\/chemsfine.com\/wp-content\/uploads\/2026\/02\/eutylone-1-1.jpg","type":"image\/jpeg"}],"twitter_card":"summary_large_image","twitter_misc":{"Odhadovan\u00e1 doba \u010dten\u00ed":"5 minut"},"schema":{"@context":"https:\/\/schema.org","@graph":[{"@type":"WebPage","@id":"https:\/\/chemsfine.com\/product\/buy-eutylone-ebdb-stimulant\/","url":"https:\/\/chemsfine.com\/product\/buy-eutylone-ebdb-stimulant\/","name":"Koupit Eutylone online: Vysoce kvalitn\u00ed bk-EBDB V\u00fdzkum Chemick\u00e9","isPartOf":{"@id":"https:\/\/chemsfine.com\/#website"},"primaryImageOfPage":{"@id":"https:\/\/chemsfine.com\/product\/buy-eutylone-ebdb-stimulant\/#primaryimage"},"image":{"@id":"https:\/\/chemsfine.com\/product\/buy-eutylone-ebdb-stimulant\/#primaryimage"},"thumbnailUrl":"https:\/\/chemsfine.com\/wp-content\/uploads\/2026\/02\/eutylone-1-1.jpg","datePublished":"2026-02-12T09:49:07+00:00","dateModified":"2026-03-25T14:13:02+00:00","description":"Objevte vysoce \u010dist\u00fd Eutylone (bk-EBDB), zna\u010dkov\u00fd stimulant, kter\u00fd je k dispozici ke koupi online na chemsfine.com. Prozkoumejte jeho vlastnosti a konkuren\u010dn\u00ed ceny.","breadcrumb":{"@id":"https:\/\/chemsfine.com\/product\/buy-eutylone-ebdb-stimulant\/#breadcrumb"},"inLanguage":"cs","potentialAction":[{"@type":"ReadAction","target":["https:\/\/chemsfine.com\/product\/buy-eutylone-ebdb-stimulant\/"]}]},{"@type":"ImageObject","inLanguage":"cs","@id":"https:\/\/chemsfine.com\/product\/buy-eutylone-ebdb-stimulant\/#primaryimage","url":"https:\/\/chemsfine.com\/wp-content\/uploads\/2026\/02\/eutylone-1-1.jpg","contentUrl":"https:\/\/chemsfine.com\/wp-content\/uploads\/2026\/02\/eutylone-1-1.jpg","width":500,"height":500},{"@type":"BreadcrumbList","@id":"https:\/\/chemsfine.com\/product\/buy-eutylone-ebdb-stimulant\/#breadcrumb","itemListElement":[{"@type":"ListItem","position":1,"name":"Home","item":"https:\/\/chemsfine.com\/"},{"@type":"ListItem","position":2,"name":"Shop","item":"https:\/\/chemsfine.com\/shop\/"},{"@type":"ListItem","position":3,"name":"Eutylone (bk-EBDB) \u2013 Premium Research Chemical &amp; Designer Stimulant"}]},{"@type":"WebSite","@id":"https:\/\/chemsfine.com\/#website","url":"https:\/\/chemsfine.com\/","name":"Chemsfine","description":"M\u016fj blog WordPress","publisher":{"@id":"https:\/\/chemsfine.com\/#organization"},"potentialAction":[{"@type":"SearchAction","target":{"@type":"EntryPoint","urlTemplate":"https:\/\/chemsfine.com\/?s={search_term_string}"},"query-input":{"@type":"PropertyValueSpecification","valueRequired":true,"valueName":"search_term_string"}}],"inLanguage":"cs"},{"@type":"Organization","@id":"https:\/\/chemsfine.com\/#organization","name":"Chemsfine","url":"https:\/\/chemsfine.com\/","logo":{"@type":"ImageObject","inLanguage":"cs","@id":"https:\/\/chemsfine.com\/#\/schema\/logo\/image\/","url":"https:\/\/chemsfine.com\/wp-content\/uploads\/2024\/09\/final-logo.png","contentUrl":"https:\/\/chemsfine.com\/wp-content\/uploads\/2024\/09\/final-logo.png","width":340,"height":72,"caption":"Chemsfine"},"image":{"@id":"https:\/\/chemsfine.com\/#\/schema\/logo\/image\/"}}]}},"_links":{"self":[{"href":"https:\/\/chemsfine.com\/cs\/wp-json\/wp\/v2\/product\/5528","targetHints":{"allow":["GET"]}}],"collection":[{"href":"https:\/\/chemsfine.com\/cs\/wp-json\/wp\/v2\/product"}],"about":[{"href":"https:\/\/chemsfine.com\/cs\/wp-json\/wp\/v2\/types\/product"}],"replies":[{"embeddable":true,"href":"https:\/\/chemsfine.com\/cs\/wp-json\/wp\/v2\/comments?post=5528"}],"wp:featuredmedia":[{"embeddable":true,"href":"https:\/\/chemsfine.com\/cs\/wp-json\/wp\/v2\/media\/5580"}],"wp:attachment":[{"href":"https:\/\/chemsfine.com\/cs\/wp-json\/wp\/v2\/media?parent=5528"}],"wp:term":[{"taxonomy":"product_brand","embeddable":true,"href":"https:\/\/chemsfine.com\/cs\/wp-json\/wp\/v2\/product_brand?post=5528"},{"taxonomy":"product_cat","embeddable":true,"href":"https:\/\/chemsfine.com\/cs\/wp-json\/wp\/v2\/product_cat?post=5528"},{"taxonomy":"product_tag","embeddable":true,"href":"https:\/\/chemsfine.com\/cs\/wp-json\/wp\/v2\/product_tag?post=5528"}],"curies":[{"name":"wp","href":"https:\/\/api.w.org\/{rel}","templated":true}]}}