{"id":5818,"date":"2026-02-12T09:52:15","date_gmt":"2026-02-12T09:52:15","guid":{"rendered":"https:\/\/chemsfine.com\/?post_type=product&#038;p=5818"},"modified":"2026-03-25T14:00:02","modified_gmt":"2026-03-25T14:00:02","slug":"buy-colombia-cocaine","status":"publish","type":"product","link":"https:\/\/chemsfine.com\/cs\/product\/buy-colombia-cocaine\/","title":{"rendered":"Koupit Premium Colombia Cocaine online - kvalitn\u00ed produkt"},"content":{"rendered":"<p>V\u00edtejte na str\u00e1nk\u00e1ch chemsfine, va\u0161\u00ed hlavn\u00ed destinaci pro <b>Koupit Colombia Cocaine online<\/b>. Ch\u00e1peme kritickou popt\u00e1vku po vysoce kvalitn\u00edch l\u00e1tk\u00e1ch a sna\u017e\u00edme se poskytovat vynikaj\u00edc\u00ed kvalitu. U n\u00e1s m\u016f\u017eete snadno <b>Order Colombia Cocaine online<\/b>, co\u017e zaji\u0161\u0165uje efektivn\u00ed a profesion\u00e1ln\u00ed proces zad\u00e1v\u00e1n\u00ed ve\u0159ejn\u00fdch zak\u00e1zek. Na\u0161e rozs\u00e1hl\u00e9 z\u00e1soby zahrnuj\u00ed <b>Colombia Kokain na prodej online<\/b>, pe\u010dliv\u011b z\u00edsk\u00e1van\u00fdch a ov\u011b\u0159ovan\u00fdch tak, aby spl\u0148ovaly p\u0159\u00edsn\u00e9 normy \u010distoty. Pro ty, kte\u0159\u00ed hledaj\u00ed spolehliv\u00e9 dodavatele, jsme d\u016fv\u011bryhodnou odpov\u011bd\u00ed na tuto ot\u00e1zku: <b>Kde koupit Colombia Cocaine online<\/b>? Zaru\u010dujeme v\u00e1m, \u017ee najdete <b>Kvalitn\u00ed kolumbijsk\u00fd kokain v prodeji v USA<\/b>, a nab\u00edz\u00ed v\u00fdjime\u010dnou hodnotu d\u00edky mo\u017enostem, jako je <b>5 gram\u016f pro $250<\/b>. N\u00e1\u0161 z\u00e1vazek se vztahuje i na dod\u00e1v\u00e1n\u00ed autentick\u00fdch produkt\u016f pro v\u00fdzkum a specifick\u00e9 pr\u016fmyslov\u00e9 aplikace, p\u0159i\u010dem\u017e v\u017edy dodr\u017eujeme p\u0159\u00edsn\u00e9 bezpe\u010dnostn\u00ed a kvalitativn\u00ed protokoly.<\/p>\n<h2>Co je kokain v Kolumbii?<\/h2>\n<p>Kokain, konkr\u00e9tn\u011b benzoylmethylekgonin, je p\u0159irozen\u011b se vyskytuj\u00edc\u00ed tropanov\u00fd alkaloid z\u00edsk\u00e1van\u00fd z list\u016f rostliny koka. Je zn\u00e1m\u00fd sv\u00fdmi v\u00fdrazn\u00fdmi chemick\u00fdmi vlastnostmi a vyskytuje se ve form\u011b jemn\u00e9ho b\u00edl\u00e9ho krystalick\u00e9ho pr\u00e1\u0161ku. Jeho chemick\u00fd vzorec je C<sub>17<\/sub>H<sub>21<\/sub>NE<sub>4<\/sub>, s molekulovou hmotnost\u00ed p\u0159ibli\u017en\u011b 303,35 g\/mol. Tato l\u00e1tka je celosv\u011btov\u011b \u0161iroce uzn\u00e1van\u00e1 pro sv\u00e9 stimula\u010dn\u00ed vlastnosti a historick\u00e9 i sou\u010dasn\u00e9 vyu\u017eit\u00ed v r\u016fzn\u00fdch v\u011bdeck\u00fdch a pr\u016fmyslov\u00fdch souvislostech. Kdy\u017e se rozhodnete <b>Koupit Colombia Cocaine na prodej<\/b> od spole\u010dnosti chemsfine investujete do produktu, kter\u00fd se vyzna\u010duje svou konzistenc\u00ed a integritou. Db\u00e1me na to, aby na\u0161e nab\u00eddka p\u0159edstavovala <b>Kokain nejvy\u0161\u0161\u00ed kvality Kolumbie<\/b>, pe\u010dliv\u011b zpracovan\u00e9 a zabalen\u00e9 tak, aby si zachovaly sv\u00e9 p\u0159irozen\u00e9 vlastnosti.<\/p>\n<p>P\u0159esn\u00e1 chemick\u00e1 identita a \u010distota je pro jakoukoli komer\u010dn\u00ed nebo v\u00fdzkumnou aplikaci nejd\u016fle\u017eit\u011bj\u0161\u00ed. N\u00e1\u0161 z\u00e1vazek poskytovat autentick\u00e9 a spolehliv\u00e9 produkty je neochv\u011bjn\u00fd, co\u017e z n\u00e1s \u010din\u00ed preferovan\u00e9ho dodavatele pro n\u00e1ro\u010dn\u00e9 klienty. Ka\u017ed\u00e1 \u0161ar\u017ee je podrobena p\u0159\u00edsn\u00fdm opat\u0159en\u00edm kontroly kvality, kter\u00e1 potvrzuj\u00ed jej\u00ed slo\u017een\u00ed a zabra\u0148uj\u00ed kontaminaci. D\u00edky tomuto odhodl\u00e1n\u00ed m\u016f\u017eeme s jistotou nab\u00edzet v\u00fdrobek, kter\u00fd spl\u0148uje n\u00e1ro\u010dn\u00e9 specifikace pro r\u016fzn\u00e9 po\u017eadavky laboratorn\u00ed kvality.<\/p>\n<h2>Pro\u010d si koupit kokain online od chemsfine?<\/h2>\n<p>Ve spole\u010dnosti chemsfine jsme hrd\u00ed na to, \u017ee jsme spolehliv\u00fdm zdrojem specializovan\u00fdch chemick\u00fdch slou\u010denin. P\u0159i zva\u017eov\u00e1n\u00ed <b>Nejlep\u0161\u00ed dostupn\u00fd kokain v Kolumbii<\/b>, na\u0161e platforma vynik\u00e1 transparentn\u00edmi procesy a neochv\u011bjnou snahou o spokojenost z\u00e1kazn\u00edk\u016f. Umo\u017e\u0148ujeme bezpe\u010dn\u00fd a p\u0159\u00edmo\u010dar\u00fd zp\u016fsob, jak <b>Order Colombia Cocaine Online<\/b>, co\u017e zaji\u0161\u0165uje soukrom\u00ed a efektivitu od v\u00fdb\u011bru a\u017e po doru\u010den\u00ed. Na\u0161e pov\u011bst je zalo\u017eena na d\u016fv\u011b\u0159e, kvalit\u011b a pochopen\u00ed jedine\u010dn\u00fdch po\u017eadavk\u016f na\u0161\u00ed klientely.<\/p>\n<p>Na\u0161e konkuren\u010dn\u00ed ceny, kter\u00e9 jsou ilustrov\u00e1ny nab\u00eddkami jako nap\u0159. <b>5 gram\u016f pro $250<\/b>, spolu s na\u0161imi p\u0159\u00edsn\u00fdmi kontrolami kvality stav\u00ed spole\u010dnost chemsfine na p\u0159edn\u00ed m\u00edsto v oblasti online dod\u00e1vek vysoce kvalitn\u00edch l\u00e1tek. Sna\u017e\u00edme se o bezprobl\u00e9mov\u00fd n\u00e1kup, nab\u00edz\u00edme podrobn\u00e9 informace o produktech a pohotovou z\u00e1kaznickou podporu. Toto nasazen\u00ed zaji\u0161\u0165uje, \u017ee ka\u017ed\u00e1 transakce je prov\u00e1d\u011bna s profesionalitou a p\u00e9\u010d\u00ed, od po\u010d\u00e1te\u010dn\u00edho dotazu a\u017e po kone\u010dn\u00e9 dod\u00e1n\u00ed va\u0161eho vysoce \u010dist\u00e9ho produktu.<\/p>\n<h2>Aplikace Colombia Cocaine<\/h2>\n<p>Kolumbie Kokain ve sv\u00e9 vysoce \u010dist\u00e9 form\u011b slou\u017e\u00ed k \u0159ad\u011b specifick\u00fdch aplikac\u00ed v kontrolovan\u00e9m prost\u0159ed\u00ed. D\u00edky sv\u00e9 jedine\u010dn\u00e9 chemick\u00e9 struktu\u0159e je cenn\u00fd pro:<\/p>\n<ul>\n<li>Analytick\u00e9 referen\u010dn\u00ed standardy v toxikologii a farmakologii.<\/li>\n<li>\u0158\u00edzen\u00fd laboratorn\u00ed v\u00fdzkum vlastnost\u00ed alkaloid\u016f.<\/li>\n<li>Kalibrace v\u011bdeck\u00fdch p\u0159\u00edstroj\u016f.<\/li>\n<li>V\u00fdvoj metod detekce kontrolovan\u00fdch l\u00e1tek.<\/li>\n<li>Specifick\u00e9 pr\u016fmyslov\u00e9 procesy vy\u017eaduj\u00edc\u00ed p\u0159esn\u00e9 chemick\u00e9 vstupy.<\/li>\n<li>Farmakologick\u00e9 studie za p\u0159\u00edsn\u00e9ho dodr\u017eov\u00e1n\u00ed p\u0159edpis\u016f.<\/li>\n<\/ul>\n<p>Tyto aplikace zd\u016fraz\u0148uj\u00ed pot\u0159ebu <b>Autentick\u00fd kolumbijsk\u00fd kokain<\/b> produkt s ov\u011b\u0159itelnou \u010distotou a konzistenc\u00ed. Na\u0161e nab\u00eddka je vhodn\u00e1 pro prost\u0159ed\u00ed, kde je p\u0159esnost a spolehlivost neoddiskutovateln\u00e1, a poskytuje v\u00fdzkumn\u00fdm a komer\u010dn\u00edm subjekt\u016fm materi\u00e1ly, kter\u00e9 pot\u0159ebuj\u00ed k odpov\u011bdn\u00e9mu prov\u00e1d\u011bn\u00ed sv\u00e9 pr\u00e1ce. Pokud jde o souvisej\u00edc\u00ed slou\u010deniny, m\u016f\u017eete tak\u00e9 zv\u00e1\u017eit <a href=\"https:\/\/chemsfine.com\/cs\/produkt\/buy-mdphp-freebase-online\/\">MDPHP Freebase<\/a>, kter\u00e9 je mo\u017en\u00e9 zakoupit prost\u0159ednictv\u00edm na\u0161\u00ed platformy.<\/p>\n<h2>Bezpe\u010dnost a dodr\u017eov\u00e1n\u00ed p\u0159edpis\u016f<\/h2>\n<p>Manipulace s l\u00e1tkami, jako je kokain, vy\u017eaduje p\u0159\u00edsn\u00e9 dodr\u017eov\u00e1n\u00ed bezpe\u010dnostn\u00edch protokol\u016f a regula\u010dn\u00edch pokyn\u016f. Zasazujeme se o zodpov\u011bdn\u00e9 pou\u017e\u00edv\u00e1n\u00ed v\u0161ech na\u0161ich produkt\u016f, a to v\u00fdhradn\u011b k ur\u010den\u00e9mu \u00fa\u010delu v r\u00e1mci z\u00e1konn\u00fdch p\u0159edpis\u016f. Odb\u011bratel\u00e9 by m\u011bli zajistit, aby m\u011bli pot\u0159ebn\u00e9 osobn\u00ed ochrann\u00e9 prost\u0159edky (OOP), pracovali v kontrolovan\u00e9m prost\u0159ed\u00ed a byli si pln\u011b v\u011bdomi v\u0161ech region\u00e1ln\u00edch a mezin\u00e1rodn\u00edch p\u0159edpis\u016f t\u00fdkaj\u00edc\u00edch se z\u00edsk\u00e1v\u00e1n\u00ed, skladov\u00e1n\u00ed a pou\u017e\u00edv\u00e1n\u00ed t\u011bchto l\u00e1tek.<\/p>\n<p>chemsfine poskytuje na vy\u017e\u00e1d\u00e1n\u00ed bezpe\u010dnostn\u00ed listy (SDS) a certifik\u00e1ty o anal\u00fdze (CoA) pro na\u0161e produkty. <b>Vysok\u00e1 \u010distota na prodej<\/b> produkty, v\u010detn\u011b <b>Kolumbie Kokain<\/b>. Tyto dokumenty obsahuj\u00ed d\u016fle\u017eit\u00e9 informace t\u00fdkaj\u00edc\u00ed se bezpe\u010dn\u00e9 manipulace, skladov\u00e1n\u00ed a likvidace a umo\u017e\u0148uj\u00ed na\u0161im klient\u016fm udr\u017eovat v souladu s p\u0159edpisy a bezpe\u010dn\u00e9 provozn\u00ed prost\u0159ed\u00ed. N\u00e1\u0161 z\u00e1vazek dodr\u017eovat p\u0159edpisy podporuje bezpe\u010dn\u00e9 prov\u00e1d\u011bn\u00ed va\u0161ich v\u00fdzkumn\u00fdch a pr\u016fmyslov\u00fdch \u010dinnost\u00ed. Prozkoumejte dal\u0161\u00ed produkty, jako nap\u0159. <a href=\"https:\/\/chemsfine.com\/cs\/produkt\/koupit-diazepam-valium-prasek\/\">Diazepam Valium pr\u00e1\u0161ek<\/a> pro va\u0161e specifick\u00e9 pot\u0159eby.<\/p>\n<h2>Pro\u010d si vybrat pr\u00e1v\u011b n\u00e1s?<\/h2>\n<p>Volba spole\u010dnosti chemsfine znamen\u00e1, \u017ee se rozhodnete pro partnera, kter\u00fd se zav\u00e1zal k dokonalosti v ka\u017ed\u00e9m aspektu va\u0161eho n\u00e1kupu. Nab\u00edz\u00edme transparentn\u00ed \u00fadaje o na\u0161ich produktech, v\u010detn\u011b ov\u011b\u0159en\u00fdch z\u00e1znam\u016f o \u0161ar\u017e\u00edch a anal\u00fdz \u010distoty. Na\u0161e oddanost konkurenceschopn\u00fdm cen\u00e1m zaji\u0161\u0165uje, \u017ee obdr\u017e\u00edte nejlep\u0161\u00ed mo\u017enou hodnotu, co\u017e umo\u017e\u0148uje. <b>Koupit nyn\u00ed online<\/b> bez kompromis\u016f v kvalit\u011b a slu\u017eb\u00e1ch. V\u011b\u0159\u00edme, \u017ee podporujeme dlouhodob\u00e9 vztahy zalo\u017een\u00e9 na d\u016fv\u011b\u0159e a d\u016fsledn\u00e9 dod\u00e1vce vysoce kvalitn\u00edch chemik\u00e1li\u00ed.<\/p>\n<table>\n<caption>Specifikace a ceny produktu Colombia Cocaine<\/caption>\n<thead>\n<tr>\n<th>Detail produktu<\/th>\n<th>Specifikace<\/th>\n<\/tr>\n<\/thead>\n<tbody>\n<tr>\n<td>N\u00e1zev produktu<\/td>\n<td>Kolumbie Kokain<\/td>\n<\/tr>\n<tr>\n<td>\u00darove\u0148 \u010distoty<\/td>\n<td>Vysok\u00e1 \u010distota, v\u00fdzkumn\u00e1 t\u0159\u00edda<\/td>\n<\/tr>\n<tr>\n<td>Formul\u00e1\u0159<\/td>\n<td>Krystalick\u00fd pr\u00e1\u0161ek<\/td>\n<\/tr>\n<tr>\n<td>Balen\u00ed<\/td>\n<td>Bezpe\u010dn\u00e9 a diskr\u00e9tn\u00ed balen\u00ed<\/td>\n<\/tr>\n<tr>\n<td>Standardn\u00ed nab\u00eddka<\/td>\n<td><b>5 gram\u016f pro $250<\/b><\/td>\n<\/tr>\n<tr>\n<td>Dostupnost<\/td>\n<td><b>Colombia Kokain na prodej online<\/b><\/td>\n<\/tr>\n<\/tbody>\n<\/table>\n<p>N\u00e1\u0161 t\u00fdm z\u00e1kaznick\u00e9ho servisu je v\u017edy p\u0159ipraven v\u00e1m pomoci a zajistit hladk\u00fd pr\u016fb\u011bh od zad\u00e1n\u00ed dotazu a\u017e po doru\u010den\u00ed. Usnad\u0148ujeme v\u00e1m <b>Bezpe\u010dn\u00fd n\u00e1kup<\/b> po\u017eadovan\u00fdch sm\u011bs\u00ed s jistotou a v\u011bdom\u00edm, \u017ee m\u00e1te z\u00e1zem\u00ed renomovan\u00e9ho dodavatele. Vyzkou\u0161ejte rozd\u00edl chemsfine je\u0161t\u011b dnes pro v\u0161echny va\u0161e n\u00e1ro\u010dn\u00e9 chemick\u00e9 pot\u0159eby.<\/p>\n<h2>Z\u00e1v\u011br<\/h2>\n<p>Pro bezkonkuren\u010dn\u00ed kvalitu a spolehliv\u00fd servis, kdy\u017e pot\u0159ebujete <b>Koupit Colombia Cocaine na prodej<\/b>, chemsfine je va\u0161e kone\u010dn\u00e9 \u0159e\u0161en\u00ed. Specializujeme se na poskytov\u00e1n\u00ed vysoce \u010dist\u00fdch l\u00e1tek pro legitimn\u00ed v\u00fdzkumn\u00e9 a komer\u010dn\u00ed aplikace a zaji\u0161\u0165ujeme, aby ka\u017ed\u00fd produkt spl\u0148oval p\u0159\u00edsn\u00e9 normy kontroly kvality. Na\u0161e bezpe\u010dn\u00e1 online platforma umo\u017e\u0148uje pohodln\u00e9 <b>Order Colombia Cocaine online<\/b>, za kter\u00fdm stoj\u00ed n\u00e1\u0161 z\u00e1vazek ke spokojenosti z\u00e1kazn\u00edk\u016f a diskr\u00e9tn\u00edmu doru\u010den\u00ed. D\u016fv\u011b\u0159ujte spole\u010dnosti chemsfine, \u017ee bude va\u0161\u00edm st\u00e1l\u00fdm a prvot\u0159\u00eddn\u00edm zdrojem.<\/p>","protected":false},"excerpt":{"rendered":"<p>Objevte **kolumbijsk\u00fd kokain** na prodej na chemsfine. Tento produkt **vysok\u00e9 \u010distoty** je k dispozici pro komer\u010dn\u00ed i v\u00fdzkumn\u00e9 \u00fa\u010dely. Nakupujte **Kolumbijsk\u00fd kokain** s jistotou d\u00edky na\u0161\u00ed z\u00e1ruce kvality, kter\u00e1 zaji\u0161\u0165uje **autentick\u00e9** a spolehliv\u00e9 dod\u00e1vky pro va\u0161e specifick\u00e9 pot\u0159eby.<\/p>","protected":false},"featured_media":5867,"comment_status":"open","ping_status":"closed","template":"","meta":{"_joinchat":[]},"product_brand":[],"product_cat":[960],"product_tag":[],"class_list":{"0":"post-5818","1":"product","2":"type-product","3":"status-publish","4":"has-post-thumbnail","6":"product_cat-benzodiazepines","8":"first","9":"instock","10":"shipping-taxable","11":"purchasable","12":"product-type-variable"},"yoast_head":"<!-- This site is optimized with the Yoast SEO plugin v27.2 - https:\/\/yoast.com\/product\/yoast-seo-wordpress\/ -->\n<title>Order Colombia Cocaine Online - Best Quality Available Now<\/title>\n<meta name=\"description\" content=\"Order high-purity Colombia Cocaine online for sale. Get quality product at competitive prices from chemsfine. Secure your purchase with fast, discreet delivery.\" \/>\n<meta name=\"robots\" content=\"index, follow, max-snippet:-1, max-image-preview:large, max-video-preview:-1\" \/>\n<link rel=\"canonical\" href=\"https:\/\/chemsfine.com\/cs\/produkt\/buy-colombia-cocaine\/\" \/>\n<meta property=\"og:locale\" content=\"cs_CZ\" \/>\n<meta property=\"og:type\" content=\"article\" \/>\n<meta property=\"og:title\" content=\"Order Colombia Cocaine Online - Best Quality Available Now\" \/>\n<meta property=\"og:description\" content=\"Order high-purity Colombia Cocaine online for sale. Get quality product at competitive prices from chemsfine. Secure your purchase with fast, discreet delivery.\" \/>\n<meta property=\"og:url\" content=\"https:\/\/chemsfine.com\/cs\/produkt\/buy-colombia-cocaine\/\" \/>\n<meta property=\"og:site_name\" content=\"Chemsfine\" \/>\n<meta property=\"article:modified_time\" content=\"2026-03-25T14:00:02+00:00\" \/>\n<meta property=\"og:image\" content=\"https:\/\/chemsfine.com\/wp-content\/uploads\/2026\/02\/buy-colombia-cocaine-online-1.jpg\" \/>\n\t<meta property=\"og:image:width\" content=\"225\" \/>\n\t<meta property=\"og:image:height\" content=\"225\" \/>\n\t<meta property=\"og:image:type\" content=\"image\/jpeg\" \/>\n<meta name=\"twitter:card\" content=\"summary_large_image\" \/>\n<meta name=\"twitter:label1\" content=\"Odhadovan\u00e1 doba \u010dten\u00ed\" \/>\n\t<meta name=\"twitter:data1\" content=\"5 minut\" \/>\n<script type=\"application\/ld+json\" class=\"yoast-schema-graph\">{\"@context\":\"https:\/\/schema.org\",\"@graph\":[{\"@type\":\"WebPage\",\"@id\":\"https:\/\/chemsfine.com\/product\/buy-colombia-cocaine\/\",\"url\":\"https:\/\/chemsfine.com\/product\/buy-colombia-cocaine\/\",\"name\":\"Order Colombia Cocaine Online - Best Quality Available Now\",\"isPartOf\":{\"@id\":\"https:\/\/chemsfine.com\/#website\"},\"primaryImageOfPage\":{\"@id\":\"https:\/\/chemsfine.com\/product\/buy-colombia-cocaine\/#primaryimage\"},\"image\":{\"@id\":\"https:\/\/chemsfine.com\/product\/buy-colombia-cocaine\/#primaryimage\"},\"thumbnailUrl\":\"https:\/\/chemsfine.com\/wp-content\/uploads\/2026\/02\/buy-colombia-cocaine-online-1.jpg\",\"datePublished\":\"2026-02-12T09:52:15+00:00\",\"dateModified\":\"2026-03-25T14:00:02+00:00\",\"description\":\"Order high-purity Colombia Cocaine online for sale. Get quality product at competitive prices from chemsfine. Secure your purchase with fast, discreet delivery.\",\"breadcrumb\":{\"@id\":\"https:\/\/chemsfine.com\/product\/buy-colombia-cocaine\/#breadcrumb\"},\"inLanguage\":\"cs\",\"potentialAction\":[{\"@type\":\"ReadAction\",\"target\":[\"https:\/\/chemsfine.com\/product\/buy-colombia-cocaine\/\"]}]},{\"@type\":\"ImageObject\",\"inLanguage\":\"cs\",\"@id\":\"https:\/\/chemsfine.com\/product\/buy-colombia-cocaine\/#primaryimage\",\"url\":\"https:\/\/chemsfine.com\/wp-content\/uploads\/2026\/02\/buy-colombia-cocaine-online-1.jpg\",\"contentUrl\":\"https:\/\/chemsfine.com\/wp-content\/uploads\/2026\/02\/buy-colombia-cocaine-online-1.jpg\",\"width\":225,\"height\":225},{\"@type\":\"BreadcrumbList\",\"@id\":\"https:\/\/chemsfine.com\/product\/buy-colombia-cocaine\/#breadcrumb\",\"itemListElement\":[{\"@type\":\"ListItem\",\"position\":1,\"name\":\"Home\",\"item\":\"https:\/\/chemsfine.com\/\"},{\"@type\":\"ListItem\",\"position\":2,\"name\":\"Shop\",\"item\":\"https:\/\/chemsfine.com\/shop\/\"},{\"@type\":\"ListItem\",\"position\":3,\"name\":\"Buy Premium Colombia Cocaine Online &#8211; Quality Product\"}]},{\"@type\":\"WebSite\",\"@id\":\"https:\/\/chemsfine.com\/#website\",\"url\":\"https:\/\/chemsfine.com\/\",\"name\":\"Chemsfine\",\"description\":\"My WordPress Blog\",\"publisher\":{\"@id\":\"https:\/\/chemsfine.com\/#organization\"},\"potentialAction\":[{\"@type\":\"SearchAction\",\"target\":{\"@type\":\"EntryPoint\",\"urlTemplate\":\"https:\/\/chemsfine.com\/?s={search_term_string}\"},\"query-input\":{\"@type\":\"PropertyValueSpecification\",\"valueRequired\":true,\"valueName\":\"search_term_string\"}}],\"inLanguage\":\"cs\"},{\"@type\":\"Organization\",\"@id\":\"https:\/\/chemsfine.com\/#organization\",\"name\":\"Chemsfine\",\"url\":\"https:\/\/chemsfine.com\/\",\"logo\":{\"@type\":\"ImageObject\",\"inLanguage\":\"cs\",\"@id\":\"https:\/\/chemsfine.com\/#\/schema\/logo\/image\/\",\"url\":\"https:\/\/chemsfine.com\/wp-content\/uploads\/2024\/09\/final-logo.png\",\"contentUrl\":\"https:\/\/chemsfine.com\/wp-content\/uploads\/2024\/09\/final-logo.png\",\"width\":340,\"height\":72,\"caption\":\"Chemsfine\"},\"image\":{\"@id\":\"https:\/\/chemsfine.com\/#\/schema\/logo\/image\/\"}}]}<\/script>\n<!-- \/ Yoast SEO plugin. -->","yoast_head_json":{"title":"Order Colombia Cocaine Online - Nejlep\u0161\u00ed kvalita k dispozici nyn\u00ed","description":"Objednejte si kokain vysok\u00e9 \u010distoty online na prodej. Z\u00edskejte kvalitn\u00ed produkt za konkurenceschopn\u00e9 ceny od chemsfine. Zajist\u011bte si n\u00e1kup s rychl\u00fdm a diskr\u00e9tn\u00edm dod\u00e1n\u00edm.","robots":{"index":"index","follow":"follow","max-snippet":"max-snippet:-1","max-image-preview":"max-image-preview:large","max-video-preview":"max-video-preview:-1"},"canonical":"https:\/\/chemsfine.com\/cs\/produkt\/buy-colombia-cocaine\/","og_locale":"cs_CZ","og_type":"article","og_title":"Order Colombia Cocaine Online - Best Quality Available Now","og_description":"Order high-purity Colombia Cocaine online for sale. Get quality product at competitive prices from chemsfine. Secure your purchase with fast, discreet delivery.","og_url":"https:\/\/chemsfine.com\/cs\/produkt\/buy-colombia-cocaine\/","og_site_name":"Chemsfine","article_modified_time":"2026-03-25T14:00:02+00:00","og_image":[{"width":225,"height":225,"url":"https:\/\/chemsfine.com\/wp-content\/uploads\/2026\/02\/buy-colombia-cocaine-online-1.jpg","type":"image\/jpeg"}],"twitter_card":"summary_large_image","twitter_misc":{"Odhadovan\u00e1 doba \u010dten\u00ed":"5 minut"},"schema":{"@context":"https:\/\/schema.org","@graph":[{"@type":"WebPage","@id":"https:\/\/chemsfine.com\/product\/buy-colombia-cocaine\/","url":"https:\/\/chemsfine.com\/product\/buy-colombia-cocaine\/","name":"Order Colombia Cocaine Online - Nejlep\u0161\u00ed kvalita k dispozici nyn\u00ed","isPartOf":{"@id":"https:\/\/chemsfine.com\/#website"},"primaryImageOfPage":{"@id":"https:\/\/chemsfine.com\/product\/buy-colombia-cocaine\/#primaryimage"},"image":{"@id":"https:\/\/chemsfine.com\/product\/buy-colombia-cocaine\/#primaryimage"},"thumbnailUrl":"https:\/\/chemsfine.com\/wp-content\/uploads\/2026\/02\/buy-colombia-cocaine-online-1.jpg","datePublished":"2026-02-12T09:52:15+00:00","dateModified":"2026-03-25T14:00:02+00:00","description":"Objednejte si kokain vysok\u00e9 \u010distoty online na prodej. Z\u00edskejte kvalitn\u00ed produkt za konkurenceschopn\u00e9 ceny od chemsfine. Zajist\u011bte si n\u00e1kup s rychl\u00fdm a diskr\u00e9tn\u00edm dod\u00e1n\u00edm.","breadcrumb":{"@id":"https:\/\/chemsfine.com\/product\/buy-colombia-cocaine\/#breadcrumb"},"inLanguage":"cs","potentialAction":[{"@type":"ReadAction","target":["https:\/\/chemsfine.com\/product\/buy-colombia-cocaine\/"]}]},{"@type":"ImageObject","inLanguage":"cs","@id":"https:\/\/chemsfine.com\/product\/buy-colombia-cocaine\/#primaryimage","url":"https:\/\/chemsfine.com\/wp-content\/uploads\/2026\/02\/buy-colombia-cocaine-online-1.jpg","contentUrl":"https:\/\/chemsfine.com\/wp-content\/uploads\/2026\/02\/buy-colombia-cocaine-online-1.jpg","width":225,"height":225},{"@type":"BreadcrumbList","@id":"https:\/\/chemsfine.com\/product\/buy-colombia-cocaine\/#breadcrumb","itemListElement":[{"@type":"ListItem","position":1,"name":"Home","item":"https:\/\/chemsfine.com\/"},{"@type":"ListItem","position":2,"name":"Shop","item":"https:\/\/chemsfine.com\/shop\/"},{"@type":"ListItem","position":3,"name":"Buy Premium Colombia Cocaine Online &#8211; Quality Product"}]},{"@type":"WebSite","@id":"https:\/\/chemsfine.com\/#website","url":"https:\/\/chemsfine.com\/","name":"Chemsfine","description":"M\u016fj blog WordPress","publisher":{"@id":"https:\/\/chemsfine.com\/#organization"},"potentialAction":[{"@type":"SearchAction","target":{"@type":"EntryPoint","urlTemplate":"https:\/\/chemsfine.com\/?s={search_term_string}"},"query-input":{"@type":"PropertyValueSpecification","valueRequired":true,"valueName":"search_term_string"}}],"inLanguage":"cs"},{"@type":"Organization","@id":"https:\/\/chemsfine.com\/#organization","name":"Chemsfine","url":"https:\/\/chemsfine.com\/","logo":{"@type":"ImageObject","inLanguage":"cs","@id":"https:\/\/chemsfine.com\/#\/schema\/logo\/image\/","url":"https:\/\/chemsfine.com\/wp-content\/uploads\/2024\/09\/final-logo.png","contentUrl":"https:\/\/chemsfine.com\/wp-content\/uploads\/2024\/09\/final-logo.png","width":340,"height":72,"caption":"Chemsfine"},"image":{"@id":"https:\/\/chemsfine.com\/#\/schema\/logo\/image\/"}}]}},"_links":{"self":[{"href":"https:\/\/chemsfine.com\/cs\/wp-json\/wp\/v2\/product\/5818","targetHints":{"allow":["GET"]}}],"collection":[{"href":"https:\/\/chemsfine.com\/cs\/wp-json\/wp\/v2\/product"}],"about":[{"href":"https:\/\/chemsfine.com\/cs\/wp-json\/wp\/v2\/types\/product"}],"replies":[{"embeddable":true,"href":"https:\/\/chemsfine.com\/cs\/wp-json\/wp\/v2\/comments?post=5818"}],"wp:featuredmedia":[{"embeddable":true,"href":"https:\/\/chemsfine.com\/cs\/wp-json\/wp\/v2\/media\/5867"}],"wp:attachment":[{"href":"https:\/\/chemsfine.com\/cs\/wp-json\/wp\/v2\/media?parent=5818"}],"wp:term":[{"taxonomy":"product_brand","embeddable":true,"href":"https:\/\/chemsfine.com\/cs\/wp-json\/wp\/v2\/product_brand?post=5818"},{"taxonomy":"product_cat","embeddable":true,"href":"https:\/\/chemsfine.com\/cs\/wp-json\/wp\/v2\/product_cat?post=5818"},{"taxonomy":"product_tag","embeddable":true,"href":"https:\/\/chemsfine.com\/cs\/wp-json\/wp\/v2\/product_tag?post=5818"}],"curies":[{"name":"wp","href":"https:\/\/api.w.org\/{rel}","templated":true}]}}