{"id":6081,"date":"2026-02-12T09:57:01","date_gmt":"2026-02-12T09:57:01","guid":{"rendered":"https:\/\/chemsfine.com\/?post_type=product&#038;p=6081"},"modified":"2026-03-25T13:47:43","modified_gmt":"2026-03-25T13:47:43","slug":"buy-ferraris-xtc-pills","status":"publish","type":"product","link":"https:\/\/chemsfine.com\/cs\/product\/buy-ferraris-xtc-pills\/","title":{"rendered":"Koupit 10, 200mg Ferraris XTC Pills online - pr\u00e9miov\u00e1 kvalita"},"content":{"rendered":"<p>V\u00edtejte na str\u00e1nk\u00e1ch chemsfine, va\u0161eho d\u016fv\u011bryhodn\u00e9ho zdroje pr\u00e9miov\u00fdch tablet MDMA 10, 200 mg. Tyto velmi \u017e\u00e1dan\u00e9 pilulky, pe\u010dliv\u011b p\u0159ipraven\u00e9 pro ty, kte\u0159\u00ed hledaj\u00ed jedine\u010dn\u00fd z\u00e1\u017eitek, obsahuj\u00ed MDMA, jedine\u010dnou slou\u010deninu proslulou sv\u00fdm dvoj\u00edm \u00fa\u010dinkem, a to jako stimulant i psychedelikum. Tato synergick\u00e1 kombinace je navr\u017eena tak, aby vyvol\u00e1vala energizuj\u00edc\u00ed \u00fa\u010dinek spojen\u00fd s podmaniv\u00fdm zkreslen\u00edm \u010dasu a vn\u00edm\u00e1n\u00ed, co\u017e vede k v\u011bt\u0161\u00edmu po\u017eitku z hmatov\u00fdch z\u00e1\u017eitk\u016f. MDMA, b\u011b\u017en\u011b zn\u00e1m\u00fd pod n\u00e1zvy ext\u00e1ze a Molly, m\u00e1 bohatou historii, poprv\u00e9 byl syntetizov\u00e1n v roce 1912. Na\u0161e tablety MDMA se vyzna\u010duj\u00ed kr\u00e1sn\u00fdm \u010dist\u00fdm lisov\u00e1n\u00edm s vyryt\u00fdm p\u00edsmem a konzistenc\u00ed tvrd\u00e9 jako k\u00e1men, co\u017e sv\u011bd\u010d\u00ed o jejich vynikaj\u00edc\u00ed kvalit\u011b. Ka\u017ed\u00e1 \u0161ar\u017ee je p\u0159\u00edsn\u011b testov\u00e1na \u010dinidly na MDMA, co\u017e zaru\u010duje, \u017ee obdr\u017e\u00edte \u010dist\u00fd a autentick\u00fd produkt, kdy\u017e se rozhodnete koupit pr\u00e9miov\u00e9 pilulky MDMA online. Prozkoumejte celou na\u0161i nab\u00eddku vysoce kvalitn\u00edch produkt\u016f, v\u010detn\u011b <a href=\"https:\/\/chemsfine.com\/cs\/produkt\/bouket-ethanol-33-cannabis-strain\/\">dal\u0161\u00ed specializovan\u00e9 slou\u010deniny<\/a>, a nakupujte s d\u016fv\u011brou.<\/p>\n<h2>Co jsou tablety Ferraris XTC?<\/h2>\n<p>Tyto pr\u00e9miov\u00e9 pilulky MDMA jsou vysoce kvalitn\u00edm produktem obsahuj\u00edc\u00edm MDMA (3,4-methylendioxymetamfetamin), entaktogen zn\u00e1m\u00fd pro sv\u00e9 stimula\u010dn\u00ed a psychedelick\u00e9 vlastnosti. P\u0159i n\u00e1kupu t\u011bchto slou\u010denin z\u00edsk\u00e1v\u00e1te l\u00e1tku, kter\u00e1 vynik\u00e1 sv\u00fdm jedine\u010dn\u00fdm farmakologick\u00fdm profilem. MDMA jako stimulant poskytuje pozoruhodn\u00fd p\u0159\u00edr\u016fstek energie a bd\u011blosti, \u010d\u00edm\u017e p\u0159isp\u00edv\u00e1 k pocitu povzbuzen\u00ed. Sou\u010dasn\u011b jej\u00ed psychedelick\u00e9 \u00fa\u010dinky p\u0159in\u00e1\u0161ej\u00ed fascinuj\u00edc\u00ed zkreslen\u00ed vn\u00edm\u00e1n\u00ed a plynut\u00ed \u010dasu a otev\u00edraj\u00ed cesty ke zm\u011bn\u011bn\u00e9mu zapojen\u00ed smysl\u016f. V\u00fdznamn\u00fdm aspektem pro\u017eitku MDMA je zv\u00fd\u0161en\u00fd po\u017eitek z hmatov\u00fdch vjem\u016f, kter\u00fd podporuje pocity spojen\u00ed a pohody. Tento \u0161pi\u010dkov\u00fd p\u0159\u00edpravek, \u010dasto ozna\u010dovan\u00fd jako ext\u00e1ze nebo Molly, byl p\u016fvodn\u011b syntetizov\u00e1n v roce 1912, co\u017e zna\u010d\u00ed jeho dlouholetou p\u0159\u00edtomnost ve farmakologick\u00e9 historii. Na\u0161\u00edm z\u00e1vazkem ve spole\u010dnosti chemsfine je poskytovat pouze ty <b>Nejkvalitn\u011bj\u0161\u00ed MDMA pilulky k dispozici<\/b>, pe\u010dliv\u011b zpracovan\u00e9 podle nejvy\u0161\u0161\u00edch standard\u016f. Ka\u017ed\u00e1 tableta zt\u011bles\u0148uje kr\u00e1sn\u00fd \u010dist\u00fd lis s v\u00fdrazn\u00fdm vlo\u017een\u00fdm p\u00edsmem a m\u00e1 sk\u00e1lopevnou celistvost. Tato fyzick\u00e1 kvalita je d\u016fkazem precizn\u00ed v\u00fdroby a pe\u010dliv\u00e9ho zach\u00e1zen\u00ed, kter\u00e9 zaji\u0161\u0165uj\u00ed konzistentn\u00ed produkt. Ka\u017ed\u00e1 \u0161ar\u017ee nav\u00edc proch\u00e1z\u00ed komplexn\u00edm testov\u00e1n\u00edm \u010dinidel, kter\u00e9 ov\u011b\u0159uje p\u0159\u00edtomnost a \u010distotu MDMA, co\u017e d\u00e1v\u00e1 na\u0161im z\u00e1kazn\u00edk\u016fm jistotu p\u0159i n\u00e1kupu.<\/p>\n<h2>Pro\u010d koupit Ferraris XTC Pills online na chemsfine?<\/h2>\n<p>Volba chemsfine pro n\u00e1kup t\u011bchto pr\u00e9miov\u00fdch pilulek MDMA znamen\u00e1, \u017ee se rozhodnete pro spolehlivost, transparentnost a vynikaj\u00edc\u00ed integritu produktu. Ch\u00e1peme, \u017ee je d\u016fle\u017eit\u00e9 nakupovat od d\u016fv\u011bryhodn\u00e9ho poskytovatele, zejm\u00e9na kdy\u017e hled\u00e1te <b>koupit MDMA online<\/b>. Na\u0161e nab\u00eddka 10 tablet MDMA 200 mg p\u0159edstavuje vrchol kvality, kter\u00fd je dnes na trhu k dispozici. Zaji\u0161\u0165ujeme, \u017ee na\u0161e produkty jsou nejen p\u0159esn\u011b d\u00e1vkovan\u00e9, ale tak\u00e9 d\u016fsledn\u011b \u010dist\u00e9, co\u017e v\u00e1m nab\u00edz\u00ed klid p\u0159i ka\u017ed\u00e9 objedn\u00e1vce. Na\u0161e pe\u010dliv\u00e9 procesy kontroly kvality jdou nad r\u00e1mec standardn\u00edch kontrol; ka\u017ed\u00e1 pilulka proch\u00e1z\u00ed p\u0159\u00edsn\u00fdm testov\u00e1n\u00edm \u010dinidel na MDMA, kter\u00e9 potvrzuje jej\u00ed chemickou identitu a \u010distotu. Tato snaha o zaji\u0161t\u011bn\u00ed kvality n\u00e1s stav\u00ed do pozice ide\u00e1ln\u00ed destinace pro ty, kte\u0159\u00ed hledaj\u00ed <b>Nejlep\u0161\u00ed kvalita MDMA Pills k dispozici<\/b>. Krom\u011b toho je pro n\u00e1s prioritou bezprobl\u00e9mov\u00fd a bezpe\u010dn\u00fd n\u00e1kup, tak\u017ee va\u0161e transakce je chr\u00e1n\u011bna od za\u010d\u00e1tku a\u017e do konce. N\u00e1\u0161 z\u00e1vazek se vztahuje i na poskytov\u00e1n\u00ed podrobn\u00fdch informac\u00ed o produktech, co\u017e na\u0161im z\u00e1kazn\u00edk\u016fm umo\u017e\u0148uje \u010dinit informovan\u00e1 rozhodnut\u00ed. Kdy\u017e se rozhodnete z\u00edskat vysoce \u010dist\u00fd MDMA, v\u00fdb\u011br chemsfine v\u00e1m zaru\u010d\u00ed p\u0159\u00edstup k autentick\u00fdm produkt\u016fm laboratorn\u00ed kvality, za nimi\u017e stoj\u00ed n\u00e1\u0161 neochv\u011bjn\u00fd z\u00e1vazek ke spokojenosti z\u00e1kazn\u00edk\u016f. Sna\u017e\u00edme se, aby byl proces z\u00edsk\u00e1v\u00e1n\u00ed t\u011bchto l\u00e1tek pro v\u0161echny na\u0161e v\u00e1\u017een\u00e9 klienty co nejjednodu\u0161\u0161\u00ed a nejd\u016fv\u011bryhodn\u011bj\u0161\u00ed. Pro podobn\u00e9 slou\u010deniny s vysokou \u010distotou m\u016f\u017eete tak\u00e9 zv\u00e1\u017eit na\u0161i nab\u00eddku <a href=\"https:\/\/chemsfine.com\/cs\/produkt\/bouket-ethanol-33-cannabis-strain\/\">dal\u0161\u00ed dostupn\u00e9 slou\u010deniny<\/a>.<\/p>\n<h2>Aplikace MDMA<\/h2>\n<p>MDMA, \u00fa\u010dinn\u00e1 l\u00e1tka v t\u011bchto vysoce kvalitn\u00edch pilulk\u00e1ch, je sice zn\u00e1m\u00e1 p\u0159edev\u0161\u00edm pro sv\u00e9 rekrea\u010dn\u00ed vyu\u017eit\u00ed, ale \u00fa\u010dinky popsan\u00e9 v jej\u00edm profilu nazna\u010duj\u00ed \u0159adu mo\u017en\u00fdch \u2018aplikac\u00ed\u2019, kter\u00e9 u\u017eivatel\u00e9 hledaj\u00ed. Je nezbytn\u00e9 p\u0159istupovat k t\u011bmto l\u00e1tk\u00e1m obez\u0159etn\u011b a s v\u011bdom\u00edm m\u00edstn\u00edch p\u0159edpis\u016f. P\u0159i zva\u017eov\u00e1n\u00ed, zda <b>koupit vysoce kvalitn\u00ed MDMA na prodej<\/b>, jedinci \u010dasto vyhled\u00e1vaj\u00ed specifick\u00e9 z\u00e1\u017eitky odpov\u00eddaj\u00edc\u00ed vlastnostem drogy. Mezi tyto aplikace, ch\u00e1pan\u00e9 v kontextu jej\u00edch uv\u00e1d\u011bn\u00fdch \u00fa\u010dink\u016f, pat\u0159\u00ed nap\u0159:<\/p>\n<ul>\n<li>Poskytuje povzbuzuj\u00edc\u00ed \u00fa\u010dinek pro spole\u010densk\u00e9 prost\u0159ed\u00ed.<\/li>\n<li>Usnadn\u011bn\u00ed zkreslen\u00ed vn\u00edm\u00e1n\u00ed \u010dasu pro introspektivn\u00ed nebo z\u00e1\u017eitkov\u00e9 zkoum\u00e1n\u00ed.<\/li>\n<li>Zlep\u0161en\u00ed po\u017eitku z hmatov\u00fdch a smyslov\u00fdch z\u00e1\u017eitk\u016f.<\/li>\n<li>Podpora pocit\u016f empatie a propojen\u00ed v kontrolovan\u00e9m prost\u0159ed\u00ed.<\/li>\n<li>Nab\u00edz\u00ed jedine\u010dnou psychedelickou slo\u017eku pro zm\u011bn\u011bn\u00e9 stavy v\u011bdom\u00ed.<\/li>\n<\/ul>\n<p>Je d\u016fle\u017eit\u00e9 zopakovat, \u017ee k takov\u00fdm aplikac\u00edm je t\u0159eba v\u017edy p\u0159istupovat s p\u0159\u00edsn\u00fdm dodr\u017eov\u00e1n\u00edm bezpe\u010dnostn\u00edch pokyn\u016f a d\u016fkladn\u00fdm porozum\u011bn\u00edm \u00fa\u010dink\u016fm l\u00e1tky a jej\u00edmu pr\u00e1vn\u00edmu statusu. Na\u0161e pr\u00e9miov\u00e9 pilulky MDMA jsou ur\u010deny pro ty, kte\u0159\u00ed hledaj\u00ed tyto specifick\u00e9 \u00fa\u010dinky, dod\u00e1van\u00e9 v trvale vysoce kvalitn\u00edm a testovan\u00e9m form\u00e1tu. Poskytujeme <b>autentick\u00e9 pilulky MDMA<\/b> kter\u00e9 spl\u0148uj\u00ed o\u010dek\u00e1v\u00e1n\u00ed n\u00e1ro\u010dn\u00fdch z\u00e1kazn\u00edk\u016f.<\/p>\n<h2>Ferraris XTC Pills: Specifikace produktu<\/h2>\n<p>Pro ty, kter\u00e9 zaj\u00edmaj\u00ed p\u0159esn\u00e9 \u00fadaje o na\u0161\u00ed nab\u00eddce, jsou tyto pr\u00e9miov\u00e9 pilulky MDMA pe\u010dliv\u011b standardizov\u00e1ny, aby byla zaji\u0161t\u011bna konzistence a kvalita. N\u00ed\u017ee je uveden souhrn kl\u00ed\u010dov\u00fdch specifikac\u00ed produktu:<\/p>\n<table>\n<thead>\n<tr>\n<th>Specifikace<\/th>\n<th>Detail<\/th>\n<\/tr>\n<\/thead>\n<tbody>\n<tr>\n<td>N\u00e1zev produktu<\/td>\n<td>Ferraris XTC Pills<\/td>\n<\/tr>\n<tr>\n<td>Aktivn\u00ed slo\u017eka<\/td>\n<td>MDMA (3,4-methylendioxymetamfetamin)<\/td>\n<\/tr>\n<tr>\n<td>D\u00e1vkov\u00e1n\u00ed na pilulku<\/td>\n<td>200 mg<\/td>\n<\/tr>\n<tr>\n<td>Mno\u017estv\u00ed v balen\u00ed<\/td>\n<td>10 pilulek<\/td>\n<\/tr>\n<tr>\n<td>Vzhled tablet<\/td>\n<td>Kr\u00e1sn\u00fd \u010dist\u00fd tisk, vlo\u017een\u00e9 p\u00edsmo, tvrd\u00fd jako k\u00e1men<\/td>\n<\/tr>\n<tr>\n<td>Zaji\u0161t\u011bn\u00ed kvality<\/td>\n<td>Reagencie testovan\u00e1 na \u010distotu MDMA<\/td>\n<\/tr>\n<\/tbody>\n<\/table>\n<p>Tyto specifikace zd\u016fraz\u0148uj\u00ed n\u00e1\u0161 z\u00e1vazek poskytovat konzistentn\u00ed a spolehliv\u00fd produkt. Ch\u00e1peme, \u017ee p\u0159esn\u00e9 informace jsou z\u00e1sadn\u00ed, kdy\u017e <b>objednat MDMA online<\/b>, a usilujeme o naprostou transparentnost.<\/p>\n<h2>Ferraris XTC Pills: Bezpe\u010dnost a shoda s p\u0159edpisy<\/h2>\n<p>Zodpov\u011bdn\u00e9 zach\u00e1zen\u00ed a u\u017e\u00edv\u00e1n\u00ed je nejd\u016fle\u017eit\u011bj\u0161\u00ed, pokud se jedn\u00e1 o produkty, jako jsou tyto pr\u00e9miov\u00e9 pilulky MDMA. Ve spole\u010dnosti chemsfine klademe d\u016fraz na bezpe\u010dnost a dodr\u017eov\u00e1n\u00ed v\u0161ech platn\u00fdch p\u0159edpis\u016f. MDMA sice nab\u00edz\u00ed specifick\u00e9 \u00fa\u010dinky, ale vy\u017eaduje opatrn\u00fd p\u0159\u00edstup. U\u017eivatel\u00e9 by si m\u011bli b\u00fdt pln\u011b v\u011bdomi jej\u00edho farmakologick\u00e9ho p\u016fsoben\u00ed, mo\u017en\u00fdch interakc\u00ed a individu\u00e1ln\u00ed citlivosti. D\u016frazn\u011b doporu\u010dujeme dodr\u017eovat pokyny pro osobn\u00ed ochrann\u00e9 pom\u016fcky (OOP), pokud se s n\u00ed manipuluje v laboratorn\u00edm prost\u0159ed\u00ed, a vytvo\u0159it kontrolovan\u00e9 prost\u0159ed\u00ed pro jak\u00e9koli zam\u00fd\u0161len\u00e9 pou\u017eit\u00ed. Krom\u011b toho je z\u00e1sadn\u00ed porozum\u011bt region\u00e1ln\u00edm p\u0159edpis\u016fm; pr\u00e1vn\u00ed status MDMA se v\u00fdrazn\u011b li\u0161\u00ed a za zaji\u0161t\u011bn\u00ed souladu s m\u00edstn\u00edmi z\u00e1kony jsou odpov\u011bdn\u00ed v\u00fdhradn\u011b kupuj\u00edc\u00ed. A\u010dkoli konkr\u00e9tn\u00ed bezpe\u010dnostn\u00ed listy (SDS) a certifik\u00e1ty anal\u00fdzy (CoA) pro jednotliv\u00e9 \u0161ar\u017ee mohou b\u00fdt poskytnuty na vy\u017e\u00e1d\u00e1n\u00ed, uji\u0161\u0165ujeme v\u00e1s, \u017ee na\u0161e intern\u00ed procesy na\u0159izuj\u00ed p\u0159\u00edsn\u00e9 testov\u00e1n\u00ed. Chcete-li z\u00edskat informace o dal\u0161\u00edch kontrolovan\u00fdch l\u00e1tk\u00e1ch, m\u016f\u017eete tak\u00e9 prozkoumat na\u0161i nab\u00eddku, nap\u0159. <a href=\"https:\/\/chemsfine.com\/cs\/produkt\/cisty-heroin\/\">\u010dist\u00fd heroin pro v\u00fdzkum<\/a>, v\u017edy p\u0159i p\u0159\u00edsn\u00e9m dodr\u017eov\u00e1n\u00ed pr\u00e1vn\u00edch r\u00e1mc\u016f.<\/p>\n<h2>Pro\u010d si vybrat chemsfine pro v\u00e1\u0161 n\u00e1kup Ferraris XTC Pills?<\/h2>\n<p>Kdy\u017e se rozhodnete <b>Objednejte si tyto pr\u00e9miov\u00e9 pilulky MDMA online<\/b>, nejde jen o transakci, ale o vztah zalo\u017een\u00fd na d\u016fv\u011b\u0159e a kvalit\u011b. chemsfine vynik\u00e1 jako p\u0159edn\u00ed poskytovatel d\u00edky na\u0161emu neochv\u011bjn\u00e9mu z\u00e1vazku nab\u00edzet transparentn\u00ed informace o na\u0161ich produktech. Jsme hrd\u00ed na ov\u011b\u0159iteln\u00e9 z\u00e1znamy o \u0161ar\u017e\u00edch, kter\u00e9 zaji\u0161\u0165uj\u00ed, \u017ee ka\u017ed\u00e1 pr\u00e9miov\u00e1 tableta MDMA, kterou obdr\u017e\u00edte, pro\u0161la p\u0159\u00edsnou kontrolou kvality, v\u010detn\u011b testov\u00e1n\u00ed \u010dinidel na \u010distotu a koncentraci MDMA. Tento pe\u010dliv\u00fd p\u0159\u00edstup zaru\u010duje v\u017edy autentick\u00fd a spolehliv\u00fd produkt. Krom\u011b kvality nab\u00edz\u00edme tak\u00e9 konkurenceschopn\u00e9 ceny, tak\u017ee <b>vysoce \u010dist\u00fd MDMA<\/b> p\u0159\u00edstupn\u00e9, ani\u017e by byla ohro\u017eena integrita. N\u00e1\u0161 zabezpe\u010den\u00fd n\u00e1kupn\u00ed proces chr\u00e1n\u00ed va\u0161e soukrom\u00ed a finan\u010dn\u00ed informace a poskytuje hladk\u00fd a jist\u00fd n\u00e1kup. Na\u0161\u00edm c\u00edlem je dod\u00e1vat nejen produkt, ale i p\u0159\u00edslib kvality, \u010distoty a spokojenosti z\u00e1kazn\u00edk\u016f, \u010d\u00edm\u017e se chemsfine st\u00e1v\u00e1 va\u0161\u00edm preferovan\u00fdm zdrojem vysoce kvalitn\u00edch l\u00e1tek.<\/p>\n<h2>Z\u00e1v\u011br: Zajist\u011bte si sv\u00e9 pr\u00e9miov\u00e9 pilulky MDMA je\u0161t\u011b dnes<\/h2>\n<p>Souhrnn\u011b lze \u0159\u00edci, \u017ee 10 pr\u00e9miov\u00fdch tablet MDMA 200 mg od spole\u010dnosti chemsfine p\u0159edstavuje vynikaj\u00edc\u00ed volbu pro ty, kte\u0159\u00ed hledaj\u00ed vysoce kvalitn\u00ed produkt MDMA. D\u00edky sv\u00fdm v\u00fdrazn\u00fdm stimula\u010dn\u00edm a psychedelick\u00fdm vlastnostem, kter\u00e9 jsou zn\u00e1m\u00e9 t\u00edm, \u017ee p\u0159in\u00e1\u0161ej\u00ed energizuj\u00edc\u00ed \u00fa\u010dinky, zm\u011bn\u011bn\u00e9 vn\u00edm\u00e1n\u00ed a zv\u00fd\u0161en\u00fd hmatov\u00fd po\u017eitek, jsou tyto pilulky vyrobeny s ohledem na konzistenci a \u010distotu. Ka\u017ed\u00e1 pilulka se py\u0161n\u00ed kr\u00e1sn\u00fdm \u010dist\u00fdm lisov\u00e1n\u00edm a je p\u0159\u00edsn\u011b testov\u00e1na na p\u0159\u00edtomnost MDMA, co\u017e potvrzuje jej\u00ed pravost a \u00fa\u010dinnost. Zveme v\u00e1s, abyste si vyzkou\u0161eli spolehlivost a slu\u017eby, kter\u00e9 chemsfine odli\u0161uj\u00ed. Nenechte si uj\u00edt p\u0159\u00edle\u017eitost <b>koupit tyto pr\u00e9miov\u00e9 pilulky MDMA je\u0161t\u011b dnes<\/b> z d\u016fv\u011bryhodn\u00e9ho zdroje, kter\u00fd up\u0159ednost\u0148uje kvalitu, bezpe\u010dnost a spokojenost z\u00e1kazn\u00edk\u016f. Prozkoumejte na\u0161i nab\u00eddku a prove\u010fte bezpe\u010dn\u00fd n\u00e1kup s jistotou, \u017ee obdr\u017e\u00edte \u0161pi\u010dkov\u00fd produkt.<\/p>","protected":false},"excerpt":{"rendered":"<p>Prozkoumejte pr\u00e9miov\u00e9 pilulky Ferraris XTC, siln\u00fd stimulant a psychedelikum, kter\u00e9 p\u0159in\u00e1\u0161ej\u00ed lep\u0161\u00ed z\u00e1\u017eitky. Tyto 200mg tablety MDMA jsou testov\u00e1ny na \u010distotu \u010dinidlem. Kupte si vysoce kvalitn\u00ed Ferraris XTC na chemsfine pro povzbuzuj\u00edc\u00ed \u00fa\u010dinek, k dispozici k bezpe\u010dn\u00e9mu n\u00e1kupu.<\/p>","protected":false},"featured_media":6103,"comment_status":"open","ping_status":"closed","template":"","meta":{"_joinchat":[]},"product_brand":[],"product_cat":[973],"product_tag":[],"class_list":{"0":"post-6081","1":"product","2":"type-product","3":"status-publish","4":"has-post-thumbnail","6":"product_cat-pills","8":"first","9":"instock","10":"shipping-taxable","11":"purchasable","12":"product-type-variable"},"yoast_head":"<!-- This site is optimized with the Yoast SEO plugin v27.2 - https:\/\/yoast.com\/product\/yoast-seo-wordpress\/ -->\n<title>Buy Ferraris XTC Pills Online | Best Price &amp; Available<\/title>\n<meta name=\"description\" content=\"Discover premium Ferraris XTC Pills. Buy MDMA online for an energizing and psychedelic experience. Quality-tested and available now.\" \/>\n<meta name=\"robots\" content=\"index, follow, max-snippet:-1, max-image-preview:large, max-video-preview:-1\" \/>\n<link rel=\"canonical\" href=\"https:\/\/chemsfine.com\/cs\/produkt\/buy-ferraris-xtc-pills\/\" \/>\n<meta property=\"og:locale\" content=\"cs_CZ\" \/>\n<meta property=\"og:type\" content=\"article\" \/>\n<meta property=\"og:title\" content=\"Buy Ferraris XTC Pills Online | Best Price &amp; Available\" \/>\n<meta property=\"og:description\" content=\"Discover premium Ferraris XTC Pills. Buy MDMA online for an energizing and psychedelic experience. Quality-tested and available now.\" \/>\n<meta property=\"og:url\" content=\"https:\/\/chemsfine.com\/cs\/produkt\/buy-ferraris-xtc-pills\/\" \/>\n<meta property=\"og:site_name\" content=\"Chemsfine\" \/>\n<meta property=\"article:modified_time\" content=\"2026-03-25T13:47:43+00:00\" \/>\n<meta property=\"og:image\" content=\"https:\/\/chemsfine.com\/wp-content\/uploads\/2026\/02\/10-200mg-ferraris-xtc-pills-1.png\" \/>\n\t<meta property=\"og:image:width\" content=\"447\" \/>\n\t<meta property=\"og:image:height\" content=\"465\" \/>\n\t<meta property=\"og:image:type\" content=\"image\/png\" \/>\n<meta name=\"twitter:card\" content=\"summary_large_image\" \/>\n<meta name=\"twitter:label1\" content=\"Odhadovan\u00e1 doba \u010dten\u00ed\" \/>\n\t<meta name=\"twitter:data1\" content=\"6 minut\" \/>\n<script type=\"application\/ld+json\" class=\"yoast-schema-graph\">{\"@context\":\"https:\/\/schema.org\",\"@graph\":[{\"@type\":\"WebPage\",\"@id\":\"https:\/\/chemsfine.com\/product\/buy-ferraris-xtc-pills\/\",\"url\":\"https:\/\/chemsfine.com\/product\/buy-ferraris-xtc-pills\/\",\"name\":\"Buy Ferraris XTC Pills Online | Best Price &amp; Available\",\"isPartOf\":{\"@id\":\"https:\/\/chemsfine.com\/#website\"},\"primaryImageOfPage\":{\"@id\":\"https:\/\/chemsfine.com\/product\/buy-ferraris-xtc-pills\/#primaryimage\"},\"image\":{\"@id\":\"https:\/\/chemsfine.com\/product\/buy-ferraris-xtc-pills\/#primaryimage\"},\"thumbnailUrl\":\"https:\/\/chemsfine.com\/wp-content\/uploads\/2026\/02\/10-200mg-ferraris-xtc-pills-1.png\",\"datePublished\":\"2026-02-12T09:57:01+00:00\",\"dateModified\":\"2026-03-25T13:47:43+00:00\",\"description\":\"Discover premium Ferraris XTC Pills. Buy MDMA online for an energizing and psychedelic experience. Quality-tested and available now.\",\"breadcrumb\":{\"@id\":\"https:\/\/chemsfine.com\/product\/buy-ferraris-xtc-pills\/#breadcrumb\"},\"inLanguage\":\"cs\",\"potentialAction\":[{\"@type\":\"ReadAction\",\"target\":[\"https:\/\/chemsfine.com\/product\/buy-ferraris-xtc-pills\/\"]}]},{\"@type\":\"ImageObject\",\"inLanguage\":\"cs\",\"@id\":\"https:\/\/chemsfine.com\/product\/buy-ferraris-xtc-pills\/#primaryimage\",\"url\":\"https:\/\/chemsfine.com\/wp-content\/uploads\/2026\/02\/10-200mg-ferraris-xtc-pills-1.png\",\"contentUrl\":\"https:\/\/chemsfine.com\/wp-content\/uploads\/2026\/02\/10-200mg-ferraris-xtc-pills-1.png\",\"width\":447,\"height\":465},{\"@type\":\"BreadcrumbList\",\"@id\":\"https:\/\/chemsfine.com\/product\/buy-ferraris-xtc-pills\/#breadcrumb\",\"itemListElement\":[{\"@type\":\"ListItem\",\"position\":1,\"name\":\"Home\",\"item\":\"https:\/\/chemsfine.com\/\"},{\"@type\":\"ListItem\",\"position\":2,\"name\":\"Shop\",\"item\":\"https:\/\/chemsfine.com\/shop\/\"},{\"@type\":\"ListItem\",\"position\":3,\"name\":\"Buy 10, 200mg Ferraris XTC Pills Online \u2013 Premium Quality\"}]},{\"@type\":\"WebSite\",\"@id\":\"https:\/\/chemsfine.com\/#website\",\"url\":\"https:\/\/chemsfine.com\/\",\"name\":\"Chemsfine\",\"description\":\"My WordPress Blog\",\"publisher\":{\"@id\":\"https:\/\/chemsfine.com\/#organization\"},\"potentialAction\":[{\"@type\":\"SearchAction\",\"target\":{\"@type\":\"EntryPoint\",\"urlTemplate\":\"https:\/\/chemsfine.com\/?s={search_term_string}\"},\"query-input\":{\"@type\":\"PropertyValueSpecification\",\"valueRequired\":true,\"valueName\":\"search_term_string\"}}],\"inLanguage\":\"cs\"},{\"@type\":\"Organization\",\"@id\":\"https:\/\/chemsfine.com\/#organization\",\"name\":\"Chemsfine\",\"url\":\"https:\/\/chemsfine.com\/\",\"logo\":{\"@type\":\"ImageObject\",\"inLanguage\":\"cs\",\"@id\":\"https:\/\/chemsfine.com\/#\/schema\/logo\/image\/\",\"url\":\"https:\/\/chemsfine.com\/wp-content\/uploads\/2024\/09\/final-logo.png\",\"contentUrl\":\"https:\/\/chemsfine.com\/wp-content\/uploads\/2024\/09\/final-logo.png\",\"width\":340,\"height\":72,\"caption\":\"Chemsfine\"},\"image\":{\"@id\":\"https:\/\/chemsfine.com\/#\/schema\/logo\/image\/\"}}]}<\/script>\n<!-- \/ Yoast SEO plugin. -->","yoast_head_json":{"title":"Koupit Ferraris XTC Pills online | Nejlep\u0161\u00ed cena &amp; Dostupn\u00e9","description":"Objevte pr\u00e9miov\u00e9 pilulky Ferraris XTC. Kupte si MDMA online pro energizuj\u00edc\u00ed a psychedelick\u00fd z\u00e1\u017eitek. Kvalita testov\u00e1na a k dispozici nyn\u00ed.","robots":{"index":"index","follow":"follow","max-snippet":"max-snippet:-1","max-image-preview":"max-image-preview:large","max-video-preview":"max-video-preview:-1"},"canonical":"https:\/\/chemsfine.com\/cs\/produkt\/buy-ferraris-xtc-pills\/","og_locale":"cs_CZ","og_type":"article","og_title":"Buy Ferraris XTC Pills Online | Best Price &amp; Available","og_description":"Discover premium Ferraris XTC Pills. Buy MDMA online for an energizing and psychedelic experience. Quality-tested and available now.","og_url":"https:\/\/chemsfine.com\/cs\/produkt\/buy-ferraris-xtc-pills\/","og_site_name":"Chemsfine","article_modified_time":"2026-03-25T13:47:43+00:00","og_image":[{"width":447,"height":465,"url":"https:\/\/chemsfine.com\/wp-content\/uploads\/2026\/02\/10-200mg-ferraris-xtc-pills-1.png","type":"image\/png"}],"twitter_card":"summary_large_image","twitter_misc":{"Odhadovan\u00e1 doba \u010dten\u00ed":"6 minut"},"schema":{"@context":"https:\/\/schema.org","@graph":[{"@type":"WebPage","@id":"https:\/\/chemsfine.com\/product\/buy-ferraris-xtc-pills\/","url":"https:\/\/chemsfine.com\/product\/buy-ferraris-xtc-pills\/","name":"Koupit Ferraris XTC Pills online | Nejlep\u0161\u00ed cena &amp; Dostupn\u00e9","isPartOf":{"@id":"https:\/\/chemsfine.com\/#website"},"primaryImageOfPage":{"@id":"https:\/\/chemsfine.com\/product\/buy-ferraris-xtc-pills\/#primaryimage"},"image":{"@id":"https:\/\/chemsfine.com\/product\/buy-ferraris-xtc-pills\/#primaryimage"},"thumbnailUrl":"https:\/\/chemsfine.com\/wp-content\/uploads\/2026\/02\/10-200mg-ferraris-xtc-pills-1.png","datePublished":"2026-02-12T09:57:01+00:00","dateModified":"2026-03-25T13:47:43+00:00","description":"Objevte pr\u00e9miov\u00e9 pilulky Ferraris XTC. Kupte si MDMA online pro energizuj\u00edc\u00ed a psychedelick\u00fd z\u00e1\u017eitek. Kvalita testov\u00e1na a k dispozici nyn\u00ed.","breadcrumb":{"@id":"https:\/\/chemsfine.com\/product\/buy-ferraris-xtc-pills\/#breadcrumb"},"inLanguage":"cs","potentialAction":[{"@type":"ReadAction","target":["https:\/\/chemsfine.com\/product\/buy-ferraris-xtc-pills\/"]}]},{"@type":"ImageObject","inLanguage":"cs","@id":"https:\/\/chemsfine.com\/product\/buy-ferraris-xtc-pills\/#primaryimage","url":"https:\/\/chemsfine.com\/wp-content\/uploads\/2026\/02\/10-200mg-ferraris-xtc-pills-1.png","contentUrl":"https:\/\/chemsfine.com\/wp-content\/uploads\/2026\/02\/10-200mg-ferraris-xtc-pills-1.png","width":447,"height":465},{"@type":"BreadcrumbList","@id":"https:\/\/chemsfine.com\/product\/buy-ferraris-xtc-pills\/#breadcrumb","itemListElement":[{"@type":"ListItem","position":1,"name":"Home","item":"https:\/\/chemsfine.com\/"},{"@type":"ListItem","position":2,"name":"Shop","item":"https:\/\/chemsfine.com\/shop\/"},{"@type":"ListItem","position":3,"name":"Buy 10, 200mg Ferraris XTC Pills Online \u2013 Premium Quality"}]},{"@type":"WebSite","@id":"https:\/\/chemsfine.com\/#website","url":"https:\/\/chemsfine.com\/","name":"Chemsfine","description":"M\u016fj blog WordPress","publisher":{"@id":"https:\/\/chemsfine.com\/#organization"},"potentialAction":[{"@type":"SearchAction","target":{"@type":"EntryPoint","urlTemplate":"https:\/\/chemsfine.com\/?s={search_term_string}"},"query-input":{"@type":"PropertyValueSpecification","valueRequired":true,"valueName":"search_term_string"}}],"inLanguage":"cs"},{"@type":"Organization","@id":"https:\/\/chemsfine.com\/#organization","name":"Chemsfine","url":"https:\/\/chemsfine.com\/","logo":{"@type":"ImageObject","inLanguage":"cs","@id":"https:\/\/chemsfine.com\/#\/schema\/logo\/image\/","url":"https:\/\/chemsfine.com\/wp-content\/uploads\/2024\/09\/final-logo.png","contentUrl":"https:\/\/chemsfine.com\/wp-content\/uploads\/2024\/09\/final-logo.png","width":340,"height":72,"caption":"Chemsfine"},"image":{"@id":"https:\/\/chemsfine.com\/#\/schema\/logo\/image\/"}}]}},"_links":{"self":[{"href":"https:\/\/chemsfine.com\/cs\/wp-json\/wp\/v2\/product\/6081","targetHints":{"allow":["GET"]}}],"collection":[{"href":"https:\/\/chemsfine.com\/cs\/wp-json\/wp\/v2\/product"}],"about":[{"href":"https:\/\/chemsfine.com\/cs\/wp-json\/wp\/v2\/types\/product"}],"replies":[{"embeddable":true,"href":"https:\/\/chemsfine.com\/cs\/wp-json\/wp\/v2\/comments?post=6081"}],"wp:featuredmedia":[{"embeddable":true,"href":"https:\/\/chemsfine.com\/cs\/wp-json\/wp\/v2\/media\/6103"}],"wp:attachment":[{"href":"https:\/\/chemsfine.com\/cs\/wp-json\/wp\/v2\/media?parent=6081"}],"wp:term":[{"taxonomy":"product_brand","embeddable":true,"href":"https:\/\/chemsfine.com\/cs\/wp-json\/wp\/v2\/product_brand?post=6081"},{"taxonomy":"product_cat","embeddable":true,"href":"https:\/\/chemsfine.com\/cs\/wp-json\/wp\/v2\/product_cat?post=6081"},{"taxonomy":"product_tag","embeddable":true,"href":"https:\/\/chemsfine.com\/cs\/wp-json\/wp\/v2\/product_tag?post=6081"}],"curies":[{"name":"wp","href":"https:\/\/api.w.org\/{rel}","templated":true}]}}