{"id":6082,"date":"2026-02-12T09:57:01","date_gmt":"2026-02-12T09:57:01","guid":{"rendered":"https:\/\/chemsfine.com\/?post_type=product&#038;p=6082"},"modified":"2026-03-25T13:47:35","modified_gmt":"2026-03-25T13:47:35","slug":"buy-nintendo-xtc-pills","status":"publish","type":"product","link":"https:\/\/chemsfine.com\/cs\/product\/buy-nintendo-xtc-pills\/","title":{"rendered":"Nintendo XTC Pills 200mg MDMA | Koupit vysokou \u010distotu online"},"content":{"rendered":"<p>Kdy\u017e hled\u00e1te <b>Koupit MDMA pilulky na prodej<\/b>, nehledejte nic jin\u00e9ho ne\u017e chemsfine. Tyto vyhled\u00e1van\u00e9 <b>Nintendo XTC<\/b> pilulky nab\u00edzej\u00ed specifick\u00fd z\u00e1\u017eitek, kter\u00fd je p\u0159\u00edsn\u011b testov\u00e1n, aby byla zaji\u0161t\u011bna kvalita. N\u00e1\u0161 v\u00fdrobek, kter\u00fd obsahuje 150 <b>Nintendo XTC<\/b> obsahuje ov\u011b\u0159en\u00fdch 200 mg MDMA v jedn\u00e9 tablet\u011b. MDMA v t\u011bchto tvrd\u011b lisovan\u00fdch tablet\u00e1ch je testov\u00e1n na p\u016fsobivou \u010distotu 88%, co\u017e zaru\u010duje vysoce kvalitn\u00ed l\u00e1tku. Laboratorn\u00ed anal\u00fdzy potvrzuj\u00ed nep\u0159\u00edtomnost jak\u00fdchkoli dal\u0161\u00edch l\u00e1tek, co\u017e zaji\u0161\u0165uje klid na du\u0161i. Jsme odhodl\u00e1ni nab\u00edzet <b>Autentick\u00e9 Nintendo XTC<\/b>, dod\u00e1van\u00e9 s transparentnost\u00ed, d\u00edky \u010demu\u017e je chemsfine ide\u00e1ln\u00ed pro z\u00edsk\u00e1n\u00ed po\u017eadovan\u00e9ho produktu.<\/p>\n<h2>Co jsou tablety Nintendo XTC?<\/h2>\n<p>Tyto v\u00fdrazn\u00e9 <b>Nintendo XTC<\/b> pilulky se vyzna\u010duj\u00ed jedine\u010dn\u00fdm designem a siln\u00fdm slo\u017een\u00edm. Ka\u017ed\u00e1 tableta m\u00e1 tvar tuby, na jedn\u00e9 stran\u011b je vyra\u017eeno ikonick\u00e9 logo Nintenda a na druh\u00e9 stran\u011b je pohodln\u00e1 l\u00e1mac\u00ed \u010d\u00e1ra. Vizu\u00e1ln\u011b n\u00e1padn\u00e9 tablety jsou vyvedeny v z\u00e1\u0159iv\u00fdch jasn\u011b modr\u00fdch nebo \u010derven\u00fdch barv\u00e1ch, d\u00edky \u010demu\u017e jsou snadno identifikovateln\u00e9. Jsou vyrobeny tak, aby byly o n\u011bco men\u0161\u00ed ve srovn\u00e1n\u00ed s v\u011bt\u0161inou ostatn\u00edch tablet XTC, co\u017e je jejich charakteristick\u00fd rys. Kdy\u017e se rozhodnete <b>Koupit Nintendo XTC online<\/b> od spole\u010dnosti chemsfine si vyb\u00edr\u00e1te v\u00fdrobek zn\u00e1m\u00fd sv\u00fdm robustn\u00edm a pevn\u011b lisovan\u00fdm slo\u017een\u00edm, kter\u00e9 zaji\u0161\u0165uje trvanlivost a st\u00e1lost.<\/p>\n<h2>Porozum\u011bn\u00ed MDMA: \u00fa\u010dinky a historick\u00e9 souvislosti<\/h2>\n<p>MDMA, obecn\u011b zn\u00e1m\u00fd jako molly, m\u00e1 fascinuj\u00edc\u00ed historii. P\u016fvodn\u011b ji syntetizovala n\u011bmeck\u00e1 firma Merck, pozd\u011bji jej\u00ed vlastnosti znovuobjevil a zpopularizoval Alexander Shulgin. MDMA si d\u00edky sv\u00fdm charakteristick\u00fdm \u00fa\u010dink\u016fm z\u00edskal zna\u010dnou popularitu v 80. letech 20. stolet\u00ed jako p\u00e1rty droga. Jej\u00ed chemick\u00fd mechanismus zahrnuje zv\u00fd\u0161en\u00ed aktivity dopaminu, noradrenalinu a serotoninu. Tato kombinovan\u00e1 aktivita b\u011b\u017en\u011b vyza\u0159uje \u2018efekt l\u00e1sky\u2019, kter\u00fd p\u0159isp\u00edv\u00e1 k pocit\u016fm empatie a euforie. P\u0159ed\u00e1vkov\u00e1n\u00ed MDMA je sice mo\u017en\u00e9, ale je pom\u011brn\u011b vz\u00e1cn\u00e9, co\u017e podtrhuje zodpov\u011bdn\u00e9 u\u017e\u00edv\u00e1n\u00ed. L\u00e1tka s sebou nese tak\u00e9 m\u00edrn\u00fd potenci\u00e1l vzniku z\u00e1vislosti. Toto komplexn\u00ed ch\u00e1p\u00e1n\u00ed zd\u016fraz\u0148uje, pro\u010d mnoz\u00ed vyhled\u00e1vaj\u00ed <b>MDMA vysok\u00e9 \u010distoty<\/b> produkty z renomovan\u00fdch zdroj\u016f, jako je chemsfine.<\/p>\n<h2>Pro\u010d nakupovat vysoce \u010dist\u00fd MDMA od chemsfine?<\/h2>\n<p>Ve spole\u010dnosti chemsfine si uv\u011bdomujeme, \u017ee kvalita, spolehlivost a d\u016fv\u011bra z\u00e1kazn\u00edk\u016f jsou velmi d\u016fle\u017eit\u00e9, kdy\u017e se rozhodnete pro <b>Koupit MDMA pilulky online<\/b>. N\u00e1\u0161 z\u00e1vazek k dokonalosti se odr\u00e1\u017e\u00ed v ka\u017ed\u00e9 \u0161ar\u017ei na\u0161ich v\u00fdrobk\u016f. <b>Nintendo XTC<\/b> nab\u00eddka. Ka\u017ed\u00e1 tableta je pe\u010dliv\u011b laboratorn\u011b testov\u00e1na, co\u017e ov\u011b\u0159uje jej\u00ed obsah 200 mg MDMA a pozoruhodnou \u010distotu 88%. Zaru\u010dujeme, \u017ee na\u0161e produkty nejsou kontaminov\u00e1ny \u017e\u00e1dn\u00fdmi neuveden\u00fdmi l\u00e1tkami, co\u017e zaru\u010duje \u010dist\u00fd z\u00e1\u017eitek. V\u00fdb\u011br <b>Objednat MDMA pilulky online<\/b> prost\u0159ednictv\u00edm spole\u010dnosti chemsfine znamen\u00e1, \u017ee se rozhodnete pro transparentnost, podrobn\u00e9 informace o produktu a bezpe\u010dn\u00fd n\u00e1kupn\u00ed proces. Sna\u017e\u00edme se nab\u00edzet <b>Nejlep\u0161\u00ed dostupn\u00e9 pilulky MDMA<\/b>, podporovan\u00e9 na\u0161\u00ed p\u0159\u00edsnou kontrolou kvality. Prozkoumejte dal\u0161\u00ed kvalitn\u00ed nab\u00eddky, jako nap\u0159. <a href=\"https:\/\/chemsfine.com\/cs\/produkt\/jack-herer-sativa-strain-buy-online\/\">Jack Herer Sativa Strain<\/a> nebo <a href=\"https:\/\/chemsfine.com\/cs\/produkt\/koupit-ur-144-online\/\">UR-144<\/a> k dispozici na na\u0161\u00ed platform\u011b.<\/p>\n<h2>Specifikace produktu: Nintendo XTC 200mg MDMA Pills<\/h2>\n<p>Podrobn\u00e9 informace o slo\u017een\u00ed a vlastnostech na\u0161ich <b>Nintendo XTC MDMA pilulky<\/b>, viz n\u00ed\u017ee uveden\u00e1 tabulka. Ta poskytuje jasn\u00fd p\u0159ehled o kvalit\u011b, kterou m\u016f\u017eete o\u010dek\u00e1vat, kdy\u017e se rozhodnete pro <b>Koupit nyn\u00ed online<\/b>.<\/p>\n<table>\n<thead>\n<tr>\n<th>Funkce<\/th>\n<th>Specifikace<\/th>\n<\/tr>\n<\/thead>\n<tbody>\n<tr>\n<td>Po\u010det pilulek<\/td>\n<td>150 tablet<\/td>\n<\/tr>\n<tr>\n<td>Obsah MDMA v jedn\u00e9 tablet\u011b<\/td>\n<td>200 mg<\/td>\n<\/tr>\n<tr>\n<td>\u010cistota MDMA<\/td>\n<td>88%<\/td>\n<\/tr>\n<tr>\n<td>Zji\u0161t\u011bn\u00e9 p\u0159\u00edm\u011bsi<\/td>\n<td>\u017d\u00e1dn\u00e9<\/td>\n<\/tr>\n<tr>\n<td>Tvar pilulky<\/td>\n<td>Tubular<\/td>\n<\/tr>\n<tr>\n<td>Ozna\u010den\u00ed<\/td>\n<td>Logo Nintendo (jedna strana), Break line (druh\u00e1 strana)<\/td>\n<\/tr>\n<tr>\n<td>Dostupn\u00e9 barvy<\/td>\n<td>Jasn\u011b modr\u00e1 nebo \u010derven\u00e1<\/td>\n<\/tr>\n<tr>\n<td>Velikost pilulky<\/td>\n<td>O n\u011bco men\u0161\u00ed ne\u017e pr\u016fm\u011brn\u00e9 pilulky XTC<\/td>\n<\/tr>\n<tr>\n<td>Stisknut\u00ed<\/td>\n<td>T\u011b\u017ece stla\u010den\u00e9<\/td>\n<\/tr>\n<\/tbody>\n<\/table>\n<h2>Bezpe\u010dnostn\u00ed aspekty a zodpov\u011bdn\u00e9 u\u017e\u00edv\u00e1n\u00ed MDMA<\/h2>\n<p>Pro zodpov\u011bdn\u00e9 u\u017e\u00edv\u00e1n\u00ed jak\u00e9koli l\u00e1tky je z\u00e1sadn\u00ed porozum\u011bt jej\u00ed povaze. A\u010dkoli je MDMA obecn\u011b spojov\u00e1na se specifick\u00fdm \u2018efektem l\u00e1sky\u2019 a v ur\u010dit\u00fdch spole\u010densk\u00fdch prost\u0159ed\u00edch je obl\u00edben\u00e1, je d\u016fle\u017eit\u00e9 si uv\u011bdomit, \u017ee se jedn\u00e1 o psychoaktivn\u00ed l\u00e1tku. Jak bylo uvedeno, ovliv\u0148uje dopamin, noradrenalin a serotonin. U\u017eivatel\u00e9 by si m\u011bli uv\u011bdomit, \u017ee a\u010dkoli je p\u0159ed\u00e1vkov\u00e1n\u00ed pova\u017eov\u00e1no za vz\u00e1cn\u00e9, st\u00e1le je mo\u017en\u00e9. MDMA s sebou nav\u00edc nese m\u00edrn\u00fd potenci\u00e1l vzniku z\u00e1vislosti. Ve spole\u010dnosti chemsfine se zasazujeme o informovan\u00e1 rozhodnut\u00ed t\u00fdkaj\u00edc\u00ed se u\u017e\u00edv\u00e1n\u00ed produktu. Komplexn\u00ed informace o jak\u00e9koli l\u00e1tce v\u017edy vyhledejte v p\u0159\u00edslu\u0161n\u00fdch zdroj\u00edch. Poskytujeme produkty pro ty, kte\u0159\u00ed hledaj\u00ed <b>Nejvy\u0161\u0161\u00ed kvalita MDMA<\/b>, p\u0159i\u010dem\u017e zd\u016fraz\u0148uje, \u017ee je d\u016fle\u017eit\u00e9 pln\u011b porozum\u011bt jeho vlastnostem.<\/p>\n<h2>Zajist\u011bte si n\u00e1kup pr\u00e9miov\u00fdch produkt\u016f MDMA<\/h2>\n<p>Kdy\u017e si vyberete spole\u010dnost chemsfine, vyb\u00edr\u00e1te si partnera, kter\u00fd se sna\u017e\u00ed zajistit bezprobl\u00e9mov\u00e9 a bezpe\u010dn\u00e9 transakce. Na\u0161e platforma zaji\u0161\u0165uje <b>Bezpe\u010dn\u00fd n\u00e1kup<\/b>, \u010d\u00edm\u017e chr\u00e1n\u00ed va\u0161e soukrom\u00ed a spokojenost. Nab\u00edz\u00edme konkurenceschopn\u00e9 ceny za na\u0161e vysoce kvalitn\u00ed v\u00fdrobky, d\u00edky nim\u017e je prvot\u0159\u00eddn\u00ed kvalita dostupn\u00e1. N\u00e1\u0161 z\u00e1vazek k transparentn\u00edm \u00fadaj\u016fm, ov\u011b\u0159en\u00fdm z\u00e1znam\u016fm o \u0161ar\u017e\u00edch a efektivn\u00edmu servisu n\u00e1s stav\u00ed do pozice p\u0159edn\u00ed volby pro z\u00e1kazn\u00edky po cel\u00e9m sv\u011bt\u011b. Prozkoumejte na\u0161i rozmanitou nab\u00eddku vysoce kvalitn\u00edch v\u00fdrobk\u016f, v\u010detn\u011b nap\u0159. <a href=\"https:\/\/chemsfine.com\/cs\/produkt\/jack-herer-sativa-strain-buy-online\/\">pr\u00e9miov\u00e9 kmeny Sativa<\/a> a r\u016fzn\u00e9 v\u00fdzkumn\u00e9 chemik\u00e1lie. Z\u00edsk\u00e1n\u00ed prvot\u0159\u00eddn\u00edch produkt\u016f MDMA je u n\u00e1s jednoduch\u00e9 a poskytujeme diskr\u00e9tn\u00ed a profesion\u00e1ln\u00ed slu\u017eby na ka\u017ed\u00e9m kroku.<\/p>\n<h2>Z\u00e1v\u011br: V\u00e1\u0161 zdroj pro kvalitn\u00ed MDMA pilulky<\/h2>\n<p>Souhrnn\u011b lze \u0159\u00edci, \u017ee pro osoby, kter\u00e9 hledaj\u00ed vysoce kvalitn\u00ed a ov\u011b\u0159en\u00e9 <b>pilulky MDMA<\/b>, chemsfine je spolehliv\u00fdm a d\u016fv\u011bryhodn\u00fdm zdrojem. Na\u0161e balen\u00ed po 150 tablet\u00e1ch, z nich\u017e ka\u017ed\u00e9 obsahuje 200 mg \u010dist\u00e9ho MDMA 88%, jsou laboratorn\u011b testov\u00e1na, aby se zajistilo, \u017ee neobsahuj\u00ed \u017e\u00e1dn\u00e9 pad\u011blky. Poskytujeme profesion\u00e1ln\u00ed platformu, kde si m\u016f\u017eete bez obav koupit kvalitn\u00ed produkty MDMA, podporovan\u00e9 na\u0161\u00edm odhodl\u00e1n\u00edm k integrit\u011b produkt\u016f a spokojenosti z\u00e1kazn\u00edk\u016f. Vyzkou\u0161ejte rozd\u00edl, kter\u00fd p\u0159in\u00e1\u0161\u00ed \u010distota a transparentnost, kdy\u017e si pro sv\u016fj n\u00e1kup vyberete chemsfine.<\/p>","protected":false},"excerpt":{"rendered":"<p>Objevte <b>Nintendo XTC<\/b> pilulky, kter\u00e9 nab\u00edzej\u00ed 200 mg \u010dist\u00e9ho MDMA 88% v jedn\u00e9 pilulce. Laboratorn\u011b testov\u00e1no a bez p\u0159\u00edm\u011bs\u00ed. Zakupte bezpe\u010dn\u011b na <b>chemsfine<\/b> pro spolehliv\u00e9 a vysoce \u010dist\u00e9 <b>pilulky MDMA<\/b>.<\/p>","protected":false},"featured_media":6104,"comment_status":"open","ping_status":"closed","template":"","meta":{"_joinchat":[]},"product_brand":[],"product_cat":[946,431],"product_tag":[],"class_list":{"0":"post-6082","1":"product","2":"type-product","3":"status-publish","4":"has-post-thumbnail","6":"product_cat-pain-sleeping-sex-pills","7":"product_cat-uncategorized","9":"first","10":"instock","11":"shipping-taxable","12":"purchasable","13":"product-type-variable"},"yoast_head":"<!-- This site is optimized with the Yoast SEO plugin v27.2 - https:\/\/yoast.com\/product\/yoast-seo-wordpress\/ -->\n<title>Buy MDMA Pills Online | Nintendo XTC 200mg | Best Price<\/title>\n<meta name=\"description\" content=\"Discover high-purity Nintendo XTC 200mg MDMA pills. Lab-tested at 88% purity. Buy online securely at chemsfine for a reliable purchase.\" \/>\n<meta name=\"robots\" content=\"index, follow, max-snippet:-1, max-image-preview:large, max-video-preview:-1\" \/>\n<link rel=\"canonical\" href=\"https:\/\/chemsfine.com\/cs\/produkt\/buy-nintendo-xtc-pills\/\" \/>\n<meta property=\"og:locale\" content=\"cs_CZ\" \/>\n<meta property=\"og:type\" content=\"article\" \/>\n<meta property=\"og:title\" content=\"Buy MDMA Pills Online | Nintendo XTC 200mg | Best Price\" \/>\n<meta property=\"og:description\" content=\"Discover high-purity Nintendo XTC 200mg MDMA pills. Lab-tested at 88% purity. Buy online securely at chemsfine for a reliable purchase.\" \/>\n<meta property=\"og:url\" content=\"https:\/\/chemsfine.com\/cs\/produkt\/buy-nintendo-xtc-pills\/\" \/>\n<meta property=\"og:site_name\" content=\"Chemsfine\" \/>\n<meta property=\"article:modified_time\" content=\"2026-03-25T13:47:35+00:00\" \/>\n<meta property=\"og:image\" content=\"https:\/\/chemsfine.com\/wp-content\/uploads\/2026\/02\/150-pills-nintendo-xtc-200mg-1.png\" \/>\n\t<meta property=\"og:image:width\" content=\"425\" \/>\n\t<meta property=\"og:image:height\" content=\"548\" \/>\n\t<meta property=\"og:image:type\" content=\"image\/png\" \/>\n<meta name=\"twitter:card\" content=\"summary_large_image\" \/>\n<meta name=\"twitter:label1\" content=\"Odhadovan\u00e1 doba \u010dten\u00ed\" \/>\n\t<meta name=\"twitter:data1\" content=\"4 minuty\" \/>\n<script type=\"application\/ld+json\" class=\"yoast-schema-graph\">{\"@context\":\"https:\/\/schema.org\",\"@graph\":[{\"@type\":\"WebPage\",\"@id\":\"https:\/\/chemsfine.com\/product\/buy-nintendo-xtc-pills\/\",\"url\":\"https:\/\/chemsfine.com\/product\/buy-nintendo-xtc-pills\/\",\"name\":\"Buy MDMA Pills Online | Nintendo XTC 200mg | Best Price\",\"isPartOf\":{\"@id\":\"https:\/\/chemsfine.com\/#website\"},\"primaryImageOfPage\":{\"@id\":\"https:\/\/chemsfine.com\/product\/buy-nintendo-xtc-pills\/#primaryimage\"},\"image\":{\"@id\":\"https:\/\/chemsfine.com\/product\/buy-nintendo-xtc-pills\/#primaryimage\"},\"thumbnailUrl\":\"https:\/\/chemsfine.com\/wp-content\/uploads\/2026\/02\/150-pills-nintendo-xtc-200mg-1.png\",\"datePublished\":\"2026-02-12T09:57:01+00:00\",\"dateModified\":\"2026-03-25T13:47:35+00:00\",\"description\":\"Discover high-purity Nintendo XTC 200mg MDMA pills. Lab-tested at 88% purity. Buy online securely at chemsfine for a reliable purchase.\",\"breadcrumb\":{\"@id\":\"https:\/\/chemsfine.com\/product\/buy-nintendo-xtc-pills\/#breadcrumb\"},\"inLanguage\":\"cs\",\"potentialAction\":[{\"@type\":\"ReadAction\",\"target\":[\"https:\/\/chemsfine.com\/product\/buy-nintendo-xtc-pills\/\"]}]},{\"@type\":\"ImageObject\",\"inLanguage\":\"cs\",\"@id\":\"https:\/\/chemsfine.com\/product\/buy-nintendo-xtc-pills\/#primaryimage\",\"url\":\"https:\/\/chemsfine.com\/wp-content\/uploads\/2026\/02\/150-pills-nintendo-xtc-200mg-1.png\",\"contentUrl\":\"https:\/\/chemsfine.com\/wp-content\/uploads\/2026\/02\/150-pills-nintendo-xtc-200mg-1.png\",\"width\":425,\"height\":548},{\"@type\":\"BreadcrumbList\",\"@id\":\"https:\/\/chemsfine.com\/product\/buy-nintendo-xtc-pills\/#breadcrumb\",\"itemListElement\":[{\"@type\":\"ListItem\",\"position\":1,\"name\":\"Home\",\"item\":\"https:\/\/chemsfine.com\/\"},{\"@type\":\"ListItem\",\"position\":2,\"name\":\"Shop\",\"item\":\"https:\/\/chemsfine.com\/shop\/\"},{\"@type\":\"ListItem\",\"position\":3,\"name\":\"Nintendo XTC Pills 200mg MDMA | Buy High Purity Online\"}]},{\"@type\":\"WebSite\",\"@id\":\"https:\/\/chemsfine.com\/#website\",\"url\":\"https:\/\/chemsfine.com\/\",\"name\":\"Chemsfine\",\"description\":\"My WordPress Blog\",\"publisher\":{\"@id\":\"https:\/\/chemsfine.com\/#organization\"},\"potentialAction\":[{\"@type\":\"SearchAction\",\"target\":{\"@type\":\"EntryPoint\",\"urlTemplate\":\"https:\/\/chemsfine.com\/?s={search_term_string}\"},\"query-input\":{\"@type\":\"PropertyValueSpecification\",\"valueRequired\":true,\"valueName\":\"search_term_string\"}}],\"inLanguage\":\"cs\"},{\"@type\":\"Organization\",\"@id\":\"https:\/\/chemsfine.com\/#organization\",\"name\":\"Chemsfine\",\"url\":\"https:\/\/chemsfine.com\/\",\"logo\":{\"@type\":\"ImageObject\",\"inLanguage\":\"cs\",\"@id\":\"https:\/\/chemsfine.com\/#\/schema\/logo\/image\/\",\"url\":\"https:\/\/chemsfine.com\/wp-content\/uploads\/2024\/09\/final-logo.png\",\"contentUrl\":\"https:\/\/chemsfine.com\/wp-content\/uploads\/2024\/09\/final-logo.png\",\"width\":340,\"height\":72,\"caption\":\"Chemsfine\"},\"image\":{\"@id\":\"https:\/\/chemsfine.com\/#\/schema\/logo\/image\/\"}}]}<\/script>\n<!-- \/ Yoast SEO plugin. -->","yoast_head_json":{"title":"Koupit MDMA pilulky online | Nintendo XTC 200mg | Nejlep\u0161\u00ed cena","description":"Objevte vysoce \u010dist\u00e9 pilulky Nintendo XTC 200 mg MDMA. Laboratorn\u011b testov\u00e1no na \u010distotu 88%. Nakupujte bezpe\u010dn\u011b online na chemsfine pro spolehliv\u00fd n\u00e1kup.","robots":{"index":"index","follow":"follow","max-snippet":"max-snippet:-1","max-image-preview":"max-image-preview:large","max-video-preview":"max-video-preview:-1"},"canonical":"https:\/\/chemsfine.com\/cs\/produkt\/buy-nintendo-xtc-pills\/","og_locale":"cs_CZ","og_type":"article","og_title":"Buy MDMA Pills Online | Nintendo XTC 200mg | Best Price","og_description":"Discover high-purity Nintendo XTC 200mg MDMA pills. Lab-tested at 88% purity. Buy online securely at chemsfine for a reliable purchase.","og_url":"https:\/\/chemsfine.com\/cs\/produkt\/buy-nintendo-xtc-pills\/","og_site_name":"Chemsfine","article_modified_time":"2026-03-25T13:47:35+00:00","og_image":[{"width":425,"height":548,"url":"https:\/\/chemsfine.com\/wp-content\/uploads\/2026\/02\/150-pills-nintendo-xtc-200mg-1.png","type":"image\/png"}],"twitter_card":"summary_large_image","twitter_misc":{"Odhadovan\u00e1 doba \u010dten\u00ed":"4 minuty"},"schema":{"@context":"https:\/\/schema.org","@graph":[{"@type":"WebPage","@id":"https:\/\/chemsfine.com\/product\/buy-nintendo-xtc-pills\/","url":"https:\/\/chemsfine.com\/product\/buy-nintendo-xtc-pills\/","name":"Koupit MDMA pilulky online | Nintendo XTC 200mg | Nejlep\u0161\u00ed cena","isPartOf":{"@id":"https:\/\/chemsfine.com\/#website"},"primaryImageOfPage":{"@id":"https:\/\/chemsfine.com\/product\/buy-nintendo-xtc-pills\/#primaryimage"},"image":{"@id":"https:\/\/chemsfine.com\/product\/buy-nintendo-xtc-pills\/#primaryimage"},"thumbnailUrl":"https:\/\/chemsfine.com\/wp-content\/uploads\/2026\/02\/150-pills-nintendo-xtc-200mg-1.png","datePublished":"2026-02-12T09:57:01+00:00","dateModified":"2026-03-25T13:47:35+00:00","description":"Objevte vysoce \u010dist\u00e9 pilulky Nintendo XTC 200 mg MDMA. Laboratorn\u011b testov\u00e1no na \u010distotu 88%. Nakupujte bezpe\u010dn\u011b online na chemsfine pro spolehliv\u00fd n\u00e1kup.","breadcrumb":{"@id":"https:\/\/chemsfine.com\/product\/buy-nintendo-xtc-pills\/#breadcrumb"},"inLanguage":"cs","potentialAction":[{"@type":"ReadAction","target":["https:\/\/chemsfine.com\/product\/buy-nintendo-xtc-pills\/"]}]},{"@type":"ImageObject","inLanguage":"cs","@id":"https:\/\/chemsfine.com\/product\/buy-nintendo-xtc-pills\/#primaryimage","url":"https:\/\/chemsfine.com\/wp-content\/uploads\/2026\/02\/150-pills-nintendo-xtc-200mg-1.png","contentUrl":"https:\/\/chemsfine.com\/wp-content\/uploads\/2026\/02\/150-pills-nintendo-xtc-200mg-1.png","width":425,"height":548},{"@type":"BreadcrumbList","@id":"https:\/\/chemsfine.com\/product\/buy-nintendo-xtc-pills\/#breadcrumb","itemListElement":[{"@type":"ListItem","position":1,"name":"Home","item":"https:\/\/chemsfine.com\/"},{"@type":"ListItem","position":2,"name":"Shop","item":"https:\/\/chemsfine.com\/shop\/"},{"@type":"ListItem","position":3,"name":"Nintendo XTC Pills 200mg MDMA | Buy High Purity Online"}]},{"@type":"WebSite","@id":"https:\/\/chemsfine.com\/#website","url":"https:\/\/chemsfine.com\/","name":"Chemsfine","description":"M\u016fj blog WordPress","publisher":{"@id":"https:\/\/chemsfine.com\/#organization"},"potentialAction":[{"@type":"SearchAction","target":{"@type":"EntryPoint","urlTemplate":"https:\/\/chemsfine.com\/?s={search_term_string}"},"query-input":{"@type":"PropertyValueSpecification","valueRequired":true,"valueName":"search_term_string"}}],"inLanguage":"cs"},{"@type":"Organization","@id":"https:\/\/chemsfine.com\/#organization","name":"Chemsfine","url":"https:\/\/chemsfine.com\/","logo":{"@type":"ImageObject","inLanguage":"cs","@id":"https:\/\/chemsfine.com\/#\/schema\/logo\/image\/","url":"https:\/\/chemsfine.com\/wp-content\/uploads\/2024\/09\/final-logo.png","contentUrl":"https:\/\/chemsfine.com\/wp-content\/uploads\/2024\/09\/final-logo.png","width":340,"height":72,"caption":"Chemsfine"},"image":{"@id":"https:\/\/chemsfine.com\/#\/schema\/logo\/image\/"}}]}},"_links":{"self":[{"href":"https:\/\/chemsfine.com\/cs\/wp-json\/wp\/v2\/product\/6082","targetHints":{"allow":["GET"]}}],"collection":[{"href":"https:\/\/chemsfine.com\/cs\/wp-json\/wp\/v2\/product"}],"about":[{"href":"https:\/\/chemsfine.com\/cs\/wp-json\/wp\/v2\/types\/product"}],"replies":[{"embeddable":true,"href":"https:\/\/chemsfine.com\/cs\/wp-json\/wp\/v2\/comments?post=6082"}],"wp:featuredmedia":[{"embeddable":true,"href":"https:\/\/chemsfine.com\/cs\/wp-json\/wp\/v2\/media\/6104"}],"wp:attachment":[{"href":"https:\/\/chemsfine.com\/cs\/wp-json\/wp\/v2\/media?parent=6082"}],"wp:term":[{"taxonomy":"product_brand","embeddable":true,"href":"https:\/\/chemsfine.com\/cs\/wp-json\/wp\/v2\/product_brand?post=6082"},{"taxonomy":"product_cat","embeddable":true,"href":"https:\/\/chemsfine.com\/cs\/wp-json\/wp\/v2\/product_cat?post=6082"},{"taxonomy":"product_tag","embeddable":true,"href":"https:\/\/chemsfine.com\/cs\/wp-json\/wp\/v2\/product_tag?post=6082"}],"curies":[{"name":"wp","href":"https:\/\/api.w.org\/{rel}","templated":true}]}}