{"id":6316,"date":"2026-02-12T10:02:27","date_gmt":"2026-02-12T10:02:27","guid":{"rendered":"https:\/\/chemsfine.com\/?post_type=product&#038;p=6316"},"modified":"2026-03-25T13:14:38","modified_gmt":"2026-03-25T13:14:38","slug":"buy-psilocybe-mexicana-truffles","status":"publish","type":"product","link":"https:\/\/chemsfine.com\/cs\/product\/buy-psilocybe-mexicana-truffles\/","title":{"rendered":"Psilocybe Mexicana Truffles - Pr\u00e9miov\u00e1 kvalita k dost\u00e1n\u00ed online"},"content":{"rendered":"<p>Vydejte se na jemnou, ale hlubokou cestu s <b>Mexick\u00e9 lan\u00fd\u017ee<\/b>, velmi vyhled\u00e1van\u00fd p\u0159\u00edrodn\u00ed produkt, kter\u00fd je nyn\u00ed k dispozici k prodeji u spole\u010dnosti Chemsfine. Tyto lan\u00fd\u017ee pr\u00e9miov\u00e9 kvality, proslul\u00e9 sv\u00fdmi vyv\u00e1\u017een\u00fdmi \u00fa\u010dinky, nab\u00edzej\u00ed z\u00e1\u017eitek, kter\u00fd je povzn\u00e1\u0161ej\u00edc\u00ed i introspektivn\u00ed, a jsou tak ide\u00e1ln\u00ed volbou pro ty, kte\u0159\u00ed objevuj\u00ed sv\u011bt psychedelik poprv\u00e9 nebo hledaj\u00ed m\u00edrn\u011bj\u0161\u00ed z\u00e1\u017eitek. Kdy\u017e <b>koupit Psilocybe Mexicana lan\u00fd\u017ee online<\/b> od spole\u010dnosti Chemsfine, vyb\u00edr\u00e1te si spolehliv\u00fd zdroj autentick\u00fdch, p\u0159\u00edrodn\u011b p\u011bstovan\u00fdch produkt\u016f.<\/p>\n<p>Ve spole\u010dnosti Chemsfine si uv\u011bdomujeme d\u016fle\u017eitost kvality a odpov\u011bdn\u00e9ho z\u00edsk\u00e1v\u00e1n\u00ed zdroj\u016f. Na\u0161e pr\u00e9miov\u00e9 lan\u00fd\u017ee jsou pe\u010dliv\u011b p\u011bstov\u00e1ny, aby byla zaji\u0161t\u011bna jejich \u010distota a s\u00edla, co\u017e v\u00e1m zajist\u00ed konzistentn\u00ed a p\u0159\u00edjemn\u00fd z\u00e1\u017eitek. A\u0165 u\u017e jde o osobn\u00ed zkoum\u00e1n\u00ed, kreativn\u00ed vylep\u0161en\u00ed nebo sd\u00edlen\u00e9 chv\u00edle s p\u0159\u00e1teli, tyto p\u0159\u00edrodn\u00ed produkty jsou vynikaj\u00edc\u00ed volbou. Objevte jedine\u010dn\u00e9 kouzlo tohoto druhu a pozvedn\u011bte sv\u00e9 vn\u00edm\u00e1n\u00ed d\u00edky t\u00e9to mimo\u0159\u00e1dn\u00e9 p\u0159\u00edrodn\u00ed nab\u00eddce.<\/p>\n<h2>Co jsou mexick\u00e9 lan\u00fd\u017ee?<\/h2>\n<p>Houba zn\u00e1m\u00e1 jako <b>Psilocybe Mexicana<\/b> je druh psychedelick\u00e9 houby, vysoce cen\u011bn\u00fd pro sv\u016fj obsah psilocybinu a historick\u00e9 vyu\u017eit\u00ed v duchovn\u00edm a l\u00e9\u010debn\u00e9m kontextu. Tyto lan\u00fd\u017ee (zn\u00e1m\u00e9 tak\u00e9 jako sklerocia), p\u016fvodn\u011b poch\u00e1zej\u00edc\u00ed z Mexika, jsou hust\u00e9 masy mycelia, kter\u00e9 rostou pod zem\u00ed a funguj\u00ed jako p\u0159irozen\u00e1 z\u00e1sob\u00e1rna potravy pro houbu. Jsou proslul\u00e9 t\u00edm, \u017ee ve srovn\u00e1n\u00ed s n\u011bkter\u00fdmi jin\u00fdmi kmeny poskytuj\u00ed m\u00edrn\u011bj\u0161\u00ed a l\u00e9pe zvl\u00e1dnuteln\u00fd psychedelick\u00fd z\u00e1\u017eitek, co\u017e z nich \u010din\u00ed ide\u00e1ln\u00ed v\u00fdchoz\u00ed bod pro mnoho jedinc\u016f. Kdy\u017e se sna\u017e\u00edte <b>koupit kvalitn\u00ed lan\u00fd\u017ee<\/b>, investujete do tradice p\u0159\u00edrodn\u00edho pr\u016fzkumu.<\/p>\n<p>Na\u0161e <b>Lan\u00fd\u017ee Mexicana nejvy\u0161\u0161\u00ed kvality<\/b> v Chemsfine jsou pe\u010dliv\u011b p\u0159ipravov\u00e1ny a baleny tak, aby byla zachov\u00e1na jejich p\u0159irozen\u00e1 integrita. Jsou p\u0159\u00edrodn\u00edm produktem \u201cv\u00fdzkumn\u00e9 kvality\u201d pro z\u00e1jemce o zkoum\u00e1n\u00ed kognitivn\u00edch a percep\u010dn\u00edch stav\u016f. Vrozen\u00e9 vlastnosti tohoto druhu p\u0159isp\u00edvaj\u00ed k jeho jedine\u010dn\u00e9mu profilu, kter\u00fd je zvl\u00e1\u0161t\u011b obl\u00edben\u00fd pro \u0161etrn\u00e9 uveden\u00ed do psychedelick\u00e9 sf\u00e9ry. Tyto lan\u00fd\u017ee nejsou pouh\u00fdm produktem; p\u0159edstavuj\u00ed p\u0159\u00edle\u017eitost k osobn\u00edmu objevov\u00e1n\u00ed a lep\u0161\u00edmu zapojen\u00ed smysl\u016f.<\/p>\n<h2>Pro\u010d koupit Psilocybe Mexicana online na Chemsfine?<\/h2>\n<p>Volba Chemsfine pro v\u00e1\u0161 <b>Psilocybe Mexicana<\/b> znamen\u00e1 volbu bezkonkuren\u010dn\u00ed kvality a spokojenosti z\u00e1kazn\u00edk\u016f. Jsme hrd\u00ed na to, \u017ee nab\u00edz\u00edme <b>Nejlep\u0161\u00ed Mexicana k dispozici<\/b>, co\u017e zaru\u010duje, \u017ee ka\u017ed\u00fd v\u00fdrobek spl\u0148uje p\u0159\u00edsn\u00e9 normy \u010derstvosti a \u00fa\u010dinnosti. Na\u0161e online platforma poskytuje diskr\u00e9tn\u00ed a bezpe\u010dn\u00e9 nakupov\u00e1n\u00ed a umo\u017e\u0148uje v\u00e1m bez obav nakupovat p\u0159\u00edrodn\u00ed produkty, kter\u00e9 hled\u00e1te.<\/p>\n<p>Zavazujeme se k transparentnosti a spolehlivosti. Ka\u017ed\u00e1 \u0161ar\u017ee na\u0161ich prvot\u0159\u00eddn\u00edch lan\u00fd\u017e\u016f proch\u00e1z\u00ed d\u016fkladnou kontrolou, kter\u00e1 zaru\u010duje, \u017ee dostanete p\u0159esn\u011b to, co o\u010dek\u00e1v\u00e1te. D\u00edky na\u0161emu zjednodu\u0161en\u00e9mu procesu online objedn\u00e1v\u00e1n\u00ed je snadn\u00e9 <b>objednat kvalitn\u00ed lan\u00fd\u017ee online<\/b>, s efektivn\u00edmi slu\u017ebami, kter\u00e9 respektuj\u00ed va\u0161e soukrom\u00ed. Vyzkou\u0161ejte rozd\u00edl Chemsfine - sm\u011bs prvot\u0159\u00eddn\u00edch produkt\u016f, konkurenceschopn\u00fdch cen a specializovan\u00e9 z\u00e1kaznick\u00e9 podpory.<\/p>\n<h2>\u00da\u010dinky a pou\u017eit\u00ed mexick\u00fdch lan\u00fd\u017e\u016f<\/h2>\n<p>Na str\u00e1nk\u00e1ch <b>Mexick\u00e9 lan\u00fd\u017ee<\/b> jsou vysoce cen\u011bny pro sv\u00e9 v\u00fdrazn\u00e9 psychoaktivn\u00ed vlastnosti. Jak bylo uvedeno:<\/p>\n<ul>\n<li><b>S\u00edla:<\/b> N\u00edzk\u00e1\/st\u0159edn\u00ed, ide\u00e1ln\u00ed pro p\u0159\u00e1tele<\/li>\n<li><b>\u00da\u010dinek:<\/b> Lehk\u00fd euforick\u00fd pocit, radostn\u00e9 srdce a zost\u0159en\u00e9 vn\u00edm\u00e1n\u00ed.<\/li>\n<\/ul>\n<p>D\u00edky t\u00e9to rovnov\u00e1ze mezi silou a \u00fa\u010dinkem jsou vynikaj\u00edc\u00ed pro spole\u010densk\u00e9 prost\u0159ed\u00ed nebo individu\u00e1ln\u00ed introspektivn\u00ed sezen\u00ed, kde je \u017e\u00e1douc\u00ed jasnost a jemn\u00e9 povzbuzen\u00ed. U\u017eivatel\u00e9 \u010dasto uv\u00e1d\u011bj\u00ed zv\u00fd\u0161enou kreativitu, hlub\u0161\u00ed porozum\u011bn\u00ed p\u0159\u00edrod\u011b a hlubok\u00fd osobn\u00ed vhled. Zbyst\u0159en\u00e9 vn\u00edm\u00e1n\u00ed m\u016f\u017ee v\u00e9st k bohat\u0161\u00edmu zapojen\u00ed do um\u011bn\u00ed, hudby a \u017eivotn\u00edho prost\u0159ed\u00ed. Tyto p\u0159\u00edrodn\u00ed lan\u00fd\u017ee se dokonale hod\u00ed i pro mikrod\u00e1vkovac\u00ed protokoly, proto\u017ee nab\u00edzej\u00ed jemn\u00e9 zlep\u0161en\u00ed n\u00e1lady a kognitivn\u00ed p\u0159\u00ednosy bez ohromuj\u00edc\u00ed psychedelick\u00e9 cesty. Jsou ide\u00e1ln\u00ed pro ty, kte\u0159\u00ed hledaj\u00ed jemn\u00fd vstup do zm\u011bn\u011bn\u00fdch stav\u016f v\u011bdom\u00ed.<\/p>\n<h2>Podrobnosti o kvalit\u011b a obsahu<\/h2>\n<p>Ve spole\u010dnosti Chemsfine db\u00e1me na to, aby ka\u017ed\u00fd n\u00e1kup <b>pr\u00e9miov\u00e9 kouzeln\u00e9 lan\u00fd\u017ee<\/b> p\u0159in\u00e1\u0161\u00ed kvalitu a konzistenci. Na\u0161e obaly jsou navr\u017eeny tak, aby zachovaly optim\u00e1ln\u00ed \u010derstvost a \u00fa\u010dinnost od na\u0161eho z\u00e1vodu a\u017e k va\u0161im dve\u0159\u00edm. Zde je uvedeno, co m\u016f\u017eete o\u010dek\u00e1vat p\u0159i ka\u017ed\u00e9 objedn\u00e1vce:<\/p>\n<p><b>Obsah:<\/b> 1 vakuov\u011b uzav\u0159en\u00fd s\u00e1\u010dek obsahuj\u00edc\u00ed 15 gram\u016f lan\u00fd\u017e\u016f<\/p>\n<p>Toto pe\u010dliv\u00e9 balen\u00ed zaji\u0161\u0165uje trvanlivost a \u00fa\u010dinnost lan\u00fd\u017e\u016f a uchov\u00e1v\u00e1 jejich p\u0159\u00edrodn\u00ed slo\u017eky, dokud si je nebudete moci vychutnat. Zam\u011b\u0159ujeme se na dod\u00e1v\u00e1n\u00ed prvot\u0159\u00eddn\u00edho produktu a zaji\u0161\u0165ujeme, aby byla v ka\u017ed\u00e9m kroku zachov\u00e1na integrita p\u0159\u00edrodn\u00edch lan\u00fd\u017e\u016f. N\u00e1\u0161 z\u00e1vazek poskytovat autentick\u00e9 a \u00fa\u010dinn\u00e9 psychedelick\u00e9 lan\u00fd\u017ee je neochv\u011bjn\u00fd a upev\u0148uje na\u0161i pozici p\u0159edn\u00edho zdroje vysoce kvalitn\u00edch p\u0159\u00edrodn\u00edch produkt\u016f.<\/p>\n<table border=\"1\">\n<caption>Mexicana Truffle Shrnut\u00ed produktu<\/caption>\n<thead>\n<tr>\n<th>Atribut<\/th>\n<th>Popis<\/th>\n<\/tr>\n<\/thead>\n<tbody>\n<tr>\n<td>N\u00e1zev produktu<\/td>\n<td>Lan\u00fd\u017ee Psilocybe Mexicana<\/td>\n<\/tr>\n<tr>\n<td>Profil s\u00edly<\/td>\n<td>N\u00edzk\u00e1 a\u017e st\u0159edn\u00ed<\/td>\n<\/tr>\n<tr>\n<td>Prim\u00e1rn\u00ed \u00fa\u010dinky<\/td>\n<td>Lehk\u00e1 euforie, radostn\u00e9 srdce, zost\u0159en\u00e9 vn\u00edm\u00e1n\u00ed<\/td>\n<\/tr>\n<tr>\n<td>Balen\u00ed<\/td>\n<td>1 vakuov\u011b uzav\u0159en\u00fd s\u00e1\u010dek<\/td>\n<\/tr>\n<tr>\n<td>\u010cist\u00fd obsah<\/td>\n<td>15 gram\u016f \u010derstv\u00fdch lan\u00fd\u017e\u016f<\/td>\n<\/tr>\n<tr>\n<td>Doporu\u010den\u00e9 pou\u017eit\u00ed<\/td>\n<td>Ide\u00e1ln\u00ed pro sd\u00edlen\u00e9 z\u00e1\u017eitky a osobn\u00ed zkoum\u00e1n\u00ed<\/td>\n<\/tr>\n<tr>\n<td>Stupe\u0148 kvality<\/td>\n<td>Pr\u00e9miov\u00fd p\u0159\u00edrodn\u00ed produkt v\u00fdzkumn\u00e9 kvality<\/td>\n<\/tr>\n<\/tbody>\n<\/table>\n<h2>Bezpe\u010dnost a zodpov\u011bdn\u00e9 pou\u017e\u00edv\u00e1n\u00ed lan\u00fd\u017e\u016f<\/h2>\n<p>Zat\u00edmco <b>Mexick\u00e9 lan\u00fd\u017ee<\/b> nab\u00edzet obohacuj\u00edc\u00ed z\u00e1\u017eitky, je nejd\u016fle\u017eit\u011bj\u0161\u00ed zodpov\u011bdn\u00e9 pou\u017e\u00edv\u00e1n\u00ed. Doporu\u010dujeme v\u0161em z\u00e1kazn\u00edk\u016fm, aby k t\u011bmto p\u0159\u00edrodn\u00edm produkt\u016fm p\u0159istupovali s respektem a opatrnost\u00ed. Je nezbytn\u00e9 zn\u00e1t m\u00edstn\u00ed p\u0159edpisy t\u00fdkaj\u00edc\u00ed se dr\u017een\u00ed a konzumace psychedelick\u00fdch l\u00e1tek. V\u017edy za\u010dn\u011bte s n\u00edzkou d\u00e1vkou, abyste posoudili svou citlivost, zejm\u00e9na pokud s psychedeliky za\u010d\u00edn\u00e1te.<\/p>\n<p>P\u0159ed konzumac\u00ed zva\u017ete sv\u00e9 nastaven\u00ed (my\u0161len\u00ed) a prost\u0159ed\u00ed (prost\u0159ed\u00ed). Pohodln\u00e9, bezpe\u010dn\u00e9 a pozitivn\u00ed prost\u0159ed\u00ed je kl\u00ed\u010dem k prosp\u011b\u0161n\u00e9mu z\u00e1\u017eitku. Vyvarujte se m\u00edch\u00e1n\u00ed lan\u00fd\u017e\u016f s jin\u00fdmi l\u00e1tkami, v\u010detn\u011b alkoholu nebo l\u00e9k\u016f, pokud v\u00e1m to nedoporu\u010d\u00ed kvalifikovan\u00fd odborn\u00edk. Vzd\u011bl\u00e1n\u00ed v oblasti zodpov\u011bdn\u00e9ho u\u017e\u00edv\u00e1n\u00ed, porozum\u011bn\u00ed d\u00e1vkov\u00e1n\u00ed a znalost mo\u017en\u00fdch interakc\u00ed je z\u00e1sadn\u00ed pro bezpe\u010dnou a pozitivn\u00ed cestu s t\u011bmito pr\u00e9miov\u00fdmi lan\u00fd\u017ei.<\/p>\n<h2>Pro\u010d si pro sv\u00e9 lan\u00fd\u017ee vybrat Chemsfine?<\/h2>\n<p>Kdy\u017e se rozhodnete <b>objednat Psilocybe Mexicana lan\u00fd\u017ee online<\/b>, Chemsfine je va\u0161\u00edm d\u016fv\u011bryhodn\u00fdm partnerem. Nab\u00edz\u00edme bezprobl\u00e9mov\u00fd n\u00e1kup, od prohl\u00ed\u017een\u00ed na\u0161\u00ed nab\u00eddky a\u017e po bezpe\u010dn\u00e9 doru\u010den\u00ed va\u0161\u00ed objedn\u00e1vky. Na\u0161e odhodl\u00e1n\u00ed z\u00edsk\u00e1vat ta nejlep\u0161\u00ed p\u0159\u00edrodn\u00ed psychedelika zaru\u010duje, \u017ee obdr\u017e\u00edte pouze autentick\u00e9 a vysoce kvalitn\u00ed produkty.<\/p>\n<p>S nad\u0161en\u00edm poskytujeme vynikaj\u00edc\u00ed slu\u017eby, klademe d\u016fraz na diskr\u00e9tn\u00ed balen\u00ed a efektivn\u00ed p\u0159epravu. N\u00e1\u0161 t\u00fdm z\u00e1kaznick\u00e9 podpory je v\u017edy p\u0159ipraven pomoci s jak\u00fdmikoli dotazy a zajistit va\u0161i spokojenost na ka\u017ed\u00e9m kroku. Pokud hled\u00e1te prvot\u0159\u00eddn\u00ed p\u0159\u00edrodn\u00ed lan\u00fd\u017ee, d\u016fv\u011b\u0159ujte spole\u010dnosti Chemsfine, kter\u00e1 v\u00e1m poskytne spolehliv\u00e9, bezpe\u010dn\u00e9 a nadstandardn\u00ed slu\u017eby.<\/p>\n<h2>Z\u00e1v\u011br<\/h2>\n<p>Shrnut\u00ed, <b>Mexick\u00e9 lan\u00fd\u017ee<\/b> od spole\u010dnosti Chemsfine p\u0159edstavuj\u00ed prvot\u0159\u00eddn\u00ed p\u0159\u00edle\u017eitost prozkoumat zm\u011bn\u011bn\u00e9 stavy v\u011bdom\u00ed s jemnou a zvl\u00e1dnutelnou intenzitou. D\u00edky charakteristick\u00e9mu lehk\u00e9mu euforick\u00e9mu pocitu a schopnosti pos\u00edlit vn\u00edm\u00e1n\u00ed se dokonale hod\u00ed jak pro za\u010d\u00ednaj\u00edc\u00ed pr\u016fzkumn\u00edky, tak pro zku\u0161en\u00e9 psychonauty, kte\u0159\u00ed hledaj\u00ed m\u00edrn\u011bj\u0161\u00ed cestu. Nenechte si uj\u00edt p\u0159\u00edle\u017eitost vyzkou\u0161et tyto neuv\u011b\u0159iteln\u00e9 p\u0159\u00edrodn\u00ed produkty. Vyberte si Chemsfine, abyste <b>koupit lan\u00fd\u017ee Psilocybe Mexicana na prodej<\/b> a vydejte se na radostn\u00e9 a pronikav\u00e9 dobrodru\u017estv\u00ed je\u0161t\u011b dnes.<\/p>","protected":false},"excerpt":{"rendered":"<p>Za\u017eijte proslul\u00e9 <b>Psilocybe Mexicana<\/b> lan\u00fd\u017ee, kter\u00e9 jsou zn\u00e1m\u00e9 svou n\u00edzkou a\u017e st\u0159edn\u00ed silou a lehk\u00fdmi euforick\u00fdmi \u00fa\u010dinky. Tento prvot\u0159\u00eddn\u00ed p\u0159\u00edrodn\u00ed produkt p\u0159in\u00e1\u0161\u00ed radostn\u00e9 srdce a zost\u0159en\u00e9 vn\u00edm\u00e1n\u00ed, ide\u00e1ln\u00ed pro spole\u010dn\u00e9 z\u00e1\u017eitky nebo introspektivn\u00ed cesty. Pro vysoce kvalitn\u00ed, autentick\u00e9 lan\u00fd\u017ee, <b>koupit u Chemsfine<\/b> dnes.<\/p>","protected":false},"featured_media":6368,"comment_status":"open","ping_status":"closed","template":"","meta":{"_joinchat":[]},"product_brand":[],"product_cat":[948],"product_tag":[],"class_list":{"0":"post-6316","1":"product","2":"type-product","3":"status-publish","4":"has-post-thumbnail","6":"product_cat-psilocybin-or-magic-mushrooms","8":"first","9":"instock","10":"shipping-taxable","11":"purchasable","12":"product-type-variable"},"yoast_head":"<!-- This site is optimized with the Yoast SEO plugin v27.2 - https:\/\/yoast.com\/product\/yoast-seo-wordpress\/ -->\n<title>Buy Psilocybe Mexicana Truffles Online | Chemsfine Quality<\/title>\n<meta name=\"description\" content=\"Discover Psilocybe Mexicana truffles at Chemsfine. Experience low\/medium strength, light euphoria, and sharpened perception. Buy 15g vacuum-sealed bags online for a joyous journey.\" \/>\n<meta name=\"robots\" content=\"index, follow, max-snippet:-1, max-image-preview:large, max-video-preview:-1\" \/>\n<link rel=\"canonical\" href=\"https:\/\/chemsfine.com\/cs\/produkt\/buy-psilocybe-mexicana-truffles\/\" \/>\n<meta property=\"og:locale\" content=\"cs_CZ\" \/>\n<meta property=\"og:type\" content=\"article\" \/>\n<meta property=\"og:title\" content=\"Buy Psilocybe Mexicana Truffles Online | Chemsfine Quality\" \/>\n<meta property=\"og:description\" content=\"Discover Psilocybe Mexicana truffles at Chemsfine. Experience low\/medium strength, light euphoria, and sharpened perception. Buy 15g vacuum-sealed bags online for a joyous journey.\" \/>\n<meta property=\"og:url\" content=\"https:\/\/chemsfine.com\/cs\/produkt\/buy-psilocybe-mexicana-truffles\/\" \/>\n<meta property=\"og:site_name\" content=\"Chemsfine\" \/>\n<meta property=\"article:modified_time\" content=\"2026-03-25T13:14:38+00:00\" \/>\n<meta property=\"og:image\" content=\"https:\/\/chemsfine.com\/wp-content\/uploads\/2026\/02\/psilocybe-mexicana.jpg\" \/>\n\t<meta property=\"og:image:width\" content=\"800\" \/>\n\t<meta property=\"og:image:height\" content=\"800\" \/>\n\t<meta property=\"og:image:type\" content=\"image\/jpeg\" \/>\n<meta name=\"twitter:card\" content=\"summary_large_image\" \/>\n<meta name=\"twitter:label1\" content=\"Odhadovan\u00e1 doba \u010dten\u00ed\" \/>\n\t<meta name=\"twitter:data1\" content=\"5 minut\" \/>\n<script type=\"application\/ld+json\" class=\"yoast-schema-graph\">{\"@context\":\"https:\/\/schema.org\",\"@graph\":[{\"@type\":\"WebPage\",\"@id\":\"https:\/\/chemsfine.com\/product\/buy-psilocybe-mexicana-truffles\/\",\"url\":\"https:\/\/chemsfine.com\/product\/buy-psilocybe-mexicana-truffles\/\",\"name\":\"Buy Psilocybe Mexicana Truffles Online | Chemsfine Quality\",\"isPartOf\":{\"@id\":\"https:\/\/chemsfine.com\/#website\"},\"primaryImageOfPage\":{\"@id\":\"https:\/\/chemsfine.com\/product\/buy-psilocybe-mexicana-truffles\/#primaryimage\"},\"image\":{\"@id\":\"https:\/\/chemsfine.com\/product\/buy-psilocybe-mexicana-truffles\/#primaryimage\"},\"thumbnailUrl\":\"https:\/\/chemsfine.com\/wp-content\/uploads\/2026\/02\/psilocybe-mexicana.jpg\",\"datePublished\":\"2026-02-12T10:02:27+00:00\",\"dateModified\":\"2026-03-25T13:14:38+00:00\",\"description\":\"Discover Psilocybe Mexicana truffles at Chemsfine. Experience low\/medium strength, light euphoria, and sharpened perception. Buy 15g vacuum-sealed bags online for a joyous journey.\",\"breadcrumb\":{\"@id\":\"https:\/\/chemsfine.com\/product\/buy-psilocybe-mexicana-truffles\/#breadcrumb\"},\"inLanguage\":\"cs\",\"potentialAction\":[{\"@type\":\"ReadAction\",\"target\":[\"https:\/\/chemsfine.com\/product\/buy-psilocybe-mexicana-truffles\/\"]}]},{\"@type\":\"ImageObject\",\"inLanguage\":\"cs\",\"@id\":\"https:\/\/chemsfine.com\/product\/buy-psilocybe-mexicana-truffles\/#primaryimage\",\"url\":\"https:\/\/chemsfine.com\/wp-content\/uploads\/2026\/02\/psilocybe-mexicana.jpg\",\"contentUrl\":\"https:\/\/chemsfine.com\/wp-content\/uploads\/2026\/02\/psilocybe-mexicana.jpg\",\"width\":800,\"height\":800},{\"@type\":\"BreadcrumbList\",\"@id\":\"https:\/\/chemsfine.com\/product\/buy-psilocybe-mexicana-truffles\/#breadcrumb\",\"itemListElement\":[{\"@type\":\"ListItem\",\"position\":1,\"name\":\"Home\",\"item\":\"https:\/\/chemsfine.com\/\"},{\"@type\":\"ListItem\",\"position\":2,\"name\":\"Shop\",\"item\":\"https:\/\/chemsfine.com\/shop\/\"},{\"@type\":\"ListItem\",\"position\":3,\"name\":\"Psilocybe Mexicana Truffles &#8211; Premium Quality Available Online\"}]},{\"@type\":\"WebSite\",\"@id\":\"https:\/\/chemsfine.com\/#website\",\"url\":\"https:\/\/chemsfine.com\/\",\"name\":\"Chemsfine\",\"description\":\"My WordPress Blog\",\"publisher\":{\"@id\":\"https:\/\/chemsfine.com\/#organization\"},\"potentialAction\":[{\"@type\":\"SearchAction\",\"target\":{\"@type\":\"EntryPoint\",\"urlTemplate\":\"https:\/\/chemsfine.com\/?s={search_term_string}\"},\"query-input\":{\"@type\":\"PropertyValueSpecification\",\"valueRequired\":true,\"valueName\":\"search_term_string\"}}],\"inLanguage\":\"cs\"},{\"@type\":\"Organization\",\"@id\":\"https:\/\/chemsfine.com\/#organization\",\"name\":\"Chemsfine\",\"url\":\"https:\/\/chemsfine.com\/\",\"logo\":{\"@type\":\"ImageObject\",\"inLanguage\":\"cs\",\"@id\":\"https:\/\/chemsfine.com\/#\/schema\/logo\/image\/\",\"url\":\"https:\/\/chemsfine.com\/wp-content\/uploads\/2024\/09\/final-logo.png\",\"contentUrl\":\"https:\/\/chemsfine.com\/wp-content\/uploads\/2024\/09\/final-logo.png\",\"width\":340,\"height\":72,\"caption\":\"Chemsfine\"},\"image\":{\"@id\":\"https:\/\/chemsfine.com\/#\/schema\/logo\/image\/\"}}]}<\/script>\n<!-- \/ Yoast SEO plugin. -->","yoast_head_json":{"title":"Koupit Psilocybe Mexicana lan\u00fd\u017ee online | Chemsfine Quality","description":"Objevte lan\u00fd\u017ee Psilocybe Mexicana u spole\u010dnosti Chemsfine. Za\u017eijte n\u00edzkou\/st\u0159edn\u00ed s\u00edlu, lehkou euforii a zost\u0159en\u00e9 vn\u00edm\u00e1n\u00ed. Kupte si 15g vakuov\u011b uzav\u0159en\u00e9 s\u00e1\u010dky online a vydejte se na cestu plnou radosti.","robots":{"index":"index","follow":"follow","max-snippet":"max-snippet:-1","max-image-preview":"max-image-preview:large","max-video-preview":"max-video-preview:-1"},"canonical":"https:\/\/chemsfine.com\/cs\/produkt\/buy-psilocybe-mexicana-truffles\/","og_locale":"cs_CZ","og_type":"article","og_title":"Buy Psilocybe Mexicana Truffles Online | Chemsfine Quality","og_description":"Discover Psilocybe Mexicana truffles at Chemsfine. Experience low\/medium strength, light euphoria, and sharpened perception. Buy 15g vacuum-sealed bags online for a joyous journey.","og_url":"https:\/\/chemsfine.com\/cs\/produkt\/buy-psilocybe-mexicana-truffles\/","og_site_name":"Chemsfine","article_modified_time":"2026-03-25T13:14:38+00:00","og_image":[{"width":800,"height":800,"url":"https:\/\/chemsfine.com\/wp-content\/uploads\/2026\/02\/psilocybe-mexicana.jpg","type":"image\/jpeg"}],"twitter_card":"summary_large_image","twitter_misc":{"Odhadovan\u00e1 doba \u010dten\u00ed":"5 minut"},"schema":{"@context":"https:\/\/schema.org","@graph":[{"@type":"WebPage","@id":"https:\/\/chemsfine.com\/product\/buy-psilocybe-mexicana-truffles\/","url":"https:\/\/chemsfine.com\/product\/buy-psilocybe-mexicana-truffles\/","name":"Koupit Psilocybe Mexicana lan\u00fd\u017ee online | Chemsfine Quality","isPartOf":{"@id":"https:\/\/chemsfine.com\/#website"},"primaryImageOfPage":{"@id":"https:\/\/chemsfine.com\/product\/buy-psilocybe-mexicana-truffles\/#primaryimage"},"image":{"@id":"https:\/\/chemsfine.com\/product\/buy-psilocybe-mexicana-truffles\/#primaryimage"},"thumbnailUrl":"https:\/\/chemsfine.com\/wp-content\/uploads\/2026\/02\/psilocybe-mexicana.jpg","datePublished":"2026-02-12T10:02:27+00:00","dateModified":"2026-03-25T13:14:38+00:00","description":"Objevte lan\u00fd\u017ee Psilocybe Mexicana u spole\u010dnosti Chemsfine. Za\u017eijte n\u00edzkou\/st\u0159edn\u00ed s\u00edlu, lehkou euforii a zost\u0159en\u00e9 vn\u00edm\u00e1n\u00ed. Kupte si 15g vakuov\u011b uzav\u0159en\u00e9 s\u00e1\u010dky online a vydejte se na cestu plnou radosti.","breadcrumb":{"@id":"https:\/\/chemsfine.com\/product\/buy-psilocybe-mexicana-truffles\/#breadcrumb"},"inLanguage":"cs","potentialAction":[{"@type":"ReadAction","target":["https:\/\/chemsfine.com\/product\/buy-psilocybe-mexicana-truffles\/"]}]},{"@type":"ImageObject","inLanguage":"cs","@id":"https:\/\/chemsfine.com\/product\/buy-psilocybe-mexicana-truffles\/#primaryimage","url":"https:\/\/chemsfine.com\/wp-content\/uploads\/2026\/02\/psilocybe-mexicana.jpg","contentUrl":"https:\/\/chemsfine.com\/wp-content\/uploads\/2026\/02\/psilocybe-mexicana.jpg","width":800,"height":800},{"@type":"BreadcrumbList","@id":"https:\/\/chemsfine.com\/product\/buy-psilocybe-mexicana-truffles\/#breadcrumb","itemListElement":[{"@type":"ListItem","position":1,"name":"Home","item":"https:\/\/chemsfine.com\/"},{"@type":"ListItem","position":2,"name":"Shop","item":"https:\/\/chemsfine.com\/shop\/"},{"@type":"ListItem","position":3,"name":"Psilocybe Mexicana Truffles &#8211; Premium Quality Available Online"}]},{"@type":"WebSite","@id":"https:\/\/chemsfine.com\/#website","url":"https:\/\/chemsfine.com\/","name":"Chemsfine","description":"M\u016fj blog WordPress","publisher":{"@id":"https:\/\/chemsfine.com\/#organization"},"potentialAction":[{"@type":"SearchAction","target":{"@type":"EntryPoint","urlTemplate":"https:\/\/chemsfine.com\/?s={search_term_string}"},"query-input":{"@type":"PropertyValueSpecification","valueRequired":true,"valueName":"search_term_string"}}],"inLanguage":"cs"},{"@type":"Organization","@id":"https:\/\/chemsfine.com\/#organization","name":"Chemsfine","url":"https:\/\/chemsfine.com\/","logo":{"@type":"ImageObject","inLanguage":"cs","@id":"https:\/\/chemsfine.com\/#\/schema\/logo\/image\/","url":"https:\/\/chemsfine.com\/wp-content\/uploads\/2024\/09\/final-logo.png","contentUrl":"https:\/\/chemsfine.com\/wp-content\/uploads\/2024\/09\/final-logo.png","width":340,"height":72,"caption":"Chemsfine"},"image":{"@id":"https:\/\/chemsfine.com\/#\/schema\/logo\/image\/"}}]}},"_links":{"self":[{"href":"https:\/\/chemsfine.com\/cs\/wp-json\/wp\/v2\/product\/6316","targetHints":{"allow":["GET"]}}],"collection":[{"href":"https:\/\/chemsfine.com\/cs\/wp-json\/wp\/v2\/product"}],"about":[{"href":"https:\/\/chemsfine.com\/cs\/wp-json\/wp\/v2\/types\/product"}],"replies":[{"embeddable":true,"href":"https:\/\/chemsfine.com\/cs\/wp-json\/wp\/v2\/comments?post=6316"}],"wp:featuredmedia":[{"embeddable":true,"href":"https:\/\/chemsfine.com\/cs\/wp-json\/wp\/v2\/media\/6368"}],"wp:attachment":[{"href":"https:\/\/chemsfine.com\/cs\/wp-json\/wp\/v2\/media?parent=6316"}],"wp:term":[{"taxonomy":"product_brand","embeddable":true,"href":"https:\/\/chemsfine.com\/cs\/wp-json\/wp\/v2\/product_brand?post=6316"},{"taxonomy":"product_cat","embeddable":true,"href":"https:\/\/chemsfine.com\/cs\/wp-json\/wp\/v2\/product_cat?post=6316"},{"taxonomy":"product_tag","embeddable":true,"href":"https:\/\/chemsfine.com\/cs\/wp-json\/wp\/v2\/product_tag?post=6316"}],"curies":[{"name":"wp","href":"https:\/\/api.w.org\/{rel}","templated":true}]}}