{"id":6345,"date":"2026-02-12T10:03:14","date_gmt":"2026-02-12T10:03:14","guid":{"rendered":"https:\/\/chemsfine.com\/?post_type=product&#038;p=6345"},"modified":"2026-03-25T13:12:22","modified_gmt":"2026-03-25T13:12:22","slug":"buy-ambien-insomnia-treatment","status":"publish","type":"product","link":"https:\/\/chemsfine.com\/cs\/product\/buy-ambien-insomnia-treatment\/","title":{"rendered":"Koupit Ambien 10 mg pilulky online pro l\u00e9\u010dbu nespavosti"},"content":{"rendered":"<p>Kdy\u017e se sna\u017e\u00edte <b>Koupit Ambien 10mg pilulky na prodej<\/b>, Chemsfine nab\u00edz\u00ed spolehlivou a profesion\u00e1ln\u00ed platformu. Ambien 10 mg, z\u00e1kladn\u00ed l\u00e9k, je specificky vyu\u017e\u00edv\u00e1n k l\u00e9\u010db\u011b p\u0159etrv\u00e1vaj\u00edc\u00edch poruch sp\u00e1nku a poskytuje v\u00fdznamnou \u00falevu t\u011bm, kte\u0159\u00ed bojuj\u00ed s neklidn\u00fdmi nocemi. Tableta pro rychl\u00e9 vypou\u0161t\u011bn\u00ed je odborn\u011b formulov\u00e1na tak, aby v\u00e1m pomohla \u00fa\u010dinn\u011b usnout, kdy\u017e jdete poprv\u00e9 sp\u00e1t, a zajistila rychl\u00fd p\u0159echod do regenera\u010dn\u00edho sp\u00e1nkov\u00e9ho cyklu. N\u00e1\u0161 z\u00e1vazek ke kvalit\u011b zaru\u010duje, \u017ee obdr\u017e\u00edte autentick\u00e9 v\u00fdrobky navr\u017een\u00e9 pro optim\u00e1ln\u00ed \u00fa\u010dinnost. Ve spole\u010dnosti Chemsfine ch\u00e1peme d\u016fle\u017eitost dostupn\u00e9ho a vysoce kvalitn\u00edho farmaceutick\u00e9ho materi\u00e1lu pro zvl\u00e1d\u00e1n\u00ed zdravotn\u00edch pot\u00ed\u017e\u00ed a poskytujeme bezpe\u010dn\u00fd a diskr\u00e9tn\u00ed online n\u00e1kup pro va\u0161e pot\u0159eby.<\/p>\n<h2>Co je Ambien 10 mg?<\/h2>\n<p>Ambien 10 mg, b\u011b\u017en\u011b zn\u00e1m\u00fd pod svou \u00fa\u010dinnou l\u00e1tkou zolpidem tartr\u00e1t, je siln\u00fd sedativn\u011b-hypnotick\u00fd l\u00e9k. P\u016fsob\u00ed tak, \u017ee ovliv\u0148uje chemick\u00e9 l\u00e1tky v mozku, kter\u00e9 mohou b\u00fdt u lid\u00ed s probl\u00e9my se sp\u00e1nkem v nerovnov\u00e1ze, a t\u00edm podporuje n\u00e1stup sp\u00e1nku. Jako p\u0159edn\u00ed dodavatel nab\u00edz\u00ed spole\u010dnost Chemsfine <b>Nejvy\u0161\u0161\u00ed kvalita Ambien 10mg<\/b>, co\u017e zaji\u0161\u0165uje, \u017ee ka\u017ed\u00e1 tableta spl\u0148uje p\u0159\u00edsn\u00e9 normy kontroly kvality. Tento l\u00e9k je prim\u00e1rn\u011b p\u0159edepisov\u00e1n ke kr\u00e1tkodob\u00e9 l\u00e9\u010db\u011b nespavosti, zejm\u00e9na u jedinc\u016f, kte\u0159\u00ed maj\u00ed pot\u00ed\u017ee s nav\u00e1z\u00e1n\u00edm sp\u00e1nku. P\u016fsob\u00ed rychle a pom\u00e1h\u00e1 u\u017eivatel\u016fm rychleji dos\u00e1hnout sp\u00e1nku, \u010d\u00edm\u017e nab\u00edz\u00ed cestu ke zlep\u0161en\u00ed no\u010dn\u00edho odpo\u010dinku.<\/p>\n<h3>Specifikace produktu:<\/h3>\n<table>\n<thead>\n<tr>\n<th>Funkce<\/th>\n<th>Detail<\/th>\n<\/tr>\n<\/thead>\n<tbody>\n<tr>\n<td>N\u00e1zev produktu<\/td>\n<td>Ambien 10 mg pilulky<\/td>\n<\/tr>\n<tr>\n<td>Aktivn\u00ed slo\u017eka<\/td>\n<td>Zolpidem tartr\u00e1t<\/td>\n<\/tr>\n<tr>\n<td>Prim\u00e1rn\u00ed pou\u017eit\u00ed<\/td>\n<td>L\u00e9\u010dba nespavosti<\/td>\n<\/tr>\n<tr>\n<td>D\u00e1vkovac\u00ed forma<\/td>\n<td>Tableta pro rychl\u00e9 uvoln\u011bn\u00ed<\/td>\n<\/tr>\n<tr>\n<td>Cena Model<\/td>\n<td>Na pilulku<\/td>\n<\/tr>\n<tr>\n<td>Minim\u00e1ln\u00ed objedn\u00e1vka<\/td>\n<td>50 pilulek<\/td>\n<\/tr>\n<\/tbody>\n<\/table>\n<p>Ka\u017ed\u00e1 tableta p\u0159\u00edpravku Ambien 10 mg je vyrobena pro konzistentn\u00ed pod\u00e1v\u00e1n\u00ed a spolehliv\u00e9 v\u00fdsledky. S minim\u00e1ln\u00edm objednac\u00edm mno\u017estv\u00edm 50 tablet vych\u00e1z\u00edme vst\u0159\u00edc jednotlivc\u016fm, kte\u0159\u00ed pot\u0159ebuj\u00ed st\u00e1l\u00e9 z\u00e1soby pro pr\u016fb\u011b\u017enou l\u00e9\u010dbu sv\u00e9 poruchy sp\u00e1nku. Pro ty, kte\u0159\u00ed hledaj\u00ed dal\u0161\u00ed vysoce kvalitn\u00ed chemick\u00e1 \u0159e\u0161en\u00ed, m\u016f\u017eete tak\u00e9 zv\u00e1\u017eit prozkoum\u00e1n\u00ed na\u0161\u00ed nab\u00eddky produkt\u016f, jako jsou nap\u0159. <b><a href=\"https:\/\/chemsfine.com\/cs\/produkt\/koupit-6clbca-online\/\">Koupit 6CLBCA online<\/a><\/b> pro specializovan\u00e9 aplikace.<\/p>\n<h2>Pro\u010d koupit Ambien 10mg online od Chemsfine?<\/h2>\n<p>Volba Chemsfine pro n\u00e1kup Ambien 10mg znamen\u00e1 volbu bezkonkuren\u010dn\u00edho servisu a integrity produktu. Jsme odhodl\u00e1ni poskytovat <b>Nejlep\u0161\u00ed Ambien 10mg k dispozici<\/b>, kter\u00e9 se op\u00edraj\u00ed o transparentn\u00ed zdroje a p\u0159\u00edsn\u00e9 kontroly kvality. Na\u0161e platforma up\u0159ednost\u0148uje soukrom\u00ed a bezpe\u010dnost z\u00e1kazn\u00edk\u016f a nab\u00edz\u00ed bezprobl\u00e9mov\u00fd a diskr\u00e9tn\u00ed n\u00e1kupn\u00ed proces. Zaji\u0161\u0165ujeme, aby ka\u017ed\u00e1 transakce byla provedena profesion\u00e1ln\u011b, poskytujeme jasnou komunikaci a spolehliv\u00e9 doru\u010dovac\u00ed slu\u017eby. Na\u0161e konkuren\u010dn\u00ed cenov\u00e1 struktura nav\u00edc \u010din\u00ed \u00fa\u010dinnou l\u00e9\u010dbu nespavosti dostupn\u011bj\u0161\u00ed pro ka\u017ed\u00e9ho, ani\u017e by byla ohro\u017eena kvalita nebo bezpe\u010dnost v\u00fdrobk\u016f. D\u016fv\u011b\u0159ujte spole\u010dnosti Chemsfine, \u017ee se stane va\u0161\u00edm c\u00edlem pro n\u00e1kup farmaceutick\u00fdch pot\u0159eb.<\/p>\n<h2>Aplikace p\u0159\u00edpravku Ambien 10mg<\/h2>\n<p>Ambien 10 mg hraje z\u00e1sadn\u00ed roli p\u0159i zvl\u00e1d\u00e1n\u00ed poruch sp\u00e1nku, zejm\u00e9na u t\u011bch, kte\u0159\u00ed se pot\u00fdkaj\u00ed s akutn\u00ed nebo chronickou nespavost\u00ed. Mezi jeho hlavn\u00ed aplikace pat\u0159\u00ed:<\/p>\n<ul>\n<li>Usnadn\u011bn\u00ed rychl\u00e9ho n\u00e1stupu sp\u00e1nku u osob, kter\u00e9 maj\u00ed pot\u00ed\u017ee s us\u00edn\u00e1n\u00edm.<\/li>\n<li>Kr\u00e1tkodob\u00e1 l\u00e9\u010dba nespavosti, zlep\u0161en\u00ed celkov\u00e9 kvality sp\u00e1nku.<\/li>\n<li>Pom\u00e1h\u00e1 lidem dos\u00e1hnout pravideln\u011bj\u0161\u00edho a klidn\u011bj\u0161\u00edho sp\u00e1nku.<\/li>\n<li>Sn\u00ed\u017een\u00ed po\u010dtu no\u010dn\u00edch probuzen\u00ed a prodlou\u017een\u00ed celkov\u00e9 doby sp\u00e1nku.<\/li>\n<li>Pomoc pacient\u016fm p\u0159i p\u0159izp\u016fsoben\u00ed se nov\u00e9mu sp\u00e1nkov\u00e9mu re\u017eimu nebo prost\u0159ed\u00ed.<\/li>\n<\/ul>\n<p>N\u00e1\u0161 rozs\u00e1hl\u00fd katalog v\u00fdrobk\u016f pro jednotlivce, kte\u0159\u00ed maj\u00ed r\u016fzn\u00e9 komplexn\u00ed pot\u0159eby, obsahuje tak\u00e9 dal\u0161\u00ed vysoce kvalitn\u00ed slou\u010deniny, jako jsou nap\u0159. <b><a href=\"https:\/\/chemsfine.com\/cs\/produkt\/koupit-5f-adb-online\/\">Koupit 5F ADB online<\/a><\/b>, co\u017e zaji\u0161\u0165uje spln\u011bn\u00ed \u0161irok\u00e9ho spektra po\u017eadavk\u016f v certifikovan\u00e9 kvalit\u011b.<\/p>\n<h2>Bezpe\u010dnost a dodr\u017eov\u00e1n\u00ed p\u0159edpis\u016f pro Ambien 10 mg<\/h2>\n<p>P\u0159i zva\u017eov\u00e1n\u00ed p\u0159\u00edpravku Ambien 10 mg je nejd\u016fle\u017eit\u011bj\u0161\u00ed zodpov\u011bdn\u00e9 u\u017e\u00edv\u00e1n\u00ed. Je nezbytn\u00e9 pou\u017e\u00edvat tento l\u00e9k p\u0159esn\u011b podle pokyn\u016f zdravotnick\u00e9ho pracovn\u00edka a dodr\u017eovat doporu\u010den\u00e9 d\u00e1vkov\u00e1n\u00ed. Spole\u010dnost Chemsfine se zavazuje dod\u00e1vat produkty, kter\u00e9 spl\u0148uj\u00ed p\u0159\u00edsn\u00e9 pr\u016fmyslov\u00e9 standardy kvality a bezpe\u010dnosti. Jsme zast\u00e1nci informovan\u00e9ho u\u017e\u00edv\u00e1n\u00ed a doporu\u010dujeme prostudovat v\u0161echny dostupn\u00e9 informace o p\u0159\u00edpravku, v\u010detn\u011b mo\u017en\u00fdch ne\u017e\u00e1douc\u00edch \u00fa\u010dink\u016f a interakc\u00ed. Pro zachov\u00e1n\u00ed \u00fa\u010dinnosti se doporu\u010duje spr\u00e1vn\u00e9 skladov\u00e1n\u00ed v kontrolovan\u00e9m prost\u0159ed\u00ed mimo dosah sv\u011btla a vlhkosti. Zaji\u0161\u0165ujeme dodr\u017eov\u00e1n\u00ed p\u0159\u00edslu\u0161n\u00fdch p\u0159edpis\u016f a poskytujeme bezpe\u010dn\u00fd kan\u00e1l pro n\u00e1kup z\u00e1kladn\u00edch l\u00e9k\u016f.<\/p>\n<h2>Pro\u010d si vybrat Chemsfine pro v\u00e1\u0161 Ambien 10 mg?<\/h2>\n<p>Ve spole\u010dnosti Chemsfine se vyzna\u010dujeme transparentn\u00edmi \u00fadaji, ov\u011b\u0159en\u00fdmi z\u00e1znamy o \u0161ar\u017e\u00edch a konkurenceschopn\u00fdmi cenami, co\u017e z n\u00e1s \u010din\u00ed ide\u00e1ln\u00ed volbu, kdy\u017e pot\u0159ebujete. <b>Objednat Ambien 10mg online<\/b>. Poskytujeme vy\u010derp\u00e1vaj\u00edc\u00ed informace o produktech, kter\u00e9 v\u00e1m umo\u017en\u00ed \u010dinit informovan\u00e1 rozhodnut\u00ed s jistotou. N\u00e1\u0161 zjednodu\u0161en\u00fd proces objedn\u00e1v\u00e1n\u00ed a spolehliv\u00e1 z\u00e1kaznick\u00e1 podpora zaji\u0161\u0165uj\u00ed bezprobl\u00e9mov\u00fd z\u00e1\u017eitek od v\u00fdb\u011bru a\u017e po dod\u00e1n\u00ed. Stoj\u00edme za \u010distotou a \u00fa\u010dinnost\u00ed na\u0161ich tablet Ambien 10 mg a sna\u017e\u00edme se p\u0159ekonat o\u010dek\u00e1v\u00e1n\u00ed z\u00e1kazn\u00edk\u016f p\u0159i ka\u017ed\u00e9 objedn\u00e1vce. Va\u0161e spokojenost a pohoda jsou pro n\u00e1s nejvy\u0161\u0161\u00ed prioritou, co\u017e zaji\u0161\u0165uje spolehliv\u00fd dodavatelsk\u00fd \u0159et\u011bzec pro va\u0161e pot\u0159eby l\u00e9k\u016f.<\/p>\n<h2>Z\u00e1v\u011br<\/h2>\n<p>Pro ty, kte\u0159\u00ed hledaj\u00ed \u00fa\u010dinnou \u00falevu od nespavosti, poskytuje Chemsfine d\u016fv\u011bryhodnou cestu k... <b>Koupit Ambien 10mg pilulky na prodej<\/b>. N\u00e1\u0161 z\u00e1vazek ke kvalit\u011b, bezpe\u010dnosti a spokojenosti z\u00e1kazn\u00edk\u016f zaru\u010duje, \u017ee obdr\u017e\u00edte origin\u00e1ln\u00ed pilulky Ambien 10 mg, kter\u00e9 v\u00e1m pomohou dos\u00e1hnout klidn\u00e9ho sp\u00e1nku, kter\u00fd si zaslou\u017e\u00edte. Prozkoumejte na\u0161i nab\u00eddku pr\u00e9miov\u00fdch produkt\u016f a vyzkou\u0161ejte si pohodl\u00ed a spolehlivost n\u00e1kupu od renomovan\u00e9ho online dodavatele. Z\u00edskejte zp\u011bt kontrolu nad sv\u00fdm sp\u00e1nkov\u00fdm re\u017eimem a p\u0159ijm\u011bte zdrav\u011bj\u0161\u00ed a odpo\u010dat\u011bj\u0161\u00ed \u017eivot s vysoce kvalitn\u00edm p\u0159\u00edpravkem Ambien 10mg od spole\u010dnosti Chemsfine.<\/p>","protected":false},"excerpt":{"rendered":"<p>P\u0159i pohledu na <b>koupit Ambien 10mg<\/b>? Tyto tablety s rychl\u00fdm uvol\u0148ov\u00e1n\u00edm jsou odborn\u011b sestaveny tak, aby v\u00e1m pomohly p\u0159ekonat nespavost a zajistily v\u00e1m rychl\u00e9 us\u00edn\u00e1n\u00ed a odpo\u010dinek. Zajist\u011bte si z\u00e1soby vysoce kvalitn\u00edho p\u0159\u00edpravku Ambien 10 mg v\u00fdhradn\u011b na chemsfine, va\u0161em d\u016fv\u011bryhodn\u00e9m zdroji z\u00e1kladn\u00edch l\u00e9k\u016f. Za\u017eijte jedine\u010dnou podporu sp\u00e1nku.<\/p>","protected":false},"featured_media":6385,"comment_status":"open","ping_status":"closed","template":"","meta":{"_joinchat":[]},"product_brand":[],"product_cat":[946],"product_tag":[],"class_list":{"0":"post-6345","1":"product","2":"type-product","3":"status-publish","4":"has-post-thumbnail","6":"product_cat-pain-sleeping-sex-pills","8":"first","9":"instock","10":"shipping-taxable","11":"purchasable","12":"product-type-variable"},"yoast_head":"<!-- This site is optimized with the Yoast SEO plugin v27.2 - https:\/\/yoast.com\/product\/yoast-seo-wordpress\/ -->\n<title>Buy Ambien 10mg Pills Online - Best Price Available at Chemsfine<\/title>\n<meta name=\"description\" content=\"Discover where to buy Ambien 10mg pills online. Effectively treat insomnia and achieve restful sleep. Find high-quality Ambien at competitive prices on Chemsfine today!\" \/>\n<meta name=\"robots\" content=\"index, follow, max-snippet:-1, max-image-preview:large, max-video-preview:-1\" \/>\n<link rel=\"canonical\" href=\"https:\/\/chemsfine.com\/cs\/produkt\/buy-ambien-insomnia-treatment\/\" \/>\n<meta property=\"og:locale\" content=\"cs_CZ\" \/>\n<meta property=\"og:type\" content=\"article\" \/>\n<meta property=\"og:title\" content=\"Buy Ambien 10mg Pills Online - Best Price Available at Chemsfine\" \/>\n<meta property=\"og:description\" content=\"Discover where to buy Ambien 10mg pills online. Effectively treat insomnia and achieve restful sleep. Find high-quality Ambien at competitive prices on Chemsfine today!\" \/>\n<meta property=\"og:url\" content=\"https:\/\/chemsfine.com\/cs\/produkt\/buy-ambien-insomnia-treatment\/\" \/>\n<meta property=\"og:site_name\" content=\"Chemsfine\" \/>\n<meta property=\"article:modified_time\" content=\"2026-03-25T13:12:22+00:00\" \/>\n<meta property=\"og:image\" content=\"https:\/\/chemsfine.com\/wp-content\/uploads\/2026\/02\/buy-ambien-10mg-pills-online-3.jpg\" \/>\n\t<meta property=\"og:image:width\" content=\"600\" \/>\n\t<meta property=\"og:image:height\" content=\"600\" \/>\n\t<meta property=\"og:image:type\" content=\"image\/jpeg\" \/>\n<meta name=\"twitter:card\" content=\"summary_large_image\" \/>\n<meta name=\"twitter:label1\" content=\"Odhadovan\u00e1 doba \u010dten\u00ed\" \/>\n\t<meta name=\"twitter:data1\" content=\"4 minuty\" \/>\n<script type=\"application\/ld+json\" class=\"yoast-schema-graph\">{\"@context\":\"https:\/\/schema.org\",\"@graph\":[{\"@type\":\"WebPage\",\"@id\":\"https:\/\/chemsfine.com\/product\/buy-ambien-insomnia-treatment\/\",\"url\":\"https:\/\/chemsfine.com\/product\/buy-ambien-insomnia-treatment\/\",\"name\":\"Buy Ambien 10mg Pills Online - Best Price Available at Chemsfine\",\"isPartOf\":{\"@id\":\"https:\/\/chemsfine.com\/#website\"},\"primaryImageOfPage\":{\"@id\":\"https:\/\/chemsfine.com\/product\/buy-ambien-insomnia-treatment\/#primaryimage\"},\"image\":{\"@id\":\"https:\/\/chemsfine.com\/product\/buy-ambien-insomnia-treatment\/#primaryimage\"},\"thumbnailUrl\":\"https:\/\/chemsfine.com\/wp-content\/uploads\/2026\/02\/buy-ambien-10mg-pills-online-3.jpg\",\"datePublished\":\"2026-02-12T10:03:14+00:00\",\"dateModified\":\"2026-03-25T13:12:22+00:00\",\"description\":\"Discover where to buy Ambien 10mg pills online. Effectively treat insomnia and achieve restful sleep. Find high-quality Ambien at competitive prices on Chemsfine today!\",\"breadcrumb\":{\"@id\":\"https:\/\/chemsfine.com\/product\/buy-ambien-insomnia-treatment\/#breadcrumb\"},\"inLanguage\":\"cs\",\"potentialAction\":[{\"@type\":\"ReadAction\",\"target\":[\"https:\/\/chemsfine.com\/product\/buy-ambien-insomnia-treatment\/\"]}]},{\"@type\":\"ImageObject\",\"inLanguage\":\"cs\",\"@id\":\"https:\/\/chemsfine.com\/product\/buy-ambien-insomnia-treatment\/#primaryimage\",\"url\":\"https:\/\/chemsfine.com\/wp-content\/uploads\/2026\/02\/buy-ambien-10mg-pills-online-3.jpg\",\"contentUrl\":\"https:\/\/chemsfine.com\/wp-content\/uploads\/2026\/02\/buy-ambien-10mg-pills-online-3.jpg\",\"width\":600,\"height\":600},{\"@type\":\"BreadcrumbList\",\"@id\":\"https:\/\/chemsfine.com\/product\/buy-ambien-insomnia-treatment\/#breadcrumb\",\"itemListElement\":[{\"@type\":\"ListItem\",\"position\":1,\"name\":\"Home\",\"item\":\"https:\/\/chemsfine.com\/\"},{\"@type\":\"ListItem\",\"position\":2,\"name\":\"Shop\",\"item\":\"https:\/\/chemsfine.com\/shop\/\"},{\"@type\":\"ListItem\",\"position\":3,\"name\":\"Buy Ambien 10mg Pills Online for Insomnia Treatment\"}]},{\"@type\":\"WebSite\",\"@id\":\"https:\/\/chemsfine.com\/#website\",\"url\":\"https:\/\/chemsfine.com\/\",\"name\":\"Chemsfine\",\"description\":\"My WordPress Blog\",\"publisher\":{\"@id\":\"https:\/\/chemsfine.com\/#organization\"},\"potentialAction\":[{\"@type\":\"SearchAction\",\"target\":{\"@type\":\"EntryPoint\",\"urlTemplate\":\"https:\/\/chemsfine.com\/?s={search_term_string}\"},\"query-input\":{\"@type\":\"PropertyValueSpecification\",\"valueRequired\":true,\"valueName\":\"search_term_string\"}}],\"inLanguage\":\"cs\"},{\"@type\":\"Organization\",\"@id\":\"https:\/\/chemsfine.com\/#organization\",\"name\":\"Chemsfine\",\"url\":\"https:\/\/chemsfine.com\/\",\"logo\":{\"@type\":\"ImageObject\",\"inLanguage\":\"cs\",\"@id\":\"https:\/\/chemsfine.com\/#\/schema\/logo\/image\/\",\"url\":\"https:\/\/chemsfine.com\/wp-content\/uploads\/2024\/09\/final-logo.png\",\"contentUrl\":\"https:\/\/chemsfine.com\/wp-content\/uploads\/2024\/09\/final-logo.png\",\"width\":340,\"height\":72,\"caption\":\"Chemsfine\"},\"image\":{\"@id\":\"https:\/\/chemsfine.com\/#\/schema\/logo\/image\/\"}}]}<\/script>\n<!-- \/ Yoast SEO plugin. -->","yoast_head_json":{"title":"Koupit Ambien 10mg pilulky online - nejlep\u0161\u00ed cena dostupn\u00e1 na Chemsfine","description":"Objevte, kde koupit Ambien 10mg pilulky online. \u00da\u010dinn\u011b l\u00e9\u010d\u00ed nespavost a dosahuje klidn\u00e9ho sp\u00e1nku. Najd\u011bte vysoce kvalitn\u00ed Ambien za konkuren\u010dn\u00ed ceny na Chemsfine je\u0161t\u011b dnes!","robots":{"index":"index","follow":"follow","max-snippet":"max-snippet:-1","max-image-preview":"max-image-preview:large","max-video-preview":"max-video-preview:-1"},"canonical":"https:\/\/chemsfine.com\/cs\/produkt\/buy-ambien-insomnia-treatment\/","og_locale":"cs_CZ","og_type":"article","og_title":"Buy Ambien 10mg Pills Online - Best Price Available at Chemsfine","og_description":"Discover where to buy Ambien 10mg pills online. Effectively treat insomnia and achieve restful sleep. Find high-quality Ambien at competitive prices on Chemsfine today!","og_url":"https:\/\/chemsfine.com\/cs\/produkt\/buy-ambien-insomnia-treatment\/","og_site_name":"Chemsfine","article_modified_time":"2026-03-25T13:12:22+00:00","og_image":[{"width":600,"height":600,"url":"https:\/\/chemsfine.com\/wp-content\/uploads\/2026\/02\/buy-ambien-10mg-pills-online-3.jpg","type":"image\/jpeg"}],"twitter_card":"summary_large_image","twitter_misc":{"Odhadovan\u00e1 doba \u010dten\u00ed":"4 minuty"},"schema":{"@context":"https:\/\/schema.org","@graph":[{"@type":"WebPage","@id":"https:\/\/chemsfine.com\/product\/buy-ambien-insomnia-treatment\/","url":"https:\/\/chemsfine.com\/product\/buy-ambien-insomnia-treatment\/","name":"Koupit Ambien 10mg pilulky online - nejlep\u0161\u00ed cena dostupn\u00e1 na Chemsfine","isPartOf":{"@id":"https:\/\/chemsfine.com\/#website"},"primaryImageOfPage":{"@id":"https:\/\/chemsfine.com\/product\/buy-ambien-insomnia-treatment\/#primaryimage"},"image":{"@id":"https:\/\/chemsfine.com\/product\/buy-ambien-insomnia-treatment\/#primaryimage"},"thumbnailUrl":"https:\/\/chemsfine.com\/wp-content\/uploads\/2026\/02\/buy-ambien-10mg-pills-online-3.jpg","datePublished":"2026-02-12T10:03:14+00:00","dateModified":"2026-03-25T13:12:22+00:00","description":"Objevte, kde koupit Ambien 10mg pilulky online. \u00da\u010dinn\u011b l\u00e9\u010d\u00ed nespavost a dosahuje klidn\u00e9ho sp\u00e1nku. Najd\u011bte vysoce kvalitn\u00ed Ambien za konkuren\u010dn\u00ed ceny na Chemsfine je\u0161t\u011b dnes!","breadcrumb":{"@id":"https:\/\/chemsfine.com\/product\/buy-ambien-insomnia-treatment\/#breadcrumb"},"inLanguage":"cs","potentialAction":[{"@type":"ReadAction","target":["https:\/\/chemsfine.com\/product\/buy-ambien-insomnia-treatment\/"]}]},{"@type":"ImageObject","inLanguage":"cs","@id":"https:\/\/chemsfine.com\/product\/buy-ambien-insomnia-treatment\/#primaryimage","url":"https:\/\/chemsfine.com\/wp-content\/uploads\/2026\/02\/buy-ambien-10mg-pills-online-3.jpg","contentUrl":"https:\/\/chemsfine.com\/wp-content\/uploads\/2026\/02\/buy-ambien-10mg-pills-online-3.jpg","width":600,"height":600},{"@type":"BreadcrumbList","@id":"https:\/\/chemsfine.com\/product\/buy-ambien-insomnia-treatment\/#breadcrumb","itemListElement":[{"@type":"ListItem","position":1,"name":"Home","item":"https:\/\/chemsfine.com\/"},{"@type":"ListItem","position":2,"name":"Shop","item":"https:\/\/chemsfine.com\/shop\/"},{"@type":"ListItem","position":3,"name":"Buy Ambien 10mg Pills Online for Insomnia Treatment"}]},{"@type":"WebSite","@id":"https:\/\/chemsfine.com\/#website","url":"https:\/\/chemsfine.com\/","name":"Chemsfine","description":"M\u016fj blog WordPress","publisher":{"@id":"https:\/\/chemsfine.com\/#organization"},"potentialAction":[{"@type":"SearchAction","target":{"@type":"EntryPoint","urlTemplate":"https:\/\/chemsfine.com\/?s={search_term_string}"},"query-input":{"@type":"PropertyValueSpecification","valueRequired":true,"valueName":"search_term_string"}}],"inLanguage":"cs"},{"@type":"Organization","@id":"https:\/\/chemsfine.com\/#organization","name":"Chemsfine","url":"https:\/\/chemsfine.com\/","logo":{"@type":"ImageObject","inLanguage":"cs","@id":"https:\/\/chemsfine.com\/#\/schema\/logo\/image\/","url":"https:\/\/chemsfine.com\/wp-content\/uploads\/2024\/09\/final-logo.png","contentUrl":"https:\/\/chemsfine.com\/wp-content\/uploads\/2024\/09\/final-logo.png","width":340,"height":72,"caption":"Chemsfine"},"image":{"@id":"https:\/\/chemsfine.com\/#\/schema\/logo\/image\/"}}]}},"_links":{"self":[{"href":"https:\/\/chemsfine.com\/cs\/wp-json\/wp\/v2\/product\/6345","targetHints":{"allow":["GET"]}}],"collection":[{"href":"https:\/\/chemsfine.com\/cs\/wp-json\/wp\/v2\/product"}],"about":[{"href":"https:\/\/chemsfine.com\/cs\/wp-json\/wp\/v2\/types\/product"}],"replies":[{"embeddable":true,"href":"https:\/\/chemsfine.com\/cs\/wp-json\/wp\/v2\/comments?post=6345"}],"wp:featuredmedia":[{"embeddable":true,"href":"https:\/\/chemsfine.com\/cs\/wp-json\/wp\/v2\/media\/6385"}],"wp:attachment":[{"href":"https:\/\/chemsfine.com\/cs\/wp-json\/wp\/v2\/media?parent=6345"}],"wp:term":[{"taxonomy":"product_brand","embeddable":true,"href":"https:\/\/chemsfine.com\/cs\/wp-json\/wp\/v2\/product_brand?post=6345"},{"taxonomy":"product_cat","embeddable":true,"href":"https:\/\/chemsfine.com\/cs\/wp-json\/wp\/v2\/product_cat?post=6345"},{"taxonomy":"product_tag","embeddable":true,"href":"https:\/\/chemsfine.com\/cs\/wp-json\/wp\/v2\/product_tag?post=6345"}],"curies":[{"name":"wp","href":"https:\/\/api.w.org\/{rel}","templated":true}]}}