{"id":6427,"date":"2026-02-12T10:05:06","date_gmt":"2026-02-12T10:05:06","guid":{"rendered":"https:\/\/chemsfine.com\/?post_type=product&#038;p=6427"},"modified":"2026-03-25T13:10:16","modified_gmt":"2026-03-25T13:10:16","slug":"buy-2ci-chemical","status":"publish","type":"product","link":"https:\/\/chemsfine.com\/cs\/product\/buy-2ci-chemical\/","title":{"rendered":"2C-I Research Chemical Na prodej"},"content":{"rendered":"<p>V\u00edtejte na str\u00e1nk\u00e1ch Chemsfine, va\u0161\u00ed hlavn\u00ed destinace pro <b>koupit 2C-I na prodej<\/b>, vysoce \u010dist\u00e1 v\u00fdzkumn\u00e1 chemik\u00e1lie navr\u017een\u00e1 pro p\u0159esn\u00e9 laboratorn\u00ed a forenzn\u00ed aplikace. Spole\u010dnost Chemsfine jako p\u0159edn\u00ed dodavatel hrd\u011b nab\u00edz\u00ed 2C-I, zn\u00e1m\u00fd tak\u00e9 jako 2,5-dimethoxy-4-jodofenylamin, a zaji\u0161\u0165uje tak v\u00fdzkumn\u00fdm pracovn\u00edk\u016fm a instituc\u00edm p\u0159\u00edstup ke slou\u010denin\u00e1m nejvy\u0161\u0161\u00ed kvality. Pokud si chcete koupit 2C-I online, n\u00e1\u0161 z\u00e1vazek k dokonalosti v\u00e1m zaru\u010d\u00ed, \u017ee obdr\u017e\u00edte produkt dokonale vhodn\u00fd pro p\u0159\u00edsn\u00e9 v\u011bdeck\u00e9 zkoum\u00e1n\u00ed. Ch\u00e1peme z\u00e1sadn\u00ed v\u00fdznam spolehliv\u00fdch a konzistentn\u00edch materi\u00e1l\u016f v jak\u00e9mkoli v\u00fdzkumn\u00e9m \u00fasil\u00ed, a proto je n\u00e1\u0161 2C-I Research Chem prezentov\u00e1n s bezkonkuren\u010dn\u00ed \u010distotou. Tato vyhled\u00e1van\u00e1 slou\u010denina p\u0159edstavuje v\u00fdznamn\u00fd n\u00e1stroj pro podrobn\u00e9 studie, d\u00edky \u010demu\u017e je nezbytnou akvizic\u00ed pro specializovan\u00e9 v\u00fdzkumn\u00e9 pracovn\u00edky po cel\u00e9m sv\u011bt\u011b. Zakupte si tuto laboratorn\u00ed slou\u010deninu 2C-I bezpe\u010dn\u011b na na\u0161\u00ed platform\u011b, kde najdete i dal\u0161\u00ed v\u00fdzkumn\u00e9 slou\u010deniny, jako nap\u0159. <a href=\"https:\/\/chemsfine.com\/cs\/produkt\/buy-dmt-crystals-online\/\">vysoce kvalitn\u00ed krystaly DMT<\/a> pro va\u0161e rozmanit\u00e9 projekty.<\/p>\n<h2>Co je 2C-I?<\/h2>\n<p>2C-I je v\u00fdznamn\u00fdm \u010dlenem fascinuj\u00edc\u00ed skupiny 2,5-fenylethylamin\u016f, kter\u00e1 je ve v\u011bdeck\u00e9 komunit\u011b \u0161iroce uzn\u00e1v\u00e1na jako 2C. Tyto slou\u010deniny jsou intenzivn\u011b studov\u00e1ny pro sv\u00e9 jedine\u010dn\u00e9 psychoaktivn\u00ed \u00fa\u010dinky, co\u017e podn\u00edtilo r\u016fznorod\u00fd v\u00fdzkum neurologick\u00fdch drah a interakc\u00ed s receptory. Zat\u00edmco mnoho l\u00e1tek z \u0159ady 2C je za\u0159azeno do seznamu neleg\u00e1ln\u00edch l\u00e1tek kv\u016fli jejich potenci\u00e1ln\u00edmu zneu\u017eit\u00ed, <b>2C-I (hydrochlorid) na prodej<\/b> spole\u010dnost\u00ed Chemsfine jsou ur\u010deny v\u00fdhradn\u011b pro legitimn\u00ed v\u00fdzkumn\u00e9 a forenzn\u00ed \u00fa\u010dely. Form\u00e1ln\u011b je 2C-I (hydrochlorid) p\u0159esn\u011b identifikov\u00e1n jako 2,5-dimethoxy-4-jodofenetylamin. Jeho slo\u017eit\u00e1 chemick\u00e1 struktura je z\u00e1kladem jeho odli\u0161n\u00e9ho farmakologick\u00e9ho profilu. Stejn\u011b jako ostatn\u00ed 2C funguje 2C-I (hydrochlorid) jako inhibitor monoaminooxid\u00e1zy (MAOI). Tento mechanismus je pro v\u00fdzkumn\u00edky obzvl\u00e1\u0161t\u011b v\u00fdznamn\u00fd, proto\u017ee zahrnuje blokov\u00e1n\u00ed enzymatick\u00e9ho odbour\u00e1v\u00e1n\u00ed kl\u00ed\u010dov\u00fdch neurotransmiter\u016f, jako je serotonin a noradrenalin. Studie konkr\u00e9tn\u011b uv\u00e1d\u011bj\u00ed hodnoty IC50 79 \u00b5M pro serotonin a 37 \u00b5M pro noradrenalin, co\u017e zd\u016fraz\u0148uje jeho siln\u00fd inhibi\u010dn\u00ed \u00fa\u010dinek na tyto dr\u00e1hy. D\u016fle\u017eit\u00e9 je, \u017ee 2C-I nevykazuje v\u00fdznamnou inhibici odbour\u00e1v\u00e1n\u00ed dopaminu, co\u017e nab\u00edz\u00ed diferencovan\u00fd profil pro selektivn\u00ed v\u00fdzkum neurotransmiter\u016f. Krom\u011b toho byl metabolismus 2C-I d\u016fkladn\u011b pops\u00e1n v r\u016fzn\u00fdch v\u011bdeck\u00fdch publikac\u00edch, co\u017e poskytuje cenn\u00e9 \u00fadaje pro farmakokinetick\u00e9 a toxikologick\u00e9 v\u00fdzkumy. V\u00fdzkumn\u00ed pracovn\u00edci, kte\u0159\u00ed hledaj\u00ed \u0161pi\u010dkovou kvalitu 2C-I, se mohou spolehnout na spole\u010dnost Chemsfine, kter\u00e1 nab\u00edz\u00ed bezkonkuren\u010dn\u00ed integritu produktu.<\/p>\n<table>\n<thead>\n<tr>\n<th>Majetek<\/th>\n<th>Detail<\/th>\n<\/tr>\n<\/thead>\n<tbody>\n<tr>\n<td>Form\u00e1ln\u00ed n\u00e1zev<\/td>\n<td>2,5-dimethoxy-4-jodofenylamin (hydrochlorid)<\/td>\n<\/tr>\n<tr>\n<td>Chemick\u00e1 t\u0159\u00edda<\/td>\n<td>2,5-fenylamin<\/td>\n<\/tr>\n<tr>\n<td>Prim\u00e1rn\u00ed mechanismus<\/td>\n<td>Inhibitor monoaminooxid\u00e1zy (MAOI)<\/td>\n<\/tr>\n<tr>\n<td>C\u00edlen\u00e9 neurotransmitery<\/td>\n<td>Serotonin, noradrenalin (ne dopamin)<\/td>\n<\/tr>\n<tr>\n<td>Zam\u00fd\u0161len\u00e9 pou\u017eit\u00ed<\/td>\n<td>V\u00fdzkum a forenzn\u00ed aplikace<\/td>\n<\/tr>\n<tr>\n<td>Purity<\/td>\n<td>Vysok\u00e1 \u010distota, laboratorn\u00ed t\u0159\u00edda<\/td>\n<\/tr>\n<\/tbody>\n<\/table>\n<h2>Pro\u010d koupit 2C-I online od spole\u010dnosti Chemsfine?<\/h2>\n<p>V\u00fdb\u011br m\u00edsta n\u00e1kupu v\u00fdzkumn\u00fdch chemik\u00e1li\u00ed je z\u00e1sadn\u00edm rozhodnut\u00edm, kter\u00e9 ovliv\u0148uje platnost a spolehlivost va\u0161ich v\u011bdeck\u00fdch v\u00fdsledk\u016f. Kdy\u017e se rozhodnete <b>koupit 2C-I online<\/b>, Chemsfine vynik\u00e1 jako d\u016fv\u011bryhodn\u00fd partner, kter\u00fd se zav\u00e1zal poskytovat bezkonkuren\u010dn\u00ed kvalitu a integritu. Ch\u00e1peme, \u017ee v\u00fdzkumn\u00ed pracovn\u00edci po\u017eaduj\u00ed nejlep\u0161\u00ed dostupn\u00e9 2C-I, a na\u0161e p\u0159\u00edsn\u00e9 procesy kontroly kvality zaji\u0161\u0165uj\u00ed, \u017ee ka\u017ed\u00e1 \u0161ar\u017ee spl\u0148uje p\u0159\u00edsn\u00e9 normy \u010distoty. Na\u0161e odhodl\u00e1n\u00ed poskytovat laboratorn\u00ed kvalitu 2C-I znamen\u00e1, \u017ee m\u016f\u017eete pokra\u010dovat ve sv\u00fdch experimentech s jistotou konzistence a p\u0159esnosti v\u00fdchoz\u00edch materi\u00e1l\u016f. Ka\u017ed\u00fd produkt, v\u010detn\u011b na\u0161eho vysoce \u010dist\u00e9ho 2C-I, proch\u00e1z\u00ed pe\u010dlivou anal\u00fdzou, p\u0159i\u010dem\u017e jsou snadno dostupn\u00e9 komplexn\u00ed analytick\u00e9 \u00fadaje, kter\u00e9 potvrzuj\u00ed jeho slo\u017een\u00ed a \u010distotu. Tento z\u00e1vazek transparentnosti a kvality stav\u00ed spole\u010dnost Chemsfine do pozice p\u0159edn\u00ed volby pro v\u00fdzkumn\u00e9 instituce i jednotliv\u00e9 v\u011bdce, kte\u0159\u00ed hledaj\u00ed bezpe\u010dn\u00fd n\u00e1kup. V\u00fdb\u011brem spole\u010dnosti Chemsfine se rozhodujete pro dodavatele, kter\u00fd up\u0159ednost\u0148uje v\u011bdeckou p\u0159esnost a spokojenost v\u00fdzkumn\u00fdch pracovn\u00edk\u016f, co\u017e z procesu \u010din\u00ed <b>koupit 2C-I na prodej<\/b> spolehliv\u00e9 a p\u0159\u00edmo\u010dar\u00e9. Prozkoumejte n\u00e1\u0161 rozs\u00e1hl\u00fd katalog, kter\u00fd obsahuje nap\u0159\u00edklad tyto slou\u010deniny <a href=\"https:\/\/chemsfine.com\/cs\/produkt\/buy-mdpv-methylenedioxypyrovalerone\/\">MDVP pro v\u00fdzkum<\/a>, kter\u00e9 spln\u00ed v\u0161echny va\u0161e v\u011bdeck\u00e9 pot\u0159eby.<\/p>\n<h2>Aplikace 2C-I<\/h2>\n<p>Vyu\u017eitelnost syst\u00e9mu 2C-I je soust\u0159ed\u011bna p\u0159edev\u0161\u00edm do v\u011bdeck\u00e9 oblasti, co\u017e z n\u011bj \u010din\u00ed neoceniteln\u00fd n\u00e1stroj pro pokro\u010dil\u00fd v\u00fdzkum i kritick\u00e9 forenzn\u00ed aplikace. Tato vysoce \u010dist\u00e1 slou\u010denina nab\u00edz\u00ed jedine\u010dn\u00fd chemick\u00fd profil, kter\u00fd umo\u017e\u0148uje \u0161irokou \u0161k\u00e1lu vy\u0161et\u0159ovac\u00edch mo\u017enost\u00ed.<\/p>\n<ul>\n<li><b>Neurov\u011bdeck\u00fd v\u00fdzkum:<\/b> Vyu\u017e\u00edv\u00e1 se ve studi\u00edch zkoumaj\u00edc\u00edch slo\u017eit\u00e9 mechanismy inhibice monoaminooxid\u00e1zy a jej\u00ed \u00fa\u010dinky na serotoninov\u00e9 a noradrenalinov\u00e9 dr\u00e1hy v neurologick\u00fdch syst\u00e9mech.<\/li>\n<li><b>Farmakologick\u00e9 studie:<\/b> Z\u00e1sadn\u00ed pro zkoum\u00e1n\u00ed farmakologick\u00fdch vlastnost\u00ed in vitro a in vivo deriv\u00e1t\u016f fenetylaminu, co\u017e p\u0159isp\u00edv\u00e1 k pochopen\u00ed vztah\u016f mezi strukturou a aktivitou.<\/li>\n<li><b>Analytick\u00e1 chemie:<\/b> Slou\u017e\u00ed jako referen\u010dn\u00ed standard pro v\u00fdvoj a validaci analytick\u00fdch metod, v\u010detn\u011b chromatografie (GC\/MS, LC\/MS) pro identifikaci a kvantifikaci regulovan\u00fdch l\u00e1tek.<\/li>\n<li><b>Forenzn\u00ed toxikologie:<\/b> Pou\u017e\u00edvaj\u00ed se ve forenzn\u00edch laborato\u0159\u00edch pro screening, identifikaci a konfirmaci v toxikologick\u00fdch p\u0159\u00edpadech a pom\u00e1haj\u00ed p\u0159i odhalov\u00e1n\u00ed nov\u00fdch psychoaktivn\u00edch l\u00e1tek.<\/li>\n<li><b>V\u00fdzkum metabolismu l\u00e9\u010div:<\/b> Slou\u017e\u00ed ke studiu jeho metabolick\u00fdch drah a identifikaci metabolit\u016f, co\u017e je z\u00e1sadn\u00ed pro pochopen\u00ed jeho farmakokinetiky a potenci\u00e1ln\u00edho vlivu na lidskou fyziologii.<\/li>\n<li><b>Testy vazby na receptory:<\/b> D\u016fle\u017eit\u00e9 pro testy ur\u010den\u00e9 k charakterizaci vazebn\u00fdch afinit k r\u016fzn\u00fdm neurotransmiterov\u00fdm receptor\u016fm, kter\u00e9 poskytuj\u00ed poznatky o jejich potenci\u00e1ln\u00edch terapeutick\u00fdch nebo ne\u017e\u00e1douc\u00edch \u00fa\u010dinc\u00edch.<\/li>\n<li><b>V\u00fdvoj metody:<\/b> Pom\u00e1h\u00e1 p\u0159i v\u00fdvoji nov\u00fdch analytick\u00fdch technik pro detekci nov\u00fdch psychoaktivn\u00edch l\u00e1tek v biologick\u00fdch vzorc\u00edch nebo zabaven\u00fdch materi\u00e1lech.<\/li>\n<\/ul>\n<p>V\u00fdzkumn\u00edci po cel\u00e9m sv\u011bt\u011b spol\u00e9haj\u00ed na vysokou \u010distotu <b>2C-I<\/b> od spole\u010dnosti Chemsfine, aby zajistili integritu a reprodukovatelnost sv\u00fdch experiment\u016f v t\u011bchto r\u016fzn\u00fdch oblastech. Poskytujeme tak\u00e9 <a href=\"https:\/\/chemsfine.com\/cs\/produkt\/buy-dmt-crystals-online\/\">Krystaly DMT pro v\u00fdzkum<\/a>, a dodr\u017euje stejn\u00e9 p\u0159\u00edsn\u00e9 normy kvality.<\/p>\n<h2>Bezpe\u010dnost a dodr\u017eov\u00e1n\u00ed p\u0159edpis\u016f pro manipulaci 2C-I<\/h2>\n<p>Manipulace s v\u00fdzkumn\u00fdmi chemik\u00e1liemi, jako je 2C-I, vy\u017eaduje p\u0159\u00edsn\u00e9 dodr\u017eov\u00e1n\u00ed bezpe\u010dnostn\u00edch protokol\u016f a regula\u010dn\u00edch pokyn\u016f, aby bylo zaji\u0161t\u011bno bezpe\u010dn\u00e9 pracovn\u00ed prost\u0159ed\u00ed. P\u0159i n\u00e1kupu <b>2C-I na prodej<\/b>, je nezbytn\u00e9 zav\u00e9st komplexn\u00ed bezpe\u010dnostn\u00ed opat\u0159en\u00ed. V\u00fdzkumn\u00ed pracovn\u00edci mus\u00ed v\u017edy pou\u017e\u00edvat vhodn\u00e9 osobn\u00ed ochrann\u00e9 prost\u0159edky (OOP), v\u010detn\u011b laboratorn\u00edch pl\u00e1\u0161\u0165\u016f, ochrann\u00fdch br\u00fdl\u00ed a chemicky odoln\u00fdch rukavic, aby se minimalizovala rizika expozice. Ve\u0161ker\u00e1 pr\u00e1ce s 2C-I by m\u011bla b\u00fdt prov\u00e1d\u011bna v dob\u0159e v\u011btran\u00e9m, kontrolovan\u00e9m prost\u0159ed\u00ed, ide\u00e1ln\u011b v chemick\u00e9 digesto\u0159i, aby se zabr\u00e1nilo vdechnut\u00ed \u010d\u00e1stic p\u0159en\u00e1\u0161en\u00fdch vzduchem. Krom\u011b toho je nejd\u016fle\u017eit\u011bj\u0161\u00ed zn\u00e1t a dodr\u017eovat v\u0161echny platn\u00e9 region\u00e1ln\u00ed a institucion\u00e1ln\u00ed p\u0159edpisy t\u00fdkaj\u00edc\u00ed se skladov\u00e1n\u00ed, manipulace a likvidace v\u00fdzkumn\u00fdch chemik\u00e1li\u00ed. Spole\u010dnost Chemsfine se zav\u00e1zala k odpov\u011bdn\u00e9 distribuci, a proto poskytuje z\u00e1kladn\u00ed bezpe\u010dnostn\u00ed dokumentaci. Pro 2C-I jsou k dispozici bezpe\u010dnostn\u00ed listy (SDS), kter\u00e9 nab\u00edzej\u00ed d\u016fle\u017eit\u00e9 informace o jeho nebezpe\u010dnosti, postupech bezpe\u010dn\u00e9 manipulace a nouzov\u00fdch opat\u0159en\u00edch. Poskytujeme tak\u00e9 certifik\u00e1ty o anal\u00fdze (CoA), kter\u00e9 podrobn\u011b popisuj\u00ed \u010distotu a charakterizaci na\u0161\u00ed laboratorn\u00ed t\u0159\u00eddy 2C-I, \u010d\u00edm\u017e zaji\u0161\u0165ujeme transparentnost a odpov\u011bdnost. Bezpe\u010dn\u00fd n\u00e1kup zahrnuje nejen z\u00edsk\u00e1n\u00ed produktu, ale tak\u00e9 pot\u0159ebn\u00fdch informac\u00ed pro bezpe\u010dn\u00e9 a vyhovuj\u00edc\u00ed zach\u00e1zen\u00ed s n\u00edm. M\u016f\u017eete tak\u00e9 bezpe\u010dn\u011b <a href=\"https:\/\/chemsfine.com\/cs\/produkt\/buy-mdpv-methylenedioxypyrovalerone\/\">koupit MDPV Methylenedioxypyrovalerone<\/a> s podobn\u00fdm d\u016frazem na bezpe\u010dnost.<\/p>\n<h2>Pro\u010d si vybrat Chemsfine pro sv\u00e9 pot\u0159eby v oblasti v\u00fdzkumn\u00fdch chemik\u00e1li\u00ed?<\/h2>\n<p>Pokud se rozhodnete objednat 2C-I online, je pro \u00fasp\u011bch va\u0161eho v\u00fdzkumu z\u00e1sadn\u00ed v\u00fdb\u011br dodavatele. Spole\u010dnost Chemsfine se vyzna\u010duje neochv\u011bjn\u00fdm z\u00e1vazkem ke kvalit\u011b, transparentnosti a spokojenosti z\u00e1kazn\u00edk\u016f. Poskytujeme mimo\u0159\u00e1dn\u011b vysokou \u010distotu <b>2C-I na prodej<\/b>, podpo\u0159en\u00fd rozs\u00e1hlou dokumentac\u00ed. N\u00e1\u0161 slib zahrnuje:<\/p>\n<ul>\n<li><b>Pr\u016fhledn\u00e9 detaily:<\/b> Nab\u00edz\u00edme jasn\u00e9 a podrobn\u00e9 specifikace produktu, v\u010detn\u011b chemick\u00e9 struktury, \u00farovn\u011b \u010distoty a analytick\u00fdch \u00fadaj\u016f, d\u00edky \u010demu\u017e budete p\u0159esn\u011b v\u011bd\u011bt, co kupujete.<\/li>\n<li><b>Ov\u011b\u0159en\u00e9 z\u00e1znamy o \u0161ar\u017e\u00edch:<\/b> Ka\u017ed\u00e1 \u0161ar\u017ee na\u0161\u00ed laboratorn\u00ed t\u0159\u00eddy 2C-I je opat\u0159ena pe\u010dliv\u011b ov\u011b\u0159en\u00fdmi z\u00e1znamy, kter\u00e9 zaru\u010duj\u00ed konzistenci a sledovatelnost pro va\u0161e kritick\u00e9 experimenty.<\/li>\n<li><b>Konkuren\u010dn\u00ed ceny:<\/b> Sna\u017e\u00edme se nab\u00edzet nejlep\u0161\u00ed cenu 2C-I bez kompromis\u016f v kvalit\u011b a zp\u0159\u00edstupnit tak vysoce kvalitn\u00ed v\u00fdzkumn\u00e9 chemik\u00e1lie \u0161ir\u0161\u00ed v\u011bdeck\u00e9 komunit\u011b.<\/li>\n<li><b>Spolehliv\u00e9 z\u00e1sobov\u00e1n\u00ed:<\/b> D\u00edky d\u016fkladn\u00e9mu \u0159\u00edzen\u00ed z\u00e1sob a efektivn\u00ed logistice zaji\u0161\u0165ujeme st\u00e1l\u00e9 a spolehliv\u00e9 dod\u00e1vky 2C-I, kter\u00e9 bez p\u0159eru\u0161en\u00ed podporuj\u00ed va\u0161e prob\u00edhaj\u00edc\u00ed v\u00fdzkumn\u00e9 projekty.<\/li>\n<li><b>V\u00fdjime\u010dn\u00e1 z\u00e1kaznick\u00e1 podpora:<\/b> N\u00e1\u0161 zku\u0161en\u00fd t\u00fdm je v\u017edy p\u0159ipraven pomoci s jak\u00fdmikoliv dotazy a poskytnout v\u00e1m odborn\u00e9 poradenstv\u00ed a podporu po celou dobu va\u0161eho n\u00e1kupu.<\/li>\n<\/ul>\n<p>Volba spole\u010dnosti Chemsfine znamen\u00e1, \u017ee se rozhodnete pro bezpe\u010dn\u00fd n\u00e1kup a partnera, jeho\u017e c\u00edlem je usnadnit pr\u016flomov\u00e9 v\u011bdeck\u00e9 objevy.<\/p>\n<h2>Z\u00e1v\u011br<\/h2>\n<p>Z\u00e1v\u011brem lze \u0159\u00edci, \u017ee pro v\u00fdzkumn\u00e9 pracovn\u00edky a forenzn\u00ed odborn\u00edky, kte\u0159\u00ed hledaj\u00ed vysoce kvalitn\u00ed a spolehliv\u00fd zdroj, je t\u0159eba <b>koupit 2C-I na prodej<\/b>, Chemsfine je va\u0161\u00edm kone\u010dn\u00fdm c\u00edlem. N\u00e1\u0161 z\u00e1vazek poskytovat prvot\u0159\u00eddn\u00ed laboratorn\u00ed materi\u00e1l 2C-I spolu s p\u0159\u00edsnou kontrolou kvality a v\u00fdjime\u010dn\u00fdm z\u00e1kaznick\u00fdm servisem zaji\u0161\u0165uje, \u017ee va\u0161e v\u00fdzkumn\u00e9 \u00fasil\u00ed bude podpo\u0159eno t\u011bmi nejlep\u0161\u00edmi dostupn\u00fdmi materi\u00e1ly. Od podrobn\u00fdch farmakologick\u00fdch studi\u00ed a\u017e po z\u00e1sadn\u00ed forenzn\u00ed anal\u00fdzy - \u010distota a konzistence na\u0161eho 2C-I Research Chem z n\u011bj \u010din\u00ed ide\u00e1ln\u00ed volbu. Zveme v\u00e1s, abyste si vyzkou\u0161eli rozd\u00edl Chemsfine t\u00edm, \u017ee je\u0161t\u011b dnes provedete bezpe\u010dn\u00fd n\u00e1kup online. D\u016fv\u011b\u0159ujte spole\u010dnosti Chemsfine, \u017ee bude va\u0161\u00edm partnerem v objevov\u00e1n\u00ed a bude v\u00e1m dod\u00e1vat z\u00e1kladn\u00ed slou\u010deniny, kter\u00e9 pot\u0159ebujete k \u00fasp\u011bchu.<\/p>","protected":false},"excerpt":{"rendered":"<p>Zajist\u011bte si vysokou \u010distotu <b>2C-I na prodej<\/b> v Chemsfine. Tato v\u00fdzkumn\u00e1 chemik\u00e1lie, 2,5-dimethoxy-4-jodofenylamin, je ide\u00e1ln\u00ed pro pokro\u010dil\u00e9 forenzn\u00ed a laboratorn\u00ed studie. Nakupujte online je\u0161t\u011b dnes u spole\u010dnosti Chemsfine a z\u00edskejte v\u00fdjime\u010dnou kvalitu a spolehlivost.<\/p>","protected":false},"featured_media":6455,"comment_status":"open","ping_status":"closed","template":"","meta":{"_joinchat":[]},"product_brand":[],"product_cat":[936],"product_tag":[],"class_list":{"0":"post-6427","1":"product","2":"type-product","3":"status-publish","4":"has-post-thumbnail","6":"product_cat-research-chemicals","8":"first","9":"instock","10":"shipping-taxable","11":"purchasable","12":"product-type-variable"},"yoast_head":"<!-- This site is optimized with the Yoast SEO plugin v27.2 - https:\/\/yoast.com\/product\/yoast-seo-wordpress\/ -->\n<title>Buy 2C-I Research Chemical Online - Chemsfine Best Price<\/title>\n<meta name=\"description\" content=\"Explore high-purity 2C-I research chemical for sale at Chemsfine. Buy online today for forensic and research applications with secure purchasing and best prices.\" \/>\n<meta name=\"robots\" content=\"index, follow, max-snippet:-1, max-image-preview:large, max-video-preview:-1\" \/>\n<link rel=\"canonical\" href=\"https:\/\/chemsfine.com\/cs\/produkt\/buy-2ci-chemical\/\" \/>\n<meta property=\"og:locale\" content=\"cs_CZ\" \/>\n<meta property=\"og:type\" content=\"article\" \/>\n<meta property=\"og:title\" content=\"Buy 2C-I Research Chemical Online - Chemsfine Best Price\" \/>\n<meta property=\"og:description\" content=\"Explore high-purity 2C-I research chemical for sale at Chemsfine. Buy online today for forensic and research applications with secure purchasing and best prices.\" \/>\n<meta property=\"og:url\" content=\"https:\/\/chemsfine.com\/cs\/produkt\/buy-2ci-chemical\/\" \/>\n<meta property=\"og:site_name\" content=\"Chemsfine\" \/>\n<meta property=\"article:modified_time\" content=\"2026-03-25T13:10:16+00:00\" \/>\n<meta property=\"og:image\" content=\"https:\/\/chemsfine.com\/wp-content\/uploads\/2026\/02\/2c-i-2.jpg\" \/>\n\t<meta property=\"og:image:width\" content=\"250\" \/>\n\t<meta property=\"og:image:height\" content=\"141\" \/>\n\t<meta property=\"og:image:type\" content=\"image\/jpeg\" \/>\n<meta name=\"twitter:card\" content=\"summary_large_image\" \/>\n<meta name=\"twitter:label1\" content=\"Odhadovan\u00e1 doba \u010dten\u00ed\" \/>\n\t<meta name=\"twitter:data1\" content=\"6 minut\" \/>\n<script type=\"application\/ld+json\" class=\"yoast-schema-graph\">{\"@context\":\"https:\/\/schema.org\",\"@graph\":[{\"@type\":\"WebPage\",\"@id\":\"https:\/\/chemsfine.com\/product\/buy-2ci-chemical\/\",\"url\":\"https:\/\/chemsfine.com\/product\/buy-2ci-chemical\/\",\"name\":\"Buy 2C-I Research Chemical Online - Chemsfine Best Price\",\"isPartOf\":{\"@id\":\"https:\/\/chemsfine.com\/#website\"},\"primaryImageOfPage\":{\"@id\":\"https:\/\/chemsfine.com\/product\/buy-2ci-chemical\/#primaryimage\"},\"image\":{\"@id\":\"https:\/\/chemsfine.com\/product\/buy-2ci-chemical\/#primaryimage\"},\"thumbnailUrl\":\"https:\/\/chemsfine.com\/wp-content\/uploads\/2026\/02\/2c-i-2.jpg\",\"datePublished\":\"2026-02-12T10:05:06+00:00\",\"dateModified\":\"2026-03-25T13:10:16+00:00\",\"description\":\"Explore high-purity 2C-I research chemical for sale at Chemsfine. Buy online today for forensic and research applications with secure purchasing and best prices.\",\"breadcrumb\":{\"@id\":\"https:\/\/chemsfine.com\/product\/buy-2ci-chemical\/#breadcrumb\"},\"inLanguage\":\"cs\",\"potentialAction\":[{\"@type\":\"ReadAction\",\"target\":[\"https:\/\/chemsfine.com\/product\/buy-2ci-chemical\/\"]}]},{\"@type\":\"ImageObject\",\"inLanguage\":\"cs\",\"@id\":\"https:\/\/chemsfine.com\/product\/buy-2ci-chemical\/#primaryimage\",\"url\":\"https:\/\/chemsfine.com\/wp-content\/uploads\/2026\/02\/2c-i-2.jpg\",\"contentUrl\":\"https:\/\/chemsfine.com\/wp-content\/uploads\/2026\/02\/2c-i-2.jpg\",\"width\":250,\"height\":141},{\"@type\":\"BreadcrumbList\",\"@id\":\"https:\/\/chemsfine.com\/product\/buy-2ci-chemical\/#breadcrumb\",\"itemListElement\":[{\"@type\":\"ListItem\",\"position\":1,\"name\":\"Home\",\"item\":\"https:\/\/chemsfine.com\/\"},{\"@type\":\"ListItem\",\"position\":2,\"name\":\"Shop\",\"item\":\"https:\/\/chemsfine.com\/shop\/\"},{\"@type\":\"ListItem\",\"position\":3,\"name\":\"2C-I Research Chemical For Sale\"}]},{\"@type\":\"WebSite\",\"@id\":\"https:\/\/chemsfine.com\/#website\",\"url\":\"https:\/\/chemsfine.com\/\",\"name\":\"Chemsfine\",\"description\":\"My WordPress Blog\",\"publisher\":{\"@id\":\"https:\/\/chemsfine.com\/#organization\"},\"potentialAction\":[{\"@type\":\"SearchAction\",\"target\":{\"@type\":\"EntryPoint\",\"urlTemplate\":\"https:\/\/chemsfine.com\/?s={search_term_string}\"},\"query-input\":{\"@type\":\"PropertyValueSpecification\",\"valueRequired\":true,\"valueName\":\"search_term_string\"}}],\"inLanguage\":\"cs\"},{\"@type\":\"Organization\",\"@id\":\"https:\/\/chemsfine.com\/#organization\",\"name\":\"Chemsfine\",\"url\":\"https:\/\/chemsfine.com\/\",\"logo\":{\"@type\":\"ImageObject\",\"inLanguage\":\"cs\",\"@id\":\"https:\/\/chemsfine.com\/#\/schema\/logo\/image\/\",\"url\":\"https:\/\/chemsfine.com\/wp-content\/uploads\/2024\/09\/final-logo.png\",\"contentUrl\":\"https:\/\/chemsfine.com\/wp-content\/uploads\/2024\/09\/final-logo.png\",\"width\":340,\"height\":72,\"caption\":\"Chemsfine\"},\"image\":{\"@id\":\"https:\/\/chemsfine.com\/#\/schema\/logo\/image\/\"}}]}<\/script>\n<!-- \/ Yoast SEO plugin. -->","yoast_head_json":{"title":"Koupit 2C-I Research Chemical Online - Chemsfine Nejlep\u0161\u00ed cena","description":"Prozkoumejte vysoce \u010distou v\u00fdzkumnou chemik\u00e1lii 2C-I na prodej na Chemsfine. Nakupujte online je\u0161t\u011b dnes pro forenzn\u00ed a v\u00fdzkumn\u00e9 aplikace s bezpe\u010dn\u00fdm n\u00e1kupem a nejlep\u0161\u00edmi cenami.","robots":{"index":"index","follow":"follow","max-snippet":"max-snippet:-1","max-image-preview":"max-image-preview:large","max-video-preview":"max-video-preview:-1"},"canonical":"https:\/\/chemsfine.com\/cs\/produkt\/buy-2ci-chemical\/","og_locale":"cs_CZ","og_type":"article","og_title":"Buy 2C-I Research Chemical Online - Chemsfine Best Price","og_description":"Explore high-purity 2C-I research chemical for sale at Chemsfine. Buy online today for forensic and research applications with secure purchasing and best prices.","og_url":"https:\/\/chemsfine.com\/cs\/produkt\/buy-2ci-chemical\/","og_site_name":"Chemsfine","article_modified_time":"2026-03-25T13:10:16+00:00","og_image":[{"width":250,"height":141,"url":"https:\/\/chemsfine.com\/wp-content\/uploads\/2026\/02\/2c-i-2.jpg","type":"image\/jpeg"}],"twitter_card":"summary_large_image","twitter_misc":{"Odhadovan\u00e1 doba \u010dten\u00ed":"6 minut"},"schema":{"@context":"https:\/\/schema.org","@graph":[{"@type":"WebPage","@id":"https:\/\/chemsfine.com\/product\/buy-2ci-chemical\/","url":"https:\/\/chemsfine.com\/product\/buy-2ci-chemical\/","name":"Koupit 2C-I Research Chemical Online - Chemsfine Nejlep\u0161\u00ed cena","isPartOf":{"@id":"https:\/\/chemsfine.com\/#website"},"primaryImageOfPage":{"@id":"https:\/\/chemsfine.com\/product\/buy-2ci-chemical\/#primaryimage"},"image":{"@id":"https:\/\/chemsfine.com\/product\/buy-2ci-chemical\/#primaryimage"},"thumbnailUrl":"https:\/\/chemsfine.com\/wp-content\/uploads\/2026\/02\/2c-i-2.jpg","datePublished":"2026-02-12T10:05:06+00:00","dateModified":"2026-03-25T13:10:16+00:00","description":"Prozkoumejte vysoce \u010distou v\u00fdzkumnou chemik\u00e1lii 2C-I na prodej na Chemsfine. Nakupujte online je\u0161t\u011b dnes pro forenzn\u00ed a v\u00fdzkumn\u00e9 aplikace s bezpe\u010dn\u00fdm n\u00e1kupem a nejlep\u0161\u00edmi cenami.","breadcrumb":{"@id":"https:\/\/chemsfine.com\/product\/buy-2ci-chemical\/#breadcrumb"},"inLanguage":"cs","potentialAction":[{"@type":"ReadAction","target":["https:\/\/chemsfine.com\/product\/buy-2ci-chemical\/"]}]},{"@type":"ImageObject","inLanguage":"cs","@id":"https:\/\/chemsfine.com\/product\/buy-2ci-chemical\/#primaryimage","url":"https:\/\/chemsfine.com\/wp-content\/uploads\/2026\/02\/2c-i-2.jpg","contentUrl":"https:\/\/chemsfine.com\/wp-content\/uploads\/2026\/02\/2c-i-2.jpg","width":250,"height":141},{"@type":"BreadcrumbList","@id":"https:\/\/chemsfine.com\/product\/buy-2ci-chemical\/#breadcrumb","itemListElement":[{"@type":"ListItem","position":1,"name":"Home","item":"https:\/\/chemsfine.com\/"},{"@type":"ListItem","position":2,"name":"Shop","item":"https:\/\/chemsfine.com\/shop\/"},{"@type":"ListItem","position":3,"name":"2C-I Research Chemical For Sale"}]},{"@type":"WebSite","@id":"https:\/\/chemsfine.com\/#website","url":"https:\/\/chemsfine.com\/","name":"Chemsfine","description":"M\u016fj blog WordPress","publisher":{"@id":"https:\/\/chemsfine.com\/#organization"},"potentialAction":[{"@type":"SearchAction","target":{"@type":"EntryPoint","urlTemplate":"https:\/\/chemsfine.com\/?s={search_term_string}"},"query-input":{"@type":"PropertyValueSpecification","valueRequired":true,"valueName":"search_term_string"}}],"inLanguage":"cs"},{"@type":"Organization","@id":"https:\/\/chemsfine.com\/#organization","name":"Chemsfine","url":"https:\/\/chemsfine.com\/","logo":{"@type":"ImageObject","inLanguage":"cs","@id":"https:\/\/chemsfine.com\/#\/schema\/logo\/image\/","url":"https:\/\/chemsfine.com\/wp-content\/uploads\/2024\/09\/final-logo.png","contentUrl":"https:\/\/chemsfine.com\/wp-content\/uploads\/2024\/09\/final-logo.png","width":340,"height":72,"caption":"Chemsfine"},"image":{"@id":"https:\/\/chemsfine.com\/#\/schema\/logo\/image\/"}}]}},"_links":{"self":[{"href":"https:\/\/chemsfine.com\/cs\/wp-json\/wp\/v2\/product\/6427","targetHints":{"allow":["GET"]}}],"collection":[{"href":"https:\/\/chemsfine.com\/cs\/wp-json\/wp\/v2\/product"}],"about":[{"href":"https:\/\/chemsfine.com\/cs\/wp-json\/wp\/v2\/types\/product"}],"replies":[{"embeddable":true,"href":"https:\/\/chemsfine.com\/cs\/wp-json\/wp\/v2\/comments?post=6427"}],"wp:featuredmedia":[{"embeddable":true,"href":"https:\/\/chemsfine.com\/cs\/wp-json\/wp\/v2\/media\/6455"}],"wp:attachment":[{"href":"https:\/\/chemsfine.com\/cs\/wp-json\/wp\/v2\/media?parent=6427"}],"wp:term":[{"taxonomy":"product_brand","embeddable":true,"href":"https:\/\/chemsfine.com\/cs\/wp-json\/wp\/v2\/product_brand?post=6427"},{"taxonomy":"product_cat","embeddable":true,"href":"https:\/\/chemsfine.com\/cs\/wp-json\/wp\/v2\/product_cat?post=6427"},{"taxonomy":"product_tag","embeddable":true,"href":"https:\/\/chemsfine.com\/cs\/wp-json\/wp\/v2\/product_tag?post=6427"}],"curies":[{"name":"wp","href":"https:\/\/api.w.org\/{rel}","templated":true}]}}