{"id":6433,"date":"2026-02-12T10:05:07","date_gmt":"2026-02-12T10:05:07","guid":{"rendered":"https:\/\/chemsfine.com\/?post_type=product&#038;p=6433"},"modified":"2026-03-25T13:06:30","modified_gmt":"2026-03-25T13:06:30","slug":"buy-alpha-pvp-crystals","status":"publish","type":"product","link":"https:\/\/chemsfine.com\/cs\/product\/buy-alpha-pvp-crystals\/","title":{"rendered":"Koupit krystaly a-PVP online: \u010cist\u00fd alfa-PVP pro v\u00fdzkum"},"content":{"rendered":"<p>Snaha o <b>koupit a-PVP na prodej<\/b> online? Spole\u010dnost Chemsfine nab\u00edz\u00ed pr\u00e9miov\u00e9 produkty vysok\u00e9 \u010distoty. <b>krystaly a-PVP<\/b> navr\u017een\u00e9 tak, aby spl\u0148ovaly p\u0159\u00edsn\u00e9 v\u00fdzkumn\u00e9 standardy. Tato \u00fa\u010dinn\u00e1 slou\u010denina, zn\u00e1m\u00e1 tak\u00e9 jako alfa-PVP, je zn\u00e1m\u00e1 pro svou schopnost okam\u017eit\u011b zv\u00fd\u0161it hladinu dopaminu, tak\u017ee \u010dist\u00e9 krystaly A-PVP jsou velmi \u017e\u00e1dan\u00e9 ve specifick\u00fdch analytick\u00fdch a laboratorn\u00edch kontextech. Tuto rekrea\u010dn\u00ed drogu, kter\u00e1 se obvykle objevuje ve form\u011b krystal\u016f, lze analyzovat z hlediska jej\u00edch vlastnost\u00ed p\u0159i po\u017eit\u00ed nebo injek\u010dn\u00edm pod\u00e1n\u00ed. Jako analog MDPV funguje jako <a href=\"https:\/\/chemsfine.com\/cs\/produkt\/methamphetamine-crystal-meth-tina-buy-online\/\">siln\u00fd stimulant centr\u00e1ln\u00ed nervov\u00e9 soustavy<\/a>. V\u00fdznamn\u011b zvy\u0161uje kl\u00ed\u010dovou hladinu chemick\u00e9 l\u00e1tky dopaminu v mozku, co\u017e v p\u0159\u00edslu\u0161n\u00fdch studi\u00edch p\u0159isp\u00edv\u00e1 ke zv\u00fd\u0161en\u00ed energie, pozornosti a bd\u011blosti. A\u010dkoli se n\u011bkdy uv\u00e1d\u00ed jeho potenci\u00e1l pro l\u00e9\u010dbu n\u011bkter\u00fdch du\u0161evn\u00edch poruch, jako je ADHD, je vzhledem k jeho siln\u00fdm \u00fa\u010dink\u016fm velmi d\u016fle\u017eit\u00e9, aby jak\u00e9koli zapojen\u00ed alfa-PVP prob\u00edhalo za p\u0159\u00edsn\u00fdch bezpe\u010dnostn\u00edch protokol\u016f. P\u0159ed\u00e1vkov\u00e1n\u00ed m\u016f\u017ee v\u00fdznamn\u011b zm\u011bnit chemii mozku; proto je p\u0159\u00edsn\u011b doporu\u010deno dodr\u017eovat terapeutick\u00e9 d\u00e1vky, pokud jsou pou\u017eiteln\u00e9 pro v\u00fdzkum. V\u00fdzkumn\u00edci obvykle doporu\u010duj\u00ed za\u010d\u00edt s mal\u00fdm mno\u017estv\u00edm a d\u00e1vku postupn\u011b zvy\u0161ovat a pe\u010dliv\u011b sledovat, zda se neobjev\u00ed ne\u017e\u00e1douc\u00ed vedlej\u0161\u00ed \u00fa\u010dinky. Na\u0161\u00edm z\u00e1vazkem je poskytovat pouze v\u00fdzkumn\u00e9 materi\u00e1ly nejvy\u0161\u0161\u00ed kvality a zajistit, aby ka\u017ed\u00e1 \u0161ar\u017ee Alpha-PVP spl\u0148ovala p\u0159\u00edsn\u00e9 normy \u010distoty.<\/p>\n<h2>Co je a-PVP?<\/h2>\n<p>Alfa-pyrrolidinopentiofenon, b\u011b\u017en\u011b ozna\u010dovan\u00fd zkratkou a-PVP, je syntetick\u00e1 stimula\u010dn\u00ed l\u00e1tka ze skupiny katinon\u016f. Jako siln\u00fd stimulant centr\u00e1ln\u00edho nervov\u00e9ho syst\u00e9mu napodobuje \u00fa\u010dinky podobn\u00fdch slou\u010denin t\u00edm, \u017ee inhibuje zp\u011btn\u00e9 vychyt\u00e1v\u00e1n\u00ed noradrenalinu a dopaminu, \u010d\u00edm\u017e zvy\u0161uje jejich koncentrace v synaptick\u00e9 \u0161t\u011brbin\u011b. To vede k hlubok\u00fdm stimula\u010dn\u00edm \u00fa\u010dink\u016fm, v\u010detn\u011b zv\u00fd\u0161en\u00e9 bd\u011blosti, zv\u00fd\u0161en\u00e9 energie a v\u00fdrazn\u00e9ho zv\u00fd\u0161en\u00ed soust\u0159ed\u011bn\u00ed a pozornosti. Na\u0161e <b>\u0161pi\u010dkov\u00e1 kvalita a-PVP<\/b> je pe\u010dliv\u011b syntetizov\u00e1n, aby byla zaji\u0161t\u011bna jeho bezkonkuren\u010dn\u00ed \u010distota a konzistence, co\u017e z n\u011bj \u010din\u00ed ide\u00e1ln\u00ed volbu pro p\u0159esn\u00e1 laboratorn\u00ed vy\u0161et\u0159en\u00ed. Pro p\u0159esn\u00fd v\u00fdzkum a anal\u00fdzu je z\u00e1sadn\u00ed pochopit jeho chemickou identitu.<\/p>\n<h3>Kl\u00ed\u010dov\u00e9 chemick\u00e9 specifikace alfa-PVP<\/h3>\n<table>\n<thead>\n<tr>\n<th>Majetek<\/th>\n<th>Hodnota<\/th>\n<\/tr>\n<\/thead>\n<tbody>\n<tr>\n<td>\u010c\u00edslo CAS<\/td>\n<td>14530-33-3 (HCl)<\/td>\n<\/tr>\n<tr>\n<td>Chemick\u00fd vzorec<\/td>\n<td>C<sub>15<\/sub>H<sub>21<\/sub>NE<\/td>\n<\/tr>\n<tr>\n<td>Mol\u00e1rn\u00ed hmotnost<\/td>\n<td>247,33 g\/mol<\/td>\n<\/tr>\n<tr>\n<td>Purity<\/td>\n<td>\u226598% (<b>Vysok\u00e1 \u010distota na prodej<\/b>)<\/td>\n<\/tr>\n<tr>\n<td>Vzhled<\/td>\n<td>Krystalick\u00fd pr\u00e1\u0161ek<\/td>\n<\/tr>\n<\/tbody>\n<\/table>\n<p>Tyto specifikace zd\u016fraz\u0148uj\u00ed p\u0159esnou povahu n\u00e1mi nab\u00edzen\u00e9 sm\u011bsi. Ka\u017ed\u00e1 \u0161ar\u017ee proch\u00e1z\u00ed p\u0159\u00edsn\u00fdm testov\u00e1n\u00edm, aby se potvrdila jej\u00ed identita a \u010distota, co\u017e zaji\u0161\u0165uje, \u017ee v\u00fdzkumn\u00ed pracovn\u00edci dostanou pro sv\u00e9 studie konzistentn\u00ed a spolehliv\u00fd materi\u00e1l. A\u0165 u\u017e prov\u00e1d\u00edte farmakologick\u00fd v\u00fdzkum nebo analytick\u00e9 testov\u00e1n\u00ed, n\u00e1\u0161 Alpha-PVP poskytuje spolehliv\u00fd standard.<\/p>\n<h2>Pro\u010d koupit a-PVP online od spole\u010dnosti Chemsfine?<\/h2>\n<p>Pokud jde o n\u00e1kup vysoce kvalitn\u00edch v\u00fdzkumn\u00fdch chemik\u00e1li\u00ed online, nen\u00ed nic d\u016fle\u017eit\u011bj\u0161\u00edho ne\u017e kvalita, bezpe\u010dnost a spolehlivost. Ve spole\u010dnosti Chemsfine t\u011bmto z\u00e1sadn\u00edm pot\u0159eb\u00e1m rozum\u00edme a sna\u017e\u00edme se poskytovat \u0161pi\u010dkov\u00e9 produkty. Na\u0161e rozs\u00e1hl\u00e9 zku\u0161enosti v oboru zaru\u010duj\u00ed, \u017ee jsme d\u016fv\u011bryhodn\u00fdm partnerem pro v\u0161echny va\u0161e laboratorn\u00ed po\u017eadavky. Zvl\u00e1\u0161tn\u00ed pozornost v\u011bnujeme \u010distot\u011b n\u00e1mi dod\u00e1van\u00fdch v\u00fdrobk\u016f, co\u017e n\u00e1s odli\u0161uje od p\u0159edn\u00edch dodavatel\u016f. V na\u0161\u00ed pr\u00e1ci zkr\u00e1tka nen\u00ed prostor pro kompromisy; vynakl\u00e1d\u00e1me maxim\u00e1ln\u00ed \u00fasil\u00ed, abychom zajistili va\u0161i bezpe\u010dnost a integritu va\u0161eho v\u00fdzkumu. Kdy\u017e hled\u00e1te <b>nejlep\u0161\u00ed dostupn\u00fd a-PVP<\/b>, vynik\u00e1 n\u00e1\u0161 z\u00e1vazek k dokonalosti. Zaji\u0161\u0165ujeme, aby ka\u017ed\u00fd gram na\u0161eho Alpha-PVP spl\u0148oval nejvy\u0161\u0161\u00ed pr\u016fmyslov\u00e9 standardy, co\u017e umo\u017e\u0148uje v\u00fdzkumn\u00fdm pracovn\u00edk\u016fm prov\u00e1d\u011bt experimenty s jistotou.<\/p>\n<p>Objedn\u00e1v\u00e1n\u00ed <b>\u010dist\u00e9 krystaly A-PVP<\/b> od spole\u010dnosti Chemsfine je bezprobl\u00e9mov\u00fd proces navr\u017een\u00fd pro va\u0161e pohodl\u00ed a klid. Pouh\u00fdm kliknut\u00edm na tla\u010d\u00edtko si m\u016f\u017eete zajistit dod\u00e1vku a my v\u00e1m zaru\u010dujeme diskr\u00e9tn\u00ed odesl\u00e1n\u00ed z\u00e1silky, p\u0159i\u010dem\u017e prioritou je va\u0161e soukrom\u00ed. Krom\u011b toho v\u00e1s zveme k vyu\u017eit\u00ed na\u0161\u00ed \u0161ifrovan\u00e9 platformy, kter\u00e1 podporuje bezpe\u010dn\u00e9 platebn\u00ed metody, \u010d\u00edm\u017e zabezpe\u010duje va\u0161e transakce. N\u00e1\u0161 specializovan\u00fd t\u00fdm z\u00e1kaznick\u00e9 podpory je v\u017edy p\u0159ipraven v\u00e1m pomoci, pokud budete pot\u0159ebovat dal\u0161\u00ed informace nebo podporu p\u0159i objedn\u00e1v\u00e1n\u00ed dal\u0161\u00edch produkt\u016f. <a href=\"https:\/\/chemsfine.com\/cs\/produkt\/methamphetamine-crystal-meth-tina-buy-online\/\">siln\u00e9 stimula\u010dn\u00ed l\u00e1tky<\/a>. Jsme hrd\u00ed na to, \u017ee nab\u00edz\u00edme vysokou \u010distotu prodeje v cel\u00e9m na\u0161em sortimentu, \u010d\u00edm\u017e zaji\u0161\u0165ujeme, \u017ee v\u017edy obdr\u017e\u00edte prvot\u0159\u00eddn\u00ed materi\u00e1ly.<\/p>\n<h2>Aplikace Alpha-PVP<\/h2>\n<p>Pou\u017eit\u00ed alfa-PVP, zejm\u00e9na ve v\u00fdzkumu a anal\u00fdze, je d\u00edky jeho odli\u0161n\u00e9mu farmakologick\u00e9mu profilu rozmanit\u00e9. A\u010dkoli byl p\u016fvodn\u011b uzn\u00e1v\u00e1n v rekrea\u010dn\u00edm kontextu, jeho kontrolovan\u00e9 pou\u017e\u00edv\u00e1n\u00ed v laborato\u0159\u00edch umo\u017e\u0148uje kritick\u00e9 studie jeho mechanism\u016f a \u00fa\u010dink\u016f. V\u00fdzkumn\u00edci \u010dasto vyu\u017e\u00edvaj\u00ed <b>v\u00fdzkumn\u00e1 t\u0159\u00edda a-PVP<\/b> zkoumat slo\u017eit\u00e9 cesty regulace neurotransmiter\u016f a vliv stimula\u010dn\u00edch l\u00e1tek na centr\u00e1ln\u00ed nervov\u00fd syst\u00e9m. Tato slou\u010denina slou\u017e\u00ed jako cenn\u00fd n\u00e1stroj pro pochopen\u00ed lidsk\u00e9 fyziologie a neurologick\u00fdch reakc\u00ed za specifick\u00fdch podm\u00ednek. Na\u0161e str\u00e1nky <a href=\"https:\/\/chemsfine.com\/cs\/produkt\/koupit-mdmb-butinaca-online\/\">rozs\u00e1hl\u00fd sortiment v\u00fdzkumn\u00fdch chemik\u00e1li\u00ed<\/a> podporuje r\u016fzn\u00e9 v\u011bdeck\u00e9 snahy.<\/p>\n<ul>\n<li><b>Farmakologick\u00fd v\u00fdzkum:<\/b> Studium jeho stimula\u010dn\u00edch vlastnost\u00ed a \u00fa\u010dink\u016f na zp\u011btn\u00e9 vychyt\u00e1v\u00e1n\u00ed dopaminu a noradrenalinu.<\/li>\n<li><b>Neurov\u011bdn\u00ed studia:<\/b> Zkoum\u00e1n\u00ed jeho vlivu na chemii mozku a nervov\u00e9 dr\u00e1hy.<\/li>\n<li><b>Analytick\u00e1 chemie:<\/b> Pou\u017e\u00edv\u00e1 se jako referen\u010dn\u00ed standard ve forenzn\u00ed toxikologii a screeningov\u00fdch testech na drogy.<\/li>\n<li><b>V\u00fdzkum metabolismu:<\/b> Zkoum\u00e1n\u00ed toho, jak t\u011blo zpracov\u00e1v\u00e1 a metabolizuje deriv\u00e1ty katinonu.<\/li>\n<li><b>Behavior\u00e1ln\u00ed v\u011bdy:<\/b> Sledov\u00e1n\u00ed jeho vlivu na hladinu energie, pozornost a bd\u011blost v kontrolovan\u00e9m prost\u0159ed\u00ed.<\/li>\n<li><b>Psychofarmakologie:<\/b> P\u0159\u00edsp\u011bvek k pochopen\u00ed \u00fa\u010dink\u016f stimulant\u016f na n\u00e1ladu a pozn\u00e1v\u00e1n\u00ed.<\/li>\n<\/ul>\n<h2>Bezpe\u010dnost a dodr\u017eov\u00e1n\u00ed p\u0159edpis\u016f pro a-PVP<\/h2>\n<p>Vzhledem k tomu, \u017ee alfa-PVP je siln\u011b \u00fa\u010dinn\u00fd, je naprosto nezbytn\u00e9 p\u0159\u00edsn\u00e9 dodr\u017eov\u00e1n\u00ed bezpe\u010dnostn\u00edch protokol\u016f a shody s p\u0159edpisy. P\u016fvodn\u00ed popis spr\u00e1vn\u011b varuje, \u017ee p\u0159ed\u00e1vkov\u00e1n\u00ed m\u016f\u017ee zm\u011bnit chemii mozku, co\u017e zd\u016fraz\u0148uje nutnost mimo\u0159\u00e1dn\u00e9 opatrnosti. Proto je p\u0159\u00edsn\u011b doporu\u010deno u\u017e\u00edvat terapeutick\u00e9 d\u00e1vky pouze pod odborn\u00fdm veden\u00edm, zejm\u00e9na v kontrolovan\u00e9m v\u00fdzkumn\u00e9m prost\u0159ed\u00ed. V\u00e1\u0161 l\u00e9ka\u0159 nebo vedouc\u00ed v\u00fdzkumu v\u00e1m m\u016f\u017ee doporu\u010dit za\u010d\u00edt s mal\u00fdm mno\u017estv\u00edm a d\u00e1vku postupn\u011b zvy\u0161ovat, p\u0159i\u010dem\u017e je t\u0159eba pe\u010dliv\u011b sledovat, zda se neobjev\u00ed ne\u017e\u00e1douc\u00ed vedlej\u0161\u00ed \u00fa\u010dinky. Ve spole\u010dnosti Chemsfine se d\u016frazn\u011b zasazujeme o zodpov\u011bdn\u00e9 zach\u00e1zen\u00ed a u\u017e\u00edv\u00e1n\u00ed.<\/p>\n<p>V\u00fdzkumn\u00ed pracovn\u00edci pracuj\u00edc\u00ed s a-PVP mus\u00ed up\u0159ednost\u0148ovat osobn\u00ed ochrann\u00e9 prost\u0159edky (OOP), v\u010detn\u011b rukavic, laboratorn\u00edch pl\u00e1\u0161\u0165\u016f a ochrany o\u010d\u00ed, aby minimalizovali rizika expozice. Manipulace by m\u011bla v\u017edy prob\u00edhat v kontrolovan\u00e9m prost\u0159ed\u00ed, nap\u0159\u00edklad v digesto\u0159i, aby se zabr\u00e1nilo vdechnut\u00ed \u010d\u00e1stic p\u0159en\u00e1\u0161en\u00fdch vzduchem. Krom\u011b toho je nejd\u016fle\u017eit\u011bj\u0161\u00ed dodr\u017eovat v\u0161echny region\u00e1ln\u00ed p\u0159edpisy upravuj\u00edc\u00ed manipulaci, skladov\u00e1n\u00ed a likvidaci kontrolovan\u00fdch l\u00e1tek a v\u00fdzkumn\u00fdch chemik\u00e1li\u00ed. K na\u0161im produkt\u016fm poskytujeme bezpe\u010dnostn\u00ed listy (SDS) a certifik\u00e1ty anal\u00fdzy (CoA), kter\u00e9 nab\u00edzej\u00ed komplexn\u00ed informace o bezpe\u010dn\u00e9m zach\u00e1zen\u00ed, potenci\u00e1ln\u00edch nebezpe\u010d\u00edch a specifikac\u00edch produkt\u016f. T\u00edm je zaji\u0161t\u011bno, \u017ee ka\u017ed\u00fd z\u00e1kazn\u00edk je vybaven pot\u0159ebn\u00fdmi znalostmi, aby mohl zodpov\u011bdn\u011b a bezpe\u010dn\u011b pou\u017e\u00edvat na\u0161e laboratorn\u00ed slou\u010deniny ur\u010den\u00e9 k prodeji.<\/p>\n<h2>Pro\u010d si pro svou objedn\u00e1vku vybrat Chemsfine?<\/h2>\n<p>Volba spole\u010dnosti Chemsfine pro va\u0161e pot\u0159eby v oblasti v\u00fdzkumn\u00fdch chemik\u00e1li\u00ed znamen\u00e1 transparentnost, ov\u011b\u0159enou kvalitu a v\u00fdjime\u010dn\u00fd z\u00e1kaznick\u00fd servis. V\u011b\u0159\u00edme, \u017ee na\u0161im klient\u016fm poskytujeme naprost\u00fd klid, a proto nab\u00edz\u00edme transparentn\u00ed \u00fadaje o na\u0161ich produktech a jejich p\u016fvodu. N\u00e1\u0161 z\u00e1vazek se vztahuje i na poskytov\u00e1n\u00ed ov\u011b\u0159en\u00fdch z\u00e1znam\u016f o \u0161ar\u017e\u00edch, co\u017e zaru\u010duje, \u017ee v\u017edy dos\u00e1hnete o\u010dek\u00e1van\u00e9 \u010distoty a konzistence. Jsme odhodl\u00e1ni nab\u00edzet <b>konkuren\u010dn\u00ed ceny<\/b> ani\u017e bychom jakkoli sni\u017eovali integritu nebo kvalitu na\u0161ich l\u00e1tek. Kdy\u017e jste p\u0159ipraveni <b>objednat a-PVP online<\/b>, Chemsfine je va\u0161\u00edm hlavn\u00edm zdrojem spolehliv\u00fdch v\u00fdzkumn\u00fdch materi\u00e1l\u016f vysok\u00e9 \u010distoty.<\/p>\n<p>Zjednodu\u0161ujeme proces n\u00e1kupu a umo\u017e\u0148ujeme v\u00e1m snadno a efektivn\u011b z\u00edskat pot\u0159ebn\u00e9 chemik\u00e1lie. N\u00e1\u0161 t\u00fdm je v\u017edy p\u0159ipraven pomoci s jak\u00fdmikoli dotazy a zajistit hladk\u00fd a uspokojiv\u00fd pr\u016fb\u011bh od v\u00fdb\u011bru a\u017e po dod\u00e1n\u00ed. Sv\u011b\u0159te sv\u016fj p\u0159\u00ed\u0161t\u00ed n\u00e1kup Alpha-PVP spole\u010dnosti Chemsfine, kde jsou kvalita, integrita a spokojenost z\u00e1kazn\u00edk\u016f na\u0161imi hlavn\u00edmi prioritami. Jsme uzn\u00e1v\u00e1ni za to, \u017ee nab\u00edz\u00edme <b>vysok\u00e1 \u010distota na prodej<\/b>, kter\u00e9 trvale p\u0159ekra\u010duj\u00ed pr\u016fmyslov\u00e9 standardy.<\/p>\n<h2>Z\u00e1v\u011br<\/h2>\n<p>Pro v\u00fdzkumn\u00e9 pracovn\u00edky a laborato\u0159e, kter\u00e9 vy\u017eaduj\u00ed v\u00fdjime\u010dnou kvalitu, je Chemsfine definitivn\u00edm zdrojem pro <b>koupit a-PVP na prodej<\/b>. Na\u0161e odhodl\u00e1n\u00ed poskytovat vysoce \u010dist\u00fd, laboratorn\u00ed Alpha-PVP v kombinaci s bezpe\u010dn\u00fdm procesem objedn\u00e1v\u00e1n\u00ed a vynikaj\u00edc\u00ed z\u00e1kaznickou podporou zaji\u0161\u0165uje vynikaj\u00edc\u00ed zku\u0161enosti. Umo\u017en\u00edme v\u00e1m prov\u00e1d\u011bt v\u00fdzkum s produkty, kter\u00e9 spl\u0148uj\u00ed nejvy\u0161\u0161\u00ed standardy kvality a integrity. Prozkoumejte na\u0161i nab\u00eddku a prove\u010fte sv\u016fj bezpe\u010dn\u00fd n\u00e1kup je\u0161t\u011b dnes s jistotou, \u017ee nakupujete u d\u016fv\u011bryhodn\u00e9ho l\u00eddra v oblasti v\u00fdzkumn\u00fdch chemik\u00e1li\u00ed. V\u00e1\u0161 \u00fasp\u011bch v kritick\u00fdch v\u011bdeck\u00fdch v\u00fdzkumech je na\u0161\u00edm hlavn\u00edm posl\u00e1n\u00edm.<\/p>","protected":false},"excerpt":{"rendered":"<p>Odemkn\u011bte si lep\u0161\u00ed soust\u0159ed\u011bn\u00ed a energii s vysokou \u010distotou <b>krystaly a-PVP<\/b>, siln\u00fd stimulant centr\u00e1ln\u00ed nervov\u00e9 soustavy. Tento vysoce kvalitn\u00ed alfa-PVP, ide\u00e1ln\u00ed pro v\u00fdzkumn\u00e9 a analytick\u00e9 aplikace, najdete p\u0159i n\u00e1kupu u spole\u010dnosti Chemsfine. Je zn\u00e1m\u00fd pro sv\u00e9 dopaminergn\u00ed \u00fa\u010dinky a podporuje studie stimula\u010dn\u00edch l\u00e1tek a neurologick\u00fdch reakc\u00ed.<\/p>","protected":false},"featured_media":6471,"comment_status":"open","ping_status":"closed","template":"","meta":{"_joinchat":[]},"product_brand":[],"product_cat":[936],"product_tag":[],"class_list":{"0":"post-6433","1":"product","2":"type-product","3":"status-publish","4":"has-post-thumbnail","6":"product_cat-research-chemicals","8":"first","9":"instock","10":"shipping-taxable","11":"purchasable","12":"product-type-variable"},"yoast_head":"<!-- This site is optimized with the Yoast SEO plugin v27.2 - https:\/\/yoast.com\/product\/yoast-seo-wordpress\/ -->\n<title>Buy a-PVP Crystals Online | Top Quality Alpha-PVP Available<\/title>\n<meta name=\"description\" content=\"Explore a-PVP crystals for sale online. Boost focus &amp; energy with high-purity Alpha-PVP. Secure your order with discreet shipping from Chemsfine today!\" \/>\n<meta name=\"robots\" content=\"index, follow, max-snippet:-1, max-image-preview:large, max-video-preview:-1\" \/>\n<link rel=\"canonical\" href=\"https:\/\/chemsfine.com\/cs\/produkt\/buy-alpha-pvp-crystals\/\" \/>\n<meta property=\"og:locale\" content=\"cs_CZ\" \/>\n<meta property=\"og:type\" content=\"article\" \/>\n<meta property=\"og:title\" content=\"Buy a-PVP Crystals Online | Top Quality Alpha-PVP Available\" \/>\n<meta property=\"og:description\" content=\"Explore a-PVP crystals for sale online. Boost focus &amp; energy with high-purity Alpha-PVP. Secure your order with discreet shipping from Chemsfine today!\" \/>\n<meta property=\"og:url\" content=\"https:\/\/chemsfine.com\/cs\/produkt\/buy-alpha-pvp-crystals\/\" \/>\n<meta property=\"og:site_name\" content=\"Chemsfine\" \/>\n<meta property=\"article:modified_time\" content=\"2026-03-25T13:06:30+00:00\" \/>\n<meta property=\"og:image\" content=\"https:\/\/chemsfine.com\/wp-content\/uploads\/2026\/02\/a-pvp-2.jpg\" \/>\n\t<meta property=\"og:image:width\" content=\"600\" \/>\n\t<meta property=\"og:image:height\" content=\"600\" \/>\n\t<meta property=\"og:image:type\" content=\"image\/jpeg\" \/>\n<meta name=\"twitter:card\" content=\"summary_large_image\" \/>\n<meta name=\"twitter:label1\" content=\"Odhadovan\u00e1 doba \u010dten\u00ed\" \/>\n\t<meta name=\"twitter:data1\" content=\"6 minut\" \/>\n<script type=\"application\/ld+json\" class=\"yoast-schema-graph\">{\"@context\":\"https:\/\/schema.org\",\"@graph\":[{\"@type\":\"WebPage\",\"@id\":\"https:\/\/chemsfine.com\/product\/buy-alpha-pvp-crystals\/\",\"url\":\"https:\/\/chemsfine.com\/product\/buy-alpha-pvp-crystals\/\",\"name\":\"Buy a-PVP Crystals Online | Top Quality Alpha-PVP Available\",\"isPartOf\":{\"@id\":\"https:\/\/chemsfine.com\/#website\"},\"primaryImageOfPage\":{\"@id\":\"https:\/\/chemsfine.com\/product\/buy-alpha-pvp-crystals\/#primaryimage\"},\"image\":{\"@id\":\"https:\/\/chemsfine.com\/product\/buy-alpha-pvp-crystals\/#primaryimage\"},\"thumbnailUrl\":\"https:\/\/chemsfine.com\/wp-content\/uploads\/2026\/02\/a-pvp-2.jpg\",\"datePublished\":\"2026-02-12T10:05:07+00:00\",\"dateModified\":\"2026-03-25T13:06:30+00:00\",\"description\":\"Explore a-PVP crystals for sale online. Boost focus &amp; energy with high-purity Alpha-PVP. Secure your order with discreet shipping from Chemsfine today!\",\"breadcrumb\":{\"@id\":\"https:\/\/chemsfine.com\/product\/buy-alpha-pvp-crystals\/#breadcrumb\"},\"inLanguage\":\"cs\",\"potentialAction\":[{\"@type\":\"ReadAction\",\"target\":[\"https:\/\/chemsfine.com\/product\/buy-alpha-pvp-crystals\/\"]}]},{\"@type\":\"ImageObject\",\"inLanguage\":\"cs\",\"@id\":\"https:\/\/chemsfine.com\/product\/buy-alpha-pvp-crystals\/#primaryimage\",\"url\":\"https:\/\/chemsfine.com\/wp-content\/uploads\/2026\/02\/a-pvp-2.jpg\",\"contentUrl\":\"https:\/\/chemsfine.com\/wp-content\/uploads\/2026\/02\/a-pvp-2.jpg\",\"width\":600,\"height\":600},{\"@type\":\"BreadcrumbList\",\"@id\":\"https:\/\/chemsfine.com\/product\/buy-alpha-pvp-crystals\/#breadcrumb\",\"itemListElement\":[{\"@type\":\"ListItem\",\"position\":1,\"name\":\"Home\",\"item\":\"https:\/\/chemsfine.com\/\"},{\"@type\":\"ListItem\",\"position\":2,\"name\":\"Shop\",\"item\":\"https:\/\/chemsfine.com\/shop\/\"},{\"@type\":\"ListItem\",\"position\":3,\"name\":\"Buy a-PVP Crystals Online: Pure Alpha-PVP for Research\"}]},{\"@type\":\"WebSite\",\"@id\":\"https:\/\/chemsfine.com\/#website\",\"url\":\"https:\/\/chemsfine.com\/\",\"name\":\"Chemsfine\",\"description\":\"My WordPress Blog\",\"publisher\":{\"@id\":\"https:\/\/chemsfine.com\/#organization\"},\"potentialAction\":[{\"@type\":\"SearchAction\",\"target\":{\"@type\":\"EntryPoint\",\"urlTemplate\":\"https:\/\/chemsfine.com\/?s={search_term_string}\"},\"query-input\":{\"@type\":\"PropertyValueSpecification\",\"valueRequired\":true,\"valueName\":\"search_term_string\"}}],\"inLanguage\":\"cs\"},{\"@type\":\"Organization\",\"@id\":\"https:\/\/chemsfine.com\/#organization\",\"name\":\"Chemsfine\",\"url\":\"https:\/\/chemsfine.com\/\",\"logo\":{\"@type\":\"ImageObject\",\"inLanguage\":\"cs\",\"@id\":\"https:\/\/chemsfine.com\/#\/schema\/logo\/image\/\",\"url\":\"https:\/\/chemsfine.com\/wp-content\/uploads\/2024\/09\/final-logo.png\",\"contentUrl\":\"https:\/\/chemsfine.com\/wp-content\/uploads\/2024\/09\/final-logo.png\",\"width\":340,\"height\":72,\"caption\":\"Chemsfine\"},\"image\":{\"@id\":\"https:\/\/chemsfine.com\/#\/schema\/logo\/image\/\"}}]}<\/script>\n<!-- \/ Yoast SEO plugin. -->","yoast_head_json":{"title":"Koupit a-PVP krystaly online | Nejvy\u0161\u0161\u00ed kvalita Alpha-PVP k dispozici","description":"Prozkoumejte krystaly a-PVP na prodej online. Zvy\u0161te si soust\u0159ed\u011bn\u00ed a energii pomoc\u00ed vysoce \u010dist\u00e9ho alfa-PVP. Zajist\u011bte si svou objedn\u00e1vku s diskr\u00e9tn\u00ed dopravou od spole\u010dnosti Chemsfine je\u0161t\u011b dnes!","robots":{"index":"index","follow":"follow","max-snippet":"max-snippet:-1","max-image-preview":"max-image-preview:large","max-video-preview":"max-video-preview:-1"},"canonical":"https:\/\/chemsfine.com\/cs\/produkt\/buy-alpha-pvp-crystals\/","og_locale":"cs_CZ","og_type":"article","og_title":"Buy a-PVP Crystals Online | Top Quality Alpha-PVP Available","og_description":"Explore a-PVP crystals for sale online. Boost focus &amp; energy with high-purity Alpha-PVP. Secure your order with discreet shipping from Chemsfine today!","og_url":"https:\/\/chemsfine.com\/cs\/produkt\/buy-alpha-pvp-crystals\/","og_site_name":"Chemsfine","article_modified_time":"2026-03-25T13:06:30+00:00","og_image":[{"width":600,"height":600,"url":"https:\/\/chemsfine.com\/wp-content\/uploads\/2026\/02\/a-pvp-2.jpg","type":"image\/jpeg"}],"twitter_card":"summary_large_image","twitter_misc":{"Odhadovan\u00e1 doba \u010dten\u00ed":"6 minut"},"schema":{"@context":"https:\/\/schema.org","@graph":[{"@type":"WebPage","@id":"https:\/\/chemsfine.com\/product\/buy-alpha-pvp-crystals\/","url":"https:\/\/chemsfine.com\/product\/buy-alpha-pvp-crystals\/","name":"Koupit a-PVP krystaly online | Nejvy\u0161\u0161\u00ed kvalita Alpha-PVP k dispozici","isPartOf":{"@id":"https:\/\/chemsfine.com\/#website"},"primaryImageOfPage":{"@id":"https:\/\/chemsfine.com\/product\/buy-alpha-pvp-crystals\/#primaryimage"},"image":{"@id":"https:\/\/chemsfine.com\/product\/buy-alpha-pvp-crystals\/#primaryimage"},"thumbnailUrl":"https:\/\/chemsfine.com\/wp-content\/uploads\/2026\/02\/a-pvp-2.jpg","datePublished":"2026-02-12T10:05:07+00:00","dateModified":"2026-03-25T13:06:30+00:00","description":"Prozkoumejte krystaly a-PVP na prodej online. Zvy\u0161te si soust\u0159ed\u011bn\u00ed a energii pomoc\u00ed vysoce \u010dist\u00e9ho alfa-PVP. Zajist\u011bte si svou objedn\u00e1vku s diskr\u00e9tn\u00ed dopravou od spole\u010dnosti Chemsfine je\u0161t\u011b dnes!","breadcrumb":{"@id":"https:\/\/chemsfine.com\/product\/buy-alpha-pvp-crystals\/#breadcrumb"},"inLanguage":"cs","potentialAction":[{"@type":"ReadAction","target":["https:\/\/chemsfine.com\/product\/buy-alpha-pvp-crystals\/"]}]},{"@type":"ImageObject","inLanguage":"cs","@id":"https:\/\/chemsfine.com\/product\/buy-alpha-pvp-crystals\/#primaryimage","url":"https:\/\/chemsfine.com\/wp-content\/uploads\/2026\/02\/a-pvp-2.jpg","contentUrl":"https:\/\/chemsfine.com\/wp-content\/uploads\/2026\/02\/a-pvp-2.jpg","width":600,"height":600},{"@type":"BreadcrumbList","@id":"https:\/\/chemsfine.com\/product\/buy-alpha-pvp-crystals\/#breadcrumb","itemListElement":[{"@type":"ListItem","position":1,"name":"Home","item":"https:\/\/chemsfine.com\/"},{"@type":"ListItem","position":2,"name":"Shop","item":"https:\/\/chemsfine.com\/shop\/"},{"@type":"ListItem","position":3,"name":"Buy a-PVP Crystals Online: Pure Alpha-PVP for Research"}]},{"@type":"WebSite","@id":"https:\/\/chemsfine.com\/#website","url":"https:\/\/chemsfine.com\/","name":"Chemsfine","description":"M\u016fj blog WordPress","publisher":{"@id":"https:\/\/chemsfine.com\/#organization"},"potentialAction":[{"@type":"SearchAction","target":{"@type":"EntryPoint","urlTemplate":"https:\/\/chemsfine.com\/?s={search_term_string}"},"query-input":{"@type":"PropertyValueSpecification","valueRequired":true,"valueName":"search_term_string"}}],"inLanguage":"cs"},{"@type":"Organization","@id":"https:\/\/chemsfine.com\/#organization","name":"Chemsfine","url":"https:\/\/chemsfine.com\/","logo":{"@type":"ImageObject","inLanguage":"cs","@id":"https:\/\/chemsfine.com\/#\/schema\/logo\/image\/","url":"https:\/\/chemsfine.com\/wp-content\/uploads\/2024\/09\/final-logo.png","contentUrl":"https:\/\/chemsfine.com\/wp-content\/uploads\/2024\/09\/final-logo.png","width":340,"height":72,"caption":"Chemsfine"},"image":{"@id":"https:\/\/chemsfine.com\/#\/schema\/logo\/image\/"}}]}},"_links":{"self":[{"href":"https:\/\/chemsfine.com\/cs\/wp-json\/wp\/v2\/product\/6433","targetHints":{"allow":["GET"]}}],"collection":[{"href":"https:\/\/chemsfine.com\/cs\/wp-json\/wp\/v2\/product"}],"about":[{"href":"https:\/\/chemsfine.com\/cs\/wp-json\/wp\/v2\/types\/product"}],"replies":[{"embeddable":true,"href":"https:\/\/chemsfine.com\/cs\/wp-json\/wp\/v2\/comments?post=6433"}],"wp:featuredmedia":[{"embeddable":true,"href":"https:\/\/chemsfine.com\/cs\/wp-json\/wp\/v2\/media\/6471"}],"wp:attachment":[{"href":"https:\/\/chemsfine.com\/cs\/wp-json\/wp\/v2\/media?parent=6433"}],"wp:term":[{"taxonomy":"product_brand","embeddable":true,"href":"https:\/\/chemsfine.com\/cs\/wp-json\/wp\/v2\/product_brand?post=6433"},{"taxonomy":"product_cat","embeddable":true,"href":"https:\/\/chemsfine.com\/cs\/wp-json\/wp\/v2\/product_cat?post=6433"},{"taxonomy":"product_tag","embeddable":true,"href":"https:\/\/chemsfine.com\/cs\/wp-json\/wp\/v2\/product_tag?post=6433"}],"curies":[{"name":"wp","href":"https:\/\/api.w.org\/{rel}","templated":true}]}}