{"id":6436,"date":"2026-02-12T10:05:07","date_gmt":"2026-02-12T10:05:07","guid":{"rendered":"https:\/\/chemsfine.com\/?post_type=product&#038;p=6436"},"modified":"2026-03-25T13:05:37","modified_gmt":"2026-03-25T13:05:37","slug":"buy-meo-pcp-powder","status":"publish","type":"product","link":"https:\/\/chemsfine.com\/cs\/product\/buy-meo-pcp-powder\/","title":{"rendered":"3-MEO-PCP pr\u00e1\u0161ek | Pr\u00e9miov\u00fd v\u00fdzkum Chemick\u00fd Dodavatel"},"content":{"rendered":"<p>Kdy\u017e hled\u00e1te <b>koupit 3-MEO-PCP pr\u00e1\u0161ek na prodej<\/b>, pot\u0159ebujete d\u016fv\u011bryhodn\u00e9ho dodavatele, kter\u00fd nab\u00edz\u00ed pouze ty nejkvalitn\u011bj\u0161\u00ed v\u00fdzkumn\u00e9 chemik\u00e1lie. Ve spole\u010dnosti Chemsfine rozum\u00edme kritick\u00fdm po\u017eadavk\u016fm forenzn\u00edho a v\u011bdeck\u00e9ho v\u00fdzkumu a poskytujeme prvot\u0159\u00eddn\u00ed pr\u00e1\u0161ek 3-MEO-PCP ur\u010den\u00fd speci\u00e1ln\u011b pro tyto n\u00e1ro\u010dn\u00e9 aplikace. N\u00e1\u0161 z\u00e1vazek \u010distoty a spolehlivosti zaji\u0161\u0165uje, \u017ee va\u0161e studie budou t\u011b\u017eit z konzistentn\u00edch a p\u0159esn\u00fdch v\u00fdsledk\u016f. Zjist\u011bte, pro\u010d je Chemsfine va\u0161\u00edm hlavn\u00edm zdrojem laboratorn\u00edch slou\u010denin online, kde m\u016f\u017eete prov\u00e1d\u011bt <a href=\"\/cs\/secure-purchase-info\/\">bezpe\u010dn\u00fd n\u00e1kup<\/a> nejlep\u0161\u00edch v\u00fdzkumn\u00fdch materi\u00e1l\u016f.<\/p>\n<h2>Co je pr\u00e1\u0161ek 3-MEO-PCP?<\/h2>\n<p>3-methoxy PCP, b\u011b\u017en\u011b zn\u00e1m\u00fd jako 3-MEO-PCP, je syntetick\u00e9 disociativn\u00ed anestetikum a analog fencyklidinu (PCP). Tato zaj\u00edmav\u00e1 slou\u010denina se vyzna\u010duje afinitou k NMDA receptoru (Ki = 20 nM) a serotoninov\u00e9mu transport\u00e9ru (Ki = 216 nM). Pozoruhodn\u00e9 je, \u017ee vykazuje v\u00fdrazn\u011b vy\u0161\u0161\u00ed afinitu k t\u011bmto c\u00edl\u016fm ve srovn\u00e1n\u00ed se samotn\u00fdm PCP (Ki = 59 nM pro NMDA, resp. 2 234 nM pro serotoninov\u00fd transport\u00e9r). Takto v\u00fdrazn\u00fd vazebn\u00fd profil stav\u00ed 3-MEO-PCP do pozice kl\u00ed\u010dov\u00e9ho objektu pro hloubkov\u00fd farmakologick\u00fd a neurov\u011bdeck\u00fd v\u00fdzkum.<\/p>\n<p>A\u010dkoli komplexn\u00ed toxikologick\u00e9 vlastnosti t\u00e9to specifick\u00e9 slou\u010deniny nebyly pln\u011b pops\u00e1ny, je jednozna\u010dn\u011b ur\u010dena pro forenzn\u00ed a pokro\u010dil\u00e9 v\u00fdzkumn\u00e9 \u00fa\u010dely. Proto se p\u0159i manipulaci s n\u00ed a jej\u00edm pou\u017eit\u00ed mus\u00ed dodr\u017eovat p\u0159\u00edsn\u00e9 laboratorn\u00ed protokoly. Jako p\u0159edn\u00ed poskytovatel <b>\u0161pi\u010dkov\u00e1 kvalita 3-MEO-PCP pr\u00e1\u0161ek<\/b>, Chemsfine zaji\u0161\u0165uje, \u017ee v\u0161ichni v\u00fdzkumn\u00ed pracovn\u00edci obdr\u017e\u00ed konzistentn\u00ed a spolehliv\u00fd produkt pro sv\u00e9 n\u00e1ro\u010dn\u00e9 studie.<\/p>\n<p>Historie p\u0159\u00edbuzn\u00fdch slou\u010denin poskytuje d\u016fle\u017eit\u00fd kontext. Nap\u0159\u00edklad 4-methoxyfencyklidin (methoxydin, 4-MeO-PCP) je dal\u0161\u00ed disociativn\u00ed anestetikum, kter\u00e9 se proslavilo jako v\u00fdzkumn\u00e1 chemik\u00e1lie prod\u00e1van\u00e1 online. Jeho synt\u00e9za byla poprv\u00e9 zdokumentov\u00e1na v roce 1965 Victorem Maddoxem, medicin\u00e1ln\u00edm chemikem ve spole\u010dnosti Parke-Davis. Dal\u0161\u00ed poznatky vyplynuly z p\u0159ehledu Johna Q. Beagla z roku 1999, kter\u00fd nazna\u010dil, \u017ee 4-MeO-PCP m\u00e1 sn\u00ed\u017eenou \u00fa\u010dinnost ve srovn\u00e1n\u00ed s PCP. O dva roky pozd\u011bji Beagle podrobn\u011b popsal synt\u00e9zu a kvalitativn\u00ed \u00fa\u010dinky 4-MeO-PCP a uvedl, \u017ee m\u00e1 p\u0159ibli\u017en\u011b 70% \u00fa\u010dinnosti PCP. 4-MeO-PCP se m\u016f\u017ee pochlubit t\u00edm, \u017ee je prvn\u00ed arylcyklohexylaminovou v\u00fdzkumnou chemik\u00e1li\u00ed, kter\u00e1 se prod\u00e1v\u00e1 online, a to koncem roku 2008 prost\u0159ednictv\u00edm spole\u010dnosti CBAY, kter\u00e1 n\u00e1sledn\u011b uvedla na trh dal\u0161\u00ed p\u0159\u00edbuzn\u00e9 slou\u010deniny, jako je 3-MeO-PCP a methoxetamin.<\/p>\n<p>P\u0159i dal\u0161\u00edm srovn\u00e1n\u00ed t\u011bchto slou\u010denin vykazuje 4-MeO-PCP ni\u017e\u0161\u00ed afinitu k NMDA receptoru ne\u017e PCP, ale vy\u0161\u0161\u00ed afinitu ne\u017e ketamin. Je peror\u00e1ln\u011b \u00fa\u010dinn\u00fd, s rozsahem d\u00e1vkov\u00e1n\u00ed podobn\u00fdm ketaminu. N\u011bkte\u0159\u00ed u\u017eivatel\u00e9 uv\u00e1d\u011bj\u00ed, \u017ee pro dosa\u017een\u00ed \u017e\u00e1douc\u00edch \u00fa\u010dink\u016f pot\u0159ebuj\u00ed d\u00e1vky p\u0159esahuj\u00edc\u00ed 100 mg, a\u010dkoli byly zaznamen\u00e1ny podstatn\u00e9 rozd\u00edly v \u00fa\u010dinn\u00e9 d\u00e1vce. Tyto rozd\u00edly lze \u010dasto p\u0159i\u010d\u00edst ne\u010distot\u00e1m, jako je nezreagovan\u00fd PCC, nalezen\u00fdm ve vzorc\u00edch po\u0159\u00edzen\u00fdch ze zdroj\u016f na \u0161ed\u00e9m trhu. 4-MeO-PCP m\u00e1 tak\u00e9 r\u016fzn\u00e9 dal\u0161\u00ed hodnoty Ki, v\u010detn\u011b 404 nM pro NMDA receptor, 713 nM pro noradrenalinov\u00fd transport\u00e9r, 844 nM pro serotoninov\u00fd transport\u00e9r, 296 nM pro \u03c31 receptor a 143 nM pro \u03c32 receptor.<\/p>\n<p><b>Kl\u00ed\u010dov\u00e9 chemick\u00e9 a fyzik\u00e1ln\u00ed vlastnosti:<\/b><\/p>\n<table>\n<thead>\n<tr>\n<th>Majetek<\/th>\n<th>Hodnota<\/th>\n<\/tr>\n<\/thead>\n<tbody>\n<tr>\n<td>Vzhled<\/td>\n<td>B\u00edl\u00e1 krystalick\u00e1 pevn\u00e1 l\u00e1tka<\/td>\n<\/tr>\n<tr>\n<td>Bod t\u00e1n\u00ed<\/td>\n<td>181-182 \u00b0C<\/td>\n<\/tr>\n<tr>\n<td>Chemick\u00fd vzorec<\/td>\n<td>C14H20ClNO (hydrochlorid)<\/td>\n<\/tr>\n<tr>\n<td>Teplota skladov\u00e1n\u00ed<\/td>\n<td>-20\u00b0C<\/td>\n<\/tr>\n<tr>\n<td>Stabilita<\/td>\n<td>\u2265 2 roky<\/td>\n<\/tr>\n<\/tbody>\n<\/table>\n<h2>Pro\u010d koupit 3-MEO-PCP pr\u00e1\u0161ek online od spole\u010dnosti Chemsfine?<\/h2>\n<p>V\u00fdb\u011br spr\u00e1vn\u00e9ho dodavatele pro v\u00e1\u0161 <a href=\"\/cs\/vyzkumne-chemikalie\/\">v\u00fdzkumn\u00e9 chemik\u00e1lie<\/a> je nejd\u016fle\u017eit\u011bj\u0161\u00ed. Ve spole\u010dnosti Chemsfine se sna\u017e\u00edme poskytovat nejlep\u0161\u00ed slu\u017eby. <b>nejlep\u0161\u00ed dostupn\u00fd pr\u00e1\u0161ek 3-MEO-PCP<\/b>, co\u017e zaji\u0161\u0165uje, \u017ee ka\u017ed\u00e1 \u0161ar\u017ee spl\u0148uje p\u0159\u00edsn\u00e9 normy kvality. Na\u0161e p\u0159\u00edsn\u00e9 testovac\u00ed postupy a transparentn\u00ed z\u00e1znamy o \u0161ar\u017e\u00edch poskytuj\u00ed jistotu, kterou pot\u0159ebujete pro kritick\u00e9 v\u00fdzkumn\u00e9 aplikace. Ch\u00e1peme, \u017ee p\u0159esnost a konzistence jsou ve v\u011bdeck\u00e9m \u00fasil\u00ed neoddiskutovateln\u00e9. Kdy\u017e si vyberete spole\u010dnost Chemsfine, rozhodnete se pro partnera, kter\u00fd se zav\u00e1zal dod\u00e1vat vysokou \u010distotu na prodej, spolehliv\u00e9 slou\u010deniny a v\u00fdjime\u010dn\u00e9 slu\u017eby, a to poka\u017ed\u00e9. Prozkoumejte n\u00e1\u0161 sortiment <a href=\"\/cs\/disociativa\/\">disociativa<\/a> a dal\u0161\u00ed <a href=\"\/cs\/lab-grade-chemicals\/\">laboratorn\u00ed slou\u010deniny<\/a> dnes.<\/p>\n<h2>Aplikace pr\u00e1\u0161ku 3-MEO-PCP<\/h2>\n<p>D\u00edky sv\u00e9mu v\u00fdrazn\u00e9mu farmakologick\u00e9mu profilu a vazebn\u00fdm afinit\u00e1m je 3-MEO-PCP neoceniteln\u00fdm n\u00e1strojem pro r\u016fzn\u00e9 forenzn\u00ed a v\u00fdzkumn\u00e9 aplikace. D\u00edky sv\u00fdm jedine\u010dn\u00fdm interakc\u00edm s NMDA receptory a serotoninov\u00fdmi transport\u00e9ry je zvl\u00e1\u0161t\u011b d\u016fle\u017eit\u00fd pro studie zkoumaj\u00edc\u00ed:<\/p>\n<ul>\n<li>Mechanismy \u00fa\u010dinku disociativn\u00edch anestetik.<\/li>\n<li>Neurotransmiterov\u00e9 syst\u00e9my, zejm\u00e9na serotoninov\u00e1 a glutam\u00e1tov\u00e1 dr\u00e1ha.<\/li>\n<li>Farmakologick\u00e9 srovn\u00e1n\u00ed s jin\u00fdmi arylcyklohexylaminy, jako je PCP a ketamin.<\/li>\n<li>V\u00fdvoj analytick\u00fdch metod pro forenzn\u00ed toxikologii.<\/li>\n<li>Porozum\u011bn\u00ed vazebn\u00fdm profil\u016fm receptor\u016f a vztah\u016fm mezi strukturou a aktivitou.<\/li>\n<\/ul>\n<p>Tyto aplikace zd\u016fraz\u0148uj\u00ed v\u00fdznam z\u00edsk\u00e1n\u00ed <b>pr\u00e1\u0161ek 3-MEO-PCP vysok\u00e9 \u010distoty<\/b> z renomovan\u00e9ho zdroje, jako je Chemsfine, aby byla zaji\u0161t\u011bna integrita a reprodukovatelnost v\u00fdsledk\u016f v\u00fdzkumu.<\/p>\n<h2>Bezpe\u010dnost a dodr\u017eov\u00e1n\u00ed p\u0159edpis\u016f pro pr\u00e1\u0161ek 3-MEO-PCP<\/h2>\n<p>Vzhledem k tomu, \u017ee tento v\u00fdrobek je ur\u010den v\u00fdhradn\u011b pro forenzn\u00ed a v\u00fdzkumn\u00e9 \u00fa\u010dely, je nezbytn\u00e9 p\u0159\u00edsn\u00e9 dodr\u017eov\u00e1n\u00ed bezpe\u010dnostn\u00edch protokol\u016f a shody s p\u0159edpisy. V\u00fdzkumn\u00ed pracovn\u00edci by m\u011bli s pr\u00e1\u0161kem 3-MEO-PCP v\u017edy manipulovat v kontrolovan\u00e9m laboratorn\u00edm prost\u0159ed\u00ed za pou\u017eit\u00ed vhodn\u00fdch osobn\u00edch ochrann\u00fdch prost\u0159edk\u016f. Je nezbytn\u00e9 zn\u00e1t a dodr\u017eovat v\u0161echny region\u00e1ln\u00ed p\u0159edpisy t\u00fdkaj\u00edc\u00ed se n\u00e1kupu, skladov\u00e1n\u00ed a pou\u017e\u00edv\u00e1n\u00ed v\u00fdzkumn\u00fdch chemik\u00e1li\u00ed. Ve spole\u010dnosti Chemsfine je pro n\u00e1s bezpe\u010dnost a transparentnost prioritou. Pro na\u0161e produkty jsou snadno dostupn\u00e9 bezpe\u010dnostn\u00ed listy (SDS) a certifik\u00e1ty anal\u00fdzy (CoA), kter\u00e9 poskytuj\u00ed komplexn\u00ed informace o manipulaci, nebezpe\u010dnosti a \u010distot\u011b. V\u017edy se t\u011bmito dokumenty \u0159i\u010fte, abyste zajistili bezpe\u010dn\u00e9 a vyhovuj\u00edc\u00ed v\u00fdzkumn\u00e9 prost\u0159ed\u00ed.<\/p>\n<h2>Pro\u010d si pro sv\u016fj pr\u00e1\u0161ek 3-MEO-PCP vybrat Chemsfine?<\/h2>\n<p>Kdy\u017e se rozhodnete <b>objednat 3-MEO-PCP pr\u00e1\u0161ek online<\/b>, Chemsfine je d\u016fv\u011bryhodnou volbou pro v\u00fdzkumn\u00e9 pracovn\u00edky po cel\u00e9m sv\u011bt\u011b. Nab\u00edz\u00edme transparentn\u00ed \u00fadaje o produktech, ov\u011b\u0159en\u00e9 z\u00e1znamy o \u0161ar\u017e\u00edch a vysoce konkuren\u010dn\u00ed ceny, d\u00edky \u010demu\u017e jsou pr\u00e9miov\u00e9 chemik\u00e1lie pro v\u00fdzkum dostupn\u00e9. D\u00edky na\u0161emu neochv\u011bjn\u00e9mu z\u00e1vazku ke kvalit\u011b obdr\u017e\u00edte v\u017edy autentick\u00e9 materi\u00e1ly laboratorn\u00ed kvality. Se spole\u010dnost\u00ed Chemsfine m\u00e1te jistotu bezprobl\u00e9mov\u00e9ho n\u00e1kupu, od prohl\u00ed\u017een\u00ed na\u0161eho rozs\u00e1hl\u00e9ho katalogu a\u017e po diskr\u00e9tn\u00ed a efektivn\u00ed doru\u010den\u00ed va\u0161\u00ed objedn\u00e1vky. Jsme odhodl\u00e1ni podporovat va\u0161e v\u011bdeck\u00e9 \u00fasil\u00ed produkty, kter\u00e9 spl\u0148uj\u00ed nejvy\u0161\u0161\u00ed pr\u016fmyslov\u00e9 standardy.<\/p>\n<h2>Z\u00e1v\u011br<\/h2>\n<p>Pro v\u00fdzkumn\u00e9 pracovn\u00edky a forenzn\u00ed v\u011bdce, kte\u0159\u00ed hledaj\u00ed spolehliv\u00fd zdroj pro <b>koupit 3-MEO-PCP pr\u00e1\u0161ek na prodej<\/b>, Chemsfine nab\u00edz\u00ed jedine\u010dnou kombinaci kvality, \u010distoty a slu\u017eeb. Na\u0161\u00edm z\u00e1vazkem je poskytovat pouze ty nejlep\u0161\u00ed <a href=\"\/cs\/kategorie-produktu\/\">v\u00fdzkum chemick\u00fdch slou\u010denin<\/a> zaji\u0161\u0165uje, \u017ee va\u0161e studium je postaveno na poctiv\u00fdch z\u00e1kladech. Prozkoumejte n\u00e1\u0161 v\u00fdb\u011br vysoce kvalitn\u00edch chemik\u00e1li\u00ed laboratorn\u00ed kvality a vyzkou\u0161ejte si rozd\u00edl Chemsfine je\u0161t\u011b dnes, abyste z\u00edskali skute\u010dn\u011b bezpe\u010dn\u00fd n\u00e1kup a v\u00fdjime\u010dn\u00e9 v\u00fdzkumn\u00e9 materi\u00e1ly.<\/p>","protected":false},"excerpt":{"rendered":"<p><b>Pr\u00e1\u0161ek 3-MEO-PCP<\/b> je analog PCP, kter\u00fd je zn\u00e1m\u00fd svou afinitou k NMDA receptor\u016fm a serotoninov\u00fdm transport\u00e9r\u016fm. Tuto vysoce kvalitn\u00ed slou\u010deninu, ur\u010denou v\u00fdhradn\u011b pro forenzn\u00ed a v\u00fdzkumn\u00e9 aplikace, lze zakoupit u spole\u010dnosti Chemsfine. Objevte jej\u00ed jedine\u010dn\u00e9 vlastnosti pro sv\u00e9 studie.<\/p>","protected":false},"featured_media":6474,"comment_status":"open","ping_status":"closed","template":"","meta":{"_joinchat":[]},"product_brand":[],"product_cat":[936],"product_tag":[],"class_list":{"0":"post-6436","1":"product","2":"type-product","3":"status-publish","4":"has-post-thumbnail","6":"product_cat-research-chemicals","8":"first","9":"instock","10":"shipping-taxable","11":"purchasable","12":"product-type-variable"},"yoast_head":"<!-- This site is optimized with the Yoast SEO plugin v27.2 - https:\/\/yoast.com\/product\/yoast-seo-wordpress\/ -->\n<title>Buy 3-MEO-PCP Powder Online | Best Research Chemical Price<\/title>\n<meta name=\"description\" content=\"Order high-quality 3-MEO-PCP Powder online from Chemsfine. A potent dissociative research chemical with unique properties. Best prices and fast shipping available.\" \/>\n<meta name=\"robots\" content=\"index, follow, max-snippet:-1, max-image-preview:large, max-video-preview:-1\" \/>\n<link rel=\"canonical\" href=\"https:\/\/chemsfine.com\/cs\/produkt\/buy-meo-pcp-powder\/\" \/>\n<meta property=\"og:locale\" content=\"cs_CZ\" \/>\n<meta property=\"og:type\" content=\"article\" \/>\n<meta property=\"og:title\" content=\"Buy 3-MEO-PCP Powder Online | Best Research Chemical Price\" \/>\n<meta property=\"og:description\" content=\"Order high-quality 3-MEO-PCP Powder online from Chemsfine. A potent dissociative research chemical with unique properties. Best prices and fast shipping available.\" \/>\n<meta property=\"og:url\" content=\"https:\/\/chemsfine.com\/cs\/produkt\/buy-meo-pcp-powder\/\" \/>\n<meta property=\"og:site_name\" content=\"Chemsfine\" \/>\n<meta property=\"article:modified_time\" content=\"2026-03-25T13:05:37+00:00\" \/>\n<meta property=\"og:image\" content=\"https:\/\/chemsfine.com\/wp-content\/uploads\/2026\/02\/3-meo-pcp-2.jpg\" \/>\n\t<meta property=\"og:image:width\" content=\"700\" \/>\n\t<meta property=\"og:image:height\" content=\"500\" \/>\n\t<meta property=\"og:image:type\" content=\"image\/jpeg\" \/>\n<meta name=\"twitter:card\" content=\"summary_large_image\" \/>\n<meta name=\"twitter:label1\" content=\"Odhadovan\u00e1 doba \u010dten\u00ed\" \/>\n\t<meta name=\"twitter:data1\" content=\"5 minut\" \/>\n<script type=\"application\/ld+json\" class=\"yoast-schema-graph\">{\"@context\":\"https:\/\/schema.org\",\"@graph\":[{\"@type\":\"WebPage\",\"@id\":\"https:\/\/chemsfine.com\/product\/buy-meo-pcp-powder\/\",\"url\":\"https:\/\/chemsfine.com\/product\/buy-meo-pcp-powder\/\",\"name\":\"Buy 3-MEO-PCP Powder Online | Best Research Chemical Price\",\"isPartOf\":{\"@id\":\"https:\/\/chemsfine.com\/#website\"},\"primaryImageOfPage\":{\"@id\":\"https:\/\/chemsfine.com\/product\/buy-meo-pcp-powder\/#primaryimage\"},\"image\":{\"@id\":\"https:\/\/chemsfine.com\/product\/buy-meo-pcp-powder\/#primaryimage\"},\"thumbnailUrl\":\"https:\/\/chemsfine.com\/wp-content\/uploads\/2026\/02\/3-meo-pcp-2.jpg\",\"datePublished\":\"2026-02-12T10:05:07+00:00\",\"dateModified\":\"2026-03-25T13:05:37+00:00\",\"description\":\"Order high-quality 3-MEO-PCP Powder online from Chemsfine. A potent dissociative research chemical with unique properties. Best prices and fast shipping available.\",\"breadcrumb\":{\"@id\":\"https:\/\/chemsfine.com\/product\/buy-meo-pcp-powder\/#breadcrumb\"},\"inLanguage\":\"cs\",\"potentialAction\":[{\"@type\":\"ReadAction\",\"target\":[\"https:\/\/chemsfine.com\/product\/buy-meo-pcp-powder\/\"]}]},{\"@type\":\"ImageObject\",\"inLanguage\":\"cs\",\"@id\":\"https:\/\/chemsfine.com\/product\/buy-meo-pcp-powder\/#primaryimage\",\"url\":\"https:\/\/chemsfine.com\/wp-content\/uploads\/2026\/02\/3-meo-pcp-2.jpg\",\"contentUrl\":\"https:\/\/chemsfine.com\/wp-content\/uploads\/2026\/02\/3-meo-pcp-2.jpg\",\"width\":700,\"height\":500},{\"@type\":\"BreadcrumbList\",\"@id\":\"https:\/\/chemsfine.com\/product\/buy-meo-pcp-powder\/#breadcrumb\",\"itemListElement\":[{\"@type\":\"ListItem\",\"position\":1,\"name\":\"Home\",\"item\":\"https:\/\/chemsfine.com\/\"},{\"@type\":\"ListItem\",\"position\":2,\"name\":\"Shop\",\"item\":\"https:\/\/chemsfine.com\/shop\/\"},{\"@type\":\"ListItem\",\"position\":3,\"name\":\"3-MEO-PCP Powder | Premium Research Chemical Supplier\"}]},{\"@type\":\"WebSite\",\"@id\":\"https:\/\/chemsfine.com\/#website\",\"url\":\"https:\/\/chemsfine.com\/\",\"name\":\"Chemsfine\",\"description\":\"My WordPress Blog\",\"publisher\":{\"@id\":\"https:\/\/chemsfine.com\/#organization\"},\"potentialAction\":[{\"@type\":\"SearchAction\",\"target\":{\"@type\":\"EntryPoint\",\"urlTemplate\":\"https:\/\/chemsfine.com\/?s={search_term_string}\"},\"query-input\":{\"@type\":\"PropertyValueSpecification\",\"valueRequired\":true,\"valueName\":\"search_term_string\"}}],\"inLanguage\":\"cs\"},{\"@type\":\"Organization\",\"@id\":\"https:\/\/chemsfine.com\/#organization\",\"name\":\"Chemsfine\",\"url\":\"https:\/\/chemsfine.com\/\",\"logo\":{\"@type\":\"ImageObject\",\"inLanguage\":\"cs\",\"@id\":\"https:\/\/chemsfine.com\/#\/schema\/logo\/image\/\",\"url\":\"https:\/\/chemsfine.com\/wp-content\/uploads\/2024\/09\/final-logo.png\",\"contentUrl\":\"https:\/\/chemsfine.com\/wp-content\/uploads\/2024\/09\/final-logo.png\",\"width\":340,\"height\":72,\"caption\":\"Chemsfine\"},\"image\":{\"@id\":\"https:\/\/chemsfine.com\/#\/schema\/logo\/image\/\"}}]}<\/script>\n<!-- \/ Yoast SEO plugin. -->","yoast_head_json":{"title":"Koupit 3-MEO-PCP pr\u00e1\u0161ek online | Nejlep\u0161\u00ed v\u00fdzkum Chemick\u00e1 cena","description":"Objednejte si vysoce kvalitn\u00ed pr\u00e1\u0161ek 3-MEO-PCP online od spole\u010dnosti Chemsfine. Siln\u00e1 disociativn\u00ed chemik\u00e1lie pro v\u00fdzkum s jedine\u010dn\u00fdmi vlastnostmi. Nejlep\u0161\u00ed ceny a rychl\u00e9 dod\u00e1n\u00ed.","robots":{"index":"index","follow":"follow","max-snippet":"max-snippet:-1","max-image-preview":"max-image-preview:large","max-video-preview":"max-video-preview:-1"},"canonical":"https:\/\/chemsfine.com\/cs\/produkt\/buy-meo-pcp-powder\/","og_locale":"cs_CZ","og_type":"article","og_title":"Buy 3-MEO-PCP Powder Online | Best Research Chemical Price","og_description":"Order high-quality 3-MEO-PCP Powder online from Chemsfine. A potent dissociative research chemical with unique properties. Best prices and fast shipping available.","og_url":"https:\/\/chemsfine.com\/cs\/produkt\/buy-meo-pcp-powder\/","og_site_name":"Chemsfine","article_modified_time":"2026-03-25T13:05:37+00:00","og_image":[{"width":700,"height":500,"url":"https:\/\/chemsfine.com\/wp-content\/uploads\/2026\/02\/3-meo-pcp-2.jpg","type":"image\/jpeg"}],"twitter_card":"summary_large_image","twitter_misc":{"Odhadovan\u00e1 doba \u010dten\u00ed":"5 minut"},"schema":{"@context":"https:\/\/schema.org","@graph":[{"@type":"WebPage","@id":"https:\/\/chemsfine.com\/product\/buy-meo-pcp-powder\/","url":"https:\/\/chemsfine.com\/product\/buy-meo-pcp-powder\/","name":"Koupit 3-MEO-PCP pr\u00e1\u0161ek online | Nejlep\u0161\u00ed v\u00fdzkum Chemick\u00e1 cena","isPartOf":{"@id":"https:\/\/chemsfine.com\/#website"},"primaryImageOfPage":{"@id":"https:\/\/chemsfine.com\/product\/buy-meo-pcp-powder\/#primaryimage"},"image":{"@id":"https:\/\/chemsfine.com\/product\/buy-meo-pcp-powder\/#primaryimage"},"thumbnailUrl":"https:\/\/chemsfine.com\/wp-content\/uploads\/2026\/02\/3-meo-pcp-2.jpg","datePublished":"2026-02-12T10:05:07+00:00","dateModified":"2026-03-25T13:05:37+00:00","description":"Objednejte si vysoce kvalitn\u00ed pr\u00e1\u0161ek 3-MEO-PCP online od spole\u010dnosti Chemsfine. Siln\u00e1 disociativn\u00ed chemik\u00e1lie pro v\u00fdzkum s jedine\u010dn\u00fdmi vlastnostmi. Nejlep\u0161\u00ed ceny a rychl\u00e9 dod\u00e1n\u00ed.","breadcrumb":{"@id":"https:\/\/chemsfine.com\/product\/buy-meo-pcp-powder\/#breadcrumb"},"inLanguage":"cs","potentialAction":[{"@type":"ReadAction","target":["https:\/\/chemsfine.com\/product\/buy-meo-pcp-powder\/"]}]},{"@type":"ImageObject","inLanguage":"cs","@id":"https:\/\/chemsfine.com\/product\/buy-meo-pcp-powder\/#primaryimage","url":"https:\/\/chemsfine.com\/wp-content\/uploads\/2026\/02\/3-meo-pcp-2.jpg","contentUrl":"https:\/\/chemsfine.com\/wp-content\/uploads\/2026\/02\/3-meo-pcp-2.jpg","width":700,"height":500},{"@type":"BreadcrumbList","@id":"https:\/\/chemsfine.com\/product\/buy-meo-pcp-powder\/#breadcrumb","itemListElement":[{"@type":"ListItem","position":1,"name":"Home","item":"https:\/\/chemsfine.com\/"},{"@type":"ListItem","position":2,"name":"Shop","item":"https:\/\/chemsfine.com\/shop\/"},{"@type":"ListItem","position":3,"name":"3-MEO-PCP Powder | Premium Research Chemical Supplier"}]},{"@type":"WebSite","@id":"https:\/\/chemsfine.com\/#website","url":"https:\/\/chemsfine.com\/","name":"Chemsfine","description":"M\u016fj blog WordPress","publisher":{"@id":"https:\/\/chemsfine.com\/#organization"},"potentialAction":[{"@type":"SearchAction","target":{"@type":"EntryPoint","urlTemplate":"https:\/\/chemsfine.com\/?s={search_term_string}"},"query-input":{"@type":"PropertyValueSpecification","valueRequired":true,"valueName":"search_term_string"}}],"inLanguage":"cs"},{"@type":"Organization","@id":"https:\/\/chemsfine.com\/#organization","name":"Chemsfine","url":"https:\/\/chemsfine.com\/","logo":{"@type":"ImageObject","inLanguage":"cs","@id":"https:\/\/chemsfine.com\/#\/schema\/logo\/image\/","url":"https:\/\/chemsfine.com\/wp-content\/uploads\/2024\/09\/final-logo.png","contentUrl":"https:\/\/chemsfine.com\/wp-content\/uploads\/2024\/09\/final-logo.png","width":340,"height":72,"caption":"Chemsfine"},"image":{"@id":"https:\/\/chemsfine.com\/#\/schema\/logo\/image\/"}}]}},"_links":{"self":[{"href":"https:\/\/chemsfine.com\/cs\/wp-json\/wp\/v2\/product\/6436","targetHints":{"allow":["GET"]}}],"collection":[{"href":"https:\/\/chemsfine.com\/cs\/wp-json\/wp\/v2\/product"}],"about":[{"href":"https:\/\/chemsfine.com\/cs\/wp-json\/wp\/v2\/types\/product"}],"replies":[{"embeddable":true,"href":"https:\/\/chemsfine.com\/cs\/wp-json\/wp\/v2\/comments?post=6436"}],"wp:featuredmedia":[{"embeddable":true,"href":"https:\/\/chemsfine.com\/cs\/wp-json\/wp\/v2\/media\/6474"}],"wp:attachment":[{"href":"https:\/\/chemsfine.com\/cs\/wp-json\/wp\/v2\/media?parent=6436"}],"wp:term":[{"taxonomy":"product_brand","embeddable":true,"href":"https:\/\/chemsfine.com\/cs\/wp-json\/wp\/v2\/product_brand?post=6436"},{"taxonomy":"product_cat","embeddable":true,"href":"https:\/\/chemsfine.com\/cs\/wp-json\/wp\/v2\/product_cat?post=6436"},{"taxonomy":"product_tag","embeddable":true,"href":"https:\/\/chemsfine.com\/cs\/wp-json\/wp\/v2\/product_tag?post=6436"}],"curies":[{"name":"wp","href":"https:\/\/api.w.org\/{rel}","templated":true}]}}