{"id":6478,"date":"2026-02-12T10:05:57","date_gmt":"2026-02-12T10:05:57","guid":{"rendered":"https:\/\/chemsfine.com\/?post_type=product&#038;p=6478"},"modified":"2026-03-25T12:52:32","modified_gmt":"2026-03-25T12:52:32","slug":"vanilla-sky-bath-salts","status":"publish","type":"product","link":"https:\/\/chemsfine.com\/cs\/product\/vanilla-sky-bath-salts\/","title":{"rendered":"Koncentrovan\u00e1 koupelov\u00e1 s\u016fl Vanilla Sky: Dop\u0159ejte si relaxaci"},"content":{"rendered":"<p>Dop\u0159ejte si klid a vylep\u0161ete sv\u016fj ritu\u00e1l p\u00e9\u010de o sebe. M\u016f\u017eete snadno <b>koupit Koncentrovan\u00e1 koupelov\u00e1 s\u016fl Vanilla Sky na prodej<\/b> online a prom\u011bn\u00ed va\u0161e ka\u017edodenn\u00ed koup\u00e1n\u00ed v dokonalou cestu relaxace a obnovy. Vychutnejte si uklid\u0148uj\u00edc\u00ed v\u016fni luxusu p\u0159i relaxaci a odpo\u010dinku od ka\u017edodenn\u00edho stresu. Tento obs\u00e1hl\u00fd pr\u016fvodce pojedn\u00e1v\u00e1 o nes\u010detn\u00fdch v\u00fdhod\u00e1ch, tipech na spr\u00e1vn\u00e9 pou\u017eit\u00ed a p\u0159esv\u011bd\u010div\u00fdch d\u016fvodech, pro\u010d si zakoupit na\u0161i pr\u00e9miovou koupelovou s\u016fl Vanilla Sky na internetu. Zlep\u0161ete svou rutinn\u00ed p\u00e9\u010di o sebe a prom\u011b\u0148te ka\u017edou koupel v p\u0159\u00edle\u017eitost k \u010dist\u00e9mu \u0161t\u011bst\u00ed.<\/p>\n<h2>Co jsou koncentrovan\u00e9 koupelov\u00e9 soli Vanilla Sky?<\/h2>\n<p>Na\u0161e koupelov\u00e9 soli Pure Vanilla Sky jsou odborn\u011b vyvinuty tak, aby poskytovaly jedine\u010dn\u00fd smyslov\u00fd z\u00e1\u017eitek. Tyto <b>\u0161pi\u010dkov\u00e1 koncentrovan\u00e1 koupelov\u00e1 s\u016fl Vanilla Sky<\/b> jsou navr\u017eeny tak, aby vytv\u00e1\u0159ely klidn\u00e9 prost\u0159ed\u00ed a umo\u017enily v\u00e1m pono\u0159it se do klidu a pohody. Koupelov\u00e9 soli jsou vyrobeny ze slo\u017eek bohat\u00fdch na miner\u00e1ly, snadno se rozpou\u0161t\u011bj\u00ed v tepl\u00e9 vod\u011b a uvol\u0148uj\u00ed sv\u00e9 l\u00e9\u010div\u00e9 vlastnosti a okouzluj\u00edc\u00ed vanilkovou v\u016fni. Jsou dokonal\u00fdm dopl\u0148kem ka\u017ed\u00e9 p\u00e9\u010de o sebe sama a slibuj\u00ed hlubokou relaxaci a omlazen\u00ed.<\/p>\n<h2>V\u00fdhody koncentrovan\u00e9 koupelov\u00e9 soli Vanilla Sky<\/h2>\n<p>Objevte hlubok\u00e9 v\u00fdhody, kter\u00e9 na\u0161e koncentrovan\u00e9 slo\u017een\u00ed p\u0159in\u00e1\u0161\u00ed do va\u0161eho koupelov\u00e9ho ritu\u00e1lu:<\/p>\n<h3>Aromaterapie Bliss<\/h3>\n<p>Dop\u0159ejte sv\u00fdm smysl\u016fm hluboce relaxa\u010dn\u00ed v\u016fni vanilky, kter\u00e1 napln\u00ed va\u0161i koupel p\u0159\u00edrodn\u00ed v\u016fn\u00ed. Aromaterapie je ji\u017e dlouho cen\u011bna pro svou pozoruhodnou schopnost zm\u00edr\u0148ovat \u00fazkost a podporovat hlubokou relaxaci, \u010d\u00edm\u017e \u00fa\u010dinn\u011b p\u0159ipravuje p\u016fdu pro skute\u010dn\u011b klidnou a regenera\u010dn\u00ed koupel.<\/p>\n<h3>Relaxace a uvoln\u011bn\u00ed sval\u016f<\/h3>\n<p>Koncentrovan\u00e9 slo\u017een\u00ed na\u0161ich koupelov\u00fdch sol\u00ed se skl\u00e1d\u00e1 ze slo\u017eek bohat\u00fdch na miner\u00e1ly, kter\u00e9 pom\u00e1haj\u00ed uvolnit vy\u010derpan\u00e9 svaly, zm\u00edr\u0148uj\u00ed nap\u011bt\u00ed a napom\u00e1haj\u00ed celkov\u00e9 relaxaci. Pono\u0159te se do tepl\u00e9 vody a nechte tyto prvot\u0159\u00eddn\u00ed koupelov\u00e9 soli, a\u0165 provedou sv\u00e1 kouzla a rozpust\u00ed denn\u00ed n\u00e1mahu.<\/p>\n<h3>Detoxikace<\/h3>\n<p>Pe\u010dliv\u011b ur\u010den\u00e1 kombinace sol\u00ed a miner\u00e1l\u016f pom\u00e1h\u00e1 odstra\u0148ovat ne\u010distoty z poko\u017eky a napom\u00e1h\u00e1 detoxikaci. P\u0159i koupeli v l\u00e1zni tyto \u00fa\u010dinn\u00e9 soli pom\u00e1haj\u00ed \u010distit poko\u017eku a zanech\u00e1vaj\u00ed ji d\u016fkladn\u011b omlazenou a osv\u011b\u017eenou.<\/p>\n<h3>Zlep\u0161uje kvalitu sp\u00e1nku<\/h3>\n<p>Relaxace ve van\u011b s pou\u017eit\u00edm koncentrovan\u00fdch koupelov\u00fdch sol\u00ed vytv\u00e1\u0159\u00ed klidn\u00e9 prost\u0159ed\u00ed, kter\u00e9 p\u0159isp\u00edv\u00e1 k lep\u0161\u00edmu sp\u00e1nku. Uklid\u0148uj\u00edc\u00ed v\u016fn\u011b vanilky v\u00e1m pom\u016f\u017ee uvolnit se a p\u0159ipravit se na skute\u010dn\u011b klidn\u00fd no\u010dn\u00ed odpo\u010dinek, \u010d\u00edm\u017e se zlep\u0161\u00ed celkov\u00e1 kvalita va\u0161eho sp\u00e1nku.<\/p>\n<h2>Jak pou\u017e\u00edvat koncentrovanou koupelovou s\u016fl Vanilla Sky<\/h2>\n<p>Pro optim\u00e1ln\u00ed a luxusn\u00ed z\u00e1\u017eitek z koupele postupujte podle t\u011bchto jednoduch\u00fdch pokyn\u016f:<\/p>\n<h3>P\u0159\u00edprava koupele<\/h3>\n<p>Vanu je t\u0159eba napustit horkou vodou a\u017e po po\u017eadovanou \u00farove\u0148, \u010d\u00edm\u017e se vytvo\u0159\u00ed tepl\u00e9 a p\u0159\u00edjemn\u00e9 prost\u0159ed\u00ed.<\/p>\n<h3>V\u010detn\u011b koupelov\u00e9 soli<\/h3>\n<p>Pomalu nalijte dostate\u010dn\u00e9 mno\u017estv\u00ed koncentrovan\u00e9 koupelov\u00e9 soli Vanilla Sky do vody ve van\u011b. Vodu m\u00edchejte, dokud se soli \u0159\u00e1dn\u011b nerozpust\u00ed, \u010d\u00edm\u017e zajist\u00edte rovnom\u011brn\u00e9 rozlo\u017een\u00ed jejich blahod\u00e1rn\u00fdch vlastnost\u00ed.<\/p>\n<h3>Relaxujte a namo\u010dte se<\/h3>\n<p>Jemn\u011b se pono\u0159te do vany a nechte se obklopit okouzluj\u00edc\u00ed v\u016fn\u00ed. Zhluboka se nadechn\u011bte, zhluboka se nadechn\u011bte a nechte stres z cel\u00e9ho dne ladn\u011b odezn\u00edt.<\/p>\n<h3>Doba trv\u00e1n\u00ed<\/h3>\n<p>Optim\u00e1ln\u00edho \u00fa\u010dinku dos\u00e1hnete, kdy\u017e budete vodu nam\u00e1\u010det p\u0159ibli\u017en\u011b 20-30 minut. Vyu\u017eijte tento klidn\u00fd \u010das k relaxaci, p\u0159e\u010dt\u011bte si poutavou knihu nebo se v\u011bnujte uklid\u0148uj\u00edc\u00edm cvi\u010den\u00edm.<\/p>\n<h3>Oplachov\u00e1n\u00ed<\/h3>\n<p>Po relaxa\u010dn\u00ed koupeli jemn\u011b smyjte zbytky na poko\u017ece \u010distou vodou a zanechte poko\u017eku jemnou a sv\u011b\u017e\u00ed.<\/p>\n<h2>Pro\u010d si koupit koncentrovanou koupelovou s\u016fl Vanilla Sky online u Chemsfine?<\/h2>\n<p>V\u00fdb\u011br spole\u010dnosti Chemsfine pro v\u00e1\u0161 n\u00e1kup zaru\u010duje vynikaj\u00edc\u00ed z\u00e1\u017eitek. Nab\u00edz\u00edme <b>nejlep\u0161\u00ed dostupn\u00e9 koncentrovan\u00e9 koupelov\u00e9 soli Vanilla Sky<\/b>, kter\u00e1 se zav\u00e1zala ke kvalit\u011b a spokojenosti z\u00e1kazn\u00edk\u016f. Kdy\u017e <b>objednat koncentrovanou koupelovou s\u016fl Vanilla Sky online<\/b> od n\u00e1s, z\u00edsk\u00e1te p\u0159\u00edstup k \u0159ad\u011b v\u00fdhod:<\/p>\n<h3>Pohodl\u00ed n\u00e1kupu online<\/h3>\n<p>N\u00e1kup koncentrovan\u00fdch koupelov\u00fdch sol\u00ed Vanilla Sky online poskytuje z\u00e1kazn\u00edk\u016fm maxim\u00e1ln\u011b snadn\u00fd n\u00e1kup z vlastn\u00edho domova. Za luxusn\u00edm z\u00e1\u017eitkem z koupele u\u017e nemus\u00edte chodit ven, \u010dist\u00e9 po\u017eitk\u00e1\u0159stv\u00ed je vzd\u00e1leno jen p\u00e1r kliknut\u00ed.<\/p>\n<h3>Bezkonkuren\u010dn\u00ed \u0161pi\u010dkov\u00e1 kvalita<\/h3>\n<p>Koupelov\u00e9 soli, kter\u00e9 nab\u00edz\u00edme, jsou vyrobeny z t\u011bch nejlep\u0161\u00edch ingredienc\u00ed, aby v\u00e1m poskytly skute\u010dn\u011b vynikaj\u00edc\u00ed z\u00e1\u017eitek z koupele. Ka\u017ed\u00e1 n\u00e1doba je pe\u010dliv\u011b vyrobena tak, aby poskytovala tu nejlep\u0161\u00ed kvalitu a \u00fa\u010dinnost a zaji\u0161\u0165ovala vysokou \u010distotu p\u0159i prodeji.<\/p>\n<h3>Profesion\u00e1ln\u011b zpracovan\u00e9 pro optim\u00e1ln\u00ed v\u00fdsledky<\/h3>\n<p>Na\u0161e koncentrovan\u00e9 koupelov\u00e9 soli Vanilla Sky jsou pe\u010dliv\u011b vyvinuty tak, aby nab\u00edzely dokonalou sm\u011bs aromaterapie, relaxace a blahod\u00e1rn\u00fdch \u00fa\u010dink\u016f na poko\u017eku. Tato dob\u0159e p\u0159ipraven\u00e1 kombinace m\u016f\u017ee v\u00fdznamn\u011b obohatit jak\u00fdkoli program p\u00e9\u010de o sebe sama a p\u0159in\u00e9st autentick\u00e9 a \u00fa\u010dinn\u00e9 v\u00fdsledky.<\/p>\n<h3>K dispozici jsou r\u016fzn\u00e9 velikosti<\/h3>\n<p>Vyberte si z r\u016fzn\u00fdch velikost\u00ed sklenic, kter\u00e9 dokonale vyhov\u00ed va\u0161im pot\u0159eb\u00e1m. Nez\u00e1le\u017e\u00ed na tom, zda hled\u00e1te jednu koupel plnou po\u017eitk\u016f, nebo n\u011bkolik luxusn\u00edch van, n\u00e1\u0161 \u0161irok\u00fd v\u00fdb\u011br velikost\u00ed dok\u00e1\u017ee uspokojit va\u0161e specifick\u00e9 po\u017eadavky.<\/p>\n<h3>Dokonal\u00fd d\u00e1rek hodn\u00fd obdarov\u00e1n\u00ed<\/h3>\n<p>Darujte sv\u00fdm bl\u00edzk\u00fdm \u010distou relaxaci. Elegantn\u00ed balen\u00ed na\u0161ich koncentrovan\u00fdch koupelov\u00fdch sol\u00ed Vanilla Sky z nich d\u011bl\u00e1 n\u00e1dhern\u00fd a promy\u0161len\u00fd d\u00e1rek pro ka\u017edou p\u0159\u00edle\u017eitost.<\/p>\n<h2>Zaji\u0161t\u011bn\u00ed kvality a bezpe\u010dn\u00e9ho n\u00e1kupu u spole\u010dnosti Chemsfine<\/h2>\n<p>Ve spole\u010dnosti Chemsfine se sna\u017e\u00edme poskytovat v\u00fdrobky nejvy\u0161\u0161\u00ed kvality. N\u00e1\u0161 z\u00e1vazek ke kvalit\u011b se vztahuje na cel\u00fd n\u00e1\u0161 invent\u00e1\u0159 a zaji\u0161\u0165uje, \u017ee ka\u017ed\u00fd n\u00e1kup je bezpe\u010dn\u00fdm n\u00e1kupem. V\u011b\u0159\u00edme v transparentnost a k prodeji nab\u00edz\u00edme pouze p\u0159\u00edsn\u011b testovan\u00e9, vysoce kvalitn\u00ed v\u00fdrobky. D\u00edky na\u0161emu d\u016frazu na zaji\u0161t\u011bn\u00ed kvality se m\u016f\u017eete spolehnout na \u010distotu a \u00fa\u010dinnost ka\u017ed\u00e9 polo\u017eky, od z\u00e1kladn\u00edch wellness produkt\u016f a\u017e po specializovan\u00e9 materi\u00e1ly. Doporu\u010dujeme v\u00e1m prozkoumat na\u0161i rozs\u00e1hlou nab\u00eddku, kter\u00e1 zahrnuje nap\u0159. <a href=\"https:\/\/chemsfine.com\/cs\/produkt\/jwh-018-for-sale\/\">specializovan\u00e9 v\u00fdzkumn\u00e9 materi\u00e1ly<\/a> a <a href=\"https:\/\/chemsfine.com\/cs\/produkt\/koupit-cloud-9-liquid-k2-spray\/\">pokro\u010dil\u00e1 kapaln\u00e1 \u0159e\u0161en\u00ed<\/a>, a to v\u0161e d\u00edky pov\u011bsti spole\u010dnosti Chemsfine. Zaru\u010dujeme bezprobl\u00e9mov\u00fd a d\u016fv\u011brn\u00fd n\u00e1kupn\u00ed proces, p\u0159i\u010dem\u017e prioritou je va\u0161e spokojenost a bezpe\u010dnost.<\/p>\n<p><b>P\u0159ehled v\u00fdhod: Koncentrovan\u00e1 koupelov\u00e1 s\u016fl Vanilla Sky<\/b><\/p>\n<table>\n<thead>\n<tr>\n<th>Kategorie v\u00fdhod<\/th>\n<th>Hlavn\u00ed v\u00fdhody<\/th>\n<\/tr>\n<\/thead>\n<tbody>\n<tr>\n<td>Aromaterapie<\/td>\n<td>Zm\u00edr\u0148uje \u00fazkost, podporuje hlubokou relaxaci s v\u016fn\u00ed vanilky.<\/td>\n<\/tr>\n<tr>\n<td>Fyzick\u00e1 \u00faleva<\/td>\n<td>Ulevuje unaven\u00fdm sval\u016fm, sni\u017euje nap\u011bt\u00ed a zvy\u0161uje celkovou relaxaci.<\/td>\n<\/tr>\n<tr>\n<td>Zdrav\u00ed k\u016f\u017ee<\/td>\n<td>Pom\u00e1h\u00e1 p\u0159i detoxikaci, \u010dist\u00ed ne\u010distoty a zanech\u00e1v\u00e1 ple\u0165 omlazenou.<\/td>\n<\/tr>\n<tr>\n<td>Well-being<\/td>\n<td>Vytv\u00e1\u0159\u00ed klidn\u00e9 prost\u0159ed\u00ed, kter\u00e9 p\u0159isp\u00edv\u00e1 ke kvalitn\u011bj\u0161\u00edmu sp\u00e1nku.<\/td>\n<\/tr>\n<tr>\n<td>Pohodl\u00ed<\/td>\n<td>Snadn\u00fd n\u00e1kup online z pohodl\u00ed domova.<\/td>\n<\/tr>\n<\/tbody>\n<\/table>\n<h2>Z\u00e1v\u011br<\/h2>\n<p>S koncentrovanou koupelovou sol\u00ed Vanilla Sky se ka\u017ed\u00e1 koupel stane vz\u00e1cnou p\u0159\u00edle\u017eitost\u00ed k relaxaci a na\u010derp\u00e1n\u00ed nov\u00fdch sil pro va\u0161e t\u011blo i mysl. Vychutnejte si nebeskou v\u016fni vanilky. Nechte sv\u00e9 nap\u011bt\u00ed rozplynout a vyjd\u011bte z ka\u017ed\u00e9 koupele s pocitem naprost\u00e9ho osv\u011b\u017een\u00ed a obnovy. Zlep\u0161ete sv\u016fj re\u017eim p\u00e9\u010de o sebe t\u00edm, \u017ee si nesm\u00edrn\u011b u\u017eijete klid a pohodl\u00ed, kter\u00e9 v\u00e1m na\u0161e prvot\u0159\u00eddn\u00ed koupelov\u00e9 soli poskytuj\u00ed. <b>Kupte si na\u0161i koncentrovanou koupelovou s\u016fl Vanilla Sky na prodej<\/b> od spole\u010dnosti Chemsfine a vydejte se na dobrodru\u017enou cestu za jedine\u010dnou pohodou a relaxac\u00ed.<\/p>","protected":false},"excerpt":{"rendered":"<p>Zlep\u0161ete svou p\u00e9\u010di o sebe s koncentrovanou koupelovou sol\u00ed Vanilla Sky. Za\u017eijte hlubokou relaxaci, \u00falevu sval\u016fm a aromaterapeutick\u00e9 blaho. Kupte si autentick\u00e9 koupelov\u00e9 soli Vanilla Sky v Chemsfine a dop\u0159ejte si luxusn\u00ed z\u00e1\u017eitek z koupele.<\/p>","protected":false},"featured_media":6525,"comment_status":"open","ping_status":"closed","template":"","meta":{"_joinchat":[]},"product_brand":[],"product_cat":[936],"product_tag":[],"class_list":{"0":"post-6478","1":"product","2":"type-product","3":"status-publish","4":"has-post-thumbnail","6":"product_cat-research-chemicals","8":"first","9":"instock","10":"shipping-taxable","11":"purchasable","12":"product-type-variable"},"yoast_head":"<!-- This site is optimized with the Yoast SEO plugin v27.2 - https:\/\/yoast.com\/product\/yoast-seo-wordpress\/ -->\n<title>Buy Concentrated Vanilla Sky Bath Salts Online Today<\/title>\n<meta name=\"description\" content=\"Indulge in tranquility! Buy Concentrated Vanilla Sky Bath Salts online at Chemsfine. Experience ultimate relaxation, muscle relief &amp; aromatherapy bliss. Enhance your self-care routine with top-quality bath salts.\" \/>\n<meta name=\"robots\" content=\"index, follow, max-snippet:-1, max-image-preview:large, max-video-preview:-1\" \/>\n<link rel=\"canonical\" href=\"https:\/\/chemsfine.com\/cs\/produkt\/vanilla-sky-bath-salts\/\" \/>\n<meta property=\"og:locale\" content=\"cs_CZ\" \/>\n<meta property=\"og:type\" content=\"article\" \/>\n<meta property=\"og:title\" content=\"Buy Concentrated Vanilla Sky Bath Salts Online Today\" \/>\n<meta property=\"og:description\" content=\"Indulge in tranquility! Buy Concentrated Vanilla Sky Bath Salts online at Chemsfine. Experience ultimate relaxation, muscle relief &amp; aromatherapy bliss. Enhance your self-care routine with top-quality bath salts.\" \/>\n<meta property=\"og:url\" content=\"https:\/\/chemsfine.com\/cs\/produkt\/vanilla-sky-bath-salts\/\" \/>\n<meta property=\"og:site_name\" content=\"Chemsfine\" \/>\n<meta property=\"article:modified_time\" content=\"2026-03-25T12:52:32+00:00\" \/>\n<meta property=\"og:image\" content=\"https:\/\/chemsfine.com\/wp-content\/uploads\/2026\/02\/concentrated-vanilla-sky-bath-salts-500mg-1.jpg\" \/>\n\t<meta property=\"og:image:width\" content=\"600\" \/>\n\t<meta property=\"og:image:height\" content=\"465\" \/>\n\t<meta property=\"og:image:type\" content=\"image\/jpeg\" \/>\n<meta name=\"twitter:card\" content=\"summary_large_image\" \/>\n<meta name=\"twitter:label1\" content=\"Odhadovan\u00e1 doba \u010dten\u00ed\" \/>\n\t<meta name=\"twitter:data1\" content=\"5 minut\" \/>\n<script type=\"application\/ld+json\" class=\"yoast-schema-graph\">{\"@context\":\"https:\/\/schema.org\",\"@graph\":[{\"@type\":\"WebPage\",\"@id\":\"https:\/\/chemsfine.com\/product\/vanilla-sky-bath-salts\/\",\"url\":\"https:\/\/chemsfine.com\/product\/vanilla-sky-bath-salts\/\",\"name\":\"Buy Concentrated Vanilla Sky Bath Salts Online Today\",\"isPartOf\":{\"@id\":\"https:\/\/chemsfine.com\/#website\"},\"primaryImageOfPage\":{\"@id\":\"https:\/\/chemsfine.com\/product\/vanilla-sky-bath-salts\/#primaryimage\"},\"image\":{\"@id\":\"https:\/\/chemsfine.com\/product\/vanilla-sky-bath-salts\/#primaryimage\"},\"thumbnailUrl\":\"https:\/\/chemsfine.com\/wp-content\/uploads\/2026\/02\/concentrated-vanilla-sky-bath-salts-500mg-1.jpg\",\"datePublished\":\"2026-02-12T10:05:57+00:00\",\"dateModified\":\"2026-03-25T12:52:32+00:00\",\"description\":\"Indulge in tranquility! Buy Concentrated Vanilla Sky Bath Salts online at Chemsfine. Experience ultimate relaxation, muscle relief &amp; aromatherapy bliss. Enhance your self-care routine with top-quality bath salts.\",\"breadcrumb\":{\"@id\":\"https:\/\/chemsfine.com\/product\/vanilla-sky-bath-salts\/#breadcrumb\"},\"inLanguage\":\"cs\",\"potentialAction\":[{\"@type\":\"ReadAction\",\"target\":[\"https:\/\/chemsfine.com\/product\/vanilla-sky-bath-salts\/\"]}]},{\"@type\":\"ImageObject\",\"inLanguage\":\"cs\",\"@id\":\"https:\/\/chemsfine.com\/product\/vanilla-sky-bath-salts\/#primaryimage\",\"url\":\"https:\/\/chemsfine.com\/wp-content\/uploads\/2026\/02\/concentrated-vanilla-sky-bath-salts-500mg-1.jpg\",\"contentUrl\":\"https:\/\/chemsfine.com\/wp-content\/uploads\/2026\/02\/concentrated-vanilla-sky-bath-salts-500mg-1.jpg\",\"width\":600,\"height\":465},{\"@type\":\"BreadcrumbList\",\"@id\":\"https:\/\/chemsfine.com\/product\/vanilla-sky-bath-salts\/#breadcrumb\",\"itemListElement\":[{\"@type\":\"ListItem\",\"position\":1,\"name\":\"Home\",\"item\":\"https:\/\/chemsfine.com\/\"},{\"@type\":\"ListItem\",\"position\":2,\"name\":\"Shop\",\"item\":\"https:\/\/chemsfine.com\/shop\/\"},{\"@type\":\"ListItem\",\"position\":3,\"name\":\"Concentrated Vanilla Sky Bath Salts: Indulge in Relaxation\"}]},{\"@type\":\"WebSite\",\"@id\":\"https:\/\/chemsfine.com\/#website\",\"url\":\"https:\/\/chemsfine.com\/\",\"name\":\"Chemsfine\",\"description\":\"My WordPress Blog\",\"publisher\":{\"@id\":\"https:\/\/chemsfine.com\/#organization\"},\"potentialAction\":[{\"@type\":\"SearchAction\",\"target\":{\"@type\":\"EntryPoint\",\"urlTemplate\":\"https:\/\/chemsfine.com\/?s={search_term_string}\"},\"query-input\":{\"@type\":\"PropertyValueSpecification\",\"valueRequired\":true,\"valueName\":\"search_term_string\"}}],\"inLanguage\":\"cs\"},{\"@type\":\"Organization\",\"@id\":\"https:\/\/chemsfine.com\/#organization\",\"name\":\"Chemsfine\",\"url\":\"https:\/\/chemsfine.com\/\",\"logo\":{\"@type\":\"ImageObject\",\"inLanguage\":\"cs\",\"@id\":\"https:\/\/chemsfine.com\/#\/schema\/logo\/image\/\",\"url\":\"https:\/\/chemsfine.com\/wp-content\/uploads\/2024\/09\/final-logo.png\",\"contentUrl\":\"https:\/\/chemsfine.com\/wp-content\/uploads\/2024\/09\/final-logo.png\",\"width\":340,\"height\":72,\"caption\":\"Chemsfine\"},\"image\":{\"@id\":\"https:\/\/chemsfine.com\/#\/schema\/logo\/image\/\"}}]}<\/script>\n<!-- \/ Yoast SEO plugin. -->","yoast_head_json":{"title":"Kupte si koncentrovanou koupelovou s\u016fl Vanilla Sky online je\u0161t\u011b dnes","description":"Dop\u0159ejte si klid! Kupte si koncentrovanou koupelovou s\u016fl Vanilla Sky online na Chemsfine. Za\u017eijte dokonalou relaxaci, \u00falevu sval\u016fm a aromaterapeutick\u00e9 blaho. Vylep\u0161ete svou rutinn\u00ed p\u00e9\u010di o sebe s koupelov\u00fdmi solemi nejvy\u0161\u0161\u00ed kvality.","robots":{"index":"index","follow":"follow","max-snippet":"max-snippet:-1","max-image-preview":"max-image-preview:large","max-video-preview":"max-video-preview:-1"},"canonical":"https:\/\/chemsfine.com\/cs\/produkt\/vanilla-sky-bath-salts\/","og_locale":"cs_CZ","og_type":"article","og_title":"Buy Concentrated Vanilla Sky Bath Salts Online Today","og_description":"Indulge in tranquility! Buy Concentrated Vanilla Sky Bath Salts online at Chemsfine. Experience ultimate relaxation, muscle relief &amp; aromatherapy bliss. Enhance your self-care routine with top-quality bath salts.","og_url":"https:\/\/chemsfine.com\/cs\/produkt\/vanilla-sky-bath-salts\/","og_site_name":"Chemsfine","article_modified_time":"2026-03-25T12:52:32+00:00","og_image":[{"width":600,"height":465,"url":"https:\/\/chemsfine.com\/wp-content\/uploads\/2026\/02\/concentrated-vanilla-sky-bath-salts-500mg-1.jpg","type":"image\/jpeg"}],"twitter_card":"summary_large_image","twitter_misc":{"Odhadovan\u00e1 doba \u010dten\u00ed":"5 minut"},"schema":{"@context":"https:\/\/schema.org","@graph":[{"@type":"WebPage","@id":"https:\/\/chemsfine.com\/product\/vanilla-sky-bath-salts\/","url":"https:\/\/chemsfine.com\/product\/vanilla-sky-bath-salts\/","name":"Kupte si koncentrovanou koupelovou s\u016fl Vanilla Sky online je\u0161t\u011b dnes","isPartOf":{"@id":"https:\/\/chemsfine.com\/#website"},"primaryImageOfPage":{"@id":"https:\/\/chemsfine.com\/product\/vanilla-sky-bath-salts\/#primaryimage"},"image":{"@id":"https:\/\/chemsfine.com\/product\/vanilla-sky-bath-salts\/#primaryimage"},"thumbnailUrl":"https:\/\/chemsfine.com\/wp-content\/uploads\/2026\/02\/concentrated-vanilla-sky-bath-salts-500mg-1.jpg","datePublished":"2026-02-12T10:05:57+00:00","dateModified":"2026-03-25T12:52:32+00:00","description":"Dop\u0159ejte si klid! Kupte si koncentrovanou koupelovou s\u016fl Vanilla Sky online na Chemsfine. Za\u017eijte dokonalou relaxaci, \u00falevu sval\u016fm a aromaterapeutick\u00e9 blaho. Vylep\u0161ete svou rutinn\u00ed p\u00e9\u010di o sebe s koupelov\u00fdmi solemi nejvy\u0161\u0161\u00ed kvality.","breadcrumb":{"@id":"https:\/\/chemsfine.com\/product\/vanilla-sky-bath-salts\/#breadcrumb"},"inLanguage":"cs","potentialAction":[{"@type":"ReadAction","target":["https:\/\/chemsfine.com\/product\/vanilla-sky-bath-salts\/"]}]},{"@type":"ImageObject","inLanguage":"cs","@id":"https:\/\/chemsfine.com\/product\/vanilla-sky-bath-salts\/#primaryimage","url":"https:\/\/chemsfine.com\/wp-content\/uploads\/2026\/02\/concentrated-vanilla-sky-bath-salts-500mg-1.jpg","contentUrl":"https:\/\/chemsfine.com\/wp-content\/uploads\/2026\/02\/concentrated-vanilla-sky-bath-salts-500mg-1.jpg","width":600,"height":465},{"@type":"BreadcrumbList","@id":"https:\/\/chemsfine.com\/product\/vanilla-sky-bath-salts\/#breadcrumb","itemListElement":[{"@type":"ListItem","position":1,"name":"Home","item":"https:\/\/chemsfine.com\/"},{"@type":"ListItem","position":2,"name":"Shop","item":"https:\/\/chemsfine.com\/shop\/"},{"@type":"ListItem","position":3,"name":"Concentrated Vanilla Sky Bath Salts: Indulge in Relaxation"}]},{"@type":"WebSite","@id":"https:\/\/chemsfine.com\/#website","url":"https:\/\/chemsfine.com\/","name":"Chemsfine","description":"M\u016fj blog WordPress","publisher":{"@id":"https:\/\/chemsfine.com\/#organization"},"potentialAction":[{"@type":"SearchAction","target":{"@type":"EntryPoint","urlTemplate":"https:\/\/chemsfine.com\/?s={search_term_string}"},"query-input":{"@type":"PropertyValueSpecification","valueRequired":true,"valueName":"search_term_string"}}],"inLanguage":"cs"},{"@type":"Organization","@id":"https:\/\/chemsfine.com\/#organization","name":"Chemsfine","url":"https:\/\/chemsfine.com\/","logo":{"@type":"ImageObject","inLanguage":"cs","@id":"https:\/\/chemsfine.com\/#\/schema\/logo\/image\/","url":"https:\/\/chemsfine.com\/wp-content\/uploads\/2024\/09\/final-logo.png","contentUrl":"https:\/\/chemsfine.com\/wp-content\/uploads\/2024\/09\/final-logo.png","width":340,"height":72,"caption":"Chemsfine"},"image":{"@id":"https:\/\/chemsfine.com\/#\/schema\/logo\/image\/"}}]}},"_links":{"self":[{"href":"https:\/\/chemsfine.com\/cs\/wp-json\/wp\/v2\/product\/6478","targetHints":{"allow":["GET"]}}],"collection":[{"href":"https:\/\/chemsfine.com\/cs\/wp-json\/wp\/v2\/product"}],"about":[{"href":"https:\/\/chemsfine.com\/cs\/wp-json\/wp\/v2\/types\/product"}],"replies":[{"embeddable":true,"href":"https:\/\/chemsfine.com\/cs\/wp-json\/wp\/v2\/comments?post=6478"}],"wp:featuredmedia":[{"embeddable":true,"href":"https:\/\/chemsfine.com\/cs\/wp-json\/wp\/v2\/media\/6525"}],"wp:attachment":[{"href":"https:\/\/chemsfine.com\/cs\/wp-json\/wp\/v2\/media?parent=6478"}],"wp:term":[{"taxonomy":"product_brand","embeddable":true,"href":"https:\/\/chemsfine.com\/cs\/wp-json\/wp\/v2\/product_brand?post=6478"},{"taxonomy":"product_cat","embeddable":true,"href":"https:\/\/chemsfine.com\/cs\/wp-json\/wp\/v2\/product_cat?post=6478"},{"taxonomy":"product_tag","embeddable":true,"href":"https:\/\/chemsfine.com\/cs\/wp-json\/wp\/v2\/product_tag?post=6478"}],"curies":[{"name":"wp","href":"https:\/\/api.w.org\/{rel}","templated":true}]}}