{"id":6550,"date":"2026-02-12T10:08:05","date_gmt":"2026-02-12T10:08:05","guid":{"rendered":"https:\/\/chemsfine.com\/?post_type=product&#038;p=6550"},"modified":"2026-03-25T12:44:52","modified_gmt":"2026-03-25T12:44:52","slug":"buy-promethazine-codeine-wockhardt","status":"publish","type":"product","link":"https:\/\/chemsfine.com\/cs\/product\/buy-promethazine-codeine-wockhardt\/","title":{"rendered":"Koupit Promethazine s kodeinem Wockhardt online"},"content":{"rendered":"<p>V\u00edtejte na str\u00e1nk\u00e1ch spole\u010dnosti chemsfine, va\u0161eho d\u016fv\u011bryhodn\u00e9ho zdroje vysoce kvalitn\u00edch farmaceutick\u00fdch \u0159e\u0161en\u00ed. Zde m\u016f\u017eete <b>Koupit Promethazine s kodeinem Wockhardt na prodej<\/b>, \u0161iroce uzn\u00e1van\u00fd peror\u00e1ln\u00ed roztok ur\u010den\u00fd k \u00fa\u010dinn\u00e9 \u00falev\u011b od \u0159ady p\u0159\u00edznak\u016f nachlazen\u00ed a alergi\u00ed. Tento p\u0159\u00edpravek, zn\u00e1m\u00fd sv\u00fdm specifick\u00fdm slo\u017een\u00edm, kombinuje antihistaminikum s opioidn\u00edm prost\u0159edkem proti ka\u0161li a nab\u00edz\u00ed komplexn\u00ed p\u0159\u00edstup ke zvl\u00e1d\u00e1n\u00ed nep\u0159\u00edjemn\u00fdch stav\u016f, jako je r\u00fdma, k\u00fdch\u00e1n\u00ed a \u00faporn\u00fd ka\u0161el. Ve spole\u010dnosti chemsfine up\u0159ednost\u0148ujeme va\u0161e zdrav\u00ed a bezpe\u010dnost t\u00edm, \u017ee poskytujeme autentick\u00e9 produkty a z\u00e1kladn\u00ed pokyny pro jejich spr\u00e1vn\u00e9 pou\u017e\u00edv\u00e1n\u00ed. Ch\u00e1peme d\u016fle\u017eitost spolehliv\u00e9ho p\u0159\u00edstupu k l\u00e9k\u016fm, a proto zaji\u0161\u0165ujeme, \u017ee <b>Promethazin s kodeinem Wockhardt<\/b> je snadno dostupn\u00fd pro ty, kte\u0159\u00ed jej pot\u0159ebuj\u00ed, a je dopln\u011bn jasn\u00fdmi pokyny a vy\u010derp\u00e1vaj\u00edc\u00edmi informacemi o v\u00fdrobku.<\/p>\n<h2>Co je p\u0159\u00edpravek Promethazine with Codeine Wockhardt?<\/h2>\n<p><b>Promethazin s kodeinem Wockhardt<\/b> je \u00fa\u010dinn\u00fd kombinovan\u00fd p\u0159\u00edpravek ur\u010den\u00fd k \u0159e\u0161en\u00ed p\u0159\u00edznak\u016f spojen\u00fdch s nachlazen\u00edm, alergiemi a dal\u0161\u00edmi respira\u010dn\u00edmi pot\u00ed\u017eemi. Ka\u017ed\u00fdch 5 ml tohoto peror\u00e1ln\u00edho roztoku obsahuje 10 mg kodeinfosf\u00e1tu a 6,25 mg promethazin-hydrochloridu, suspendovan\u00fdch v ochucen\u00e9m sirupov\u00e9m z\u00e1kladu. Kodein, opioid, p\u016fsob\u00ed jako prost\u0159edek tlum\u00edc\u00ed ka\u0161el t\u00edm, \u017ee sni\u017euje aktivitu v \u010d\u00e1sti mozku, kter\u00e1 zp\u016fsobuje ka\u0161el. Promethazin, antihistaminikum, pom\u00e1h\u00e1 zm\u00edrnit p\u0159\u00edznaky, jako je k\u00fdch\u00e1n\u00ed, r\u00fdma a slzen\u00ed o\u010d\u00ed. D\u00edky tomuto synergick\u00e9mu p\u016fsoben\u00ed je vysoce \u00fa\u010dinnou mo\u017enost\u00ed l\u00e9\u010dby pro \u00falevu od v\u00edce p\u0159\u00edznak\u016f. Zaru\u010dujeme, \u017ee obdr\u017e\u00edte <b>Promethazin s kodeinem nejvy\u0161\u0161\u00ed kvality Wockhardt<\/b> p\u0159i n\u00e1kupu u spole\u010dnosti chemsfine, kter\u00e1 zaji\u0161\u0165uje \u00fa\u010dinnost a bezpe\u010dnost ka\u017ed\u00e9 lahvi\u010dky. Pochopen\u00ed p\u0159esn\u00e9ho slo\u017een\u00ed a mechanismu \u00fa\u010dinku je kl\u00ed\u010dov\u00e9 pro jeho vhodn\u00e9 pou\u017eit\u00ed, co\u017e upev\u0148uje jeho roli kl\u00ed\u010dov\u00e9ho farmaceutick\u00e9ho produktu.<\/p>\n<h2>Pro\u010d koupit Promethazine s kodeinem Wockhardt online na chemsfine?<\/h2>\n<p>Volba chemsfine pro n\u00e1kup l\u00e9\u010div znamen\u00e1 spolehlivost, kvalitu a pohodl\u00ed. Kdy\u017e se rozhodnete pro <b>Koupit Promethazine s kodeinem Wockhardt online<\/b>, vyb\u00edr\u00e1te si platformu, kter\u00e1 se zav\u00e1zala poskytovat pouze origin\u00e1ln\u00ed produkty. Jsme hrd\u00ed na to, \u017ee m\u016f\u017eeme nab\u00eddnout <b>Nejlep\u0161\u00ed Promethazine s kodeinem Wockhardt k dispozici<\/b>, co\u017e zaji\u0161\u0165uje, \u017ee ka\u017ed\u00e1 l\u00e1hev spl\u0148uje p\u0159\u00edsn\u00e9 normy kvality. N\u00e1\u0161 bezpe\u010dn\u00fd online n\u00e1kupn\u00ed proces usnad\u0148uje <b>Koupit nyn\u00ed online<\/b>, s diskr\u00e9tn\u00edm balen\u00edm a efektivn\u00edm doru\u010den\u00edm. Stoj\u00edme si za sv\u00fdm slibem poskytovat <b>Vysok\u00e1 \u010distota na prodej<\/b>, \u010d\u00edm\u017e zaji\u0161\u0165ujeme, \u017ee na\u0161i z\u00e1kazn\u00edci dostanou p\u0159esn\u011b to, co o\u010dek\u00e1vaj\u00ed od renomovan\u00e9ho dodavatele. Krom\u011b p\u0159\u00edpravku Promethazine s kodeinem si prohl\u00e9dn\u011bte na\u0161i \u0161irokou nab\u00eddku kvalitn\u00edch produkt\u016f, v\u010detn\u011b specializovan\u00fdch polo\u017eek, jako jsou nap\u0159. <a href=\"https:\/\/chemsfine.com\/cs\/produkt\/jack-herer-sativa-strain-buy-online\/\">Jack Herer Sativa Strain<\/a>, pe\u010dliv\u011b vybran\u00e9 tak, aby vyhovovaly r\u016fzn\u00fdm pot\u0159eb\u00e1m. D\u00edky na\u0161\u00ed snaze o spokojenost z\u00e1kazn\u00edk\u016f je chemsfine ide\u00e1ln\u00ed volbou pro <b>Bezpe\u010dn\u00fd n\u00e1kup<\/b> po\u017eadovan\u00fdch l\u00e9k\u016f a dal\u0161\u00edch specializovan\u00fdch chemik\u00e1li\u00ed.<\/p>\n<h2>Spr\u00e1vn\u00e9 pou\u017e\u00edv\u00e1n\u00ed a d\u016fle\u017eit\u00e9 bezpe\u010dnostn\u00ed informace<\/h2>\n<p>Zaji\u0161t\u011bn\u00ed bezpe\u010dn\u00e9ho a \u00fa\u010dinn\u00e9ho pod\u00e1v\u00e1n\u00ed <b>Promethazin s kodeinem peror\u00e1ln\u00ed roztok<\/b> je nejd\u016fle\u017eit\u011bj\u0161\u00ed. P\u0159i pod\u00e1v\u00e1n\u00ed tohoto roztoku v\u017edy pou\u017e\u00edvejte p\u0159esn\u00fd mililitrov\u00fd odm\u011b\u0159ovac\u00ed p\u0159\u00edstroj, abyste zajistili p\u0159esn\u00e9 odm\u011b\u0159en\u00ed a pod\u00e1n\u00ed d\u00e1vky. Dom\u00e1c\u00ed \u010dajov\u00e1 l\u017ei\u010dka nen\u00ed p\u0159esn\u00fdm odm\u011brn\u00fdm za\u0159\u00edzen\u00edm a mohla by v\u00e9st k p\u0159ed\u00e1vkov\u00e1n\u00ed. U recept\u016f, kde nen\u00ed k dispozici odm\u011brka, m\u016f\u017ee l\u00e9k\u00e1rn\u00edk poskytnout vhodnou odm\u011brku a m\u016f\u017ee poskytnout pokyny pro odm\u011b\u0159en\u00ed spr\u00e1vn\u00e9 d\u00e1vky. Nep\u0159epl\u0148ujte. Po ka\u017ed\u00e9m pou\u017eit\u00ed odm\u011brku vypl\u00e1chn\u011bte vodou. Pacienti by m\u011bli b\u00fdt pou\u010deni, aby nezvy\u0161ovali d\u00e1vku nebo frekvenci d\u00e1vkov\u00e1n\u00ed <b>Promethazin s kodeinem peror\u00e1ln\u00ed roztok<\/b> proto\u017ee p\u0159i p\u0159ed\u00e1vkov\u00e1n\u00ed m\u016f\u017ee doj\u00edt k z\u00e1va\u017en\u00fdm ne\u017e\u00e1douc\u00edm \u00fa\u010dink\u016fm, jako je respira\u010dn\u00ed deprese. D\u00e1vka tohoto peror\u00e1ln\u00edho roztoku by se nem\u011bla zvy\u0161ovat, pokud ka\u0161el nereaguje; ka\u0161el, kter\u00fd nereaguje, by m\u011bl b\u00fdt znovu vyhodnocen z hlediska mo\u017en\u00e9 z\u00e1kladn\u00ed patologie. Peror\u00e1ln\u00ed roztok Promethazine HCl a kodein-fosf\u00e1t se nedoporu\u010duje pou\u017e\u00edvat u t\u011bhotn\u00fdch \u017een. Dlouhodob\u00e9 u\u017e\u00edv\u00e1n\u00ed peror\u00e1ln\u00edho roztoku kodeinu b\u011bhem t\u011bhotenstv\u00ed m\u016f\u017ee m\u00edt za n\u00e1sledek novorozeneck\u00fd syndrom z vysazen\u00ed opioid\u016f. Tento peror\u00e1ln\u00ed roztok obsahuje opioidn\u00ed (narkotick\u00fd) l\u00e9k proti ka\u0161li a m\u016f\u017ee v\u00e9st k n\u00e1vyku. D\u00e1le byste tento p\u0159\u00edpravek nem\u011bli u\u017e\u00edvat, pokud jste alergi\u010dt\u00ed na kodein nebo prometazin nebo pokud m\u00e1te astma nebo z\u00e1va\u017en\u00e9 d\u00fdchac\u00ed probl\u00e9my, \u017ealude\u010dn\u00ed nebo st\u0159evn\u00ed obstrukci (v\u010detn\u011b paralytick\u00e9ho ileu), glaukom s \u00fazk\u00fdm \u00fahlem nebo pokud nejste schopni mo\u010dit. Tyto komplexn\u00ed bezpe\u010dnostn\u00ed informace zd\u016fraz\u0148uj\u00ed, \u017ee je d\u016fle\u017eit\u00e9 dodr\u017eovat p\u0159edepsan\u00e9 pokyny a v p\u0159\u00edpad\u011b jak\u00fdchkoli obav se poradit se zdravotnick\u00fdmi pracovn\u00edky.<\/p>\n<h2>Aplikace p\u0159\u00edpravku Promethazine with Codeine Oral Solution<\/h2>\n<p>Kombinace kodeinu a prometazinu se vyu\u017e\u00edv\u00e1 p\u0159edev\u0161\u00edm pro svou \u00fa\u010dinnost p\u0159i l\u00e9\u010db\u011b p\u0159\u00edznak\u016f nachlazen\u00ed nebo alergie. A\u010dkoli je tato siln\u00e1 sm\u011bs n\u011bkdy ozna\u010dov\u00e1na neform\u00e1ln\u011b, je hojn\u011b konzumov\u00e1na pro sv\u00e9 opr\u00e1vn\u011bn\u00e9 l\u00e9\u010debn\u00e9 \u00fa\u010dinky v r\u016fzn\u00fdch regionech. Mezi jej\u00ed aplikace pat\u0159\u00ed nap\u0159:<\/p>\n<ul>\n<li>\u00daleva od \u00faporn\u00e9ho, dr\u00e1\u017ediv\u00e9ho ka\u0161le.<\/li>\n<li>Sn\u00ed\u017een\u00ed k\u00fdch\u00e1n\u00ed spojen\u00e9ho s nachlazen\u00edm a alergiemi.<\/li>\n<li>Zm\u00edr\u0148uje r\u00fdmu a kap\u00e1n\u00ed z nosu.<\/li>\n<li>Zvl\u00e1d\u00e1n\u00ed slzen\u00ed o\u010d\u00ed v d\u016fsledku alergick\u00fdch reakc\u00ed.<\/li>\n<li>Poskytuje symptomatickou \u00falevu p\u0159i onemocn\u011bn\u00ed horn\u00edch cest d\u00fdchac\u00edch.<\/li>\n<li>Pom\u00e1h\u00e1 zklidnit podr\u00e1\u017ed\u011bn\u00ed krku zp\u016fsoben\u00e9 ka\u0161lem.<\/li>\n<\/ul>\n<p>D\u00edky t\u00e9to v\u0161estrannosti je cennou sou\u010d\u00e1st\u00ed p\u0159i zvl\u00e1d\u00e1n\u00ed akutn\u00edch respira\u010dn\u00edch pot\u00ed\u017e\u00ed. Pro ty, kte\u0159\u00ed hledaj\u00ed dal\u0161\u00ed specializovan\u00e9 slou\u010deniny, m\u016f\u017eete tak\u00e9 <a href=\"https:\/\/chemsfine.com\/cs\/produkt\/koupit-ur-144-online\/\">koupit UR-144 online<\/a> u chemsfine, \u010d\u00edm\u017e se roz\u0161i\u0159uje v\u00e1\u0161 p\u0159\u00edstup k cel\u00e9mu spektru v\u00fdzkumn\u00fdch a farmaceutick\u00fdch produkt\u016f.<\/p>\n<h2>Pokyny pro d\u00e1vkov\u00e1n\u00ed p\u0159\u00edpravku Promethazine with Codeine Wockhardt<\/h2>\n<p>Pochopen\u00ed a d\u016fsledn\u00e9 dodr\u017eov\u00e1n\u00ed doporu\u010den\u00e9ho d\u00e1vkov\u00e1n\u00ed pro <b>Promethazin s kodeinem Wockhardt<\/b> m\u00e1 z\u00e1sadn\u00ed v\u00fdznam pro \u00fa\u010dinnost i bezpe\u010dnost. Tyto pokyny zaji\u0161\u0165uj\u00ed optim\u00e1ln\u00ed terapeutick\u00fd \u00fa\u010dinek a z\u00e1rove\u0148 minimalizuj\u00ed rizika ne\u017e\u00e1douc\u00edch \u00fa\u010dink\u016f. Individu\u00e1ln\u00ed rady v\u017edy konzultujte se zdravotnick\u00fdm pracovn\u00edkem, ale obecn\u00e1 doporu\u010den\u00ed jsou n\u00e1sleduj\u00edc\u00ed:<\/p>\n<table>\n<thead>\n<tr>\n<th>Skupina pacient\u016f<\/th>\n<th>D\u00e1vkov\u00e1n\u00ed<\/th>\n<th>Maxim\u00e1ln\u00ed d\u00e1vka<\/th>\n<\/tr>\n<\/thead>\n<tbody>\n<tr>\n<td>Dosp\u011bl\u00ed od 18 let<\/td>\n<td>5 ml ka\u017ed\u00fdch 4 a\u017e 6 hodin podle pot\u0159eby<\/td>\n<td>Nep\u0159ekro\u010dit 6 d\u00e1vek (30 ml) b\u011bhem 24 hodin<\/td>\n<\/tr>\n<\/tbody>\n<\/table>\n<p>Dodr\u017eov\u00e1n\u00ed t\u011bchto pokyn\u016f je z\u00e1sadn\u00ed pro prevenci komplikac\u00ed a zaji\u0161t\u011bn\u00ed, aby l\u00e9k poskytoval zam\u00fd\u0161lenou \u00falevu. Nikdy nep\u0159ekra\u010dujte p\u0159edepsanou d\u00e1vku nebo frekvenci, a to ani v p\u0159\u00edpad\u011b, \u017ee p\u0159\u00edznaky p\u0159etrv\u00e1vaj\u00ed, a v p\u0159\u00edpad\u011b nereaguj\u00edc\u00edch p\u0159\u00edznak\u016f v\u017edy vyhledejte l\u00e9ka\u0159skou pomoc.<\/p>\n<h2>Pro\u010d si pro sv\u00e9 farmaceutick\u00e9 pot\u0159eby vybrat chemsfine?<\/h2>\n<p>Ve spole\u010dnosti chemsfine n\u00e1\u0161 z\u00e1vazek p\u0159esahuje pouhou nab\u00eddku produkt\u016f; sna\u017e\u00edme se b\u00fdt va\u0161\u00edm komplexn\u00edm partnerem pro v\u0161echny farmaceutick\u00e9 pot\u0159eby. Poskytujeme transparentn\u00ed informace o v\u0161ech na\u0161ich nab\u00eddk\u00e1ch a zaji\u0161\u0165ujeme, abyste m\u011bli p\u0159ed n\u00e1kupem kompletn\u00ed informace. Ov\u011b\u0159en\u00e9 z\u00e1znamy o \u0161ar\u017e\u00edch d\u00e1le potvrzuj\u00ed kvalitu a pravost na\u0161ich v\u00fdrobk\u016f, co\u017e v\u00e1m d\u00e1v\u00e1 jistotu. Na\u0161e konkuren\u010dn\u00ed ceny za origin\u00e1ln\u00ed polo\u017eky, jako nap\u0159. <b>Promethazin s kodeinem Wockhardt<\/b> v\u00e1m zajist\u00ed nejlep\u0161\u00ed cenu bez kompromis\u016f v kvalit\u011b. Kdy\u017e <b>Order Promethazine with Codeine Wockhardt Online<\/b> od n\u00e1s, vyb\u00edr\u00e1te si dodavatele, kter\u00fd db\u00e1 na etick\u00e9 postupy a blaho z\u00e1kazn\u00edk\u016f. Zaru\u010dujeme <b>Autentick\u00fd Promethazine s kodeinem Wockhardt<\/b> z\u00e1\u017eitek od za\u010d\u00e1tku do konce. Na\u0161e platforma je navr\u017eena tak, aby se snadno pou\u017e\u00edvala a aby byl proces vyhled\u00e1v\u00e1n\u00ed a zaji\u0161\u0165ov\u00e1n\u00ed po\u017eadovan\u00fdch farmaceutick\u00fdch \u0159e\u0161en\u00ed jednoduch\u00fd a efektivn\u00ed.<\/p>\n<h2>Z\u00e1v\u011br<\/h2>\n<p>Pro ty, kte\u0159\u00ed hledaj\u00ed \u00fa\u010dinnou \u00falevu od p\u0159\u00edznak\u016f nachlazen\u00ed a alergi\u00ed, <b>Promethazin s kodeinem Wockhardt<\/b> nab\u00edz\u00ed spolehliv\u00e9 \u0159e\u0161en\u00ed. Pochopen\u00edm jeho spr\u00e1vn\u00e9ho pou\u017e\u00edv\u00e1n\u00ed, dodr\u017eov\u00e1n\u00edm pokyn\u016f pro d\u00e1vkov\u00e1n\u00ed a rozpozn\u00e1n\u00edm kl\u00ed\u010dov\u00fdch bezpe\u010dnostn\u00edch varov\u00e1n\u00ed mohou jednotlivci tento l\u00e9k efektivn\u011b vyu\u017e\u00edvat. Ve spole\u010dnosti chemsfine usnad\u0148ujeme snadn\u00fd a bezpe\u010dn\u00fd p\u0159\u00edstup k tomuto nezbytn\u00e9mu p\u0159\u00edpravku. Ud\u011blejte aktivn\u00ed krok k \u00falev\u011b od p\u0159\u00edznak\u016f je\u0161t\u011b dnes a <b>Koupit Promethazine s kodeinem Wockhardt na prodej<\/b> od d\u016fv\u011bryhodn\u00e9ho online poskytovatele. Va\u0161e zdrav\u00ed a pohoda jsou na\u0161\u00ed nejvy\u0161\u0161\u00ed prioritou a my jsme zde, abychom podpo\u0159ili va\u0161e pot\u0159eby vysoce kvalitn\u00edmi a dostupn\u00fdmi farmaceutick\u00fdmi produkty.<\/p>","protected":false},"excerpt":{"rendered":"<p><b>Prometazin Kodein<\/b> Wockhardt peror\u00e1ln\u00ed roztok je \u00fa\u010dinn\u00fd kombinovan\u00fd l\u00e9\u010div\u00fd p\u0159\u00edpravek pou\u017e\u00edvan\u00fd k l\u00e9\u010db\u011b p\u0159\u00edznak\u016f, jako je r\u00fdma, k\u00fdch\u00e1n\u00ed a ka\u0161el. Zajist\u011bte p\u0159esn\u00e9 d\u00e1vkov\u00e1n\u00ed pomoc\u00ed odm\u011brky. Pro spolehliv\u00e9 z\u00e1sobov\u00e1n\u00ed, <b>koupit Promethazine Codeine u chemsfine<\/b>, v\u00e1\u0161 d\u016fv\u011bryhodn\u00fd zdroj kvalitn\u00edch l\u00e9\u010div.<\/p>","protected":false},"featured_media":8597,"comment_status":"open","ping_status":"closed","template":"","meta":{"_joinchat":[]},"product_brand":[],"product_cat":[940],"product_tag":[],"class_list":{"0":"post-6550","1":"product","2":"type-product","3":"status-publish","4":"has-post-thumbnail","6":"product_cat-cough-syrup","8":"first","9":"instock","10":"shipping-taxable","11":"purchasable","12":"product-type-variable"},"yoast_head":"<!-- This site is optimized with the Yoast SEO plugin v27.2 - https:\/\/yoast.com\/product\/yoast-seo-wordpress\/ -->\n<title>Buy Promethazine Codeine Wockhardt Online - Best Price<\/title>\n<meta name=\"description\" content=\"Discover Promethazine with Codeine Wockhardt for sale at chemsfine. Buy online for cough, allergy relief. Accurate dosage, secure purchase.\" \/>\n<meta name=\"robots\" content=\"index, follow, max-snippet:-1, max-image-preview:large, max-video-preview:-1\" \/>\n<link rel=\"canonical\" href=\"https:\/\/chemsfine.com\/cs\/produkt\/buy-promethazine-codeine-wockhardt\/\" \/>\n<meta property=\"og:locale\" content=\"cs_CZ\" \/>\n<meta property=\"og:type\" content=\"article\" \/>\n<meta property=\"og:title\" content=\"Buy Promethazine Codeine Wockhardt Online - Best Price\" \/>\n<meta property=\"og:description\" content=\"Discover Promethazine with Codeine Wockhardt for sale at chemsfine. Buy online for cough, allergy relief. Accurate dosage, secure purchase.\" \/>\n<meta property=\"og:url\" content=\"https:\/\/chemsfine.com\/cs\/produkt\/buy-promethazine-codeine-wockhardt\/\" \/>\n<meta property=\"og:site_name\" content=\"Chemsfine\" \/>\n<meta property=\"article:modified_time\" content=\"2026-03-25T12:44:52+00:00\" \/>\n<meta property=\"og:image\" content=\"https:\/\/chemsfine.com\/wp-content\/uploads\/2026\/02\/Buy-Promethazine-with-Codeine-Wockhardt-Online.webp\" \/>\n\t<meta property=\"og:image:width\" content=\"957\" \/>\n\t<meta property=\"og:image:height\" content=\"957\" \/>\n\t<meta property=\"og:image:type\" content=\"image\/webp\" \/>\n<meta name=\"twitter:card\" content=\"summary_large_image\" \/>\n<meta name=\"twitter:label1\" content=\"Odhadovan\u00e1 doba \u010dten\u00ed\" \/>\n\t<meta name=\"twitter:data1\" content=\"6 minut\" \/>\n<script type=\"application\/ld+json\" class=\"yoast-schema-graph\">{\"@context\":\"https:\/\/schema.org\",\"@graph\":[{\"@type\":\"WebPage\",\"@id\":\"https:\/\/chemsfine.com\/product\/buy-promethazine-codeine-wockhardt\/\",\"url\":\"https:\/\/chemsfine.com\/product\/buy-promethazine-codeine-wockhardt\/\",\"name\":\"Buy Promethazine Codeine Wockhardt Online - Best Price\",\"isPartOf\":{\"@id\":\"https:\/\/chemsfine.com\/#website\"},\"primaryImageOfPage\":{\"@id\":\"https:\/\/chemsfine.com\/product\/buy-promethazine-codeine-wockhardt\/#primaryimage\"},\"image\":{\"@id\":\"https:\/\/chemsfine.com\/product\/buy-promethazine-codeine-wockhardt\/#primaryimage\"},\"thumbnailUrl\":\"https:\/\/chemsfine.com\/wp-content\/uploads\/2026\/02\/Buy-Promethazine-with-Codeine-Wockhardt-Online.webp\",\"datePublished\":\"2026-02-12T10:08:05+00:00\",\"dateModified\":\"2026-03-25T12:44:52+00:00\",\"description\":\"Discover Promethazine with Codeine Wockhardt for sale at chemsfine. Buy online for cough, allergy relief. Accurate dosage, secure purchase.\",\"breadcrumb\":{\"@id\":\"https:\/\/chemsfine.com\/product\/buy-promethazine-codeine-wockhardt\/#breadcrumb\"},\"inLanguage\":\"cs\",\"potentialAction\":[{\"@type\":\"ReadAction\",\"target\":[\"https:\/\/chemsfine.com\/product\/buy-promethazine-codeine-wockhardt\/\"]}]},{\"@type\":\"ImageObject\",\"inLanguage\":\"cs\",\"@id\":\"https:\/\/chemsfine.com\/product\/buy-promethazine-codeine-wockhardt\/#primaryimage\",\"url\":\"https:\/\/chemsfine.com\/wp-content\/uploads\/2026\/02\/Buy-Promethazine-with-Codeine-Wockhardt-Online.webp\",\"contentUrl\":\"https:\/\/chemsfine.com\/wp-content\/uploads\/2026\/02\/Buy-Promethazine-with-Codeine-Wockhardt-Online.webp\",\"width\":957,\"height\":957,\"caption\":\"Buy Promethazine with Codeine Wockhardt Online\"},{\"@type\":\"BreadcrumbList\",\"@id\":\"https:\/\/chemsfine.com\/product\/buy-promethazine-codeine-wockhardt\/#breadcrumb\",\"itemListElement\":[{\"@type\":\"ListItem\",\"position\":1,\"name\":\"Home\",\"item\":\"https:\/\/chemsfine.com\/\"},{\"@type\":\"ListItem\",\"position\":2,\"name\":\"Shop\",\"item\":\"https:\/\/chemsfine.com\/shop\/\"},{\"@type\":\"ListItem\",\"position\":3,\"name\":\"Buy Promethazine with Codeine Wockhardt Online\"}]},{\"@type\":\"WebSite\",\"@id\":\"https:\/\/chemsfine.com\/#website\",\"url\":\"https:\/\/chemsfine.com\/\",\"name\":\"Chemsfine\",\"description\":\"My WordPress Blog\",\"publisher\":{\"@id\":\"https:\/\/chemsfine.com\/#organization\"},\"potentialAction\":[{\"@type\":\"SearchAction\",\"target\":{\"@type\":\"EntryPoint\",\"urlTemplate\":\"https:\/\/chemsfine.com\/?s={search_term_string}\"},\"query-input\":{\"@type\":\"PropertyValueSpecification\",\"valueRequired\":true,\"valueName\":\"search_term_string\"}}],\"inLanguage\":\"cs\"},{\"@type\":\"Organization\",\"@id\":\"https:\/\/chemsfine.com\/#organization\",\"name\":\"Chemsfine\",\"url\":\"https:\/\/chemsfine.com\/\",\"logo\":{\"@type\":\"ImageObject\",\"inLanguage\":\"cs\",\"@id\":\"https:\/\/chemsfine.com\/#\/schema\/logo\/image\/\",\"url\":\"https:\/\/chemsfine.com\/wp-content\/uploads\/2024\/09\/final-logo.png\",\"contentUrl\":\"https:\/\/chemsfine.com\/wp-content\/uploads\/2024\/09\/final-logo.png\",\"width\":340,\"height\":72,\"caption\":\"Chemsfine\"},\"image\":{\"@id\":\"https:\/\/chemsfine.com\/#\/schema\/logo\/image\/\"}}]}<\/script>\n<!-- \/ Yoast SEO plugin. -->","yoast_head_json":{"title":"Koupit Promethazine Codeine Wockhardt online - nejlep\u0161\u00ed cena","description":"Objevte Promethazine with Codeine Wockhardt na prodej na chemsfine. Koupit online pro \u00falevu od ka\u0161le, alergie. P\u0159esn\u00e9 d\u00e1vkov\u00e1n\u00ed, bezpe\u010dn\u00fd n\u00e1kup.","robots":{"index":"index","follow":"follow","max-snippet":"max-snippet:-1","max-image-preview":"max-image-preview:large","max-video-preview":"max-video-preview:-1"},"canonical":"https:\/\/chemsfine.com\/cs\/produkt\/buy-promethazine-codeine-wockhardt\/","og_locale":"cs_CZ","og_type":"article","og_title":"Buy Promethazine Codeine Wockhardt Online - Best Price","og_description":"Discover Promethazine with Codeine Wockhardt for sale at chemsfine. Buy online for cough, allergy relief. Accurate dosage, secure purchase.","og_url":"https:\/\/chemsfine.com\/cs\/produkt\/buy-promethazine-codeine-wockhardt\/","og_site_name":"Chemsfine","article_modified_time":"2026-03-25T12:44:52+00:00","og_image":[{"width":957,"height":957,"url":"https:\/\/chemsfine.com\/wp-content\/uploads\/2026\/02\/Buy-Promethazine-with-Codeine-Wockhardt-Online.webp","type":"image\/webp"}],"twitter_card":"summary_large_image","twitter_misc":{"Odhadovan\u00e1 doba \u010dten\u00ed":"6 minut"},"schema":{"@context":"https:\/\/schema.org","@graph":[{"@type":"WebPage","@id":"https:\/\/chemsfine.com\/product\/buy-promethazine-codeine-wockhardt\/","url":"https:\/\/chemsfine.com\/product\/buy-promethazine-codeine-wockhardt\/","name":"Koupit Promethazine Codeine Wockhardt online - nejlep\u0161\u00ed cena","isPartOf":{"@id":"https:\/\/chemsfine.com\/#website"},"primaryImageOfPage":{"@id":"https:\/\/chemsfine.com\/product\/buy-promethazine-codeine-wockhardt\/#primaryimage"},"image":{"@id":"https:\/\/chemsfine.com\/product\/buy-promethazine-codeine-wockhardt\/#primaryimage"},"thumbnailUrl":"https:\/\/chemsfine.com\/wp-content\/uploads\/2026\/02\/Buy-Promethazine-with-Codeine-Wockhardt-Online.webp","datePublished":"2026-02-12T10:08:05+00:00","dateModified":"2026-03-25T12:44:52+00:00","description":"Objevte Promethazine with Codeine Wockhardt na prodej na chemsfine. Koupit online pro \u00falevu od ka\u0161le, alergie. P\u0159esn\u00e9 d\u00e1vkov\u00e1n\u00ed, bezpe\u010dn\u00fd n\u00e1kup.","breadcrumb":{"@id":"https:\/\/chemsfine.com\/product\/buy-promethazine-codeine-wockhardt\/#breadcrumb"},"inLanguage":"cs","potentialAction":[{"@type":"ReadAction","target":["https:\/\/chemsfine.com\/product\/buy-promethazine-codeine-wockhardt\/"]}]},{"@type":"ImageObject","inLanguage":"cs","@id":"https:\/\/chemsfine.com\/product\/buy-promethazine-codeine-wockhardt\/#primaryimage","url":"https:\/\/chemsfine.com\/wp-content\/uploads\/2026\/02\/Buy-Promethazine-with-Codeine-Wockhardt-Online.webp","contentUrl":"https:\/\/chemsfine.com\/wp-content\/uploads\/2026\/02\/Buy-Promethazine-with-Codeine-Wockhardt-Online.webp","width":957,"height":957,"caption":"Buy Promethazine with Codeine Wockhardt Online"},{"@type":"BreadcrumbList","@id":"https:\/\/chemsfine.com\/product\/buy-promethazine-codeine-wockhardt\/#breadcrumb","itemListElement":[{"@type":"ListItem","position":1,"name":"Home","item":"https:\/\/chemsfine.com\/"},{"@type":"ListItem","position":2,"name":"Shop","item":"https:\/\/chemsfine.com\/shop\/"},{"@type":"ListItem","position":3,"name":"Buy Promethazine with Codeine Wockhardt Online"}]},{"@type":"WebSite","@id":"https:\/\/chemsfine.com\/#website","url":"https:\/\/chemsfine.com\/","name":"Chemsfine","description":"M\u016fj blog WordPress","publisher":{"@id":"https:\/\/chemsfine.com\/#organization"},"potentialAction":[{"@type":"SearchAction","target":{"@type":"EntryPoint","urlTemplate":"https:\/\/chemsfine.com\/?s={search_term_string}"},"query-input":{"@type":"PropertyValueSpecification","valueRequired":true,"valueName":"search_term_string"}}],"inLanguage":"cs"},{"@type":"Organization","@id":"https:\/\/chemsfine.com\/#organization","name":"Chemsfine","url":"https:\/\/chemsfine.com\/","logo":{"@type":"ImageObject","inLanguage":"cs","@id":"https:\/\/chemsfine.com\/#\/schema\/logo\/image\/","url":"https:\/\/chemsfine.com\/wp-content\/uploads\/2024\/09\/final-logo.png","contentUrl":"https:\/\/chemsfine.com\/wp-content\/uploads\/2024\/09\/final-logo.png","width":340,"height":72,"caption":"Chemsfine"},"image":{"@id":"https:\/\/chemsfine.com\/#\/schema\/logo\/image\/"}}]}},"_links":{"self":[{"href":"https:\/\/chemsfine.com\/cs\/wp-json\/wp\/v2\/product\/6550","targetHints":{"allow":["GET"]}}],"collection":[{"href":"https:\/\/chemsfine.com\/cs\/wp-json\/wp\/v2\/product"}],"about":[{"href":"https:\/\/chemsfine.com\/cs\/wp-json\/wp\/v2\/types\/product"}],"replies":[{"embeddable":true,"href":"https:\/\/chemsfine.com\/cs\/wp-json\/wp\/v2\/comments?post=6550"}],"wp:featuredmedia":[{"embeddable":true,"href":"https:\/\/chemsfine.com\/cs\/wp-json\/wp\/v2\/media\/8597"}],"wp:attachment":[{"href":"https:\/\/chemsfine.com\/cs\/wp-json\/wp\/v2\/media?parent=6550"}],"wp:term":[{"taxonomy":"product_brand","embeddable":true,"href":"https:\/\/chemsfine.com\/cs\/wp-json\/wp\/v2\/product_brand?post=6550"},{"taxonomy":"product_cat","embeddable":true,"href":"https:\/\/chemsfine.com\/cs\/wp-json\/wp\/v2\/product_cat?post=6550"},{"taxonomy":"product_tag","embeddable":true,"href":"https:\/\/chemsfine.com\/cs\/wp-json\/wp\/v2\/product_tag?post=6550"}],"curies":[{"name":"wp","href":"https:\/\/api.w.org\/{rel}","templated":true}]}}