{"id":6645,"date":"2026-02-12T10:09:43","date_gmt":"2026-02-12T10:09:43","guid":{"rendered":"https:\/\/chemsfine.com\/?post_type=product&#038;p=6645"},"modified":"2026-03-25T12:36:57","modified_gmt":"2026-03-25T12:36:57","slug":"buy-maddosh-kabul-hash","status":"publish","type":"product","link":"https:\/\/chemsfine.com\/cs\/product\/buy-maddosh-kabul-hash\/","title":{"rendered":"Maddosh Kabul Hash | Pr\u00e9miov\u00fd online konopn\u00fd koncentr\u00e1t"},"content":{"rendered":"<p>Vydejte se na jedine\u010dnou cestu s <b>Maddosh Kabul Hash na prodej<\/b>, exkluzivn\u011b k dost\u00e1n\u00ed u spole\u010dnosti Chemsfine. Tento pr\u00e9miov\u00fd konopn\u00fd koncentr\u00e1t je proslul\u00fd svou v\u00fdjime\u010dnou kvalitou a siln\u00fdmi \u00fa\u010dinky. Samotn\u00fd n\u00e1zev \u201cMaddosh\u201d znamen\u00e1 v p\u0159ekladu \"maddo\u0161\". <b>opil\u00e1 nebo zapomn\u011btliv\u00e1 osoba<\/b>, co\u017e je dokonal\u00fd popis tohoto vysoce \u00fa\u010dinn\u00e9ho ha\u0161i\u0161e. Vyzkou\u0161ejte skute\u010dn\u011b autentick\u00fd produkt s vynikaj\u00edc\u00edmi vlastnostmi, vytvo\u0159en\u00fd pro n\u00e1ro\u010dn\u00e9 nad\u0161ence, kte\u0159\u00ed hledaj\u00ed koncentr\u00e1t vysok\u00e9 \u010distoty.<\/p>\n<h2>Co je Maddo\u0161 Kabul Ha\u0161?<\/h2>\n<p>Maddosh Kabul Hash vynik\u00e1 v\u00fdrazn\u00fdm profilem. Jeho aroma je siln\u00e9, <b>ko\u0159en\u011bn\u00e1 nafta<\/b>, kr\u00e1sn\u011b dopln\u011bn\u00e1 sv\u011b\u017e\u00edm, t\u00e9m\u011b\u0159 kv\u011btinov\u00fdm z\u00e1v\u011brem, co\u017e z n\u00ed \u010din\u00ed pot\u011b\u0161en\u00ed pro smysly. Co se t\u00fd\u010de textury, je neuv\u011b\u0159iteln\u011b jemn\u00e1. <b>lepiv\u00fd a poddajn\u00fd<\/b>, d\u00edky \u010demu\u017e se s n\u00edm v\u00fdjime\u010dn\u011b snadno pracuje - a\u0165 u\u017e z n\u011bj tvarujete hady pro tup\u00e9 nebo kuli\u010dky pro bongy. Vizu\u00e1ln\u011b se prezentuje tmav\u011b hn\u011bd\u00fdm zevn\u011bj\u0161kem, ale po rozlomen\u00ed cihly odhal\u00ed kr\u00e1snou, jednolitou strukturu s v\u00fdrazn\u00fdm zelen\u00fdm podt\u00f3nem, co\u017e signalizuje jej\u00ed \u0161pi\u010dkovou kvalitu. Tento ha\u0161i\u0161 se vyr\u00e1b\u00ed tradi\u010dn\u00ed metodou p\u0159ed\u00e1vanou z generace na generaci, co\u017e zaru\u010duje autentick\u00fd a siln\u00fd z\u00e1\u017eitek.<\/p>\n<h2>Vyzkou\u0161ejte siln\u00e9 \u00fa\u010dinky Maddosh Kabul Hash<\/h2>\n<p>P\u0159ipravte se na hlubok\u00e9 \u00fa\u010dinky s Maddosh Kabul Hash. P\u0159edpokl\u00e1d\u00e1me, \u017ee tento koncentr\u00e1t bude z\u00edsk\u00e1n z <b>dominantn\u00ed kmen Indica<\/b>, kter\u00e9 slibuj\u00ed siln\u00e9 a hluboce relaxa\u010dn\u00ed z\u00e1\u017eitky. U\u017eivatel\u00e9 mohou o\u010dek\u00e1vat siln\u00e9 \u00fa\u010dinky, opojn\u00e9 aroma a klasick\u00fd chu\u0165ov\u00fd profil, kter\u00fd je skute\u010dn\u011b jedine\u010dn\u00fd. D\u00edky tomu je <b>nejlep\u0161\u00ed dostupn\u00fd Maddosh Kabul Hash<\/b> pro ty, kte\u0159\u00ed hledaj\u00ed hlubokou relaxaci a hlubokou introspekci. V\u0161estrannost konzumace zvy\u0161uje jej\u00ed p\u0159ita\u017elivost; lze ji u\u017e\u00edvat r\u016fzn\u00fdmi zp\u016fsoby podle individu\u00e1ln\u00edch preferenc\u00ed. Vynikaj\u00edc\u00ed poddajnost tohoto ha\u0161i\u0161e lze je\u0161t\u011b zv\u00fd\u0161it pou\u017eit\u00edm trochy tepla, co\u017e je\u0161t\u011b v\u00edce usnad\u0148uje manipulaci s n\u00edm a jeho p\u0159\u00edpravu pro zvolen\u00fd zp\u016fsob po\u017eitku. Objevte dal\u0161\u00ed pr\u00e9miov\u00e9 koncentr\u00e1ty, jako nap\u0159. <a href=\"https:\/\/chemsfine.com\/cs\/produkt\/buy-4f-bca-online\/\">4F-BCA online<\/a>, kter\u00e9 lze rovn\u011b\u017e zakoupit.<\/p>\n<h2>Tradi\u010dn\u00ed v\u00fdroba ha\u0161i\u0161e a v\u0161estrann\u00e1 spot\u0159eba<\/h2>\n<p>Hash neboli ha\u0161i\u0161 je velmi vyhled\u00e1van\u00fd koncentr\u00e1t pe\u010dliv\u011b vyroben\u00fd z prysky\u0159ice rostliny konop\u00ed. Tento konkr\u00e9tn\u00ed ha\u0161i\u0161 je dokladem osv\u011bd\u010den\u00fdch tradi\u010dn\u00edch v\u00fdrobn\u00edch postup\u016f. Konopn\u00fd dryj\u00e1k se pe\u010dliv\u011b ru\u010dn\u011b lisuje, \u010dasto s jemn\u00fdm p\u0159id\u00e1n\u00edm mal\u00e9ho mno\u017estv\u00ed \u010daje nebo vody, a v\u00fdsledkem je produkt s v\u00fdrazn\u00fdm aroma a bohatou chut\u00ed. Jakmile dos\u00e1hne pru\u017en\u00e9 konzistence, je pe\u010dliv\u011b vyle\u0161t\u011bn k dokonalosti. Hotov\u00fd produkt se pak obvykle skladuje ve form\u011b hust\u00fdch 100mg cihel nebo pohodln\u00fdch ha\u0161i\u0161ov\u00fdch kuli\u010dek, p\u0159ipraven\u00fdch ke konzumaci. Pro ty, kte\u0159\u00ed cht\u011bj\u00ed <b>koupit nyn\u00ed online<\/b>, tato tradi\u010dn\u00ed metoda zaru\u010duje autentick\u00fd z\u00e1\u017eitek. Prozkoumejte na\u0161i nab\u00eddku <a href=\"https:\/\/chemsfine.com\/cs\/kategorie-produktu\/concentrates\/\">pr\u00e9miov\u00e9 koncentr\u00e1ty<\/a> dal\u0161\u00ed mo\u017enosti. Zde se dozv\u00edte, jak si m\u016f\u017eete vychutnat Maddosh Kabul Hash:<\/p>\n<table>\n<thead>\n<tr>\n<th>Zp\u016fsob spot\u0159eby<\/th>\n<th>Popis<\/th>\n<\/tr>\n<\/thead>\n<tbody>\n<tr>\n<td>Klouby<\/td>\n<td>Rozdr\u0165te a nasypte do jointu (pro optim\u00e1ln\u00ed ho\u0159en\u00ed sm\u00edchejte s bylinn\u00fdm konop\u00edm nebo tab\u00e1kem).<\/td>\n<\/tr>\n<tr>\n<td>D\u00fdmky \/ d\u00fdmky \/ vodn\u00ed d\u00fdmky<\/td>\n<td>Kou\u0159it p\u0159\u00edmo z d\u00fdmky, d\u00fdmky nebo vodn\u00ed d\u00fdmky<\/td>\n<\/tr>\n<tr>\n<td>One-Hitter<\/td>\n<td>Kou\u0159en\u00ed s jedn\u00edm rozpra\u0161ova\u010dem pro rychlou a odm\u011b\u0159enou d\u00e1vku<\/td>\n<\/tr>\n<tr>\n<td>Peror\u00e1ln\u00ed po\u017eit\u00ed<\/td>\n<td>Konzumujte po peror\u00e1ln\u00edm po\u017eit\u00ed po \u0159\u00e1dn\u00e9 dekarboxylaci (tepeln\u00e9 aktivaci).<\/td>\n<\/tr>\n<\/tbody>\n<\/table>\n<h2>Zaji\u0161t\u011bn\u00ed kvality a bezpe\u010dn\u00e9ho n\u00e1kupu u spole\u010dnosti Chemsfine<\/h2>\n<p>Spole\u010dnost Chemsfine se zav\u00e1zala poskytovat pouze v\u00fdrobky nejvy\u0161\u0161\u00ed kvality. Kdy\u017e se rozhodnete <b>objednat Maddosh Kabul Hash online<\/b> od n\u00e1s, m\u00e1te z\u00e1ruku autentick\u00e9ho a vynikaj\u00edc\u00edho z\u00e1\u017eitku. Na\u0161e oddanost dokonalosti zaru\u010duje, \u017ee ka\u017ed\u00e1 \u0161ar\u017ee spl\u0148uje p\u0159\u00edsn\u00e9 normy kvality. Na\u0161\u00ed prioritou je <b>bezpe\u010dn\u00fd n\u00e1kup<\/b> a nab\u00edz\u00ed tak klid p\u0159i ka\u017ed\u00e9 transakci. N\u00e1\u0161 v\u00fdb\u011br koncentr\u00e1t\u016f, v\u010detn\u011b produkt\u016f jako <a href=\"https:\/\/chemsfine.com\/cs\/produkt\/koupit-4-mmc-online\/\">4-MMC online<\/a>, odr\u00e1\u017e\u00ed n\u00e1\u0161 z\u00e1vazek p\u0159in\u00e1\u0161et v\u00e1m to nejlep\u0161\u00ed, co je k dispozici. Sv\u011b\u0159te sv\u00e9 pot\u0159eby v oblasti koncentr\u00e1t\u016f spole\u010dnosti Chemsfine a za\u017eijte bezkonkuren\u010dn\u00ed slu\u017eby a integritu v\u00fdrobk\u016f.<\/p>\n<h2>Z\u00e1v\u011br: V\u00e1\u0161 pr\u00e9miov\u00fd z\u00e1\u017eitek s ha\u0161i\u0161em \u010dek\u00e1<\/h2>\n<p>Nenechte si uj\u00edt p\u0159\u00edle\u017eitost za\u017e\u00edt tento v\u00fdjime\u010dn\u00fd koncentr\u00e1t. <b>Koupit Maddosh Kabul Hash na prodej<\/b> a pono\u0159te se do jej\u00edho omamn\u00e9ho aroma, klasick\u00e9 chuti a siln\u00fdch \u00fa\u010dink\u016f s p\u0159evahou indiky. A\u0165 u\u017e jste zku\u0161en\u00fd znalec, nebo zkoum\u00e1te pr\u00e9miov\u00fd ha\u0161i\u0161 poprv\u00e9, tento produkt slibuje skute\u010dn\u011b uspokojiv\u00fd z\u00e1\u017eitek. Objednejte si autentick\u00fd Maddosh Kabul Hash je\u0161t\u011b dnes u Chemsfine a pozvedn\u011bte svou sb\u00edrku koncentr\u00e1t\u016f.<\/p>","protected":false},"excerpt":{"rendered":"<p>Vyzkou\u0161ejte si siln\u00e9 <b>Maddo\u0161 Kabul Ha\u0161<\/b>, lepkav\u00fd a poddajn\u00fd koncentr\u00e1t s ko\u0159en\u011bn\u00fdm dieselov\u00fdm aroma a siln\u00fdmi \u00fa\u010dinky Indica. Tento ha\u0161i\u0161 \u0161pi\u010dkov\u00e9 kvality se snadno konzumuje prost\u0159ednictv\u00edm joint\u016f, d\u00fdmek nebo bonga. <b>Koupit Maddosh Hash<\/b> v Chemsfine, abyste z\u00edskali prvot\u0159\u00eddn\u00ed a autentick\u00fd z\u00e1\u017eitek.<\/p>","protected":false},"featured_media":6681,"comment_status":"open","ping_status":"closed","template":"","meta":{"_joinchat":[]},"product_brand":[],"product_cat":[942],"product_tag":[],"class_list":{"0":"post-6645","1":"product","2":"type-product","3":"status-publish","4":"has-post-thumbnail","6":"product_cat-hashish","8":"first","9":"instock","10":"shipping-taxable","11":"purchasable","12":"product-type-variable"},"yoast_head":"<!-- This site is optimized with the Yoast SEO plugin v27.2 - https:\/\/yoast.com\/product\/yoast-seo-wordpress\/ -->\n<title>Buy Maddosh Kabul Hash Online | Premium Quality Available<\/title>\n<meta name=\"description\" content=\"Discover top-quality Maddosh Kabul Hash online. Experience potent Indica effects and classic Afghan flavor. Order premium hash available at Chemsfine today!\" \/>\n<meta name=\"robots\" content=\"index, follow, max-snippet:-1, max-image-preview:large, max-video-preview:-1\" \/>\n<link rel=\"canonical\" href=\"https:\/\/chemsfine.com\/cs\/produkt\/buy-maddosh-kabul-hash\/\" \/>\n<meta property=\"og:locale\" content=\"cs_CZ\" \/>\n<meta property=\"og:type\" content=\"article\" \/>\n<meta property=\"og:title\" content=\"Buy Maddosh Kabul Hash Online | Premium Quality Available\" \/>\n<meta property=\"og:description\" content=\"Discover top-quality Maddosh Kabul Hash online. Experience potent Indica effects and classic Afghan flavor. Order premium hash available at Chemsfine today!\" \/>\n<meta property=\"og:url\" content=\"https:\/\/chemsfine.com\/cs\/produkt\/buy-maddosh-kabul-hash\/\" \/>\n<meta property=\"og:site_name\" content=\"Chemsfine\" \/>\n<meta property=\"article:modified_time\" content=\"2026-03-25T12:36:57+00:00\" \/>\n<meta property=\"og:image\" content=\"https:\/\/chemsfine.com\/wp-content\/uploads\/2026\/02\/maddosh-kabul-hash-online-dispensary-canada-bulk-buddy-1.jpg\" \/>\n\t<meta property=\"og:image:width\" content=\"1024\" \/>\n\t<meta property=\"og:image:height\" content=\"1024\" \/>\n\t<meta property=\"og:image:type\" content=\"image\/jpeg\" \/>\n<meta name=\"twitter:card\" content=\"summary_large_image\" \/>\n<meta name=\"twitter:label1\" content=\"Odhadovan\u00e1 doba \u010dten\u00ed\" \/>\n\t<meta name=\"twitter:data1\" content=\"3 minuty\" \/>\n<script type=\"application\/ld+json\" class=\"yoast-schema-graph\">{\"@context\":\"https:\/\/schema.org\",\"@graph\":[{\"@type\":\"WebPage\",\"@id\":\"https:\/\/chemsfine.com\/product\/buy-maddosh-kabul-hash\/\",\"url\":\"https:\/\/chemsfine.com\/product\/buy-maddosh-kabul-hash\/\",\"name\":\"Buy Maddosh Kabul Hash Online | Premium Quality Available\",\"isPartOf\":{\"@id\":\"https:\/\/chemsfine.com\/#website\"},\"primaryImageOfPage\":{\"@id\":\"https:\/\/chemsfine.com\/product\/buy-maddosh-kabul-hash\/#primaryimage\"},\"image\":{\"@id\":\"https:\/\/chemsfine.com\/product\/buy-maddosh-kabul-hash\/#primaryimage\"},\"thumbnailUrl\":\"https:\/\/chemsfine.com\/wp-content\/uploads\/2026\/02\/maddosh-kabul-hash-online-dispensary-canada-bulk-buddy-1.jpg\",\"datePublished\":\"2026-02-12T10:09:43+00:00\",\"dateModified\":\"2026-03-25T12:36:57+00:00\",\"description\":\"Discover top-quality Maddosh Kabul Hash online. Experience potent Indica effects and classic Afghan flavor. Order premium hash available at Chemsfine today!\",\"breadcrumb\":{\"@id\":\"https:\/\/chemsfine.com\/product\/buy-maddosh-kabul-hash\/#breadcrumb\"},\"inLanguage\":\"cs\",\"potentialAction\":[{\"@type\":\"ReadAction\",\"target\":[\"https:\/\/chemsfine.com\/product\/buy-maddosh-kabul-hash\/\"]}]},{\"@type\":\"ImageObject\",\"inLanguage\":\"cs\",\"@id\":\"https:\/\/chemsfine.com\/product\/buy-maddosh-kabul-hash\/#primaryimage\",\"url\":\"https:\/\/chemsfine.com\/wp-content\/uploads\/2026\/02\/maddosh-kabul-hash-online-dispensary-canada-bulk-buddy-1.jpg\",\"contentUrl\":\"https:\/\/chemsfine.com\/wp-content\/uploads\/2026\/02\/maddosh-kabul-hash-online-dispensary-canada-bulk-buddy-1.jpg\",\"width\":1024,\"height\":1024},{\"@type\":\"BreadcrumbList\",\"@id\":\"https:\/\/chemsfine.com\/product\/buy-maddosh-kabul-hash\/#breadcrumb\",\"itemListElement\":[{\"@type\":\"ListItem\",\"position\":1,\"name\":\"Home\",\"item\":\"https:\/\/chemsfine.com\/\"},{\"@type\":\"ListItem\",\"position\":2,\"name\":\"Shop\",\"item\":\"https:\/\/chemsfine.com\/shop\/\"},{\"@type\":\"ListItem\",\"position\":3,\"name\":\"Maddosh Kabul Hash | Premium Online Cannabis Concentrate\"}]},{\"@type\":\"WebSite\",\"@id\":\"https:\/\/chemsfine.com\/#website\",\"url\":\"https:\/\/chemsfine.com\/\",\"name\":\"Chemsfine\",\"description\":\"My WordPress Blog\",\"publisher\":{\"@id\":\"https:\/\/chemsfine.com\/#organization\"},\"potentialAction\":[{\"@type\":\"SearchAction\",\"target\":{\"@type\":\"EntryPoint\",\"urlTemplate\":\"https:\/\/chemsfine.com\/?s={search_term_string}\"},\"query-input\":{\"@type\":\"PropertyValueSpecification\",\"valueRequired\":true,\"valueName\":\"search_term_string\"}}],\"inLanguage\":\"cs\"},{\"@type\":\"Organization\",\"@id\":\"https:\/\/chemsfine.com\/#organization\",\"name\":\"Chemsfine\",\"url\":\"https:\/\/chemsfine.com\/\",\"logo\":{\"@type\":\"ImageObject\",\"inLanguage\":\"cs\",\"@id\":\"https:\/\/chemsfine.com\/#\/schema\/logo\/image\/\",\"url\":\"https:\/\/chemsfine.com\/wp-content\/uploads\/2024\/09\/final-logo.png\",\"contentUrl\":\"https:\/\/chemsfine.com\/wp-content\/uploads\/2024\/09\/final-logo.png\",\"width\":340,\"height\":72,\"caption\":\"Chemsfine\"},\"image\":{\"@id\":\"https:\/\/chemsfine.com\/#\/schema\/logo\/image\/\"}}]}<\/script>\n<!-- \/ Yoast SEO plugin. -->","yoast_head_json":{"title":"Koupit Maddosh Kabul Hash online | K dispozici je pr\u00e9miov\u00e1 kvalita","description":"Objevte \u0161pi\u010dkovou kvalitu Maddosh Kabul Hash online. Za\u017eijte siln\u00e9 \u00fa\u010dinky Indica a klasickou afgh\u00e1nskou chu\u0165. Objednejte si pr\u00e9miov\u00fd ha\u0161i\u0161 dostupn\u00fd u Chemsfine je\u0161t\u011b dnes!","robots":{"index":"index","follow":"follow","max-snippet":"max-snippet:-1","max-image-preview":"max-image-preview:large","max-video-preview":"max-video-preview:-1"},"canonical":"https:\/\/chemsfine.com\/cs\/produkt\/buy-maddosh-kabul-hash\/","og_locale":"cs_CZ","og_type":"article","og_title":"Buy Maddosh Kabul Hash Online | Premium Quality Available","og_description":"Discover top-quality Maddosh Kabul Hash online. Experience potent Indica effects and classic Afghan flavor. Order premium hash available at Chemsfine today!","og_url":"https:\/\/chemsfine.com\/cs\/produkt\/buy-maddosh-kabul-hash\/","og_site_name":"Chemsfine","article_modified_time":"2026-03-25T12:36:57+00:00","og_image":[{"width":1024,"height":1024,"url":"https:\/\/chemsfine.com\/wp-content\/uploads\/2026\/02\/maddosh-kabul-hash-online-dispensary-canada-bulk-buddy-1.jpg","type":"image\/jpeg"}],"twitter_card":"summary_large_image","twitter_misc":{"Odhadovan\u00e1 doba \u010dten\u00ed":"3 minuty"},"schema":{"@context":"https:\/\/schema.org","@graph":[{"@type":"WebPage","@id":"https:\/\/chemsfine.com\/product\/buy-maddosh-kabul-hash\/","url":"https:\/\/chemsfine.com\/product\/buy-maddosh-kabul-hash\/","name":"Koupit Maddosh Kabul Hash online | K dispozici je pr\u00e9miov\u00e1 kvalita","isPartOf":{"@id":"https:\/\/chemsfine.com\/#website"},"primaryImageOfPage":{"@id":"https:\/\/chemsfine.com\/product\/buy-maddosh-kabul-hash\/#primaryimage"},"image":{"@id":"https:\/\/chemsfine.com\/product\/buy-maddosh-kabul-hash\/#primaryimage"},"thumbnailUrl":"https:\/\/chemsfine.com\/wp-content\/uploads\/2026\/02\/maddosh-kabul-hash-online-dispensary-canada-bulk-buddy-1.jpg","datePublished":"2026-02-12T10:09:43+00:00","dateModified":"2026-03-25T12:36:57+00:00","description":"Objevte \u0161pi\u010dkovou kvalitu Maddosh Kabul Hash online. Za\u017eijte siln\u00e9 \u00fa\u010dinky Indica a klasickou afgh\u00e1nskou chu\u0165. Objednejte si pr\u00e9miov\u00fd ha\u0161i\u0161 dostupn\u00fd u Chemsfine je\u0161t\u011b dnes!","breadcrumb":{"@id":"https:\/\/chemsfine.com\/product\/buy-maddosh-kabul-hash\/#breadcrumb"},"inLanguage":"cs","potentialAction":[{"@type":"ReadAction","target":["https:\/\/chemsfine.com\/product\/buy-maddosh-kabul-hash\/"]}]},{"@type":"ImageObject","inLanguage":"cs","@id":"https:\/\/chemsfine.com\/product\/buy-maddosh-kabul-hash\/#primaryimage","url":"https:\/\/chemsfine.com\/wp-content\/uploads\/2026\/02\/maddosh-kabul-hash-online-dispensary-canada-bulk-buddy-1.jpg","contentUrl":"https:\/\/chemsfine.com\/wp-content\/uploads\/2026\/02\/maddosh-kabul-hash-online-dispensary-canada-bulk-buddy-1.jpg","width":1024,"height":1024},{"@type":"BreadcrumbList","@id":"https:\/\/chemsfine.com\/product\/buy-maddosh-kabul-hash\/#breadcrumb","itemListElement":[{"@type":"ListItem","position":1,"name":"Home","item":"https:\/\/chemsfine.com\/"},{"@type":"ListItem","position":2,"name":"Shop","item":"https:\/\/chemsfine.com\/shop\/"},{"@type":"ListItem","position":3,"name":"Maddosh Kabul Hash | Premium Online Cannabis Concentrate"}]},{"@type":"WebSite","@id":"https:\/\/chemsfine.com\/#website","url":"https:\/\/chemsfine.com\/","name":"Chemsfine","description":"M\u016fj blog WordPress","publisher":{"@id":"https:\/\/chemsfine.com\/#organization"},"potentialAction":[{"@type":"SearchAction","target":{"@type":"EntryPoint","urlTemplate":"https:\/\/chemsfine.com\/?s={search_term_string}"},"query-input":{"@type":"PropertyValueSpecification","valueRequired":true,"valueName":"search_term_string"}}],"inLanguage":"cs"},{"@type":"Organization","@id":"https:\/\/chemsfine.com\/#organization","name":"Chemsfine","url":"https:\/\/chemsfine.com\/","logo":{"@type":"ImageObject","inLanguage":"cs","@id":"https:\/\/chemsfine.com\/#\/schema\/logo\/image\/","url":"https:\/\/chemsfine.com\/wp-content\/uploads\/2024\/09\/final-logo.png","contentUrl":"https:\/\/chemsfine.com\/wp-content\/uploads\/2024\/09\/final-logo.png","width":340,"height":72,"caption":"Chemsfine"},"image":{"@id":"https:\/\/chemsfine.com\/#\/schema\/logo\/image\/"}}]}},"_links":{"self":[{"href":"https:\/\/chemsfine.com\/cs\/wp-json\/wp\/v2\/product\/6645","targetHints":{"allow":["GET"]}}],"collection":[{"href":"https:\/\/chemsfine.com\/cs\/wp-json\/wp\/v2\/product"}],"about":[{"href":"https:\/\/chemsfine.com\/cs\/wp-json\/wp\/v2\/types\/product"}],"replies":[{"embeddable":true,"href":"https:\/\/chemsfine.com\/cs\/wp-json\/wp\/v2\/comments?post=6645"}],"wp:featuredmedia":[{"embeddable":true,"href":"https:\/\/chemsfine.com\/cs\/wp-json\/wp\/v2\/media\/6681"}],"wp:attachment":[{"href":"https:\/\/chemsfine.com\/cs\/wp-json\/wp\/v2\/media?parent=6645"}],"wp:term":[{"taxonomy":"product_brand","embeddable":true,"href":"https:\/\/chemsfine.com\/cs\/wp-json\/wp\/v2\/product_brand?post=6645"},{"taxonomy":"product_cat","embeddable":true,"href":"https:\/\/chemsfine.com\/cs\/wp-json\/wp\/v2\/product_cat?post=6645"},{"taxonomy":"product_tag","embeddable":true,"href":"https:\/\/chemsfine.com\/cs\/wp-json\/wp\/v2\/product_tag?post=6645"}],"curies":[{"name":"wp","href":"https:\/\/api.w.org\/{rel}","templated":true}]}}