{"id":6657,"date":"2026-02-12T10:09:45","date_gmt":"2026-02-12T10:09:45","guid":{"rendered":"https:\/\/chemsfine.com\/?post_type=product&#038;p=6657"},"modified":"2026-03-25T12:32:34","modified_gmt":"2026-03-25T12:32:34","slug":"buy-polar-bear-hash","status":"publish","type":"product","link":"https:\/\/chemsfine.com\/cs\/product\/buy-polar-bear-hash\/","title":{"rendered":"Koupit Polar Bear Hash online | Premium Hash &amp; Concentrates"},"content":{"rendered":"<p>Kdy\u017e hled\u00e1te <b>koupit Polar Bear Hash na prodej<\/b>, Chemsfine je va\u0161\u00ed hlavn\u00ed destinac\u00ed pro v\u00fdjime\u010dnou kvalitu a rozs\u00e1hl\u00fd v\u00fdb\u011br. Pono\u0159te se do sv\u011bta pr\u00e9miov\u00fdch koncentr\u00e1t\u016f a zjist\u011bte, pro\u010d je na\u0161e nab\u00eddka znalci velmi vyhled\u00e1van\u00e1. D\u00edky n\u00e1m je to jednoduch\u00e9 <b>koupit Polar Bear Hash online<\/b>, co\u017e v\u00e1m umo\u017en\u00ed p\u0159\u00edstup k nejlep\u0161\u00edm konopn\u00fdm koncentr\u00e1t\u016fm dostupn\u00fdm na trhu. N\u00e1\u0161 z\u00e1vazek k dokonalosti zaru\u010duje, \u017ee ka\u017ed\u00fd produkt, v\u010detn\u011b na\u0161eho proslul\u00e9ho Polar Bear Hash, spl\u0148uje nejvy\u0161\u0161\u00ed standardy \u010distoty a \u00fa\u010dinnosti. V na\u0161\u00ed nab\u00eddce najdete nejen <b>Nejlep\u0161\u00ed a nejlevn\u011bj\u0161\u00ed ha\u0161i\u0161 online<\/b> ale tak\u00e9 za\u017e\u00edt bezkonkuren\u010dn\u00ed slu\u017eby. S <b>v\u00edce ne\u017e 80 druh\u016f ha\u0161i\u0161e<\/b>, zahrnuj\u00edc\u00ed rozmanitou \u0161k\u00e1lu mo\u017enost\u00ed, z nich\u017e n\u011bkter\u00e9 poch\u00e1zej\u00ed z m\u00edstn\u00edch zdroj\u016f a jin\u00e9 jsou dov\u00e1\u017eeny od renomovan\u00fdch v\u00fdrobc\u016f, je n\u00e1\u0161 v\u00fdb\u011br navr\u017een tak, aby uspokojil v\u0161echny preference a n\u00e1ro\u010dn\u00e9 chut\u011b. Vyzkou\u0161ejte si pohodl\u00ed p\u0159i objedn\u00e1v\u00e1n\u00ed je\u0161t\u011b dnes a vyu\u017eijte na\u0161i velkorysou nab\u00eddku <b>DOPRAVA ZDARMA nad $99<\/b>, tak\u017ee n\u00e1kup pr\u00e9miov\u00e9ho hash se v\u00e1m je\u0161t\u011b v\u00edce vyplat\u00ed.<\/p>\n<h2>Co je Polar Bear Hash?<\/h2>\n<p><b>Pol\u00e1rn\u00ed medv\u011bd Hash<\/b> p\u0159edstavuje vrchol \u0159emesln\u00e9ho zpracov\u00e1n\u00ed konopn\u00e9ho koncentr\u00e1tu, kter\u00fd je proslul\u00fd svou vynikaj\u00edc\u00ed kvalitou a siln\u00fdmi \u00fa\u010dinky. Ha\u0161i\u0161 neboli ha\u0161i\u0161 je koncentr\u00e1t vyroben\u00fd stla\u010den\u00edm a zpracov\u00e1n\u00edm prysky\u0159i\u010dn\u00fdch \u017el\u00e1z (trichom\u016f) rostliny konop\u00ed. Tyto trichomy jsou bohat\u00e9 na kanabinoidy a terpeny, kter\u00e9 jsou zodpov\u011bdn\u00e9 za v\u00fdrazn\u00e9 \u00fa\u010dinky a v\u016fni konop\u00ed. <b>Pol\u00e1rn\u00ed medv\u011bd Hash<\/b>, je \u010dasto oslavov\u00e1n pro svou jedine\u010dnou strukturu, bohat\u00e9 aroma a siln\u00fd z\u00e1\u017eitek, co\u017e z n\u011bj \u010din\u00ed skute\u010dn\u011b jedine\u010dn\u00fd produkt. <b>\u0161pi\u010dkov\u00e1 kvalita Polar Bear Hash<\/b> v\u00fdrobek. Je pe\u010dliv\u011b vyr\u00e1b\u011bn tak, aby byla zaji\u0161t\u011bna jeho maxim\u00e1ln\u00ed \u010distota a s\u00edla, co\u017e poka\u017ed\u00e9 p\u0159in\u00e1\u0161\u00ed konzistentn\u00ed a p\u0159\u00edjemn\u00fd z\u00e1\u017eitek. V\u00fdrobn\u00ed proces zahrnuje pe\u010dlivou pozornost v\u011bnovanou detail\u016fm, od v\u00fdb\u011bru nejlep\u0161\u00edch konopn\u00fdch kmen\u016f a\u017e po pou\u017eit\u00ed pokro\u010dil\u00fdch technik extrakce a lisov\u00e1n\u00ed, jejich\u017e c\u00edlem je zachovat p\u0159irozenou integritu a s\u00edlu prysky\u0159ice rostliny.<\/p>\n<h2>Pro\u010d si koupit Polar Bear Hash online u Chemsfine?<\/h2>\n<p>Volba <b>koupit Polar Bear Hash online<\/b> od spole\u010dnosti Chemsfine znamen\u00e1 spolehlivost, kvalitu a bezkonkuren\u010dn\u00ed v\u00fdb\u011br. Ch\u00e1peme, \u017ee p\u0159i n\u00e1kupu pr\u00e9miov\u00fdch konopn\u00fdch koncentr\u00e1t\u016f je d\u016fle\u017eit\u00e1 d\u016fv\u011bra, a proto v\u0161echny na\u0161e produkty pe\u010dliv\u011b prov\u011b\u0159ujeme. N\u00e1\u0161 rozs\u00e1hl\u00fd katalog zaru\u010duje, \u017ee m\u00e1me <b>nejlep\u0161\u00ed dostupn\u00fd Polar Bear Hash<\/b>, spolu s celou \u0159adou dal\u0161\u00edch odr\u016fd ha\u0161i\u0161e, kter\u00e9 m\u016f\u017eete prozkoumat. Ve spole\u010dnosti Chemsfine d\u00e1v\u00e1me p\u0159ednost spokojenosti z\u00e1kazn\u00edk\u016f t\u00edm, \u017ee nab\u00edz\u00edme konkurenceschopn\u00e9 ceny bez kompromis\u016f v kvalit\u011b. Na\u0161e u\u017eivatelsky p\u0159\u00edv\u011btiv\u00e1 online platforma neuv\u011b\u0159iteln\u011b usnad\u0148uje prohl\u00ed\u017een\u00ed, v\u00fdb\u011br a spolehliv\u00fd n\u00e1kup po\u017eadovan\u00fdch produkt\u016f. N\u00e1\u0161 z\u00e1vazek poskytovat hodnotu se nav\u00edc vztahuje i na na\u0161e z\u00e1sady p\u0159epravy; nezapome\u0148te, \u017ee m\u016f\u017eete z\u00edskat n\u00e1rok na <b>DOPRAVA ZDARMA nad $99<\/b> na va\u0161i objedn\u00e1vku. Poskytujeme tak\u00e9 podrobn\u00e9 popisy produkt\u016f a transparentn\u00ed informace, kter\u00e9 v\u00e1m umo\u017en\u00ed rozhodovat se na z\u00e1klad\u011b informac\u00ed. Vyzkou\u0161ejte si pohodl\u00ed bezpe\u010dn\u00fdch online transakc\u00ed a diskr\u00e9tn\u00ed doru\u010den\u00ed p\u0159\u00edmo k va\u0161im dve\u0159\u00edm.<\/p>\n<h2>Aplikace<\/h2>\n<p><b>Pol\u00e1rn\u00ed medv\u011bd Hash<\/b>, stejn\u011b jako ostatn\u00ed pr\u00e9miov\u00e9 konopn\u00e9 koncentr\u00e1ty nab\u00edz\u00ed v\u0161estrann\u00e9 vyu\u017eit\u00ed jak pro zku\u0161en\u00e9 nad\u0161ence, tak pro nov\u00e1\u010dky v oblasti koncentr\u00e1t\u016f. Jeho koncentrovan\u00e1 povaha znamen\u00e1, \u017ee i mal\u00e9 mno\u017estv\u00ed m\u016f\u017ee p\u0159in\u00e9st v\u00fdrazn\u00e9 \u00fa\u010dinky. Zde je n\u011bkolik b\u011b\u017en\u00fdch zp\u016fsob\u016f, jak si tento v\u00fdjime\u010dn\u00fd produkt vychutnat:<\/p>\n<ul>\n<li><b>Kou\u0159en\u00ed:<\/b> Snadno se drt\u00ed a p\u0159id\u00e1v\u00e1 do joint\u016f, tup\u00fdch cigaret nebo d\u00fdmek pro klasick\u00fd zp\u016fsob konzumace.<\/li>\n<li><b>Vaping:<\/b> Lze je odpa\u0159ovat pomoc\u00ed specializovan\u00fdch koncentr\u00e1tov\u00fdch odpa\u0159ova\u010d\u016f, kter\u00e9 nab\u00edzej\u00ed \u010dist\u0161\u00ed a \u010dasto aromati\u010dt\u011bj\u0161\u00ed z\u00e1\u017eitek.<\/li>\n<li><b>Dabing:<\/b> Ide\u00e1ln\u00ed pro dabing, co\u017e je metoda, p\u0159i kter\u00e9 se mal\u00e9 mno\u017estv\u00ed koncentr\u00e1tu bleskov\u011b odpa\u0159uje na zah\u0159\u00e1t\u00e9m povrchu.<\/li>\n<li><b>Jedl\u00e9 rostliny:<\/b> Lze je dekarboxylovat a p\u0159im\u00edchat do olej\u016f nebo m\u00e1sel pro v\u00fdrobu dom\u00e1c\u00edch po\u017eivatin, co\u017e p\u0159edstavuje neku\u0159\u00e1ckou variantu.<\/li>\n<li><b>Aktu\u00e1ln\u00ed t\u00e9mata:<\/b> P\u0159i spr\u00e1vn\u00e9 infuzi se m\u016f\u017ee p\u0159id\u00e1vat do balz\u00e1m\u016f a kr\u00e9m\u016f pro lok\u00e1ln\u00ed aplikaci, i kdy\u017e u vysoce kvalitn\u00edho ha\u0161i\u0161e je to m\u00e9n\u011b obvykl\u00e9.<\/li>\n<li><b>Va\u0159en\u00ed:<\/b> V\u0161estrann\u00e1 p\u0159\u00edsada pro kulin\u00e1\u0159e, kte\u0159\u00ed cht\u011bj\u00ed po dekarboxylaci obohatit sv\u00e9 pokrmy o konop\u00ed.<\/li>\n<li><b>Vylep\u0161en\u00ed dal\u0161\u00edch produkt\u016f:<\/b> Posypte kv\u011btinu v d\u00fdmce nebo bongu pro zv\u00fd\u0161en\u00ed s\u00edly a chuti.<\/li>\n<li><b>Extrakce bez rozpou\u0161t\u011bdel:<\/b> Zat\u00edmco samotn\u00fd ha\u0161i\u0161 je formou extrakce, n\u011bkte\u0159\u00ed u\u017eivatel\u00e9 zkou\u0161ej\u00ed dal\u0161\u00ed metody \u010di\u0161t\u011bn\u00ed pro specializovan\u00e9 pou\u017eit\u00ed.<\/li>\n<\/ul>\n<h2>Prozkoum\u00e1n\u00ed rozmanit\u00e9ho katalogu spole\u010dnosti Chemsfine<\/h2>\n<p>Zat\u00edmco se zam\u011b\u0159ujeme na pr\u00e9miov\u00e9 konopn\u00e9 koncentr\u00e1ty, jako je nap\u0159. <b>Autentick\u00fd ledn\u00ed medv\u011bd Hash<\/b> je prvo\u0159ad\u00e1, Chemsfine se py\u0161n\u00ed tak\u00e9 t\u00edm, \u017ee nab\u00edz\u00ed \u0161ir\u0161\u00ed spektrum vysoce kvalitn\u00edch produkt\u016f. Jsme d\u016fv\u011bryhodn\u00fdm zdrojem r\u016fzn\u00fdch specializovan\u00fdch sm\u011bs\u00ed, kter\u00e9 uspokojuj\u00ed r\u016fznorodou klientelu s p\u0159\u00edsn\u00fdmi standardy. Pro ty, kte\u0159\u00ed maj\u00ed z\u00e1jem prozkoumat i jin\u00e9 ne\u017e tradi\u010dn\u00ed konopn\u00e9 produkty, n\u00e1\u0161 katalog zahrnuje vysoce kvalitn\u00ed v\u00fdzkumn\u00e9 materi\u00e1ly a dal\u0161\u00ed jemn\u00e9 chemik\u00e1lie. M\u016f\u017eete nap\u0159\u00edklad objevit jedine\u010dn\u00e9 nab\u00eddky, jako jsou nap\u0159. <a href=\"https:\/\/chemsfine.com\/cs\/produkt\/buy-2f-dck-online\/\">Pr\u00e9mie 2F-DCK<\/a> pro specifick\u00e9 v\u00fdzkumn\u00e9 pot\u0159eby, nebo si prohl\u00e9dn\u011bte na\u0161i \u0161irokou nab\u00eddku produkt\u016f, jako jsou nap\u0159. <a href=\"https:\/\/chemsfine.com\/cs\/produkt\/diablo-k2-spray\/\">Diablo K2 Spray<\/a>, v\u0161echny se stejn\u00fdm d\u016frazem na kvalitu a bezpe\u010dn\u00e9 z\u00edsk\u00e1v\u00e1n\u00ed zdroj\u016f. Na\u0161e odhodl\u00e1n\u00ed poskytovat \u0161irokou \u0161k\u00e1lu v\u00fdrobk\u016f vysok\u00e9 \u010distoty zaji\u0161\u0165uje, \u017ee spole\u010dnost Chemsfine z\u016fst\u00e1v\u00e1 komplexn\u00edm zdrojem pro r\u016fzn\u00e9 n\u00e1ro\u010dn\u00e9 po\u017eadavky.<\/p>\n<h2>Bezpe\u010dnost a zodpov\u011bdn\u00e1 z\u00e1bava<\/h2>\n<p>Ve spole\u010dnosti Chemsfine klademe d\u016fraz na bezpe\u010dnost a zodpov\u011bdnou spot\u0159ebu v\u0161ech na\u0161ich v\u00fdrobk\u016f, v\u010detn\u011b. <b>Pol\u00e1rn\u00ed medv\u011bd Hash<\/b>. Prosazujeme informovan\u00e9 pou\u017e\u00edv\u00e1n\u00ed a dodr\u017eov\u00e1n\u00ed m\u00edstn\u00edch p\u0159edpis\u016f. Na\u0161e ha\u0161i\u0161ov\u00e9 produkty proch\u00e1zej\u00ed p\u0159\u00edsn\u00fdmi procesy kontroly kvality, kter\u00e9 zaji\u0161\u0165uj\u00ed \u010distotu a absenci kontaminant\u016f, a poskytuj\u00ed v\u00e1m tak vysoce \u010dist\u00fd produkt ur\u010den\u00fd k prodeji, kter\u00e9mu m\u016f\u017eete d\u016fv\u011b\u0159ovat. Zaji\u0161\u0165ujeme bezpe\u010dn\u00e9 balen\u00ed pro zachov\u00e1n\u00ed integrity produktu a poskytujeme jasn\u00e9 informace o jeho slo\u017een\u00ed. Spot\u0159ebitel\u016fm doporu\u010dujeme za\u010d\u00edt s mal\u00fdm mno\u017estv\u00edm, zejm\u00e9na pokud s koncentr\u00e1ty za\u010d\u00ednaj\u00ed, aby pochopili svou individu\u00e1ln\u00ed toleranci. V\u017edy skladujte sv\u016fj <b>pr\u00e9miov\u00fd hash<\/b> na chladn\u00e9m, tmav\u00e9m a bezpe\u010dn\u00e9m m\u00edst\u011b, mimo dosah nezletil\u00fdch osob a dom\u00e1c\u00edch zv\u00ed\u0159at. Na\u0161e odhodl\u00e1n\u00ed dodr\u017eovat p\u0159edpisy a zaji\u0161\u0165ovat kvalitu odr\u00e1\u017e\u00ed n\u00e1\u0161 z\u00e1vazek k blahu a spokojenosti z\u00e1kazn\u00edk\u016f, tak\u017ee v\u00e1\u0161 n\u00e1kup je bezpe\u010dnou a zodpov\u011bdnou volbou.<\/p>\n<h2>Pro\u010d si pro sv\u00e9 pr\u00e9miov\u00e9 koncentr\u00e1ty vybrat n\u00e1s?<\/h2>\n<p>Kdy\u017e se rozhodnete <b>objednat Polar Bear Hash online<\/b>, nebo jak\u00fdkoli jin\u00fd koncentr\u00e1t, Chemsfine nab\u00edz\u00ed p\u0159esv\u011bd\u010div\u00e9 d\u016fvody, pro\u010d se st\u00e1t va\u0161\u00edm preferovan\u00fdm dodavatelem. Sna\u017e\u00edme se poskytovat transparentn\u00ed \u00fadaje o na\u0161ich produktech, d\u00edky \u010demu\u017e budete p\u0159esn\u011b v\u011bd\u011bt, co dost\u00e1v\u00e1te. N\u00e1\u0161 z\u00e1vazek k ov\u011b\u0159en\u00fdm z\u00e1znam\u016fm o \u0161ar\u017e\u00edch znamen\u00e1 konzistentn\u00ed kvalitu a \u00fa\u010dinnost p\u0159i ka\u017ed\u00e9m n\u00e1kupu. Stoj\u00edme si za sv\u00fdmi konkuren\u010dn\u00edmi cenami a sna\u017e\u00edme se nab\u00edzet <b>nejlep\u0161\u00ed hash online<\/b> bez naru\u0161en\u00ed integrity v\u00fdrobku. Krom\u011b toho je n\u00e1\u0161 v\u00fdjime\u010dn\u00fd t\u00fdm z\u00e1kaznick\u00e9ho servisu v\u017edy p\u0159ipraven pomoci v\u00e1m s jak\u00fdmikoli dotazy, aby va\u0161e nakupov\u00e1n\u00ed prob\u011bhlo hladce a p\u0159\u00edjemn\u011b. N\u00e1\u0161 \u0161irok\u00fd v\u00fdb\u011br, zahrnuj\u00edc\u00ed v\u00edce ne\u017e 80 druh\u016f, upev\u0148uje na\u0161i pozici l\u00eddra v oblasti online v\u00fddejen a nab\u00edz\u00ed bezkonkuren\u010dn\u00ed v\u00fdb\u011br pro n\u00e1ro\u010dn\u00e9 z\u00e1kazn\u00edky. Vyberte si Chemsfine pro skute\u010dn\u011b <b>bezpe\u010dn\u00fd n\u00e1kup<\/b> pr\u00e9miov\u00fdch koncentr\u00e1t\u016f.<\/p>\n<p><h3>Srovn\u00e1n\u00ed kvality ha\u0161ov\u00e1n\u00ed<\/h3>\n<\/p>\n<table>\n<thead>\n<tr>\n<th>Funkce<\/th>\n<th>Polar Bear Hash (Premium)<\/th>\n<th>Standardn\u00ed Hash<\/th>\n<th>Hash n\u00edzk\u00e9 t\u0159\u00eddy<\/th>\n<\/tr>\n<\/thead>\n<tbody>\n<tr>\n<td>Potence<\/td>\n<td>Velmi vysok\u00e1<\/td>\n<td>St\u0159edn\u00ed a\u017e vysok\u00e1<\/td>\n<td>N\u00edzk\u00e1 a\u017e st\u0159edn\u00ed<\/td>\n<\/tr>\n<tr>\n<td>V\u016fn\u011b a chu\u0165<\/td>\n<td>Bohat\u00fd, komplexn\u00ed, v\u00fdrazn\u00fd<\/td>\n<td>M\u00edrn\u00fd, zemit\u00fd<\/td>\n<td>M\u00edrn\u00fd, n\u011bkdy drsn\u00fd<\/td>\n<\/tr>\n<tr>\n<td>Textura<\/td>\n<td>M\u011bkk\u00e9, poddajn\u00e9, prysky\u0159i\u010dn\u00e9<\/td>\n<td>Pevn\u00fd, k\u0159ehk\u00fd<\/td>\n<td>Tvrd\u00fd, k\u0159ehk\u00fd<\/td>\n<\/tr>\n<tr>\n<td>Purity<\/td>\n<td>Vynikaj\u00edc\u00ed (minimum kontaminant\u016f)<\/td>\n<td>Dobr\u00fd (n\u011bkter\u00e9 rostlinn\u00e9 l\u00e1tky)<\/td>\n<td>\u0160patn\u00fd (v\u00edce ne\u010distot)<\/td>\n<\/tr>\n<tr>\n<td>Zku\u0161enosti<\/td>\n<td>Euforick\u00fd, dlouhotrvaj\u00edc\u00ed<\/td>\n<td>Vyv\u00e1\u017een\u00fd, m\u00edrn\u00fd<\/td>\n<td>M\u00edrn\u00fd, kr\u00e1tkodob\u00fd<\/td>\n<\/tr>\n<\/tbody>\n<\/table>\n<h2>Z\u00e1v\u011br<\/h2>\n<p>Pro ty, kte\u0159\u00ed cht\u011bj\u00ed <b>koupit Polar Bear Hash na prodej<\/b>, Chemsfine nab\u00edz\u00ed jedine\u010dnou zku\u0161enost, kter\u00e1 je zalo\u017eena na kvalit\u011b, rozmanitosti a spokojenosti z\u00e1kazn\u00edk\u016f. Na\u0161e odhodl\u00e1n\u00ed poskytovat ty nejlep\u0161\u00ed <b>pr\u00e9miov\u00fd hash<\/b>, spolu s na\u0161\u00edm z\u00e1vazkem bezpe\u010dn\u00fdch transakc\u00ed a spolehliv\u00e9ho doru\u010den\u00ed z n\u00e1s d\u011bl\u00e1 nejlep\u0161\u00ed volbu pro va\u0161e pot\u0159eby v oblasti koncentr\u00e1t\u016f. S <b>v\u00edce ne\u017e 80 druh\u016f ha\u0161i\u0161e<\/b> z \u010deho vyb\u00edrat, spolu s pohodln\u00fdm nakupov\u00e1n\u00edm online a bezplatnou dopravou na zp\u016fsobil\u00e9 objedn\u00e1vky, nikdy nebyla lep\u0161\u00ed doba pro prozkoum\u00e1n\u00ed na\u0161\u00ed nab\u00eddky. Zlep\u0161ete sv\u016fj z\u00e1\u017eitek s <b>Autentick\u00fd ledn\u00ed medv\u011bd Hash<\/b> a poznejte rozd\u00edl, kter\u00fd p\u0159in\u00e1\u0161\u00ed skute\u010dn\u00e1 kvalita. Nav\u0161tivte Chemsfine je\u0161t\u011b dnes a vydejte se na cestu v\u00fdjime\u010dn\u00fdch konopn\u00fdch koncentr\u00e1t\u016f, za kter\u00fdmi stoj\u00ed d\u016fv\u011bra a dokonalost.<\/p>","protected":false},"excerpt":{"rendered":"<p>Za\u017eijte bohatou kvalitu <b>Pol\u00e1rn\u00ed medv\u011bd Hash<\/b>. Tento pr\u00e9miov\u00fd koncentr\u00e1t nab\u00edz\u00ed v\u00fdjime\u010dnou s\u00edlu a chu\u0165. Kdy\u017e hled\u00e1te nejlep\u0161\u00ed <b>Pol\u00e1rn\u00ed medv\u011bd Hash<\/b> k dispozici, nakupujte u spole\u010dnosti Chemsfine a z\u00edskejte spolehliv\u00fd a vysoce kvalitn\u00ed v\u00fdb\u011br produkt\u016f.<\/p>","protected":false},"featured_media":6710,"comment_status":"open","ping_status":"closed","template":"","meta":{"_joinchat":[]},"product_brand":[],"product_cat":[942],"product_tag":[],"class_list":{"0":"post-6657","1":"product","2":"type-product","3":"status-publish","4":"has-post-thumbnail","6":"product_cat-hashish","8":"first","9":"instock","10":"shipping-taxable","11":"purchasable","12":"product-type-variable"},"yoast_head":"<!-- This site is optimized with the Yoast SEO plugin v27.2 - https:\/\/yoast.com\/product\/yoast-seo-wordpress\/ -->\n<title>Buy Polar Bear Hash Online | Best Prices Available at Chemsfine<\/title>\n<meta name=\"description\" content=\"Discover Polar Bear Hash online at Chemsfine. Buy premium, high-quality hash with over 80 varieties available. Order now for the best selection &amp; secure purchase.\" \/>\n<meta name=\"robots\" content=\"index, follow, max-snippet:-1, max-image-preview:large, max-video-preview:-1\" \/>\n<link rel=\"canonical\" href=\"https:\/\/chemsfine.com\/cs\/produkt\/buy-polar-bear-hash\/\" \/>\n<meta property=\"og:locale\" content=\"cs_CZ\" \/>\n<meta property=\"og:type\" content=\"article\" \/>\n<meta property=\"og:title\" content=\"Buy Polar Bear Hash Online | Best Prices Available at Chemsfine\" \/>\n<meta property=\"og:description\" content=\"Discover Polar Bear Hash online at Chemsfine. Buy premium, high-quality hash with over 80 varieties available. Order now for the best selection &amp; secure purchase.\" \/>\n<meta property=\"og:url\" content=\"https:\/\/chemsfine.com\/cs\/produkt\/buy-polar-bear-hash\/\" \/>\n<meta property=\"og:site_name\" content=\"Chemsfine\" \/>\n<meta property=\"article:modified_time\" content=\"2026-03-25T12:32:34+00:00\" \/>\n<meta property=\"og:image\" content=\"https:\/\/chemsfine.com\/wp-content\/uploads\/2026\/02\/polar-bear-hash-online-dispensary-canada-bulk-buddy-weed-1.jpg\" \/>\n\t<meta property=\"og:image:width\" content=\"1024\" \/>\n\t<meta property=\"og:image:height\" content=\"1024\" \/>\n\t<meta property=\"og:image:type\" content=\"image\/jpeg\" \/>\n<meta name=\"twitter:card\" content=\"summary_large_image\" \/>\n<meta name=\"twitter:label1\" content=\"Odhadovan\u00e1 doba \u010dten\u00ed\" \/>\n\t<meta name=\"twitter:data1\" content=\"6 minut\" \/>\n<script type=\"application\/ld+json\" class=\"yoast-schema-graph\">{\"@context\":\"https:\/\/schema.org\",\"@graph\":[{\"@type\":\"WebPage\",\"@id\":\"https:\/\/chemsfine.com\/product\/buy-polar-bear-hash\/\",\"url\":\"https:\/\/chemsfine.com\/product\/buy-polar-bear-hash\/\",\"name\":\"Buy Polar Bear Hash Online | Best Prices Available at Chemsfine\",\"isPartOf\":{\"@id\":\"https:\/\/chemsfine.com\/#website\"},\"primaryImageOfPage\":{\"@id\":\"https:\/\/chemsfine.com\/product\/buy-polar-bear-hash\/#primaryimage\"},\"image\":{\"@id\":\"https:\/\/chemsfine.com\/product\/buy-polar-bear-hash\/#primaryimage\"},\"thumbnailUrl\":\"https:\/\/chemsfine.com\/wp-content\/uploads\/2026\/02\/polar-bear-hash-online-dispensary-canada-bulk-buddy-weed-1.jpg\",\"datePublished\":\"2026-02-12T10:09:45+00:00\",\"dateModified\":\"2026-03-25T12:32:34+00:00\",\"description\":\"Discover Polar Bear Hash online at Chemsfine. Buy premium, high-quality hash with over 80 varieties available. Order now for the best selection &amp; secure purchase.\",\"breadcrumb\":{\"@id\":\"https:\/\/chemsfine.com\/product\/buy-polar-bear-hash\/#breadcrumb\"},\"inLanguage\":\"cs\",\"potentialAction\":[{\"@type\":\"ReadAction\",\"target\":[\"https:\/\/chemsfine.com\/product\/buy-polar-bear-hash\/\"]}]},{\"@type\":\"ImageObject\",\"inLanguage\":\"cs\",\"@id\":\"https:\/\/chemsfine.com\/product\/buy-polar-bear-hash\/#primaryimage\",\"url\":\"https:\/\/chemsfine.com\/wp-content\/uploads\/2026\/02\/polar-bear-hash-online-dispensary-canada-bulk-buddy-weed-1.jpg\",\"contentUrl\":\"https:\/\/chemsfine.com\/wp-content\/uploads\/2026\/02\/polar-bear-hash-online-dispensary-canada-bulk-buddy-weed-1.jpg\",\"width\":1024,\"height\":1024},{\"@type\":\"BreadcrumbList\",\"@id\":\"https:\/\/chemsfine.com\/product\/buy-polar-bear-hash\/#breadcrumb\",\"itemListElement\":[{\"@type\":\"ListItem\",\"position\":1,\"name\":\"Home\",\"item\":\"https:\/\/chemsfine.com\/\"},{\"@type\":\"ListItem\",\"position\":2,\"name\":\"Shop\",\"item\":\"https:\/\/chemsfine.com\/shop\/\"},{\"@type\":\"ListItem\",\"position\":3,\"name\":\"Buy Polar Bear Hash Online | Premium Hash &amp; Concentrates\"}]},{\"@type\":\"WebSite\",\"@id\":\"https:\/\/chemsfine.com\/#website\",\"url\":\"https:\/\/chemsfine.com\/\",\"name\":\"Chemsfine\",\"description\":\"My WordPress Blog\",\"publisher\":{\"@id\":\"https:\/\/chemsfine.com\/#organization\"},\"potentialAction\":[{\"@type\":\"SearchAction\",\"target\":{\"@type\":\"EntryPoint\",\"urlTemplate\":\"https:\/\/chemsfine.com\/?s={search_term_string}\"},\"query-input\":{\"@type\":\"PropertyValueSpecification\",\"valueRequired\":true,\"valueName\":\"search_term_string\"}}],\"inLanguage\":\"cs\"},{\"@type\":\"Organization\",\"@id\":\"https:\/\/chemsfine.com\/#organization\",\"name\":\"Chemsfine\",\"url\":\"https:\/\/chemsfine.com\/\",\"logo\":{\"@type\":\"ImageObject\",\"inLanguage\":\"cs\",\"@id\":\"https:\/\/chemsfine.com\/#\/schema\/logo\/image\/\",\"url\":\"https:\/\/chemsfine.com\/wp-content\/uploads\/2024\/09\/final-logo.png\",\"contentUrl\":\"https:\/\/chemsfine.com\/wp-content\/uploads\/2024\/09\/final-logo.png\",\"width\":340,\"height\":72,\"caption\":\"Chemsfine\"},\"image\":{\"@id\":\"https:\/\/chemsfine.com\/#\/schema\/logo\/image\/\"}}]}<\/script>\n<!-- \/ Yoast SEO plugin. -->","yoast_head_json":{"title":"Koupit Polar Bear Hash Online | Nejlep\u0161\u00ed ceny jsou k dispozici na Chemsfine","description":"Objevte Polar Bear Hash online na Chemsfine. Kupte si prvot\u0159\u00eddn\u00ed, vysoce kvalitn\u00ed ha\u0161i\u0161 s v\u00edce ne\u017e 80 dostupn\u00fdmi druhy. Objednejte si nyn\u00ed pro nejlep\u0161\u00ed v\u00fdb\u011br a bezpe\u010dn\u00fd n\u00e1kup.","robots":{"index":"index","follow":"follow","max-snippet":"max-snippet:-1","max-image-preview":"max-image-preview:large","max-video-preview":"max-video-preview:-1"},"canonical":"https:\/\/chemsfine.com\/cs\/produkt\/buy-polar-bear-hash\/","og_locale":"cs_CZ","og_type":"article","og_title":"Buy Polar Bear Hash Online | Best Prices Available at Chemsfine","og_description":"Discover Polar Bear Hash online at Chemsfine. Buy premium, high-quality hash with over 80 varieties available. Order now for the best selection &amp; secure purchase.","og_url":"https:\/\/chemsfine.com\/cs\/produkt\/buy-polar-bear-hash\/","og_site_name":"Chemsfine","article_modified_time":"2026-03-25T12:32:34+00:00","og_image":[{"width":1024,"height":1024,"url":"https:\/\/chemsfine.com\/wp-content\/uploads\/2026\/02\/polar-bear-hash-online-dispensary-canada-bulk-buddy-weed-1.jpg","type":"image\/jpeg"}],"twitter_card":"summary_large_image","twitter_misc":{"Odhadovan\u00e1 doba \u010dten\u00ed":"6 minut"},"schema":{"@context":"https:\/\/schema.org","@graph":[{"@type":"WebPage","@id":"https:\/\/chemsfine.com\/product\/buy-polar-bear-hash\/","url":"https:\/\/chemsfine.com\/product\/buy-polar-bear-hash\/","name":"Koupit Polar Bear Hash Online | Nejlep\u0161\u00ed ceny jsou k dispozici na Chemsfine","isPartOf":{"@id":"https:\/\/chemsfine.com\/#website"},"primaryImageOfPage":{"@id":"https:\/\/chemsfine.com\/product\/buy-polar-bear-hash\/#primaryimage"},"image":{"@id":"https:\/\/chemsfine.com\/product\/buy-polar-bear-hash\/#primaryimage"},"thumbnailUrl":"https:\/\/chemsfine.com\/wp-content\/uploads\/2026\/02\/polar-bear-hash-online-dispensary-canada-bulk-buddy-weed-1.jpg","datePublished":"2026-02-12T10:09:45+00:00","dateModified":"2026-03-25T12:32:34+00:00","description":"Objevte Polar Bear Hash online na Chemsfine. Kupte si prvot\u0159\u00eddn\u00ed, vysoce kvalitn\u00ed ha\u0161i\u0161 s v\u00edce ne\u017e 80 dostupn\u00fdmi druhy. Objednejte si nyn\u00ed pro nejlep\u0161\u00ed v\u00fdb\u011br a bezpe\u010dn\u00fd n\u00e1kup.","breadcrumb":{"@id":"https:\/\/chemsfine.com\/product\/buy-polar-bear-hash\/#breadcrumb"},"inLanguage":"cs","potentialAction":[{"@type":"ReadAction","target":["https:\/\/chemsfine.com\/product\/buy-polar-bear-hash\/"]}]},{"@type":"ImageObject","inLanguage":"cs","@id":"https:\/\/chemsfine.com\/product\/buy-polar-bear-hash\/#primaryimage","url":"https:\/\/chemsfine.com\/wp-content\/uploads\/2026\/02\/polar-bear-hash-online-dispensary-canada-bulk-buddy-weed-1.jpg","contentUrl":"https:\/\/chemsfine.com\/wp-content\/uploads\/2026\/02\/polar-bear-hash-online-dispensary-canada-bulk-buddy-weed-1.jpg","width":1024,"height":1024},{"@type":"BreadcrumbList","@id":"https:\/\/chemsfine.com\/product\/buy-polar-bear-hash\/#breadcrumb","itemListElement":[{"@type":"ListItem","position":1,"name":"Home","item":"https:\/\/chemsfine.com\/"},{"@type":"ListItem","position":2,"name":"Shop","item":"https:\/\/chemsfine.com\/shop\/"},{"@type":"ListItem","position":3,"name":"Buy Polar Bear Hash Online | Premium Hash &amp; Concentrates"}]},{"@type":"WebSite","@id":"https:\/\/chemsfine.com\/#website","url":"https:\/\/chemsfine.com\/","name":"Chemsfine","description":"M\u016fj blog WordPress","publisher":{"@id":"https:\/\/chemsfine.com\/#organization"},"potentialAction":[{"@type":"SearchAction","target":{"@type":"EntryPoint","urlTemplate":"https:\/\/chemsfine.com\/?s={search_term_string}"},"query-input":{"@type":"PropertyValueSpecification","valueRequired":true,"valueName":"search_term_string"}}],"inLanguage":"cs"},{"@type":"Organization","@id":"https:\/\/chemsfine.com\/#organization","name":"Chemsfine","url":"https:\/\/chemsfine.com\/","logo":{"@type":"ImageObject","inLanguage":"cs","@id":"https:\/\/chemsfine.com\/#\/schema\/logo\/image\/","url":"https:\/\/chemsfine.com\/wp-content\/uploads\/2024\/09\/final-logo.png","contentUrl":"https:\/\/chemsfine.com\/wp-content\/uploads\/2024\/09\/final-logo.png","width":340,"height":72,"caption":"Chemsfine"},"image":{"@id":"https:\/\/chemsfine.com\/#\/schema\/logo\/image\/"}}]}},"_links":{"self":[{"href":"https:\/\/chemsfine.com\/cs\/wp-json\/wp\/v2\/product\/6657","targetHints":{"allow":["GET"]}}],"collection":[{"href":"https:\/\/chemsfine.com\/cs\/wp-json\/wp\/v2\/product"}],"about":[{"href":"https:\/\/chemsfine.com\/cs\/wp-json\/wp\/v2\/types\/product"}],"replies":[{"embeddable":true,"href":"https:\/\/chemsfine.com\/cs\/wp-json\/wp\/v2\/comments?post=6657"}],"wp:featuredmedia":[{"embeddable":true,"href":"https:\/\/chemsfine.com\/cs\/wp-json\/wp\/v2\/media\/6710"}],"wp:attachment":[{"href":"https:\/\/chemsfine.com\/cs\/wp-json\/wp\/v2\/media?parent=6657"}],"wp:term":[{"taxonomy":"product_brand","embeddable":true,"href":"https:\/\/chemsfine.com\/cs\/wp-json\/wp\/v2\/product_brand?post=6657"},{"taxonomy":"product_cat","embeddable":true,"href":"https:\/\/chemsfine.com\/cs\/wp-json\/wp\/v2\/product_cat?post=6657"},{"taxonomy":"product_tag","embeddable":true,"href":"https:\/\/chemsfine.com\/cs\/wp-json\/wp\/v2\/product_tag?post=6657"}],"curies":[{"name":"wp","href":"https:\/\/api.w.org\/{rel}","templated":true}]}}