{"id":6659,"date":"2026-02-12T10:09:45","date_gmt":"2026-02-12T10:09:45","guid":{"rendered":"https:\/\/chemsfine.com\/?post_type=product&#038;p=6659"},"modified":"2026-03-25T12:31:47","modified_gmt":"2026-03-25T12:31:47","slug":"buy-malana-elephant-hash","status":"publish","type":"product","link":"https:\/\/chemsfine.com\/cs\/product\/buy-malana-elephant-hash\/","title":{"rendered":"Koupit Malana Elephant Hash online | Online l\u00e9k\u00e1rna Chemsfine"},"content":{"rendered":"<p>A\u017e budete p\u0159ipraveni <b>Koupit Malana Hash na prodej<\/b>, Chemsfine je va\u0161\u00edm d\u016fv\u011bryhodn\u00fdm zdrojem jedine\u010dn\u00e9ho z\u00e1\u017eitku z konopn\u00e9ho koncentr\u00e1tu. Nejedn\u00e1 se o ledajak\u00fd ha\u0161i\u0161, ale o legend\u00e1rn\u00ed import, kter\u00fd m\u00e1 bohatou historii a je uct\u00edv\u00e1n pro sv\u00e9 charakteristick\u00e9 vlastnosti. P\u0159ipravte se na pono\u0159en\u00ed do bohat\u00e9ho odkazu tohoto starobyl\u00e9ho koncentr\u00e1tu, pe\u010dliv\u011b z\u00edsk\u00e1van\u00e9ho pro zaji\u0161t\u011bn\u00ed autentick\u00e9ho a siln\u00e9ho setk\u00e1n\u00ed.<\/p>\n<h2>Co je Malana Elephant Hash?<\/h2>\n<p>Malana Elephant Hash je legend\u00e1rn\u00ed ha\u0161i\u0161 z dovozu, kter\u00fd poch\u00e1z\u00ed ze starobyl\u00e9 vesnice Malana, je\u017e se nach\u00e1z\u00ed v oblasti proslul\u00e9 jako tradi\u010dn\u00ed centrum v\u00fdroby prvot\u0159\u00eddn\u00edho ha\u0161i\u0161e. V podstat\u011b ka\u017ed\u00fd pozoruhodn\u00fd konopn\u00fd produkt z tohoto mal\u00e9ho, specifick\u00e9ho regionu nese jedine\u010dn\u00e9 d\u011bdictv\u00ed. To, co \u010din\u00ed tento jedine\u010dn\u00fd Malana Elephant Hash skute\u010dn\u011b v\u00fdjime\u010dn\u00fdm, za\u010d\u00edn\u00e1 u v\u00fdchoz\u00edho produktu pou\u017eit\u00e9ho p\u0159i jeho v\u00fdrob\u011b. P\u016fvodn\u00ed landrace kmeny p\u011bstovan\u00e9 v Malan\u011b a okoln\u00edch \u00fadol\u00edch jsou proslul\u00e9 sv\u00fdm p\u0159irozen\u011b vysok\u00fdm obsahem THC a bohat\u00fdmi prysky\u0159i\u010dn\u00fdmi \u017el\u00e1zami.<\/p>\n<p>Odborn\u00ed p\u011bstitel\u00e9, kte\u0159\u00ed stoj\u00ed za t\u00edmto vynikaj\u00edc\u00edm produktem, pou\u017e\u00edvaj\u00ed tradi\u010dn\u00ed metodu a pou\u017e\u00edvaj\u00ed \u010derstv\u00e9 nebo \u017eiv\u00e9 rostliny konop\u00ed nam\u00edsto lisov\u00e1n\u00ed ha\u0161i\u0161e ze su\u0161en\u00e9ho nebo su\u0161en\u00e9ho materi\u00e1lu. Tento pe\u010dliv\u00fd p\u0159\u00edstup je z\u00e1sadn\u00ed, proto\u017ee jeho v\u00fdsledkem je v\u00fdrazn\u011b aromati\u010dt\u011bj\u0161\u00ed a chu\u0165ov\u011b v\u00fdrazn\u011bj\u0161\u00ed kou\u0159, kter\u00fd definuje charakteristick\u00fd z\u00e1\u017eitek z Malana Elephant Hash. Ha\u0161i\u0161 s\u00e1m o sob\u011b p\u0159edstavuje sladkou, peprnou a d\u0159evitou esenci spolu s jedine\u010dnou gumovitou konzistenc\u00ed, co\u017e z n\u011bj \u010din\u00ed snadnou volbu pro n\u00e1ro\u010dn\u00e9 znalce, kte\u0159\u00ed hledaj\u00ed. <b>\u0160pi\u010dkov\u00e1 kvalita Malana Hash<\/b>. Hash, nebo <b>Ha\u0161i\u0161<\/b>, je koncentr\u00e1t vyroben\u00fd z prysky\u0159ice rostliny konop\u00ed. Konzumuje se vdechov\u00e1n\u00edm z mal\u00e9ho kousku, obvykle v d\u00fdmce, bongu, vaporiz\u00e9ru nebo jointu, nebo or\u00e1ln\u00edm po\u017eit\u00edm (po dekarboxylaci). Proto\u017ee \u010dist\u00fd ha\u0161i\u0161 p\u0159i samotn\u00e9m ubalen\u00ed v jointu neho\u0159\u00ed, m\u00edch\u00e1 se pro tento zp\u016fsob konzumace obvykle s rostlinn\u00fdm konop\u00edm, tab\u00e1kem nebo jin\u00fdm druhem byliny.<\/p>\n<h2>Pro\u010d koupit Malana Elephant Hash online od Chemsfine?<\/h2>\n<p>V\u00fdb\u011br m\u00edsta n\u00e1kupu koncentr\u00e1t\u016f je stejn\u011b d\u016fle\u017eit\u00fd jako samotn\u00fd produkt. Ve spole\u010dnosti Chemsfine jsme hrd\u00ed na to, \u017ee dod\u00e1v\u00e1me pouze ty nejlep\u0161\u00ed produkty. <b>Nejlep\u0161\u00ed dostupn\u00fd Malana Hash<\/b>. D\u00edky na\u0161emu z\u00e1vazku ke kvalit\u011b je ka\u017ed\u00e1 \u0161ar\u017ee pe\u010dliv\u011b vyb\u00edr\u00e1na, co\u017e zaru\u010duje, \u017ee obdr\u017e\u00edte autentick\u00fd a vynikaj\u00edc\u00ed koncentr\u00e1t. Ch\u00e1peme popt\u00e1vku po prav\u00fdch produktech s vysokou \u00fa\u010dinnost\u00ed, a proto n\u00e1\u0161 Malana Elephant Hash proch\u00e1z\u00ed p\u0159\u00edsn\u00fdmi v\u00fdb\u011brov\u00fdmi procesy, aby spl\u0148oval na\u0161e n\u00e1ro\u010dn\u00e9 standardy. Kdy\u017e si <b>koupit u Chemsfine<\/b>, investujete do spolehlivosti a dokonalosti.<\/p>\n<p>Sna\u017e\u00edme se poskytovat v\u00fdrobky, kter\u00e9 zt\u011bles\u0148uj\u00ed <b>Vysok\u00e1 \u010distota na prodej<\/b>, a nab\u00edz\u00ed tak na\u0161im z\u00e1kazn\u00edk\u016fm jistotu p\u0159i ka\u017ed\u00e9m n\u00e1kupu. Poznejte rozd\u00edl, kter\u00fd p\u0159in\u00e1\u0161\u00ed d\u016fv\u011bryhodn\u00fd dodavatel, jen\u017e si cen\u00ed integrity v\u00fdrobk\u016f i spokojenosti z\u00e1kazn\u00edk\u016f. Prozkoumejte n\u00e1\u0161 sortiment <a href=\"https:\/\/chemsfine.com\/cs\/produkt\/koupit-gbl-gama-butyrolakton-tekuty\/\">vysoce kvalitn\u00ed v\u00fdrobky<\/a> a naj\u00edt koncentr\u00e1ty, kter\u00e9 p\u0159ed\u010d\u00ed o\u010dek\u00e1v\u00e1n\u00ed.<\/p>\n<h2>Uvoln\u011bn\u00ed z\u00e1\u017eitku: Aplikace a spot\u0159eba<\/h2>\n<p>V\u0161estrannost t\u00e9to autentick\u00e9 slon\u00ed ka\u0161e Malana Elephant Hash ji \u010din\u00ed p\u0159\u00edjemnou ke konzumaci. Pokud ji trochu proh\u0159ejete, stane se poddajn\u011bj\u0161\u00ed a snadn\u011bji se s n\u00ed pracuje a dokonale se p\u0159izp\u016fsob\u00ed va\u0161emu obl\u00edben\u00e9mu zp\u016fsobu. Jednodu\u0161e si ho nasypte do misky, srolujte do jointa nebo si ho vychutnejte tradi\u010dn\u011b s vodn\u00ed d\u00fdmkou a iniciujte tak relaxa\u010dn\u00ed z\u00e1\u017eitek. D\u00edky sv\u00e9 jedine\u010dn\u00e9 konzistenci a bohat\u00e9mu aroma je obl\u00edben\u00fd mezi t\u011bmi, kte\u0159\u00ed oce\u0148uj\u00ed klasick\u00fd ha\u0161i\u0161.<\/p>\n<p>Existuje n\u011bkolik popul\u00e1rn\u00edch a \u00fa\u010dinn\u00fdch zp\u016fsob\u016f, jak lze tento v\u00fdjime\u010dn\u00fd produkt konzumovat:<\/p>\n<ul>\n<li><b>Rozdr\u0165te a nasypte do kloubu:<\/b> Obl\u00edben\u00e1 a jednoduch\u00e1 metoda, jak vylep\u0161it kv\u011bt konop\u00ed.<\/li>\n<li><b>Kou\u0159te z d\u00fdmky\/d\u00fdmky\/vodn\u00ed d\u00fdmky:<\/b> Ide\u00e1ln\u00ed pro p\u0159\u00edm\u00e9, siln\u00e9 \u0161luky a vychutn\u00e1v\u00e1n\u00ed cel\u00e9ho chu\u0165ov\u00e9ho profilu.<\/li>\n<li><b>Kou\u0159 pomoc\u00ed jednohlav\u0148ov\u00e9 h\u016flky:<\/b> Ide\u00e1ln\u00ed pro diskr\u00e9tn\u00ed, odm\u011b\u0159en\u00e9 d\u00e1vky b\u011bhem dne.<\/li>\n<\/ul>\n<p>Podrobn\u00fd p\u0159ehled jeho vlastnost\u00ed a p\u0159ipravenosti ke spot\u0159eb\u011b naleznete v tabulce n\u00ed\u017ee:<\/p>\n<table>\n<thead>\n<tr>\n<th>Funkce<\/th>\n<th>Popis\/v\u00fdhody<\/th>\n<\/tr>\n<\/thead>\n<tbody>\n<tr>\n<td>P\u016fvod<\/td>\n<td>Starobyl\u00e1 vesnice Malana, proslul\u00e1 tradi\u010dn\u00ed v\u00fdrobou ha\u0161i\u0161e<\/td>\n<\/tr>\n<tr>\n<td>Metoda extrakce<\/td>\n<td>\u010cerstv\u00e1\/\u017eiv\u00e1 rostlina - lep\u0161\u00ed aroma a chu\u0165<\/td>\n<\/tr>\n<tr>\n<td>Konzistence<\/td>\n<td>Gumovit\u00fd - teplem se st\u00e1v\u00e1 poddajn\u00fdm, snadno se s n\u00edm pracuje<\/td>\n<\/tr>\n<tr>\n<td>V\u016fn\u011b a chu\u0165<\/td>\n<td>Sladk\u00fd, peprn\u00fd, d\u0159evit\u00fd - skute\u010dn\u011b osobit\u00fd profil<\/td>\n<\/tr>\n<tr>\n<td>Potence<\/td>\n<td>Poch\u00e1z\u00ed z krajov\u00fdch odr\u016fd s vysok\u00fdm obsahem THC.<\/td>\n<\/tr>\n<\/tbody>\n<\/table>\n<h2>Zaji\u0161t\u011bn\u00ed kvality a bezpe\u010dn\u00e9ho n\u00e1kupu<\/h2>\n<p>Ve spole\u010dnosti Chemsfine je pro n\u00e1s prioritou va\u0161e d\u016fv\u011bra a bezpe\u010dnost. Ka\u017ed\u00fd v\u00fdrobek, v\u010detn\u011b na\u0161eho <b>Autentick\u00e1 Malana Hash<\/b>, je z\u00edsk\u00e1v\u00e1n s pe\u010dlivou pozornost\u00ed k detail\u016fm, co\u017e zaru\u010duje, \u017ee spl\u0148uje nejvy\u0161\u0161\u00ed standardy kvality. Usilujeme o bezprobl\u00e9mov\u00e9 a <b>Bezpe\u010dn\u00fd n\u00e1kup<\/b> od prohl\u00ed\u017een\u00ed na\u0161\u00ed nab\u00eddky a\u017e po kone\u010dn\u00e9 doru\u010den\u00ed. N\u00e1\u0161 z\u00e1vazek se vztahuje i na udr\u017eov\u00e1n\u00ed produkt\u016f, kter\u00e9 odpov\u00eddaj\u00ed o\u010dek\u00e1v\u00e1n\u00edm ohledn\u011b \u010distoty a v\u00fdkonu, co\u017e z n\u00e1s \u010din\u00ed spolehlivou online destinaci pro koncentr\u00e1ty.<\/p>\n<p>A\u010dkoli tento v\u00fdrobek nen\u00ed klasifikov\u00e1n jako <b>Laboratorn\u00ed stupe\u0148 na prodej<\/b> v tradi\u010dn\u00edm smyslu, tradi\u010dn\u00ed zp\u016fsoby sklizn\u011b a zpracov\u00e1n\u00ed p\u0159isp\u00edvaj\u00ed k jeho jedine\u010dn\u00fdm a velmi \u017e\u00e1dan\u00fdm vlastnostem. V\u011b\u0159\u00edme v transparentnost a nab\u00edz\u00edme pouze produkty, jejich\u017e p\u016fvod a kvalita byly ov\u011b\u0159eny. Prozkoumejte na\u0161e <a href=\"https:\/\/chemsfine.com\/cs\/produkt\/buy-diphenidine-online\/\">rozmanit\u00fd sortiment<\/a> pr\u00e9miov\u00fdch nab\u00eddek.<\/p>\n<h2>Pro\u010d si vybrat Chemsfine pro sv\u016fj pr\u00e9miov\u00fd ha\u0161i\u0161?<\/h2>\n<p>Kdy\u017e se rozhodnete <b>Order Malana Hash Online<\/b>, hled\u00e1te v\u00edc ne\u017e jen produkt, hled\u00e1te spolehliv\u00e9ho partnera. Spole\u010dnost Chemsfine se vyzna\u010duje transparentn\u00edmi \u00fadaji o v\u00fdrobku, d\u00edky nim\u017e p\u0159esn\u011b v\u00edte, co dost\u00e1v\u00e1te. Nab\u00edz\u00edme konkurenceschopn\u00e9 ceny, d\u00edky nim\u017e jsou pr\u00e9miov\u00e9 koncentr\u00e1ty dostupn\u00e9 bez kompromis\u016f v kvalit\u011b. Krom\u011b toho poskytujeme r\u016fzn\u00e9 druhy ha\u0161i\u0161e, v\u010detn\u011b m\u00edstn\u00edch a dov\u00e1\u017een\u00fdch v\u00fdb\u011br\u016f, \u010d\u00edm\u017e vych\u00e1z\u00edme vst\u0159\u00edc r\u016fzn\u00fdm preferenc\u00edm. Mnoho z\u00e1kazn\u00edk\u016f vyu\u017e\u00edv\u00e1 v\u00fdhodu DOPRAVY ZDARMA p\u0159i objedn\u00e1vce nad $100, co\u017e je\u0161t\u011b zvy\u0161uje hodnotu va\u0161eho n\u00e1kupu.<\/p>\n<p>Usnad\u0148ujeme <b>Koupit nyn\u00ed online<\/b> s u\u017eivatelsky p\u0159\u00edv\u011btivou platformou a specializovanou z\u00e1kaznickou podporou. Na\u0161\u00edm c\u00edlem je, aby va\u0161e zku\u0161enosti byly co nejp\u0159\u00edjemn\u011bj\u0161\u00ed a nejjednodu\u0161\u0161\u00ed, a upevnit tak na\u0161i pov\u011bst d\u016fv\u011bryhodn\u00e9ho online v\u00fddejn\u00edho m\u00edsta pr\u00e9miov\u00e9ho ha\u0161i\u0161e a koncentr\u00e1t\u016f.<\/p>\n<h2>Z\u00e1v\u011br: V\u00e1\u0161 pr\u00e9miov\u00fd ha\u0161i\u0161 \u010dek\u00e1<\/h2>\n<p>Cesta za objevov\u00e1n\u00edm v\u00fdjime\u010dn\u00fdch koncentr\u00e1t\u016f vrchol\u00ed k\u00e1vou Malana Elephant Hash. D\u00edky bohat\u00e9mu d\u011bdictv\u00ed, jedine\u010dn\u00e9mu aromatick\u00e9mu profilu a siln\u00fdm \u00fa\u010dink\u016fm je pro nad\u0161ence nezbytnost\u00ed. Kdy\u017e se rozhodnete <b>Koupit Malana Hash na prodej<\/b> u spole\u010dnosti Chemsfine si vyb\u00edr\u00e1te produkt, kter\u00fd spl\u0148uje sv\u016fj slib kvality, autenticity a skute\u010dn\u011b pozoruhodn\u00e9ho z\u00e1\u017eitku. Nenechte si uj\u00edt p\u0159\u00edle\u017eitost p\u0159idat tento legend\u00e1rn\u00ed ha\u0161i\u0161 do sv\u00e9 sb\u00edrky a p\u0159ipravte se na relaxaci!<\/p>","protected":false},"excerpt":{"rendered":"<p>Zku\u0161enosti <b>Malana Elephant Hash<\/b>, pr\u00e9miov\u00fd dovozov\u00fd koncentr\u00e1t vyroben\u00fd z krajov\u00fdch odr\u016fd s vysok\u00fdm obsahem THC pomoc\u00ed extrakce z \u010derstv\u00fdch rostlin. Je zn\u00e1m\u00fd svou sladkou, peprnou, d\u0159evitou esenc\u00ed a gumovitou konzistenc\u00ed a nab\u00edz\u00ed aromatick\u00e9 a chu\u0165ov\u011b v\u00fdrazn\u00e9 kou\u0159en\u00ed. <b>Koupit Malana Hash<\/b> v Chemsfine a za\u017eijte autentick\u00fd a siln\u00fd z\u00e1\u017eitek.<\/p>","protected":false},"featured_media":6712,"comment_status":"open","ping_status":"closed","template":"","meta":{"_joinchat":[]},"product_brand":[],"product_cat":[942],"product_tag":[],"class_list":{"0":"post-6659","1":"product","2":"type-product","3":"status-publish","4":"has-post-thumbnail","6":"product_cat-hashish","8":"first","9":"instock","10":"shipping-taxable","11":"purchasable","12":"product-type-variable"},"yoast_head":"<!-- This site is optimized with the Yoast SEO plugin v27.2 - https:\/\/yoast.com\/product\/yoast-seo-wordpress\/ -->\n<title>Buy Malana Elephant Hash Online | Premium Hashish For Sale<\/title>\n<meta name=\"description\" content=\"Discover authentic Malana Elephant Hash for sale online at Chemsfine. Order high-quality Malana Hash with unique flavor and potent effects. Secure your premium concentrate today!\" \/>\n<meta name=\"robots\" content=\"index, follow, max-snippet:-1, max-image-preview:large, max-video-preview:-1\" \/>\n<link rel=\"canonical\" href=\"https:\/\/chemsfine.com\/cs\/produkt\/buy-malana-elephant-hash\/\" \/>\n<meta property=\"og:locale\" content=\"cs_CZ\" \/>\n<meta property=\"og:type\" content=\"article\" \/>\n<meta property=\"og:title\" content=\"Buy Malana Elephant Hash Online | Premium Hashish For Sale\" \/>\n<meta property=\"og:description\" content=\"Discover authentic Malana Elephant Hash for sale online at Chemsfine. Order high-quality Malana Hash with unique flavor and potent effects. Secure your premium concentrate today!\" \/>\n<meta property=\"og:url\" content=\"https:\/\/chemsfine.com\/cs\/produkt\/buy-malana-elephant-hash\/\" \/>\n<meta property=\"og:site_name\" content=\"Chemsfine\" \/>\n<meta property=\"article:modified_time\" content=\"2026-03-25T12:31:47+00:00\" \/>\n<meta property=\"og:image\" content=\"https:\/\/chemsfine.com\/wp-content\/uploads\/2026\/02\/buy-malana-elephant-hash-online-online-dispensary-canada-bulk-buddy-1.jpg\" \/>\n\t<meta property=\"og:image:width\" content=\"1600\" \/>\n\t<meta property=\"og:image:height\" content=\"1600\" \/>\n\t<meta property=\"og:image:type\" content=\"image\/jpeg\" \/>\n<meta name=\"twitter:card\" content=\"summary_large_image\" \/>\n<meta name=\"twitter:label1\" content=\"Odhadovan\u00e1 doba \u010dten\u00ed\" \/>\n\t<meta name=\"twitter:data1\" content=\"5 minut\" \/>\n<script type=\"application\/ld+json\" class=\"yoast-schema-graph\">{\"@context\":\"https:\/\/schema.org\",\"@graph\":[{\"@type\":\"WebPage\",\"@id\":\"https:\/\/chemsfine.com\/product\/buy-malana-elephant-hash\/\",\"url\":\"https:\/\/chemsfine.com\/product\/buy-malana-elephant-hash\/\",\"name\":\"Buy Malana Elephant Hash Online | Premium Hashish For Sale\",\"isPartOf\":{\"@id\":\"https:\/\/chemsfine.com\/#website\"},\"primaryImageOfPage\":{\"@id\":\"https:\/\/chemsfine.com\/product\/buy-malana-elephant-hash\/#primaryimage\"},\"image\":{\"@id\":\"https:\/\/chemsfine.com\/product\/buy-malana-elephant-hash\/#primaryimage\"},\"thumbnailUrl\":\"https:\/\/chemsfine.com\/wp-content\/uploads\/2026\/02\/buy-malana-elephant-hash-online-online-dispensary-canada-bulk-buddy-1.jpg\",\"datePublished\":\"2026-02-12T10:09:45+00:00\",\"dateModified\":\"2026-03-25T12:31:47+00:00\",\"description\":\"Discover authentic Malana Elephant Hash for sale online at Chemsfine. Order high-quality Malana Hash with unique flavor and potent effects. Secure your premium concentrate today!\",\"breadcrumb\":{\"@id\":\"https:\/\/chemsfine.com\/product\/buy-malana-elephant-hash\/#breadcrumb\"},\"inLanguage\":\"cs\",\"potentialAction\":[{\"@type\":\"ReadAction\",\"target\":[\"https:\/\/chemsfine.com\/product\/buy-malana-elephant-hash\/\"]}]},{\"@type\":\"ImageObject\",\"inLanguage\":\"cs\",\"@id\":\"https:\/\/chemsfine.com\/product\/buy-malana-elephant-hash\/#primaryimage\",\"url\":\"https:\/\/chemsfine.com\/wp-content\/uploads\/2026\/02\/buy-malana-elephant-hash-online-online-dispensary-canada-bulk-buddy-1.jpg\",\"contentUrl\":\"https:\/\/chemsfine.com\/wp-content\/uploads\/2026\/02\/buy-malana-elephant-hash-online-online-dispensary-canada-bulk-buddy-1.jpg\",\"width\":1600,\"height\":1600},{\"@type\":\"BreadcrumbList\",\"@id\":\"https:\/\/chemsfine.com\/product\/buy-malana-elephant-hash\/#breadcrumb\",\"itemListElement\":[{\"@type\":\"ListItem\",\"position\":1,\"name\":\"Home\",\"item\":\"https:\/\/chemsfine.com\/\"},{\"@type\":\"ListItem\",\"position\":2,\"name\":\"Shop\",\"item\":\"https:\/\/chemsfine.com\/shop\/\"},{\"@type\":\"ListItem\",\"position\":3,\"name\":\"Buy Malana Elephant Hash Online | Online Dispensary Chemsfine\"}]},{\"@type\":\"WebSite\",\"@id\":\"https:\/\/chemsfine.com\/#website\",\"url\":\"https:\/\/chemsfine.com\/\",\"name\":\"Chemsfine\",\"description\":\"My WordPress Blog\",\"publisher\":{\"@id\":\"https:\/\/chemsfine.com\/#organization\"},\"potentialAction\":[{\"@type\":\"SearchAction\",\"target\":{\"@type\":\"EntryPoint\",\"urlTemplate\":\"https:\/\/chemsfine.com\/?s={search_term_string}\"},\"query-input\":{\"@type\":\"PropertyValueSpecification\",\"valueRequired\":true,\"valueName\":\"search_term_string\"}}],\"inLanguage\":\"cs\"},{\"@type\":\"Organization\",\"@id\":\"https:\/\/chemsfine.com\/#organization\",\"name\":\"Chemsfine\",\"url\":\"https:\/\/chemsfine.com\/\",\"logo\":{\"@type\":\"ImageObject\",\"inLanguage\":\"cs\",\"@id\":\"https:\/\/chemsfine.com\/#\/schema\/logo\/image\/\",\"url\":\"https:\/\/chemsfine.com\/wp-content\/uploads\/2024\/09\/final-logo.png\",\"contentUrl\":\"https:\/\/chemsfine.com\/wp-content\/uploads\/2024\/09\/final-logo.png\",\"width\":340,\"height\":72,\"caption\":\"Chemsfine\"},\"image\":{\"@id\":\"https:\/\/chemsfine.com\/#\/schema\/logo\/image\/\"}}]}<\/script>\n<!-- \/ Yoast SEO plugin. -->","yoast_head_json":{"title":"Koupit Malana Elephant Hash Online | Premium Hashish na prodej","description":"Objevte autentick\u00e9 Malana Elephant Hash na prodej online na Chemsfine. Objednejte si vysoce kvalitn\u00ed Malana Hash s jedine\u010dnou chut\u00ed a siln\u00fdmi \u00fa\u010dinky. Zajist\u011bte si pr\u00e9miov\u00fd koncentr\u00e1t je\u0161t\u011b dnes!","robots":{"index":"index","follow":"follow","max-snippet":"max-snippet:-1","max-image-preview":"max-image-preview:large","max-video-preview":"max-video-preview:-1"},"canonical":"https:\/\/chemsfine.com\/cs\/produkt\/buy-malana-elephant-hash\/","og_locale":"cs_CZ","og_type":"article","og_title":"Buy Malana Elephant Hash Online | Premium Hashish For Sale","og_description":"Discover authentic Malana Elephant Hash for sale online at Chemsfine. Order high-quality Malana Hash with unique flavor and potent effects. Secure your premium concentrate today!","og_url":"https:\/\/chemsfine.com\/cs\/produkt\/buy-malana-elephant-hash\/","og_site_name":"Chemsfine","article_modified_time":"2026-03-25T12:31:47+00:00","og_image":[{"width":1600,"height":1600,"url":"https:\/\/chemsfine.com\/wp-content\/uploads\/2026\/02\/buy-malana-elephant-hash-online-online-dispensary-canada-bulk-buddy-1.jpg","type":"image\/jpeg"}],"twitter_card":"summary_large_image","twitter_misc":{"Odhadovan\u00e1 doba \u010dten\u00ed":"5 minut"},"schema":{"@context":"https:\/\/schema.org","@graph":[{"@type":"WebPage","@id":"https:\/\/chemsfine.com\/product\/buy-malana-elephant-hash\/","url":"https:\/\/chemsfine.com\/product\/buy-malana-elephant-hash\/","name":"Koupit Malana Elephant Hash Online | Premium Hashish na prodej","isPartOf":{"@id":"https:\/\/chemsfine.com\/#website"},"primaryImageOfPage":{"@id":"https:\/\/chemsfine.com\/product\/buy-malana-elephant-hash\/#primaryimage"},"image":{"@id":"https:\/\/chemsfine.com\/product\/buy-malana-elephant-hash\/#primaryimage"},"thumbnailUrl":"https:\/\/chemsfine.com\/wp-content\/uploads\/2026\/02\/buy-malana-elephant-hash-online-online-dispensary-canada-bulk-buddy-1.jpg","datePublished":"2026-02-12T10:09:45+00:00","dateModified":"2026-03-25T12:31:47+00:00","description":"Objevte autentick\u00e9 Malana Elephant Hash na prodej online na Chemsfine. Objednejte si vysoce kvalitn\u00ed Malana Hash s jedine\u010dnou chut\u00ed a siln\u00fdmi \u00fa\u010dinky. Zajist\u011bte si pr\u00e9miov\u00fd koncentr\u00e1t je\u0161t\u011b dnes!","breadcrumb":{"@id":"https:\/\/chemsfine.com\/product\/buy-malana-elephant-hash\/#breadcrumb"},"inLanguage":"cs","potentialAction":[{"@type":"ReadAction","target":["https:\/\/chemsfine.com\/product\/buy-malana-elephant-hash\/"]}]},{"@type":"ImageObject","inLanguage":"cs","@id":"https:\/\/chemsfine.com\/product\/buy-malana-elephant-hash\/#primaryimage","url":"https:\/\/chemsfine.com\/wp-content\/uploads\/2026\/02\/buy-malana-elephant-hash-online-online-dispensary-canada-bulk-buddy-1.jpg","contentUrl":"https:\/\/chemsfine.com\/wp-content\/uploads\/2026\/02\/buy-malana-elephant-hash-online-online-dispensary-canada-bulk-buddy-1.jpg","width":1600,"height":1600},{"@type":"BreadcrumbList","@id":"https:\/\/chemsfine.com\/product\/buy-malana-elephant-hash\/#breadcrumb","itemListElement":[{"@type":"ListItem","position":1,"name":"Home","item":"https:\/\/chemsfine.com\/"},{"@type":"ListItem","position":2,"name":"Shop","item":"https:\/\/chemsfine.com\/shop\/"},{"@type":"ListItem","position":3,"name":"Buy Malana Elephant Hash Online | Online Dispensary Chemsfine"}]},{"@type":"WebSite","@id":"https:\/\/chemsfine.com\/#website","url":"https:\/\/chemsfine.com\/","name":"Chemsfine","description":"M\u016fj blog WordPress","publisher":{"@id":"https:\/\/chemsfine.com\/#organization"},"potentialAction":[{"@type":"SearchAction","target":{"@type":"EntryPoint","urlTemplate":"https:\/\/chemsfine.com\/?s={search_term_string}"},"query-input":{"@type":"PropertyValueSpecification","valueRequired":true,"valueName":"search_term_string"}}],"inLanguage":"cs"},{"@type":"Organization","@id":"https:\/\/chemsfine.com\/#organization","name":"Chemsfine","url":"https:\/\/chemsfine.com\/","logo":{"@type":"ImageObject","inLanguage":"cs","@id":"https:\/\/chemsfine.com\/#\/schema\/logo\/image\/","url":"https:\/\/chemsfine.com\/wp-content\/uploads\/2024\/09\/final-logo.png","contentUrl":"https:\/\/chemsfine.com\/wp-content\/uploads\/2024\/09\/final-logo.png","width":340,"height":72,"caption":"Chemsfine"},"image":{"@id":"https:\/\/chemsfine.com\/#\/schema\/logo\/image\/"}}]}},"_links":{"self":[{"href":"https:\/\/chemsfine.com\/cs\/wp-json\/wp\/v2\/product\/6659","targetHints":{"allow":["GET"]}}],"collection":[{"href":"https:\/\/chemsfine.com\/cs\/wp-json\/wp\/v2\/product"}],"about":[{"href":"https:\/\/chemsfine.com\/cs\/wp-json\/wp\/v2\/types\/product"}],"replies":[{"embeddable":true,"href":"https:\/\/chemsfine.com\/cs\/wp-json\/wp\/v2\/comments?post=6659"}],"wp:featuredmedia":[{"embeddable":true,"href":"https:\/\/chemsfine.com\/cs\/wp-json\/wp\/v2\/media\/6712"}],"wp:attachment":[{"href":"https:\/\/chemsfine.com\/cs\/wp-json\/wp\/v2\/media?parent=6659"}],"wp:term":[{"taxonomy":"product_brand","embeddable":true,"href":"https:\/\/chemsfine.com\/cs\/wp-json\/wp\/v2\/product_brand?post=6659"},{"taxonomy":"product_cat","embeddable":true,"href":"https:\/\/chemsfine.com\/cs\/wp-json\/wp\/v2\/product_cat?post=6659"},{"taxonomy":"product_tag","embeddable":true,"href":"https:\/\/chemsfine.com\/cs\/wp-json\/wp\/v2\/product_tag?post=6659"}],"curies":[{"name":"wp","href":"https:\/\/api.w.org\/{rel}","templated":true}]}}