{"id":6660,"date":"2026-02-12T10:09:45","date_gmt":"2026-02-12T10:09:45","guid":{"rendered":"https:\/\/chemsfine.com\/?post_type=product&#038;p=6660"},"modified":"2026-03-25T12:31:39","modified_gmt":"2026-03-25T12:31:39","slug":"buy-mango-hash-online","status":"publish","type":"product","link":"https:\/\/chemsfine.com\/cs\/product\/buy-mango-hash-online\/","title":{"rendered":"Koupit Mango Hash online | Pr\u00e9miov\u00fd konopn\u00fd koncentr\u00e1t na chemsfine"},"content":{"rendered":"<h1>Koupit Mango Hash exkluzivn\u011b v pr\u00e9miov\u00e9m internetov\u00e9m obchod\u011b chemsfine.<\/h1>\n<p><b>Koupit Mango Hash na prodej<\/b> na chemsfine, va\u0161\u00ed d\u016fv\u011bryhodn\u00e9 online destinaci pro pr\u00e9miov\u00e9 koncentr\u00e1ty. Objevte jedine\u010dn\u00fd z\u00e1\u017eitek z tohoto \u0161pi\u010dkov\u00e9ho konopn\u00e9ho koncentr\u00e1tu, kter\u00fd je zn\u00e1m\u00fd sv\u00fdmi jedine\u010dn\u00fdmi \u00fa\u010dinky a lahodn\u00fdm profilem. Tento autentick\u00fd produkt nab\u00edz\u00ed cestu klidu a soust\u0159ed\u011bn\u00ed, d\u00edky \u010demu\u017e je velmi vyhled\u00e1van\u00fd pro ty, kte\u0159\u00ed hledaj\u00ed uvoln\u011bn\u00ed a tv\u016fr\u010d\u00ed energii. Prozkoumejte, pro\u010d je tento produkt tou nejlep\u0161\u00ed dostupnou volbou pro povzn\u00e1\u0161ej\u00edc\u00ed z\u00e1\u017eitek.<\/p>\n<h2>Co je Mango Hash?<\/h2>\n<p><b>Mango Hash<\/b> je nen\u00e1padn\u00fd kmen s t\u00e9m\u011b\u0159 nepost\u0159ehnuteln\u00fdm opojen\u00edm, kter\u00fd vyvol\u00e1v\u00e1 pocity klidu a radosti. P\u0159i cest\u011b za \u00fa\u010dinky zjist\u00edte, \u017ee jste st\u00e1le v\u00edce nabit\u00ed energi\u00ed a skv\u011ble nalad\u011bn\u00ed na mazanou z\u00e1bavu. V\u011bt\u0161ina u\u017eivatel\u016f p\u0159i kou\u0159en\u00ed tohoto koncentr\u00e1tu detekuje t\u011blesn\u00e9 pocity - obvykle je popisuje jako h\u0159ejiv\u00e9 mraven\u010den\u00ed vyza\u0159uj\u00edc\u00ed do cel\u00e9ho t\u011bla. Tento produkt je oslavov\u00e1n pro svou \u010distotu a v\u00fdrazn\u00fd z\u00e1\u017eitek, kter\u00fd p\u0159in\u00e1\u0161\u00ed, a nab\u00edz\u00ed jedine\u010dn\u00fd obrat v tradi\u010dn\u00edm ha\u0161i\u0161i. Vychutnejte si st\u00e1lou kvalitu, kter\u00e1 je spojena s n\u00e1kupem koncentr\u00e1t\u016f nejvy\u0161\u0161\u00ed kvality od spole\u010dnosti chemsfine.<\/p>\n<h2>Pro\u010d koupit Mango Hash online na chemsfine?<\/h2>\n<p>Pokud si tento pr\u00e9miov\u00fd produkt objedn\u00e1te online u spole\u010dnosti chemsfine, vyb\u00edr\u00e1te si produkt uzn\u00e1van\u00fd pro sv\u00e9 v\u00fdjime\u010dn\u00e9 vlastnosti. P\u0159ipravte se na bl\u00ed\u017e\u00edc\u00ed se hlad p\u0159i kou\u0159en\u00ed Manga! M\u00e1 p\u0159\u00edjemn\u00e9, sladk\u00e9 mango aroma s jemn\u00fdmi zemit\u00fdmi bylinn\u00fdmi t\u00f3ny a lahodnou chut\u00ed. P\u0159edstavte si dokonalou kombinaci kr\u00e9mov\u00e9ho citronu, kysel\u00e9ho manga a p\u0159\u00edrodn\u00ed zemitosti v jednom lahodn\u00e9m \u0161luku. P\u0159ipravte si z\u00e1soby sva\u010dinky - neodol\u00e1te j\u00ed! D\u00edky na\u0161emu z\u00e1vazku poskytovat nejlep\u0161\u00ed dostupn\u00fd koncentr\u00e1t z\u00edsk\u00e1te v\u00fdrobek, kter\u00fd spl\u0148uje p\u0159\u00edsn\u00e9 normy kvality, co\u017e v\u00e1m poka\u017ed\u00e9 zajist\u00ed skute\u010dn\u011b uspokojiv\u00fd z\u00e1\u017eitek.<\/p>\n<p><b>Mango Hash<\/b> dok\u00e1\u017ee v\u00fdrazn\u011b sn\u00ed\u017eit \u00fazkost a depresi a ulevit od fyzick\u00e9 bolesti. Jeho znecitlivuj\u00edc\u00ed \u00fa\u010dinek lze vyu\u017e\u00edt p\u0159i kou\u0159en\u00ed v\u011bt\u0161\u00edch d\u00e1vek, co\u017e vede ke stavu sedace, kter\u00fd je ide\u00e1ln\u00ed pro osoby trp\u00edc\u00ed nespavost\u00ed. D\u00edky pozitivn\u00ed energii, kterou poskytuje, je Mango ide\u00e1ln\u00ed volbou pro \u0159e\u0161en\u00ed z\u00e1va\u017en\u00fdch probl\u00e9m\u016f, jako je stres a deprese.<\/p>\n<h2>Pou\u017eit\u00ed a v\u00fdhody tohoto pr\u00e9miov\u00e9ho koncentr\u00e1tu<\/h2>\n<p>D\u00edky sv\u00e9 univerz\u00e1lnosti je tento v\u00fdrobek cenn\u00fdm dopl\u0148kem pro r\u016fzn\u00e9 \u00fa\u010dely. Pronikn\u011bte do historie zna\u010dky Mango a p\u0159edstavte si, kdo si kdysi d\u00e1vno poprv\u00e9 vychutnal jej\u00ed zvl\u00e1\u0161tn\u00ed \u00fa\u010dinky. A\u0165 u\u017e ocen\u00edte silnou ovocnou p\u0159\u00edchu\u0165, nebo pot\u0159ebujete nav\u00edc trochu uklid\u0148uj\u00edc\u00ed energie, tento konkr\u00e9tn\u00ed kmen v\u00e1s nezklame! M\u011bjte ji v\u017edy po ruce, kdy\u017e se budete pot\u0159ebovat uvolnit. Tento pr\u00e9miov\u00fd koncentr\u00e1t je zn\u00e1m\u00fd nejen pro sv\u016fj rekrea\u010dn\u00ed po\u017eitek, ale tak\u00e9 pro sv\u00e9 hlubok\u00e9 wellness vyu\u017eit\u00ed. U\u017eivatel\u00e9, kte\u0159\u00ed hledaj\u00ed vysoce \u010dist\u00fd koncentr\u00e1t na prodej, se \u010dasto obracej\u00ed k tomuto ha\u0161i\u0161i pro jeho \u0161irokou \u0161k\u00e1lu v\u00fdhod.<\/p>\n<ul>\n<li><b>\u00daleva od \u00fazkosti a deprese:<\/b> Pom\u00e1h\u00e1 v\u00fdrazn\u011b zm\u00edrnit p\u0159\u00edznaky a podporuje pocit klidu.<\/li>\n<li><b>Fyzik\u00e1ln\u00ed l\u00e9\u010dba bolesti:<\/b> Poskytuje \u00fa\u010dinnou \u00falevu od r\u016fzn\u00fdch druh\u016f t\u011blesn\u00fdch pot\u00ed\u017e\u00ed.<\/li>\n<li><b>Podpora nespavosti:<\/b> V\u011bt\u0161\u00ed d\u00e1vky mohou navodit stav sedace, co\u017e napom\u00e1h\u00e1 klidn\u00e9mu sp\u00e1nku.<\/li>\n<li><b>Sn\u00ed\u017een\u00ed stresu:<\/b> Dod\u00e1v\u00e1 pozitivn\u00ed energii a pocit pohody v boji proti ka\u017edodenn\u00edmu stresu.<\/li>\n<li><b>Zlep\u0161en\u00ed n\u00e1lady:<\/b> Vyvol\u00e1v\u00e1 pocity klidu a radosti, povzn\u00e1\u0161\u00ed n\u00e1ladu.<\/li>\n<li><b>Boj s nevolnost\u00ed:<\/b> Zn\u00e1m\u00fd t\u00edm, \u017ee zm\u00edr\u0148uje pocity nevolnosti.<\/li>\n<li><b>Kreativn\u00ed stimulace:<\/b> U\u017eivatel\u00e9 se \u010dasto c\u00edt\u00ed nabit\u00ed energi\u00ed a inspirov\u00e1ni k mazanosti.<\/li>\n<\/ul>\n<h2>Manipulace s autentick\u00fdm ha\u0161i\u0161em a jeho konzumace<\/h2>\n<p>Na str\u00e1nk\u00e1ch <b>Mango Hash<\/b> je poddajn\u00fd, snadno se s n\u00edm pracuje a p\u016fsob\u00ed jako hybrid, ani\u017e by p\u0159\u00edli\u0161 svazoval. Jeho poddajnost zaji\u0161\u0165uje bezprobl\u00e9mov\u00fd proces p\u0159\u00edpravy pro r\u016fzn\u00e9 zp\u016fsoby konzumace. Ha\u0161i\u0161 v\u00e1s zanech\u00e1 uvoln\u011bn\u00e9. Poskytuje celkov\u00fd pocit pohody a m\u016f\u017ee v\u00e1s uspat. D\u00edky kombinaci \u00fa\u010dink\u016f je ide\u00e1ln\u00ed pro \u00falevu od bolesti a proti nevolnosti. Pokud ho trochu zah\u0159ejete, stane se poddajn\u011bj\u0161\u00edm a l\u00e9pe se s n\u00edm pracuje, co\u017e je\u0161t\u011b v\u00edce usnadn\u00ed jeho za\u010dlen\u011bn\u00ed do v\u00e1mi preferovan\u00e9 metody. Nab\u00edz\u00edme autentick\u00fd ha\u0161i\u0161, kter\u00fd je jednoduch\u00fd na manipulaci jak pro zku\u0161en\u00e9 u\u017eivatele, tak pro nov\u00e1\u010dky.<\/p>\n<h3>Doporu\u010den\u00e9 zp\u016fsoby spot\u0159eby:<\/h3>\n<table>\n<thead>\n<tr>\n<th>Metoda<\/th>\n<th>Popis<\/th>\n<\/tr>\n<\/thead>\n<tbody>\n<tr>\n<td><b>Spole\u010dn\u00e9 str\u00e1nky<\/b><\/td>\n<td>Rozdr\u0165te mal\u00fd kousek a nasypte ho do rolovan\u00e9ho jointu, abyste si ho vychutnali.<\/td>\n<\/tr>\n<tr>\n<td><b>D\u00fdmka \/ d\u00fdmka \/ vodn\u00ed d\u00fdmka<\/b><\/td>\n<td>Nalo\u017ete ho p\u0159\u00edmo do m\u00edsy a kou\u0159te p\u0159\u00edmo a siln\u011b.<\/td>\n<\/tr>\n<tr>\n<td><b>Jedin\u00e1 trefa<\/b><\/td>\n<td>Ide\u00e1ln\u00ed pro rychl\u00e9 a odm\u011b\u0159en\u00e9 d\u00e1vky, ide\u00e1ln\u00ed pro pou\u017eit\u00ed na cest\u00e1ch nebo diskr\u00e9tn\u00ed pou\u017eit\u00ed.<\/td>\n<\/tr>\n<tr>\n<td><b>Odpa\u0159ova\u010d<\/b><\/td>\n<td>Pro \u010dist\u0161\u00ed inhalaci pou\u017eijte vhodn\u00fd odpa\u0159ova\u010d koncentr\u00e1tu (po dekarboxylaci pro peror\u00e1ln\u00ed po\u017eit\u00ed).<\/td>\n<\/tr>\n<\/tbody>\n<\/table>\n<h2>Porozum\u011bn\u00ed ha\u0161i\u0161i: Pr\u00e9miov\u00fd koncentr\u00e1t<\/h2>\n<p>Hash neboli ha\u0161i\u0161 je koncentr\u00e1t vyroben\u00fd z prysky\u0159ice rostliny konop\u00ed. Konzumuje se vdechov\u00e1n\u00edm z mal\u00e9ho kousku, obvykle v d\u00fdmce, bongu, vaporiz\u00e9ru nebo jointu, nebo or\u00e1ln\u00edm po\u017eit\u00edm (po dekarboxylaci). Proto\u017ee \u010dist\u00fd ha\u0161i\u0161 p\u0159i samotn\u00e9m ubalen\u00ed v jointu neho\u0159\u00ed, m\u00edch\u00e1 se pro tento zp\u016fsob konzumace obvykle s rostlinn\u00fdm konop\u00edm, tab\u00e1kem nebo jin\u00fdm druhem byliny. Ve spole\u010dnosti chemsfine db\u00e1me na to, aby na\u0161e <a href=\"https:\/\/chemsfine.com\/cs\/kategorie-produktu\/concentrates\/\">hash<\/a> produkty, v\u010detn\u011b tohoto v\u00fdjime\u010dn\u00e9ho koncentr\u00e1tu, p\u0159edstavuj\u00ed nejvy\u0161\u0161\u00ed standardy kvality a \u010distoty. Objevte bohatou historii a siln\u00e9 \u00fa\u010dinky tohoto cen\u011bn\u00e9ho konopn\u00e9ho koncentr\u00e1tu.<\/p>\n<h2>Bezpe\u010dn\u00fd n\u00e1kup a z\u00e1ruka spokojenosti s chemsfine<\/h2>\n<p>Volba <b><a href=\"https:\/\/chemsfine.com\/cs\/produkt\/buy-3-mmc-online\/\">zajist\u011bte si sv\u016fj n\u00e1kup online<\/a><\/b> od spole\u010dnosti chemsfine zaru\u010duje bezpe\u010dn\u00fd n\u00e1kup a maxim\u00e1ln\u00ed spokojenost. Jsme hrd\u00ed na transparentn\u00ed \u00fadaje, ov\u011b\u0159en\u00e9 z\u00e1znamy o \u0161ar\u017e\u00edch a konkurenceschopn\u00e9 ceny, co\u017e z n\u00e1s \u010din\u00ed ide\u00e1ln\u00ed volbu pro va\u0161e pot\u0159eby v oblasti koncentr\u00e1t\u016f. N\u00e1\u0161 internetov\u00fd obchod je navr\u017een pro snadn\u00e9 pou\u017e\u00edv\u00e1n\u00ed, co\u017e v\u00e1m umo\u017e\u0148uje proch\u00e1zet a <b><a href=\"https:\/\/chemsfine.com\/cs\/produkt\/buy-jwh-018-online\/\">objednat pr\u00e9miov\u00e9 produkty<\/a><\/b> s d\u016fv\u011brou.<\/p>\n<h2>Z\u00e1v\u011br: Vyzkou\u0161ejte nejlep\u0161\u00ed dnes dostupn\u00fd Hash<\/h2>\n<p>Nenechte si uj\u00edt p\u0159\u00edle\u017eitost poznat jedine\u010dn\u00e9 vlastnosti tohoto koncentr\u00e1tu. A\u0165 u\u017e hled\u00e1te hlubokou relaxaci, \u00fa\u010dinnou \u00falevu od bolesti nebo p\u0159\u00edval tv\u016fr\u010d\u00ed energie, tento produkt v\u00e1m ji dod\u00e1. Nab\u00edz\u00edme nejlep\u0161\u00ed dostupn\u00fd hash, spojen\u00fd se z\u00e1vazkem ke kvalit\u011b a spokojenosti z\u00e1kazn\u00edk\u016f. Prozkoumejte na\u0161i nab\u00eddku a kupte si tento pr\u00e9miov\u00fd produkt na prodej je\u0161t\u011b dnes, abyste pozvedli sv\u016fj z\u00e1\u017eitek z konop\u00ed. Zajist\u011bte si pr\u00e9miov\u00fd produkt online hned te\u010f a zjist\u011bte, pro\u010d je chemsfine preferovan\u00fdm zdrojem pro n\u00e1ro\u010dn\u00e9 u\u017eivatele.<\/p>","protected":false},"excerpt":{"rendered":"<p>Za\u017eijte jedine\u010dnou kvalitu <b>Mango Hash<\/b>, pr\u00e9miov\u00fd konopn\u00fd koncentr\u00e1t, kter\u00fd lze zakoupit u spole\u010dnosti chemsfine. Tento autentick\u00fd produkt p\u0159in\u00e1\u0161\u00ed klidn\u00e9 a radostn\u00e9 opojen\u00ed spolu s energizuj\u00edc\u00edmi \u00fa\u010dinky a h\u0159ejiv\u00fdmi t\u011blesn\u00fdmi pocity. Ide\u00e1ln\u00ed pro sn\u00ed\u017een\u00ed \u00fazkosti, deprese a fyzick\u00e9 bolesti, <b>Mango Hash<\/b> nab\u00edz\u00ed sladkou v\u016fni manga se zemit\u00fdmi t\u00f3ny. D\u00edky sv\u00e9 poddajn\u00e9 struktu\u0159e se snadno zpracov\u00e1v\u00e1 pro r\u016fzn\u00e9 zp\u016fsoby konzumace. <b>Koupit Mango Hash na chemsfine<\/b> pro skute\u010dn\u011b p\u0159\u00edjemn\u00fd a efektivn\u00ed z\u00e1\u017eitek.<\/p>","protected":false},"featured_media":6713,"comment_status":"open","ping_status":"closed","template":"","meta":{"_joinchat":[]},"product_brand":[],"product_cat":[942],"product_tag":[],"class_list":{"0":"post-6660","1":"product","2":"type-product","3":"status-publish","4":"has-post-thumbnail","6":"product_cat-hashish","8":"first","9":"instock","10":"shipping-taxable","11":"purchasable","12":"product-type-variable"},"yoast_head":"<!-- This site is optimized with the Yoast SEO plugin v27.2 - https:\/\/yoast.com\/product\/yoast-seo-wordpress\/ -->\n<title>Buy Mango Hash Online | Premium Quality Available at chemsfine<\/title>\n<meta name=\"description\" content=\"Discover premium Mango Hash online at chemsfine. Experience serenity, joy &amp; pain relief with this top-quality concentrate. Buy now for best prices!\" \/>\n<meta name=\"robots\" content=\"index, follow, max-snippet:-1, max-image-preview:large, max-video-preview:-1\" \/>\n<link rel=\"canonical\" href=\"https:\/\/chemsfine.com\/cs\/produkt\/buy-mango-hash-online\/\" \/>\n<meta property=\"og:locale\" content=\"cs_CZ\" \/>\n<meta property=\"og:type\" content=\"article\" \/>\n<meta property=\"og:title\" content=\"Buy Mango Hash Online | Premium Quality Available at chemsfine\" \/>\n<meta property=\"og:description\" content=\"Discover premium Mango Hash online at chemsfine. Experience serenity, joy &amp; pain relief with this top-quality concentrate. Buy now for best prices!\" \/>\n<meta property=\"og:url\" content=\"https:\/\/chemsfine.com\/cs\/produkt\/buy-mango-hash-online\/\" \/>\n<meta property=\"og:site_name\" content=\"Chemsfine\" \/>\n<meta property=\"article:modified_time\" content=\"2026-03-25T12:31:39+00:00\" \/>\n<meta property=\"og:image\" content=\"https:\/\/chemsfine.com\/wp-content\/uploads\/2026\/02\/buy-mango-hash-online-dispensary-canada-bulk-buddy-weed-1.jpg\" \/>\n\t<meta property=\"og:image:width\" content=\"1600\" \/>\n\t<meta property=\"og:image:height\" content=\"1600\" \/>\n\t<meta property=\"og:image:type\" content=\"image\/jpeg\" \/>\n<meta name=\"twitter:card\" content=\"summary_large_image\" \/>\n<meta name=\"twitter:label1\" content=\"Odhadovan\u00e1 doba \u010dten\u00ed\" \/>\n\t<meta name=\"twitter:data1\" content=\"5 minut\" \/>\n<script type=\"application\/ld+json\" class=\"yoast-schema-graph\">{\"@context\":\"https:\/\/schema.org\",\"@graph\":[{\"@type\":\"WebPage\",\"@id\":\"https:\/\/chemsfine.com\/product\/buy-mango-hash-online\/\",\"url\":\"https:\/\/chemsfine.com\/product\/buy-mango-hash-online\/\",\"name\":\"Buy Mango Hash Online | Premium Quality Available at chemsfine\",\"isPartOf\":{\"@id\":\"https:\/\/chemsfine.com\/#website\"},\"primaryImageOfPage\":{\"@id\":\"https:\/\/chemsfine.com\/product\/buy-mango-hash-online\/#primaryimage\"},\"image\":{\"@id\":\"https:\/\/chemsfine.com\/product\/buy-mango-hash-online\/#primaryimage\"},\"thumbnailUrl\":\"https:\/\/chemsfine.com\/wp-content\/uploads\/2026\/02\/buy-mango-hash-online-dispensary-canada-bulk-buddy-weed-1.jpg\",\"datePublished\":\"2026-02-12T10:09:45+00:00\",\"dateModified\":\"2026-03-25T12:31:39+00:00\",\"description\":\"Discover premium Mango Hash online at chemsfine. Experience serenity, joy &amp; pain relief with this top-quality concentrate. Buy now for best prices!\",\"breadcrumb\":{\"@id\":\"https:\/\/chemsfine.com\/product\/buy-mango-hash-online\/#breadcrumb\"},\"inLanguage\":\"cs\",\"potentialAction\":[{\"@type\":\"ReadAction\",\"target\":[\"https:\/\/chemsfine.com\/product\/buy-mango-hash-online\/\"]}]},{\"@type\":\"ImageObject\",\"inLanguage\":\"cs\",\"@id\":\"https:\/\/chemsfine.com\/product\/buy-mango-hash-online\/#primaryimage\",\"url\":\"https:\/\/chemsfine.com\/wp-content\/uploads\/2026\/02\/buy-mango-hash-online-dispensary-canada-bulk-buddy-weed-1.jpg\",\"contentUrl\":\"https:\/\/chemsfine.com\/wp-content\/uploads\/2026\/02\/buy-mango-hash-online-dispensary-canada-bulk-buddy-weed-1.jpg\",\"width\":1600,\"height\":1600},{\"@type\":\"BreadcrumbList\",\"@id\":\"https:\/\/chemsfine.com\/product\/buy-mango-hash-online\/#breadcrumb\",\"itemListElement\":[{\"@type\":\"ListItem\",\"position\":1,\"name\":\"Home\",\"item\":\"https:\/\/chemsfine.com\/\"},{\"@type\":\"ListItem\",\"position\":2,\"name\":\"Shop\",\"item\":\"https:\/\/chemsfine.com\/shop\/\"},{\"@type\":\"ListItem\",\"position\":3,\"name\":\"Buy Mango Hash Online | Premium Cannabis Concentrate at chemsfine\"}]},{\"@type\":\"WebSite\",\"@id\":\"https:\/\/chemsfine.com\/#website\",\"url\":\"https:\/\/chemsfine.com\/\",\"name\":\"Chemsfine\",\"description\":\"My WordPress Blog\",\"publisher\":{\"@id\":\"https:\/\/chemsfine.com\/#organization\"},\"potentialAction\":[{\"@type\":\"SearchAction\",\"target\":{\"@type\":\"EntryPoint\",\"urlTemplate\":\"https:\/\/chemsfine.com\/?s={search_term_string}\"},\"query-input\":{\"@type\":\"PropertyValueSpecification\",\"valueRequired\":true,\"valueName\":\"search_term_string\"}}],\"inLanguage\":\"cs\"},{\"@type\":\"Organization\",\"@id\":\"https:\/\/chemsfine.com\/#organization\",\"name\":\"Chemsfine\",\"url\":\"https:\/\/chemsfine.com\/\",\"logo\":{\"@type\":\"ImageObject\",\"inLanguage\":\"cs\",\"@id\":\"https:\/\/chemsfine.com\/#\/schema\/logo\/image\/\",\"url\":\"https:\/\/chemsfine.com\/wp-content\/uploads\/2024\/09\/final-logo.png\",\"contentUrl\":\"https:\/\/chemsfine.com\/wp-content\/uploads\/2024\/09\/final-logo.png\",\"width\":340,\"height\":72,\"caption\":\"Chemsfine\"},\"image\":{\"@id\":\"https:\/\/chemsfine.com\/#\/schema\/logo\/image\/\"}}]}<\/script>\n<!-- \/ Yoast SEO plugin. -->","yoast_head_json":{"title":"Koupit Mango Hash Online | Premium Quality Available at chemsfine","description":"Objevte prvot\u0159\u00eddn\u00ed Mango Hash online na chemsfine. Za\u017eijte klid, radost a \u00falevu od bolesti s t\u00edmto vysoce kvalitn\u00edm koncentr\u00e1tem. Nakupujte nyn\u00ed za nejlep\u0161\u00ed ceny!","robots":{"index":"index","follow":"follow","max-snippet":"max-snippet:-1","max-image-preview":"max-image-preview:large","max-video-preview":"max-video-preview:-1"},"canonical":"https:\/\/chemsfine.com\/cs\/produkt\/buy-mango-hash-online\/","og_locale":"cs_CZ","og_type":"article","og_title":"Buy Mango Hash Online | Premium Quality Available at chemsfine","og_description":"Discover premium Mango Hash online at chemsfine. Experience serenity, joy &amp; pain relief with this top-quality concentrate. Buy now for best prices!","og_url":"https:\/\/chemsfine.com\/cs\/produkt\/buy-mango-hash-online\/","og_site_name":"Chemsfine","article_modified_time":"2026-03-25T12:31:39+00:00","og_image":[{"width":1600,"height":1600,"url":"https:\/\/chemsfine.com\/wp-content\/uploads\/2026\/02\/buy-mango-hash-online-dispensary-canada-bulk-buddy-weed-1.jpg","type":"image\/jpeg"}],"twitter_card":"summary_large_image","twitter_misc":{"Odhadovan\u00e1 doba \u010dten\u00ed":"5 minut"},"schema":{"@context":"https:\/\/schema.org","@graph":[{"@type":"WebPage","@id":"https:\/\/chemsfine.com\/product\/buy-mango-hash-online\/","url":"https:\/\/chemsfine.com\/product\/buy-mango-hash-online\/","name":"Koupit Mango Hash Online | Premium Quality Available at chemsfine","isPartOf":{"@id":"https:\/\/chemsfine.com\/#website"},"primaryImageOfPage":{"@id":"https:\/\/chemsfine.com\/product\/buy-mango-hash-online\/#primaryimage"},"image":{"@id":"https:\/\/chemsfine.com\/product\/buy-mango-hash-online\/#primaryimage"},"thumbnailUrl":"https:\/\/chemsfine.com\/wp-content\/uploads\/2026\/02\/buy-mango-hash-online-dispensary-canada-bulk-buddy-weed-1.jpg","datePublished":"2026-02-12T10:09:45+00:00","dateModified":"2026-03-25T12:31:39+00:00","description":"Objevte prvot\u0159\u00eddn\u00ed Mango Hash online na chemsfine. Za\u017eijte klid, radost a \u00falevu od bolesti s t\u00edmto vysoce kvalitn\u00edm koncentr\u00e1tem. Nakupujte nyn\u00ed za nejlep\u0161\u00ed ceny!","breadcrumb":{"@id":"https:\/\/chemsfine.com\/product\/buy-mango-hash-online\/#breadcrumb"},"inLanguage":"cs","potentialAction":[{"@type":"ReadAction","target":["https:\/\/chemsfine.com\/product\/buy-mango-hash-online\/"]}]},{"@type":"ImageObject","inLanguage":"cs","@id":"https:\/\/chemsfine.com\/product\/buy-mango-hash-online\/#primaryimage","url":"https:\/\/chemsfine.com\/wp-content\/uploads\/2026\/02\/buy-mango-hash-online-dispensary-canada-bulk-buddy-weed-1.jpg","contentUrl":"https:\/\/chemsfine.com\/wp-content\/uploads\/2026\/02\/buy-mango-hash-online-dispensary-canada-bulk-buddy-weed-1.jpg","width":1600,"height":1600},{"@type":"BreadcrumbList","@id":"https:\/\/chemsfine.com\/product\/buy-mango-hash-online\/#breadcrumb","itemListElement":[{"@type":"ListItem","position":1,"name":"Home","item":"https:\/\/chemsfine.com\/"},{"@type":"ListItem","position":2,"name":"Shop","item":"https:\/\/chemsfine.com\/shop\/"},{"@type":"ListItem","position":3,"name":"Buy Mango Hash Online | Premium Cannabis Concentrate at chemsfine"}]},{"@type":"WebSite","@id":"https:\/\/chemsfine.com\/#website","url":"https:\/\/chemsfine.com\/","name":"Chemsfine","description":"M\u016fj blog WordPress","publisher":{"@id":"https:\/\/chemsfine.com\/#organization"},"potentialAction":[{"@type":"SearchAction","target":{"@type":"EntryPoint","urlTemplate":"https:\/\/chemsfine.com\/?s={search_term_string}"},"query-input":{"@type":"PropertyValueSpecification","valueRequired":true,"valueName":"search_term_string"}}],"inLanguage":"cs"},{"@type":"Organization","@id":"https:\/\/chemsfine.com\/#organization","name":"Chemsfine","url":"https:\/\/chemsfine.com\/","logo":{"@type":"ImageObject","inLanguage":"cs","@id":"https:\/\/chemsfine.com\/#\/schema\/logo\/image\/","url":"https:\/\/chemsfine.com\/wp-content\/uploads\/2024\/09\/final-logo.png","contentUrl":"https:\/\/chemsfine.com\/wp-content\/uploads\/2024\/09\/final-logo.png","width":340,"height":72,"caption":"Chemsfine"},"image":{"@id":"https:\/\/chemsfine.com\/#\/schema\/logo\/image\/"}}]}},"_links":{"self":[{"href":"https:\/\/chemsfine.com\/cs\/wp-json\/wp\/v2\/product\/6660","targetHints":{"allow":["GET"]}}],"collection":[{"href":"https:\/\/chemsfine.com\/cs\/wp-json\/wp\/v2\/product"}],"about":[{"href":"https:\/\/chemsfine.com\/cs\/wp-json\/wp\/v2\/types\/product"}],"replies":[{"embeddable":true,"href":"https:\/\/chemsfine.com\/cs\/wp-json\/wp\/v2\/comments?post=6660"}],"wp:featuredmedia":[{"embeddable":true,"href":"https:\/\/chemsfine.com\/cs\/wp-json\/wp\/v2\/media\/6713"}],"wp:attachment":[{"href":"https:\/\/chemsfine.com\/cs\/wp-json\/wp\/v2\/media?parent=6660"}],"wp:term":[{"taxonomy":"product_brand","embeddable":true,"href":"https:\/\/chemsfine.com\/cs\/wp-json\/wp\/v2\/product_brand?post=6660"},{"taxonomy":"product_cat","embeddable":true,"href":"https:\/\/chemsfine.com\/cs\/wp-json\/wp\/v2\/product_cat?post=6660"},{"taxonomy":"product_tag","embeddable":true,"href":"https:\/\/chemsfine.com\/cs\/wp-json\/wp\/v2\/product_tag?post=6660"}],"curies":[{"name":"wp","href":"https:\/\/api.w.org\/{rel}","templated":true}]}}