{"id":6705,"date":"2026-02-12T10:11:23","date_gmt":"2026-02-12T10:11:23","guid":{"rendered":"https:\/\/chemsfine.com\/?post_type=product&#038;p=6705"},"modified":"2026-03-25T12:28:00","modified_gmt":"2026-03-25T12:28:00","slug":"buy-larry-og-shatter","status":"publish","type":"product","link":"https:\/\/chemsfine.com\/cs\/product\/buy-larry-og-shatter\/","title":{"rendered":"Larry OG Shatter na prodej | Buy Premium OG Shatter Online"},"content":{"rendered":"<p>V\u00edtejte na str\u00e1nk\u00e1ch chemsfine, va\u0161eho d\u016fv\u011bryhodn\u00e9ho zdroje pro <b>Koupit Larry OG Indica Dominant Hybrid Shatter Weed Strain na prodej<\/b>. Objevte pr\u00e9miovou kvalitu <b>Larry OG Shatter<\/b> k dispozici online. Tento v\u00fdjime\u010dn\u00fd produkt, fantastick\u00e1 forma <b>OG Shatter<\/b>, pat\u0159\u00ed do uzn\u00e1van\u00e9 rodiny oce\u00e1nsk\u00fdch odr\u016fd, kter\u00e1 je zn\u00e1m\u00e1 svou konzistentn\u00ed v\u00fdjime\u010dnost\u00ed. V chemsfine m\u016f\u017eete d\u016fv\u011brn\u011b <b>Objednat Larry OG Shatter online<\/b> a poznejte jeho jedine\u010dn\u00e9 vlastnosti a jedine\u010dnou kvalitu. Jsme odhodl\u00e1ni poskytovat pouze <b>\u0160pi\u010dkov\u00e1 kvalita Larry OG Shatter<\/b>, aby ka\u017ed\u00fd n\u00e1kup splnil va\u0161e nejvy\u0161\u0161\u00ed o\u010dek\u00e1v\u00e1n\u00ed. Na\u0161e platforma nab\u00edz\u00ed bezprobl\u00e9mov\u00fd z\u00e1\u017eitek pro ty, kte\u0159\u00ed cht\u011bj\u00ed <b>Koupit Larry OG Shatter online<\/b> s lehkost\u00ed a jistotou.<\/p>\n<h2>V \u010dem je Larry OG Shatter jedine\u010dn\u00fd?<\/h2>\n<p><b>Larry OG Shatter<\/b>, zn\u00e1m\u00fd tak\u00e9 pod v\u00fdmluvn\u00fdmi p\u0159ezd\u00edvkami \u201cLemon Larry\u201d, \u201cSour Larry\u201d a \u201cZour Larry\u201d, hrd\u011b vystupuje jako v\u00fdznamn\u00fd \u010dlen slavn\u00e9 rodiny oce\u00e1nsk\u00fdch odr\u016fd. Tento rodokmen vypov\u00edd\u00e1 o jeho d\u011bdictv\u00ed a pe\u010dliv\u00e9m p\u011bstov\u00e1n\u00ed, kter\u00e9 za n\u00edm stoj\u00ed. P\u016fvodn\u00ed tvorba tohoto pozoruhodn\u00e9ho shatteru prob\u00edhala ve slunn\u00fdch lokalit\u00e1ch Orange County v Kalifornii. Jedn\u00e1 se o mistrovsk\u00fd k\u0159\u00ed\u017eenec, kter\u00fd kombinuje legend\u00e1rn\u00ed genetiku <b>OG Kush<\/b> a <b>SFV OG<\/b>. Tato siln\u00e1 genetick\u00e1 sm\u011bs v\u00fdznamn\u011b p\u0159isp\u00edv\u00e1 k integrit\u011b a \u00fa\u010dinn\u00e9mu profilu produktu. <b>Autentick\u00fd Larry OG Shatter<\/b>. Pro nad\u0161ence, kte\u0159\u00ed hledaj\u00ed <b>Koupit Larry OG Shatter na prodej<\/b>, pochopen\u00ed jej\u00edho presti\u017en\u00edho p\u016fvodu a genetick\u00e9 v\u00fdbavy je kl\u00ed\u010dem k pochopen\u00ed jej\u00edho jedine\u010dn\u00e9ho postaven\u00ed na trhu s konop\u00edm. Toto podrobn\u00e9 pozad\u00ed je z\u00e1rukou, \u017ee dost\u00e1v\u00e1te produkt s ov\u011b\u0159en\u00fdm a proslul\u00fdm p\u016fvodem, co\u017e posiluje n\u00e1\u0161 z\u00e1vazek nab\u00edzet pouze <b>Nejlep\u0161\u00ed dostupn\u00fd Larry OG Shatter<\/b> v chemsfine. Kvalita tohoto <b>OG Shatter<\/b> je skute\u010dn\u011b v\u00fdjime\u010dn\u00fd.<\/p>\n<h2>Za\u017eijte siln\u00e9 \u00fa\u010dinky Larryho OG Shatteru<\/h2>\n<p>Velmi vyhled\u00e1van\u00fd <b>Larry OG Shatter<\/b> je proslul\u00fd t\u00edm, \u017ee vyvol\u00e1v\u00e1 siln\u00e9, ale z\u00e1rove\u0148 pozoruhodn\u011b snadn\u00e9 t\u011blesn\u00e9 vzru\u0161en\u00ed. Tento v\u00fdrazn\u00fd \u00fa\u010dinek umo\u017e\u0148uje u\u017eivatel\u016fm dos\u00e1hnout hlubok\u00e9ho stavu relaxace a z\u00e1rove\u0148 si zachovat jasnost a motivaci k pln\u011bn\u00ed \u00fakol\u016f. Na rozd\u00edl od n\u011bkter\u00fdch kmen\u016f, kter\u00e9 mohou vyvolat ohromuj\u00edc\u00ed sedaci, \u00fa\u010dinky <b>Larry OG Shatter<\/b> jsou neust\u00e1le popisov\u00e1ny jako vesel\u00e9 a povzn\u00e1\u0161ej\u00edc\u00ed, ale z\u00e1rove\u0148 dokonale vyv\u00e1\u017een\u00e9 a nikdy neohromuj\u00edc\u00ed. Tato harmonick\u00e1 sm\u011bs klidu a funk\u010dnosti z n\u00ed \u010din\u00ed v\u00fdjime\u010dnou volbu pro r\u016fzn\u00e9 p\u0159\u00edle\u017eitosti, od uklidn\u011bn\u00ed po dlouh\u00e9m dni a\u017e po podporu kreativity. Kdy\u017e se rozhodnete <b>Objednat Larry OG Shatter online<\/b>, vyb\u00edr\u00e1te si z\u00e1\u017eitek, kter\u00fd p\u0159in\u00e1\u0161\u00ed konzistentn\u00ed a p\u0159\u00edjemn\u00e9 \u00fa\u010dinky, \u010d\u00edm\u017e se odli\u0161uje jako pr\u00e9miov\u00fd koncentr\u00e1t. Db\u00e1me na to, aby n\u00e1\u0161 <b>\u0160pi\u010dkov\u00e1 kvalita Larry OG Shatter<\/b> poskytuje autentick\u00fd z\u00e1\u017eitek, kter\u00fd o\u010dek\u00e1v\u00e1te, a usnad\u0148uje v\u00e1m <b>Koupit nyn\u00ed online<\/b> z chemsfine. Objevte skute\u010dn\u00fd potenci\u00e1l pr\u00e9miov\u00fdch produkt\u016f <b>OG Shatter<\/b> p\u0159i ka\u017ed\u00e9m pou\u017eit\u00ed. Pro ty, kte\u0159\u00ed ocen\u00ed vysoce kvalitn\u00ed koncentr\u00e1ty a dal\u0161\u00ed laboratorn\u011b testovan\u00e9 l\u00e1tky, prozkoumejte na\u0161i nab\u00eddku. <a href=\"https:\/\/chemsfine.com\/cs\/produkt\/cocaine-purity-99-percent-buy-online\/\">v\u00fdrobky vysok\u00e9 \u010distoty na prodej<\/a> v chemsfine.<\/p>\n<h2>V\u016fn\u011b a vzhled: Charakteristick\u00e9 vlastnosti Larryho OG<\/h2>\n<p>V souladu se sv\u00fdm uzn\u00e1van\u00fdm rodokmenem, zejm\u00e9na dal\u0161\u00edmi \u010dleny ikonick\u00e9 \u0159ady <b>OG Kush<\/b> rodina, <b>Larry OG Shatter<\/b> vykazuje velmi \u010distou a n\u00e1padn\u011b borovicovou v\u016fni. Tato sv\u011b\u017e\u00ed, zemit\u00e1 v\u016fn\u011b je charakteristick\u00fdm znakem tohoto kmene a v\u00fdznamn\u011b p\u0159isp\u00edv\u00e1 k jeho celkov\u00e9 p\u0159ita\u017elivosti, nebo\u0165 poskytuje pohlcuj\u00edc\u00ed smyslov\u00fd z\u00e1\u017eitek. Krom\u011b podmaniv\u00e9 v\u016fn\u011b jsou fyzik\u00e1ln\u00ed vlastnosti <b>Larry OG Shatter<\/b> jsou stejn\u011b p\u016fsobiv\u00e9. Nugy, z nich\u017e se tento shatter vyr\u00e1b\u00ed, b\u00fdvaj\u00ed hust\u00e9 a robustn\u00ed, co\u017e sv\u011bd\u010d\u00ed o kvalitn\u00ed a dob\u0159e vyvinut\u00e9 rostlin\u011b. Charakteristick\u00fdm rysem je p\u0159\u00edtomnost v\u00fdrazn\u00fdch \u017e\u00edhan\u00fdch oran\u017eov\u00fdch chloupk\u016f, kter\u00e9 jsou v\u00fdrazn\u011b del\u0161\u00ed ne\u017e pr\u016fm\u011br, co\u017e p\u0159isp\u00edv\u00e1 k jedine\u010dn\u00e9mu vizu\u00e1ln\u00edmu p\u016fvabu tohoto kmene. Tyto z\u00e1\u0159iv\u00e9 vizu\u00e1ln\u00ed znaky v kombinaci s charakteristick\u00fdm aroma jsou ukazateli, \u017ee se jedn\u00e1 o <b>Autentick\u00fd Larry OG Shatter<\/b> kter\u00e9 chemsfine hrd\u011b nab\u00edz\u00ed. Ti, kte\u0159\u00ed cht\u011bj\u00ed <b>Koupit Larry OG Shatter na prodej<\/b> ocen\u00ed tyto charakteristick\u00e9 vlastnosti, kter\u00e9 potvrzuj\u00ed vynikaj\u00edc\u00ed \u0159emesln\u00e9 zpracov\u00e1n\u00ed tohoto v\u00fdjime\u010dn\u00e9ho v\u00fdrobku. Tento v\u00fdjime\u010dn\u00fd <b>OG Shatter<\/b> skute\u010dn\u011b vynik\u00e1.<\/p>\n<h2>Pro\u010d si pro n\u00e1kup \u0161atteru Larry OG vybrat chemsfine?<\/h2>\n<p>V chemsfine se sna\u017e\u00edme b\u00fdt va\u0161\u00ed hlavn\u00ed destinac\u00ed pro <b>Nejlep\u0161\u00ed dostupn\u00fd Larry OG Shatter<\/b>. N\u00e1\u0161 z\u00e1vazek k dokonalosti se odr\u00e1\u017e\u00ed v ka\u017ed\u00e9m aspektu na\u0161ich slu\u017eeb a nab\u00eddky produkt\u016f. Db\u00e1me na to, aby v\u0161echny na\u0161e shatterov\u00e9 produkty, v\u010detn\u011b Larryho OG, byly d\u016fsledn\u011b kontrolov\u00e1ny. <b>laboratorn\u011b testov\u00e1no na \u00fa\u010dinnost<\/b>, \u010distotu a bezpe\u010dnost, co\u017e v\u00e1m zajist\u00ed jistotu p\u0159i ka\u017ed\u00e9m n\u00e1kupu. <b>OG Shatter<\/b>. Sna\u017e\u00edme se tak\u00e9 nab\u00edzet nejkonkurenceschopn\u011bj\u0161\u00ed <b>Nab\u00eddky SHATTER<\/b>, \u010d\u00edm\u017e se vysoce kvalitn\u00ed konopn\u00e9 koncentr\u00e1ty st\u00e1vaj\u00ed dostupn\u00fdmi, ani\u017e by byly ohro\u017eeny standardy. Kdy\u017e se rozhodnete <b>Koupit Larry OG Shatter online<\/b> prost\u0159ednictv\u00edm chemsfine m\u016f\u017eete vyu\u017e\u00edt na\u0161eho p\u0159\u00edslibu. <b>Diskr\u00e9tn\u00ed, rychl\u00e1 a bezpe\u010dn\u00e1 z\u00e1silkov\u00e1 slu\u017eba Marihuana<\/b> slu\u017eby. Up\u0159ednost\u0148ujeme va\u0161e soukrom\u00ed a db\u00e1me na to, aby ka\u017ed\u00e1 objedn\u00e1vka byla zpracov\u00e1na s maxim\u00e1ln\u00ed p\u00e9\u010d\u00ed, od balen\u00ed a\u017e po doru\u010den\u00ed. N\u00e1\u0161 bezpe\u010dn\u00fd n\u00e1kupn\u00ed proces a spolehliv\u00e9 mo\u017enosti p\u0159epravy jsou navr\u017eeny tak, aby na\u0161im v\u00e1\u017een\u00fdm z\u00e1kazn\u00edk\u016fm poskytovaly bezprobl\u00e9mov\u00fd z\u00e1\u017eitek. Pro ty, kte\u0159\u00ed maj\u00ed z\u00e1jem prozkoumat \u0161ir\u0161\u00ed \u0161k\u00e1lu vysoce kvalitn\u00edch produkt\u016f, zva\u017ete na\u0161e mo\u017enosti, jako nap\u0159. <a href=\"https:\/\/chemsfine.com\/cs\/produkt\/cocaine-purity-99-percent-buy-online\/\">Vysok\u00e1 \u010distota na prodej<\/a> chemik\u00e1lie nebo <a href=\"https:\/\/chemsfine.com\/cs\/produkt\/buy-n-ethylhexedrone-online\/\">V\u00fdzkumn\u00fd stupe\u0148 na prodej<\/a> slou\u010deniny, kter\u00e9 jsou k dispozici pro <b>Bezpe\u010dn\u00fd n\u00e1kup<\/b> v chemsfine. Umo\u017e\u0148ujeme jednoduch\u00e9 a bezpe\u010dn\u00e9 <b>Koupit nyn\u00ed online<\/b>.<\/p>\n<h2>Objedn\u00e1vka Larry OG Shatter: Bezpe\u010dn\u011b a pohodln\u011b<\/h2>\n<p>Volba <b>Objednat Larry OG Shatter online<\/b> od spole\u010dnosti chemsfine znamen\u00e1 volbu bezkonkuren\u010dn\u00edho pohodl\u00ed a robustn\u00edho zabezpe\u010den\u00ed. N\u00e1\u0161 zjednodu\u0161en\u00fd proces z\u00e1silkov\u00e9ho prodeje je pe\u010dliv\u011b navr\u017een tak, aby zajistil, \u017ee se k v\u00e1m po\u017eadovan\u00fd pr\u00e9miov\u00fd produkt dostane diskr\u00e9tn\u011b a efektivn\u011b. Jsme nesm\u00edrn\u011b hrd\u00ed na to, \u017ee p\u011bstujeme <b>Bezpe\u010dn\u00fd n\u00e1kup<\/b> prost\u0159ed\u00ed, pe\u010dliv\u011b chr\u00e1n\u00ed va\u0161e osobn\u00ed \u00fadaje a zaru\u010duje bezpe\u010dnost ka\u017ed\u00e9 transakce. Cel\u00e1 cesta k z\u00edsk\u00e1n\u00ed <b>Larry OG Shatter<\/b> z na\u0161\u00ed platformy je vytvo\u0159en tak, aby byl naprosto bezprobl\u00e9mov\u00fd a zahrnoval v\u0161e od snadn\u00e9ho proch\u00e1zen\u00ed na\u0161\u00ed vybran\u00e9 nab\u00eddky a\u017e po kone\u010dn\u00e9 bezpe\u010dn\u00e9 doru\u010den\u00ed a\u017e k va\u0161im dve\u0159\u00edm. Tento neochv\u011bjn\u00fd z\u00e1vazek k maxim\u00e1ln\u00ed spokojenosti z\u00e1kazn\u00edk\u016f hluboce posiluje, pro\u010d je chemsfine \u0161iroce uzn\u00e1v\u00e1n jako p\u0159edn\u00ed a d\u016fv\u011bryhodn\u00fd poskytovatel pro n\u00e1ro\u010dn\u00e9 jedince, kte\u0159\u00ed cht\u011bj\u00ed <b>Koupit Larry OG Shatter na prodej<\/b>. Za\u017eijte pohodu a klid, kter\u00e9 p\u0159in\u00e1\u0161\u00ed n\u00e1\u0161 profesion\u00e1ln\u00ed servis, d\u00edky n\u011bmu\u017e m\u016f\u017eete bez obav. <b>Koupit Larry OG Shatter online<\/b> dnes.<\/p>\n<h2>Z\u00e1v\u011br: V\u00e1\u0161 hlavn\u00ed zdroj autentick\u00e9ho Larry OG Shatteru<\/h2>\n<p>Z\u00e1v\u011brem lze \u0159\u00edci, \u017ee pro n\u00e1ro\u010dn\u00e9 z\u00e1kazn\u00edky, kte\u0159\u00ed hledaj\u00ed nejlep\u0161\u00ed a nejkvalitn\u011bj\u0161\u00ed <b>Autentick\u00fd Larry OG Shatter<\/b>, chemsfine hrd\u011b vystupuje jako hlavn\u00ed online destinace. Na\u0161e neochv\u011bjn\u00e9 odhodl\u00e1n\u00ed poskytovat <b>\u0160pi\u010dkov\u00e1 kvalita Larry OG Shatter<\/b>, pe\u010dliv\u011b spojen\u00fd s mimo\u0159\u00e1dn\u011b bezpe\u010dn\u00fdm a diskr\u00e9tn\u00edm n\u00e1kupn\u00edm procesem, zaji\u0161\u0165uje jedine\u010dn\u00fd a uspokojiv\u00fd z\u00e1\u017eitek z ka\u017ed\u00e9 objedn\u00e1vky. Srde\u010dn\u011b v\u00e1s zveme k prozkoum\u00e1n\u00ed a pln\u00e9mu ocen\u011bn\u00ed v\u00fdrazn\u00fdch vlastnost\u00ed, pozoruhodn\u00e9ho aroma a siln\u00fdch, ale vyv\u00e1\u017een\u00fdch \u00fa\u010dink\u016f tohoto v\u00fdjime\u010dn\u00e9ho hybridn\u00edho shatteru s p\u0159evahou indiky. Ud\u011blejte sv\u016fj p\u0159\u00ed\u0161t\u00ed n\u00e1kup koncentr\u00e1tu s naprostou jistotou a sebev\u011bdom\u00edm <b>Koupit Larry OG Shatter na prodej<\/b> v chemsfine dnes. Vyzkou\u0161ejte si hmatateln\u00fd rozd\u00edl, kter\u00fd skute\u010dn\u011b p\u0159ich\u00e1z\u00ed s volbou <b>Nejlep\u0161\u00ed dostupn\u00fd Larry OG Shatter<\/b> od skute\u010dn\u011b renomovan\u00e9ho a z\u00e1kaznicky orientovan\u00e9ho zdroje.<\/p>","protected":false},"excerpt":{"rendered":"<p>Zku\u0161enosti <b>Larry OG Shatter<\/b>, hybrid s p\u0159evahou indiky, kter\u00fd nab\u00edz\u00ed siln\u00e9 uvoln\u011bn\u00ed t\u011bla bez ohromuj\u00edc\u00edch \u00fa\u010dink\u016f. Tento shatter nejvy\u0161\u0161\u00ed kvality, zn\u00e1m\u00fd pro sv\u00e9 \u010dist\u00e9, borovicov\u00e9 aroma a hust\u00e9 hrudky, je laboratorn\u011b testov\u00e1n na \u010distotu. Najdete na . <b>OG Shatter<\/b> na prodej a <b>koupit u chemsfine<\/b> pro autentick\u00fd a uspokojiv\u00fd z\u00e1\u017eitek.<\/p>","protected":false},"featured_media":6746,"comment_status":"open","ping_status":"closed","template":"","meta":{"_joinchat":[]},"product_brand":[],"product_cat":[979],"product_tag":[],"class_list":{"0":"post-6705","1":"product","2":"type-product","3":"status-publish","4":"has-post-thumbnail","6":"product_cat-shatter","8":"first","9":"instock","10":"shipping-taxable","11":"purchasable","12":"product-type-variable"},"yoast_head":"<!-- This site is optimized with the Yoast SEO plugin v27.2 - https:\/\/yoast.com\/product\/yoast-seo-wordpress\/ -->\n<title>Buy Larry OG Shatter Online | Best Price &amp; Quality Available<\/title>\n<meta name=\"description\" content=\"Discover Larry OG Shatter for sale at chemsfine. Get top-quality, lab-tested Indica-dominant hybrid shatter with a potent body buzz. Buy online now for discreet delivery!\" \/>\n<meta name=\"robots\" content=\"index, follow, max-snippet:-1, max-image-preview:large, max-video-preview:-1\" \/>\n<link rel=\"canonical\" href=\"https:\/\/chemsfine.com\/cs\/produkt\/buy-larry-og-shatter\/\" \/>\n<meta property=\"og:locale\" content=\"cs_CZ\" \/>\n<meta property=\"og:type\" content=\"article\" \/>\n<meta property=\"og:title\" content=\"Buy Larry OG Shatter Online | Best Price &amp; Quality Available\" \/>\n<meta property=\"og:description\" content=\"Discover Larry OG Shatter for sale at chemsfine. Get top-quality, lab-tested Indica-dominant hybrid shatter with a potent body buzz. Buy online now for discreet delivery!\" \/>\n<meta property=\"og:url\" content=\"https:\/\/chemsfine.com\/cs\/produkt\/buy-larry-og-shatter\/\" \/>\n<meta property=\"og:site_name\" content=\"Chemsfine\" \/>\n<meta property=\"article:modified_time\" content=\"2026-03-25T12:28:00+00:00\" \/>\n<meta property=\"og:image\" content=\"https:\/\/chemsfine.com\/wp-content\/uploads\/2026\/02\/larry-og-shatter-online-dispensary-canada-bulk-buddy-1.jpg\" \/>\n\t<meta property=\"og:image:width\" content=\"500\" \/>\n\t<meta property=\"og:image:height\" content=\"500\" \/>\n\t<meta property=\"og:image:type\" content=\"image\/jpeg\" \/>\n<meta name=\"twitter:card\" content=\"summary_large_image\" \/>\n<meta name=\"twitter:label1\" content=\"Odhadovan\u00e1 doba \u010dten\u00ed\" \/>\n\t<meta name=\"twitter:data1\" content=\"5 minut\" \/>\n<script type=\"application\/ld+json\" class=\"yoast-schema-graph\">{\"@context\":\"https:\/\/schema.org\",\"@graph\":[{\"@type\":\"WebPage\",\"@id\":\"https:\/\/chemsfine.com\/product\/buy-larry-og-shatter\/\",\"url\":\"https:\/\/chemsfine.com\/product\/buy-larry-og-shatter\/\",\"name\":\"Buy Larry OG Shatter Online | Best Price &amp; Quality Available\",\"isPartOf\":{\"@id\":\"https:\/\/chemsfine.com\/#website\"},\"primaryImageOfPage\":{\"@id\":\"https:\/\/chemsfine.com\/product\/buy-larry-og-shatter\/#primaryimage\"},\"image\":{\"@id\":\"https:\/\/chemsfine.com\/product\/buy-larry-og-shatter\/#primaryimage\"},\"thumbnailUrl\":\"https:\/\/chemsfine.com\/wp-content\/uploads\/2026\/02\/larry-og-shatter-online-dispensary-canada-bulk-buddy-1.jpg\",\"datePublished\":\"2026-02-12T10:11:23+00:00\",\"dateModified\":\"2026-03-25T12:28:00+00:00\",\"description\":\"Discover Larry OG Shatter for sale at chemsfine. Get top-quality, lab-tested Indica-dominant hybrid shatter with a potent body buzz. Buy online now for discreet delivery!\",\"breadcrumb\":{\"@id\":\"https:\/\/chemsfine.com\/product\/buy-larry-og-shatter\/#breadcrumb\"},\"inLanguage\":\"cs\",\"potentialAction\":[{\"@type\":\"ReadAction\",\"target\":[\"https:\/\/chemsfine.com\/product\/buy-larry-og-shatter\/\"]}]},{\"@type\":\"ImageObject\",\"inLanguage\":\"cs\",\"@id\":\"https:\/\/chemsfine.com\/product\/buy-larry-og-shatter\/#primaryimage\",\"url\":\"https:\/\/chemsfine.com\/wp-content\/uploads\/2026\/02\/larry-og-shatter-online-dispensary-canada-bulk-buddy-1.jpg\",\"contentUrl\":\"https:\/\/chemsfine.com\/wp-content\/uploads\/2026\/02\/larry-og-shatter-online-dispensary-canada-bulk-buddy-1.jpg\",\"width\":500,\"height\":500},{\"@type\":\"BreadcrumbList\",\"@id\":\"https:\/\/chemsfine.com\/product\/buy-larry-og-shatter\/#breadcrumb\",\"itemListElement\":[{\"@type\":\"ListItem\",\"position\":1,\"name\":\"Home\",\"item\":\"https:\/\/chemsfine.com\/\"},{\"@type\":\"ListItem\",\"position\":2,\"name\":\"Shop\",\"item\":\"https:\/\/chemsfine.com\/shop\/\"},{\"@type\":\"ListItem\",\"position\":3,\"name\":\"Larry OG Shatter for Sale | Buy Premium OG Shatter Online\"}]},{\"@type\":\"WebSite\",\"@id\":\"https:\/\/chemsfine.com\/#website\",\"url\":\"https:\/\/chemsfine.com\/\",\"name\":\"Chemsfine\",\"description\":\"My WordPress Blog\",\"publisher\":{\"@id\":\"https:\/\/chemsfine.com\/#organization\"},\"potentialAction\":[{\"@type\":\"SearchAction\",\"target\":{\"@type\":\"EntryPoint\",\"urlTemplate\":\"https:\/\/chemsfine.com\/?s={search_term_string}\"},\"query-input\":{\"@type\":\"PropertyValueSpecification\",\"valueRequired\":true,\"valueName\":\"search_term_string\"}}],\"inLanguage\":\"cs\"},{\"@type\":\"Organization\",\"@id\":\"https:\/\/chemsfine.com\/#organization\",\"name\":\"Chemsfine\",\"url\":\"https:\/\/chemsfine.com\/\",\"logo\":{\"@type\":\"ImageObject\",\"inLanguage\":\"cs\",\"@id\":\"https:\/\/chemsfine.com\/#\/schema\/logo\/image\/\",\"url\":\"https:\/\/chemsfine.com\/wp-content\/uploads\/2024\/09\/final-logo.png\",\"contentUrl\":\"https:\/\/chemsfine.com\/wp-content\/uploads\/2024\/09\/final-logo.png\",\"width\":340,\"height\":72,\"caption\":\"Chemsfine\"},\"image\":{\"@id\":\"https:\/\/chemsfine.com\/#\/schema\/logo\/image\/\"}}]}<\/script>\n<!-- \/ Yoast SEO plugin. -->","yoast_head_json":{"title":"Koupit Larry OG Shatter online | Nejlep\u0161\u00ed dostupn\u00e1 cena a kvalita","description":"Objevte Larry OG Shatter na prodej na chemsfine. Z\u00edskejte vysoce kvalitn\u00ed, laboratorn\u011b testovan\u00fd hybridn\u00ed shatter s dominanc\u00ed indiky a siln\u00fdm t\u011blesn\u00fdm bzu\u010den\u00edm. Nakupujte nyn\u00ed online pro diskr\u00e9tn\u00ed doru\u010den\u00ed!","robots":{"index":"index","follow":"follow","max-snippet":"max-snippet:-1","max-image-preview":"max-image-preview:large","max-video-preview":"max-video-preview:-1"},"canonical":"https:\/\/chemsfine.com\/cs\/produkt\/buy-larry-og-shatter\/","og_locale":"cs_CZ","og_type":"article","og_title":"Buy Larry OG Shatter Online | Best Price &amp; Quality Available","og_description":"Discover Larry OG Shatter for sale at chemsfine. Get top-quality, lab-tested Indica-dominant hybrid shatter with a potent body buzz. Buy online now for discreet delivery!","og_url":"https:\/\/chemsfine.com\/cs\/produkt\/buy-larry-og-shatter\/","og_site_name":"Chemsfine","article_modified_time":"2026-03-25T12:28:00+00:00","og_image":[{"width":500,"height":500,"url":"https:\/\/chemsfine.com\/wp-content\/uploads\/2026\/02\/larry-og-shatter-online-dispensary-canada-bulk-buddy-1.jpg","type":"image\/jpeg"}],"twitter_card":"summary_large_image","twitter_misc":{"Odhadovan\u00e1 doba \u010dten\u00ed":"5 minut"},"schema":{"@context":"https:\/\/schema.org","@graph":[{"@type":"WebPage","@id":"https:\/\/chemsfine.com\/product\/buy-larry-og-shatter\/","url":"https:\/\/chemsfine.com\/product\/buy-larry-og-shatter\/","name":"Koupit Larry OG Shatter online | Nejlep\u0161\u00ed dostupn\u00e1 cena a kvalita","isPartOf":{"@id":"https:\/\/chemsfine.com\/#website"},"primaryImageOfPage":{"@id":"https:\/\/chemsfine.com\/product\/buy-larry-og-shatter\/#primaryimage"},"image":{"@id":"https:\/\/chemsfine.com\/product\/buy-larry-og-shatter\/#primaryimage"},"thumbnailUrl":"https:\/\/chemsfine.com\/wp-content\/uploads\/2026\/02\/larry-og-shatter-online-dispensary-canada-bulk-buddy-1.jpg","datePublished":"2026-02-12T10:11:23+00:00","dateModified":"2026-03-25T12:28:00+00:00","description":"Objevte Larry OG Shatter na prodej na chemsfine. Z\u00edskejte vysoce kvalitn\u00ed, laboratorn\u011b testovan\u00fd hybridn\u00ed shatter s dominanc\u00ed indiky a siln\u00fdm t\u011blesn\u00fdm bzu\u010den\u00edm. Nakupujte nyn\u00ed online pro diskr\u00e9tn\u00ed doru\u010den\u00ed!","breadcrumb":{"@id":"https:\/\/chemsfine.com\/product\/buy-larry-og-shatter\/#breadcrumb"},"inLanguage":"cs","potentialAction":[{"@type":"ReadAction","target":["https:\/\/chemsfine.com\/product\/buy-larry-og-shatter\/"]}]},{"@type":"ImageObject","inLanguage":"cs","@id":"https:\/\/chemsfine.com\/product\/buy-larry-og-shatter\/#primaryimage","url":"https:\/\/chemsfine.com\/wp-content\/uploads\/2026\/02\/larry-og-shatter-online-dispensary-canada-bulk-buddy-1.jpg","contentUrl":"https:\/\/chemsfine.com\/wp-content\/uploads\/2026\/02\/larry-og-shatter-online-dispensary-canada-bulk-buddy-1.jpg","width":500,"height":500},{"@type":"BreadcrumbList","@id":"https:\/\/chemsfine.com\/product\/buy-larry-og-shatter\/#breadcrumb","itemListElement":[{"@type":"ListItem","position":1,"name":"Home","item":"https:\/\/chemsfine.com\/"},{"@type":"ListItem","position":2,"name":"Shop","item":"https:\/\/chemsfine.com\/shop\/"},{"@type":"ListItem","position":3,"name":"Larry OG Shatter for Sale | Buy Premium OG Shatter Online"}]},{"@type":"WebSite","@id":"https:\/\/chemsfine.com\/#website","url":"https:\/\/chemsfine.com\/","name":"Chemsfine","description":"M\u016fj blog WordPress","publisher":{"@id":"https:\/\/chemsfine.com\/#organization"},"potentialAction":[{"@type":"SearchAction","target":{"@type":"EntryPoint","urlTemplate":"https:\/\/chemsfine.com\/?s={search_term_string}"},"query-input":{"@type":"PropertyValueSpecification","valueRequired":true,"valueName":"search_term_string"}}],"inLanguage":"cs"},{"@type":"Organization","@id":"https:\/\/chemsfine.com\/#organization","name":"Chemsfine","url":"https:\/\/chemsfine.com\/","logo":{"@type":"ImageObject","inLanguage":"cs","@id":"https:\/\/chemsfine.com\/#\/schema\/logo\/image\/","url":"https:\/\/chemsfine.com\/wp-content\/uploads\/2024\/09\/final-logo.png","contentUrl":"https:\/\/chemsfine.com\/wp-content\/uploads\/2024\/09\/final-logo.png","width":340,"height":72,"caption":"Chemsfine"},"image":{"@id":"https:\/\/chemsfine.com\/#\/schema\/logo\/image\/"}}]}},"_links":{"self":[{"href":"https:\/\/chemsfine.com\/cs\/wp-json\/wp\/v2\/product\/6705","targetHints":{"allow":["GET"]}}],"collection":[{"href":"https:\/\/chemsfine.com\/cs\/wp-json\/wp\/v2\/product"}],"about":[{"href":"https:\/\/chemsfine.com\/cs\/wp-json\/wp\/v2\/types\/product"}],"replies":[{"embeddable":true,"href":"https:\/\/chemsfine.com\/cs\/wp-json\/wp\/v2\/comments?post=6705"}],"wp:featuredmedia":[{"embeddable":true,"href":"https:\/\/chemsfine.com\/cs\/wp-json\/wp\/v2\/media\/6746"}],"wp:attachment":[{"href":"https:\/\/chemsfine.com\/cs\/wp-json\/wp\/v2\/media?parent=6705"}],"wp:term":[{"taxonomy":"product_brand","embeddable":true,"href":"https:\/\/chemsfine.com\/cs\/wp-json\/wp\/v2\/product_brand?post=6705"},{"taxonomy":"product_cat","embeddable":true,"href":"https:\/\/chemsfine.com\/cs\/wp-json\/wp\/v2\/product_cat?post=6705"},{"taxonomy":"product_tag","embeddable":true,"href":"https:\/\/chemsfine.com\/cs\/wp-json\/wp\/v2\/product_tag?post=6705"}],"curies":[{"name":"wp","href":"https:\/\/api.w.org\/{rel}","templated":true}]}}