{"id":6708,"date":"2026-02-12T10:11:24","date_gmt":"2026-02-12T10:11:24","guid":{"rendered":"https:\/\/chemsfine.com\/?post_type=product&#038;p=6708"},"modified":"2026-03-25T12:27:10","modified_gmt":"2026-03-25T12:27:10","slug":"buy-layer-cake-shatter","status":"publish","type":"product","link":"https:\/\/chemsfine.com\/cs\/product\/buy-layer-cake-shatter\/","title":{"rendered":"Layer Cake Shatter | Pr\u00e9miov\u00fd hybridn\u00ed koncentr\u00e1t Indica - Chemsfine"},"content":{"rendered":"<h1>Koupit hybridn\u00ed konopn\u00fd kmen Layer Cake s dominanc\u00ed indiky exkluzivn\u011b v online l\u00e9k\u00e1rn\u011b Chemsfine<\/h1>\n<p>Vydejte se na cestu hlubok\u00e9 relaxace a povznesen\u00fdch z\u00e1\u017eitk\u016f s <b>Layer Cake Shatter<\/b>, mimo\u0159\u00e1dn\u011b siln\u00fd hybridn\u00ed koncentr\u00e1t s p\u0159evahou indiky. Pokud hled\u00e1te <b>Koupit Layer Cake Shatter na prodej<\/b>, Chemsfine nab\u00edz\u00ed bezkonkuren\u010dn\u00ed v\u00fdb\u011br konopn\u00fdch extrakt\u016f nejvy\u0161\u0161\u00ed kvality, co\u017e zaru\u010duje v\u017edy prvot\u0159\u00eddn\u00ed a konzistentn\u00ed produkt. D\u00edky na\u0161emu z\u00e1vazku k dokonalosti obdr\u017e\u00edte pouze ty nejlep\u0161\u00ed koncentr\u00e1ty, pe\u010dliv\u011b vyroben\u00e9 a p\u0159\u00edsn\u011b testovan\u00e9. Vyzkou\u0161ejte hlubok\u00e9 \u00fa\u010dinky a bohat\u00fd profil tohoto pozoruhodn\u00e9ho shatteru, kter\u00fd je nyn\u00ed snadno dostupn\u00fd pro va\u0161e pohodl\u00ed.<\/p>\n<h2>Co je Layer Cake Shatter?<\/h2>\n<p>Layer Cake Shatter je zn\u00e1m\u00fd jako obl\u00edben\u00fd, vysoce v\u00fdkonn\u00fd konopn\u00fd kmen s p\u0159evahou indiky, kter\u00fd byl odborn\u011b transformov\u00e1n do vysoce koncentrovan\u00e9ho \u0161atteru. D\u00edky sv\u00e9mu jedine\u010dn\u00e9mu p\u016fvodu, kter\u00fd pravd\u011bpodobn\u011b poch\u00e1z\u00ed z uzn\u00e1van\u00fdch zahrad Swamp Boys Seeds, je pro znalce v\u00fdjime\u010dnou volbou. Tento vynikaj\u00edc\u00ed koncentr\u00e1t poch\u00e1z\u00ed ze slo\u017eit\u00e9ho t\u0159\u00edcestn\u00e9ho k\u0159\u00ed\u017een\u00ed zahrnuj\u00edc\u00edho \u010dty\u0159i r\u016fzn\u00e9 kmeny, jeho\u017e v\u00fdsledkem je bohat\u00e1 genetick\u00e1 tapiserie. Z technick\u00e9ho hlediska znamen\u00e1 Layer Cake Shatter, podobn\u011b jako stejnojmenn\u00fd dezert, pe\u010dliv\u011b zkonstruovan\u00e9 vrstven\u00ed r\u016fzn\u00fdch prvk\u016f, kter\u00e9 vytv\u00e1\u0159\u00ed vynikaj\u00edc\u00ed celek. Slo\u017eit\u00e9 genetick\u00e9 vrstven\u00ed tohoto kmene tuto definici skute\u010dn\u011b zt\u011bles\u0148uje a p\u0159in\u00e1\u0161\u00ed mnohostrann\u00fd z\u00e1\u017eitek.<\/p>\n<p>Genetick\u00fd z\u00e1klad tohoto v\u00fdjime\u010dn\u00e9ho shatteru za\u010d\u00edn\u00e1 u <b><a href=\"https:\/\/chemsfine.com\/cs\/produkt\/1937-princess-haze-sativa-hybrid-koupit-online\/\">Triangle Kush<\/a><\/b>, vysoce cen\u011bn\u00fd kmen, kter\u00fd je pe\u010dliv\u011b k\u0159\u00ed\u017een se Skunkem. Tento z\u00e1kladn\u00ed k\u0159\u00ed\u017eenec je pak d\u00e1le obohacen o k\u0159\u00ed\u017een\u00ed s odr\u016fdou <b><a href=\"https:\/\/chemsfine.com\/cs\/produkt\/koupit-fenibutovy-prasek-online\/\">GMO<\/a><\/b> (v\u0161eobecn\u011b zn\u00e1m\u00e9 tak\u00e9 jako \u010desnekov\u00e9 su\u0161enky). Posledn\u00ed vrstvou tohoto genetick\u00e9ho mistrovsk\u00e9ho d\u00edla je p\u0159id\u00e1n\u00ed velmi popul\u00e1rn\u00edch <b>Svatebn\u00ed dort<\/b> kmen. Tato komplexn\u00ed f\u00faze genetiky zn\u00ed p\u0159esn\u011b jako definice vrstven\u00e9ho dortu, dokonale vytvo\u0159en\u00e9ho s harmonickou sm\u011bs\u00ed chut\u00ed, \u00fa\u010dink\u016f a s\u00edly, kter\u00e1 \u010dasto vrchol\u00ed lahodnou vrstvou kiefu jako kone\u010dn\u00e9 n\u00e1pln\u011b.<\/p>\n<p>P\u0159i zkoum\u00e1n\u00ed p\u016fvodn\u00edho kv\u011btu, z n\u011bho\u017e <b>Layer Cake Shatter<\/b> se vyzna\u010duj\u00ed z\u00e1\u0159iv\u00fdm vzhledem s jasn\u011b oran\u017eov\u00fdmi chom\u00e1\u010dky pest\u00edk\u016f, kter\u00e9 jsou protk\u00e1ny rozmyt\u00fdmi zlat\u00fdmi trichomy, a to v\u0161e na pozad\u00ed mohutn\u00fdch, hust\u00fdch kapradinov\u011b zelen\u00fdch list\u016f. Tato vizu\u00e1ln\u00ed bohatost napov\u00edd\u00e1 o s\u00edle a kvalit\u011b, kter\u00e1 je v shatteru soust\u0159ed\u011bna. Vzhledem k mimo\u0159\u00e1dn\u011b vysok\u00e9mu obsahu kiefu, kter\u00fd je \u010dasto p\u0159\u00edtomen v p\u016fvodn\u00edm rostlinn\u00e9m materi\u00e1lu, se p\u0159i manipulaci s pupeny doporu\u010duje pou\u017e\u00edvat podlo\u017eku, kter\u00e1 minimalizuje p\u0159\u00edpadn\u00e9 ztr\u00e1ty t\u011bchto vz\u00e1cn\u00fdch a siln\u00fdch prysky\u0159ic. V\u00fdsledkem je shatter bohat\u00fd na kanabinoidy a terpeny, kter\u00fd nab\u00edz\u00ed siln\u00fd a autentick\u00fd z\u00e1\u017eitek. Vyberte si <b>Shatter Layer Cake nejvy\u0161\u0161\u00ed kvality<\/b> pro jedine\u010dn\u00fd z\u00e1\u017eitek ze soust\u0159ed\u011bn\u00ed.<\/p>\n<h2>Pro\u010d koupit Layer Cake Shatter online u Chemsfine?<\/h2>\n<p>Volba m\u00edsta n\u00e1kupu konopn\u00fdch koncentr\u00e1t\u016f je z\u00e1sadn\u00ed rozhodnut\u00ed a Chemsfine je v prost\u0159ed\u00ed online v\u00fddejen maj\u00e1kem d\u016fv\u011bry a spolehlivosti. Kdy\u017e se rozhodnete <b>Koupit Layer Cake Shatter online<\/b> od n\u00e1s, si vyb\u00edr\u00e1te z\u00e1ruku \u010distoty, \u00fa\u010dinnosti a profesionality. Jsme odhodl\u00e1ni poskytovat <b>Nejlep\u0161\u00ed dostupn\u00fd shatter Layer Cake<\/b> na trhu, kter\u00e9 se op\u00edraj\u00ed o p\u0159\u00edsnou kontrolu kvality a transparentn\u00ed procesy. Na\u0161e koncentr\u00e1ty, v\u010detn\u011b <b><a href=\"https:\/\/chemsfine.com\/cs\/produkt\/1937-princess-haze-sativa-hybrid-koupit-online\/\">Princess Haze Sativa Hybrid<\/a><\/b>, jsou p\u0159\u00edsn\u011b laboratorn\u011b testov\u00e1ny na \u00fa\u010dinnost, \u010distotu a bezpe\u010dnost, co\u017e zaru\u010duje, \u017ee spl\u0148uj\u00ed nejvy\u0161\u0161\u00ed pr\u016fmyslov\u00e9 standardy. D\u00edky t\u00e9to oddanosti si m\u016f\u017eete s jistotou poka\u017ed\u00e9 vychutnat \u010dist\u00fd, nezka\u017een\u00fd produkt. Ch\u00e1peme d\u016fle\u017eitost bezpe\u010dn\u00fdch a diskr\u00e9tn\u00edch transakc\u00ed, a proto nab\u00edz\u00edme rychl\u00e9, diskr\u00e9tn\u00ed a bezpe\u010dn\u00e9 slu\u017eby z\u00e1silkov\u00e9ho prodeje marihuany v cel\u00e9 Kanad\u011b. Je\u0161t\u011b dnes v\u00fdrazn\u011b u\u0161et\u0159\u00edte, kdy\u017e prozkoum\u00e1te na\u0161e konkuren\u010dn\u00ed ceny a exkluzivn\u00ed nab\u00eddky pr\u00e9miov\u00fdch koncentr\u00e1t\u016f, jako je Layer Cake Shatter.<\/p>\n<h2>Aplikace Layer Cake Shatter<\/h2>\n<p>Layer Cake Shatter, hybrid s p\u0159evahou indiky, je velmi vyhled\u00e1van\u00fd pro svou v\u0161estrannost a hlubok\u00e9 \u00fa\u010dinky, d\u00edky \u010demu\u017e je vhodn\u00fd pro r\u016fzn\u00e9 aplikace mezi n\u00e1ro\u010dn\u00fdmi u\u017eivateli. D\u00edky sv\u00e9mu siln\u00e9mu profilu je ide\u00e1ln\u00ed pro:<\/p>\n<ul>\n<li><b>Relaxace a uvoln\u011bn\u00ed stresu:<\/b> Je zn\u00e1m\u00fd pro sv\u00e9 hluboce uklid\u0148uj\u00edc\u00ed vlastnosti, kter\u00e9 podporuj\u00ed du\u0161evn\u00ed klid.<\/li>\n<li><b>Ve\u010dern\u00ed pou\u017eit\u00ed:<\/b> \u010casto se d\u00edky sv\u00fdm uklid\u0148uj\u00edc\u00edm \u00fa\u010dink\u016fm hod\u00ed k uklidn\u011bn\u00ed po dlouh\u00e9m dni.<\/li>\n<li><b>L\u00e9\u010dba bolesti:<\/b> U\u017eivatel\u00e9 \u010dasto uv\u00e1d\u011bj\u00ed \u00falevu od chronick\u00e9 bolesti a svalov\u00fdch k\u0159e\u010d\u00ed.<\/li>\n<li><b>Stimulace chuti k j\u00eddlu:<\/b> M\u016f\u017ee pomoci povzbudit chu\u0165 k j\u00eddlu, co\u017e je prosp\u011b\u0161n\u00e9 pro ty, kte\u0159\u00ed poci\u0165uj\u00ed sn\u00ed\u017een\u00fd hlad.<\/li>\n<li><b>Podpora sp\u00e1nku:<\/b> D\u00edky sv\u00fdm siln\u00fdm indick\u00fdm vlastnostem je vynikaj\u00edc\u00ed volbou pro boj s nespavost\u00ed.<\/li>\n<li><b>Rekrea\u010dn\u00ed vy\u017eit\u00ed:<\/b> Nab\u00edz\u00ed hlubok\u00fd a pln\u00fd z\u00e1\u017eitek pro milovn\u00edky rekrea\u010dn\u00edho konop\u00ed.<\/li>\n<\/ul>\n<p>A\u0165 u\u017e hled\u00e1te terapeutick\u00e9 \u00fa\u010dinky, nebo hlubok\u00e9 a p\u0159\u00edjemn\u00e9 rekrea\u010dn\u00ed sezen\u00ed, <b>Autentick\u00fd shatter Layer Cake<\/b> od spole\u010dnosti Chemsfine p\u0159in\u00e1\u0161\u00ed konzistentn\u00ed a siln\u00fd z\u00e1\u017eitek.<\/p>\n<h2>Bezpe\u010dnost a dodr\u017eov\u00e1n\u00ed p\u0159edpis\u016f<\/h2>\n<p>Pro spole\u010dnost Chemsfine je bezpe\u010dnost a spokojenost na\u0161ich z\u00e1kazn\u00edk\u016f prvo\u0159ad\u00e1, zejm\u00e9na p\u0159i manipulaci s vysoce \u010dist\u00fdmi koncentr\u00e1ty, jako jsou nap\u0159. <b>Layer Cake Shatter<\/b>. D\u016frazn\u011b doporu\u010dujeme zodpov\u011bdn\u00e9 pou\u017e\u00edv\u00e1n\u00ed a dodr\u017eov\u00e1n\u00ed osv\u011bd\u010den\u00fdch postup\u016f. V\u017edy zajist\u011bte spr\u00e1vnou manipulaci s koncentr\u00e1ty, kter\u00e1 v p\u0159\u00edpad\u011b pot\u0159eby zahrnuje pou\u017e\u00edv\u00e1n\u00ed vhodn\u00fdch osobn\u00edch ochrann\u00fdch pom\u016fcek a skladov\u00e1n\u00ed v\u00fdrobku v kontrolovan\u00e9m prost\u0159ed\u00ed, mimo dosah p\u0159\u00edm\u00e9ho slune\u010dn\u00edho z\u00e1\u0159en\u00ed a tepla a mimo dosah d\u011bt\u00ed a dom\u00e1c\u00edch zv\u00ed\u0159at. Z\u00e1sadn\u00ed je tak\u00e9 porozum\u011bt region\u00e1ln\u00edm p\u0159edpis\u016fm t\u00fdkaj\u00edc\u00edm se n\u00e1kupu a konzumace konopn\u00e9ho koncentr\u00e1tu a dodr\u017eovat je. Pro \u00faplnou transparentnost jsou pro na\u0161e produkty na vy\u017e\u00e1d\u00e1n\u00ed k dispozici bezpe\u010dnostn\u00ed listy (SDS) a certifik\u00e1ty anal\u00fdzy (CoA), kter\u00e9 ov\u011b\u0159uj\u00ed jejich \u010distotu a slo\u017een\u00ed. Jsme odhodl\u00e1ni poskytovat <b>Vysok\u00e1 \u010distota na prodej<\/b> v\u00fdrobky, kter\u00e9 spl\u0148uj\u00ed p\u0159\u00edsn\u00e9 bezpe\u010dnostn\u00ed normy.<\/p>\n<h2>Pro\u010d si vybrat Chemsfine pro sv\u016fj Layer Cake Shatter?<\/h2>\n<p>Kdy\u017e si vyberete spole\u010dnost Chemsfine, vyb\u00edr\u00e1te si partnera, kter\u00fd se sna\u017e\u00ed poskytovat v\u00fdjime\u010dnou hodnotu a nekompromisn\u00ed kvalitu. N\u00e1\u0161 z\u00e1vazek k transparentn\u00edm detail\u016fm zaji\u0161\u0165uje, \u017ee jste v\u017edy pln\u011b informov\u00e1ni o produktech, kter\u00e9 kupujete. Jsme hrd\u00ed na to, \u017ee poskytujeme ov\u011b\u0159en\u00e9 z\u00e1znamy o \u0161ar\u017e\u00edch, kter\u00e9 nab\u00edzej\u00ed klid ohledn\u011b konzistence a integrity na\u0161eho Layer Cake Shatter. Na\u0161e konkurenceschopn\u00e9 ceny nav\u00edc zaji\u0161\u0165uj\u00ed, \u017ee obdr\u017e\u00edte pr\u00e9miov\u00e9 produkty bez p\u0159emr\u0161t\u011bn\u00fdch n\u00e1klad\u016f, d\u00edky \u010demu\u017e jsou vysoce kvalitn\u00ed konopn\u00e9 koncentr\u00e1ty dostupn\u00e9. M\u016f\u017eete si b\u00fdt jisti. <b>Objednat Layer Cake Shatter online<\/b> od spole\u010dnosti Chemsfine, proto\u017ee v\u00edte, \u017ee dost\u00e1v\u00e1te eticky z\u00edskan\u00fd, pe\u010dliv\u011b testovan\u00fd a vynikaj\u00edc\u00ed produkt. Klademe d\u016fraz na va\u0161e zku\u0161enosti, od okam\u017eiku, kdy si prohl\u00e9dnete na\u0161i nab\u00eddku, a\u017e po diskr\u00e9tn\u00ed doru\u010den\u00ed va\u0161\u00ed objedn\u00e1vky.<\/p>\n<h2>Z\u00e1v\u011br<\/h2>\n<p>Z\u00e1v\u011brem, <b>Layer Cake Shatter<\/b> p\u0159edstavuje vrchol hybridn\u00edch koncentr\u00e1t\u016f s p\u0159evahou indiky a nab\u00edz\u00ed siln\u00fd a komplexn\u00ed z\u00e1\u017eitek poch\u00e1zej\u00edc\u00ed z jedine\u010dn\u00e9 genetick\u00e9 linie \u010dty\u0159 kmen\u016f. Jeho siln\u00e9 \u00fa\u010dinky v kombinaci s p\u0159\u00edsnou kontrolou kvality spole\u010dnosti Chemsfine z n\u011bj \u010din\u00ed bezkonkuren\u010dn\u00ed volbu pro rekrea\u010dn\u00ed i l\u00e9\u010debn\u00e9 u\u017eivatele. Jste p\u0159ipraveni pozvednout sv\u016fj z\u00e1\u017eitek z konop\u00ed? <b>Koupit Layer Cake Shatter na prodej<\/b> Chemsfine a zjist\u011bte, jak\u00fd je rozd\u00edl mezi kvalitou a poctivost\u00ed. Prozkoumejte na\u0161i nab\u00eddku, bez obav nakupte a p\u0159ipojte se k bezpo\u010dtu spokojen\u00fdch z\u00e1kazn\u00edk\u016f, kte\u0159\u00ed n\u00e1m d\u016fv\u011b\u0159uj\u00ed v oblasti pr\u00e9miov\u00e9ho konop\u00ed.<\/p>","protected":false},"excerpt":{"rendered":"<p>Layer Cake Shatter je obl\u00edben\u00fd, vysoce v\u00fdkonn\u00fd hybridn\u00ed konopn\u00fd koncentr\u00e1t s p\u0159evahou indiky, kter\u00fd poch\u00e1z\u00ed z jedine\u010dn\u00e9 linie \u010dty\u0159 kmen\u016f. Tento pr\u00e9miov\u00fd shatter, zn\u00e1m\u00fd sv\u00fdmi siln\u00fdmi \u00fa\u010dinky a v\u00fdjime\u010dn\u00fdm obsahem kiefu, nab\u00edz\u00ed bohat\u00fd, uspokojiv\u00fd z\u00e1\u017eitek. Najdete zde \u0161pi\u010dkovou kvalitu <b>Layer Cake Shatter<\/b> koupit u spole\u010dnosti Chemsfine.<\/p>","protected":false},"featured_media":8605,"comment_status":"open","ping_status":"closed","template":"","meta":{"_joinchat":[]},"product_brand":[],"product_cat":[979],"product_tag":[],"class_list":{"0":"post-6708","1":"product","2":"type-product","3":"status-publish","4":"has-post-thumbnail","6":"product_cat-shatter","8":"first","9":"instock","10":"shipping-taxable","11":"purchasable","12":"product-type-variable"},"yoast_head":"<!-- This site is optimized with the Yoast SEO plugin v27.2 - https:\/\/yoast.com\/product\/yoast-seo-wordpress\/ -->\n<title>Layer Cake Shatter Online | Best Price &amp; Quality - Chemsfine<\/title>\n<meta name=\"description\" content=\"Discover Layer Cake Shatter, a potent indica-dominant hybrid concentrate. Buy online at Chemsfine for lab-tested quality, fast, discreet, and safe mail order.\" \/>\n<meta name=\"robots\" content=\"index, follow, max-snippet:-1, max-image-preview:large, max-video-preview:-1\" \/>\n<link rel=\"canonical\" href=\"https:\/\/chemsfine.com\/cs\/produkt\/buy-layer-cake-shatter\/\" \/>\n<meta property=\"og:locale\" content=\"cs_CZ\" \/>\n<meta property=\"og:type\" content=\"article\" \/>\n<meta property=\"og:title\" content=\"Layer Cake Shatter Online | Best Price &amp; Quality - Chemsfine\" \/>\n<meta property=\"og:description\" content=\"Discover Layer Cake Shatter, a potent indica-dominant hybrid concentrate. Buy online at Chemsfine for lab-tested quality, fast, discreet, and safe mail order.\" \/>\n<meta property=\"og:url\" content=\"https:\/\/chemsfine.com\/cs\/produkt\/buy-layer-cake-shatter\/\" \/>\n<meta property=\"og:site_name\" content=\"Chemsfine\" \/>\n<meta property=\"article:modified_time\" content=\"2026-03-25T12:27:10+00:00\" \/>\n<meta property=\"og:image\" content=\"https:\/\/chemsfine.com\/wp-content\/uploads\/2026\/02\/Premium-Indica-Hybrid-Concentrate.jpg\" \/>\n\t<meta property=\"og:image:width\" content=\"618\" \/>\n\t<meta property=\"og:image:height\" content=\"618\" \/>\n\t<meta property=\"og:image:type\" content=\"image\/jpeg\" \/>\n<meta name=\"twitter:card\" content=\"summary_large_image\" \/>\n<meta name=\"twitter:label1\" content=\"Odhadovan\u00e1 doba \u010dten\u00ed\" \/>\n\t<meta name=\"twitter:data1\" content=\"5 minut\" \/>\n<script type=\"application\/ld+json\" class=\"yoast-schema-graph\">{\"@context\":\"https:\/\/schema.org\",\"@graph\":[{\"@type\":\"WebPage\",\"@id\":\"https:\/\/chemsfine.com\/product\/buy-layer-cake-shatter\/\",\"url\":\"https:\/\/chemsfine.com\/product\/buy-layer-cake-shatter\/\",\"name\":\"Layer Cake Shatter Online | Best Price & Quality - Chemsfine\",\"isPartOf\":{\"@id\":\"https:\/\/chemsfine.com\/#website\"},\"primaryImageOfPage\":{\"@id\":\"https:\/\/chemsfine.com\/product\/buy-layer-cake-shatter\/#primaryimage\"},\"image\":{\"@id\":\"https:\/\/chemsfine.com\/product\/buy-layer-cake-shatter\/#primaryimage\"},\"thumbnailUrl\":\"https:\/\/chemsfine.com\/wp-content\/uploads\/2026\/02\/Premium-Indica-Hybrid-Concentrate.jpg\",\"datePublished\":\"2026-02-12T10:11:24+00:00\",\"dateModified\":\"2026-03-25T12:27:10+00:00\",\"description\":\"Discover Layer Cake Shatter, a potent indica-dominant hybrid concentrate. Buy online at Chemsfine for lab-tested quality, fast, discreet, and safe mail order.\",\"breadcrumb\":{\"@id\":\"https:\/\/chemsfine.com\/product\/buy-layer-cake-shatter\/#breadcrumb\"},\"inLanguage\":\"cs\",\"potentialAction\":[{\"@type\":\"ReadAction\",\"target\":[\"https:\/\/chemsfine.com\/product\/buy-layer-cake-shatter\/\"]}]},{\"@type\":\"ImageObject\",\"inLanguage\":\"cs\",\"@id\":\"https:\/\/chemsfine.com\/product\/buy-layer-cake-shatter\/#primaryimage\",\"url\":\"https:\/\/chemsfine.com\/wp-content\/uploads\/2026\/02\/Premium-Indica-Hybrid-Concentrate.jpg\",\"contentUrl\":\"https:\/\/chemsfine.com\/wp-content\/uploads\/2026\/02\/Premium-Indica-Hybrid-Concentrate.jpg\",\"width\":618,\"height\":618,\"caption\":\"Premium Indica Hybrid Concentrate\"},{\"@type\":\"BreadcrumbList\",\"@id\":\"https:\/\/chemsfine.com\/product\/buy-layer-cake-shatter\/#breadcrumb\",\"itemListElement\":[{\"@type\":\"ListItem\",\"position\":1,\"name\":\"Home\",\"item\":\"https:\/\/chemsfine.com\/\"},{\"@type\":\"ListItem\",\"position\":2,\"name\":\"Shop\",\"item\":\"https:\/\/chemsfine.com\/shop\/\"},{\"@type\":\"ListItem\",\"position\":3,\"name\":\"Layer Cake Shatter | Premium Indica Hybrid Concentrate &#8211; Chemsfine\"}]},{\"@type\":\"WebSite\",\"@id\":\"https:\/\/chemsfine.com\/#website\",\"url\":\"https:\/\/chemsfine.com\/\",\"name\":\"Chemsfine\",\"description\":\"My WordPress Blog\",\"publisher\":{\"@id\":\"https:\/\/chemsfine.com\/#organization\"},\"potentialAction\":[{\"@type\":\"SearchAction\",\"target\":{\"@type\":\"EntryPoint\",\"urlTemplate\":\"https:\/\/chemsfine.com\/?s={search_term_string}\"},\"query-input\":{\"@type\":\"PropertyValueSpecification\",\"valueRequired\":true,\"valueName\":\"search_term_string\"}}],\"inLanguage\":\"cs\"},{\"@type\":\"Organization\",\"@id\":\"https:\/\/chemsfine.com\/#organization\",\"name\":\"Chemsfine\",\"url\":\"https:\/\/chemsfine.com\/\",\"logo\":{\"@type\":\"ImageObject\",\"inLanguage\":\"cs\",\"@id\":\"https:\/\/chemsfine.com\/#\/schema\/logo\/image\/\",\"url\":\"https:\/\/chemsfine.com\/wp-content\/uploads\/2024\/09\/final-logo.png\",\"contentUrl\":\"https:\/\/chemsfine.com\/wp-content\/uploads\/2024\/09\/final-logo.png\",\"width\":340,\"height\":72,\"caption\":\"Chemsfine\"},\"image\":{\"@id\":\"https:\/\/chemsfine.com\/#\/schema\/logo\/image\/\"}}]}<\/script>\n<!-- \/ Yoast SEO plugin. -->","yoast_head_json":{"title":"Layer Cake Shatter Online | Nejlep\u0161\u00ed cena a kvalita - Chemsfine","description":"Objevte Layer Cake Shatter, siln\u00fd hybridn\u00ed koncentr\u00e1t s dominanc\u00ed indiky. Nakupujte online u Chemsfine, kde z\u00edsk\u00e1te laboratorn\u011b ov\u011b\u0159enou kvalitu, rychlou, diskr\u00e9tn\u00ed a bezpe\u010dnou z\u00e1silkovou slu\u017ebu.","robots":{"index":"index","follow":"follow","max-snippet":"max-snippet:-1","max-image-preview":"max-image-preview:large","max-video-preview":"max-video-preview:-1"},"canonical":"https:\/\/chemsfine.com\/cs\/produkt\/buy-layer-cake-shatter\/","og_locale":"cs_CZ","og_type":"article","og_title":"Layer Cake Shatter Online | Best Price & Quality - Chemsfine","og_description":"Discover Layer Cake Shatter, a potent indica-dominant hybrid concentrate. Buy online at Chemsfine for lab-tested quality, fast, discreet, and safe mail order.","og_url":"https:\/\/chemsfine.com\/cs\/produkt\/buy-layer-cake-shatter\/","og_site_name":"Chemsfine","article_modified_time":"2026-03-25T12:27:10+00:00","og_image":[{"width":618,"height":618,"url":"https:\/\/chemsfine.com\/wp-content\/uploads\/2026\/02\/Premium-Indica-Hybrid-Concentrate.jpg","type":"image\/jpeg"}],"twitter_card":"summary_large_image","twitter_misc":{"Odhadovan\u00e1 doba \u010dten\u00ed":"5 minut"},"schema":{"@context":"https:\/\/schema.org","@graph":[{"@type":"WebPage","@id":"https:\/\/chemsfine.com\/product\/buy-layer-cake-shatter\/","url":"https:\/\/chemsfine.com\/product\/buy-layer-cake-shatter\/","name":"Layer Cake Shatter Online | Nejlep\u0161\u00ed cena a kvalita - Chemsfine","isPartOf":{"@id":"https:\/\/chemsfine.com\/#website"},"primaryImageOfPage":{"@id":"https:\/\/chemsfine.com\/product\/buy-layer-cake-shatter\/#primaryimage"},"image":{"@id":"https:\/\/chemsfine.com\/product\/buy-layer-cake-shatter\/#primaryimage"},"thumbnailUrl":"https:\/\/chemsfine.com\/wp-content\/uploads\/2026\/02\/Premium-Indica-Hybrid-Concentrate.jpg","datePublished":"2026-02-12T10:11:24+00:00","dateModified":"2026-03-25T12:27:10+00:00","description":"Objevte Layer Cake Shatter, siln\u00fd hybridn\u00ed koncentr\u00e1t s dominanc\u00ed indiky. Nakupujte online u Chemsfine, kde z\u00edsk\u00e1te laboratorn\u011b ov\u011b\u0159enou kvalitu, rychlou, diskr\u00e9tn\u00ed a bezpe\u010dnou z\u00e1silkovou slu\u017ebu.","breadcrumb":{"@id":"https:\/\/chemsfine.com\/product\/buy-layer-cake-shatter\/#breadcrumb"},"inLanguage":"cs","potentialAction":[{"@type":"ReadAction","target":["https:\/\/chemsfine.com\/product\/buy-layer-cake-shatter\/"]}]},{"@type":"ImageObject","inLanguage":"cs","@id":"https:\/\/chemsfine.com\/product\/buy-layer-cake-shatter\/#primaryimage","url":"https:\/\/chemsfine.com\/wp-content\/uploads\/2026\/02\/Premium-Indica-Hybrid-Concentrate.jpg","contentUrl":"https:\/\/chemsfine.com\/wp-content\/uploads\/2026\/02\/Premium-Indica-Hybrid-Concentrate.jpg","width":618,"height":618,"caption":"Premium Indica Hybrid Concentrate"},{"@type":"BreadcrumbList","@id":"https:\/\/chemsfine.com\/product\/buy-layer-cake-shatter\/#breadcrumb","itemListElement":[{"@type":"ListItem","position":1,"name":"Home","item":"https:\/\/chemsfine.com\/"},{"@type":"ListItem","position":2,"name":"Shop","item":"https:\/\/chemsfine.com\/shop\/"},{"@type":"ListItem","position":3,"name":"Layer Cake Shatter | Premium Indica Hybrid Concentrate &#8211; Chemsfine"}]},{"@type":"WebSite","@id":"https:\/\/chemsfine.com\/#website","url":"https:\/\/chemsfine.com\/","name":"Chemsfine","description":"M\u016fj blog WordPress","publisher":{"@id":"https:\/\/chemsfine.com\/#organization"},"potentialAction":[{"@type":"SearchAction","target":{"@type":"EntryPoint","urlTemplate":"https:\/\/chemsfine.com\/?s={search_term_string}"},"query-input":{"@type":"PropertyValueSpecification","valueRequired":true,"valueName":"search_term_string"}}],"inLanguage":"cs"},{"@type":"Organization","@id":"https:\/\/chemsfine.com\/#organization","name":"Chemsfine","url":"https:\/\/chemsfine.com\/","logo":{"@type":"ImageObject","inLanguage":"cs","@id":"https:\/\/chemsfine.com\/#\/schema\/logo\/image\/","url":"https:\/\/chemsfine.com\/wp-content\/uploads\/2024\/09\/final-logo.png","contentUrl":"https:\/\/chemsfine.com\/wp-content\/uploads\/2024\/09\/final-logo.png","width":340,"height":72,"caption":"Chemsfine"},"image":{"@id":"https:\/\/chemsfine.com\/#\/schema\/logo\/image\/"}}]}},"_links":{"self":[{"href":"https:\/\/chemsfine.com\/cs\/wp-json\/wp\/v2\/product\/6708","targetHints":{"allow":["GET"]}}],"collection":[{"href":"https:\/\/chemsfine.com\/cs\/wp-json\/wp\/v2\/product"}],"about":[{"href":"https:\/\/chemsfine.com\/cs\/wp-json\/wp\/v2\/types\/product"}],"replies":[{"embeddable":true,"href":"https:\/\/chemsfine.com\/cs\/wp-json\/wp\/v2\/comments?post=6708"}],"wp:featuredmedia":[{"embeddable":true,"href":"https:\/\/chemsfine.com\/cs\/wp-json\/wp\/v2\/media\/8605"}],"wp:attachment":[{"href":"https:\/\/chemsfine.com\/cs\/wp-json\/wp\/v2\/media?parent=6708"}],"wp:term":[{"taxonomy":"product_brand","embeddable":true,"href":"https:\/\/chemsfine.com\/cs\/wp-json\/wp\/v2\/product_brand?post=6708"},{"taxonomy":"product_cat","embeddable":true,"href":"https:\/\/chemsfine.com\/cs\/wp-json\/wp\/v2\/product_cat?post=6708"},{"taxonomy":"product_tag","embeddable":true,"href":"https:\/\/chemsfine.com\/cs\/wp-json\/wp\/v2\/product_tag?post=6708"}],"curies":[{"name":"wp","href":"https:\/\/api.w.org\/{rel}","templated":true}]}}