{"id":6727,"date":"2026-02-12T10:12:12","date_gmt":"2026-02-12T10:12:12","guid":{"rendered":"https:\/\/chemsfine.com\/?post_type=product&#038;p=6727"},"modified":"2026-03-25T12:24:30","modified_gmt":"2026-03-25T12:24:30","slug":"buy-legend-og-shatter","status":"publish","type":"product","link":"https:\/\/chemsfine.com\/cs\/product\/buy-legend-og-shatter\/","title":{"rendered":"Legend OG Shatter | Pr\u00e9miov\u00e9 konopn\u00e9 koncentr\u00e1ty online"},"content":{"rendered":"<p>Hled\u00e1te <b>koupit Legend OG Shatter na prodej<\/b>? Pono\u0159te se do sv\u011bta pr\u00e9miov\u00fdch konopn\u00fdch koncentr\u00e1t\u016f, kter\u00e9 jsou k dispozici online na chemsfine. Specializujeme se na poskytov\u00e1n\u00ed vynikaj\u00edc\u00edho v\u00fdb\u011bru extrakt\u016f a zaji\u0161\u0165ujeme, aby ka\u017ed\u00fd produkt spl\u0148oval p\u0159\u00edsn\u00e9 normy kvality a \u00fa\u010dinnosti. Vyzkou\u0161ejte si pohodl\u00ed p\u0159i po\u0159izov\u00e1n\u00ed <b>shatter nejvy\u0161\u0161\u00ed kvality<\/b> prost\u0159ednictv\u00edm d\u016fv\u011bryhodn\u00e9 online v\u00fddejny. N\u00e1\u0161 z\u00e1vazek k dokonalosti znamen\u00e1, \u017ee obdr\u017e\u00edte pouze ty nejlep\u0161\u00ed koncentr\u00e1ty, pe\u010dliv\u011b vyroben\u00e9 a p\u0159\u00edsn\u011b testovan\u00e9. Prozkoumejte na\u0161i rozs\u00e1hlou nab\u00eddku a zjist\u011bte, pro\u010d jsme preferovanou volbou pro n\u00e1ro\u010dn\u00e9 z\u00e1kazn\u00edky, kte\u0159\u00ed hledaj\u00ed autentick\u00e9, vysoce kvalitn\u00ed konopn\u00e9 produkty.<\/p>\n<h2>Co je Legend OG Shatter?<\/h2>\n<p><b>Legend OG Shatter<\/b> p\u0159edstavuje vysoce \u00fa\u010dinnou formu konopn\u00e9ho koncentr\u00e1tu, kter\u00e1 je cen\u011bna pro svou v\u00fdjime\u010dnou \u010distotu a siln\u00fd profil kanabinoid\u016f. Tento k\u0159ehk\u00fd sklen\u011bn\u00fd extrakt je proslul\u00fd t\u00edm, \u017ee p\u0159in\u00e1\u0161\u00ed siln\u00fd a okam\u017eit\u00fd z\u00e1\u017eitek, d\u00edky \u010demu\u017e je obl\u00edben\u00fd mezi zku\u0161en\u00fdmi u\u017eivateli. Tento koncentr\u00e1t, odvozen\u00fd z v\u00fdzna\u010dn\u00e9ho kmene Legend OG, obsahuje jeho jedine\u010dn\u00fd terpenov\u00fd profil a nab\u00edz\u00ed bohat\u00e9 aroma a komplexn\u00ed chu\u0165. Pokud si vyberete tento pr\u00e9miov\u00fd shatter od spole\u010dnosti chemsfine, vyb\u00edr\u00e1te produkt, kter\u00fd je p\u0159\u00edkladem vrcholn\u00e9 extrakce konop\u00ed a slibuje bezkonkuren\u010dn\u00ed \u00farove\u0148 kvality a konzistence. Ka\u017ed\u00e1 \u0161ar\u017ee je pe\u010dliv\u011b zpracov\u00e1na tak, aby byly zachov\u00e1ny jemn\u00e9 slou\u010deniny, co\u017e zaru\u010duje autentick\u00fd a siln\u00fd z\u00e1\u017eitek.<\/p>\n<h2>Pro\u010d koupit tento pr\u00e9miov\u00fd shatter online na chemsfine?<\/h2>\n<p>Volba <b>koupit Legend OG Shatter online<\/b> od spole\u010dnosti chemsfine znamen\u00e1 spolehlivost, kvalitu a bezkonkuren\u010dn\u00ed z\u00e1kaznickou zku\u0161enost. S hrdost\u00ed nab\u00edz\u00edme <b>nejlep\u0161\u00ed dostupn\u00fd koncentr\u00e1t<\/b>, za kterou stoj\u00ed na\u0161e neochv\u011bjn\u00e1 oddanost integrit\u011b v\u00fdrobk\u016f a spokojenosti spot\u0159ebitel\u016f. N\u00e1\u0161 origin\u00e1ln\u00ed popis zd\u016fraz\u0148uje n\u00e1\u0161 z\u00e1vazek: \u201c<b>Koupit Legend OG Shatter<\/b>. M\u00e1me <b>Nejlep\u0161\u00ed nab\u00eddky Shatter<\/b>, <b>laboratorn\u011b testov\u00e1no na \u00fa\u010dinnost<\/b>. Rychl\u00e9, bezpe\u010dn\u00e9 a diskr\u00e9tn\u00ed. SAVE 45% &amp; Free Ship $150+ At chemsfine.\u201d Db\u00e1me na to, aby ka\u017ed\u00fd gram na\u0161eho koncentr\u00e1tu pro\u0161el p\u0159\u00edsnou. <b>laboratorn\u00ed testov\u00e1n\u00ed na prodej<\/b>, \u010d\u00edm\u017e se ov\u011b\u0159uje jeho \u010distota, \u00fa\u010dinnost a nep\u0159\u00edtomnost kontaminuj\u00edc\u00edch l\u00e1tek. Tento z\u00e1vazek k transparentnosti a kvalit\u011b znamen\u00e1, \u017ee m\u016f\u017eete ud\u011blat <b>bezpe\u010dn\u00fd n\u00e1kup<\/b> s jistotou a v\u011bdom\u00edm, \u017ee dost\u00e1v\u00e1te vynikaj\u00edc\u00ed produkt. Na\u0161e zjednodu\u0161en\u00e1 online platforma usnad\u0148uje <b>koupit nyn\u00ed online<\/b>, s u\u017eivatelsky p\u0159\u00edv\u011btiv\u00fdm rozhran\u00edm.<\/p>\n<p>Krom\u011b toho je chemsfine va\u0161\u00edm zdrojem pro <b>vysok\u00e1 \u010distota na prodej<\/b> produkty v \u0161irok\u00e9m spektru. A\u010dkoli se prim\u00e1rn\u011b zam\u011b\u0159ujeme na v\u00fdjime\u010dn\u00e9 konopn\u00e9 koncentr\u00e1ty, jako je n\u00e1\u0161 pr\u00e9miov\u00fd shatter, uspokoj\u00edme i \u0161ir\u0161\u00ed publikum. Ti, kdo hledaj\u00ed pr\u00e9miov\u00e9 alternativy, mohou nap\u0159\u00edklad zv\u00e1\u017eit tak\u00e9 n\u00e1\u0161 <a href=\"https:\/\/chemsfine.com\/cs\/produkt\/kings-queens-hellcat-15-sativa-flower-buy-online\/\">Kings &amp; Queens Hellcat 15% Sativa Kv\u011btina<\/a>, nebo si prohl\u00e9dn\u011bte na\u0161i sb\u00edrku <a href=\"https:\/\/chemsfine.com\/cs\/produkt\/buy-4f-pihp-powder-online\/\">kvalitn\u00ed v\u00fdzkumn\u00e9 chemik\u00e1lie<\/a>, a to v\u0161e prost\u0159ednictv\u00edm d\u016fv\u011bryhodn\u00e9ho online procesu. U v\u0161ech na\u0161ich nab\u00eddek dodr\u017eujeme stejn\u00e9 p\u0159\u00edsn\u00e9 standardy, kter\u00e9 zaji\u0161\u0165uj\u00ed, \u017ee ka\u017ed\u00e1 polo\u017eka spl\u0148uje nejvy\u0161\u0161\u00ed oborov\u00e1 m\u011b\u0159\u00edtka.<\/p>\n<h2>Aplikace a pou\u017eit\u00ed shatterov\u00fdch koncentr\u00e1t\u016f<\/h2>\n<p>Tento koncentr\u00e1t je vyhled\u00e1v\u00e1n p\u0159edev\u0161\u00edm pro svou silnou formu, co\u017e z n\u011bj \u010din\u00ed vysoce \u00fa\u010dinnou metodu konzumace konop\u00ed. Jeho v\u0161estrannost umo\u017e\u0148uje r\u016fzn\u00e1 pou\u017eit\u00ed, v\u010detn\u011b:<\/p>\n<ul>\n<li><b>Odpa\u0159ov\u00e1n\u00ed:<\/b> Ide\u00e1ln\u00ed pro dab rig, e-nails nebo specializovan\u00e9 vaporiz\u00e9ry na koncentr\u00e1t, kter\u00e9 poskytuj\u00ed rychl\u00fd n\u00e1stup a siln\u00e9 \u00fa\u010dinky.<\/li>\n<li><b>M\u00edsy s polevou:<\/b> Mal\u00e1 dr\u0165 m\u016f\u017ee zv\u00fd\u0161it s\u00edlu kv\u011btiny v d\u00fdmk\u00e1ch nebo bongoch.<\/li>\n<li><b>Infuze do potravin:<\/b> Lze dekarboxylovat a infundovat do olej\u016f nebo m\u00e1sla pro p\u0159\u00edpravu siln\u00fdch po\u017eivatin.<\/li>\n<li><b>Vytv\u00e1\u0159en\u00ed vlastn\u00edch sm\u011bs\u00ed:<\/b> Zku\u0161en\u00ed u\u017eivatel\u00e9 mohou shatter p\u0159id\u00e1vat do vlastn\u00edch sm\u011bs\u00ed koncentr\u00e1t\u016f a dos\u00e1hnout tak jedine\u010dn\u00fdch \u00fa\u010dink\u016f.<\/li>\n<li><b>Terapeutick\u00e9 aplikace:<\/b> Mnoho spot\u0159ebitel\u016f vyu\u017e\u00edv\u00e1 tyto koncentr\u00e1ty pro jejich siln\u00e9 kanabinoidy k \u0159e\u0161en\u00ed r\u016fzn\u00fdch wellness pot\u0159eb a hled\u00e1 silnou \u00falevu.<\/li>\n<\/ul>\n<p>P\u0159esn\u00e1 a siln\u00e1 povaha <b>Autentick\u00fd shatter<\/b> zaji\u0161\u0165uje konzistentn\u00ed z\u00e1\u017eitek, a\u0165 u\u017e jde o rekrea\u010dn\u00ed z\u00e1bavu nebo osobn\u00ed wellness re\u017eim. Jsme hrd\u00ed na to, \u017ee nab\u00edz\u00edme produkty, kter\u00e9 vyhovuj\u00ed r\u016fzn\u00fdm preferenc\u00edm, a p\u0159itom zachov\u00e1v\u00e1me nekompromisn\u00ed kvalitu.<\/p>\n<h2>Kvalita a dodr\u017eov\u00e1n\u00ed p\u0159edpis\u016f ve spole\u010dnosti chemsfine<\/h2>\n<p>Ve spole\u010dnosti chemsfine podl\u00e9h\u00e1 ka\u017ed\u00fd produkt, zejm\u00e9na na\u0161e pr\u00e9miov\u00e9 konopn\u00e9 koncentr\u00e1ty, p\u0159\u00edsn\u00fdm opat\u0159en\u00edm kontroly kvality. N\u00e1\u0161 z\u00e1vazek za\u010d\u00edn\u00e1 z\u00edsk\u00e1v\u00e1n\u00edm prvot\u0159\u00eddn\u00edch surovin a pokra\u010duje v ka\u017ed\u00e9 f\u00e1zi procesu extrakce. Zaji\u0161\u0165ujeme, aby v\u0161echny koncentr\u00e1ty byly podrobeny nez\u00e1visl\u00e9 kontrole t\u0159et\u00ed stranou. <b>laboratorn\u011b testov\u00e1no na \u00fa\u010dinnost<\/b> a \u010distotu. Tyto testy potvrzuj\u00ed kanabinoidn\u00ed profily a ov\u011b\u0159uj\u00ed nep\u0159\u00edtomnost \u0161kodliv\u00fdch pesticid\u016f, t\u011b\u017ek\u00fdch kov\u016f a zbytkov\u00fdch rozpou\u0161t\u011bdel, co\u017e zaru\u010duje \u010dist\u00fd a bezpe\u010dn\u00fd produkt ur\u010den\u00fd ke konzumaci. Z\u00e1kazn\u00edci se mohou spolehnout, \u017ee p\u0159i n\u00e1kupu u spole\u010dnosti chemsfine dost\u00e1vaj\u00ed produkt v\u00fdjime\u010dn\u00e9 \u00farovn\u011b, kter\u00fd je v souladu s osv\u011bd\u010den\u00fdmi postupy pro bezpe\u010dnost a kvalitu v odv\u011btv\u00ed. N\u00e1\u0161 transparentn\u00ed p\u0159\u00edstup k zaji\u0161t\u011bn\u00ed kvality poskytuje klid p\u0159i ka\u017ed\u00e9m <b>bezpe\u010dn\u00fd n\u00e1kup<\/b>.<\/p>\n<h2>Pro\u010d si pro sv\u00e9 pot\u0159eby vybrat chemsfine?<\/h2>\n<p>Kdy\u017e se rozhodnete <b>objednejte si shatter online<\/b>, chemsfine je p\u0159edn\u00edm m\u00edstem pro kvalitu a slu\u017eby. Odli\u0161uje n\u00e1s rozs\u00e1hl\u00fd v\u00fdb\u011br, konkurenceschopn\u00e9 ceny a z\u00e1vazek ke spokojenosti z\u00e1kazn\u00edk\u016f. Na\u0161\u00edm c\u00edlem je poskytnout bezprobl\u00e9mov\u00fd a diskr\u00e9tn\u00ed z\u00e1\u017eitek z nakupov\u00e1n\u00ed, od prohl\u00ed\u017een\u00ed na\u0161ich produkt\u016f a\u017e po kone\u010dn\u00e9 doru\u010den\u00ed. \u201cRychl\u00e1, bezpe\u010dn\u00e1 a diskr\u00e9tn\u00ed\u201d doprava nen\u00ed jen slibem, ale hlavn\u00edm aspektem na\u0161ich slu\u017eeb. Na\u0161e atraktivn\u00ed nab\u00eddky, jako nap\u0159\u00edklad \u201cSLEVA 45% &amp; doprava zdarma $150+ u chemsfine\u201d, d\u00e1le zvy\u0161uj\u00ed hodnotu, kterou nab\u00edz\u00edme. Jsme odhodl\u00e1ni budovat trval\u00e9 vztahy s na\u0161imi z\u00e1kazn\u00edky t\u00edm, \u017ee d\u016fsledn\u011b dod\u00e1v\u00e1me vysoce kvalitn\u00ed produkty a vynikaj\u00edc\u00ed slu\u017eby. Vyzkou\u0161ejte rozd\u00edl chemsfine je\u0161t\u011b dnes a <b>koupit u chemsfine<\/b> s d\u016fv\u011brou investovat do \u0161pi\u010dkov\u00fdch konopn\u00fdch v\u00fdta\u017ek\u016f.<\/p>\n<h2>Z\u00e1v\u011br<\/h2>\n<p>Pro ty, kte\u0159\u00ed hledaj\u00ed siln\u00e9 a \u010dist\u00e9 konopn\u00e9 koncentr\u00e1ty, <b>koupit Legend OG Shatter na prodej<\/b> od spole\u010dnosti chemsfine z\u016fst\u00e1v\u00e1 definitivn\u00ed volbou. Kombinujeme v\u00fdjime\u010dnou kvalitu v\u00fdrobk\u016f, p\u0159\u00edsn\u00e9 laboratorn\u00ed testov\u00e1n\u00ed a vynikaj\u00edc\u00ed z\u00e1kaznick\u00e9 zku\u0161enosti, abychom poskytli bezkonkuren\u010dn\u00ed hodnotu. A\u0165 u\u017e jste zku\u0161en\u00fd znalec, nebo nov\u00e1\u010dek v oblasti koncentr\u00e1t\u016f, na\u0161e produkty v\u00e1m pomohou. <b>pr\u00e9miov\u00fd shatter<\/b> nab\u00edz\u00ed spolehliv\u00fd a uspokojiv\u00fd z\u00e1\u017eitek. Nenechte si uj\u00edt na\u0161e fantastick\u00e9 nab\u00eddky a pohodl\u00ed p\u0159i nakupov\u00e1n\u00ed. <b>nejlep\u0161\u00ed dostupn\u00e9 koncentr\u00e1ty<\/b> online. Nav\u0161tivte chemsfine je\u0161t\u011b dnes a pozvedn\u011bte sv\u016fj z\u00e1\u017eitek z konop\u00ed d\u00edky na\u0161im pe\u010dliv\u011b p\u0159ipraven\u00fdm produkt\u016fm. Va\u0161e spokojenost je na\u0161\u00ed nejvy\u0161\u0161\u00ed prioritou a my jsme odhodl\u00e1ni poskytovat v\u00e1m ty nejlep\u0161\u00ed produkty na trhu, p\u0159ipraven\u00e9 na <b>bezpe\u010dn\u00fd n\u00e1kup<\/b> a diskr\u00e9tn\u00ed doru\u010den\u00ed a\u017e k v\u00e1m dom\u016f.<\/p>","protected":false},"excerpt":{"rendered":"<p>Objevte <b>Legend OG Shatter<\/b>, vysoce \u00fa\u010dinn\u00fd konopn\u00fd koncentr\u00e1t proslul\u00fd svou v\u00fdjime\u010dnou \u010distotou a robustn\u00edm kanabinoidn\u00edm profilem. Tento k\u0159ehk\u00fd, sklu podobn\u00fd extrakt je pe\u010dliv\u011b <b>laboratorn\u011b testov\u00e1no na \u00fa\u010dinnost<\/b>, co\u017e zaru\u010duje prvot\u0159\u00eddn\u00ed a autentick\u00fd z\u00e1\u017eitek. Kupte si tento \u0161pi\u010dkov\u00fd koncentr\u00e1t u chemsfine a poznejte \u0161pi\u010dkovou kvalitu.<\/p>","protected":false},"featured_media":6770,"comment_status":"open","ping_status":"closed","template":"","meta":{"_joinchat":[]},"product_brand":[],"product_cat":[979],"product_tag":[],"class_list":{"0":"post-6727","1":"product","2":"type-product","3":"status-publish","4":"has-post-thumbnail","6":"product_cat-shatter","8":"first","9":"instock","10":"shipping-taxable","11":"purchasable","12":"product-type-variable"},"yoast_head":"<!-- This site is optimized with the Yoast SEO plugin v27.2 - https:\/\/yoast.com\/product\/yoast-seo-wordpress\/ -->\n<title>Buy Legend OG Shatter Online | Best Deals &amp; Potency<\/title>\n<meta name=\"description\" content=\"Discover Legend OG Shatter. Buy premium, lab-tested cannabis shatter online for potency &amp; purity. Enjoy fast, safe, discreet shipping with chemsfine.\" \/>\n<meta name=\"robots\" content=\"index, follow, max-snippet:-1, max-image-preview:large, max-video-preview:-1\" \/>\n<link rel=\"canonical\" href=\"https:\/\/chemsfine.com\/cs\/produkt\/buy-legend-og-shatter\/\" \/>\n<meta property=\"og:locale\" content=\"cs_CZ\" \/>\n<meta property=\"og:type\" content=\"article\" \/>\n<meta property=\"og:title\" content=\"Buy Legend OG Shatter Online | Best Deals &amp; Potency\" \/>\n<meta property=\"og:description\" content=\"Discover Legend OG Shatter. Buy premium, lab-tested cannabis shatter online for potency &amp; purity. Enjoy fast, safe, discreet shipping with chemsfine.\" \/>\n<meta property=\"og:url\" content=\"https:\/\/chemsfine.com\/cs\/produkt\/buy-legend-og-shatter\/\" \/>\n<meta property=\"og:site_name\" content=\"Chemsfine\" \/>\n<meta property=\"article:modified_time\" content=\"2026-03-25T12:24:30+00:00\" \/>\n<meta property=\"og:image\" content=\"https:\/\/chemsfine.com\/wp-content\/uploads\/2026\/02\/legend-og-shatter-online-dispensary-canada-bulk-buddy-1.jpg\" \/>\n\t<meta property=\"og:image:width\" content=\"1024\" \/>\n\t<meta property=\"og:image:height\" content=\"1024\" \/>\n\t<meta property=\"og:image:type\" content=\"image\/jpeg\" \/>\n<meta name=\"twitter:card\" content=\"summary_large_image\" \/>\n<meta name=\"twitter:label1\" content=\"Odhadovan\u00e1 doba \u010dten\u00ed\" \/>\n\t<meta name=\"twitter:data1\" content=\"5 minut\" \/>\n<script type=\"application\/ld+json\" class=\"yoast-schema-graph\">{\"@context\":\"https:\/\/schema.org\",\"@graph\":[{\"@type\":\"WebPage\",\"@id\":\"https:\/\/chemsfine.com\/product\/buy-legend-og-shatter\/\",\"url\":\"https:\/\/chemsfine.com\/product\/buy-legend-og-shatter\/\",\"name\":\"Buy Legend OG Shatter Online | Best Deals &amp; Potency\",\"isPartOf\":{\"@id\":\"https:\/\/chemsfine.com\/#website\"},\"primaryImageOfPage\":{\"@id\":\"https:\/\/chemsfine.com\/product\/buy-legend-og-shatter\/#primaryimage\"},\"image\":{\"@id\":\"https:\/\/chemsfine.com\/product\/buy-legend-og-shatter\/#primaryimage\"},\"thumbnailUrl\":\"https:\/\/chemsfine.com\/wp-content\/uploads\/2026\/02\/legend-og-shatter-online-dispensary-canada-bulk-buddy-1.jpg\",\"datePublished\":\"2026-02-12T10:12:12+00:00\",\"dateModified\":\"2026-03-25T12:24:30+00:00\",\"description\":\"Discover Legend OG Shatter. Buy premium, lab-tested cannabis shatter online for potency &amp; purity. Enjoy fast, safe, discreet shipping with chemsfine.\",\"breadcrumb\":{\"@id\":\"https:\/\/chemsfine.com\/product\/buy-legend-og-shatter\/#breadcrumb\"},\"inLanguage\":\"cs\",\"potentialAction\":[{\"@type\":\"ReadAction\",\"target\":[\"https:\/\/chemsfine.com\/product\/buy-legend-og-shatter\/\"]}]},{\"@type\":\"ImageObject\",\"inLanguage\":\"cs\",\"@id\":\"https:\/\/chemsfine.com\/product\/buy-legend-og-shatter\/#primaryimage\",\"url\":\"https:\/\/chemsfine.com\/wp-content\/uploads\/2026\/02\/legend-og-shatter-online-dispensary-canada-bulk-buddy-1.jpg\",\"contentUrl\":\"https:\/\/chemsfine.com\/wp-content\/uploads\/2026\/02\/legend-og-shatter-online-dispensary-canada-bulk-buddy-1.jpg\",\"width\":1024,\"height\":1024},{\"@type\":\"BreadcrumbList\",\"@id\":\"https:\/\/chemsfine.com\/product\/buy-legend-og-shatter\/#breadcrumb\",\"itemListElement\":[{\"@type\":\"ListItem\",\"position\":1,\"name\":\"Home\",\"item\":\"https:\/\/chemsfine.com\/\"},{\"@type\":\"ListItem\",\"position\":2,\"name\":\"Shop\",\"item\":\"https:\/\/chemsfine.com\/shop\/\"},{\"@type\":\"ListItem\",\"position\":3,\"name\":\"Legend OG Shatter | Premium Cannabis Concentrates Online\"}]},{\"@type\":\"WebSite\",\"@id\":\"https:\/\/chemsfine.com\/#website\",\"url\":\"https:\/\/chemsfine.com\/\",\"name\":\"Chemsfine\",\"description\":\"My WordPress Blog\",\"publisher\":{\"@id\":\"https:\/\/chemsfine.com\/#organization\"},\"potentialAction\":[{\"@type\":\"SearchAction\",\"target\":{\"@type\":\"EntryPoint\",\"urlTemplate\":\"https:\/\/chemsfine.com\/?s={search_term_string}\"},\"query-input\":{\"@type\":\"PropertyValueSpecification\",\"valueRequired\":true,\"valueName\":\"search_term_string\"}}],\"inLanguage\":\"cs\"},{\"@type\":\"Organization\",\"@id\":\"https:\/\/chemsfine.com\/#organization\",\"name\":\"Chemsfine\",\"url\":\"https:\/\/chemsfine.com\/\",\"logo\":{\"@type\":\"ImageObject\",\"inLanguage\":\"cs\",\"@id\":\"https:\/\/chemsfine.com\/#\/schema\/logo\/image\/\",\"url\":\"https:\/\/chemsfine.com\/wp-content\/uploads\/2024\/09\/final-logo.png\",\"contentUrl\":\"https:\/\/chemsfine.com\/wp-content\/uploads\/2024\/09\/final-logo.png\",\"width\":340,\"height\":72,\"caption\":\"Chemsfine\"},\"image\":{\"@id\":\"https:\/\/chemsfine.com\/#\/schema\/logo\/image\/\"}}]}<\/script>\n<!-- \/ Yoast SEO plugin. -->","yoast_head_json":{"title":"Koupit Legend OG Shatter online | Nejlep\u0161\u00ed nab\u00eddky a \u00fa\u010dinnost","description":"Objevte Legend OG Shatter. Kupte si pr\u00e9miov\u00fd konopn\u00fd shatter, kter\u00fd byl laboratorn\u011b testov\u00e1n na \u00fa\u010dinnost a \u010distotu. U\u017eijte si rychlou, bezpe\u010dnou a diskr\u00e9tn\u00ed p\u0159epravu s chemsfine.","robots":{"index":"index","follow":"follow","max-snippet":"max-snippet:-1","max-image-preview":"max-image-preview:large","max-video-preview":"max-video-preview:-1"},"canonical":"https:\/\/chemsfine.com\/cs\/produkt\/buy-legend-og-shatter\/","og_locale":"cs_CZ","og_type":"article","og_title":"Buy Legend OG Shatter Online | Best Deals &amp; Potency","og_description":"Discover Legend OG Shatter. Buy premium, lab-tested cannabis shatter online for potency &amp; purity. Enjoy fast, safe, discreet shipping with chemsfine.","og_url":"https:\/\/chemsfine.com\/cs\/produkt\/buy-legend-og-shatter\/","og_site_name":"Chemsfine","article_modified_time":"2026-03-25T12:24:30+00:00","og_image":[{"width":1024,"height":1024,"url":"https:\/\/chemsfine.com\/wp-content\/uploads\/2026\/02\/legend-og-shatter-online-dispensary-canada-bulk-buddy-1.jpg","type":"image\/jpeg"}],"twitter_card":"summary_large_image","twitter_misc":{"Odhadovan\u00e1 doba \u010dten\u00ed":"5 minut"},"schema":{"@context":"https:\/\/schema.org","@graph":[{"@type":"WebPage","@id":"https:\/\/chemsfine.com\/product\/buy-legend-og-shatter\/","url":"https:\/\/chemsfine.com\/product\/buy-legend-og-shatter\/","name":"Koupit Legend OG Shatter online | Nejlep\u0161\u00ed nab\u00eddky a \u00fa\u010dinnost","isPartOf":{"@id":"https:\/\/chemsfine.com\/#website"},"primaryImageOfPage":{"@id":"https:\/\/chemsfine.com\/product\/buy-legend-og-shatter\/#primaryimage"},"image":{"@id":"https:\/\/chemsfine.com\/product\/buy-legend-og-shatter\/#primaryimage"},"thumbnailUrl":"https:\/\/chemsfine.com\/wp-content\/uploads\/2026\/02\/legend-og-shatter-online-dispensary-canada-bulk-buddy-1.jpg","datePublished":"2026-02-12T10:12:12+00:00","dateModified":"2026-03-25T12:24:30+00:00","description":"Objevte Legend OG Shatter. Kupte si pr\u00e9miov\u00fd konopn\u00fd shatter, kter\u00fd byl laboratorn\u011b testov\u00e1n na \u00fa\u010dinnost a \u010distotu. U\u017eijte si rychlou, bezpe\u010dnou a diskr\u00e9tn\u00ed p\u0159epravu s chemsfine.","breadcrumb":{"@id":"https:\/\/chemsfine.com\/product\/buy-legend-og-shatter\/#breadcrumb"},"inLanguage":"cs","potentialAction":[{"@type":"ReadAction","target":["https:\/\/chemsfine.com\/product\/buy-legend-og-shatter\/"]}]},{"@type":"ImageObject","inLanguage":"cs","@id":"https:\/\/chemsfine.com\/product\/buy-legend-og-shatter\/#primaryimage","url":"https:\/\/chemsfine.com\/wp-content\/uploads\/2026\/02\/legend-og-shatter-online-dispensary-canada-bulk-buddy-1.jpg","contentUrl":"https:\/\/chemsfine.com\/wp-content\/uploads\/2026\/02\/legend-og-shatter-online-dispensary-canada-bulk-buddy-1.jpg","width":1024,"height":1024},{"@type":"BreadcrumbList","@id":"https:\/\/chemsfine.com\/product\/buy-legend-og-shatter\/#breadcrumb","itemListElement":[{"@type":"ListItem","position":1,"name":"Home","item":"https:\/\/chemsfine.com\/"},{"@type":"ListItem","position":2,"name":"Shop","item":"https:\/\/chemsfine.com\/shop\/"},{"@type":"ListItem","position":3,"name":"Legend OG Shatter | Premium Cannabis Concentrates Online"}]},{"@type":"WebSite","@id":"https:\/\/chemsfine.com\/#website","url":"https:\/\/chemsfine.com\/","name":"Chemsfine","description":"M\u016fj blog WordPress","publisher":{"@id":"https:\/\/chemsfine.com\/#organization"},"potentialAction":[{"@type":"SearchAction","target":{"@type":"EntryPoint","urlTemplate":"https:\/\/chemsfine.com\/?s={search_term_string}"},"query-input":{"@type":"PropertyValueSpecification","valueRequired":true,"valueName":"search_term_string"}}],"inLanguage":"cs"},{"@type":"Organization","@id":"https:\/\/chemsfine.com\/#organization","name":"Chemsfine","url":"https:\/\/chemsfine.com\/","logo":{"@type":"ImageObject","inLanguage":"cs","@id":"https:\/\/chemsfine.com\/#\/schema\/logo\/image\/","url":"https:\/\/chemsfine.com\/wp-content\/uploads\/2024\/09\/final-logo.png","contentUrl":"https:\/\/chemsfine.com\/wp-content\/uploads\/2024\/09\/final-logo.png","width":340,"height":72,"caption":"Chemsfine"},"image":{"@id":"https:\/\/chemsfine.com\/#\/schema\/logo\/image\/"}}]}},"_links":{"self":[{"href":"https:\/\/chemsfine.com\/cs\/wp-json\/wp\/v2\/product\/6727","targetHints":{"allow":["GET"]}}],"collection":[{"href":"https:\/\/chemsfine.com\/cs\/wp-json\/wp\/v2\/product"}],"about":[{"href":"https:\/\/chemsfine.com\/cs\/wp-json\/wp\/v2\/types\/product"}],"replies":[{"embeddable":true,"href":"https:\/\/chemsfine.com\/cs\/wp-json\/wp\/v2\/comments?post=6727"}],"wp:featuredmedia":[{"embeddable":true,"href":"https:\/\/chemsfine.com\/cs\/wp-json\/wp\/v2\/media\/6770"}],"wp:attachment":[{"href":"https:\/\/chemsfine.com\/cs\/wp-json\/wp\/v2\/media?parent=6727"}],"wp:term":[{"taxonomy":"product_brand","embeddable":true,"href":"https:\/\/chemsfine.com\/cs\/wp-json\/wp\/v2\/product_brand?post=6727"},{"taxonomy":"product_cat","embeddable":true,"href":"https:\/\/chemsfine.com\/cs\/wp-json\/wp\/v2\/product_cat?post=6727"},{"taxonomy":"product_tag","embeddable":true,"href":"https:\/\/chemsfine.com\/cs\/wp-json\/wp\/v2\/product_tag?post=6727"}],"curies":[{"name":"wp","href":"https:\/\/api.w.org\/{rel}","templated":true}]}}