{"id":6732,"date":"2026-02-12T10:12:12","date_gmt":"2026-02-12T10:12:12","guid":{"rendered":"https:\/\/chemsfine.com\/?post_type=product&#038;p=6732"},"modified":"2026-03-25T12:22:38","modified_gmt":"2026-03-25T12:22:38","slug":"buy-zombie-candy-shatter","status":"publish","type":"product","link":"https:\/\/chemsfine.com\/cs\/product\/buy-zombie-candy-shatter\/","title":{"rendered":"Koupit Zombie Candy Shatter online | Premium Indica Hybrid"},"content":{"rendered":"<h1>Koupit Zombie Candy Shatter Indica Dominantn\u00ed hybrid online na Chemsfine<\/h1>\n<p>V\u00edtejte na str\u00e1nk\u00e1ch spole\u010dnosti Chemsfine, va\u0161\u00ed d\u016fv\u011bryhodn\u00e9 online destinace pro pr\u00e9miov\u00e9 konopn\u00e9 produkty. Zde m\u016f\u017eete <b>Koupit Zombie Candy Shatter na prodej<\/b>, skute\u010dn\u011b v\u00fdjime\u010dn\u00fd hybridn\u00ed koncentr\u00e1t s p\u0159evahou indiky ur\u010den\u00fd pro hlubokou relaxaci. Jsme hrd\u00ed na to, \u017ee nab\u00edz\u00edme pouze \u0161pi\u010dkov\u00e9, laboratorn\u011b testovan\u00e9 konopn\u00e9 produkty, \u010d\u00edm\u017e v\u00e1m zaru\u010dujeme vysokou \u010distotu a jedine\u010dn\u00fd z\u00e1\u017eitek. Tento siln\u00fd koncentr\u00e1t je speci\u00e1ln\u011b vytvo\u0159en pro znalce, kte\u0159\u00ed hledaj\u00ed ve\u010dern\u00ed odpo\u010dinek, a poskytuje hlubok\u00e9, uklid\u0148uj\u00edc\u00ed \u00fa\u010dinky, kter\u00e9 v\u00e1s jemn\u011b omyj\u00ed.<\/p>\n<h2>Co je Zombie Candy Shatter?<\/h2>\n<p>Tento pozoruhodn\u00fd konopn\u00fd koncentr\u00e1t, \u010dasto ozna\u010dovan\u00fd jednodu\u0161e jako \u201cZombie Candy\u201d, vynik\u00e1 jako hybrid se silnou dominanc\u00ed indiky, kter\u00fd se m\u016f\u017ee pochlubit p\u016fsobiv\u00fdm genetick\u00fdm profilem 90% indiky a 10% sativy. Jedn\u00e1 se o sofistikovan\u00e9ho potomka siln\u00e9ho k\u0159\u00ed\u017eence mezi \u0161iroce uzn\u00e1van\u00fdm kmenem Zombie Kush a rozko\u0161n\u00fdm kmenem Purple Candy. Takto v\u00fdzna\u010dn\u00fd rodokmen zaji\u0161\u0165uje jedine\u010dn\u00fd a robustn\u00ed profil. D\u00edky sv\u00e9 koncentrovan\u00e9 form\u011b p\u0159in\u00e1\u0161\u00ed \u00fa\u010dinky intenzivn\u011bji a \u00fa\u010dinn\u011bji ne\u017e tradi\u010dn\u00ed kv\u011btina, co\u017e z n\u00ed \u010din\u00ed obl\u00edbenou drogu mezi zku\u0161en\u00fdmi u\u017eivateli. Pro ty, kte\u0159\u00ed hledaj\u00ed siln\u00fd a autentick\u00fd z\u00e1\u017eitek, je na\u0161e <b>\u0160pi\u010dkov\u00e1 kvalita Zombie Shatter<\/b> je nepopiratelnou volbou.<\/p>\n<p>Na\u0161i z\u00e1kazn\u00edci \u010dasto zji\u0161\u0165uj\u00ed, \u017ee tento konkr\u00e9tn\u00ed koncentr\u00e1t se navzdory sv\u00e9mu hybridn\u00edmu za\u0159azen\u00ed chov\u00e1 podobn\u011b jako \u010dist\u00e1 indika, a to d\u00edky sv\u00fdm hluboce t\u011b\u017ek\u00fdm a sedativn\u00edm \u00fa\u010dink\u016fm. Zaru\u010dujeme vynikaj\u00edc\u00ed z\u00e1\u017eitek, pe\u010dliv\u011b laboratorn\u011b testovan\u00fd, abychom potvrdili jeho s\u00edlu a \u010distotu. V pr\u016fm\u011bru se tento siln\u00fd extrakt m\u016f\u017ee pochlubit st\u0159edn\u011b vysokou hladinou THC, kter\u00e1 se obvykle pohybuje v rozmez\u00ed 75% a\u017e 80%, co\u017e slibuje siln\u00fd a konzistentn\u00ed z\u00e1\u017eitek p\u0159i ka\u017ed\u00e9m u\u017eit\u00ed. Jeho hust\u00e1 konzistence podobn\u00e1 sklu se \u010dist\u011b rozpad\u00e1, tak\u017ee se s n\u00edm snadno manipuluje a umo\u017e\u0148uje optim\u00e1ln\u00ed po\u017eitek. Vyzkou\u0161ejte v\u00fdjime\u010dnou kvalitu na\u0161ich <b>Zombie Shatter<\/b> pro sebe.<\/p>\n<h2>Pro\u010d koupit tento pr\u00e9miov\u00fd shatter online u Chemsfine?<\/h2>\n<p>Kdy\u017e se rozhodnete <b>Kupte si tento vysoce kvalitn\u00ed shatter online<\/b> od spole\u010dnosti Chemsfine, vyb\u00edr\u00e1te si partnera, kter\u00fd je oddan\u00fd dokonalosti, d\u016fv\u011bryhodnosti a spokojenosti z\u00e1kazn\u00edk\u016f. Ch\u00e1peme d\u016fle\u017eitost spolehliv\u00e9ho p\u0159\u00edstupu k prvot\u0159\u00eddn\u00edm konopn\u00fdm produkt\u016fm a na\u0161e online v\u00fddejna p\u0159esn\u011b toto nab\u00edz\u00ed. Zaji\u0161\u0165ujeme, \u017ee cel\u00fd n\u00e1\u0161 v\u00fdb\u011br, v\u010detn\u011b tohoto konkr\u00e9tn\u00edho hybridu indica, je p\u0159\u00edsn\u011b laboratorn\u011b testov\u00e1n na \u00fa\u010dinnost, \u010distotu a bezpe\u010dnost. Tento z\u00e1vazek ke kvalit\u011b znamen\u00e1, \u017ee m\u016f\u017eete v\u017edy o\u010dek\u00e1vat. <b>Nejlep\u0161\u00ed dostupn\u00fd Zombie Shatter<\/b> na trhu, bez kontaminant\u016f a p\u0159esn\u011b d\u00e1vkovan\u00fd.<\/p>\n<p>Chemsfine poskytuje bezprobl\u00e9mov\u00fd a bezpe\u010dn\u00fd n\u00e1kup, kter\u00fd v\u00e1m zajist\u00ed soukrom\u00ed a klid od prohl\u00ed\u017een\u00ed a\u017e po doru\u010den\u00ed. D\u00edky na\u0161im diskr\u00e9tn\u00edm a rychl\u00fdm z\u00e1silkov\u00fdm slu\u017eb\u00e1m marihuany se v\u00e1\u0161 produkt dostane bezpe\u010dn\u011b a efektivn\u011b a\u017e k v\u00e1m dom\u016f kdekoli v Kanad\u011b. Se spole\u010dnost\u00ed Chemsfine nekupujete pouze produkt, ale investujete do trvale vynikaj\u00edc\u00edho z\u00e1\u017eitku s konop\u00edm, kter\u00fd je podpo\u0159en v\u00fdjime\u010dn\u00fdm z\u00e1kaznick\u00fdm servisem. Prozkoumejte na\u0161i rozmanitou nab\u00eddku produkt\u016f, v\u010detn\u011b dal\u0161\u00edch mo\u017enost\u00ed pr\u00e9miov\u00e9ho konop\u00ed, jako je nap\u0159. <a href=\"https:\/\/chemsfine.com\/cs\/produkt\/jet-fuel-og-premium-flower-hybrid\/\">Jet Fuel OG Premium Flower Hybrid<\/a>, spolu s na\u0161\u00edm v\u00fdjime\u010dn\u00fdm v\u00fdb\u011brem shatter\u016f.<\/p>\n<h2>Pou\u017eit\u00ed tohoto koncentr\u00e1tu hybridu Indica<\/h2>\n<p>D\u00edky sv\u00fdm v\u00fdrazn\u00fdm sedativn\u00edm vlastnostem a vysok\u00e9mu obsahu THC je tento siln\u00fd koncentr\u00e1t s p\u0159evahou indiky obl\u00edben\u00fd p\u0159edev\u0161\u00edm pro ve\u010dern\u00ed a no\u010dn\u00ed u\u017e\u00edv\u00e1n\u00ed. Jeho hlavn\u00ed vyu\u017eit\u00ed se to\u010d\u00ed kolem hlubok\u00e9 relaxace a uvoln\u011bn\u00ed. Je ide\u00e1ln\u00ed pro:<\/p>\n<ul>\n<li>Hlubok\u00e1 ve\u010dern\u00ed relaxace po dlouh\u00e9m a n\u00e1ro\u010dn\u00e9m dni.<\/li>\n<li>Uvoln\u011bn\u00ed klidn\u00e9ho stavu mysli p\u0159ed span\u00edm.<\/li>\n<li>Podpora klidn\u00e9ho sp\u00e1nku pro ty, kte\u0159\u00ed hledaj\u00ed hlub\u0161\u00ed odpo\u010dinek.<\/li>\n<li>Zm\u00edrn\u011bn\u00ed ka\u017edodenn\u00edho stresu a podpora pocitu klidu.<\/li>\n<li>Poskytuje t\u011b\u017ek\u00e9 t\u011blesn\u00e9 opojen\u00ed, kter\u00e9 m\u016f\u017ee pomoci p\u0159i fyzick\u00e9m nepohodl\u00ed.<\/li>\n<li>\u00dapln\u00e9 uvoln\u011bn\u00ed, kdy\u017e nem\u00e1te \u017e\u00e1dn\u00e9 pl\u00e1ny ani povinnosti.<\/li>\n<\/ul>\n<p>Neo\u010dek\u00e1vejte, \u017ee budete m\u00edt energii na \u201c\u0159\u00e1d\u011bn\u00ed ve m\u011bst\u011b\u201d pot\u00e9, co si vychutn\u00e1te tento siln\u00fd koncentr\u00e1t. Jeho \u00fa\u010dinky jsou ur\u010deny pro klid a pohodu, tak\u017ee nen\u00ed vhodn\u00fd pro aktivity vy\u017eaduj\u00edc\u00ed bd\u011blost nebo vysokou energii. Je to skute\u010dn\u011b strain, kter\u00fd si nejl\u00e9pe vychutn\u00e1te, kdy\u017e neo\u010dek\u00e1v\u00e1te, \u017ee budete n\u011bco moc d\u011blat.<\/p>\n<h2>Bezpe\u010dnost, skladov\u00e1n\u00ed a dodr\u017eov\u00e1n\u00ed p\u0159edpis\u016f ve spole\u010dnosti Chemsfine<\/h2>\n<p>U spole\u010dnosti Chemsfine je va\u0161e bezpe\u010dnost a spokojenost na prvn\u00edm m\u00edst\u011b. Db\u00e1me na to, aby v\u0161echny na\u0161e produkty, v\u010detn\u011b tohoto siln\u00e9ho konopn\u00e9ho koncentr\u00e1tu, spl\u0148ovaly p\u0159\u00edsn\u00e9 normy kvality. Zodpov\u011bdn\u00e1 konzumace je kl\u00ed\u010dem k bezpe\u010dn\u00e9mu u\u017e\u00edv\u00e1n\u00ed konop\u00ed. V\u017edy za\u010dn\u011bte s n\u00edzkou d\u00e1vkou, zejm\u00e9na pokud s koncentr\u00e1ty za\u010d\u00edn\u00e1te, a p\u0159ed zva\u017eov\u00e1n\u00edm dal\u0161\u00ed d\u00e1vky si dop\u0159ejte dostatek \u010dasu na pochopen\u00ed jeho \u00fa\u010dink\u016f. V\u0161echny konopn\u00e9 produkty uchov\u00e1vejte mimo dosah d\u011bt\u00ed a dom\u00e1c\u00edch zv\u00ed\u0159at. Spr\u00e1vn\u00e9 skladov\u00e1n\u00ed, nejl\u00e9pe na chladn\u00e9m a tmav\u00e9m m\u00edst\u011b nebo v chladu, je rovn\u011b\u017e nezbytn\u00e9 pro zachov\u00e1n\u00ed kvality a st\u00e1losti va\u0161eho <b>Zombie Shatter<\/b> v pr\u016fb\u011bhu \u010dasu.<\/p>\n<p><b>Odm\u00edtnut\u00ed odpov\u011bdnosti (28. srpna 2026):<\/b> S p\u0159\u00edchodem teplej\u0161\u00edho po\u010das\u00ed se mohou konopn\u00e9 produkty, jako je shatter, gumov\u00e9 bonbony, \u010dokol\u00e1da a pe\u010divo, b\u011bhem p\u0159epravy rozpustit. V p\u0159\u00edpad\u011b pot\u0159eby zajist\u011bte, abyste v\u00fdrobky po jejich obdr\u017een\u00ed do\u010dasn\u011b ulo\u017eili do chladni\u010dky. Za roztekl\u00e9 produkty neneseme odpov\u011bdnost. Toto doporu\u010den\u00ed je z\u00e1sadn\u00ed pro zachov\u00e1n\u00ed integrity va\u0161eho n\u00e1kupu. Pro z\u00e1jemce o \u0161ir\u0161\u00ed \u0161k\u00e1lu specializovan\u00fdch nab\u00eddek m\u016f\u017eete tak\u00e9 nav\u0161t\u00edvit n\u00e1sleduj\u00edc\u00ed str\u00e1nky <a href=\"https:\/\/chemsfine.com\/cs\/produkt\/online-koupit-c-76\/\">prozkoumejte na\u0161i nab\u00eddku slou\u010denin pro v\u00fdzkum dostupn\u00fdch online<\/a>, co\u017e dokazuje n\u00e1\u0161 z\u00e1vazek uspokojovat rozmanit\u00e9 pot\u0159eby z\u00e1kazn\u00edk\u016f.<\/p>\n<h2>Pro\u010d si vybrat Chemsfine pro sv\u00e9 pot\u0159eby v oblasti konop\u00ed?<\/h2>\n<p>Volba spole\u010dnosti Chemsfine znamen\u00e1, \u017ee se rozhodnete pro transparentnost, ov\u011b\u0159enou kvalitu a konkurenceschopn\u00e9 ceny na kanadsk\u00e9m trhu s konop\u00edm. Stoj\u00edme si za \u010distotou a silou ka\u017ed\u00e9ho n\u00e1mi prod\u00e1van\u00e9ho produktu, kter\u00e1 je podlo\u017eena komplexn\u00edm laboratorn\u00edm testov\u00e1n\u00edm. Na\u0161e u\u017eivatelsky p\u0159\u00edv\u011btiv\u00e1 online platforma usnad\u0148uje <b>Objednejte si Zombie Shatter online<\/b> s d\u016fv\u011brou. Nab\u00edz\u00edme jeden z <b>Nab\u00eddky #1 SHATTER<\/b> v Kanad\u011b, co\u017e v\u00e1m zaru\u010duje prvot\u0159\u00eddn\u00ed kvalitu za vynikaj\u00edc\u00ed cenu.<\/p>\n<p>N\u00e1\u0161 z\u00e1vazek p\u0159esahuje pouh\u00fd prodej produkt\u016f; na\u0161\u00edm c\u00edlem je b\u00fdt va\u0161\u00edm d\u016fv\u011bryhodn\u00fdm zdrojem marihuany pro z\u00e1silkov\u00fd prodej. Vyzkou\u0161ejte si pohodl\u00ed rychl\u00e9ho, bezpe\u010dn\u00e9ho a diskr\u00e9tn\u00edho doru\u010den\u00ed a\u017e k va\u0161im dve\u0159\u00edm. Se spole\u010dnost\u00ed Chemsfine si vyb\u00edr\u00e1te zna\u010dku, kter\u00e1 je synonymem spolehlivosti a integrity a kter\u00e1 se neust\u00e1le sna\u017e\u00ed nab\u00edzet to nejkvalitn\u011bj\u0161\u00ed <b>#1 shatter v Kanad\u011b<\/b> d\u00edky na\u0161\u00ed oddanosti prav\u00fdm, vysoce kvalitn\u00edm konopn\u00fdm koncentr\u00e1t\u016fm. Up\u0159ednost\u0148ujeme bezpe\u010dn\u00e9 n\u00e1kupn\u00ed procesy a zaji\u0161\u0165ujeme, aby ka\u017ed\u00e1 transakce byla provedena s maxim\u00e1ln\u00ed p\u00e9\u010d\u00ed a profesionalitou.<\/p>\n<h2>Z\u00e1v\u011br: Za\u017eijte prvot\u0159\u00eddn\u00ed relaxaci se Zombie Candy Shatterem<\/h2>\n<p>Pro ty, kte\u0159\u00ed hledaj\u00ed jedine\u010dnou relaxaci a siln\u00e9 \u00fa\u010dinky indiky, nehledejte nic jin\u00e9ho. Zveme v\u00e1s na <b>Koupit Zombie Candy Shatter na prodej<\/b> Chemsfine a zjist\u011bte, pro\u010d je mezi milovn\u00edky konop\u00ed v cel\u00e9 Kanad\u011b nejobl\u00edben\u011bj\u0161\u00ed. D\u00edky p\u016fsobiv\u00e9mu genetick\u00e9mu z\u00e1zem\u00ed, vysok\u00e9mu obsahu THC a hluboce sedativn\u00edm \u00fa\u010dink\u016fm slibuje tento koncentr\u00e1t poka\u017ed\u00e9 v\u00fdjime\u010dn\u00fd z\u00e1\u017eitek. Sv\u011b\u0159te sv\u016fj p\u0159\u00ed\u0161t\u00ed n\u00e1kup konop\u00ed spole\u010dnosti Chemsfine, kde jsou kvalita, \u010distota a spokojenost z\u00e1kazn\u00edk\u016f v\u017edy na\u0161imi nejvy\u0161\u0161\u00edmi prioritami. Dop\u0159ejte si vrcholn\u00fd klid, kter\u00fd tento jedine\u010dn\u00fd koncentr\u00e1t nab\u00edz\u00ed, a prom\u011b\u0148te sv\u00e9 ve\u010dery ve chv\u00edle klidn\u00e9 pohody.<\/p>","protected":false},"excerpt":{"rendered":"<p>Za\u017eijte silnou relaxaci d\u00edky Zombie Candy Shatter, indick\u00e9mu hybridu 90%. Kupte si tento Zombie Shatter s vysok\u00fdm obsahem THC (75-80%) u Chemsfine a z\u00edskejte hlubokou ve\u010dern\u00ed \u00falevu. Ide\u00e1ln\u00ed pro uvoln\u011bn\u00ed po dlouh\u00e9m dni.<\/p>","protected":false},"featured_media":6781,"comment_status":"open","ping_status":"closed","template":"","meta":{"_joinchat":[]},"product_brand":[],"product_cat":[979],"product_tag":[],"class_list":{"0":"post-6732","1":"product","2":"type-product","3":"status-publish","4":"has-post-thumbnail","6":"product_cat-shatter","8":"first","9":"instock","10":"shipping-taxable","11":"purchasable","12":"product-type-variable"},"yoast_head":"<!-- This site is optimized with the Yoast SEO plugin v27.2 - https:\/\/yoast.com\/product\/yoast-seo-wordpress\/ -->\n<title>Buy Zombie Candy Shatter Online - Best Price Canada<\/title>\n<meta name=\"description\" content=\"Discover potent Zombie Candy Shatter, an indica-dominant hybrid (75-80% THC). Buy online in Canada from Chemsfine for top quality and secure delivery.\" \/>\n<meta name=\"robots\" content=\"index, follow, max-snippet:-1, max-image-preview:large, max-video-preview:-1\" \/>\n<link rel=\"canonical\" href=\"https:\/\/chemsfine.com\/cs\/produkt\/buy-zombie-candy-shatter\/\" \/>\n<meta property=\"og:locale\" content=\"cs_CZ\" \/>\n<meta property=\"og:type\" content=\"article\" \/>\n<meta property=\"og:title\" content=\"Buy Zombie Candy Shatter Online - Best Price Canada\" \/>\n<meta property=\"og:description\" content=\"Discover potent Zombie Candy Shatter, an indica-dominant hybrid (75-80% THC). Buy online in Canada from Chemsfine for top quality and secure delivery.\" \/>\n<meta property=\"og:url\" content=\"https:\/\/chemsfine.com\/cs\/produkt\/buy-zombie-candy-shatter\/\" \/>\n<meta property=\"og:site_name\" content=\"Chemsfine\" \/>\n<meta property=\"article:modified_time\" content=\"2026-03-25T12:22:38+00:00\" \/>\n<meta property=\"og:image\" content=\"https:\/\/chemsfine.com\/wp-content\/uploads\/2026\/02\/zombie-candy-shatter-bulk-buddy-online-dispensary-canada-2.jpg\" \/>\n\t<meta property=\"og:image:width\" content=\"1024\" \/>\n\t<meta property=\"og:image:height\" content=\"1024\" \/>\n\t<meta property=\"og:image:type\" content=\"image\/jpeg\" \/>\n<meta name=\"twitter:card\" content=\"summary_large_image\" \/>\n<meta name=\"twitter:label1\" content=\"Odhadovan\u00e1 doba \u010dten\u00ed\" \/>\n\t<meta name=\"twitter:data1\" content=\"5 minut\" \/>\n<script type=\"application\/ld+json\" class=\"yoast-schema-graph\">{\"@context\":\"https:\/\/schema.org\",\"@graph\":[{\"@type\":\"WebPage\",\"@id\":\"https:\/\/chemsfine.com\/product\/buy-zombie-candy-shatter\/\",\"url\":\"https:\/\/chemsfine.com\/product\/buy-zombie-candy-shatter\/\",\"name\":\"Buy Zombie Candy Shatter Online - Best Price Canada\",\"isPartOf\":{\"@id\":\"https:\/\/chemsfine.com\/#website\"},\"primaryImageOfPage\":{\"@id\":\"https:\/\/chemsfine.com\/product\/buy-zombie-candy-shatter\/#primaryimage\"},\"image\":{\"@id\":\"https:\/\/chemsfine.com\/product\/buy-zombie-candy-shatter\/#primaryimage\"},\"thumbnailUrl\":\"https:\/\/chemsfine.com\/wp-content\/uploads\/2026\/02\/zombie-candy-shatter-bulk-buddy-online-dispensary-canada-2.jpg\",\"datePublished\":\"2026-02-12T10:12:12+00:00\",\"dateModified\":\"2026-03-25T12:22:38+00:00\",\"description\":\"Discover potent Zombie Candy Shatter, an indica-dominant hybrid (75-80% THC). Buy online in Canada from Chemsfine for top quality and secure delivery.\",\"breadcrumb\":{\"@id\":\"https:\/\/chemsfine.com\/product\/buy-zombie-candy-shatter\/#breadcrumb\"},\"inLanguage\":\"cs\",\"potentialAction\":[{\"@type\":\"ReadAction\",\"target\":[\"https:\/\/chemsfine.com\/product\/buy-zombie-candy-shatter\/\"]}]},{\"@type\":\"ImageObject\",\"inLanguage\":\"cs\",\"@id\":\"https:\/\/chemsfine.com\/product\/buy-zombie-candy-shatter\/#primaryimage\",\"url\":\"https:\/\/chemsfine.com\/wp-content\/uploads\/2026\/02\/zombie-candy-shatter-bulk-buddy-online-dispensary-canada-2.jpg\",\"contentUrl\":\"https:\/\/chemsfine.com\/wp-content\/uploads\/2026\/02\/zombie-candy-shatter-bulk-buddy-online-dispensary-canada-2.jpg\",\"width\":1024,\"height\":1024},{\"@type\":\"BreadcrumbList\",\"@id\":\"https:\/\/chemsfine.com\/product\/buy-zombie-candy-shatter\/#breadcrumb\",\"itemListElement\":[{\"@type\":\"ListItem\",\"position\":1,\"name\":\"Home\",\"item\":\"https:\/\/chemsfine.com\/\"},{\"@type\":\"ListItem\",\"position\":2,\"name\":\"Shop\",\"item\":\"https:\/\/chemsfine.com\/shop\/\"},{\"@type\":\"ListItem\",\"position\":3,\"name\":\"Buy Zombie Candy Shatter Online | Premium Indica Hybrid\"}]},{\"@type\":\"WebSite\",\"@id\":\"https:\/\/chemsfine.com\/#website\",\"url\":\"https:\/\/chemsfine.com\/\",\"name\":\"Chemsfine\",\"description\":\"My WordPress Blog\",\"publisher\":{\"@id\":\"https:\/\/chemsfine.com\/#organization\"},\"potentialAction\":[{\"@type\":\"SearchAction\",\"target\":{\"@type\":\"EntryPoint\",\"urlTemplate\":\"https:\/\/chemsfine.com\/?s={search_term_string}\"},\"query-input\":{\"@type\":\"PropertyValueSpecification\",\"valueRequired\":true,\"valueName\":\"search_term_string\"}}],\"inLanguage\":\"cs\"},{\"@type\":\"Organization\",\"@id\":\"https:\/\/chemsfine.com\/#organization\",\"name\":\"Chemsfine\",\"url\":\"https:\/\/chemsfine.com\/\",\"logo\":{\"@type\":\"ImageObject\",\"inLanguage\":\"cs\",\"@id\":\"https:\/\/chemsfine.com\/#\/schema\/logo\/image\/\",\"url\":\"https:\/\/chemsfine.com\/wp-content\/uploads\/2024\/09\/final-logo.png\",\"contentUrl\":\"https:\/\/chemsfine.com\/wp-content\/uploads\/2024\/09\/final-logo.png\",\"width\":340,\"height\":72,\"caption\":\"Chemsfine\"},\"image\":{\"@id\":\"https:\/\/chemsfine.com\/#\/schema\/logo\/image\/\"}}]}<\/script>\n<!-- \/ Yoast SEO plugin. -->","yoast_head_json":{"title":"Koupit Zombie Candy Shatter online - nejlep\u0161\u00ed cena v \u010cR","description":"Objevte siln\u00fd Zombie Candy Shatter, hybrid s dominanc\u00ed indiky (75-80% THC). Nakupujte online v Kanad\u011b u spole\u010dnosti Chemsfine, kde z\u00edsk\u00e1te \u0161pi\u010dkovou kvalitu a bezpe\u010dn\u00e9 doru\u010den\u00ed.","robots":{"index":"index","follow":"follow","max-snippet":"max-snippet:-1","max-image-preview":"max-image-preview:large","max-video-preview":"max-video-preview:-1"},"canonical":"https:\/\/chemsfine.com\/cs\/produkt\/buy-zombie-candy-shatter\/","og_locale":"cs_CZ","og_type":"article","og_title":"Buy Zombie Candy Shatter Online - Best Price Canada","og_description":"Discover potent Zombie Candy Shatter, an indica-dominant hybrid (75-80% THC). Buy online in Canada from Chemsfine for top quality and secure delivery.","og_url":"https:\/\/chemsfine.com\/cs\/produkt\/buy-zombie-candy-shatter\/","og_site_name":"Chemsfine","article_modified_time":"2026-03-25T12:22:38+00:00","og_image":[{"width":1024,"height":1024,"url":"https:\/\/chemsfine.com\/wp-content\/uploads\/2026\/02\/zombie-candy-shatter-bulk-buddy-online-dispensary-canada-2.jpg","type":"image\/jpeg"}],"twitter_card":"summary_large_image","twitter_misc":{"Odhadovan\u00e1 doba \u010dten\u00ed":"5 minut"},"schema":{"@context":"https:\/\/schema.org","@graph":[{"@type":"WebPage","@id":"https:\/\/chemsfine.com\/product\/buy-zombie-candy-shatter\/","url":"https:\/\/chemsfine.com\/product\/buy-zombie-candy-shatter\/","name":"Koupit Zombie Candy Shatter online - nejlep\u0161\u00ed cena v \u010cR","isPartOf":{"@id":"https:\/\/chemsfine.com\/#website"},"primaryImageOfPage":{"@id":"https:\/\/chemsfine.com\/product\/buy-zombie-candy-shatter\/#primaryimage"},"image":{"@id":"https:\/\/chemsfine.com\/product\/buy-zombie-candy-shatter\/#primaryimage"},"thumbnailUrl":"https:\/\/chemsfine.com\/wp-content\/uploads\/2026\/02\/zombie-candy-shatter-bulk-buddy-online-dispensary-canada-2.jpg","datePublished":"2026-02-12T10:12:12+00:00","dateModified":"2026-03-25T12:22:38+00:00","description":"Objevte siln\u00fd Zombie Candy Shatter, hybrid s dominanc\u00ed indiky (75-80% THC). Nakupujte online v Kanad\u011b u spole\u010dnosti Chemsfine, kde z\u00edsk\u00e1te \u0161pi\u010dkovou kvalitu a bezpe\u010dn\u00e9 doru\u010den\u00ed.","breadcrumb":{"@id":"https:\/\/chemsfine.com\/product\/buy-zombie-candy-shatter\/#breadcrumb"},"inLanguage":"cs","potentialAction":[{"@type":"ReadAction","target":["https:\/\/chemsfine.com\/product\/buy-zombie-candy-shatter\/"]}]},{"@type":"ImageObject","inLanguage":"cs","@id":"https:\/\/chemsfine.com\/product\/buy-zombie-candy-shatter\/#primaryimage","url":"https:\/\/chemsfine.com\/wp-content\/uploads\/2026\/02\/zombie-candy-shatter-bulk-buddy-online-dispensary-canada-2.jpg","contentUrl":"https:\/\/chemsfine.com\/wp-content\/uploads\/2026\/02\/zombie-candy-shatter-bulk-buddy-online-dispensary-canada-2.jpg","width":1024,"height":1024},{"@type":"BreadcrumbList","@id":"https:\/\/chemsfine.com\/product\/buy-zombie-candy-shatter\/#breadcrumb","itemListElement":[{"@type":"ListItem","position":1,"name":"Home","item":"https:\/\/chemsfine.com\/"},{"@type":"ListItem","position":2,"name":"Shop","item":"https:\/\/chemsfine.com\/shop\/"},{"@type":"ListItem","position":3,"name":"Buy Zombie Candy Shatter Online | Premium Indica Hybrid"}]},{"@type":"WebSite","@id":"https:\/\/chemsfine.com\/#website","url":"https:\/\/chemsfine.com\/","name":"Chemsfine","description":"M\u016fj blog WordPress","publisher":{"@id":"https:\/\/chemsfine.com\/#organization"},"potentialAction":[{"@type":"SearchAction","target":{"@type":"EntryPoint","urlTemplate":"https:\/\/chemsfine.com\/?s={search_term_string}"},"query-input":{"@type":"PropertyValueSpecification","valueRequired":true,"valueName":"search_term_string"}}],"inLanguage":"cs"},{"@type":"Organization","@id":"https:\/\/chemsfine.com\/#organization","name":"Chemsfine","url":"https:\/\/chemsfine.com\/","logo":{"@type":"ImageObject","inLanguage":"cs","@id":"https:\/\/chemsfine.com\/#\/schema\/logo\/image\/","url":"https:\/\/chemsfine.com\/wp-content\/uploads\/2024\/09\/final-logo.png","contentUrl":"https:\/\/chemsfine.com\/wp-content\/uploads\/2024\/09\/final-logo.png","width":340,"height":72,"caption":"Chemsfine"},"image":{"@id":"https:\/\/chemsfine.com\/#\/schema\/logo\/image\/"}}]}},"_links":{"self":[{"href":"https:\/\/chemsfine.com\/cs\/wp-json\/wp\/v2\/product\/6732","targetHints":{"allow":["GET"]}}],"collection":[{"href":"https:\/\/chemsfine.com\/cs\/wp-json\/wp\/v2\/product"}],"about":[{"href":"https:\/\/chemsfine.com\/cs\/wp-json\/wp\/v2\/types\/product"}],"replies":[{"embeddable":true,"href":"https:\/\/chemsfine.com\/cs\/wp-json\/wp\/v2\/comments?post=6732"}],"wp:featuredmedia":[{"embeddable":true,"href":"https:\/\/chemsfine.com\/cs\/wp-json\/wp\/v2\/media\/6781"}],"wp:attachment":[{"href":"https:\/\/chemsfine.com\/cs\/wp-json\/wp\/v2\/media?parent=6732"}],"wp:term":[{"taxonomy":"product_brand","embeddable":true,"href":"https:\/\/chemsfine.com\/cs\/wp-json\/wp\/v2\/product_brand?post=6732"},{"taxonomy":"product_cat","embeddable":true,"href":"https:\/\/chemsfine.com\/cs\/wp-json\/wp\/v2\/product_cat?post=6732"},{"taxonomy":"product_tag","embeddable":true,"href":"https:\/\/chemsfine.com\/cs\/wp-json\/wp\/v2\/product_tag?post=6732"}],"curies":[{"name":"wp","href":"https:\/\/api.w.org\/{rel}","templated":true}]}}