{"id":8126,"date":"2026-02-12T18:20:35","date_gmt":"2026-02-12T18:20:35","guid":{"rendered":"https:\/\/chemsfine.com\/?post_type=product&#038;p=8126"},"modified":"2026-03-25T12:18:50","modified_gmt":"2026-03-25T12:18:50","slug":"jack-skellington-sativa-hybrid","status":"publish","type":"product","link":"https:\/\/chemsfine.com\/cs\/product\/jack-skellington-sativa-hybrid\/","title":{"rendered":"Koupit Jack Skellington online | \u0160pi\u010dkov\u00e1 kvalita Sativa Hybrid na prodej"},"content":{"rendered":"<p>Hled\u00e1te <b>Koupit Jack Skellington na prodej<\/b>? Ocitli jste se na p\u0159edn\u00edm m\u00edst\u011b, kde najdete \u0161pi\u010dkovou genetiku. Jack Skellington je pozoruhodn\u00fd hybrid, kter\u00fd p\u0159edstavuje vrchol \u0161lechtitelsk\u00fdch znalost\u00ed. Tento kmen nen\u00ed pouhou rostlinou; je v\u00fdsledkem let odhodl\u00e1n\u00ed a zdokonalov\u00e1n\u00ed. Kombinuje v\u00fdkonn\u00e9 genetiky, kter\u00e9 p\u0159in\u00e1\u0161ej\u00ed jedine\u010dn\u00fd z\u00e1\u017eitek vyzna\u010duj\u00edc\u00ed se euforick\u00fdm povznesen\u00edm a v\u00fdraznou chut\u00ed. A\u0165 u\u017e jste p\u011bstitel, kter\u00fd hled\u00e1 produktivn\u00ed \u00farodu, nebo znalec, kter\u00fd hled\u00e1 vysok\u00e9 hladiny THC, tato odr\u016fda vynik\u00e1 jako vynikaj\u00edc\u00ed volba. Ve spole\u010dnosti Chemsfine zaji\u0161\u0165ujeme, abyste obdr\u017eeli pouze ty nejautenti\u010dt\u011bj\u0161\u00ed a nej\u017eivotaschopn\u011bj\u0161\u00ed genetiky na trhu.<\/p>\n<h2>Co je Jack Skellington?<\/h2>\n<p><b>Jack Skellington<\/b> je sofistikovan\u00fd hybrid s dominanc\u00ed sativy, kter\u00fd se skl\u00e1d\u00e1 z genetiky 70% Sativa a 30% Indica. Jej\u00ed existence je v\u00fdsledkem p\u0159\u00edsn\u00e9ho \u0161lechtitelsk\u00e9ho programu. \u0160lechtitel\u00e9 v\u011bnovali p\u0159ibli\u017en\u011b dvan\u00e1ct let zdokonalov\u00e1n\u00ed mate\u0159sk\u00e9ho kmene Killer Queen. Samotn\u00e1 Killer Queen je siln\u00e1 sm\u011bs, kter\u00e1 se skl\u00e1d\u00e1 p\u0159edev\u0161\u00edm z genetiky G13 s mal\u00fdm, ale v\u00fdznamn\u00fdm p\u0159\u00eddavkem Cinderella 99. K posledn\u00edmu zlomu do\u0161lo, kdy\u017e byl do linie za\u0159azen legend\u00e1rn\u00ed Jack The Ripper. Tato kombinace vedla k objevu fenotypu Jack Skellington, kmene proslul\u00e9ho sv\u00fdm bujn\u00fdm r\u016fstem a v\u00fdjime\u010dnou silou.<\/p>\n<p>Fyzicky je tato rostlina zn\u00e1m\u00e1 sv\u00fdm impozantn\u00edm vzr\u016fstem a produkc\u00ed prysky\u0159ice. Je to <b>\u0160pi\u010dkov\u00e1 kvalita Jack Skellington<\/b> p\u0159\u00edklad toho, jak rozmanit\u00e1 genetika m\u016f\u017ee vytvo\u0159it vyv\u00e1\u017een\u00fd, ale siln\u00fd profil. Vysok\u00e9 hladiny THC vyvol\u00e1vaj\u00ed jasn\u00fd euforick\u00fd pocit, d\u00edky \u010demu\u017e je obl\u00edben\u00e1 mezi milovn\u00edky sativy. Terpenov\u00fd profil je nav\u00edc v\u00fdrazn\u00fd a nab\u00edz\u00ed paletu chut\u00ed, kter\u00e9 p\u0159ipom\u00ednaj\u00ed sv\u011b\u017e\u00ed limetku v kombinaci s pikantn\u00edm n\u00e1dechem. Tato jedine\u010dn\u00e1 aromatick\u00e1 sm\u011bs ji odli\u0161uje od ostatn\u00edch hybrid\u016f stejn\u00e9 kategorie.<\/p>\n<h2>Pro\u010d koupit Jacka Skellingtona online u Chemsfine?<\/h2>\n<p>Kdy\u017e se rozhodnete <b>Objednat Jack Skellington online<\/b>, v\u00fdb\u011br spr\u00e1vn\u00e9ho dodavatele je rozhoduj\u00edc\u00ed. Spole\u010dnost Chemsfine se sna\u017e\u00ed poskytovat <b>Nejlep\u0161\u00ed dostupn\u00fd Jack Skellington<\/b>. Ch\u00e1peme v\u00fdznam genetick\u00e9 \u010distoty a vitality. Na\u0161e semena a produkty skladujeme v optimalizovan\u00e9m prost\u0159ed\u00ed, abychom zachovali jejich \u010derstvost a \u017eivotaschopnost. Proto se m\u016f\u017eete spolehnout, \u017ee v\u00e1\u0161 n\u00e1kup bude spl\u0148ovat nejvy\u0161\u0161\u00ed pr\u016fmyslov\u00e9 standardy.<\/p>\n<p>Krom\u011b toho si cen\u00edme transparentnosti a spokojenosti z\u00e1kazn\u00edk\u016f. Poskytujeme podrobn\u00e9 informace o na\u0161ich produktech, abyste p\u0159esn\u011b v\u011bd\u011bli, co kupujete. Na\u0161e platforma nab\u00edz\u00ed bezprobl\u00e9mov\u00e9 nakupov\u00e1n\u00ed, kter\u00e9 v\u00e1m umo\u017en\u00ed s jistotou zajistit va\u0161i objedn\u00e1vku. Pokud m\u00e1te z\u00e1jem o dal\u0161\u00ed pr\u00e9miov\u00e9 koncentr\u00e1ty, kter\u00e9 odpov\u00eddaj\u00ed vysok\u00e9 kvalit\u011b prysky\u0159ice tohoto kmene, m\u016f\u017eete tak\u00e9 prozkoumat na\u0161e <a href=\"https:\/\/chemsfine.com\/cs\/produkt\/buy-orca-hash-online-premium-cannabis-concentrate\/\">Orca Hash<\/a> mo\u017enosti. Sna\u017e\u00edme se, abyste u n\u00e1s na\u0161li produkty \u0161pi\u010dkov\u00e9 kvality na jednom m\u00edst\u011b.<\/p>\n<h2>Aplikace<\/h2>\n<p>Tato odr\u016fda je v\u0161estrann\u00e1 a slou\u017e\u00ed p\u011bstitel\u016fm a producent\u016fm k r\u016fzn\u00fdm \u00fa\u010del\u016fm. D\u00edky sv\u00fdm specifick\u00fdm r\u016fstov\u00fdm vlastnostem se hod\u00ed pro r\u016fzn\u00e9 aplikace:<\/p>\n<ul>\n<li><b>Nastaven\u00ed SOG:<\/b> D\u00edky sv\u00e9 struktu\u0159e je to fantastick\u00fd kmen pro uspo\u0159\u00e1d\u00e1n\u00ed Sea of Green (SOG).<\/li>\n<li><b>V\u00fdroba ha\u0161i\u0161e:<\/b> Rostlina produkuje zna\u010dn\u00e9 mno\u017estv\u00ed prysky\u0159ice na pupenech, co\u017e je ide\u00e1ln\u00ed pro v\u00fdrobu vysoce kvalitn\u00edho ha\u0161i\u0161e.<\/li>\n<li><b>Komer\u010dn\u00ed p\u011bstov\u00e1n\u00ed:<\/b> D\u00edky st\u0159edn\u00edm v\u00fdnos\u016fm a relativn\u011b kr\u00e1tk\u00e9 dob\u011b kveten\u00ed (p\u0159ibli\u017en\u011b 56 dn\u00ed) je efektivn\u00ed pro produk\u010dn\u00ed cykly.<\/li>\n<li><b>Euforie:<\/b> U\u017e\u00edv\u00e1 se u spot\u0159ebitel\u016f, kte\u0159\u00ed hledaj\u00ed energick\u00e9 a euforick\u00e9 \u00fa\u010dinky d\u00edky vysok\u00e9mu obsahu THC.<\/li>\n<li><b>Profilov\u00e1n\u00ed chut\u00ed:<\/b> P\u011bstuje se pro sv\u00e9 jedine\u010dn\u00e9 sv\u011b\u017e\u00ed limetkov\u00e9 a ko\u0159en\u011bn\u00e9 aromatick\u00e9 vlastnosti.<\/li>\n<\/ul>\n<h2>Bezpe\u010dnost a dodr\u017eov\u00e1n\u00ed p\u0159edpis\u016f<\/h2>\n<p>U spole\u010dnosti Chemsfine je bezpe\u010dnost a zaji\u0161t\u011bn\u00ed kvality na prvn\u00edm m\u00edst\u011b. P\u0159esto\u017ee se jedn\u00e1 o botanick\u00fd produkt, nakl\u00e1d\u00e1me s na\u0161imi z\u00e1sobami stejn\u011b p\u0159\u00edsn\u011b jako s laboratorn\u00edmi produkty. Db\u00e1me na to, aby v\u0161echny produkty byly skladov\u00e1ny v kontrolovan\u00e9m prost\u0159ed\u00ed a nedoch\u00e1zelo tak k jejich degradaci. Dodr\u017eujeme region\u00e1ln\u00ed p\u0159edpisy t\u00fdkaj\u00edc\u00ed se prodeje t\u00e9to genetiky. Krom\u011b toho ov\u011b\u0159ujeme, zda na\u0161e z\u00e1soby neobsahuj\u00ed kontaminanty a \u0161k\u016fdce. Stejn\u011b jako zaji\u0161\u0165ujeme \u010distotu na\u0161ich chemick\u00fdch produkt\u016f, jako nap\u0159. <a href=\"https:\/\/chemsfine.com\/cs\/produkt\/koupit-2-fma-vysoce-cisty-prasek-online-vyzkumne-chemicke\/\">2-FMA<\/a>, uplat\u0148ujeme p\u0159\u00edsn\u00e9 kontroly kvality na\u0161ich biologick\u00fdch z\u00e1sob, abychom zajistili, \u017ee obdr\u017e\u00edte \u010dist\u00fd a autentick\u00fd produkt.<\/p>\n<table>\n<tbody>\n<tr>\n<td><b>Genetika<\/b><\/td>\n<td>Killer Queen (G13 x C99) x Jack Rozparova\u010d<\/td>\n<\/tr>\n<tr>\n<td><b>Typ<\/b><\/td>\n<td>70% Sativa \/ 30% Indica<\/td>\n<\/tr>\n<tr>\n<td><b>Doba kveten\u00ed<\/b><\/td>\n<td>P\u0159ibli\u017en\u011b 56 dn\u00ed<\/td>\n<\/tr>\n<tr>\n<td><b>Profil chuti<\/b><\/td>\n<td>\u010cerstv\u00e1 limetka, pikantn\u00ed<\/td>\n<\/tr>\n<tr>\n<td><b>R\u016fstov\u00fd n\u00e1vyk<\/b><\/td>\n<td>V\u00fdjime\u010dn\u011b vysok\u00fd (pot\u0159ebuje doplnit)<\/td>\n<\/tr>\n<\/tbody>\n<\/table>\n<h2>Pro\u010d si vybrat pr\u00e1v\u011b n\u00e1s?<\/h2>\n<p>Jsme odhodl\u00e1ni poskytovat dokonal\u00e9 slu\u017eby. Pokud se rozhodnete nakupovat u n\u00e1s, vyu\u017eijete na\u0161eho z\u00e1vazku ke kvalit\u011b, rychlosti a diskr\u00e9tnosti. Nab\u00edz\u00edme:<\/p>\n<ul>\n<li><b>Bezpe\u010dn\u00fd n\u00e1kup:<\/b> Va\u0161e transakce je chr\u00e1n\u011bna a zpracov\u00e1v\u00e1na s ohledem na soukrom\u00ed.<\/li>\n<li><b>Rychl\u00e9 dod\u00e1n\u00ed:<\/b> Zajist\u00edme, aby va\u0161e objedn\u00e1vka dorazila rychle.<\/li>\n<li><b>Ov\u011b\u0159en\u00e1 genetika:<\/b> Zaru\u010dujeme pravost rodu Jacka Skellingtona.<\/li>\n<\/ul>\n<p>Zem\u011bd\u011blci a p\u011bstitel\u00e9 nav\u00edc t\u00e9to odr\u016fd\u011b d\u016fv\u011b\u0159uj\u00ed, proto\u017ee a\u010dkoli je mimo\u0159\u00e1dn\u011b vysok\u00e1, dob\u0159e reaguje na tr\u00e9ninkov\u00e9 techniky. Pro \u00fa\u010dinnou regulaci v\u00fd\u0161ky je t\u0159eba rostliny zavr\u0161ovat. D\u00edky t\u00e9to reaktivit\u011b se tato odr\u016fda vyplat\u00ed t\u011bm, kte\u0159\u00ed jsou ochotni \u0159\u00eddit jej\u00ed bujn\u00fd r\u016fst.<\/p>\n<h2>Z\u00e1v\u011br<\/h2>\n<p>Jack Skellington je v\u00fdkonn\u00fd hybrid, kter\u00fd nab\u00edz\u00ed vysok\u00fd v\u00fdnos, s\u00edlu a chu\u0165. Jeho rodokmen Killer Queen a Jack The Ripper je z\u00e1rukou \u0161pi\u010dkov\u00e9ho z\u00e1\u017eitku. Nenechte si tuto v\u00fdjime\u010dnou odr\u016fdu uj\u00edt. <b>Koupit Jack Skellington na prodej<\/b> Chemsfine a oboha\u0165te svou sb\u00edrku o genetiku, kter\u00e1 byla zdokonalov\u00e1na po desetilet\u00ed. Zajist\u011bte si svou objedn\u00e1vku nyn\u00ed a z\u00edskejte nejlep\u0161\u00ed kvalitu a slu\u017eby.<\/p>","protected":false},"excerpt":{"rendered":"<p><b>Jack Skellington<\/b> je siln\u00fd hybrid 70% Sativa, kter\u00fd vznikl k\u0159\u00ed\u017een\u00edm odr\u016fd Killer Queen a Jack The Ripper. Tento kmen p\u0159in\u00e1\u0161\u00ed euforick\u00e9 opojen\u00ed s vysokou hladinou THC a vyzna\u010duje se v\u00fdrazn\u00fdm profilem sv\u011b\u017e\u00ed limetkov\u00e9 a ko\u0159en\u011bn\u00e9 chuti. Je v\u00fdjime\u010dn\u011b vysok\u00e1 a produkuje vysok\u00e9 v\u00fdnosy prysky\u0159ice, tak\u017ee je ide\u00e1ln\u00ed pro v\u00fdrobu ha\u0161i\u0161e. Kvete pouh\u00fdch 56 dn\u00ed a da\u0159\u00ed se j\u00ed v sestav\u00e1ch SOG. <b>Koupit Jack Skellington<\/b> u spole\u010dnosti Chemsfine pro zaru\u010denou prvot\u0159\u00eddn\u00ed kvalitu.<\/p>","protected":false},"featured_media":8162,"comment_status":"open","ping_status":"closed","template":"","meta":{"_joinchat":[]},"product_brand":[],"product_cat":[944],"product_tag":[],"class_list":{"0":"post-8126","1":"product","2":"type-product","3":"status-publish","4":"has-post-thumbnail","6":"product_cat-marijuana-cannabis","8":"first","9":"instock","10":"shipping-taxable","11":"purchasable","12":"product-type-variable"},"yoast_head":"<!-- This site is optimized with the Yoast SEO plugin v27.2 - https:\/\/yoast.com\/product\/yoast-seo-wordpress\/ -->\n<title>Buy Jack Skellington Online | Top Quality Sativa Hybrid For Sale<\/title>\n<meta name=\"description\" content=\"Order Jack Skellington online at Chemsfine. This 70% Sativa hybrid offers euphoric highs, lime flavors, and high yields. Best price and secure shipping. Buy now!\" \/>\n<meta name=\"robots\" content=\"index, follow, max-snippet:-1, max-image-preview:large, max-video-preview:-1\" \/>\n<link rel=\"canonical\" href=\"https:\/\/chemsfine.com\/cs\/produkt\/jack-skellington-sativa-hybrid\/\" \/>\n<meta property=\"og:locale\" content=\"cs_CZ\" \/>\n<meta property=\"og:type\" content=\"article\" \/>\n<meta property=\"og:title\" content=\"Buy Jack Skellington Online | Top Quality Sativa Hybrid For Sale\" \/>\n<meta property=\"og:description\" content=\"Order Jack Skellington online at Chemsfine. This 70% Sativa hybrid offers euphoric highs, lime flavors, and high yields. Best price and secure shipping. Buy now!\" \/>\n<meta property=\"og:url\" content=\"https:\/\/chemsfine.com\/cs\/produkt\/jack-skellington-sativa-hybrid\/\" \/>\n<meta property=\"og:site_name\" content=\"Chemsfine\" \/>\n<meta property=\"article:modified_time\" content=\"2026-03-25T12:18:50+00:00\" \/>\n<meta property=\"og:image\" content=\"https:\/\/chemsfine.com\/wp-content\/uploads\/2026\/02\/jack-skellington.jpg\" \/>\n\t<meta property=\"og:image:width\" content=\"960\" \/>\n\t<meta property=\"og:image:height\" content=\"1280\" \/>\n\t<meta property=\"og:image:type\" content=\"image\/jpeg\" \/>\n<meta name=\"twitter:card\" content=\"summary_large_image\" \/>\n<meta name=\"twitter:label1\" content=\"Odhadovan\u00e1 doba \u010dten\u00ed\" \/>\n\t<meta name=\"twitter:data1\" content=\"1 minuta\" \/>\n<script type=\"application\/ld+json\" class=\"yoast-schema-graph\">{\"@context\":\"https:\/\/schema.org\",\"@graph\":[{\"@type\":\"WebPage\",\"@id\":\"https:\/\/chemsfine.com\/product\/jack-skellington-sativa-hybrid\/\",\"url\":\"https:\/\/chemsfine.com\/product\/jack-skellington-sativa-hybrid\/\",\"name\":\"Buy Jack Skellington Online | Top Quality Sativa Hybrid For Sale\",\"isPartOf\":{\"@id\":\"https:\/\/chemsfine.com\/#website\"},\"primaryImageOfPage\":{\"@id\":\"https:\/\/chemsfine.com\/product\/jack-skellington-sativa-hybrid\/#primaryimage\"},\"image\":{\"@id\":\"https:\/\/chemsfine.com\/product\/jack-skellington-sativa-hybrid\/#primaryimage\"},\"thumbnailUrl\":\"https:\/\/chemsfine.com\/wp-content\/uploads\/2026\/02\/jack-skellington.jpg\",\"datePublished\":\"2026-02-12T18:20:35+00:00\",\"dateModified\":\"2026-03-25T12:18:50+00:00\",\"description\":\"Order Jack Skellington online at Chemsfine. This 70% Sativa hybrid offers euphoric highs, lime flavors, and high yields. Best price and secure shipping. Buy now!\",\"breadcrumb\":{\"@id\":\"https:\/\/chemsfine.com\/product\/jack-skellington-sativa-hybrid\/#breadcrumb\"},\"inLanguage\":\"cs\",\"potentialAction\":[{\"@type\":\"ReadAction\",\"target\":[\"https:\/\/chemsfine.com\/product\/jack-skellington-sativa-hybrid\/\"]}]},{\"@type\":\"ImageObject\",\"inLanguage\":\"cs\",\"@id\":\"https:\/\/chemsfine.com\/product\/jack-skellington-sativa-hybrid\/#primaryimage\",\"url\":\"https:\/\/chemsfine.com\/wp-content\/uploads\/2026\/02\/jack-skellington.jpg\",\"contentUrl\":\"https:\/\/chemsfine.com\/wp-content\/uploads\/2026\/02\/jack-skellington.jpg\",\"width\":960,\"height\":1280},{\"@type\":\"BreadcrumbList\",\"@id\":\"https:\/\/chemsfine.com\/product\/jack-skellington-sativa-hybrid\/#breadcrumb\",\"itemListElement\":[{\"@type\":\"ListItem\",\"position\":1,\"name\":\"Home\",\"item\":\"https:\/\/chemsfine.com\/\"},{\"@type\":\"ListItem\",\"position\":2,\"name\":\"Shop\",\"item\":\"https:\/\/chemsfine.com\/shop\/\"},{\"@type\":\"ListItem\",\"position\":3,\"name\":\"Buy Jack Skellington Online | Top Quality Sativa Hybrid For Sale\"}]},{\"@type\":\"WebSite\",\"@id\":\"https:\/\/chemsfine.com\/#website\",\"url\":\"https:\/\/chemsfine.com\/\",\"name\":\"Chemsfine\",\"description\":\"My WordPress Blog\",\"publisher\":{\"@id\":\"https:\/\/chemsfine.com\/#organization\"},\"potentialAction\":[{\"@type\":\"SearchAction\",\"target\":{\"@type\":\"EntryPoint\",\"urlTemplate\":\"https:\/\/chemsfine.com\/?s={search_term_string}\"},\"query-input\":{\"@type\":\"PropertyValueSpecification\",\"valueRequired\":true,\"valueName\":\"search_term_string\"}}],\"inLanguage\":\"cs\"},{\"@type\":\"Organization\",\"@id\":\"https:\/\/chemsfine.com\/#organization\",\"name\":\"Chemsfine\",\"url\":\"https:\/\/chemsfine.com\/\",\"logo\":{\"@type\":\"ImageObject\",\"inLanguage\":\"cs\",\"@id\":\"https:\/\/chemsfine.com\/#\/schema\/logo\/image\/\",\"url\":\"https:\/\/chemsfine.com\/wp-content\/uploads\/2024\/09\/final-logo.png\",\"contentUrl\":\"https:\/\/chemsfine.com\/wp-content\/uploads\/2024\/09\/final-logo.png\",\"width\":340,\"height\":72,\"caption\":\"Chemsfine\"},\"image\":{\"@id\":\"https:\/\/chemsfine.com\/#\/schema\/logo\/image\/\"}}]}<\/script>\n<!-- \/ Yoast SEO plugin. -->","yoast_head_json":{"title":"Koupit Jack Skellington online | \u0160pi\u010dkov\u00e1 kvalita Sativa Hybrid na prodej","description":"Objednat Jack Skellington online na Chemsfine. Tento hybrid sativy 70% nab\u00edz\u00ed euforick\u00e9 opojen\u00ed, limetkovou p\u0159\u00edchu\u0165 a vysok\u00e9 v\u00fdnosy. Nejlep\u0161\u00ed cena a bezpe\u010dn\u00e1 doprava. Koupit nyn\u00ed!","robots":{"index":"index","follow":"follow","max-snippet":"max-snippet:-1","max-image-preview":"max-image-preview:large","max-video-preview":"max-video-preview:-1"},"canonical":"https:\/\/chemsfine.com\/cs\/produkt\/jack-skellington-sativa-hybrid\/","og_locale":"cs_CZ","og_type":"article","og_title":"Buy Jack Skellington Online | Top Quality Sativa Hybrid For Sale","og_description":"Order Jack Skellington online at Chemsfine. This 70% Sativa hybrid offers euphoric highs, lime flavors, and high yields. Best price and secure shipping. Buy now!","og_url":"https:\/\/chemsfine.com\/cs\/produkt\/jack-skellington-sativa-hybrid\/","og_site_name":"Chemsfine","article_modified_time":"2026-03-25T12:18:50+00:00","og_image":[{"width":960,"height":1280,"url":"https:\/\/chemsfine.com\/wp-content\/uploads\/2026\/02\/jack-skellington.jpg","type":"image\/jpeg"}],"twitter_card":"summary_large_image","twitter_misc":{"Odhadovan\u00e1 doba \u010dten\u00ed":"1 minuta"},"schema":{"@context":"https:\/\/schema.org","@graph":[{"@type":"WebPage","@id":"https:\/\/chemsfine.com\/product\/jack-skellington-sativa-hybrid\/","url":"https:\/\/chemsfine.com\/product\/jack-skellington-sativa-hybrid\/","name":"Koupit Jack Skellington online | \u0160pi\u010dkov\u00e1 kvalita Sativa Hybrid na prodej","isPartOf":{"@id":"https:\/\/chemsfine.com\/#website"},"primaryImageOfPage":{"@id":"https:\/\/chemsfine.com\/product\/jack-skellington-sativa-hybrid\/#primaryimage"},"image":{"@id":"https:\/\/chemsfine.com\/product\/jack-skellington-sativa-hybrid\/#primaryimage"},"thumbnailUrl":"https:\/\/chemsfine.com\/wp-content\/uploads\/2026\/02\/jack-skellington.jpg","datePublished":"2026-02-12T18:20:35+00:00","dateModified":"2026-03-25T12:18:50+00:00","description":"Objednat Jack Skellington online na Chemsfine. Tento hybrid sativy 70% nab\u00edz\u00ed euforick\u00e9 opojen\u00ed, limetkovou p\u0159\u00edchu\u0165 a vysok\u00e9 v\u00fdnosy. Nejlep\u0161\u00ed cena a bezpe\u010dn\u00e1 doprava. Koupit nyn\u00ed!","breadcrumb":{"@id":"https:\/\/chemsfine.com\/product\/jack-skellington-sativa-hybrid\/#breadcrumb"},"inLanguage":"cs","potentialAction":[{"@type":"ReadAction","target":["https:\/\/chemsfine.com\/product\/jack-skellington-sativa-hybrid\/"]}]},{"@type":"ImageObject","inLanguage":"cs","@id":"https:\/\/chemsfine.com\/product\/jack-skellington-sativa-hybrid\/#primaryimage","url":"https:\/\/chemsfine.com\/wp-content\/uploads\/2026\/02\/jack-skellington.jpg","contentUrl":"https:\/\/chemsfine.com\/wp-content\/uploads\/2026\/02\/jack-skellington.jpg","width":960,"height":1280},{"@type":"BreadcrumbList","@id":"https:\/\/chemsfine.com\/product\/jack-skellington-sativa-hybrid\/#breadcrumb","itemListElement":[{"@type":"ListItem","position":1,"name":"Home","item":"https:\/\/chemsfine.com\/"},{"@type":"ListItem","position":2,"name":"Shop","item":"https:\/\/chemsfine.com\/shop\/"},{"@type":"ListItem","position":3,"name":"Buy Jack Skellington Online | Top Quality Sativa Hybrid For Sale"}]},{"@type":"WebSite","@id":"https:\/\/chemsfine.com\/#website","url":"https:\/\/chemsfine.com\/","name":"Chemsfine","description":"M\u016fj blog WordPress","publisher":{"@id":"https:\/\/chemsfine.com\/#organization"},"potentialAction":[{"@type":"SearchAction","target":{"@type":"EntryPoint","urlTemplate":"https:\/\/chemsfine.com\/?s={search_term_string}"},"query-input":{"@type":"PropertyValueSpecification","valueRequired":true,"valueName":"search_term_string"}}],"inLanguage":"cs"},{"@type":"Organization","@id":"https:\/\/chemsfine.com\/#organization","name":"Chemsfine","url":"https:\/\/chemsfine.com\/","logo":{"@type":"ImageObject","inLanguage":"cs","@id":"https:\/\/chemsfine.com\/#\/schema\/logo\/image\/","url":"https:\/\/chemsfine.com\/wp-content\/uploads\/2024\/09\/final-logo.png","contentUrl":"https:\/\/chemsfine.com\/wp-content\/uploads\/2024\/09\/final-logo.png","width":340,"height":72,"caption":"Chemsfine"},"image":{"@id":"https:\/\/chemsfine.com\/#\/schema\/logo\/image\/"}}]}},"_links":{"self":[{"href":"https:\/\/chemsfine.com\/cs\/wp-json\/wp\/v2\/product\/8126","targetHints":{"allow":["GET"]}}],"collection":[{"href":"https:\/\/chemsfine.com\/cs\/wp-json\/wp\/v2\/product"}],"about":[{"href":"https:\/\/chemsfine.com\/cs\/wp-json\/wp\/v2\/types\/product"}],"replies":[{"embeddable":true,"href":"https:\/\/chemsfine.com\/cs\/wp-json\/wp\/v2\/comments?post=8126"}],"wp:featuredmedia":[{"embeddable":true,"href":"https:\/\/chemsfine.com\/cs\/wp-json\/wp\/v2\/media\/8162"}],"wp:attachment":[{"href":"https:\/\/chemsfine.com\/cs\/wp-json\/wp\/v2\/media?parent=8126"}],"wp:term":[{"taxonomy":"product_brand","embeddable":true,"href":"https:\/\/chemsfine.com\/cs\/wp-json\/wp\/v2\/product_brand?post=8126"},{"taxonomy":"product_cat","embeddable":true,"href":"https:\/\/chemsfine.com\/cs\/wp-json\/wp\/v2\/product_cat?post=8126"},{"taxonomy":"product_tag","embeddable":true,"href":"https:\/\/chemsfine.com\/cs\/wp-json\/wp\/v2\/product_tag?post=8126"}],"curies":[{"name":"wp","href":"https:\/\/api.w.org\/{rel}","templated":true}]}}