{"id":8503,"date":"2026-02-13T20:09:44","date_gmt":"2026-02-13T20:09:44","guid":{"rendered":"https:\/\/chemsfine.com\/?post_type=product&#038;p=8503"},"modified":"2026-03-25T11:57:53","modified_gmt":"2026-03-25T11:57:53","slug":"buy-peruvian-cocaine","status":"publish","type":"product","link":"https:\/\/chemsfine.com\/cs\/product\/buy-peruvian-cocaine\/","title":{"rendered":"Peru\u00e1nsk\u00fd kokain 92% Pure - Kupte si dnes online"},"content":{"rendered":"<p>Koupit <b>Peru\u00e1nsk\u00fd kokain<\/b> 92% Pure na prodej a odemkn\u011bte v\u00fdjime\u010dnou hodnotu. U spole\u010dnosti Chemsfine z\u00edsk\u00e1te tento pr\u00e9miov\u00fd produkt za \u00fa\u017easn\u00e9 velkoobchodn\u00ed ceny, kter\u00e9 v\u00e1m zajist\u00ed n\u00e1kladov\u011b efektivn\u00ed \u0159e\u0161en\u00ed. Jsme odhodl\u00e1ni b\u00fdt nejlep\u0161\u00edm zdrojem pro n\u00e1kup \u010dist\u00e9ho kokainu a nab\u00edz\u00edme bezprobl\u00e9mov\u00fd online n\u00e1kup. Objevte bezkonkuren\u010dn\u00ed kvalitu na\u0161eho \u0161pi\u010dkov\u00e9ho produktu, proslul\u00e9ho svou \u010distotou 92%, kter\u00fd je snadno dostupn\u00fd k okam\u017eit\u00e9mu po\u0159\u00edzen\u00ed.<\/p>\n<h2>Co je Peruvian Cocaine 92% Pure?<\/h2>\n<p>Tento produkt, kokain 92% Pure, je velmi \u017e\u00e1dan\u00fd a uzn\u00e1van\u00fd pro svou p\u016fsobivou \u010distotu 92%. Kdy\u017e si chcete koupit \u010dist\u00fd peru\u00e1nsk\u00fd kokain, tou\u017e\u00edte po konzistenci a vysok\u00e9 kvalit\u011b. N\u00e1\u0161 v\u00fdb\u011br p\u0159edstavuje dostupn\u00fd produkt nejvy\u0161\u0161\u00ed kvality, kter\u00fd je pe\u010dliv\u011b z\u00edsk\u00e1v\u00e1n, aby si zachoval sv\u00e9 vynikaj\u00edc\u00ed vlastnosti. Tato nejl\u00e9pe hodnocen\u00e1 l\u00e1tka na prodej trvale spl\u0148uje o\u010dek\u00e1v\u00e1n\u00ed, co\u017e posiluje jej\u00ed pov\u011bst spolehlivosti a dokonalosti mezi dodavateli.<\/p>\n<h2>Pro\u010d si koupit peru\u00e1nsk\u00fd kokain 92% Pure online od Chemsfine?<\/h2>\n<p>Rozhodnete-li se koupit Cocaine 92% Pure online od spole\u010dnosti Chemsfine, znamen\u00e1 to, \u017ee si vyberete slu\u017ebu, kter\u00e1 up\u0159ednost\u0148uje hodnotu. Nab\u00edz\u00edme <b>Nejlep\u0161\u00ed peru\u00e1nsk\u00fd kokain 92% Pure k dispozici<\/b>, dopln\u011bn\u00e9 o v\u00fdhody pro velkoobchodn\u00ed odb\u011bratele. Vyu\u017eijte dopravu zdarma a speci\u00e1ln\u00ed slevy na velkoobchodn\u00ed objedn\u00e1vky. Tato kombinace z n\u00e1s d\u011bl\u00e1 p\u0159edn\u00ed destinaci. Na\u0161e platforma poskytuje bezpe\u010dn\u00fd a efektivn\u00ed zp\u016fsob n\u00e1kupu tohoto \u010dist\u00e9ho produktu online a zaji\u0161\u0165uje bezpe\u010dn\u00e9 doru\u010den\u00ed. Jako d\u016fv\u011bryhodn\u00ed dodavatel\u00e9 se postar\u00e1me o to, aby va\u0161e akvizice byla jednoduch\u00e1 a spolehliv\u00e1.<\/p>\n<h2>Dostupnost a objedn\u00e1v\u00e1n\u00ed peru\u00e1nsk\u00e9ho kokainu<\/h2>\n<p>Pro ty, kter\u00e9 zaj\u00edm\u00e1 <b>kde koupit Peruvian Cocaine<\/b> 92% Pure, n\u00e1\u0161 internetov\u00fd obchod slou\u017e\u00ed jako komplexn\u00ed centrum. Nab\u00edz\u00edme produkt 92% pure k prodeji, \u010d\u00edm\u017e zaji\u0161\u0165ujeme, \u017ee toto zbo\u017e\u00ed st\u00e1le m\u016f\u017eete z\u00edskat. Vych\u00e1z\u00edme vst\u0159\u00edc t\u011bm, kte\u0159\u00ed pot\u0159ebuj\u00ed koupit tuto l\u00e1tku online, a zjednodu\u0161ujeme tak proces od v\u00fdb\u011bru a\u017e po dod\u00e1n\u00ed. Nau\u010dit se, jak objednat <b>Peru\u00e1nsk\u00fd kokain<\/b> 92% Pure je snadn\u00e9 d\u00edky na\u0161\u00ed intuitivn\u00ed platform\u011b, kter\u00e1 v\u00e1s provede ka\u017ed\u00fdm krokem. Jako spolehliv\u00ed dodavatel\u00e9 zaru\u010dujeme st\u00e1l\u00e9 dod\u00e1vky.<\/p>\n<table>\n<thead>\n<tr>\n<th>Funkce<\/th>\n<th>V\u00fdhoda<\/th>\n<\/tr>\n<\/thead>\n<tbody>\n<tr>\n<td>\u010cistota produktu<\/td>\n<td>Zaru\u010den\u011b \u010dist\u00fd 92%.<\/td>\n<\/tr>\n<tr>\n<td>Velkoobchodn\u00ed ceny<\/td>\n<td>P\u0159\u00edstup k \u00fa\u017easn\u00fdm velkoobchodn\u00edm sazb\u00e1m.<\/td>\n<\/tr>\n<tr>\n<td>Doprava a slevy<\/td>\n<td>Doprava zdarma na velkoobchod, speci\u00e1ln\u00ed slevy.<\/td>\n<\/tr>\n<tr>\n<td>Zku\u0161enosti s objedn\u00e1v\u00e1n\u00edm<\/td>\n<td>Jednoduch\u00fd a intuitivn\u00ed proces online objedn\u00e1v\u00e1n\u00ed.<\/td>\n<\/tr>\n<tr>\n<td>D\u016fv\u011bra v doru\u010den\u00ed<\/td>\n<td>Z\u00e1vazek bezpe\u010dn\u00e9ho a diskr\u00e9tn\u00edho doru\u010den\u00ed.<\/td>\n<\/tr>\n<\/tbody>\n<\/table>\n<h2>Pochopen\u00ed z\u00e1konnosti a bezpe\u010dn\u00e9ho po\u0159\u00edzen\u00ed<\/h2>\n<p>P\u0159i zva\u017eov\u00e1n\u00ed n\u00e1kupu kokainu 92% Pure online je z\u00e1sadn\u00ed porozum\u011bt m\u00edstn\u00edm p\u0159edpis\u016fm. Ot\u00e1zka \u2018Je tento produkt 92% pure leg\u00e1ln\u00ed?\u2019 z\u00e1vis\u00ed na va\u0161\u00ed jurisdikci; kupuj\u00edc\u00ed si mus\u00ed b\u00fdt v\u011bdom m\u00edstn\u00edch z\u00e1kon\u016f. I nad\u00e1le se zam\u011b\u0159ujeme na usnadn\u011bn\u00ed bezpe\u010dn\u00e9ho procesu doru\u010den\u00ed va\u0161ich objedn\u00e1vek. Zaji\u0161\u0165ujeme, \u017ee p\u0159i n\u00e1kupu tohoto vysoce \u010dist\u00e9ho produktu jsou transakce a doru\u010den\u00ed prov\u00e1d\u011bny s maxim\u00e1ln\u00ed diskr\u00e9tnost\u00ed. Umo\u017en\u00edme v\u00e1m koupit si kokain 92% Pure, p\u0159i\u010dem\u017e klademe d\u016fraz na zodpov\u011bdn\u00fd n\u00e1kup a dodr\u017eov\u00e1n\u00ed jednotliv\u00fdch region\u00e1ln\u00edch sm\u011brnic.<\/p>\n<h2>Pro\u010d si vybrat n\u00e1s jako sv\u00e9ho d\u016fv\u011bryhodn\u00e9ho dodavatele?<\/h2>\n<p>Jako p\u0159edn\u00ed destinace jsme d\u016fv\u011bryhodn\u00fdmi dodavateli produktu Cocaine 92% Pure. M\u016f\u017eete <b>Objednat peru\u00e1nsk\u00fd kokain<\/b> 92% Pure Online s d\u016fv\u011brou k produktu se \u0161pi\u010dkov\u00fdm hodnocen\u00edm. N\u00e1\u0161 z\u00e1vazek zahrnuje \u00fa\u017easn\u00e9 velkoobchodn\u00ed ceny a efektivn\u00ed proces objedn\u00e1v\u00e1n\u00ed. Zaji\u0161\u0165ujeme, \u017ee tuto \u010distou l\u00e1tku m\u016f\u017eete st\u00e1le z\u00edskat prost\u0159ednictv\u00edm na\u0161ich spolehliv\u00fdch slu\u017eeb. Zavolejte n\u00e1m nyn\u00ed a kupte si n\u00e1\u0161 nejl\u00e9pe hodnocen\u00fd \u010dist\u00fd produkt na prodej a za\u017eijte slu\u017eby ur\u010den\u00e9 pro spolehlivost a spokojenost. Jsme nejlep\u0161\u00ed kokainov\u00fd obchod pro n\u00e1kup t\u00e9to vysoce \u010dist\u00e9 polo\u017eky, kter\u00fd se zam\u011b\u0159uje na bezpe\u010dn\u00fd dodavatelsk\u00fd \u0159et\u011bzec.<\/p>\n<h2>Z\u00e1v\u011br: Zajist\u011bte si peru\u00e1nsk\u00fd kokain je\u0161t\u011b dnes<\/h2>\n<p>Z\u00e1v\u011brem lze \u0159\u00edci, \u017ee pokud chcete <b>Koupit peru\u00e1nsk\u00fd kokain<\/b> 92% Pure for Sale, na\u0161e platforma nab\u00edz\u00ed komplexn\u00ed \u0159e\u0161en\u00ed. D\u00edky \u00fa\u017easn\u00fdm velkoobchodn\u00edm cen\u00e1m, doprav\u011b zdarma na velkoobchodn\u00ed objedn\u00e1vky a d\u016frazu na bezpe\u010dn\u00e9 doru\u010den\u00ed jsme p\u0159edn\u00ed volbou. Tento \u010dist\u00fd produkt m\u016f\u017eete st\u00e1le z\u00edskat prost\u0159ednictv\u00edm na\u0161eho efektivn\u00edho online syst\u00e9mu. Prozkoumejte na\u0161i nab\u00eddku a vyzkou\u0161ejte si pohodl\u00ed n\u00e1kupu \u0161pi\u010dkov\u00e9ho, 92% pure cocaine online. Kontaktujte n\u00e1s je\u0161t\u011b dnes a zajist\u011bte si svou objedn\u00e1vku.<\/p>","protected":false},"excerpt":{"rendered":"<p>Objevte vysoce \u010dist\u00fd kokain 92% Pure, kter\u00fd je k dispozici na prodej. Pro ty, kte\u0159\u00ed hledaj\u00ed <b>koupit Peru\u00e1nsk\u00fd kokain<\/b>, na\u0161e platforma nab\u00edz\u00ed spolehliv\u00fd zdroj. P\u0159i n\u00e1kupu na Chemsfine snadno z\u00edsk\u00e1te \u0161pi\u010dkov\u00fd produkt Cocaine 92% Pure, kter\u00fd v\u00e1m zajist\u00ed v\u00fdjime\u010dnou kvalitu a konzistenci.<\/p>","protected":false},"featured_media":8596,"comment_status":"open","ping_status":"closed","template":"","meta":{"_joinchat":[]},"product_brand":[],"product_cat":[939],"product_tag":[],"class_list":{"0":"post-8503","1":"product","2":"type-product","3":"status-publish","4":"has-post-thumbnail","6":"product_cat-cocaine","8":"first","9":"instock","10":"shipping-taxable","11":"purchasable","12":"product-type-variable"},"yoast_head":"<!-- This site is optimized with the Yoast SEO plugin v27.2 - https:\/\/yoast.com\/product\/yoast-seo-wordpress\/ -->\n<title>Buy Peruvian Cocaine 92% Pure Online - Best Price Available<\/title>\n<meta name=\"description\" content=\"Discover where to buy Peruvian Cocaine 92% Pure online. Get amazing wholesale prices, free shipping, and special discounts. Order top-rated pure Peruvian cocaine now for safe delivery.\" \/>\n<meta name=\"robots\" content=\"index, follow, max-snippet:-1, max-image-preview:large, max-video-preview:-1\" \/>\n<link rel=\"canonical\" href=\"https:\/\/chemsfine.com\/cs\/produkt\/buy-peruvian-cocaine\/\" \/>\n<meta property=\"og:locale\" content=\"cs_CZ\" \/>\n<meta property=\"og:type\" content=\"article\" \/>\n<meta property=\"og:title\" content=\"Buy Peruvian Cocaine 92% Pure Online - Best Price Available\" \/>\n<meta property=\"og:description\" content=\"Discover where to buy Peruvian Cocaine 92% Pure online. Get amazing wholesale prices, free shipping, and special discounts. Order top-rated pure Peruvian cocaine now for safe delivery.\" \/>\n<meta property=\"og:url\" content=\"https:\/\/chemsfine.com\/cs\/produkt\/buy-peruvian-cocaine\/\" \/>\n<meta property=\"og:site_name\" content=\"Chemsfine\" \/>\n<meta property=\"article:modified_time\" content=\"2026-03-25T11:57:53+00:00\" \/>\n<meta property=\"og:image\" content=\"https:\/\/chemsfine.com\/wp-content\/uploads\/2026\/02\/cocaine.webp\" \/>\n\t<meta property=\"og:image:width\" content=\"1000\" \/>\n\t<meta property=\"og:image:height\" content=\"667\" \/>\n\t<meta property=\"og:image:type\" content=\"image\/webp\" \/>\n<meta name=\"twitter:card\" content=\"summary_large_image\" \/>\n<meta name=\"twitter:label1\" content=\"Odhadovan\u00e1 doba \u010dten\u00ed\" \/>\n\t<meta name=\"twitter:data1\" content=\"3 minuty\" \/>\n<script type=\"application\/ld+json\" class=\"yoast-schema-graph\">{\"@context\":\"https:\/\/schema.org\",\"@graph\":[{\"@type\":\"WebPage\",\"@id\":\"https:\/\/chemsfine.com\/product\/buy-peruvian-cocaine\/\",\"url\":\"https:\/\/chemsfine.com\/product\/buy-peruvian-cocaine\/\",\"name\":\"Buy Peruvian Cocaine 92% Pure Online - Best Price Available\",\"isPartOf\":{\"@id\":\"https:\/\/chemsfine.com\/#website\"},\"primaryImageOfPage\":{\"@id\":\"https:\/\/chemsfine.com\/product\/buy-peruvian-cocaine\/#primaryimage\"},\"image\":{\"@id\":\"https:\/\/chemsfine.com\/product\/buy-peruvian-cocaine\/#primaryimage\"},\"thumbnailUrl\":\"https:\/\/chemsfine.com\/wp-content\/uploads\/2026\/02\/cocaine.webp\",\"datePublished\":\"2026-02-13T20:09:44+00:00\",\"dateModified\":\"2026-03-25T11:57:53+00:00\",\"description\":\"Discover where to buy Peruvian Cocaine 92% Pure online. Get amazing wholesale prices, free shipping, and special discounts. Order top-rated pure Peruvian cocaine now for safe delivery.\",\"breadcrumb\":{\"@id\":\"https:\/\/chemsfine.com\/product\/buy-peruvian-cocaine\/#breadcrumb\"},\"inLanguage\":\"cs\",\"potentialAction\":[{\"@type\":\"ReadAction\",\"target\":[\"https:\/\/chemsfine.com\/product\/buy-peruvian-cocaine\/\"]}]},{\"@type\":\"ImageObject\",\"inLanguage\":\"cs\",\"@id\":\"https:\/\/chemsfine.com\/product\/buy-peruvian-cocaine\/#primaryimage\",\"url\":\"https:\/\/chemsfine.com\/wp-content\/uploads\/2026\/02\/cocaine.webp\",\"contentUrl\":\"https:\/\/chemsfine.com\/wp-content\/uploads\/2026\/02\/cocaine.webp\",\"width\":1000,\"height\":667},{\"@type\":\"BreadcrumbList\",\"@id\":\"https:\/\/chemsfine.com\/product\/buy-peruvian-cocaine\/#breadcrumb\",\"itemListElement\":[{\"@type\":\"ListItem\",\"position\":1,\"name\":\"Home\",\"item\":\"https:\/\/chemsfine.com\/\"},{\"@type\":\"ListItem\",\"position\":2,\"name\":\"Shop\",\"item\":\"https:\/\/chemsfine.com\/shop\/\"},{\"@type\":\"ListItem\",\"position\":3,\"name\":\"Peruvian Cocaine 92% Pure &#8211; Buy Online Today\"}]},{\"@type\":\"WebSite\",\"@id\":\"https:\/\/chemsfine.com\/#website\",\"url\":\"https:\/\/chemsfine.com\/\",\"name\":\"Chemsfine\",\"description\":\"My WordPress Blog\",\"publisher\":{\"@id\":\"https:\/\/chemsfine.com\/#organization\"},\"potentialAction\":[{\"@type\":\"SearchAction\",\"target\":{\"@type\":\"EntryPoint\",\"urlTemplate\":\"https:\/\/chemsfine.com\/?s={search_term_string}\"},\"query-input\":{\"@type\":\"PropertyValueSpecification\",\"valueRequired\":true,\"valueName\":\"search_term_string\"}}],\"inLanguage\":\"cs\"},{\"@type\":\"Organization\",\"@id\":\"https:\/\/chemsfine.com\/#organization\",\"name\":\"Chemsfine\",\"url\":\"https:\/\/chemsfine.com\/\",\"logo\":{\"@type\":\"ImageObject\",\"inLanguage\":\"cs\",\"@id\":\"https:\/\/chemsfine.com\/#\/schema\/logo\/image\/\",\"url\":\"https:\/\/chemsfine.com\/wp-content\/uploads\/2024\/09\/final-logo.png\",\"contentUrl\":\"https:\/\/chemsfine.com\/wp-content\/uploads\/2024\/09\/final-logo.png\",\"width\":340,\"height\":72,\"caption\":\"Chemsfine\"},\"image\":{\"@id\":\"https:\/\/chemsfine.com\/#\/schema\/logo\/image\/\"}}]}<\/script>\n<!-- \/ Yoast SEO plugin. -->","yoast_head_json":{"title":"Koupit peru\u00e1nsk\u00fd kokain 92% Pure online - nejlep\u0161\u00ed dostupn\u00e1 cena","description":"Zjist\u011bte, kde koupit Peruvian Cocaine 92% Pure online. Z\u00edskejte \u00fa\u017easn\u00e9 velkoobchodn\u00ed ceny, dopravu zdarma a speci\u00e1ln\u00ed slevy. Objednejte si \u0161pi\u010dkov\u00fd \u010dist\u00fd peru\u00e1nsk\u00fd kokain nyn\u00ed s bezpe\u010dn\u00fdm doru\u010den\u00edm.","robots":{"index":"index","follow":"follow","max-snippet":"max-snippet:-1","max-image-preview":"max-image-preview:large","max-video-preview":"max-video-preview:-1"},"canonical":"https:\/\/chemsfine.com\/cs\/produkt\/buy-peruvian-cocaine\/","og_locale":"cs_CZ","og_type":"article","og_title":"Buy Peruvian Cocaine 92% Pure Online - Best Price Available","og_description":"Discover where to buy Peruvian Cocaine 92% Pure online. Get amazing wholesale prices, free shipping, and special discounts. Order top-rated pure Peruvian cocaine now for safe delivery.","og_url":"https:\/\/chemsfine.com\/cs\/produkt\/buy-peruvian-cocaine\/","og_site_name":"Chemsfine","article_modified_time":"2026-03-25T11:57:53+00:00","og_image":[{"width":1000,"height":667,"url":"https:\/\/chemsfine.com\/wp-content\/uploads\/2026\/02\/cocaine.webp","type":"image\/webp"}],"twitter_card":"summary_large_image","twitter_misc":{"Odhadovan\u00e1 doba \u010dten\u00ed":"3 minuty"},"schema":{"@context":"https:\/\/schema.org","@graph":[{"@type":"WebPage","@id":"https:\/\/chemsfine.com\/product\/buy-peruvian-cocaine\/","url":"https:\/\/chemsfine.com\/product\/buy-peruvian-cocaine\/","name":"Koupit peru\u00e1nsk\u00fd kokain 92% Pure online - nejlep\u0161\u00ed dostupn\u00e1 cena","isPartOf":{"@id":"https:\/\/chemsfine.com\/#website"},"primaryImageOfPage":{"@id":"https:\/\/chemsfine.com\/product\/buy-peruvian-cocaine\/#primaryimage"},"image":{"@id":"https:\/\/chemsfine.com\/product\/buy-peruvian-cocaine\/#primaryimage"},"thumbnailUrl":"https:\/\/chemsfine.com\/wp-content\/uploads\/2026\/02\/cocaine.webp","datePublished":"2026-02-13T20:09:44+00:00","dateModified":"2026-03-25T11:57:53+00:00","description":"Zjist\u011bte, kde koupit Peruvian Cocaine 92% Pure online. Z\u00edskejte \u00fa\u017easn\u00e9 velkoobchodn\u00ed ceny, dopravu zdarma a speci\u00e1ln\u00ed slevy. Objednejte si \u0161pi\u010dkov\u00fd \u010dist\u00fd peru\u00e1nsk\u00fd kokain nyn\u00ed s bezpe\u010dn\u00fdm doru\u010den\u00edm.","breadcrumb":{"@id":"https:\/\/chemsfine.com\/product\/buy-peruvian-cocaine\/#breadcrumb"},"inLanguage":"cs","potentialAction":[{"@type":"ReadAction","target":["https:\/\/chemsfine.com\/product\/buy-peruvian-cocaine\/"]}]},{"@type":"ImageObject","inLanguage":"cs","@id":"https:\/\/chemsfine.com\/product\/buy-peruvian-cocaine\/#primaryimage","url":"https:\/\/chemsfine.com\/wp-content\/uploads\/2026\/02\/cocaine.webp","contentUrl":"https:\/\/chemsfine.com\/wp-content\/uploads\/2026\/02\/cocaine.webp","width":1000,"height":667},{"@type":"BreadcrumbList","@id":"https:\/\/chemsfine.com\/product\/buy-peruvian-cocaine\/#breadcrumb","itemListElement":[{"@type":"ListItem","position":1,"name":"Home","item":"https:\/\/chemsfine.com\/"},{"@type":"ListItem","position":2,"name":"Shop","item":"https:\/\/chemsfine.com\/shop\/"},{"@type":"ListItem","position":3,"name":"Peruvian Cocaine 92% Pure &#8211; Buy Online Today"}]},{"@type":"WebSite","@id":"https:\/\/chemsfine.com\/#website","url":"https:\/\/chemsfine.com\/","name":"Chemsfine","description":"M\u016fj blog WordPress","publisher":{"@id":"https:\/\/chemsfine.com\/#organization"},"potentialAction":[{"@type":"SearchAction","target":{"@type":"EntryPoint","urlTemplate":"https:\/\/chemsfine.com\/?s={search_term_string}"},"query-input":{"@type":"PropertyValueSpecification","valueRequired":true,"valueName":"search_term_string"}}],"inLanguage":"cs"},{"@type":"Organization","@id":"https:\/\/chemsfine.com\/#organization","name":"Chemsfine","url":"https:\/\/chemsfine.com\/","logo":{"@type":"ImageObject","inLanguage":"cs","@id":"https:\/\/chemsfine.com\/#\/schema\/logo\/image\/","url":"https:\/\/chemsfine.com\/wp-content\/uploads\/2024\/09\/final-logo.png","contentUrl":"https:\/\/chemsfine.com\/wp-content\/uploads\/2024\/09\/final-logo.png","width":340,"height":72,"caption":"Chemsfine"},"image":{"@id":"https:\/\/chemsfine.com\/#\/schema\/logo\/image\/"}}]}},"_links":{"self":[{"href":"https:\/\/chemsfine.com\/cs\/wp-json\/wp\/v2\/product\/8503","targetHints":{"allow":["GET"]}}],"collection":[{"href":"https:\/\/chemsfine.com\/cs\/wp-json\/wp\/v2\/product"}],"about":[{"href":"https:\/\/chemsfine.com\/cs\/wp-json\/wp\/v2\/types\/product"}],"replies":[{"embeddable":true,"href":"https:\/\/chemsfine.com\/cs\/wp-json\/wp\/v2\/comments?post=8503"}],"wp:featuredmedia":[{"embeddable":true,"href":"https:\/\/chemsfine.com\/cs\/wp-json\/wp\/v2\/media\/8596"}],"wp:attachment":[{"href":"https:\/\/chemsfine.com\/cs\/wp-json\/wp\/v2\/media?parent=8503"}],"wp:term":[{"taxonomy":"product_brand","embeddable":true,"href":"https:\/\/chemsfine.com\/cs\/wp-json\/wp\/v2\/product_brand?post=8503"},{"taxonomy":"product_cat","embeddable":true,"href":"https:\/\/chemsfine.com\/cs\/wp-json\/wp\/v2\/product_cat?post=8503"},{"taxonomy":"product_tag","embeddable":true,"href":"https:\/\/chemsfine.com\/cs\/wp-json\/wp\/v2\/product_tag?post=8503"}],"curies":[{"name":"wp","href":"https:\/\/api.w.org\/{rel}","templated":true}]}}