{"id":1139,"date":"2024-10-02T17:53:49","date_gmt":"2024-10-02T17:53:49","guid":{"rendered":"https:\/\/chemsfine.com\/?page_id=1139"},"modified":"2025-06-09T14:08:33","modified_gmt":"2025-06-09T14:08:33","slug":"kokain-reinheit-99","status":"publish","type":"page","link":"https:\/\/chemsfine.com\/de\/cocaine-purity-99\/","title":{"rendered":"Kokain Reinheit 99%"},"content":{"rendered":"<p><a href=\"https:\/\/chemsfine.com\/de\/kokain-reinheit-99\/\">Buz Cocaine Mit Reinheit 99%<\/a>Kokain ist eine starke stimulierende Droge, die aus der Kokapflanze gewonnen wird. Es ist klassifiziert als ein <strong>Kontrollierte Substanz der Liste II<\/strong> in vielen L\u00e4ndern, einschlie\u00dflich der Vereinigten Staaten, wo es f\u00fcr den medizinischen Gebrauch in bestimmten F\u00e4llen legal, f\u00fcr den Freizeitgebrauch jedoch illegal ist. Hier sind einige wichtige Punkte zur Bestellung von Cocaine Purity 99%:<\/p>\n<h3>Die wichtigsten Punkte \u00fcber Kokain:<\/h3>\n<ol>\n<li><strong>Formulare<\/strong>:\n<ul>\n<li>Kokain gibt es in der Regel in zwei Hauptformen:\n<ul>\n<li><strong>Kokainhydrochlorid<\/strong>: Dies ist die pulverisierte Form, die geschnupft, injiziert oder in einigen medizinischen Bereichen verwendet werden kann.<\/li>\n<li><strong>Crack-Kokain<\/strong>: Eine feste Form von Kokain, die zu kleinen Steinen verarbeitet wurde. Es wird in der Regel geraucht und ist f\u00fcr sein schnelles Einsetzen der Wirkung bekannt. <strong>Crack-Kokain online bestellen\u00a0<\/strong><\/li>\n<\/ul>\n<\/li>\n<\/ul>\n<\/li>\n<li><strong>Auswirkungen<\/strong>:\n<ul>\n<li>Kokain ist f\u00fcr seine stimulierenden Wirkungen bekannt, die unter anderem Folgendes umfassen k\u00f6nnen:\n<ul>\n<li>Erh\u00f6hte Energie und Wachsamkeit<\/li>\n<li>Euphorie und Wohlbefinden<\/li>\n<li>Erh\u00f6hte Kontaktfreudigkeit und Gespr\u00e4chigkeit<\/li>\n<li>Verminderter Appetit<\/li>\n<\/ul>\n<\/li>\n<li>Die Wirkung setzt in der Regel innerhalb weniger Minuten ein und kann je nach Art des Konsums kurz andauern. So kann das Schnupfen von Kokain beispielsweise eine Wirkung von etwa <strong>30 Minuten<\/strong>w\u00e4hrend das Rauchen von Crack zu einem intensiven, aber kurzzeitigen Rausch f\u00fchren kann. <strong>Kokain online bestellen<\/strong>.<\/li>\n<\/ul>\n<\/li>\n<li><strong>Risiken und Nebenwirkungen<\/strong>:\n<ul>\n<li><strong>Herz-Kreislauf-Probleme<\/strong>: Kokainkonsum kann zu einer erh\u00f6hten Herzfrequenz, erh\u00f6htem Blutdruck und dem Risiko eines Herzinfarkts oder Schlaganfalls f\u00fchren. <strong>die online nach reinem Kokain suchen\u00a0<\/strong><\/li>\n<li><strong>Psychologische Auswirkungen<\/strong>: Bei Konsumenten k\u00f6nnen Angstzust\u00e4nde, Paranoia und Reizbarkeit auftreten. L\u00e4ngerer Konsum kann zu schwereren psychischen Problemen f\u00fchren.<\/li>\n<li><strong>Sucht<\/strong>: Kokain hat ein hohes Suchtpotenzial. Konsumenten k\u00f6nnen eine Toleranz entwickeln, was zu h\u00f6heren Dosen und einem h\u00f6heren Suchtrisiko f\u00fchrt.<\/li>\n<li><strong>\u00dcberdosis<\/strong>: Eine \u00dcberdosierung von Kokain kann lebensbedrohlich sein und Symptome wie Krampfanf\u00e4lle, Hyperthermie und Herz-Kreislauf-Kollaps hervorrufen.<\/li>\n<\/ul>\n<\/li>\n<li><strong>Rechtlicher Status<\/strong>:\n<ul>\n<li>In den meisten L\u00e4ndern ist Kokain f\u00fcr den Freizeitkonsum illegal, obwohl es f\u00fcr bestimmte medizinische Anwendungen, wie z. B. die lokale An\u00e4sthesie bei bestimmten chirurgischen Eingriffen, auf Rezept erh\u00e4ltlich ist.<\/li>\n<\/ul>\n<\/li>\n<li><strong>Schadensminimierung<\/strong>:\n<ul>\n<li>F\u00fcr Personen, die sich f\u00fcr den Kokainkonsum entscheiden, ist es wichtig, die Risiken zu kennen und Schadensbegrenzung zu betreiben. Dazu kann es geh\u00f6ren, in einer sicheren Umgebung zu konsumieren, die Vermischung mit anderen Substanzen zu vermeiden und auf die Anzeichen einer \u00dcberdosierung zu achten.<\/li>\n<\/ul>\n<\/li>\n<\/ol>\n<p><a href=\"https:\/\/en.wikipedia.org\/wiki\/Cocaine\">Kokain<\/a> wird in erster Linie aus der Kokapflanze gewonnen und ist in verschiedenen Formen erh\u00e4ltlich, die jeweils unterschiedliche Merkmale, Konsummethoden und Wirkungen aufweisen. Hier sind die wichtigsten Arten von Kokain:<\/p>\n<h3>1. Kokainhydrochlorid<\/h3>\n<ul>\n<li><strong>Formular<\/strong>: Dies ist die pulverisierte Form von Kokain, in der Regel eine wei\u00dfe, kristalline Substanz.<\/li>\n<li><strong>Art der Verwendung<\/strong>: Es kann sein <strong>geschnaubt<\/strong>, <strong>in Wasser aufgel\u00f6st und injiziert<\/strong>oder gelegentlich oral eingenommen.<\/li>\n<li><strong>Auswirkungen<\/strong>: Erzeugt einen schnellen Wirkungseintritt, einschlie\u00dflich Euphorie, gesteigerter Energie und erh\u00f6hter Wachsamkeit. Die Wirkung h\u00e4lt in der Regel f\u00fcr etwa <strong>30 Minuten bis eine Stunde<\/strong> wenn er schnaubt.<\/li>\n<\/ul>\n<h3>2. Crack-Kokain zu verkaufen<\/h3>\n<ul>\n<li><strong>Formular<\/strong>: Crack-Kokain erscheint als kleine, harte Steine oder Kristalle. Es ist eine Freebase-Form des Kokains, die mit Backpulver oder Ammoniak verarbeitet wurde. Kokain zu verkaufen<\/li>\n<li><strong>Art der Verwendung<\/strong>: Crack ist in der Regel <strong>ger\u00e4uchert<\/strong>Dies erm\u00f6glicht einen sehr schnellen Wirkungseintritt, oft innerhalb von Sekunden.<\/li>\n<li><strong>Auswirkungen<\/strong>: Der Rausch ist intensiv, aber kurzlebig und h\u00e4lt in der Regel etwa <strong>5 bis 15 Minuten<\/strong>. Diese Form ist bekannt f\u00fcr ihr hohes Suchtpotenzial aufgrund des schnellen und intensiven Rausches.<\/li>\n<\/ul>\n<h3>3. Freebase-Qualit\u00e4tskokain<\/h3>\n<ul>\n<li><strong>Formular<\/strong>: Freebase-Kokain ist eine gereinigte Form von Kokain, die chemisch verarbeitet wurde, um das Hydrochloridsalz zu entfernen. Es erscheint als wei\u00dfes Pulver oder Kristall.<\/li>\n<li><strong>Art der Verwendung<\/strong>: Normalerweise ist es <strong>ger\u00e4uchert<\/strong> oder verdampft. Freebase-Kokain wird weniger h\u00e4ufig konsumiert als Crack, da die Zubereitung aufwendiger ist.<\/li>\n<li><strong>Auswirkungen<\/strong>: \u00c4hnlich wie Crack erzeugt Freebase-Kokain einen schnellen und intensiven Rausch.<\/li>\n<\/ul>\n<h3>4. Kokainpaste<\/h3>\n<ul>\n<li><strong>Formular<\/strong>: Dies ist eine Rohform von Kokain, die eine Mischung aus Kokain und anderen Substanzen enth\u00e4lt. Es erscheint als eine br\u00e4unliche Paste.<\/li>\n<li><strong>Art der Verwendung<\/strong>: Kokainpaste wird h\u00e4ufig in Regionen verwendet, in denen Kokabl\u00e4tter angebaut werden. Sie kann sein <strong>ger\u00e4uchert<\/strong>, <strong>gekaut<\/strong>, oder <strong>verarbeitet zu Kokainhydrochlorid<\/strong>. Echte Online-Verk\u00e4ufer von Kokain<\/li>\n<li><strong>Auswirkungen<\/strong>: Die Wirkung kann je nach Reinheit und Art des Konsums variieren, umfasst aber im Allgemeinen Euphorie und Stimulation.<\/li>\n<\/ul>\n<h3>5. Kokainbasis<\/h3>\n<ul>\n<li><strong>Formular<\/strong>: Hierbei handelt es sich um eine unraffinierte Form von Kokain, die das Restprodukt der Verarbeitung von Koka-Bl\u00e4ttern enthalten kann.<\/li>\n<li><strong>Art der Verwendung<\/strong>: Kokainbasis kann sein <strong>ger\u00e4uchert<\/strong> oder eingenommen, und ist oft weniger rein als andere Formen.<\/li>\n<li><strong>Auswirkungen<\/strong>: \u00c4hnlich wie bei den anderen Formen, aber weniger vorhersehbar in Wirkung und Potenz.<\/li>\n<\/ul>\n<h3>Zusammenfassung<\/h3>\n<p>Jede Kokainart unterscheidet sich in Bezug auf die Reinheit, die Art des Konsums sowie die Dauer und Intensit\u00e4t der Wirkung. Kokain ist zwar f\u00fcr seine stimulierenden Eigenschaften und euphorisierenden Wirkungen bekannt, birgt aber auch erhebliche Risiken, darunter Abh\u00e4ngigkeit, Herz-Kreislauf-Probleme und die Gefahr einer \u00dcberdosierung. Das Verst\u00e4ndnis dieser Formen ist entscheidend, um ihre Gefahren und Auswirkungen zu erkennen. Wenn Sie oder jemand, den Sie kennen, mit Drogenkonsum zu k\u00e4mpfen hat, ist es wichtig, professionelle Hilfe in Anspruch zu nehmen.<\/p>\n<h3>Schlussfolgerung:<\/h3>\n<p>Kokain ist ein starkes Stimulans mit erheblichen gesundheitlichen Risiken, einschlie\u00dflich Abh\u00e4ngigkeit und schwerer psychologischer und physiologischer Auswirkungen. Der Freizeitkonsum von Kokain ist in vielen L\u00e4ndern illegal, und jeder, der seinen Konsum in Erw\u00e4gung zieht, sollte vorsichtig sein. Wenn Sie oder jemand, den Sie kennen, mit Drogenkonsum zu k\u00e4mpfen hat, ist es wichtig, professionelle Hilfe und Unterst\u00fctzung in Anspruch zu nehmen.<\/p>\n<p>Kontakt bei <a href=\"https:\/\/chemsfine.com\/de\/kokain-reinheit-99\/\">Chemsfine<\/a><\/p>","protected":false},"excerpt":{"rendered":"<p>Buz Cocaine With Purity 99%, Cocaine is a powerful stimulant drug derived from the coca&hellip;<\/p>","protected":false},"author":1,"featured_media":1140,"parent":0,"menu_order":0,"comment_status":"closed","ping_status":"closed","template":"","meta":{"_joinchat":[],"footnotes":""},"class_list":["post-1139","page","type-page","status-publish","has-post-thumbnail","hentry"],"yoast_head":"<!-- This site is optimized with the Yoast SEO plugin v27.2 - https:\/\/yoast.com\/product\/yoast-seo-wordpress\/ -->\n<title>Buy Cocaine Purity 99% Online - Cocaine Purity 99% for Sale<\/title>\n<meta name=\"description\" content=\"At our chemsfine, you can get cocaine Purity 99% for sale at cheap rates. Here you can buy cocaine Purity 99% online with high-quality from our store now with fast &amp; secure shipping service. Order Now!\" \/>\n<meta name=\"robots\" content=\"index, follow, max-snippet:-1, max-image-preview:large, max-video-preview:-1\" \/>\n<link rel=\"canonical\" href=\"https:\/\/chemsfine.com\/de\/kokain-reinheit-99\/\" \/>\n<meta property=\"og:locale\" content=\"de_DE\" \/>\n<meta property=\"og:type\" content=\"article\" \/>\n<meta property=\"og:title\" content=\"Buy Cocaine Purity 99% Online - Cocaine Purity 99% for Sale\" \/>\n<meta property=\"og:description\" content=\"At our chemsfine, you can get cocaine Purity 99% for sale at cheap rates. Here you can buy cocaine Purity 99% online with high-quality from our store now with fast &amp; secure shipping service. Order Now!\" \/>\n<meta property=\"og:url\" content=\"https:\/\/chemsfine.com\/de\/kokain-reinheit-99\/\" \/>\n<meta property=\"og:site_name\" content=\"Chemsfine\" \/>\n<meta property=\"article:modified_time\" content=\"2025-06-09T14:08:33+00:00\" \/>\n<meta property=\"og:image\" content=\"https:\/\/chemsfine.com\/wp-content\/uploads\/2024\/10\/Cocaine-Purity-99_.jpg\" \/>\n\t<meta property=\"og:image:width\" content=\"474\" \/>\n\t<meta property=\"og:image:height\" content=\"221\" \/>\n\t<meta property=\"og:image:type\" content=\"image\/jpeg\" \/>\n<meta name=\"twitter:card\" content=\"summary_large_image\" \/>\n<meta name=\"twitter:label1\" content=\"Gesch\u00e4tzte Lesezeit\" \/>\n\t<meta name=\"twitter:data1\" content=\"4\u00a0Minuten\" \/>\n<script type=\"application\/ld+json\" class=\"yoast-schema-graph\">{\"@context\":\"https:\/\/schema.org\",\"@graph\":[{\"@type\":\"WebPage\",\"@id\":\"https:\/\/chemsfine.com\/cocaine-purity-99\/\",\"url\":\"https:\/\/chemsfine.com\/cocaine-purity-99\/\",\"name\":\"Buy Cocaine Purity 99% Online - Cocaine Purity 99% for Sale\",\"isPartOf\":{\"@id\":\"https:\/\/chemsfine.com\/#website\"},\"primaryImageOfPage\":{\"@id\":\"https:\/\/chemsfine.com\/cocaine-purity-99\/#primaryimage\"},\"image\":{\"@id\":\"https:\/\/chemsfine.com\/cocaine-purity-99\/#primaryimage\"},\"thumbnailUrl\":\"https:\/\/chemsfine.com\/wp-content\/uploads\/2024\/10\/Cocaine-Purity-99_.jpg\",\"datePublished\":\"2024-10-02T17:53:49+00:00\",\"dateModified\":\"2025-06-09T14:08:33+00:00\",\"description\":\"At our chemsfine, you can get cocaine Purity 99% for sale at cheap rates. Here you can buy cocaine Purity 99% online with high-quality from our store now with fast & secure shipping service. Order Now!\",\"breadcrumb\":{\"@id\":\"https:\/\/chemsfine.com\/cocaine-purity-99\/#breadcrumb\"},\"inLanguage\":\"de\",\"potentialAction\":[{\"@type\":\"ReadAction\",\"target\":[\"https:\/\/chemsfine.com\/cocaine-purity-99\/\"]}]},{\"@type\":\"ImageObject\",\"inLanguage\":\"de\",\"@id\":\"https:\/\/chemsfine.com\/cocaine-purity-99\/#primaryimage\",\"url\":\"https:\/\/chemsfine.com\/wp-content\/uploads\/2024\/10\/Cocaine-Purity-99_.jpg\",\"contentUrl\":\"https:\/\/chemsfine.com\/wp-content\/uploads\/2024\/10\/Cocaine-Purity-99_.jpg\",\"width\":474,\"height\":221,\"caption\":\"Buy Cocaine Online\"},{\"@type\":\"BreadcrumbList\",\"@id\":\"https:\/\/chemsfine.com\/cocaine-purity-99\/#breadcrumb\",\"itemListElement\":[{\"@type\":\"ListItem\",\"position\":1,\"name\":\"Home\",\"item\":\"https:\/\/chemsfine.com\/\"},{\"@type\":\"ListItem\",\"position\":2,\"name\":\"Cocaine Purity 99%\"}]},{\"@type\":\"WebSite\",\"@id\":\"https:\/\/chemsfine.com\/#website\",\"url\":\"https:\/\/chemsfine.com\/\",\"name\":\"Chemsfine\",\"description\":\"My WordPress Blog\",\"publisher\":{\"@id\":\"https:\/\/chemsfine.com\/#organization\"},\"potentialAction\":[{\"@type\":\"SearchAction\",\"target\":{\"@type\":\"EntryPoint\",\"urlTemplate\":\"https:\/\/chemsfine.com\/?s={search_term_string}\"},\"query-input\":{\"@type\":\"PropertyValueSpecification\",\"valueRequired\":true,\"valueName\":\"search_term_string\"}}],\"inLanguage\":\"de\"},{\"@type\":\"Organization\",\"@id\":\"https:\/\/chemsfine.com\/#organization\",\"name\":\"Chemsfine\",\"url\":\"https:\/\/chemsfine.com\/\",\"logo\":{\"@type\":\"ImageObject\",\"inLanguage\":\"de\",\"@id\":\"https:\/\/chemsfine.com\/#\/schema\/logo\/image\/\",\"url\":\"https:\/\/chemsfine.com\/wp-content\/uploads\/2024\/09\/final-logo.png\",\"contentUrl\":\"https:\/\/chemsfine.com\/wp-content\/uploads\/2024\/09\/final-logo.png\",\"width\":340,\"height\":72,\"caption\":\"Chemsfine\"},\"image\":{\"@id\":\"https:\/\/chemsfine.com\/#\/schema\/logo\/image\/\"}}]}<\/script>\n<!-- \/ Yoast SEO plugin. -->","yoast_head_json":{"title":"Kaufen Sie Cocaine Purity 99% Online - Cocaine Purity 99% zu verkaufen","description":"Auf unserer chemsfine, k\u00f6nnen Sie Kokain Reinheit 99% zum Verkauf zu g\u00fcnstigen Preisen zu bekommen. Hier k\u00f6nnen Sie Kokain Reinheit 99% online kaufen mit hochwertigen von unserem Shop jetzt mit schnellen und sicheren Versand-Service. Bestellen Sie jetzt!","robots":{"index":"index","follow":"follow","max-snippet":"max-snippet:-1","max-image-preview":"max-image-preview:large","max-video-preview":"max-video-preview:-1"},"canonical":"https:\/\/chemsfine.com\/de\/kokain-reinheit-99\/","og_locale":"de_DE","og_type":"article","og_title":"Buy Cocaine Purity 99% Online - Cocaine Purity 99% for Sale","og_description":"At our chemsfine, you can get cocaine Purity 99% for sale at cheap rates. Here you can buy cocaine Purity 99% online with high-quality from our store now with fast & secure shipping service. Order Now!","og_url":"https:\/\/chemsfine.com\/de\/kokain-reinheit-99\/","og_site_name":"Chemsfine","article_modified_time":"2025-06-09T14:08:33+00:00","og_image":[{"width":474,"height":221,"url":"https:\/\/chemsfine.com\/wp-content\/uploads\/2024\/10\/Cocaine-Purity-99_.jpg","type":"image\/jpeg"}],"twitter_card":"summary_large_image","twitter_misc":{"Gesch\u00e4tzte Lesezeit":"4\u00a0Minuten"},"schema":{"@context":"https:\/\/schema.org","@graph":[{"@type":"WebPage","@id":"https:\/\/chemsfine.com\/cocaine-purity-99\/","url":"https:\/\/chemsfine.com\/cocaine-purity-99\/","name":"Kaufen Sie Cocaine Purity 99% Online - Cocaine Purity 99% zu verkaufen","isPartOf":{"@id":"https:\/\/chemsfine.com\/#website"},"primaryImageOfPage":{"@id":"https:\/\/chemsfine.com\/cocaine-purity-99\/#primaryimage"},"image":{"@id":"https:\/\/chemsfine.com\/cocaine-purity-99\/#primaryimage"},"thumbnailUrl":"https:\/\/chemsfine.com\/wp-content\/uploads\/2024\/10\/Cocaine-Purity-99_.jpg","datePublished":"2024-10-02T17:53:49+00:00","dateModified":"2025-06-09T14:08:33+00:00","description":"Auf unserer chemsfine, k\u00f6nnen Sie Kokain Reinheit 99% zum Verkauf zu g\u00fcnstigen Preisen zu bekommen. Hier k\u00f6nnen Sie Kokain Reinheit 99% online kaufen mit hochwertigen von unserem Shop jetzt mit schnellen und sicheren Versand-Service. Bestellen Sie jetzt!","breadcrumb":{"@id":"https:\/\/chemsfine.com\/cocaine-purity-99\/#breadcrumb"},"inLanguage":"de","potentialAction":[{"@type":"ReadAction","target":["https:\/\/chemsfine.com\/cocaine-purity-99\/"]}]},{"@type":"ImageObject","inLanguage":"de","@id":"https:\/\/chemsfine.com\/cocaine-purity-99\/#primaryimage","url":"https:\/\/chemsfine.com\/wp-content\/uploads\/2024\/10\/Cocaine-Purity-99_.jpg","contentUrl":"https:\/\/chemsfine.com\/wp-content\/uploads\/2024\/10\/Cocaine-Purity-99_.jpg","width":474,"height":221,"caption":"Buy Cocaine Online"},{"@type":"BreadcrumbList","@id":"https:\/\/chemsfine.com\/cocaine-purity-99\/#breadcrumb","itemListElement":[{"@type":"ListItem","position":1,"name":"Home","item":"https:\/\/chemsfine.com\/"},{"@type":"ListItem","position":2,"name":"Cocaine Purity 99%"}]},{"@type":"WebSite","@id":"https:\/\/chemsfine.com\/#website","url":"https:\/\/chemsfine.com\/","name":"Chemsfine","description":"Mein WordPress-Blog","publisher":{"@id":"https:\/\/chemsfine.com\/#organization"},"potentialAction":[{"@type":"SearchAction","target":{"@type":"EntryPoint","urlTemplate":"https:\/\/chemsfine.com\/?s={search_term_string}"},"query-input":{"@type":"PropertyValueSpecification","valueRequired":true,"valueName":"search_term_string"}}],"inLanguage":"de"},{"@type":"Organization","@id":"https:\/\/chemsfine.com\/#organization","name":"Chemsfine","url":"https:\/\/chemsfine.com\/","logo":{"@type":"ImageObject","inLanguage":"de","@id":"https:\/\/chemsfine.com\/#\/schema\/logo\/image\/","url":"https:\/\/chemsfine.com\/wp-content\/uploads\/2024\/09\/final-logo.png","contentUrl":"https:\/\/chemsfine.com\/wp-content\/uploads\/2024\/09\/final-logo.png","width":340,"height":72,"caption":"Chemsfine"},"image":{"@id":"https:\/\/chemsfine.com\/#\/schema\/logo\/image\/"}}]}},"rttpg_featured_image_url":{"full":["https:\/\/chemsfine.com\/wp-content\/uploads\/2024\/10\/Cocaine-Purity-99_.jpg",474,221,false],"landscape":["https:\/\/chemsfine.com\/wp-content\/uploads\/2024\/10\/Cocaine-Purity-99_.jpg",474,221,false],"portraits":["https:\/\/chemsfine.com\/wp-content\/uploads\/2024\/10\/Cocaine-Purity-99_.jpg",474,221,false],"thumbnail":["https:\/\/chemsfine.com\/wp-content\/uploads\/2024\/10\/Cocaine-Purity-99_-150x150.jpg",150,150,true],"medium":["https:\/\/chemsfine.com\/wp-content\/uploads\/2024\/10\/Cocaine-Purity-99_-300x140.jpg",300,140,true],"large":["https:\/\/chemsfine.com\/wp-content\/uploads\/2024\/10\/Cocaine-Purity-99_.jpg",474,221,false],"1536x1536":["https:\/\/chemsfine.com\/wp-content\/uploads\/2024\/10\/Cocaine-Purity-99_.jpg",474,221,false],"2048x2048":["https:\/\/chemsfine.com\/wp-content\/uploads\/2024\/10\/Cocaine-Purity-99_.jpg",474,221,false],"trp-custom-language-flag":["https:\/\/chemsfine.com\/wp-content\/uploads\/2024\/10\/Cocaine-Purity-99_.jpg",18,8,false],"woocommerce_thumbnail":["https:\/\/chemsfine.com\/wp-content\/uploads\/2024\/10\/Cocaine-Purity-99_-300x221.jpg",300,221,true],"woocommerce_single":["https:\/\/chemsfine.com\/wp-content\/uploads\/2024\/10\/Cocaine-Purity-99_.jpg",474,221,false],"woocommerce_gallery_thumbnail":["https:\/\/chemsfine.com\/wp-content\/uploads\/2024\/10\/Cocaine-Purity-99_-150x150.jpg",150,150,true]},"rttpg_author":{"display_name":"chemsflog18","author_link":"https:\/\/chemsfine.com\/de\/author\/chemsflog18\/"},"rttpg_comment":0,"rttpg_category":null,"rttpg_excerpt":"Buz Cocaine With Purity 99%, Cocaine is a powerful stimulant drug derived from the coca&hellip;","_links":{"self":[{"href":"https:\/\/chemsfine.com\/de\/wp-json\/wp\/v2\/pages\/1139","targetHints":{"allow":["GET"]}}],"collection":[{"href":"https:\/\/chemsfine.com\/de\/wp-json\/wp\/v2\/pages"}],"about":[{"href":"https:\/\/chemsfine.com\/de\/wp-json\/wp\/v2\/types\/page"}],"author":[{"embeddable":true,"href":"https:\/\/chemsfine.com\/de\/wp-json\/wp\/v2\/users\/1"}],"replies":[{"embeddable":true,"href":"https:\/\/chemsfine.com\/de\/wp-json\/wp\/v2\/comments?post=1139"}],"version-history":[{"count":0,"href":"https:\/\/chemsfine.com\/de\/wp-json\/wp\/v2\/pages\/1139\/revisions"}],"wp:featuredmedia":[{"embeddable":true,"href":"https:\/\/chemsfine.com\/de\/wp-json\/wp\/v2\/media\/1140"}],"wp:attachment":[{"href":"https:\/\/chemsfine.com\/de\/wp-json\/wp\/v2\/media?parent=1139"}],"curies":[{"name":"wp","href":"https:\/\/api.w.org\/{rel}","templated":true}]}}