{"id":1297,"date":"2024-10-06T19:29:19","date_gmt":"2024-10-06T19:29:19","guid":{"rendered":"https:\/\/chemsfine.com\/?page_id=1297"},"modified":"2024-10-06T19:30:35","modified_gmt":"2024-10-06T19:30:35","slug":"wie-man-medikamente-online-kauft","status":"publish","type":"page","link":"https:\/\/chemsfine.com\/de\/how-to-buy-drugs-online\/","title":{"rendered":"Wie man Medikamente online kauft"},"content":{"rendered":"<div class=\"col-md-8\">\n<article id=\"entry-30\" class=\"entry post-30 page type-page status-publish hentry\">\n<div class=\"entry-content group\">\n<p>How to Buy Drugs Online - Cocaine, LSD, Weed, XTC, MDMA, Heroin, Crystal Meth von dutchanonstore ist ein einfaches Tutorial, in dem du lernst, wie du alle erdenklichen Drogen online kaufen kannst. Dieses Tutorial sollte alles abdecken, was Sie brauchen, um loszulegen, w\u00e4hrend es kurz und einfach ist<a href=\"https:\/\/chemsfine.com\/de\/\">.<\/a><\/p>\n<\/div>\n<\/article>\n<\/div>\n<h2>VPN<\/h2>\n<p>Bevor Sie mit dem Online-Kauf von Medikamenten beginnen, sollten Sie sich eine VPN-Software herunterladen.<\/p>\n<p>VPN (Virtual Private Network) wird verwendet, um Ihren Standort zu verschleiern und Ihren Internetverkehr auf allen Ger\u00e4ten zu verschl\u00fcsseln. Es kann auf Ihr Mobiltelefon oder einen Desktop-\/Laptop-Computer heruntergeladen werden. Die meisten VPNs sind einfach zu installieren und auszuf\u00fchren. Folgen Sie einfach den Anweisungen des von Ihnen gew\u00e4hlten VPN-Anbieters.<\/p>\n<h2>Tor<\/h2>\n<p>Als N\u00e4chstes sollten Sie immer die Software Tor Browser (The Onion Router) verwenden (sie kann auch f\u00fcr normale Websites verwendet werden). Tor ist eine Software, die es Ihnen erm\u00f6glicht, anonym im Internet zu surfen, indem sie Ihre Verbindung durch ein Netzwerk von Tor-Servern leitet, bevor Sie auf der Zielseite (Website) landen.<\/p>\n<h2>Wie man Drogen online kauft - Kokain, LSD, Weed, XTC, MDMA, Heroin und Crystal Meth von dutchanonstore<\/h2>\n<p>Sobald das geschehen ist, k\u00f6nnen Sie bei uns einkaufen. Wenn Sie dies lesen, sind Sie bereits auf unserer Shop-Seite, bitte w\u00e4hlen Sie ein Produkt aus und lesen Sie unsere<a href=\"https:\/\/chemsman.com\/\"> Bestellseite<\/a>.<\/p>\n<p>Um bei uns zu kaufen, m\u00fcssen Sie Bitcoin f\u00fcr Zahlungen verwenden. Eine ausf\u00fchrliche Anleitung zum anonymen Kauf von Bitcoin ohne ID finden Sie hier <a href=\"https:\/\/rckopen.com\/\">hier<\/a><\/p>","protected":false},"excerpt":{"rendered":"<p>How to Buy Drugs Online \u2013 Cocaine, LSD, Weed, XTC, MDMA, Heroin, Crystal Meth from&hellip;<\/p>","protected":false},"author":1,"featured_media":0,"parent":0,"menu_order":0,"comment_status":"closed","ping_status":"closed","template":"","meta":{"_joinchat":[],"footnotes":""},"class_list":["post-1297","page","type-page","status-publish","hentry"],"yoast_head":"<!-- This site is optimized with the Yoast SEO plugin v27.2 - https:\/\/yoast.com\/product\/yoast-seo-wordpress\/ -->\n<title>Drugs - Chemsfine<\/title>\n<meta name=\"description\" content=\"Drugs, Providing accurate, impartial information on more than 24000 prescription drugs and OTC medications.\" \/>\n<meta name=\"robots\" content=\"index, follow, max-snippet:-1, max-image-preview:large, max-video-preview:-1\" \/>\n<link rel=\"canonical\" href=\"https:\/\/chemsfine.com\/de\/wie-man-medikamente-online-kauft\/\" \/>\n<meta property=\"og:locale\" content=\"de_DE\" \/>\n<meta property=\"og:type\" content=\"article\" \/>\n<meta property=\"og:title\" content=\"Drugs - Chemsfine\" \/>\n<meta property=\"og:description\" content=\"Drugs, Providing accurate, impartial information on more than 24000 prescription drugs and OTC medications.\" \/>\n<meta property=\"og:url\" content=\"https:\/\/chemsfine.com\/de\/wie-man-medikamente-online-kauft\/\" \/>\n<meta property=\"og:site_name\" content=\"Chemsfine\" \/>\n<meta property=\"article:modified_time\" content=\"2024-10-06T19:30:35+00:00\" \/>\n<meta name=\"twitter:card\" content=\"summary_large_image\" \/>\n<meta name=\"twitter:label1\" content=\"Gesch\u00e4tzte Lesezeit\" \/>\n\t<meta name=\"twitter:data1\" content=\"2\u00a0Minuten\" \/>\n<script type=\"application\/ld+json\" class=\"yoast-schema-graph\">{\"@context\":\"https:\/\/schema.org\",\"@graph\":[{\"@type\":\"WebPage\",\"@id\":\"https:\/\/chemsfine.com\/how-to-buy-drugs-online\/\",\"url\":\"https:\/\/chemsfine.com\/how-to-buy-drugs-online\/\",\"name\":\"Drugs - Chemsfine\",\"isPartOf\":{\"@id\":\"https:\/\/chemsfine.com\/#website\"},\"datePublished\":\"2024-10-06T19:29:19+00:00\",\"dateModified\":\"2024-10-06T19:30:35+00:00\",\"description\":\"Drugs, Providing accurate, impartial information on more than 24000 prescription drugs and OTC medications.\",\"breadcrumb\":{\"@id\":\"https:\/\/chemsfine.com\/how-to-buy-drugs-online\/#breadcrumb\"},\"inLanguage\":\"de\",\"potentialAction\":[{\"@type\":\"ReadAction\",\"target\":[\"https:\/\/chemsfine.com\/how-to-buy-drugs-online\/\"]}]},{\"@type\":\"BreadcrumbList\",\"@id\":\"https:\/\/chemsfine.com\/how-to-buy-drugs-online\/#breadcrumb\",\"itemListElement\":[{\"@type\":\"ListItem\",\"position\":1,\"name\":\"Home\",\"item\":\"https:\/\/chemsfine.com\/\"},{\"@type\":\"ListItem\",\"position\":2,\"name\":\"How to Buy Drugs Online\"}]},{\"@type\":\"WebSite\",\"@id\":\"https:\/\/chemsfine.com\/#website\",\"url\":\"https:\/\/chemsfine.com\/\",\"name\":\"Chemsfine\",\"description\":\"My WordPress Blog\",\"publisher\":{\"@id\":\"https:\/\/chemsfine.com\/#organization\"},\"potentialAction\":[{\"@type\":\"SearchAction\",\"target\":{\"@type\":\"EntryPoint\",\"urlTemplate\":\"https:\/\/chemsfine.com\/?s={search_term_string}\"},\"query-input\":{\"@type\":\"PropertyValueSpecification\",\"valueRequired\":true,\"valueName\":\"search_term_string\"}}],\"inLanguage\":\"de\"},{\"@type\":\"Organization\",\"@id\":\"https:\/\/chemsfine.com\/#organization\",\"name\":\"Chemsfine\",\"url\":\"https:\/\/chemsfine.com\/\",\"logo\":{\"@type\":\"ImageObject\",\"inLanguage\":\"de\",\"@id\":\"https:\/\/chemsfine.com\/#\/schema\/logo\/image\/\",\"url\":\"https:\/\/chemsfine.com\/wp-content\/uploads\/2024\/09\/final-logo.png\",\"contentUrl\":\"https:\/\/chemsfine.com\/wp-content\/uploads\/2024\/09\/final-logo.png\",\"width\":340,\"height\":72,\"caption\":\"Chemsfine\"},\"image\":{\"@id\":\"https:\/\/chemsfine.com\/#\/schema\/logo\/image\/\"}}]}<\/script>\n<!-- \/ Yoast SEO plugin. -->","yoast_head_json":{"title":"Drogen - Chemsfine","description":"Arzneimittel, Bereitstellung genauer, unparteiischer Informationen \u00fcber mehr als 24000 verschreibungspflichtige und rezeptfreie Arzneimittel.","robots":{"index":"index","follow":"follow","max-snippet":"max-snippet:-1","max-image-preview":"max-image-preview:large","max-video-preview":"max-video-preview:-1"},"canonical":"https:\/\/chemsfine.com\/de\/wie-man-medikamente-online-kauft\/","og_locale":"de_DE","og_type":"article","og_title":"Drugs - Chemsfine","og_description":"Drugs, Providing accurate, impartial information on more than 24000 prescription drugs and OTC medications.","og_url":"https:\/\/chemsfine.com\/de\/wie-man-medikamente-online-kauft\/","og_site_name":"Chemsfine","article_modified_time":"2024-10-06T19:30:35+00:00","twitter_card":"summary_large_image","twitter_misc":{"Gesch\u00e4tzte Lesezeit":"2\u00a0Minuten"},"schema":{"@context":"https:\/\/schema.org","@graph":[{"@type":"WebPage","@id":"https:\/\/chemsfine.com\/how-to-buy-drugs-online\/","url":"https:\/\/chemsfine.com\/how-to-buy-drugs-online\/","name":"Drogen - Chemsfine","isPartOf":{"@id":"https:\/\/chemsfine.com\/#website"},"datePublished":"2024-10-06T19:29:19+00:00","dateModified":"2024-10-06T19:30:35+00:00","description":"Arzneimittel, Bereitstellung genauer, unparteiischer Informationen \u00fcber mehr als 24000 verschreibungspflichtige und rezeptfreie Arzneimittel.","breadcrumb":{"@id":"https:\/\/chemsfine.com\/how-to-buy-drugs-online\/#breadcrumb"},"inLanguage":"de","potentialAction":[{"@type":"ReadAction","target":["https:\/\/chemsfine.com\/how-to-buy-drugs-online\/"]}]},{"@type":"BreadcrumbList","@id":"https:\/\/chemsfine.com\/how-to-buy-drugs-online\/#breadcrumb","itemListElement":[{"@type":"ListItem","position":1,"name":"Home","item":"https:\/\/chemsfine.com\/"},{"@type":"ListItem","position":2,"name":"How to Buy Drugs Online"}]},{"@type":"WebSite","@id":"https:\/\/chemsfine.com\/#website","url":"https:\/\/chemsfine.com\/","name":"Chemsfine","description":"Mein WordPress-Blog","publisher":{"@id":"https:\/\/chemsfine.com\/#organization"},"potentialAction":[{"@type":"SearchAction","target":{"@type":"EntryPoint","urlTemplate":"https:\/\/chemsfine.com\/?s={search_term_string}"},"query-input":{"@type":"PropertyValueSpecification","valueRequired":true,"valueName":"search_term_string"}}],"inLanguage":"de"},{"@type":"Organization","@id":"https:\/\/chemsfine.com\/#organization","name":"Chemsfine","url":"https:\/\/chemsfine.com\/","logo":{"@type":"ImageObject","inLanguage":"de","@id":"https:\/\/chemsfine.com\/#\/schema\/logo\/image\/","url":"https:\/\/chemsfine.com\/wp-content\/uploads\/2024\/09\/final-logo.png","contentUrl":"https:\/\/chemsfine.com\/wp-content\/uploads\/2024\/09\/final-logo.png","width":340,"height":72,"caption":"Chemsfine"},"image":{"@id":"https:\/\/chemsfine.com\/#\/schema\/logo\/image\/"}}]}},"rttpg_featured_image_url":null,"rttpg_author":{"display_name":"chemsflog18","author_link":"https:\/\/chemsfine.com\/de\/author\/chemsflog18\/"},"rttpg_comment":0,"rttpg_category":null,"rttpg_excerpt":"How to Buy Drugs Online \u2013 Cocaine, LSD, Weed, XTC, MDMA, Heroin, Crystal Meth from&hellip;","_links":{"self":[{"href":"https:\/\/chemsfine.com\/de\/wp-json\/wp\/v2\/pages\/1297","targetHints":{"allow":["GET"]}}],"collection":[{"href":"https:\/\/chemsfine.com\/de\/wp-json\/wp\/v2\/pages"}],"about":[{"href":"https:\/\/chemsfine.com\/de\/wp-json\/wp\/v2\/types\/page"}],"author":[{"embeddable":true,"href":"https:\/\/chemsfine.com\/de\/wp-json\/wp\/v2\/users\/1"}],"replies":[{"embeddable":true,"href":"https:\/\/chemsfine.com\/de\/wp-json\/wp\/v2\/comments?post=1297"}],"version-history":[{"count":0,"href":"https:\/\/chemsfine.com\/de\/wp-json\/wp\/v2\/pages\/1297\/revisions"}],"wp:attachment":[{"href":"https:\/\/chemsfine.com\/de\/wp-json\/wp\/v2\/media?parent=1297"}],"curies":[{"name":"wp","href":"https:\/\/api.w.org\/{rel}","templated":true}]}}