{"id":2371,"date":"2026-02-04T10:13:44","date_gmt":"2026-02-04T10:13:44","guid":{"rendered":"https:\/\/chemsfine.com\/product\/buy-5-mapb-online-5-mapb-for-sale-chemsfine-stimulants\/"},"modified":"2026-03-25T15:15:13","modified_gmt":"2026-03-25T15:15:13","slug":"buy-5-mapb-online","status":"publish","type":"product","link":"https:\/\/chemsfine.com\/de\/product\/buy-5-mapb-online\/","title":{"rendered":"Kaufen 5-MAPB Online | Hochreine Forschung Chemikalie zu verkaufen"},"content":{"rendered":"<p>Forschern und Wissenschaftlern, die auf der Suche nach zuverl\u00e4ssigen Verbindungen sind, bieten wir erstklassige <b>5-MAPB zu verkaufen<\/b>. Mit der wachsenden Nachfrage nach neuartigen Forschungschemikalien steigt auch der Bedarf an einer zuverl\u00e4ssigen Quelle. Chemsfine hat sich der Bereitstellung von hochreinem 5-MAPB verschrieben, um sicherzustellen, dass Ihre wissenschaftlichen Bem\u00fchungen durch authentische, laborgepr\u00fcfte Materialien unterst\u00fctzt werden. Diese Produktbeschreibung enth\u00e4lt umfassende Informationen, die Ihnen helfen, einen fundierten Kauf f\u00fcr Ihr Labor oder Ihre forensischen Anwendungen zu t\u00e4tigen. Das Verst\u00e4ndnis des chemischen Profils, der Sicherheitsprotokolle und der rechtlichen Rahmenbedingungen ist unerl\u00e4sslich, wenn Sie <b>5-MAPB online kaufen<\/b>.<\/p>\n<h2>Was ist 5-MAPB?<\/h2>\n<h3><b>Chemisches Profil und Hintergrund<\/b><\/h3>\n<p>Unser <b>5-MAPB (5-(2-Methylaminopropyl)benzofuran)<\/b> ist eine synthetische Forschungschemikalie, die zur Klasse der Benzofurane geh\u00f6rt. Sie ist strukturell mit MDMA und anderen Entaktogenen vergleichbar, was sie zu einer f\u00fcr die pharmakologische und forensische Forschung sehr interessanten Verbindung macht. Obwohl es aufgrund seines einzigartigen Profils Aufmerksamkeit erregt hat, ist es wichtig zu wissen, dass dieses Produkt nicht f\u00fcr medizinische Zwecke zugelassen ist und ausschlie\u00dflich f\u00fcr In-vitro-Forschungszwecke verkauft wird. Dar\u00fcber hinaus ist es wichtig, 5-MAPB von anderen Verbindungen zu unterscheiden; so wird es zum Beispiel oft f\u00e4lschlicherweise mit <b>GHB (Natrium-Oxybat)<\/b>, Diese beiden Stoffe sind jedoch chemisch verschieden und haben v\u00f6llig unterschiedliche Anwendungen und Eigenschaften.<\/p>\n<h3><b>Gebr\u00e4uchliche Namen und Bezeichnungen<\/b><\/h3>\n<ul>\n<li><b>5-MAPB<\/b><\/li>\n<li><b>5-MAPB-HCl<\/b><\/li>\n<li><b>Forschung Benzo-Furan<\/b><\/li>\n<li><b>Wichtiges Unterscheidungsmerkmal: Nicht zu verwechseln mit Natriumoxybat (GHB)<\/b><\/li>\n<\/ul>\n<h3><b>Rechtliche und wissenschaftliche Verwendung<\/b><\/h3>\n<p>Der prim\u00e4re Markt f\u00fcr dieses hochwertige 5-MAPB ist f\u00fcr legitime wissenschaftliche und forensische Forschungsanwendungen bestimmt. Obwohl die Verbindung in unregulierten Zusammenh\u00e4ngen festgestellt wurde, liefert Chemsfine dieses Produkt ausschlie\u00dflich f\u00fcr den legalen Gebrauch im Labor. Daher m\u00fcssen alle K\u00e4ufer sicherstellen, dass ihre beabsichtigte Verwendung mit allen lokalen, staatlichen und bundesstaatlichen Gesetzen und Vorschriften \u00fcbereinstimmt, bevor sie <b>5-MAPB online bestellen<\/b>.<\/p>\n<h2>Forschungsanwendungen und m\u00f6gliche Auswirkungen<\/h2>\n<h3><b>Medizinischer Forschungskontext<\/b><\/h3>\n<p>Derzeit gibt es f\u00fcr 5-MAPB keine von der FDA oder EMA offiziell zugelassenen medizinischen Anwendungen. Seine strukturellen \u00c4hnlichkeiten mit anderen gut untersuchten Verbindungen haben es jedoch zu einem interessanten Thema in Studien gemacht, die sich mit folgenden Themen befassen <b>Stimmungsregulierung und neurologische Forschung<\/b>. Alle Daten sind noch pr\u00e4klinisch und dienen nur zu Informationszwecken f\u00fcr Forscher.<\/p>\n<h3><b>Anekdotische und nootropische Beobachtungen<\/b><\/h3>\n<p>Anekdotische Berichte, die medizinisch nicht best\u00e4tigt sind, legen nahe, dass 5-MAPB einen Einfluss haben kann:<\/p>\n<ul>\n<li>Stimmung und Gef\u00fchl der Empathie<\/li>\n<li>Sensorische Wahrnehmung und Bewusstsein<\/li>\n<li>Sozialer Komfort und Konnektivit\u00e4t<\/li>\n<\/ul>\n<p><b>Anmerkung:<\/b> Diese berichteten Wirkungen sind nicht wissenschaftlich best\u00e4tigt oder von medizinischen Gremien bef\u00fcrwortet. Dieses Produkt sollte mit \u00e4u\u00dferster Vorsicht gehandhabt und nur in einer kontrollierten Laborumgebung verwendet werden.<\/p>\n<h3><b>Bekannte Risiken und Kontraindikationen<\/b><\/h3>\n<p>Der Umgang mit dieser Chemikalie erfordert ein Bewusstsein f\u00fcr m\u00f6gliche Risiken. Zu den wichtigsten \u00dcberlegungen f\u00fcr Forscher geh\u00f6ren:<\/p>\n<ul>\n<li><b>M\u00f6glichkeit des Missbrauchs oder der Abh\u00e4ngigkeit:<\/b> Die Eigenschaften der Substanz k\u00f6nnen bei wiederholter, nicht-wissenschaftlicher Einnahme zu psychischer Abh\u00e4ngigkeit f\u00fchren.<\/li>\n<li><b>Risiko eines Serotonin-Syndroms:<\/b> Die Kombination von 5-MAPB mit SSRIs, MAOIs oder anderen serotonergen Substanzen kann \u00e4u\u00dferst gef\u00e4hrlich sein.<\/li>\n<li><b>Kontraindikationen:<\/b> Diese Chemikalie ist strengstens kontraindiziert f\u00fcr Tests mit Probanden mit vorbestehenden Herzerkrankungen oder psychischen St\u00f6rungen.<\/li>\n<\/ul>\n<h2>Dosierungsrichtlinien und Sicherheitsprotokolle f\u00fcr die Forschung<\/h2>\n<h3><b>Standard-Dosierungsbereiche f\u00fcr die Forschung<\/b><\/h3>\n<p>Im Forschungskontext werden \u00fcbliche quantitative Analysebereiche angegeben zwischen <b>75-125mg m\u00fcndlich<\/b>. Diese Zahlen sind jedoch reine Richtwerte und k\u00f6nnen je nach Reinheit der Charge, dem verwendeten L\u00f6sungsmittel und der spezifischen Empfindlichkeit der Analyseger\u00e4te erheblich variieren.<\/p>\n<h3><b>\u00dcberdosierungs- und Abh\u00e4ngigkeitsrisiken<\/b><\/h3>\n<p>Eine \u00dcberschreitung der festgelegten Forschungsparameter kann erhebliche Risiken mit sich bringen:<\/p>\n<ul>\n<li>Eine versehentliche \u00dcberdosierung kann m\u00f6glicherweise zu folgenden Folgen f\u00fchren <b>Neurotoxizit\u00e4t, schwere Dehydrierung oder kardiovaskul\u00e4re Belastung<\/b>.<\/li>\n<li>Wiederholte Exposition kann zu <b>psychologische Toleranz oder emotionale Abh\u00e4ngigkeit schaffen<\/b>, Dadurch wird die Integrit\u00e4t der Forschung und des Forschers gef\u00e4hrdet.<\/li>\n<\/ul>\n<h3><b>Die Bedeutung von Pr\u00e4zision (insbesondere bei fl\u00fcssigem 5-MAPB)<\/b><\/h3>\n<p>Wenn Sie 5-MAPB in einem <b>fl\u00fcssige Formulierung<\/b>, Die genaue Dosierung ist f\u00fcr genaue Ergebnisse absolut entscheidend. Im Gegensatz zu kristallinen Pulvern, die gewogen werden k\u00f6nnen, k\u00f6nnen fl\u00fcssige L\u00f6sungen <b>in der Konzentration schwanken<\/b> von Charge zu Charge. Die Verwendung kalibrierter Messger\u00e4te ist daher unerl\u00e4sslich, um experimentelle Fehler oder versehentliche \u00dcberdosierungen zu vermeiden.<\/p>\n<h2>Warum 5-MAPB online bei Chemsfine kaufen?<\/h2>\n<h3><b>Unerreichte Zug\u00e4nglichkeit und Diskretion<\/b><\/h3>\n<p>Der Kauf bei einem etablierten Online-H\u00e4ndler wie Chemsfine bietet <b>diskrete, professionelle Zustellung und bessere Zug\u00e4nglichkeit<\/b> im Vergleich zu herk\u00f6mmlichen Offline-Kan\u00e4len. Dies ist vor allem f\u00fcr Forscher in Regionen von Vorteil, in denen 5-MAPB f\u00fcr wissenschaftliche Zwecke zwar legal, aber nicht ohne Weiteres erh\u00e4ltlich ist.<\/p>\n<h3><b>Wettbewerbsf\u00e4hige Kosten und Wert<\/b><\/h3>\n<p>F\u00fcr diejenigen, die eine <b>g\u00fcnstiger 5-MAPB-Preis<\/b> ohne Kompromisse bei der Qualit\u00e4t einzugehen, bieten Online-Anbieter oft das beste Preis-Leistungs-Verh\u00e4ltnis. Chemsfine bietet wettbewerbsf\u00e4hige Gro\u00dfmengenpreise und Rabatte, die von anderen Anbietern nur selten erreicht werden. Das macht uns zum besten Ort, um Ihre Forschungsmaterialien kosteng\u00fcnstig zu beziehen.<\/p>\n<h3><b>Garantierte Produktvielfalt und Qualit\u00e4tssicherung<\/b><\/h3>\n<p>Wenn Sie bei uns bestellen, erhalten Sie Zugang zu:<\/p>\n<ul>\n<li>Eine Auswahl von <b>Pulver oder Fl\u00fcssigkeit 5-MAPB<\/b> Formulierungen, die Ihren spezifischen Forschungsanforderungen entsprechen.<\/li>\n<li>Garantierte Reinheitsgrade, die oft h\u00f6her sind als <b>98%+<\/b>, best\u00e4tigt durch unabh\u00e4ngige Labortests.<\/li>\n<li>Ein umfassendes COA (Certificate of Analysis) liegt Ihrem Kauf bei, um Transparenz und Qualit\u00e4t zu gew\u00e4hrleisten.<\/li>\n<\/ul>\n<h2>Rechtsstatus und Einhaltung der Vorschriften bei der Bestellung von 5-MAPB<\/h2>\n<h3><b>\u00dcberblick \u00fcber den globalen Rechtsstatus<\/b><\/h3>\n<p>Der rechtliche Status von 5-MAPB ist weltweit unterschiedlich. Es liegt in der alleinigen Verantwortung des K\u00e4ufers, sich \u00fcber die Gesetze in seinem Land zu informieren. Ein allgemeiner \u00dcberblick umfasst:<\/p>\n<ul>\n<li><b>USA:<\/b> Obwohl es auf Bundesebene nicht vorgesehen ist, kann es unter analogen Gesetzen, wie dem Federal Analog Act, als kontrolliert gelten.<\/li>\n<li><b>UK:<\/b> Es wird eingestuft als <b>Stoff der Klasse B<\/b> unter das Gesetz \u00fcber den Missbrauch von Drogen (Misuse of Drugs Act) und ist illegal, wenn man es besitzt oder abgibt.<\/li>\n<li><b>EU:<\/b> Die Legalit\u00e4t ist von Land zu Land sehr unterschiedlich; in einigen L\u00e4ndern wird es als kontrollierte psychoaktive Substanz gef\u00fchrt.<\/li>\n<\/ul>\n<h3><b>Einkaufen auf legalen und illegalen M\u00e4rkten<\/b><\/h3>\n<p>Um Sicherheit und Legalit\u00e4t zu gew\u00e4hrleisten, kaufen Sie immer bei <b>lizenzierte, angesehene Lieferanten von Forschungschemikalien<\/b> wie Chemsfine. Vermeiden Sie anonyme Verk\u00e4ufer oder Darknet-M\u00e4rkte, da diese Quellen ein erhebliches Risiko von Betrug, schwerwiegenden rechtlichen Sanktionen und dem Erhalt unreiner oder gef\u00e4hrlicher Produkte bergen.<\/p>\n<h3><b>M\u00f6gliche rechtliche Konsequenzen eines illegalen Kaufs<\/b><\/h3>\n<p>Der Versuch, 5-MAPB illegal zu erwerben, kann schwerwiegende Folgen nach sich ziehen, unter anderem:<\/p>\n<ul>\n<li>Erhebliche Geldstrafen, ein dauerhaftes Strafregister oder eine Freiheitsstrafe.<\/li>\n<li>Beschlagnahme des Produkts durch die Zollbeh\u00f6rden w\u00e4hrend des Transports.<\/li>\n<\/ul>\n<h2>Die Wahl der richtigen 5-MAPB-Formulierung<\/h2>\n<h3><b>Zu ber\u00fccksichtigende Schl\u00fcsselfaktoren<\/b><\/h3>\n<p>Ber\u00fccksichtigen Sie bei der Auswahl Ihres Produkts die folgenden entscheidenden Faktoren f\u00fcr eine erfolgreiche Recherche:<\/p>\n<ul>\n<li><b>Reinheit:<\/b> Bestehen Sie immer auf laborgepr\u00fcften Produkten mit einer Reinheit von \u226598%, um zuverl\u00e4ssige und reproduzierbare Ergebnisse zu erhalten.<\/li>\n<li><b>Formulierung:<\/b> W\u00e4hrend Pulver die gebr\u00e4uchlichste Form ist, werden vorgemischte <b>fl\u00fcssig 5-MAPB<\/b> ist auch f\u00fcr spezielle Anwendungen erh\u00e4ltlich.<\/li>\n<li><b>Verpackung:<\/b> Unsere Produkte werden in luftdichten, lichtbest\u00e4ndigen und manipulationssicheren Verpackungen versandt, um ihre Unversehrtheit w\u00e4hrend des Transports und der Lagerung zu gew\u00e4hrleisten.<\/li>\n<\/ul>\n<h3><b>Vergleich: Pulver- vs. Fl\u00fcssigformulierungen<\/b><\/h3>\n<table>\n<tbody>\n<tr>\n<td><b>Typ<\/b><\/td>\n<td><b>Profis<\/b><\/td>\n<td><b>Nachteile<\/b><\/td>\n<\/tr>\n<tr>\n<td><b>Pulver<\/b><\/td>\n<td>Leichtere Lagerung f\u00fcr langfristige Stabilit\u00e4t, l\u00e4ngere Haltbarkeit.<\/td>\n<td>F\u00fcr eine genaue Messung ist eine pr\u00e4zise, geeichte Waage erforderlich.<\/td>\n<\/tr>\n<tr>\n<td><b>Fl\u00fcssig<\/b><\/td>\n<td>Gebrauchsfertig f\u00fcr die sofortige Anwendung, vereinfacht die Dosierung (bei genauer Vorbereitung).<\/td>\n<td>H\u00f6heres Risiko einer Fehleinsch\u00e4tzung der Potenz oder Konzentrationsschwankungen.<\/td>\n<\/tr>\n<\/tbody>\n<\/table>\n<h2>Einen vertrauensw\u00fcrdigen Anbieter finden: Worauf Sie achten sollten<\/h2>\n<h3><b>Kennzeichen eines seri\u00f6sen Anbieters<\/b><\/h3>\n<p>Ein vertrauensw\u00fcrdiger Anbieter sollte immer etwas bieten:<\/p>\n<ul>\n<li>\u00dcberpr\u00fcfte Labortests durch Dritte und vollst\u00e4ndige Dokumentation (COA).<\/li>\n<li>Positive Kundenrezensionen und ein starker, transparenter Online-Ruf.<\/li>\n<li>Klare, verst\u00e4ndliche Versand- und Erstattungsrichtlinien.<\/li>\n<\/ul>\n<h3><b>Sichere Zahlungs- und Versandoptionen<\/b><\/h3>\n<p>Chemsfine bietet moderne, sichere L\u00f6sungen f\u00fcr unsere Kunden:<\/p>\n<ul>\n<li><b>Krypto-Zahlungen<\/b> werden f\u00fcr Kunden, die zus\u00e4tzliche Diskretion ben\u00f6tigen, akzeptiert.<\/li>\n<li><b>Verfolgter internationaler Versand<\/b> ist an den meisten Standorten verf\u00fcgbar.<\/li>\n<li>Alle unsere Produkte werden professionell versendet, <b>laborversiegelte Verpackung<\/b>.<\/li>\n<\/ul>\n<h2>Schlussfolgerung: Ihre erste Quelle f\u00fcr 5-MAPB<\/h2>\n<h3><b>Zusammenfassung der sicheren Einkaufspraktiken<\/b><\/h3>\n<p>An <b>5-MAPB sicher online kaufen<\/b> und verantwortungsbewusst zu recherchieren, befolgen Sie immer diese Schritte:<\/p>\n<ul>\n<li>Informieren Sie sich vor der Bestellung gr\u00fcndlich \u00fcber die Legalit\u00e4t von 5-MAPB in Ihrer Region.<\/li>\n<li>W\u00e4hlen Sie seri\u00f6se, transparente Anbieter wie Chemsfine, die einen Qualit\u00e4tsnachweis erbringen.<\/li>\n<li>\u00dcberpr\u00fcfen Sie die Reinheit des Produkts und w\u00e4hlen Sie die f\u00fcr Ihren Bedarf geeignete Formulierung aus.<\/li>\n<li>Einhaltung aller Sicherheits- und Messprotokolle in einer Laborumgebung.<\/li>\n<\/ul>\n<h3><b>Letzte Tipps, bevor Sie 5-MAPB online bestellen<\/b><\/h3>\n<ul>\n<li>Treffen Sie Ihre Kaufentscheidung nie allein aufgrund eines <b>g\u00fcnstiger 5-MAPB-Preis<\/b>-Reinheit, Sicherheit und Vertrauensw\u00fcrdigkeit des Anbieters stehen an erster Stelle.<\/li>\n<li>Verwenden Sie nur legale, zugelassene Kan\u00e4le f\u00fcr den Erwerb.<\/li>\n<li>Bewahren Sie Ihr Produkt an einem k\u00fchlen, dunklen und sicheren Ort auf, fern von Kindern und Haustieren.<\/li>\n<\/ul>\n<h3><b>Letzter Gedanke<\/b><\/h3>\n<p>Ganz gleich, ob Sie 5-MAPB f\u00fcr akademische Studien, forensische Analysen oder andere zugelassene Forschungsarbeiten beschaffen wollen, ein gut informierter K\u00e4ufer ist Ihr bester Trumpf. Die <b>bester Ort, um 5-MAPB zu kaufen<\/b> ist ein Anbieter, der garantiert <b>gepr\u00fcfte Qualit\u00e4t, legale und sichere Transaktionsprozesse und ein hervorragender Kundenservice<\/b>. Bleiben Sie clever, bleiben Sie sicher und sorgen Sie f\u00fcr die vollst\u00e4ndige Einhaltung der Vorschriften mit Chemsfine.<\/p>","protected":false},"excerpt":{"rendered":"<p><b>5-MAPB kaufen<\/b> (5-(2-Methylaminopropyl)benzofuran) f\u00fcr Ihren Forschungsbedarf. Dieses hochreine Benzofuran \u00e4hnelt strukturell den Entaktogenen und ist ausschlie\u00dflich f\u00fcr wissenschaftliche und forensische Anwendungen bestimmt. Erh\u00e4ltlich in Pulver- oder Fl\u00fcssigform, ist jede Charge von <b>Chemsfine<\/b> ist zur Qualit\u00e4tssicherung laborgepr\u00fcft. Nicht f\u00fcr den menschlichen Verzehr geeignet.<\/p>","protected":false},"featured_media":2370,"comment_status":"open","ping_status":"closed","template":"","meta":{"_joinchat":[]},"product_brand":[],"product_cat":[951],"product_tag":[],"class_list":{"0":"post-2371","1":"product","2":"type-product","3":"status-publish","4":"has-post-thumbnail","6":"product_cat-stimulants","8":"first","9":"instock","10":"shipping-taxable","11":"purchasable","12":"product-type-variable"},"yoast_head":"<!-- This site is optimized with the Yoast SEO plugin v27.2 - https:\/\/yoast.com\/product\/yoast-seo-wordpress\/ -->\n<title>Buy 5-MAPB Online | Best Price Research Chemical For Sale<\/title>\n<meta name=\"description\" content=\"Looking to buy 5-MAPB online? Chemsfine offers high-purity (\u226598%) 5-MAPB for sale, available in powder or liquid for scientific research. Order today!\" \/>\n<meta name=\"robots\" content=\"index, follow, max-snippet:-1, max-image-preview:large, max-video-preview:-1\" \/>\n<link rel=\"canonical\" href=\"https:\/\/chemsfine.com\/de\/produkt\/buy-5-mapb-online\/\" \/>\n<meta property=\"og:locale\" content=\"de_DE\" \/>\n<meta property=\"og:type\" content=\"article\" \/>\n<meta property=\"og:title\" content=\"Buy 5-MAPB Online | Best Price Research Chemical For Sale\" \/>\n<meta property=\"og:description\" content=\"Looking to buy 5-MAPB online? Chemsfine offers high-purity (\u226598%) 5-MAPB for sale, available in powder or liquid for scientific research. Order today!\" \/>\n<meta property=\"og:url\" content=\"https:\/\/chemsfine.com\/de\/produkt\/buy-5-mapb-online\/\" \/>\n<meta property=\"og:site_name\" content=\"Chemsfine\" \/>\n<meta property=\"article:modified_time\" content=\"2026-03-25T15:15:13+00:00\" \/>\n<meta property=\"og:image\" content=\"https:\/\/chemsfine.com\/wp-content\/uploads\/2026\/02\/Buy-5-MAPB-Online-4.jpeg\" \/>\n\t<meta property=\"og:image:width\" content=\"560\" \/>\n\t<meta property=\"og:image:height\" content=\"315\" \/>\n\t<meta property=\"og:image:type\" content=\"image\/jpeg\" \/>\n<meta name=\"twitter:card\" content=\"summary_large_image\" \/>\n<meta name=\"twitter:label1\" content=\"Gesch\u00e4tzte Lesezeit\" \/>\n\t<meta name=\"twitter:data1\" content=\"4\u00a0Minuten\" \/>\n<script type=\"application\/ld+json\" class=\"yoast-schema-graph\">{\"@context\":\"https:\/\/schema.org\",\"@graph\":[{\"@type\":\"WebPage\",\"@id\":\"https:\/\/chemsfine.com\/product\/buy-5-mapb-online\/\",\"url\":\"https:\/\/chemsfine.com\/product\/buy-5-mapb-online\/\",\"name\":\"Buy 5-MAPB Online | Best Price Research Chemical For Sale\",\"isPartOf\":{\"@id\":\"https:\/\/chemsfine.com\/#website\"},\"primaryImageOfPage\":{\"@id\":\"https:\/\/chemsfine.com\/product\/buy-5-mapb-online\/#primaryimage\"},\"image\":{\"@id\":\"https:\/\/chemsfine.com\/product\/buy-5-mapb-online\/#primaryimage\"},\"thumbnailUrl\":\"https:\/\/chemsfine.com\/wp-content\/uploads\/2026\/02\/Buy-5-MAPB-Online-4.jpeg\",\"datePublished\":\"2026-02-04T10:13:44+00:00\",\"dateModified\":\"2026-03-25T15:15:13+00:00\",\"description\":\"Looking to buy 5-MAPB online? Chemsfine offers high-purity (\u226598%) 5-MAPB for sale, available in powder or liquid for scientific research. Order today!\",\"breadcrumb\":{\"@id\":\"https:\/\/chemsfine.com\/product\/buy-5-mapb-online\/#breadcrumb\"},\"inLanguage\":\"de\",\"potentialAction\":[{\"@type\":\"ReadAction\",\"target\":[\"https:\/\/chemsfine.com\/product\/buy-5-mapb-online\/\"]}]},{\"@type\":\"ImageObject\",\"inLanguage\":\"de\",\"@id\":\"https:\/\/chemsfine.com\/product\/buy-5-mapb-online\/#primaryimage\",\"url\":\"https:\/\/chemsfine.com\/wp-content\/uploads\/2026\/02\/Buy-5-MAPB-Online-4.jpeg\",\"contentUrl\":\"https:\/\/chemsfine.com\/wp-content\/uploads\/2026\/02\/Buy-5-MAPB-Online-4.jpeg\",\"width\":560,\"height\":315,\"caption\":\"Buy 5-MAPB Online - 5-MAPB for Sale @ Chemsfine\"},{\"@type\":\"BreadcrumbList\",\"@id\":\"https:\/\/chemsfine.com\/product\/buy-5-mapb-online\/#breadcrumb\",\"itemListElement\":[{\"@type\":\"ListItem\",\"position\":1,\"name\":\"Home\",\"item\":\"https:\/\/chemsfine.com\/\"},{\"@type\":\"ListItem\",\"position\":2,\"name\":\"Shop\",\"item\":\"https:\/\/chemsfine.com\/shop\/\"},{\"@type\":\"ListItem\",\"position\":3,\"name\":\"Buy 5-MAPB Online | High-Purity Research Chemical For Sale\"}]},{\"@type\":\"WebSite\",\"@id\":\"https:\/\/chemsfine.com\/#website\",\"url\":\"https:\/\/chemsfine.com\/\",\"name\":\"Chemsfine\",\"description\":\"My WordPress Blog\",\"publisher\":{\"@id\":\"https:\/\/chemsfine.com\/#organization\"},\"potentialAction\":[{\"@type\":\"SearchAction\",\"target\":{\"@type\":\"EntryPoint\",\"urlTemplate\":\"https:\/\/chemsfine.com\/?s={search_term_string}\"},\"query-input\":{\"@type\":\"PropertyValueSpecification\",\"valueRequired\":true,\"valueName\":\"search_term_string\"}}],\"inLanguage\":\"de\"},{\"@type\":\"Organization\",\"@id\":\"https:\/\/chemsfine.com\/#organization\",\"name\":\"Chemsfine\",\"url\":\"https:\/\/chemsfine.com\/\",\"logo\":{\"@type\":\"ImageObject\",\"inLanguage\":\"de\",\"@id\":\"https:\/\/chemsfine.com\/#\/schema\/logo\/image\/\",\"url\":\"https:\/\/chemsfine.com\/wp-content\/uploads\/2024\/09\/final-logo.png\",\"contentUrl\":\"https:\/\/chemsfine.com\/wp-content\/uploads\/2024\/09\/final-logo.png\",\"width\":340,\"height\":72,\"caption\":\"Chemsfine\"},\"image\":{\"@id\":\"https:\/\/chemsfine.com\/#\/schema\/logo\/image\/\"}}]}<\/script>\n<!-- \/ Yoast SEO plugin. -->","yoast_head_json":{"title":"Buy 5-MAPB Online | Best Price Research Chemical For Sale","description":"M\u00f6chten Sie 5-MAPB online kaufen? Chemsfine bietet hochreines (\u226598%) 5-MAPB zum Verkauf an, erh\u00e4ltlich als Pulver oder Fl\u00fcssigkeit f\u00fcr die wissenschaftliche Forschung. Bestellen Sie noch heute!","robots":{"index":"index","follow":"follow","max-snippet":"max-snippet:-1","max-image-preview":"max-image-preview:large","max-video-preview":"max-video-preview:-1"},"canonical":"https:\/\/chemsfine.com\/de\/produkt\/buy-5-mapb-online\/","og_locale":"de_DE","og_type":"article","og_title":"Buy 5-MAPB Online | Best Price Research Chemical For Sale","og_description":"Looking to buy 5-MAPB online? Chemsfine offers high-purity (\u226598%) 5-MAPB for sale, available in powder or liquid for scientific research. Order today!","og_url":"https:\/\/chemsfine.com\/de\/produkt\/buy-5-mapb-online\/","og_site_name":"Chemsfine","article_modified_time":"2026-03-25T15:15:13+00:00","og_image":[{"width":560,"height":315,"url":"https:\/\/chemsfine.com\/wp-content\/uploads\/2026\/02\/Buy-5-MAPB-Online-4.jpeg","type":"image\/jpeg"}],"twitter_card":"summary_large_image","twitter_misc":{"Gesch\u00e4tzte Lesezeit":"4\u00a0Minuten"},"schema":{"@context":"https:\/\/schema.org","@graph":[{"@type":"WebPage","@id":"https:\/\/chemsfine.com\/product\/buy-5-mapb-online\/","url":"https:\/\/chemsfine.com\/product\/buy-5-mapb-online\/","name":"Buy 5-MAPB Online | Best Price Research Chemical For Sale","isPartOf":{"@id":"https:\/\/chemsfine.com\/#website"},"primaryImageOfPage":{"@id":"https:\/\/chemsfine.com\/product\/buy-5-mapb-online\/#primaryimage"},"image":{"@id":"https:\/\/chemsfine.com\/product\/buy-5-mapb-online\/#primaryimage"},"thumbnailUrl":"https:\/\/chemsfine.com\/wp-content\/uploads\/2026\/02\/Buy-5-MAPB-Online-4.jpeg","datePublished":"2026-02-04T10:13:44+00:00","dateModified":"2026-03-25T15:15:13+00:00","description":"M\u00f6chten Sie 5-MAPB online kaufen? Chemsfine bietet hochreines (\u226598%) 5-MAPB zum Verkauf an, erh\u00e4ltlich als Pulver oder Fl\u00fcssigkeit f\u00fcr die wissenschaftliche Forschung. Bestellen Sie noch heute!","breadcrumb":{"@id":"https:\/\/chemsfine.com\/product\/buy-5-mapb-online\/#breadcrumb"},"inLanguage":"de","potentialAction":[{"@type":"ReadAction","target":["https:\/\/chemsfine.com\/product\/buy-5-mapb-online\/"]}]},{"@type":"ImageObject","inLanguage":"de","@id":"https:\/\/chemsfine.com\/product\/buy-5-mapb-online\/#primaryimage","url":"https:\/\/chemsfine.com\/wp-content\/uploads\/2026\/02\/Buy-5-MAPB-Online-4.jpeg","contentUrl":"https:\/\/chemsfine.com\/wp-content\/uploads\/2026\/02\/Buy-5-MAPB-Online-4.jpeg","width":560,"height":315,"caption":"Buy 5-MAPB Online - 5-MAPB for Sale @ Chemsfine"},{"@type":"BreadcrumbList","@id":"https:\/\/chemsfine.com\/product\/buy-5-mapb-online\/#breadcrumb","itemListElement":[{"@type":"ListItem","position":1,"name":"Home","item":"https:\/\/chemsfine.com\/"},{"@type":"ListItem","position":2,"name":"Shop","item":"https:\/\/chemsfine.com\/shop\/"},{"@type":"ListItem","position":3,"name":"Buy 5-MAPB Online | High-Purity Research Chemical For Sale"}]},{"@type":"WebSite","@id":"https:\/\/chemsfine.com\/#website","url":"https:\/\/chemsfine.com\/","name":"Chemsfine","description":"Mein WordPress-Blog","publisher":{"@id":"https:\/\/chemsfine.com\/#organization"},"potentialAction":[{"@type":"SearchAction","target":{"@type":"EntryPoint","urlTemplate":"https:\/\/chemsfine.com\/?s={search_term_string}"},"query-input":{"@type":"PropertyValueSpecification","valueRequired":true,"valueName":"search_term_string"}}],"inLanguage":"de"},{"@type":"Organization","@id":"https:\/\/chemsfine.com\/#organization","name":"Chemsfine","url":"https:\/\/chemsfine.com\/","logo":{"@type":"ImageObject","inLanguage":"de","@id":"https:\/\/chemsfine.com\/#\/schema\/logo\/image\/","url":"https:\/\/chemsfine.com\/wp-content\/uploads\/2024\/09\/final-logo.png","contentUrl":"https:\/\/chemsfine.com\/wp-content\/uploads\/2024\/09\/final-logo.png","width":340,"height":72,"caption":"Chemsfine"},"image":{"@id":"https:\/\/chemsfine.com\/#\/schema\/logo\/image\/"}}]}},"_links":{"self":[{"href":"https:\/\/chemsfine.com\/de\/wp-json\/wp\/v2\/product\/2371","targetHints":{"allow":["GET"]}}],"collection":[{"href":"https:\/\/chemsfine.com\/de\/wp-json\/wp\/v2\/product"}],"about":[{"href":"https:\/\/chemsfine.com\/de\/wp-json\/wp\/v2\/types\/product"}],"replies":[{"embeddable":true,"href":"https:\/\/chemsfine.com\/de\/wp-json\/wp\/v2\/comments?post=2371"}],"wp:featuredmedia":[{"embeddable":true,"href":"https:\/\/chemsfine.com\/de\/wp-json\/wp\/v2\/media\/2370"}],"wp:attachment":[{"href":"https:\/\/chemsfine.com\/de\/wp-json\/wp\/v2\/media?parent=2371"}],"wp:term":[{"taxonomy":"product_brand","embeddable":true,"href":"https:\/\/chemsfine.com\/de\/wp-json\/wp\/v2\/product_brand?post=2371"},{"taxonomy":"product_cat","embeddable":true,"href":"https:\/\/chemsfine.com\/de\/wp-json\/wp\/v2\/product_cat?post=2371"},{"taxonomy":"product_tag","embeddable":true,"href":"https:\/\/chemsfine.com\/de\/wp-json\/wp\/v2\/product_tag?post=2371"}],"curies":[{"name":"wp","href":"https:\/\/api.w.org\/{rel}","templated":true}]}}