{"id":5778,"date":"2026-02-12T09:51:21","date_gmt":"2026-02-12T09:51:21","guid":{"rendered":"https:\/\/chemsfine.com\/?post_type=product&#038;p=5778"},"modified":"2026-03-25T14:09:02","modified_gmt":"2026-03-25T14:09:02","slug":"buy-3-me-pcpy","status":"publish","type":"product","link":"https:\/\/chemsfine.com\/de\/product\/buy-3-me-pcpy\/","title":{"rendered":"3-Me-PCPy HCL - Erstklassige Verbindung in Forschungsqualit\u00e4t"},"content":{"rendered":"<p>Wenn Sie auf der Suche sind nach <b>Kaufen 3-Me-PCPy HCL zu verkaufen<\/b>, chemsfine bietet eine exklusive Auswahl an hochreinen Forschungsverbindungen. Zu jeder Bestellung \u00fcber 100 \u20ac erhalten Sie eine kostenlose, exklusive Produktinfo-ChemCard, sorgf\u00e4ltig gedruckt auf hochwertigem Karton mit Kupferfolieneinlage, Soft-Touch-Laminierung und einzigartiger, individueller Gestaltung. Diese Verpflichtung zur Qualit\u00e4t erstreckt sich auf jeden Aspekt unseres Services, damit Sie nur das Beste erhalten. Unser 3-Me-PCPy HCL ist eine sehr gefragte Forschungschemikalie, die ausschlie\u00dflich f\u00fcr Laborzwecke bestimmt ist. Wir stellen sicher, dass alle unsere Produkte strenge Standards erf\u00fcllen und eine zuverl\u00e4ssige Quelle f\u00fcr Ihre wissenschaftlichen Bem\u00fchungen darstellen.<\/p>\n<h2>Was ist 3-Me-PCPy? Zum Verst\u00e4ndnis von 3-Methylrolicyclidin<\/h2>\n<p>3-Methylrolicyclidin, besser bekannt als 3-Me-PCPy, ist eine hochmoderne Verbindung, die zur Klasse der Arylcyclohexylamine geh\u00f6rt. Diese Chemikalie kam erst im Juni 2021 auf den Markt f\u00fcr Forschungschemikalien, was bedeutet, dass umfassende Informationen \u00fcber diese spezifische chemische Substanz nach wie vor recht begrenzt sind. Den ersten wissenschaftlichen Berichten k\u00f6nnen aufmerksame Forscher entnehmen, dass 3-Me-PCPy HCL zahlreiche \u00c4hnlichkeiten mit 3-MeO-PCP aufzuweisen scheint. Eine betr\u00e4chtliche Anzahl von Wissenschaftlern und Forschern hat jedoch festgestellt, dass die Ergebnisse von Experimenten mit 3-Me-PCPy HCL eher euphorisch und stimulierend sind, insbesondere im Vergleich zu anderen bekannten dissoziativen Forschungschemikalien wie 3-MeO-PCE und 3-HO-PCP. Wir sind stolz auf unser Angebot <b>3-Me-PCPy in Spitzenqualit\u00e4t<\/b> f\u00fcr Ihre Forschung.<\/p>\n<h3>Hauptmerkmale von 3-Me-PCPy HCL<\/h3>\n<table>\n<thead>\n<tr>\n<th>Attribut<\/th>\n<th>Beschreibung<\/th>\n<\/tr>\n<\/thead>\n<tbody>\n<tr>\n<td>Chemische Bezeichnung<\/td>\n<td>3-Methylrolicyclidin (3-Me-PCPy) Hydrochlorid<\/td>\n<\/tr>\n<tr>\n<td>Chemische Klasse<\/td>\n<td>Arylcyclohexylamin<\/td>\n<\/tr>\n<tr>\n<td>Markteintritt<\/td>\n<td>Ungef\u00e4hr Juni 2021<\/td>\n<\/tr>\n<tr>\n<td>Schwerpunkt Forschung<\/td>\n<td>Dissoziative Studien, vergleichende Analyse mit verwandten Verbindungen<\/td>\n<\/tr>\n<tr>\n<td>Formular<\/td>\n<td>HCL-Salz in Forschungsqualit\u00e4t<\/td>\n<\/tr>\n<\/tbody>\n<\/table>\n<h2>Was sind die allgemein berichteten Wirkungen von 3-Me-PCPy?<\/h2>\n<p>Auf der Grundlage vorl\u00e4ufiger Untersuchungen und Beobachtungen wurde 3-Me-PCPy HCL in Laborstudien mit einer Reihe von berichteten Wirkungen in Verbindung gebracht. Es ist wichtig zu verstehen, dass es sich hierbei um beobachtete Ergebnisse aus Forschungsumgebungen handelt. Im Folgenden finden Sie eine Zusammenstellung der am h\u00e4ufigsten berichteten Wirkungen, die 3-Me-PCPy HCL zugeschrieben werden:<\/p>\n<ul>\n<li><b>Stimulation:<\/b> Verbesserte energetische Eigenschaften.<\/li>\n<li><b>K\u00f6rperliche Euphorie:<\/b> Berichtetes Gef\u00fchl des Wohlbefindens.<\/li>\n<li><b>Taktile Verst\u00e4rkung:<\/b> Erh\u00f6hte Sensibilit\u00e4t f\u00fcr Ber\u00fchrungen.<\/li>\n<li><b>Schmerzlinderung:<\/b> Beobachtete schmerzlindernde Eigenschaften.<\/li>\n<li><b>Unterdr\u00fcckung von \u00c4ngsten:<\/b> Reduzierte Angstzust\u00e4nde w\u00e4hrend des Studiums.<\/li>\n<li><b>Verbesserung der K\u00f6rperbeherrschung oder Verlust der motorischen Kontrolle:<\/b> Unterschiedliche Auswirkungen auf die motorische Koordination.<\/li>\n<li><b>Konzeptionelles Denken:<\/b> Ver\u00e4nderungen der Denkprozesse.<\/li>\n<li><b>Enthemmung:<\/b> Geringere Verhaltensbeschr\u00e4nkungen.<\/li>\n<li><b>Das Gef\u00fchl der Unverwundbarkeit:<\/b> Wahrgenommene Resilienz oder Furchtlosigkeit.<\/li>\n<li><b>Manie:<\/b> Erh\u00f6hte Stimmung und Energiepegel.<\/li>\n<\/ul>\n<h2>Rechtm\u00e4\u00dfigkeit und verantwortungsvolle Beschaffung von Forschungschemikalien<\/h2>\n<p>Da es sich bei 3-Me-PCPy um eine relativ neue Verbindung handelt, ist es f\u00fcr alle Forscher unerl\u00e4sslich, eine gr\u00fcndliche Due-Diligence-Pr\u00fcfung vorzunehmen, um den rechtlichen Status dieser Verbindung in ihrem jeweiligen Land zu \u00fcberpr\u00fcfen. 3-Me-PCPy HCL wird in allen Regionen oder L\u00e4ndern als illegal eingestuft, die ein generelles Verbot von Forschungschemikalien oder, genauer gesagt, von Verbindungen aus der Klasse der Arylcyclohexylamine erlassen haben. Dazu geh\u00f6ren zahlreiche Gebiete, die strenge Vorschriften f\u00fcr neue psychoaktive Substanzen aufrechterhalten. Beim Umgang mit neuartigen Verbindungen wie 3-Me-PCPy HCL sind die Einhaltung von Gesetzen und verantwortungsvolle Forschungspraktiken von gr\u00f6\u00dfter Bedeutung. Wir ermutigen Forscher, die auf der Suche nach anderen hochreinen Forschungssubstanzen sind, unsere Auswahl zu erkunden, darunter Artikel wie <a href=\"https:\/\/chemsfine.com\/de\/produkt\/cocaine-purity-99-percent-buy-online\/\">hochwertige Forschungschemikalien<\/a> und <a href=\"https:\/\/chemsfine.com\/de\/produkt\/buy-n-ethylhexedrone-online\/\">andere fortgeschrittene Arylcyclohexylamine<\/a> erh\u00e4ltlich \u00fcber chemsfine.<\/p>\n<h2>Wie Sie 3-Me-PCPy HCL sicher kaufen k\u00f6nnen<\/h2>\n<p>Wir von chemsfine machen es Ihnen leicht <b>3-Me-PCPy online bestellen<\/b>, zusammen mit anderen hochwertigen Dissoziativen wie MXiPr, 3-Methyl-PCP und DMXE. Unsere Plattform ist darauf ausgerichtet, nur <b>Laborqualit\u00e4t zu verkaufen<\/b> Chemikalien und stellen sicher, dass alle Produkte ausschlie\u00dflich f\u00fcr wissenschaftliche und Laborzwecke bestimmt sind. Wir weisen nachdr\u00fccklich darauf hin, dass unsere Produkte nicht f\u00fcr den menschlichen Verzehr bestimmt sind. Jede bei chemsfine erh\u00e4ltliche Chemikalie wird strengen Labortests durch Dritte unterzogen, um ihre Reinheit und Authentizit\u00e4t zu gew\u00e4hrleisten. Wenn Sie HNMR-Ergebnisse f\u00fcr 3-Me-PCPy HCL oder eine andere Chemikalie ben\u00f6tigen, z\u00f6gern Sie bitte nicht, uns per E-Mail zu kontaktieren: requests@chemsfine.com. Wenn Sie sich f\u00fcr chemsfine entscheiden, erhalten Sie die <b>Bestes verf\u00fcgbares 3-Me-PCPy<\/b>, Wir verpflichten uns zu Qualit\u00e4t und Transparenz. Wir bieten eine <b>Sicherer Kauf<\/b> Erfahrung, die es Ihnen erm\u00f6glicht <b>Jetzt online kaufen<\/b> mit Zuversicht.<\/p>\n<h2>Warum sollten Sie chemsfine f\u00fcr Ihr 3-Me-PCPy HCL in Forschungsqualit\u00e4t w\u00e4hlen?<\/h2>\n<p>Wenn Sie chemsfine als Ihren Lieferanten f\u00fcr 3-Me-PCPy HCL w\u00e4hlen, bedeutet das, dass Sie mit einer vertrauensw\u00fcrdigen Quelle zusammenarbeiten, die sich der Exzellenz von Forschungschemikalien verschrieben hat. Unser Engagement f\u00fcr die Bereitstellung hochreiner Verbindungen in Laborqualit\u00e4t ist unersch\u00fctterlich. Wir wissen um die entscheidende Bedeutung zuverl\u00e4ssiger und konsistenter Materialien f\u00fcr Ihre wissenschaftlichen Untersuchungen. Von transparenten Produktdetails bis hin zu verifizierten Chargenprotokollen ist jeder Schritt darauf ausgerichtet, Ihr Vertrauen zu gewinnen. Unsere wettbewerbsf\u00e4higen Preise f\u00fcr hochwertige Forschungssubstanzen in Verbindung mit unseren strengen Qualit\u00e4tskontrollma\u00dfnahmen machen uns zu einer bevorzugten Wahl f\u00fcr Forscher weltweit. Wir stellen sicher, dass Sie <b>3-Me-PCPy kaufen<\/b> Von uns erhalten Sie ein Produkt, das den h\u00f6chsten Standards der Branche entspricht und genaue und zuverl\u00e4ssige Forschungsergebnisse erm\u00f6glicht. Erleben Sie den Unterschied von Premiumqualit\u00e4t und engagiertem Service mit chemsfine.<\/p>\n<h2>Schlussfolgerung: Ihre verl\u00e4ssliche Quelle f\u00fcr 3-Me-PCPy HCL Forschung<\/h2>\n<p>F\u00fcr anspruchsvolle Forscher und wissenschaftliche Einrichtungen ist chemsfine die erste Adresse f\u00fcr <b>Kaufen 3-Me-PCPy HCL zu verkaufen<\/b>. Unser umfassendes Angebot an streng getesteten, hochreinen Forschungschemikalien ist speziell auf die Unterst\u00fctzung fortgeschrittener wissenschaftlicher Untersuchungen ausgerichtet. Wir legen Wert auf die Integrit\u00e4t Ihrer Forschung, indem wir authentische Verbindungen in Laborqualit\u00e4t liefern. Erkunden Sie unser Angebot und sichern Sie sich die besten Forschungsmaterialien f\u00fcr Ihre Studien. Vertrauen Sie darauf, dass chemsfine Ihr Partner f\u00fcr bahnbrechende Entdeckungen ist und Ihnen die notwendigen Werkzeuge zur Verf\u00fcgung stellt, um Ihr wissenschaftliches Verst\u00e4ndnis neuartiger Verbindungen wie 3-Me-PCPy HCL zu verbessern.<\/p>","protected":false},"excerpt":{"rendered":"<p>Entdecken Sie <b>3-Me-PCPy HCL<\/b>, eine neue Arylcyclohexylamin-Forschungschemikalie, exklusiv bei chemsfine. Diese laborgepr\u00fcfte, hochreine Verbindung ist ideal f\u00fcr die wissenschaftliche Erforschung ihrer einzigartigen dissoziativen Eigenschaften. Kaufen Sie 3-Me-PCPy f\u00fcr Ihre Laborstudien, ausschlie\u00dflich f\u00fcr Forschungszwecke und nicht f\u00fcr den menschlichen Verzehr.<\/p>","protected":false},"featured_media":5813,"comment_status":"open","ping_status":"closed","template":"","meta":{"_joinchat":[]},"product_brand":[],"product_cat":[432],"product_tag":[],"class_list":{"0":"post-5778","1":"product","2":"type-product","3":"status-publish","4":"has-post-thumbnail","6":"product_cat-dissociatives","8":"first","9":"instock","10":"shipping-taxable","11":"purchasable","12":"product-type-variable"},"yoast_head":"<!-- This site is optimized with the Yoast SEO plugin v27.2 - https:\/\/yoast.com\/product\/yoast-seo-wordpress\/ -->\n<title>Buy 3-Me-PCPy HCL Online | High Purity Research Chemicals<\/title>\n<meta name=\"description\" content=\"Discover premium 3-Me-PCPy HCL for sale at chemsfine. Top-quality, lab-tested research compound available online for scientific purposes. Secure your order today.\" \/>\n<meta name=\"robots\" content=\"index, follow, max-snippet:-1, max-image-preview:large, max-video-preview:-1\" \/>\n<link rel=\"canonical\" href=\"https:\/\/chemsfine.com\/de\/produkt\/buy-3-me-pcpy\/\" \/>\n<meta property=\"og:locale\" content=\"de_DE\" \/>\n<meta property=\"og:type\" content=\"article\" \/>\n<meta property=\"og:title\" content=\"Buy 3-Me-PCPy HCL Online | High Purity Research Chemicals\" \/>\n<meta property=\"og:description\" content=\"Discover premium 3-Me-PCPy HCL for sale at chemsfine. Top-quality, lab-tested research compound available online for scientific purposes. Secure your order today.\" \/>\n<meta property=\"og:url\" content=\"https:\/\/chemsfine.com\/de\/produkt\/buy-3-me-pcpy\/\" \/>\n<meta property=\"og:site_name\" content=\"Chemsfine\" \/>\n<meta property=\"article:modified_time\" content=\"2026-03-25T14:09:02+00:00\" \/>\n<meta property=\"og:image\" content=\"https:\/\/chemsfine.com\/wp-content\/uploads\/2026\/02\/3-me-pcpy-hcl-1.webp\" \/>\n\t<meta property=\"og:image:width\" content=\"547\" \/>\n\t<meta property=\"og:image:height\" content=\"547\" \/>\n\t<meta property=\"og:image:type\" content=\"image\/webp\" \/>\n<meta name=\"twitter:card\" content=\"summary_large_image\" \/>\n<meta name=\"twitter:label1\" content=\"Gesch\u00e4tzte Lesezeit\" \/>\n\t<meta name=\"twitter:data1\" content=\"4\u00a0Minuten\" \/>\n<script type=\"application\/ld+json\" class=\"yoast-schema-graph\">{\"@context\":\"https:\/\/schema.org\",\"@graph\":[{\"@type\":\"WebPage\",\"@id\":\"https:\/\/chemsfine.com\/product\/buy-3-me-pcpy\/\",\"url\":\"https:\/\/chemsfine.com\/product\/buy-3-me-pcpy\/\",\"name\":\"Buy 3-Me-PCPy HCL Online | High Purity Research Chemicals\",\"isPartOf\":{\"@id\":\"https:\/\/chemsfine.com\/#website\"},\"primaryImageOfPage\":{\"@id\":\"https:\/\/chemsfine.com\/product\/buy-3-me-pcpy\/#primaryimage\"},\"image\":{\"@id\":\"https:\/\/chemsfine.com\/product\/buy-3-me-pcpy\/#primaryimage\"},\"thumbnailUrl\":\"https:\/\/chemsfine.com\/wp-content\/uploads\/2026\/02\/3-me-pcpy-hcl-1.webp\",\"datePublished\":\"2026-02-12T09:51:21+00:00\",\"dateModified\":\"2026-03-25T14:09:02+00:00\",\"description\":\"Discover premium 3-Me-PCPy HCL for sale at chemsfine. Top-quality, lab-tested research compound available online for scientific purposes. Secure your order today.\",\"breadcrumb\":{\"@id\":\"https:\/\/chemsfine.com\/product\/buy-3-me-pcpy\/#breadcrumb\"},\"inLanguage\":\"de\",\"potentialAction\":[{\"@type\":\"ReadAction\",\"target\":[\"https:\/\/chemsfine.com\/product\/buy-3-me-pcpy\/\"]}]},{\"@type\":\"ImageObject\",\"inLanguage\":\"de\",\"@id\":\"https:\/\/chemsfine.com\/product\/buy-3-me-pcpy\/#primaryimage\",\"url\":\"https:\/\/chemsfine.com\/wp-content\/uploads\/2026\/02\/3-me-pcpy-hcl-1.webp\",\"contentUrl\":\"https:\/\/chemsfine.com\/wp-content\/uploads\/2026\/02\/3-me-pcpy-hcl-1.webp\",\"width\":547,\"height\":547},{\"@type\":\"BreadcrumbList\",\"@id\":\"https:\/\/chemsfine.com\/product\/buy-3-me-pcpy\/#breadcrumb\",\"itemListElement\":[{\"@type\":\"ListItem\",\"position\":1,\"name\":\"Home\",\"item\":\"https:\/\/chemsfine.com\/\"},{\"@type\":\"ListItem\",\"position\":2,\"name\":\"Shop\",\"item\":\"https:\/\/chemsfine.com\/shop\/\"},{\"@type\":\"ListItem\",\"position\":3,\"name\":\"3-Me-PCPy HCL &#8211; Premium Research Grade Compound\"}]},{\"@type\":\"WebSite\",\"@id\":\"https:\/\/chemsfine.com\/#website\",\"url\":\"https:\/\/chemsfine.com\/\",\"name\":\"Chemsfine\",\"description\":\"My WordPress Blog\",\"publisher\":{\"@id\":\"https:\/\/chemsfine.com\/#organization\"},\"potentialAction\":[{\"@type\":\"SearchAction\",\"target\":{\"@type\":\"EntryPoint\",\"urlTemplate\":\"https:\/\/chemsfine.com\/?s={search_term_string}\"},\"query-input\":{\"@type\":\"PropertyValueSpecification\",\"valueRequired\":true,\"valueName\":\"search_term_string\"}}],\"inLanguage\":\"de\"},{\"@type\":\"Organization\",\"@id\":\"https:\/\/chemsfine.com\/#organization\",\"name\":\"Chemsfine\",\"url\":\"https:\/\/chemsfine.com\/\",\"logo\":{\"@type\":\"ImageObject\",\"inLanguage\":\"de\",\"@id\":\"https:\/\/chemsfine.com\/#\/schema\/logo\/image\/\",\"url\":\"https:\/\/chemsfine.com\/wp-content\/uploads\/2024\/09\/final-logo.png\",\"contentUrl\":\"https:\/\/chemsfine.com\/wp-content\/uploads\/2024\/09\/final-logo.png\",\"width\":340,\"height\":72,\"caption\":\"Chemsfine\"},\"image\":{\"@id\":\"https:\/\/chemsfine.com\/#\/schema\/logo\/image\/\"}}]}<\/script>\n<!-- \/ Yoast SEO plugin. -->","yoast_head_json":{"title":"3-Me-PCPy HCL online kaufen | High Purity Research Chemicals","description":"Entdecken Sie Premium 3-Me-PCPy HCL zum Verkauf bei chemsfine. Hochwertiges, laborgepr\u00fcftes Forschungspr\u00e4parat, das online f\u00fcr wissenschaftliche Zwecke erh\u00e4ltlich ist. Sichern Sie sich Ihre Bestellung noch heute.","robots":{"index":"index","follow":"follow","max-snippet":"max-snippet:-1","max-image-preview":"max-image-preview:large","max-video-preview":"max-video-preview:-1"},"canonical":"https:\/\/chemsfine.com\/de\/produkt\/buy-3-me-pcpy\/","og_locale":"de_DE","og_type":"article","og_title":"Buy 3-Me-PCPy HCL Online | High Purity Research Chemicals","og_description":"Discover premium 3-Me-PCPy HCL for sale at chemsfine. Top-quality, lab-tested research compound available online for scientific purposes. Secure your order today.","og_url":"https:\/\/chemsfine.com\/de\/produkt\/buy-3-me-pcpy\/","og_site_name":"Chemsfine","article_modified_time":"2026-03-25T14:09:02+00:00","og_image":[{"width":547,"height":547,"url":"https:\/\/chemsfine.com\/wp-content\/uploads\/2026\/02\/3-me-pcpy-hcl-1.webp","type":"image\/webp"}],"twitter_card":"summary_large_image","twitter_misc":{"Gesch\u00e4tzte Lesezeit":"4\u00a0Minuten"},"schema":{"@context":"https:\/\/schema.org","@graph":[{"@type":"WebPage","@id":"https:\/\/chemsfine.com\/product\/buy-3-me-pcpy\/","url":"https:\/\/chemsfine.com\/product\/buy-3-me-pcpy\/","name":"3-Me-PCPy HCL online kaufen | High Purity Research Chemicals","isPartOf":{"@id":"https:\/\/chemsfine.com\/#website"},"primaryImageOfPage":{"@id":"https:\/\/chemsfine.com\/product\/buy-3-me-pcpy\/#primaryimage"},"image":{"@id":"https:\/\/chemsfine.com\/product\/buy-3-me-pcpy\/#primaryimage"},"thumbnailUrl":"https:\/\/chemsfine.com\/wp-content\/uploads\/2026\/02\/3-me-pcpy-hcl-1.webp","datePublished":"2026-02-12T09:51:21+00:00","dateModified":"2026-03-25T14:09:02+00:00","description":"Entdecken Sie Premium 3-Me-PCPy HCL zum Verkauf bei chemsfine. Hochwertiges, laborgepr\u00fcftes Forschungspr\u00e4parat, das online f\u00fcr wissenschaftliche Zwecke erh\u00e4ltlich ist. Sichern Sie sich Ihre Bestellung noch heute.","breadcrumb":{"@id":"https:\/\/chemsfine.com\/product\/buy-3-me-pcpy\/#breadcrumb"},"inLanguage":"de","potentialAction":[{"@type":"ReadAction","target":["https:\/\/chemsfine.com\/product\/buy-3-me-pcpy\/"]}]},{"@type":"ImageObject","inLanguage":"de","@id":"https:\/\/chemsfine.com\/product\/buy-3-me-pcpy\/#primaryimage","url":"https:\/\/chemsfine.com\/wp-content\/uploads\/2026\/02\/3-me-pcpy-hcl-1.webp","contentUrl":"https:\/\/chemsfine.com\/wp-content\/uploads\/2026\/02\/3-me-pcpy-hcl-1.webp","width":547,"height":547},{"@type":"BreadcrumbList","@id":"https:\/\/chemsfine.com\/product\/buy-3-me-pcpy\/#breadcrumb","itemListElement":[{"@type":"ListItem","position":1,"name":"Home","item":"https:\/\/chemsfine.com\/"},{"@type":"ListItem","position":2,"name":"Shop","item":"https:\/\/chemsfine.com\/shop\/"},{"@type":"ListItem","position":3,"name":"3-Me-PCPy HCL &#8211; Premium Research Grade Compound"}]},{"@type":"WebSite","@id":"https:\/\/chemsfine.com\/#website","url":"https:\/\/chemsfine.com\/","name":"Chemsfine","description":"Mein WordPress-Blog","publisher":{"@id":"https:\/\/chemsfine.com\/#organization"},"potentialAction":[{"@type":"SearchAction","target":{"@type":"EntryPoint","urlTemplate":"https:\/\/chemsfine.com\/?s={search_term_string}"},"query-input":{"@type":"PropertyValueSpecification","valueRequired":true,"valueName":"search_term_string"}}],"inLanguage":"de"},{"@type":"Organization","@id":"https:\/\/chemsfine.com\/#organization","name":"Chemsfine","url":"https:\/\/chemsfine.com\/","logo":{"@type":"ImageObject","inLanguage":"de","@id":"https:\/\/chemsfine.com\/#\/schema\/logo\/image\/","url":"https:\/\/chemsfine.com\/wp-content\/uploads\/2024\/09\/final-logo.png","contentUrl":"https:\/\/chemsfine.com\/wp-content\/uploads\/2024\/09\/final-logo.png","width":340,"height":72,"caption":"Chemsfine"},"image":{"@id":"https:\/\/chemsfine.com\/#\/schema\/logo\/image\/"}}]}},"_links":{"self":[{"href":"https:\/\/chemsfine.com\/de\/wp-json\/wp\/v2\/product\/5778","targetHints":{"allow":["GET"]}}],"collection":[{"href":"https:\/\/chemsfine.com\/de\/wp-json\/wp\/v2\/product"}],"about":[{"href":"https:\/\/chemsfine.com\/de\/wp-json\/wp\/v2\/types\/product"}],"replies":[{"embeddable":true,"href":"https:\/\/chemsfine.com\/de\/wp-json\/wp\/v2\/comments?post=5778"}],"wp:featuredmedia":[{"embeddable":true,"href":"https:\/\/chemsfine.com\/de\/wp-json\/wp\/v2\/media\/5813"}],"wp:attachment":[{"href":"https:\/\/chemsfine.com\/de\/wp-json\/wp\/v2\/media?parent=5778"}],"wp:term":[{"taxonomy":"product_brand","embeddable":true,"href":"https:\/\/chemsfine.com\/de\/wp-json\/wp\/v2\/product_brand?post=5778"},{"taxonomy":"product_cat","embeddable":true,"href":"https:\/\/chemsfine.com\/de\/wp-json\/wp\/v2\/product_cat?post=5778"},{"taxonomy":"product_tag","embeddable":true,"href":"https:\/\/chemsfine.com\/de\/wp-json\/wp\/v2\/product_tag?post=5778"}],"curies":[{"name":"wp","href":"https:\/\/api.w.org\/{rel}","templated":true}]}}