{"id":6109,"date":"2026-02-12T09:57:27","date_gmt":"2026-02-12T09:57:27","guid":{"rendered":"https:\/\/chemsfine.com\/?post_type=product&#038;p=6109"},"modified":"2026-03-25T13:39:58","modified_gmt":"2026-03-25T13:39:58","slug":"buy-mdma-crystal","status":"publish","type":"product","link":"https:\/\/chemsfine.com\/de\/product\/buy-mdma-crystal\/","title":{"rendered":"Hochreines MDMA-Kristall online kaufen - Premium Qualit\u00e4t"},"content":{"rendered":"<p>M\u00f6chten Sie <b>MDMA Crystal zum Verkauf kaufen<\/b>? Willkommen bei chemsfine, Ihrer vertrauensw\u00fcrdigen Quelle f\u00fcr erstklassige Qualit\u00e4tsprodukte. Wir bieten hochreines MDMA-Kristall, eine sorgf\u00e4ltig aufbereitete Substanz f\u00fcr verschiedene anspruchsvolle Bed\u00fcrfnisse. Unser Ziel ist es, Ihnen ein unvergleichliches Einkaufserlebnis zu bieten und sicherzustellen, dass Sie ein sauberes und streng gepr\u00fcftes Produkt erhalten. Sie k\u00f6nnen <b>Europ\u00e4isches MDMA online kaufen<\/b> \u00fcber unsere sichere Plattform, die Diskretion und Effizienz garantiert. Unser reines, hochwertiges Import-MDMA ist f\u00fcr den sofortigen Versand verf\u00fcgbar. <b>HEUTE KAUFEN<\/b> bevor Sie sich dieses au\u00dfergew\u00f6hnliche Pr\u00e4parat entgehen lassen. Dies ist eine Gelegenheit f\u00fcr Sie, unser Premiumprodukt zu \u00e4u\u00dferst wettbewerbsf\u00e4higen Preisen zu testen, die unser Engagement f\u00fcr Qualit\u00e4t und Kundenzufriedenheit widerspiegeln.<\/p>\n<h2>Was ist MDMA Crystal?<\/h2>\n<p>MDMA, chemisch bekannt als 3,4-Methylendioxymethamphetamin (mit der chemischen Formel C\u2081\u2081H\u2081\u2085NO\u2082), ist eine komplexe organische Verbindung. Es liegt in der Regel als kristallisierte Substanz vor, die wegen ihrer Reinheit und gleichm\u00e4\u00dfigen Zusammensetzung sehr gesch\u00e4tzt wird. Unser <b>MDMA-Kristall h\u00f6chster Qualit\u00e4t<\/b> zeichnet sich durch seine hervorragende Kristallisation und chemische Integrit\u00e4t aus. Es wird strengen Qualit\u00e4tskontrollverfahren unterzogen, um sicherzustellen, dass jede Charge den h\u00f6chsten Standards entspricht. Diese Verbindung wird in verschiedenen Forschungsbereichen eingehend untersucht, insbesondere wegen ihrer einzigartigen Eigenschaften, die mit neurochemischen Signalwegen interagieren. Die genaue Kenntnis ihrer Struktur und Reinheit ist entscheidend f\u00fcr genaue experimentelle Ergebnisse und zuverl\u00e4ssige Anwendungen.<\/p>\n<p>Die kristalline Form deutet auf einen hohen Verfeinerungsgrad und minimale Verunreinigungen hin, was ein Markenzeichen f\u00fcr eine sorgf\u00e4ltig verarbeitete Chemikalie ist. F\u00fcr diejenigen, die Pr\u00e4zision und Konsistenz ben\u00f6tigen, ist diese hochreine Substanz eine ideale Wahl, die die strengen Standards der modernen chemischen Versorgung verk\u00f6rpert. Es handelt sich nicht nur um ein Produkt, sondern um eine Verpflichtung zu Spitzenleistungen in jedem Gramm.<\/p>\n<h2>Warum MDMA online bei chemsfine kaufen?<\/h2>\n<p>Wer sich f\u00fcr chemsfine entscheidet, entscheidet sich f\u00fcr Zuverl\u00e4ssigkeit, Transparenz und h\u00f6chste Qualit\u00e4t. Wir haben uns der Bereitstellung der <b>bestes MDMA verf\u00fcgbar<\/b> auf dem Markt, gest\u00fctzt durch umfassende Tests und kundenorientierte Dienstleistungen. Unsere Produkte, einschlie\u00dflich unserer robusten Auswahl an Forschungschemikalien wie <a href=\"https:\/\/chemsfine.com\/de\/produkt\/jwh-018-for-sale\/\"><b>JWH-018 zu verkaufen<\/b><\/a>, werden mit \u00e4u\u00dferster Sorgfalt und Integrit\u00e4t beschafft. Wir wissen, wie wichtig sichere und diskrete Transaktionen sind, damit Ihre Privatsph\u00e4re stets gesch\u00fctzt ist. Jede Charge dieses Pr\u00e4parats wird strengen Qualit\u00e4tssicherungsprotokollen unterzogen, um seine Wirksamkeit und Sicherheit zu gew\u00e4hrleisten. Unser Ruf beruht auf Vertrauen und der konsequenten Lieferung von Produkten, die die Erwartungen erf\u00fcllen und \u00fcbertreffen.<\/p>\n<p>Dar\u00fcber hinaus steht Ihnen unser Kundendienstteam jederzeit zur Seite, um Ihnen einen reibungslosen und sicheren Einkauf zu erm\u00f6glichen. Wenn Sie sich f\u00fcr chemsfine entscheiden, kaufen Sie nicht nur ein Produkt, sondern Sie investieren in die Gewissheit, dass Sie eine authentische und hochwertige Substanz erhalten. Wenn Sie sich auch f\u00fcr andere hochwertige Verbindungen interessieren, k\u00f6nnen Sie ganz einfach <a href=\"https:\/\/chemsfine.com\/de\/produkt\/kaufen-wolke-9-flussigkeit-k2-spray\/\"><b>Cloud 9 Liquid K2 Spray kaufen<\/b><\/a> aus unserem vielf\u00e4ltigen Angebot, die alle denselben strengen Qualit\u00e4tsma\u00dfst\u00e4ben gen\u00fcgen.<\/p>\n<h2>Pr\u00fcfung und Qualit\u00e4tssicherung<\/h2>\n<p>Bei chemsfine stehen Transparenz und \u00fcberpr\u00fcfbare Qualit\u00e4t an erster Stelle. Unser MDMA-Kristall wird mit einer umfassenden Reihe von Reagenzientests sorgf\u00e4ltig gepr\u00fcft, darunter:<\/p>\n<ul>\n<li>Getestet mit Marquis Reagenzientests<\/li>\n<li>Getestet mit Mecke-Reagenztests<\/li>\n<li>Getestet mit Mandalin-Reagenztests<\/li>\n<li>Gepr\u00fcft mit dem Ezy Test Reinheitstest (dunkelste Farbe f\u00fcr h\u00f6chste Reinheit)<\/li>\n<\/ul>\n<p>Diese vielschichtigen Tests best\u00e4tigen die Echtheit und Reinheit unseres Produkts und gew\u00e4hrleisten, dass es sich um ein echtes <b>sauberes Produkt<\/b> mit <b>hohe Reinheit<\/b>. Die Angabe \u201cdunkelste Farbe\u201d in der Ezy Test-Reinheitspr\u00fcfung bedeutet einen h\u00f6heren Grad, der unser Engagement f\u00fcr die Bereitstellung von Substanzen von au\u00dfergew\u00f6hnlicher Qualit\u00e4t unterstreicht. Unser strenges Pr\u00fcfverfahren soll Vertrauen schaffen und sicherstellen, dass jeder Kristall, den Sie erhalten, unseren anspruchsvollen Standards entspricht. Diese Verpflichtung zur Pr\u00fcfung macht uns zu einem der f\u00fchrenden Anbieter von zuverl\u00e4ssigen und unverf\u00e4lschten chemischen Verbindungen.<\/p>\n<h3>Wichtigste Produktattribute<\/h3>\n<table>\n<thead>\n<tr>\n<th>Attribut<\/th>\n<th>Einzelheiten<\/th>\n<\/tr>\n<\/thead>\n<tbody>\n<tr>\n<td>Produkt Form<\/td>\n<td><b>Kristallisiert<\/b> Pulver<\/td>\n<\/tr>\n<tr>\n<td>Reinheitsgrad<\/td>\n<td><b>Hohe Reinheit<\/b> (Getestet mit Ezy Test: <b>dunkelste Farbe<\/b>)<\/td>\n<\/tr>\n<tr>\n<td>Qualit\u00e4tssicherung<\/td>\n<td><b>Sauberes Produkt<\/b>, Laborgepr\u00fcft<\/td>\n<\/tr>\n<tr>\n<td>\u00dcberpr\u00fcfung<\/td>\n<td>Getestet mit Marquis, Mecke, Mandalin Reagenztests<\/td>\n<\/tr>\n<tr>\n<td>Herkunft<\/td>\n<td>Premium Grade Import<\/td>\n<\/tr>\n<\/tbody>\n<\/table>\n<p>Dieser detaillierte Qualit\u00e4tssicherungsprozess gew\u00e4hrleistet, dass Sie nur das zuverl\u00e4ssigste und best\u00e4ndigste Material f\u00fcr Ihre Anforderungen erhalten.<\/p>\n<h2>Sicherheit und Einhaltung der Vorschriften f\u00fcr MDMA Crystal<\/h2>\n<p>Beim Umgang mit hochreinen Substanzen wie MDMA-Kristall ist die Einhaltung strenger Sicherheitsprotokolle unerl\u00e4sslich. Wir empfehlen allen Anwendern, eine angemessene pers\u00f6nliche Schutzausr\u00fcstung (PSA), wie Handschuhe und Augenschutz, zu tragen, um den direkten Kontakt zu minimieren. Es ist von entscheidender Bedeutung, in einer gut bel\u00fcfteten, kontrollierten Umgebung zu arbeiten, um das Einatmen von Feinpartikeln zu vermeiden. Die Einhaltung aller regionalen und internationalen Vorschriften f\u00fcr den Verkauf und die Verwendung solcher Verbindungen liegt in der alleinigen Verantwortung des K\u00e4ufers. Wir setzen uns f\u00fcr einen verantwortungsvollen Umgang und eine verantwortungsvolle Lagerung ein. Sicherheitsdatenbl\u00e4tter (MSDS) sind auf Anfrage erh\u00e4ltlich, um detaillierte Informationen zur sicheren Handhabung, Lagerung und zu Notfallma\u00dfnahmen zu liefern. Analysezertifikate (CoA) f\u00fcr jede Charge k\u00f6nnen ebenfalls zur Verf\u00fcgung gestellt werden, um die Reinheit und Zusammensetzung zu best\u00e4tigen. Wir f\u00f6rdern eine Kultur der Sicherheit und des sachkundigen Umgangs und sorgen daf\u00fcr, dass unsere Kunden mit den notwendigen Informationen f\u00fcr eine sichere Handhabung ausgestattet sind.<\/p>\n<h2>Warum sollten Sie uns f\u00fcr Ihren Bedarf an hochreinen Verbindungen w\u00e4hlen?<\/h2>\n<p>Unser Engagement f\u00fcr hervorragende Qualit\u00e4t erstreckt sich nicht nur auf die Produktqualit\u00e4t, sondern auf jeden Aspekt Ihrer Erfahrung. Wir bieten transparente Details \u00fcber unsere Produkte, damit Sie genau wissen, was Sie erhalten. F\u00fcr jede Lieferung werden gepr\u00fcfte Chargenprotokolle gef\u00fchrt, die einen nachvollziehbaren Qualit\u00e4tsnachweis erm\u00f6glichen. Dar\u00fcber hinaus bem\u00fchen wir uns, \u00e4u\u00dferst wettbewerbsf\u00e4hige Preise anzubieten, ohne dabei Kompromisse bei der au\u00dfergew\u00f6hnlichen Reinheit und Zuverl\u00e4ssigkeit unserer Substanzen einzugehen. Sie k\u00f6nnen getrost <b>MDMA Online bestellen<\/b> von chemsfine k\u00f6nnen Sie sicher sein, dass Sie ein Produkt erhalten, das strengen Qualit\u00e4tskontrollen unterzogen wurde. Unser Engagement f\u00fcr Kundenzufriedenheit in Verbindung mit unseren strengen Tests und unserer ethischen Beschaffung macht uns zur bevorzugten Wahl f\u00fcr hochwertige chemische Verbindungen. Wir konzentrieren uns auf den Aufbau langfristiger Beziehungen, die auf Vertrauen und der best\u00e4ndigen Lieferung hochwertiger Materialien basieren. Erkunden Sie unser gesamtes Angebot an <a href=\"https:\/\/chemsfine.com\/de\/produkt\/jwh-018-for-sale\/\"><b>verf\u00fcgbare Chemikalien<\/b><\/a> bei chemsfine.<\/p>\n<p>Wir sind stolz darauf, ein authentisches Produkterlebnis zu bieten. Unser <b>echtes MDMA<\/b> garantiert ein un\u00fcbertroffenes Qualit\u00e4tsniveau und stellt sicher, dass Ihre Forschung oder Ihre spezifischen Anwendungen von den besten verf\u00fcgbaren Materialien unterst\u00fctzt werden. Wir machen es Ihnen leicht <b>jetzt online kaufen<\/b>, und bietet einen nahtlosen und sicheren Einkaufsprozess. Unsere Plattform ist auf Ihre Bequemlichkeit ausgerichtet und bietet einen unkomplizierten Weg zum Erwerb von erstklassigen Verbindungen.<\/p>\n<h2>Schlussfolgerung: Ihre verl\u00e4ssliche Quelle f\u00fcr hochreines MDMA-Kristall<\/h2>\n<p>Zusammenfassend l\u00e4sst sich sagen, dass chemsfine Ihre ultimative Anlaufstelle ist, wenn Sie nach unvergleichlicher Reinheit und Zuverl\u00e4ssigkeit suchen. Wir bieten einen optimierten Prozess f\u00fcr <b>MDMA Crystal zum Verkauf kaufen<\/b>, Damit stellen wir sicher, dass Sie ein hochwertiges, ausgiebig getestetes und hochreines Produkt erhalten. Unser Engagement f\u00fcr strenge Qualit\u00e4tskontrolle, transparente Informationen und sichere Transaktionen zeichnet uns aus. Verpassen Sie nicht die Gelegenheit, au\u00dfergew\u00f6hnlich sauberes und kristallisiertes MDMA von einem vertrauensw\u00fcrdigen Lieferanten zu erwerben. W\u00e4hlen Sie chemsfine f\u00fcr Ihren Bedarf an Chemikalien und erleben Sie den Unterschied, den echte Qualit\u00e4t und engagierter Service ausmachen. Erkunden Sie unser Angebot und kaufen Sie noch heute mit Vertrauen ein.<\/p>","protected":false},"excerpt":{"rendered":"<p>Entdecken Sie <b>MDMA-Kristall<\/b> von unvergleichlicher Reinheit, das bei chemsfine erworben werden kann. Diese erstklassige, kristallisierte Verbindung wird strengen Tests mit den Reinheitskits von Marquis, Mecke, Mandalin und Ezy Test unterzogen, um ihren hochwertigen und sauberen Status zu best\u00e4tigen. Erleben Sie die Zuverl\u00e4ssigkeit eines sorgf\u00e4ltig beschafften Produkts, das sich ideal f\u00fcr anspruchsvolle Anwendungen eignet.<\/p>","protected":false},"featured_media":6156,"comment_status":"open","ping_status":"closed","template":"","meta":{"_joinchat":[]},"product_brand":[],"product_cat":[975],"product_tag":[],"class_list":{"0":"post-6109","1":"product","2":"type-product","3":"status-publish","4":"has-post-thumbnail","6":"product_cat-mdma","8":"first","9":"instock","10":"shipping-taxable","11":"purchasable","12":"product-type-variable"},"yoast_head":"<!-- This site is optimized with the Yoast SEO plugin v27.2 - https:\/\/yoast.com\/product\/yoast-seo-wordpress\/ -->\n<title>Buy MDMA Crystal Online - High Purity Available - Best Price<\/title>\n<meta name=\"description\" content=\"Securely buy high purity MDMA crystal online. Experience premium quality European import MDMA. Best prices available for this clean, tested product. Order now!\" \/>\n<meta name=\"robots\" content=\"index, follow, max-snippet:-1, max-image-preview:large, max-video-preview:-1\" \/>\n<link rel=\"canonical\" href=\"https:\/\/chemsfine.com\/de\/produkt\/buy-mdma-crystal\/\" \/>\n<meta property=\"og:locale\" content=\"de_DE\" \/>\n<meta property=\"og:type\" content=\"article\" \/>\n<meta property=\"og:title\" content=\"Buy MDMA Crystal Online - High Purity Available - Best Price\" \/>\n<meta property=\"og:description\" content=\"Securely buy high purity MDMA crystal online. Experience premium quality European import MDMA. Best prices available for this clean, tested product. Order now!\" \/>\n<meta property=\"og:url\" content=\"https:\/\/chemsfine.com\/de\/produkt\/buy-mdma-crystal\/\" \/>\n<meta property=\"og:site_name\" content=\"Chemsfine\" \/>\n<meta property=\"article:modified_time\" content=\"2026-03-25T13:39:58+00:00\" \/>\n<meta property=\"og:image\" content=\"https:\/\/chemsfine.com\/wp-content\/uploads\/2026\/02\/15g-mdma-european-import-high-purity-crystal-1.png\" \/>\n\t<meta property=\"og:image:width\" content=\"597\" \/>\n\t<meta property=\"og:image:height\" content=\"540\" \/>\n\t<meta property=\"og:image:type\" content=\"image\/png\" \/>\n<meta name=\"twitter:card\" content=\"summary_large_image\" \/>\n<meta name=\"twitter:label1\" content=\"Gesch\u00e4tzte Lesezeit\" \/>\n\t<meta name=\"twitter:data1\" content=\"5\u00a0Minuten\" \/>\n<script type=\"application\/ld+json\" class=\"yoast-schema-graph\">{\"@context\":\"https:\/\/schema.org\",\"@graph\":[{\"@type\":\"WebPage\",\"@id\":\"https:\/\/chemsfine.com\/product\/buy-mdma-crystal\/\",\"url\":\"https:\/\/chemsfine.com\/product\/buy-mdma-crystal\/\",\"name\":\"Buy MDMA Crystal Online - High Purity Available - Best Price\",\"isPartOf\":{\"@id\":\"https:\/\/chemsfine.com\/#website\"},\"primaryImageOfPage\":{\"@id\":\"https:\/\/chemsfine.com\/product\/buy-mdma-crystal\/#primaryimage\"},\"image\":{\"@id\":\"https:\/\/chemsfine.com\/product\/buy-mdma-crystal\/#primaryimage\"},\"thumbnailUrl\":\"https:\/\/chemsfine.com\/wp-content\/uploads\/2026\/02\/15g-mdma-european-import-high-purity-crystal-1.png\",\"datePublished\":\"2026-02-12T09:57:27+00:00\",\"dateModified\":\"2026-03-25T13:39:58+00:00\",\"description\":\"Securely buy high purity MDMA crystal online. Experience premium quality European import MDMA. Best prices available for this clean, tested product. Order now!\",\"breadcrumb\":{\"@id\":\"https:\/\/chemsfine.com\/product\/buy-mdma-crystal\/#breadcrumb\"},\"inLanguage\":\"de\",\"potentialAction\":[{\"@type\":\"ReadAction\",\"target\":[\"https:\/\/chemsfine.com\/product\/buy-mdma-crystal\/\"]}]},{\"@type\":\"ImageObject\",\"inLanguage\":\"de\",\"@id\":\"https:\/\/chemsfine.com\/product\/buy-mdma-crystal\/#primaryimage\",\"url\":\"https:\/\/chemsfine.com\/wp-content\/uploads\/2026\/02\/15g-mdma-european-import-high-purity-crystal-1.png\",\"contentUrl\":\"https:\/\/chemsfine.com\/wp-content\/uploads\/2026\/02\/15g-mdma-european-import-high-purity-crystal-1.png\",\"width\":597,\"height\":540},{\"@type\":\"BreadcrumbList\",\"@id\":\"https:\/\/chemsfine.com\/product\/buy-mdma-crystal\/#breadcrumb\",\"itemListElement\":[{\"@type\":\"ListItem\",\"position\":1,\"name\":\"Home\",\"item\":\"https:\/\/chemsfine.com\/\"},{\"@type\":\"ListItem\",\"position\":2,\"name\":\"Shop\",\"item\":\"https:\/\/chemsfine.com\/shop\/\"},{\"@type\":\"ListItem\",\"position\":3,\"name\":\"Buy High Purity MDMA Crystal Online &#8211; Premium Quality\"}]},{\"@type\":\"WebSite\",\"@id\":\"https:\/\/chemsfine.com\/#website\",\"url\":\"https:\/\/chemsfine.com\/\",\"name\":\"Chemsfine\",\"description\":\"My WordPress Blog\",\"publisher\":{\"@id\":\"https:\/\/chemsfine.com\/#organization\"},\"potentialAction\":[{\"@type\":\"SearchAction\",\"target\":{\"@type\":\"EntryPoint\",\"urlTemplate\":\"https:\/\/chemsfine.com\/?s={search_term_string}\"},\"query-input\":{\"@type\":\"PropertyValueSpecification\",\"valueRequired\":true,\"valueName\":\"search_term_string\"}}],\"inLanguage\":\"de\"},{\"@type\":\"Organization\",\"@id\":\"https:\/\/chemsfine.com\/#organization\",\"name\":\"Chemsfine\",\"url\":\"https:\/\/chemsfine.com\/\",\"logo\":{\"@type\":\"ImageObject\",\"inLanguage\":\"de\",\"@id\":\"https:\/\/chemsfine.com\/#\/schema\/logo\/image\/\",\"url\":\"https:\/\/chemsfine.com\/wp-content\/uploads\/2024\/09\/final-logo.png\",\"contentUrl\":\"https:\/\/chemsfine.com\/wp-content\/uploads\/2024\/09\/final-logo.png\",\"width\":340,\"height\":72,\"caption\":\"Chemsfine\"},\"image\":{\"@id\":\"https:\/\/chemsfine.com\/#\/schema\/logo\/image\/\"}}]}<\/script>\n<!-- \/ Yoast SEO plugin. -->","yoast_head_json":{"title":"MDMA-Kristall online kaufen - hohe Reinheit verf\u00fcgbar - bester Preis","description":"Kaufen Sie hochreines MDMA-Kristall sicher online. Erleben Sie europ\u00e4isches Import-MDMA in Premium-Qualit\u00e4t. Die besten Preise f\u00fcr dieses saubere, getestete Produkt. Bestellen Sie jetzt!","robots":{"index":"index","follow":"follow","max-snippet":"max-snippet:-1","max-image-preview":"max-image-preview:large","max-video-preview":"max-video-preview:-1"},"canonical":"https:\/\/chemsfine.com\/de\/produkt\/buy-mdma-crystal\/","og_locale":"de_DE","og_type":"article","og_title":"Buy MDMA Crystal Online - High Purity Available - Best Price","og_description":"Securely buy high purity MDMA crystal online. Experience premium quality European import MDMA. Best prices available for this clean, tested product. Order now!","og_url":"https:\/\/chemsfine.com\/de\/produkt\/buy-mdma-crystal\/","og_site_name":"Chemsfine","article_modified_time":"2026-03-25T13:39:58+00:00","og_image":[{"width":597,"height":540,"url":"https:\/\/chemsfine.com\/wp-content\/uploads\/2026\/02\/15g-mdma-european-import-high-purity-crystal-1.png","type":"image\/png"}],"twitter_card":"summary_large_image","twitter_misc":{"Gesch\u00e4tzte Lesezeit":"5\u00a0Minuten"},"schema":{"@context":"https:\/\/schema.org","@graph":[{"@type":"WebPage","@id":"https:\/\/chemsfine.com\/product\/buy-mdma-crystal\/","url":"https:\/\/chemsfine.com\/product\/buy-mdma-crystal\/","name":"MDMA-Kristall online kaufen - hohe Reinheit verf\u00fcgbar - bester Preis","isPartOf":{"@id":"https:\/\/chemsfine.com\/#website"},"primaryImageOfPage":{"@id":"https:\/\/chemsfine.com\/product\/buy-mdma-crystal\/#primaryimage"},"image":{"@id":"https:\/\/chemsfine.com\/product\/buy-mdma-crystal\/#primaryimage"},"thumbnailUrl":"https:\/\/chemsfine.com\/wp-content\/uploads\/2026\/02\/15g-mdma-european-import-high-purity-crystal-1.png","datePublished":"2026-02-12T09:57:27+00:00","dateModified":"2026-03-25T13:39:58+00:00","description":"Kaufen Sie hochreines MDMA-Kristall sicher online. Erleben Sie europ\u00e4isches Import-MDMA in Premium-Qualit\u00e4t. Die besten Preise f\u00fcr dieses saubere, getestete Produkt. Bestellen Sie jetzt!","breadcrumb":{"@id":"https:\/\/chemsfine.com\/product\/buy-mdma-crystal\/#breadcrumb"},"inLanguage":"de","potentialAction":[{"@type":"ReadAction","target":["https:\/\/chemsfine.com\/product\/buy-mdma-crystal\/"]}]},{"@type":"ImageObject","inLanguage":"de","@id":"https:\/\/chemsfine.com\/product\/buy-mdma-crystal\/#primaryimage","url":"https:\/\/chemsfine.com\/wp-content\/uploads\/2026\/02\/15g-mdma-european-import-high-purity-crystal-1.png","contentUrl":"https:\/\/chemsfine.com\/wp-content\/uploads\/2026\/02\/15g-mdma-european-import-high-purity-crystal-1.png","width":597,"height":540},{"@type":"BreadcrumbList","@id":"https:\/\/chemsfine.com\/product\/buy-mdma-crystal\/#breadcrumb","itemListElement":[{"@type":"ListItem","position":1,"name":"Home","item":"https:\/\/chemsfine.com\/"},{"@type":"ListItem","position":2,"name":"Shop","item":"https:\/\/chemsfine.com\/shop\/"},{"@type":"ListItem","position":3,"name":"Buy High Purity MDMA Crystal Online &#8211; Premium Quality"}]},{"@type":"WebSite","@id":"https:\/\/chemsfine.com\/#website","url":"https:\/\/chemsfine.com\/","name":"Chemsfine","description":"Mein WordPress-Blog","publisher":{"@id":"https:\/\/chemsfine.com\/#organization"},"potentialAction":[{"@type":"SearchAction","target":{"@type":"EntryPoint","urlTemplate":"https:\/\/chemsfine.com\/?s={search_term_string}"},"query-input":{"@type":"PropertyValueSpecification","valueRequired":true,"valueName":"search_term_string"}}],"inLanguage":"de"},{"@type":"Organization","@id":"https:\/\/chemsfine.com\/#organization","name":"Chemsfine","url":"https:\/\/chemsfine.com\/","logo":{"@type":"ImageObject","inLanguage":"de","@id":"https:\/\/chemsfine.com\/#\/schema\/logo\/image\/","url":"https:\/\/chemsfine.com\/wp-content\/uploads\/2024\/09\/final-logo.png","contentUrl":"https:\/\/chemsfine.com\/wp-content\/uploads\/2024\/09\/final-logo.png","width":340,"height":72,"caption":"Chemsfine"},"image":{"@id":"https:\/\/chemsfine.com\/#\/schema\/logo\/image\/"}}]}},"_links":{"self":[{"href":"https:\/\/chemsfine.com\/de\/wp-json\/wp\/v2\/product\/6109","targetHints":{"allow":["GET"]}}],"collection":[{"href":"https:\/\/chemsfine.com\/de\/wp-json\/wp\/v2\/product"}],"about":[{"href":"https:\/\/chemsfine.com\/de\/wp-json\/wp\/v2\/types\/product"}],"replies":[{"embeddable":true,"href":"https:\/\/chemsfine.com\/de\/wp-json\/wp\/v2\/comments?post=6109"}],"wp:featuredmedia":[{"embeddable":true,"href":"https:\/\/chemsfine.com\/de\/wp-json\/wp\/v2\/media\/6156"}],"wp:attachment":[{"href":"https:\/\/chemsfine.com\/de\/wp-json\/wp\/v2\/media?parent=6109"}],"wp:term":[{"taxonomy":"product_brand","embeddable":true,"href":"https:\/\/chemsfine.com\/de\/wp-json\/wp\/v2\/product_brand?post=6109"},{"taxonomy":"product_cat","embeddable":true,"href":"https:\/\/chemsfine.com\/de\/wp-json\/wp\/v2\/product_cat?post=6109"},{"taxonomy":"product_tag","embeddable":true,"href":"https:\/\/chemsfine.com\/de\/wp-json\/wp\/v2\/product_tag?post=6109"}],"curies":[{"name":"wp","href":"https:\/\/api.w.org\/{rel}","templated":true}]}}