{"id":6196,"date":"2026-02-12T09:59:32","date_gmt":"2026-02-12T09:59:32","guid":{"rendered":"https:\/\/chemsfine.com\/?post_type=product&#038;p=6196"},"modified":"2026-03-25T13:28:46","modified_gmt":"2026-03-25T13:28:46","slug":"buy-pentedrone-pellets-online","status":"publish","type":"product","link":"https:\/\/chemsfine.com\/de\/product\/buy-pentedrone-pellets-online\/","title":{"rendered":"Pentedrone Pellets Online zu verkaufen | High Grade Research Chemicals"},"content":{"rendered":"<p>Wenn Sie auf der Suche nach hochmodernen Verbindungen f\u00fcr Ihre wissenschaftlichen Bem\u00fchungen sind, ist die Verf\u00fcgbarkeit von zuverl\u00e4ssigen, hochreinen Forschungsmaterialien von entscheidender Bedeutung. Bei chemsfine k\u00f6nnen Sie <b>kaufen Pentedrone Pellets zu verkaufen<\/b>, werden sorgf\u00e4ltig hergestellt, um Ihre anspruchsvollsten Laboranwendungen zu unterst\u00fctzen. Unser Engagement f\u00fcr Spitzenleistungen stellt sicher, dass jede Charge dieser Forschungsstimulanzien strenge Qualit\u00e4tsstandards erf\u00fcllt, damit Sie sich auf Ihre Versuchsergebnisse verlassen k\u00f6nnen.<\/p>\n<p>Erschlie\u00dfen Sie bahnbrechendes Forschungspotenzial mit Pentedrone-Pellets von Research Stimulants. Unsere hochreinen, sorgf\u00e4ltig getesteten Kristalle gew\u00e4hrleisten Zuverl\u00e4ssigkeit und Wirksamkeit f\u00fcr Ihre wissenschaftlichen Bem\u00fchungen. Diese erstklassigen Forschungschemikalien wurden speziell f\u00fcr In-vitro-Analysen und weitere wissenschaftliche Studien entwickelt, was sie zu einem unverzichtbaren Bestandteil jedes ernsthaften Forschungslabors macht.<\/p>\n<h2>Was ist Pentedrone?<\/h2>\n<p>Pentedron, chemisch bekannt als \u03b1-Methylaminovalerophenon, ist ein synthetisches Stimulans, das zur Klasse der Cathinone geh\u00f6rt. Es ist gekennzeichnet durch seine Molekularformel C<sub>12<\/sub>H<sub>17<\/sub>NO, und die CAS-Nummer, mit der es h\u00e4ufig in Verbindung gebracht wird, lautet 87949-83-5. Diese Verbindung wird in der wissenschaftlichen Gemeinschaft vor allem als Forschungschemikalie gesch\u00e4tzt, die zur Erforschung ihrer einzigartigen Eigenschaften und Wirkungen in kontrollierten Laborumgebungen eingesetzt wird. Als hochwertige Chemikalie spielt Pentedron eine entscheidende Rolle beim Verst\u00e4ndnis verschiedener physiologischer und pharmakologischer Mechanismen. Forscher suchen oft nach <b>Pentedrone-Pellets von h\u00f6chster Qualit\u00e4t<\/b> f\u00fcr ihre Experimente, da sie pr\u00e4zise dosiert werden k\u00f6nnen und einfach in der Handhabung sind.<\/p>\n<p>Die Struktur von Pentedron bietet einzigartige Einblicke in die Struktur-Aktivit\u00e4ts-Beziehungen verwandter Verbindungen und macht es zu einem Brennpunkt f\u00fcr fortgeschrittene chemische und biologische Untersuchungen. Aufgrund seiner spezifischen Eigenschaften eignet es sich f\u00fcr eine Reihe von analytischen Zwecken und leistet einen wichtigen Beitrag zur Erweiterung der Wissensbasis in den Neurowissenschaften und der Pharmakologie. Die sorgf\u00e4ltig vorbereiteten Pellets gew\u00e4hrleisten eine gleichbleibende Reinheit, die f\u00fcr die Erzielung reproduzierbarer und genauer Forschungsergebnisse entscheidend ist.<\/p>\n<h2>Warum Pentedrone Pellets online bei chemsfine kaufen?<\/h2>\n<p>Wenn Sie sich f\u00fcr chemsfine als Ihren Lieferanten f\u00fcr Forschungschemikalien entscheiden, erhalten Sie Produkte, die den h\u00f6chsten Standards f\u00fcr Qualit\u00e4t und wissenschaftliche Integrit\u00e4t entsprechen. Wir verstehen die kritische Natur der Forschung und die Notwendigkeit von Pr\u00e4zision in jeder Verbindung. Wenn Sie auf der Suche nach dem <b>beste verf\u00fcgbare Pentedrone-Pellets<\/b>, chemsfine zeichnet sich als zuverl\u00e4ssige Quelle aus. Unsere strengen Pr\u00fcfprotokolle garantieren eine au\u00dfergew\u00f6hnliche Reinheit und machen unsere Pentedrone-Pellets ideal f\u00fcr sensible Forschungsanwendungen.<\/p>\n<p>Wir sind stolz auf unsere transparenten Prozesse und unsere engagierte Kundenbetreuung, die einen reibungslosen Ablauf von der Auswahl bis zur Lieferung gew\u00e4hrleistet. Unser guter Ruf beruht auf der Bereitstellung konsistenter Chemikalien in Laborqualit\u00e4t, die es Forschern erm\u00f6glichen, die Grenzen der Forschung zu erweitern. Mit chemsfine kaufen Sie nicht einfach nur eine Chemikalie; Sie investieren in einen Partner, der sich f\u00fcr Ihren wissenschaftlichen Erfolg einsetzt. Erleben Sie den Unterschied, den echte Qualit\u00e4t ausmacht, wenn Sie Ihre Forschungsmaterialien von einem vertrauensw\u00fcrdigen Anbieter kaufen.<\/p>\n<h2>Anwendungen von Pentedrone<\/h2>\n<p>Die Anwendungsm\u00f6glichkeiten von Pentedrone als Forschungschemikalie sind vielf\u00e4ltig und konzentrieren sich in erster Linie auf analytische und wissenschaftliche Studien in einer kontrollierten Laborumgebung. Sein einzigartiges pharmakologisches Profil macht es wertvoll f\u00fcr:<\/p>\n<ul>\n<li>In-vitro-pharmakologische Studien zur Untersuchung von Rezeptorinteraktionen.<\/li>\n<li>Neurochemische Forschung zur Erforschung der Mechanismen der Wiederaufnahme von Neurotransmittern.<\/li>\n<li>Verwendung als analytischer Referenzstandard f\u00fcr forensische und toxikologische Untersuchungen.<\/li>\n<li>Untersuchung von Stoffwechselwegen und Enzymkinetik in zellul\u00e4ren Modellen.<\/li>\n<li>Erforschung der potenziellen Auswirkungen von stimulierenden Verbindungen auf biologische Systeme.<\/li>\n<li>Chemische Synthese und Experimente zur Strukturaufkl\u00e4rung.<\/li>\n<li>Entwicklung fortgeschrittener Analysemethoden zur Identifizierung neuer psychoaktiver Substanzen.<\/li>\n<\/ul>\n<p>Diese Anwendungen unterstreichen, wie wichtig der Zugang zu hochwertigem, reinem Pentedron f\u00fcr zuverl\u00e4ssige und ethische wissenschaftliche Untersuchungen ist.<\/p>\n<h2>Sicherheit und Einhaltung von Vorschriften<\/h2>\n<p>Der Umgang mit Pentedrone und anderen Forschungschemikalien erfordert die strikte Einhaltung von Sicherheitsprotokollen und gesetzlichen Richtlinien. Forscher m\u00fcssen in einer kontrollierten Laborumgebung arbeiten und geeignete pers\u00f6nliche Schutzausr\u00fcstung (PSA) wie Handschuhe, Augenschutz und Laborkittel verwenden. Angemessene Bel\u00fcftung und Abzugshauben sind unerl\u00e4sslich, um das Expositionsrisiko zu minimieren. Bei chemsfine legen wir gro\u00dfen Wert auf Sicherheitsdatenbl\u00e4tter (SDS) und Analysenzertifikate (CoA) f\u00fcr alle unsere Produkte. Diese Dokumente enthalten wichtige Informationen \u00fcber die chemischen Eigenschaften, sichere Handhabungsverfahren, Lagerungsempfehlungen und Reinheitsspezifikationen unserer <b>hochwertige Chemikalien<\/b>.<\/p>\n<p>Wir verpflichten uns, Produkte zu liefern, die den internationalen Standards f\u00fcr Qualit\u00e4t und Sicherheit entsprechen. Forscher sind daf\u00fcr verantwortlich, alle geltenden Vorschriften f\u00fcr die Beschaffung, Lagerung und Verwendung von Forschungschemikalien in ihrem jeweiligen Zust\u00e4ndigkeitsbereich zu kennen und einzuhalten. Unser Engagement f\u00fcr die Einhaltung der Vorschriften gew\u00e4hrleistet, dass Sie nur gepr\u00fcfte, hochwertige Pentedrone-Pellets erhalten, die f\u00fcr verantwortungsvolle wissenschaftliche Untersuchungen geeignet sind.<\/p>\n<h2>Produktspezifikationen<\/h2>\n<p>F\u00fcr anspruchsvolle Forscher sind detaillierte Produktspezifikationen von entscheidender Bedeutung. Unsere Pentedrone-Pellets werden sorgf\u00e4ltig aufbereitet, um den h\u00f6chsten Standards zu entsprechen. Im Folgenden finden Sie eine Zusammenfassung der wichtigsten Merkmale:<\/p>\n<table border=\"1\">\n<thead>\n<tr>\n<th>Spezifikation<\/th>\n<th>Einzelheiten<\/th>\n<\/tr>\n<\/thead>\n<tbody>\n<tr>\n<td>Produktname<\/td>\n<td>Pentedrone Pellets<\/td>\n<\/tr>\n<tr>\n<td>Chemische Formel<\/td>\n<td>C<sub>12<\/sub>H<sub>17<\/sub>NO<\/td>\n<\/tr>\n<tr>\n<td>Gemeinsame CAS-Nummer<\/td>\n<td>87949-83-5<\/td>\n<\/tr>\n<tr>\n<td>Reinheit<\/td>\n<td>Typischerweise &gt;98%<\/td>\n<\/tr>\n<tr>\n<td>Formular<\/td>\n<td>Pellets<\/td>\n<\/tr>\n<tr>\n<td>Verwendungszweck<\/td>\n<td>Forschungschemikalie (In-vitro)<\/td>\n<\/tr>\n<\/tbody>\n<\/table>\n<h2>Warum chemsfine f\u00fcr Ihren Forschungsbedarf w\u00e4hlen?<\/h2>\n<p>Wenn Sie sich f\u00fcr chemsfine entscheiden, entscheiden Sie sich f\u00fcr einen Partner, der Sie auf Ihrem wissenschaftlichen Weg mit au\u00dfergew\u00f6hnlicher Qualit\u00e4t und Service unterst\u00fctzt. Unser Engagement geht \u00fcber die blo\u00dfe Lieferung von Chemikalien hinaus; wir wollen ein Umfeld f\u00f6rdern, in dem bahnbrechende Forschung gedeihen kann. Wir bieten transparente Produktdetails und stellen Ihnen umfassende Informationen zu jeder Verbindung zur Verf\u00fcgung, einschlie\u00dflich detaillierter Chargenprotokolle und umfassender Analysezertifikate auf Anfrage. Unsere wettbewerbsf\u00e4hige Preisstruktur stellt sicher, dass der Zugang zu hochreinen Forschungschemikalien erschwinglich bleibt, ohne Kompromisse bei der Qualit\u00e4t einzugehen.<\/p>\n<p>Erleben Sie die Leichtigkeit, mit der Sie authentische Forschungssubstanzen sicher kaufen k\u00f6nnen, wenn Sie <b>Pentedrone-Pellets online bestellen<\/b> \u00fcber unsere Plattform. Wir bieten auch eine breite Palette anderer Forschungschemikalien an, wie z. B. <a href=\"https:\/\/chemsfine.com\/de\/produkt\/buy-2-mmc-2-methylmethcathinone-online\/\">2-MMC<\/a> und <a href=\"https:\/\/chemsfine.com\/de\/produkt\/2-fa-pulver-kaufen\/\">2-FA-Pulver<\/a>, die alle nach den gleichen anspruchsvollen Standards gepflegt werden. Unser optimiertes Bestellverfahren und die diskrete Verpackung sorgen daf\u00fcr, dass Ihre Forschungsmaterialien sicher und schnell ankommen und sofort in Ihrem Labor eingesetzt werden k\u00f6nnen. Vertrauen Sie darauf, dass chemsfine Ihre zuverl\u00e4ssige Quelle f\u00fcr alle Ihre Anforderungen an fortschrittliche Chemikalien ist.<\/p>\n<h2>Schlussfolgerung<\/h2>\n<p>Zusammenfassend l\u00e4sst sich sagen, dass Pentedrone-Pellets von chemsfine den Gipfel der Qualit\u00e4t f\u00fcr Forschungschemikalien darstellen und eine unvergleichliche Reinheit und Zuverl\u00e4ssigkeit f\u00fcr eine breite Palette wissenschaftlicher Anwendungen bieten. Von detaillierten pharmakologischen Studien bis hin zu analytischen Referenzzwecken sind diese Pellets ein unverzichtbares Hilfsmittel zur F\u00f6rderung des wissenschaftlichen Verst\u00e4ndnisses. Wir laden Sie ein, das Potenzial dieser hochwertigen Chemikalien f\u00fcr Ihre Forschung zu entdecken. Machen Sie den n\u00e4chsten Schritt in Ihren wissenschaftlichen Bestrebungen und <b>kaufen Pentedrone Pellets zu verkaufen<\/b> online von chemsfine und stellen Sie sicher, dass Ihre Forschung von den besten verf\u00fcgbaren Verbindungen unterst\u00fctzt wird.<\/p>","protected":false},"excerpt":{"rendered":"<p>Entdecken Sie <b>Pentedron-K\u00fcgelchen<\/b> f\u00fcr fortgeschrittene wissenschaftliche Studien. Diese hochreinen Forschungschemikalien werden sorgf\u00e4ltig getestet, um Zuverl\u00e4ssigkeit und Wirksamkeit zu gew\u00e4hrleisten. <b>Pentedrone-Pellets kaufen<\/b> f\u00fcr Ihren Laborbedarf bei chemsfine, Ihrer zuverl\u00e4ssigen Quelle f\u00fcr erstklassige Forschungsverbindungen.<\/p>","protected":false},"featured_media":6253,"comment_status":"open","ping_status":"closed","template":"","meta":{"_joinchat":[]},"product_brand":[],"product_cat":[951],"product_tag":[],"class_list":{"0":"post-6196","1":"product","2":"type-product","3":"status-publish","4":"has-post-thumbnail","6":"product_cat-stimulants","8":"first","9":"instock","10":"shipping-taxable","11":"purchasable","12":"product-type-variable"},"yoast_head":"<!-- This site is optimized with the Yoast SEO plugin v27.2 - https:\/\/yoast.com\/product\/yoast-seo-wordpress\/ -->\n<title>Buy Pentedrone Pellets Online | High Quality Research Chemicals<\/title>\n<meta name=\"description\" content=\"Discover high-purity Pentedrone pellets for sale at chemsfine. Unlock research potential with top-grade chemicals. Buy Pentedrone online today!\" \/>\n<meta name=\"robots\" content=\"index, follow, max-snippet:-1, max-image-preview:large, max-video-preview:-1\" \/>\n<link rel=\"canonical\" href=\"https:\/\/chemsfine.com\/de\/produkt\/buy-pentedrone-pellets-online\/\" \/>\n<meta property=\"og:locale\" content=\"de_DE\" \/>\n<meta property=\"og:type\" content=\"article\" \/>\n<meta property=\"og:title\" content=\"Buy Pentedrone Pellets Online | High Quality Research Chemicals\" \/>\n<meta property=\"og:description\" content=\"Discover high-purity Pentedrone pellets for sale at chemsfine. Unlock research potential with top-grade chemicals. Buy Pentedrone online today!\" \/>\n<meta property=\"og:url\" content=\"https:\/\/chemsfine.com\/de\/produkt\/buy-pentedrone-pellets-online\/\" \/>\n<meta property=\"og:site_name\" content=\"Chemsfine\" \/>\n<meta property=\"article:modified_time\" content=\"2026-03-25T13:28:46+00:00\" \/>\n<meta property=\"og:image\" content=\"https:\/\/chemsfine.com\/wp-content\/uploads\/2026\/02\/pentedrone-pellets-for-sale-online-high-grade-chemicals-research-stimulants-2.jpg\" \/>\n\t<meta property=\"og:image:width\" content=\"225\" \/>\n\t<meta property=\"og:image:height\" content=\"225\" \/>\n\t<meta property=\"og:image:type\" content=\"image\/jpeg\" \/>\n<meta name=\"twitter:card\" content=\"summary_large_image\" \/>\n<meta name=\"twitter:label1\" content=\"Gesch\u00e4tzte Lesezeit\" \/>\n\t<meta name=\"twitter:data1\" content=\"5\u00a0Minuten\" \/>\n<script type=\"application\/ld+json\" class=\"yoast-schema-graph\">{\"@context\":\"https:\/\/schema.org\",\"@graph\":[{\"@type\":\"WebPage\",\"@id\":\"https:\/\/chemsfine.com\/product\/buy-pentedrone-pellets-online\/\",\"url\":\"https:\/\/chemsfine.com\/product\/buy-pentedrone-pellets-online\/\",\"name\":\"Buy Pentedrone Pellets Online | High Quality Research Chemicals\",\"isPartOf\":{\"@id\":\"https:\/\/chemsfine.com\/#website\"},\"primaryImageOfPage\":{\"@id\":\"https:\/\/chemsfine.com\/product\/buy-pentedrone-pellets-online\/#primaryimage\"},\"image\":{\"@id\":\"https:\/\/chemsfine.com\/product\/buy-pentedrone-pellets-online\/#primaryimage\"},\"thumbnailUrl\":\"https:\/\/chemsfine.com\/wp-content\/uploads\/2026\/02\/pentedrone-pellets-for-sale-online-high-grade-chemicals-research-stimulants-2.jpg\",\"datePublished\":\"2026-02-12T09:59:32+00:00\",\"dateModified\":\"2026-03-25T13:28:46+00:00\",\"description\":\"Discover high-purity Pentedrone pellets for sale at chemsfine. Unlock research potential with top-grade chemicals. Buy Pentedrone online today!\",\"breadcrumb\":{\"@id\":\"https:\/\/chemsfine.com\/product\/buy-pentedrone-pellets-online\/#breadcrumb\"},\"inLanguage\":\"de\",\"potentialAction\":[{\"@type\":\"ReadAction\",\"target\":[\"https:\/\/chemsfine.com\/product\/buy-pentedrone-pellets-online\/\"]}]},{\"@type\":\"ImageObject\",\"inLanguage\":\"de\",\"@id\":\"https:\/\/chemsfine.com\/product\/buy-pentedrone-pellets-online\/#primaryimage\",\"url\":\"https:\/\/chemsfine.com\/wp-content\/uploads\/2026\/02\/pentedrone-pellets-for-sale-online-high-grade-chemicals-research-stimulants-2.jpg\",\"contentUrl\":\"https:\/\/chemsfine.com\/wp-content\/uploads\/2026\/02\/pentedrone-pellets-for-sale-online-high-grade-chemicals-research-stimulants-2.jpg\",\"width\":225,\"height\":225},{\"@type\":\"BreadcrumbList\",\"@id\":\"https:\/\/chemsfine.com\/product\/buy-pentedrone-pellets-online\/#breadcrumb\",\"itemListElement\":[{\"@type\":\"ListItem\",\"position\":1,\"name\":\"Home\",\"item\":\"https:\/\/chemsfine.com\/\"},{\"@type\":\"ListItem\",\"position\":2,\"name\":\"Shop\",\"item\":\"https:\/\/chemsfine.com\/shop\/\"},{\"@type\":\"ListItem\",\"position\":3,\"name\":\"Pentedrone Pellets For Sale Online | High Grade Research Chemicals\"}]},{\"@type\":\"WebSite\",\"@id\":\"https:\/\/chemsfine.com\/#website\",\"url\":\"https:\/\/chemsfine.com\/\",\"name\":\"Chemsfine\",\"description\":\"My WordPress Blog\",\"publisher\":{\"@id\":\"https:\/\/chemsfine.com\/#organization\"},\"potentialAction\":[{\"@type\":\"SearchAction\",\"target\":{\"@type\":\"EntryPoint\",\"urlTemplate\":\"https:\/\/chemsfine.com\/?s={search_term_string}\"},\"query-input\":{\"@type\":\"PropertyValueSpecification\",\"valueRequired\":true,\"valueName\":\"search_term_string\"}}],\"inLanguage\":\"de\"},{\"@type\":\"Organization\",\"@id\":\"https:\/\/chemsfine.com\/#organization\",\"name\":\"Chemsfine\",\"url\":\"https:\/\/chemsfine.com\/\",\"logo\":{\"@type\":\"ImageObject\",\"inLanguage\":\"de\",\"@id\":\"https:\/\/chemsfine.com\/#\/schema\/logo\/image\/\",\"url\":\"https:\/\/chemsfine.com\/wp-content\/uploads\/2024\/09\/final-logo.png\",\"contentUrl\":\"https:\/\/chemsfine.com\/wp-content\/uploads\/2024\/09\/final-logo.png\",\"width\":340,\"height\":72,\"caption\":\"Chemsfine\"},\"image\":{\"@id\":\"https:\/\/chemsfine.com\/#\/schema\/logo\/image\/\"}}]}<\/script>\n<!-- \/ Yoast SEO plugin. -->","yoast_head_json":{"title":"Pentedrone Pellets online kaufen | Hochwertige Forschungschemikalien","description":"Entdecken Sie hochreine Pentedrone-Pellets zum Verkauf bei chemsfine. Erschlie\u00dfen Sie das Forschungspotenzial mit erstklassigen Chemikalien. Kaufen Sie Pentedrone noch heute online!","robots":{"index":"index","follow":"follow","max-snippet":"max-snippet:-1","max-image-preview":"max-image-preview:large","max-video-preview":"max-video-preview:-1"},"canonical":"https:\/\/chemsfine.com\/de\/produkt\/buy-pentedrone-pellets-online\/","og_locale":"de_DE","og_type":"article","og_title":"Buy Pentedrone Pellets Online | High Quality Research Chemicals","og_description":"Discover high-purity Pentedrone pellets for sale at chemsfine. Unlock research potential with top-grade chemicals. Buy Pentedrone online today!","og_url":"https:\/\/chemsfine.com\/de\/produkt\/buy-pentedrone-pellets-online\/","og_site_name":"Chemsfine","article_modified_time":"2026-03-25T13:28:46+00:00","og_image":[{"width":225,"height":225,"url":"https:\/\/chemsfine.com\/wp-content\/uploads\/2026\/02\/pentedrone-pellets-for-sale-online-high-grade-chemicals-research-stimulants-2.jpg","type":"image\/jpeg"}],"twitter_card":"summary_large_image","twitter_misc":{"Gesch\u00e4tzte Lesezeit":"5\u00a0Minuten"},"schema":{"@context":"https:\/\/schema.org","@graph":[{"@type":"WebPage","@id":"https:\/\/chemsfine.com\/product\/buy-pentedrone-pellets-online\/","url":"https:\/\/chemsfine.com\/product\/buy-pentedrone-pellets-online\/","name":"Pentedrone Pellets online kaufen | Hochwertige Forschungschemikalien","isPartOf":{"@id":"https:\/\/chemsfine.com\/#website"},"primaryImageOfPage":{"@id":"https:\/\/chemsfine.com\/product\/buy-pentedrone-pellets-online\/#primaryimage"},"image":{"@id":"https:\/\/chemsfine.com\/product\/buy-pentedrone-pellets-online\/#primaryimage"},"thumbnailUrl":"https:\/\/chemsfine.com\/wp-content\/uploads\/2026\/02\/pentedrone-pellets-for-sale-online-high-grade-chemicals-research-stimulants-2.jpg","datePublished":"2026-02-12T09:59:32+00:00","dateModified":"2026-03-25T13:28:46+00:00","description":"Entdecken Sie hochreine Pentedrone-Pellets zum Verkauf bei chemsfine. Erschlie\u00dfen Sie das Forschungspotenzial mit erstklassigen Chemikalien. Kaufen Sie Pentedrone noch heute online!","breadcrumb":{"@id":"https:\/\/chemsfine.com\/product\/buy-pentedrone-pellets-online\/#breadcrumb"},"inLanguage":"de","potentialAction":[{"@type":"ReadAction","target":["https:\/\/chemsfine.com\/product\/buy-pentedrone-pellets-online\/"]}]},{"@type":"ImageObject","inLanguage":"de","@id":"https:\/\/chemsfine.com\/product\/buy-pentedrone-pellets-online\/#primaryimage","url":"https:\/\/chemsfine.com\/wp-content\/uploads\/2026\/02\/pentedrone-pellets-for-sale-online-high-grade-chemicals-research-stimulants-2.jpg","contentUrl":"https:\/\/chemsfine.com\/wp-content\/uploads\/2026\/02\/pentedrone-pellets-for-sale-online-high-grade-chemicals-research-stimulants-2.jpg","width":225,"height":225},{"@type":"BreadcrumbList","@id":"https:\/\/chemsfine.com\/product\/buy-pentedrone-pellets-online\/#breadcrumb","itemListElement":[{"@type":"ListItem","position":1,"name":"Home","item":"https:\/\/chemsfine.com\/"},{"@type":"ListItem","position":2,"name":"Shop","item":"https:\/\/chemsfine.com\/shop\/"},{"@type":"ListItem","position":3,"name":"Pentedrone Pellets For Sale Online | High Grade Research Chemicals"}]},{"@type":"WebSite","@id":"https:\/\/chemsfine.com\/#website","url":"https:\/\/chemsfine.com\/","name":"Chemsfine","description":"Mein WordPress-Blog","publisher":{"@id":"https:\/\/chemsfine.com\/#organization"},"potentialAction":[{"@type":"SearchAction","target":{"@type":"EntryPoint","urlTemplate":"https:\/\/chemsfine.com\/?s={search_term_string}"},"query-input":{"@type":"PropertyValueSpecification","valueRequired":true,"valueName":"search_term_string"}}],"inLanguage":"de"},{"@type":"Organization","@id":"https:\/\/chemsfine.com\/#organization","name":"Chemsfine","url":"https:\/\/chemsfine.com\/","logo":{"@type":"ImageObject","inLanguage":"de","@id":"https:\/\/chemsfine.com\/#\/schema\/logo\/image\/","url":"https:\/\/chemsfine.com\/wp-content\/uploads\/2024\/09\/final-logo.png","contentUrl":"https:\/\/chemsfine.com\/wp-content\/uploads\/2024\/09\/final-logo.png","width":340,"height":72,"caption":"Chemsfine"},"image":{"@id":"https:\/\/chemsfine.com\/#\/schema\/logo\/image\/"}}]}},"_links":{"self":[{"href":"https:\/\/chemsfine.com\/de\/wp-json\/wp\/v2\/product\/6196","targetHints":{"allow":["GET"]}}],"collection":[{"href":"https:\/\/chemsfine.com\/de\/wp-json\/wp\/v2\/product"}],"about":[{"href":"https:\/\/chemsfine.com\/de\/wp-json\/wp\/v2\/types\/product"}],"replies":[{"embeddable":true,"href":"https:\/\/chemsfine.com\/de\/wp-json\/wp\/v2\/comments?post=6196"}],"wp:featuredmedia":[{"embeddable":true,"href":"https:\/\/chemsfine.com\/de\/wp-json\/wp\/v2\/media\/6253"}],"wp:attachment":[{"href":"https:\/\/chemsfine.com\/de\/wp-json\/wp\/v2\/media?parent=6196"}],"wp:term":[{"taxonomy":"product_brand","embeddable":true,"href":"https:\/\/chemsfine.com\/de\/wp-json\/wp\/v2\/product_brand?post=6196"},{"taxonomy":"product_cat","embeddable":true,"href":"https:\/\/chemsfine.com\/de\/wp-json\/wp\/v2\/product_cat?post=6196"},{"taxonomy":"product_tag","embeddable":true,"href":"https:\/\/chemsfine.com\/de\/wp-json\/wp\/v2\/product_tag?post=6196"}],"curies":[{"name":"wp","href":"https:\/\/api.w.org\/{rel}","templated":true}]}}