{"id":6345,"date":"2026-02-12T10:03:14","date_gmt":"2026-02-12T10:03:14","guid":{"rendered":"https:\/\/chemsfine.com\/?post_type=product&#038;p=6345"},"modified":"2026-03-25T13:12:22","modified_gmt":"2026-03-25T13:12:22","slug":"buy-ambien-insomnia-treatment","status":"publish","type":"product","link":"https:\/\/chemsfine.com\/de\/product\/buy-ambien-insomnia-treatment\/","title":{"rendered":"Kaufen Ambien 10mg Pillen Online f\u00fcr Schlaflosigkeit Behandlung"},"content":{"rendered":"<p>Wenn Sie danach streben <b>Kaufen Ambien 10mg Pillen zu verkaufen<\/b>, Chemsfine bietet eine zuverl\u00e4ssige und professionelle Plattform. Ambien 10mg, ein essentielles Medikament, wird speziell zur Behandlung von anhaltenden Schlafst\u00f6rungen eingesetzt und bietet eine deutliche Erleichterung f\u00fcr diejenigen, die mit unruhigen N\u00e4chten zu k\u00e4mpfen haben. Die sofortige Entladung Tablette ist fachm\u00e4nnisch formuliert, um Ihnen zu helfen, effizient weg zu nicken, wenn Sie zum ersten Mal zu Bett gehen, um einen schnellen \u00dcbergang in einen erholsamen Schlaf-Zyklus zu gew\u00e4hrleisten. Unser Engagement f\u00fcr Qualit\u00e4t gew\u00e4hrleistet, dass Sie authentische Produkte erhalten, die f\u00fcr eine optimale Wirksamkeit entwickelt wurden. Wir bei Chemsfine wissen, wie wichtig es ist, dass Sie zug\u00e4ngliche, qualitativ hochwertige pharmazeutische Produkte f\u00fcr die Behandlung von Krankheiten erhalten, und bieten Ihnen einen sicheren und diskreten Online-Einkauf.<\/p>\n<h2>Was ist Ambien 10mg?<\/h2>\n<p>Ambien 10mg, allgemein bekannt unter seinem Wirkstoff Zolpidem Tartrat, ist ein starkes Beruhigungsmittel und Hypnotikum. Es wirkt durch die Beeinflussung von Chemikalien im Gehirn, die bei Menschen mit Schlafproblemen unausgewogen sein k\u00f6nnen, und f\u00f6rdert so den Schlafbeginn. Als einer der f\u00fchrenden Anbieter bietet Chemsfine <b>Top Qualit\u00e4t Ambien 10mg<\/b>, Dadurch wird sichergestellt, dass jede Pille strengen Qualit\u00e4tskontrollstandards entspricht. Dieses Medikament wird in erster Linie f\u00fcr die kurzfristige Behandlung von Schlaflosigkeit verschrieben, insbesondere f\u00fcr Personen, die Schwierigkeiten haben, den Schlaf einzuleiten. Es wirkt schnell und hilft den Anwendern, schneller einzuschlafen und bietet einen Weg zu besserer n\u00e4chtlicher Erholung.<\/p>\n<h3>Produktspezifikationen:<\/h3>\n<table>\n<thead>\n<tr>\n<th>Merkmal<\/th>\n<th>Einzelheiten<\/th>\n<\/tr>\n<\/thead>\n<tbody>\n<tr>\n<td>Produktname<\/td>\n<td>Ambien 10mg Pillen<\/td>\n<\/tr>\n<tr>\n<td>Aktiver Inhaltsstoff<\/td>\n<td>Zolpidem-Tartrat<\/td>\n<\/tr>\n<tr>\n<td>Prim\u00e4re Verwendung<\/td>\n<td>Behandlung von Schlaflosigkeit<\/td>\n<\/tr>\n<tr>\n<td>Dosierungsform<\/td>\n<td>Tablette mit sofortiger Wirkung<\/td>\n<\/tr>\n<tr>\n<td>Preis Modell<\/td>\n<td>Pro Pille<\/td>\n<\/tr>\n<tr>\n<td>Mindestbestellung<\/td>\n<td>50 Pillen<\/td>\n<\/tr>\n<\/tbody>\n<\/table>\n<p>Jede Ambien 10mg Pille wird f\u00fcr eine konsistente Lieferung und zuverl\u00e4ssige Ergebnisse hergestellt. Mit einer Mindestbestellmenge von 50 Tabletten bieten wir Personen, die einen konstanten Vorrat f\u00fcr die kontinuierliche Behandlung ihrer Schlafst\u00f6rung ben\u00f6tigen. Wenn Sie auf der Suche nach anderen hochwertigen chemischen L\u00f6sungen sind, sollten Sie sich auch unsere Produktpalette ansehen, wie z. B. <b><a href=\"https:\/\/chemsfine.com\/de\/produkt\/6clbca-online-kaufen\/\">6CLBCA online kaufen<\/a><\/b> f\u00fcr spezielle Anwendungen.<\/p>\n<h2>Warum Ambien 10mg Online von Chemsfine kaufen?<\/h2>\n<p>Wenn Sie sich f\u00fcr Chemsfine entscheiden, um Ambien 10mg zu kaufen, entscheiden Sie sich f\u00fcr einen unvergleichlichen Service und Produktintegrit\u00e4t. Wir widmen uns der Bereitstellung der <b>Bestes Ambien 10mg verf\u00fcgbar<\/b>, die sich auf eine transparente Beschaffung und strenge Qualit\u00e4tskontrollen st\u00fctzen. Unsere Plattform legt gro\u00dfen Wert auf den Datenschutz und die Sicherheit unserer Kunden und bietet einen nahtlosen und diskreten Einkaufsprozess. Wir stellen sicher, dass jede Transaktion professionell abgewickelt wird, und bieten eine klare Kommunikation und zuverl\u00e4ssige Lieferdienste. Dar\u00fcber hinaus macht unsere wettbewerbsf\u00e4hige Preisstruktur eine wirksame Behandlung von Schlaflosigkeit f\u00fcr jedermann zug\u00e4nglich, ohne Kompromisse bei der Produktqualit\u00e4t oder Sicherheit einzugehen. Vertrauen Sie darauf, dass Chemsfine Ihre erste Anlaufstelle f\u00fcr pharmazeutische Produkte ist.<\/p>\n<h2>Anwendungen von Ambien 10mg<\/h2>\n<p>Ambien 10mg spielt eine wichtige Rolle bei der Behandlung von Schlafst\u00f6rungen, insbesondere bei akuter oder chronischer Schlaflosigkeit. Seine wichtigsten Anwendungen sind:<\/p>\n<ul>\n<li>Erleichterung des schnellen Einschlafens bei Personen mit Einschlafproblemen.<\/li>\n<li>Kurzzeitige Behandlung von Schlaflosigkeit, Verbesserung der allgemeinen Schlafqualit\u00e4t.<\/li>\n<li>Hilfe bei der Erreichung eines regelm\u00e4\u00dfigeren und erholsameren Schlafverhaltens.<\/li>\n<li>Verringerung des n\u00e4chtlichen Erwachens und Verl\u00e4ngerung der Gesamtschlafdauer.<\/li>\n<li>Unterst\u00fctzung der Patienten bei der Anpassung an einen neuen Schlafrhythmus oder eine neue Umgebung.<\/li>\n<\/ul>\n<p>F\u00fcr Personen, die verschiedene komplexe Bed\u00fcrfnisse haben, bietet unser umfangreicher Produktkatalog auch andere hochwertige Pr\u00e4parate wie <b><a href=\"https:\/\/chemsfine.com\/de\/produkt\/5f-adb-online-kaufen\/\">5F ADB online kaufen<\/a><\/b>, Damit wird sichergestellt, dass ein breites Spektrum von Anforderungen mit zertifizierter Qualit\u00e4t erf\u00fcllt wird.<\/p>\n<h2>Sicherheit und Konformit\u00e4t f\u00fcr Ambien 10mg<\/h2>\n<p>Wenn Sie Ambien 10mg in Betracht ziehen, ist ein verantwortungsvoller Gebrauch von gr\u00f6\u00dfter Bedeutung. Es ist wichtig, dass Sie dieses Medikament genau so verwenden, wie es Ihnen von einem Arzt verschrieben wurde und dass Sie sich an die empfohlenen Dosierungen halten. Chemsfine verpflichtet sich, Produkte zu liefern, die den strengen Industriestandards f\u00fcr Qualit\u00e4t und Sicherheit entsprechen. Wir setzen uns f\u00fcr eine informierte Anwendung ein und empfehlen, alle verf\u00fcgbaren Produktinformationen, einschlie\u00dflich m\u00f6glicher Neben- und Wechselwirkungen, zu lesen. Um die Wirksamkeit zu erhalten, wird eine sachgem\u00e4\u00dfe Lagerung in einer kontrollierten Umgebung, gesch\u00fctzt vor Licht und Feuchtigkeit, empfohlen. Wir sorgen f\u00fcr die Einhaltung der einschl\u00e4gigen Vorschriften und bieten einen sicheren Beschaffungskanal f\u00fcr wichtige Medikamente.<\/p>\n<h2>Warum w\u00e4hlen Sie Chemsfine f\u00fcr Ihr Ambien 10mg?<\/h2>\n<p>Wir von Chemsfine zeichnen uns durch transparente Details, gepr\u00fcfte Chargenprotokolle und wettbewerbsf\u00e4hige Preise aus und sind damit die ideale Wahl, wenn Sie Folgendes ben\u00f6tigen <b>Ambien 10mg Online bestellen<\/b>. Wir stellen umfassende Produktinformationen zur Verf\u00fcgung, damit Sie fundierte Entscheidungen treffen k\u00f6nnen. Unser optimierter Bestellprozess und unser zuverl\u00e4ssiger Kundensupport sorgen f\u00fcr eine problemlose Erfahrung von der Auswahl bis zur Lieferung. Wir stehen f\u00fcr die Reinheit und Wirksamkeit unserer Ambien 10mg Pillen ein und sind bestrebt, die Erwartungen unserer Kunden bei jeder Bestellung zu \u00fcbertreffen. Ihre Zufriedenheit und Ihr Wohlbefinden haben f\u00fcr uns oberste Priorit\u00e4t, um eine zuverl\u00e4ssige Lieferkette f\u00fcr Ihren Medikamentenbedarf zu gew\u00e4hrleisten.<\/p>\n<h2>Schlussfolgerung<\/h2>\n<p>F\u00fcr diejenigen, die wirksame Hilfe bei Schlaflosigkeit suchen, bietet Chemsfine einen zuverl\u00e4ssigen Weg zu <b>Kaufen Ambien 10mg Pillen zu verkaufen<\/b>. Unser Engagement f\u00fcr Qualit\u00e4t, Sicherheit und Kundenzufriedenheit stellt sicher, dass Sie echte Ambien 10mg Pillen erhalten, die Ihnen helfen, den erholsamen Schlaf zu erreichen, den Sie verdienen. Entdecken Sie unser Angebot an Premium-Produkten und erleben Sie den Komfort und die Zuverl\u00e4ssigkeit des Kaufs bei einem seri\u00f6sen Online-Anbieter. Gewinnen Sie die Kontrolle \u00fcber Ihre Schlafgewohnheiten zur\u00fcck und genie\u00dfen Sie ein ges\u00fcnderes, ausgeruhteres Leben mit hochwertigem Ambien 10mg von Chemsfine.<\/p>","protected":false},"excerpt":{"rendered":"<p>Auf der Suche nach <b>Ambien 10mg kaufen<\/b>? Diese Tabletten mit sofortiger Wirkstofffreisetzung wurden von Experten entwickelt, um Ihnen bei der \u00dcberwindung von Schlaflosigkeit zu helfen und sicherzustellen, dass Sie schnell einschlafen und eine erholsame Nachtruhe genie\u00dfen. Sichern Sie sich Ihren Vorrat an Ambien 10mg in Top-Qualit\u00e4t exklusiv bei chemsfine, Ihrer vertrauensw\u00fcrdigen Quelle f\u00fcr wichtige Medikamente. Erleben Sie eine unvergleichliche Schlafunterst\u00fctzung.<\/p>","protected":false},"featured_media":6385,"comment_status":"open","ping_status":"closed","template":"","meta":{"_joinchat":[]},"product_brand":[],"product_cat":[946],"product_tag":[],"class_list":{"0":"post-6345","1":"product","2":"type-product","3":"status-publish","4":"has-post-thumbnail","6":"product_cat-pain-sleeping-sex-pills","8":"first","9":"instock","10":"shipping-taxable","11":"purchasable","12":"product-type-variable"},"yoast_head":"<!-- This site is optimized with the Yoast SEO plugin v27.2 - https:\/\/yoast.com\/product\/yoast-seo-wordpress\/ -->\n<title>Buy Ambien 10mg Pills Online - Best Price Available at Chemsfine<\/title>\n<meta name=\"description\" content=\"Discover where to buy Ambien 10mg pills online. Effectively treat insomnia and achieve restful sleep. Find high-quality Ambien at competitive prices on Chemsfine today!\" \/>\n<meta name=\"robots\" content=\"index, follow, max-snippet:-1, max-image-preview:large, max-video-preview:-1\" \/>\n<link rel=\"canonical\" href=\"https:\/\/chemsfine.com\/de\/produkt\/buy-ambien-insomnia-treatment\/\" \/>\n<meta property=\"og:locale\" content=\"de_DE\" \/>\n<meta property=\"og:type\" content=\"article\" \/>\n<meta property=\"og:title\" content=\"Buy Ambien 10mg Pills Online - Best Price Available at Chemsfine\" \/>\n<meta property=\"og:description\" content=\"Discover where to buy Ambien 10mg pills online. Effectively treat insomnia and achieve restful sleep. Find high-quality Ambien at competitive prices on Chemsfine today!\" \/>\n<meta property=\"og:url\" content=\"https:\/\/chemsfine.com\/de\/produkt\/buy-ambien-insomnia-treatment\/\" \/>\n<meta property=\"og:site_name\" content=\"Chemsfine\" \/>\n<meta property=\"article:modified_time\" content=\"2026-03-25T13:12:22+00:00\" \/>\n<meta property=\"og:image\" content=\"https:\/\/chemsfine.com\/wp-content\/uploads\/2026\/02\/buy-ambien-10mg-pills-online-3.jpg\" \/>\n\t<meta property=\"og:image:width\" content=\"600\" \/>\n\t<meta property=\"og:image:height\" content=\"600\" \/>\n\t<meta property=\"og:image:type\" content=\"image\/jpeg\" \/>\n<meta name=\"twitter:card\" content=\"summary_large_image\" \/>\n<meta name=\"twitter:label1\" content=\"Gesch\u00e4tzte Lesezeit\" \/>\n\t<meta name=\"twitter:data1\" content=\"4\u00a0Minuten\" \/>\n<script type=\"application\/ld+json\" class=\"yoast-schema-graph\">{\"@context\":\"https:\/\/schema.org\",\"@graph\":[{\"@type\":\"WebPage\",\"@id\":\"https:\/\/chemsfine.com\/product\/buy-ambien-insomnia-treatment\/\",\"url\":\"https:\/\/chemsfine.com\/product\/buy-ambien-insomnia-treatment\/\",\"name\":\"Buy Ambien 10mg Pills Online - Best Price Available at Chemsfine\",\"isPartOf\":{\"@id\":\"https:\/\/chemsfine.com\/#website\"},\"primaryImageOfPage\":{\"@id\":\"https:\/\/chemsfine.com\/product\/buy-ambien-insomnia-treatment\/#primaryimage\"},\"image\":{\"@id\":\"https:\/\/chemsfine.com\/product\/buy-ambien-insomnia-treatment\/#primaryimage\"},\"thumbnailUrl\":\"https:\/\/chemsfine.com\/wp-content\/uploads\/2026\/02\/buy-ambien-10mg-pills-online-3.jpg\",\"datePublished\":\"2026-02-12T10:03:14+00:00\",\"dateModified\":\"2026-03-25T13:12:22+00:00\",\"description\":\"Discover where to buy Ambien 10mg pills online. Effectively treat insomnia and achieve restful sleep. Find high-quality Ambien at competitive prices on Chemsfine today!\",\"breadcrumb\":{\"@id\":\"https:\/\/chemsfine.com\/product\/buy-ambien-insomnia-treatment\/#breadcrumb\"},\"inLanguage\":\"de\",\"potentialAction\":[{\"@type\":\"ReadAction\",\"target\":[\"https:\/\/chemsfine.com\/product\/buy-ambien-insomnia-treatment\/\"]}]},{\"@type\":\"ImageObject\",\"inLanguage\":\"de\",\"@id\":\"https:\/\/chemsfine.com\/product\/buy-ambien-insomnia-treatment\/#primaryimage\",\"url\":\"https:\/\/chemsfine.com\/wp-content\/uploads\/2026\/02\/buy-ambien-10mg-pills-online-3.jpg\",\"contentUrl\":\"https:\/\/chemsfine.com\/wp-content\/uploads\/2026\/02\/buy-ambien-10mg-pills-online-3.jpg\",\"width\":600,\"height\":600},{\"@type\":\"BreadcrumbList\",\"@id\":\"https:\/\/chemsfine.com\/product\/buy-ambien-insomnia-treatment\/#breadcrumb\",\"itemListElement\":[{\"@type\":\"ListItem\",\"position\":1,\"name\":\"Home\",\"item\":\"https:\/\/chemsfine.com\/\"},{\"@type\":\"ListItem\",\"position\":2,\"name\":\"Shop\",\"item\":\"https:\/\/chemsfine.com\/shop\/\"},{\"@type\":\"ListItem\",\"position\":3,\"name\":\"Buy Ambien 10mg Pills Online for Insomnia Treatment\"}]},{\"@type\":\"WebSite\",\"@id\":\"https:\/\/chemsfine.com\/#website\",\"url\":\"https:\/\/chemsfine.com\/\",\"name\":\"Chemsfine\",\"description\":\"My WordPress Blog\",\"publisher\":{\"@id\":\"https:\/\/chemsfine.com\/#organization\"},\"potentialAction\":[{\"@type\":\"SearchAction\",\"target\":{\"@type\":\"EntryPoint\",\"urlTemplate\":\"https:\/\/chemsfine.com\/?s={search_term_string}\"},\"query-input\":{\"@type\":\"PropertyValueSpecification\",\"valueRequired\":true,\"valueName\":\"search_term_string\"}}],\"inLanguage\":\"de\"},{\"@type\":\"Organization\",\"@id\":\"https:\/\/chemsfine.com\/#organization\",\"name\":\"Chemsfine\",\"url\":\"https:\/\/chemsfine.com\/\",\"logo\":{\"@type\":\"ImageObject\",\"inLanguage\":\"de\",\"@id\":\"https:\/\/chemsfine.com\/#\/schema\/logo\/image\/\",\"url\":\"https:\/\/chemsfine.com\/wp-content\/uploads\/2024\/09\/final-logo.png\",\"contentUrl\":\"https:\/\/chemsfine.com\/wp-content\/uploads\/2024\/09\/final-logo.png\",\"width\":340,\"height\":72,\"caption\":\"Chemsfine\"},\"image\":{\"@id\":\"https:\/\/chemsfine.com\/#\/schema\/logo\/image\/\"}}]}<\/script>\n<!-- \/ Yoast SEO plugin. -->","yoast_head_json":{"title":"Kaufen Ambien 10mg Pillen Online - Besten Preis verf\u00fcgbar bei Chemsfine","description":"Entdecken Sie, wo Sie Ambien 10mg Pillen online kaufen k\u00f6nnen. Behandeln Sie wirksam Schlaflosigkeit und erreichen Sie einen erholsamen Schlaf. Finden Sie hochwertige Ambien zu wettbewerbsf\u00e4higen Preisen auf Chemsfine heute!","robots":{"index":"index","follow":"follow","max-snippet":"max-snippet:-1","max-image-preview":"max-image-preview:large","max-video-preview":"max-video-preview:-1"},"canonical":"https:\/\/chemsfine.com\/de\/produkt\/buy-ambien-insomnia-treatment\/","og_locale":"de_DE","og_type":"article","og_title":"Buy Ambien 10mg Pills Online - Best Price Available at Chemsfine","og_description":"Discover where to buy Ambien 10mg pills online. Effectively treat insomnia and achieve restful sleep. Find high-quality Ambien at competitive prices on Chemsfine today!","og_url":"https:\/\/chemsfine.com\/de\/produkt\/buy-ambien-insomnia-treatment\/","og_site_name":"Chemsfine","article_modified_time":"2026-03-25T13:12:22+00:00","og_image":[{"width":600,"height":600,"url":"https:\/\/chemsfine.com\/wp-content\/uploads\/2026\/02\/buy-ambien-10mg-pills-online-3.jpg","type":"image\/jpeg"}],"twitter_card":"summary_large_image","twitter_misc":{"Gesch\u00e4tzte Lesezeit":"4\u00a0Minuten"},"schema":{"@context":"https:\/\/schema.org","@graph":[{"@type":"WebPage","@id":"https:\/\/chemsfine.com\/product\/buy-ambien-insomnia-treatment\/","url":"https:\/\/chemsfine.com\/product\/buy-ambien-insomnia-treatment\/","name":"Kaufen Ambien 10mg Pillen Online - Besten Preis verf\u00fcgbar bei Chemsfine","isPartOf":{"@id":"https:\/\/chemsfine.com\/#website"},"primaryImageOfPage":{"@id":"https:\/\/chemsfine.com\/product\/buy-ambien-insomnia-treatment\/#primaryimage"},"image":{"@id":"https:\/\/chemsfine.com\/product\/buy-ambien-insomnia-treatment\/#primaryimage"},"thumbnailUrl":"https:\/\/chemsfine.com\/wp-content\/uploads\/2026\/02\/buy-ambien-10mg-pills-online-3.jpg","datePublished":"2026-02-12T10:03:14+00:00","dateModified":"2026-03-25T13:12:22+00:00","description":"Entdecken Sie, wo Sie Ambien 10mg Pillen online kaufen k\u00f6nnen. Behandeln Sie wirksam Schlaflosigkeit und erreichen Sie einen erholsamen Schlaf. Finden Sie hochwertige Ambien zu wettbewerbsf\u00e4higen Preisen auf Chemsfine heute!","breadcrumb":{"@id":"https:\/\/chemsfine.com\/product\/buy-ambien-insomnia-treatment\/#breadcrumb"},"inLanguage":"de","potentialAction":[{"@type":"ReadAction","target":["https:\/\/chemsfine.com\/product\/buy-ambien-insomnia-treatment\/"]}]},{"@type":"ImageObject","inLanguage":"de","@id":"https:\/\/chemsfine.com\/product\/buy-ambien-insomnia-treatment\/#primaryimage","url":"https:\/\/chemsfine.com\/wp-content\/uploads\/2026\/02\/buy-ambien-10mg-pills-online-3.jpg","contentUrl":"https:\/\/chemsfine.com\/wp-content\/uploads\/2026\/02\/buy-ambien-10mg-pills-online-3.jpg","width":600,"height":600},{"@type":"BreadcrumbList","@id":"https:\/\/chemsfine.com\/product\/buy-ambien-insomnia-treatment\/#breadcrumb","itemListElement":[{"@type":"ListItem","position":1,"name":"Home","item":"https:\/\/chemsfine.com\/"},{"@type":"ListItem","position":2,"name":"Shop","item":"https:\/\/chemsfine.com\/shop\/"},{"@type":"ListItem","position":3,"name":"Buy Ambien 10mg Pills Online for Insomnia Treatment"}]},{"@type":"WebSite","@id":"https:\/\/chemsfine.com\/#website","url":"https:\/\/chemsfine.com\/","name":"Chemsfine","description":"Mein WordPress-Blog","publisher":{"@id":"https:\/\/chemsfine.com\/#organization"},"potentialAction":[{"@type":"SearchAction","target":{"@type":"EntryPoint","urlTemplate":"https:\/\/chemsfine.com\/?s={search_term_string}"},"query-input":{"@type":"PropertyValueSpecification","valueRequired":true,"valueName":"search_term_string"}}],"inLanguage":"de"},{"@type":"Organization","@id":"https:\/\/chemsfine.com\/#organization","name":"Chemsfine","url":"https:\/\/chemsfine.com\/","logo":{"@type":"ImageObject","inLanguage":"de","@id":"https:\/\/chemsfine.com\/#\/schema\/logo\/image\/","url":"https:\/\/chemsfine.com\/wp-content\/uploads\/2024\/09\/final-logo.png","contentUrl":"https:\/\/chemsfine.com\/wp-content\/uploads\/2024\/09\/final-logo.png","width":340,"height":72,"caption":"Chemsfine"},"image":{"@id":"https:\/\/chemsfine.com\/#\/schema\/logo\/image\/"}}]}},"_links":{"self":[{"href":"https:\/\/chemsfine.com\/de\/wp-json\/wp\/v2\/product\/6345","targetHints":{"allow":["GET"]}}],"collection":[{"href":"https:\/\/chemsfine.com\/de\/wp-json\/wp\/v2\/product"}],"about":[{"href":"https:\/\/chemsfine.com\/de\/wp-json\/wp\/v2\/types\/product"}],"replies":[{"embeddable":true,"href":"https:\/\/chemsfine.com\/de\/wp-json\/wp\/v2\/comments?post=6345"}],"wp:featuredmedia":[{"embeddable":true,"href":"https:\/\/chemsfine.com\/de\/wp-json\/wp\/v2\/media\/6385"}],"wp:attachment":[{"href":"https:\/\/chemsfine.com\/de\/wp-json\/wp\/v2\/media?parent=6345"}],"wp:term":[{"taxonomy":"product_brand","embeddable":true,"href":"https:\/\/chemsfine.com\/de\/wp-json\/wp\/v2\/product_brand?post=6345"},{"taxonomy":"product_cat","embeddable":true,"href":"https:\/\/chemsfine.com\/de\/wp-json\/wp\/v2\/product_cat?post=6345"},{"taxonomy":"product_tag","embeddable":true,"href":"https:\/\/chemsfine.com\/de\/wp-json\/wp\/v2\/product_tag?post=6345"}],"curies":[{"name":"wp","href":"https:\/\/api.w.org\/{rel}","templated":true}]}}