{"id":6356,"date":"2026-02-12T10:03:39","date_gmt":"2026-02-12T10:03:39","guid":{"rendered":"https:\/\/chemsfine.com\/?post_type=product&#038;p=6356"},"modified":"2026-03-25T13:12:10","modified_gmt":"2026-03-25T13:12:10","slug":"buy-dextripam-pills-diazepam","status":"publish","type":"product","link":"https:\/\/chemsfine.com\/de\/product\/buy-dextripam-pills-diazepam\/","title":{"rendered":"Dextripam 10mg Pillen online kaufen (Diazepam)"},"content":{"rendered":"<p>Wenn Sie \u00fcberlegen, wo Sie <b>Dextripam 10mg Pillen online kaufen<\/b>, ist es wichtig, eine zuverl\u00e4ssige Quelle zu finden, die Qualit\u00e4t und Diskretion bietet. Dextripam, eine Marke, die Diazepam enth\u00e4lt, ist weithin bekannt f\u00fcr seine therapeutischen Anwendungen. Insbesondere Dextripam 10mg Pillen werden verwendet, um verschiedene medizinische Bedingungen, einschlie\u00dflich schwerer Unruhe St\u00f6rungen, die Verwaltung der schwierigen Anzeichen von Alkohol-Entzug, und die Erleichterung von Muskelkr\u00e4mpfen. Die Nachfrage nach zug\u00e4nglichen und vertrauensw\u00fcrdigen Lieferanten, die <b>Dextripam 10mg Pillen zum Verkauf<\/b> bleibt konstant hoch. Viele Menschen suchen nach <b>Dextripam 10mg online kaufen<\/b> f\u00fcr ihre spezifischen Bed\u00fcrfnisse, da sie wissen, wie wichtig es ist, eine zuverl\u00e4ssige Versorgung zu gew\u00e4hrleisten. In diesem umfassenden Leitfaden erfahren Sie, warum Chemsfine Ihre erste Adresse f\u00fcr den Erwerb dieses Produkts ist und eine nahtlose und sichere Transaktion gew\u00e4hrleistet.<\/p>\n<h2>Was ist Dextripam 10 mg (Diazepam)?<\/h2>\n<p>Dextripam 10mg Pillen enthalten Diazepam, eine gut etablierte Verbindung, die f\u00fcr ihre Wirksamkeit bekannt ist. Als wichtiger pharmazeutischer Wirkstoff wirkt Diazepam in erster Linie durch die Beeinflussung bestimmter Neurotransmitter im Gehirn, was zur Beruhigung des zentralen Nervensystems beitr\u00e4gt. Diese Wirkung ist ausschlaggebend f\u00fcr seine N\u00fctzlichkeit bei der Behandlung von Unruhezust\u00e4nden und seine Rolle bei der Linderung von Alkoholentzugserscheinungen. Die Dosierung von 10 mg gew\u00e4hrleistet eine starke und gleichbleibende Wirkung, was es zu einer bevorzugten Wahl f\u00fcr medizinische Fachkr\u00e4fte und Patienten gleicherma\u00dfen macht. Wenn Sie sich f\u00fcr <b>Dextripam 10mg Pillen kaufen<\/b>, erwerben Sie ein streng formuliertes Produkt, das f\u00fcr best\u00e4ndige therapeutische Ergebnisse entwickelt wurde. Wir stellen sicher, dass unsere Angebote <b>Top Qualit\u00e4t Dextripam 10mg Pillen<\/b>, und erf\u00fcllen strenge Standards f\u00fcr Reinheit und Wirksamkeit. Unser Ziel ist es, Produkte zu liefern, die den Erwartungen sowohl der Verbraucher als auch der Gesundheitsdienstleister entsprechen.<\/p>\n<h2>Warum kaufen Dextripam 10mg Pillen online von Chemsfine?<\/h2>\n<p>Wenn Sie sich f\u00fcr Chemsfine entscheiden, entscheiden Sie sich f\u00fcr Zuverl\u00e4ssigkeit und Vertrauen, wenn Sie beabsichtigen <b>Dextripam 10mg Pillen online kaufen<\/b>. Wir sind stolz darauf, seri\u00f6se Lieferanten zu sein, die hochwertige pharmazeutische Produkte anbieten. Unsere Plattform erm\u00f6glicht Ihnen einen bequemen Zugang zu Dextripam 10mg Pillen zum Verkauf und beseitigt die \u00fcblichen Hindernisse bei der Beschaffung. Wir wissen, wie wichtig ein transparenter und sicherer Einkaufsprozess ist. Unser Engagement f\u00fcr sichere Transaktionen garantiert jedem Kunden die Sicherheit, die er ben\u00f6tigt, um <b>Dextripam 10mg online kaufen<\/b>. Dar\u00fcber hinaus bieten wir wettbewerbsf\u00e4hige Preise und bem\u00fchen uns <b>Beste Dextripam 10mg Pillen verf\u00fcgbar<\/b> f\u00fcr ein breiteres Publikum. Unser Inventar ist immer mit authentischen Dextripam Pillen best\u00fcckt, bereit f\u00fcr den Versand. Wir legen gro\u00dfen Wert auf die Zufriedenheit unserer Kunden, indem wir uns auf exzellenten Service und zuverl\u00e4ssige Produktverf\u00fcgbarkeit konzentrieren. Entdecken Sie unser Angebot an hochwertigen Produkten, darunter auch Spezialartikel wie <a href=\"https:\/\/chemsfine.com\/de\/produkt\/buy-mxipr-online-for-sale\/\">MXiPr zu verkaufen<\/a>, alle mit \u00e4u\u00dferster Sorgfalt und Integrit\u00e4t beschafft.<\/p>\n<h2>Anwendungen von Dextripam 10mg Tabletten<\/h2>\n<p>Die Vielseitigkeit von Dextripam 10mg Pillen, die Diazepam enthalten, macht sie in verschiedenen therapeutischen Zusammenh\u00e4ngen von unsch\u00e4tzbarem Wert. Die prim\u00e4ren Anwendungen ergeben sich aus seinen anxiolytischen, sedierenden, krampfl\u00f6senden und muskelentspannenden Eigenschaften. Einzelpersonen suchen h\u00e4ufig nach <b>Dextripam Pillen online kaufen<\/b> f\u00fcr diese spezifischen Anwendungen. Im Folgenden werden die \u00fcblichen therapeutischen Anwendungen aufgef\u00fchrt:<\/p>\n<ul>\n<li>Linderung von Symptomen, die mit allgemeinem Unwohlsein verbunden sind, und F\u00f6rderung eines Gef\u00fchls der Ruhe.<\/li>\n<li>Behandlung akuter Alkoholentzugsindikationen, um Komplikationen zu vermeiden und Beschwerden zu lindern.<\/li>\n<li>Verringerung von Muskelkr\u00e4mpfen und -spasmen, die h\u00e4ufig durch Verletzungen, neurologische Erkrankungen oder Entz\u00fcndungen verursacht werden.<\/li>\n<li>Als pr\u00e4operatives Beruhigungsmittel zum Abbau von \u00c4ngsten vor medizinischen Eingriffen.<\/li>\n<li>Linderung der Symptome bei verschiedenen krampfartigen Erkrankungen.<\/li>\n<\/ul>\n<p>Wir setzen uns daf\u00fcr ein, dass Sie verantwortungsbewusst und sicher handeln k\u00f6nnen <b>Dextripam 10mg Pillen kaufen<\/b> f\u00fcr den vorgesehenen Verwendungszweck. Wir wissen um die entscheidende Rolle, die diese Pillen bei der Verbesserung des Wohlbefindens spielen. F\u00fcr diejenigen, die andere Pr\u00e4parate f\u00fcr bestimmte Bed\u00fcrfnisse suchen, bieten sich Optionen wie <a href=\"https:\/\/chemsfine.com\/de\/produkt\/buy-alprazolam-xanax-powder-online\/\">Alprazolam Xanax Pulver online<\/a>, auch \u00fcber unsere sichere Plattform erh\u00e4ltlich. Unsere breite Auswahl stellt sicher, dass Sie immer die wesentlichen Verbindungen finden, die Sie ben\u00f6tigen, \u00e4hnlich wie Sie leicht <a href=\"https:\/\/chemsfine.com\/de\/produkt\/buy-mxipr-online-for-sale\/\">andere Forschungschemikalien zum Verkauf finden<\/a> auf unserer Website.<\/p>\n<h2>Bestellung und Einhaltung der Vorschriften f\u00fcr Dextripam 10mg<\/h2>\n<p>Das Verst\u00e4ndnis des Bestellprozesses und der Ma\u00dfnahmen zur Einhaltung der Vorschriften ist entscheidend, wenn Sie sich entscheiden <b>Dextripam 10mg Pillen online kaufen<\/b>. Bei Chemsfine rationalisieren wir den Prozess und halten uns dabei an bew\u00e4hrte Verfahren, um eine sichere Lieferung und eine verantwortungsvolle Beschaffung zu gew\u00e4hrleisten. Wir bieten klare Richtlinien f\u00fcr <b>wie man Dextripam 10mg Pillen bestellt<\/b>, Das macht den Kauf einfach und sicher. Unser Produktpreis ist wie folgt: pro Pille, was eine klare Budgetierung erm\u00f6glicht. Dar\u00fcber hinaus betr\u00e4gt die Mindestbestellmenge: 100 Pillen, was sowohl den individuellen Bed\u00fcrfnissen als auch den Anforderungen an eine kontrollierte Versorgung gerecht wird. Wir stellen sicher, dass unsere Dextripam 10mg Pillen nur \u00fcber geeignete Kan\u00e4le verkauft werden, um Integrit\u00e4t und Sicherheit bei jeder Transaktion zu gew\u00e4hrleisten. Die Rechtm\u00e4\u00dfigkeit des Kaufs von Arzneimitteln kann variieren, aber wir bem\u00fchen uns, transparente und konforme Prozesse anzubieten, die den Kunden helfen, zu verstehen, wie sie Dextripam 10mg Pillen verantwortungsvoll erwerben k\u00f6nnen. Wir raten allen Kunden, sich \u00fcber die \u00f6rtlichen Vorschriften f\u00fcr den Kauf solcher Pr\u00e4parate zu informieren.<\/p>\n<p>Im Folgenden finden Sie die wichtigsten Informationen zum Kauf:<\/p>\n<table>\n<thead>\n<tr>\n<th>Produkt Detail<\/th>\n<th>Spezifikation<\/th>\n<\/tr>\n<\/thead>\n<tbody>\n<tr>\n<td>Produktname<\/td>\n<td>Dextripam 10mg Tabletten (Diazepam)<\/td>\n<\/tr>\n<tr>\n<td>Struktur der Preisgestaltung<\/td>\n<td>Pro Pille<\/td>\n<\/tr>\n<tr>\n<td>Mindestbestellmenge (MOQ)<\/td>\n<td>100 Pillen<\/td>\n<\/tr>\n<tr>\n<td>Verf\u00fcgbarkeit<\/td>\n<td>Online zu verkaufen<\/td>\n<\/tr>\n<tr>\n<td>Qualit\u00e4tssicherung<\/td>\n<td>Authentisch und hohe Reinheit<\/td>\n<\/tr>\n<\/tbody>\n<\/table>\n<h2>Warum w\u00e4hlen Sie Chemsfine f\u00fcr Ihren Bedarf an Dextripam 10mg?<\/h2>\n<p>Auf der Suche nach einem vertrauensw\u00fcrdigen Lieferanten ist die Wahl klar. Chemsfine ist Ihre ultimative Anlaufstelle f\u00fcr <b>Dextripam 10mg Pillen online bestellen<\/b>. Wir zeichnen uns durch eine konsequente Verpflichtung zu Qualit\u00e4t, Sicherheit und Kundenzufriedenheit aus. Wir garantieren, dass Sie bei Ihrer Entscheidung f\u00fcr <b>Dextripam Pillen online kaufen<\/b> von uns, erhalten Sie ein authentisches Produkt. Unsere strenge Qualit\u00e4tskontrolle stellt sicher, dass jede Charge von Dextripam 10mg Pillen die h\u00f6chsten Industriestandards erf\u00fcllt. Wir glauben an transparente Details und stellen alle notwendigen Informationen \u00fcber das Produkt und unsere Dienstleistungen zur Verf\u00fcgung. Unsere wettbewerbsf\u00e4hige Preisgestaltung stellt sicher, dass Sie ein hervorragendes Preis-Leistungs-Verh\u00e4ltnis erhalten, ohne Kompromisse bei der Qualit\u00e4t oder Sicherheit einzugehen. Wir sind zuverl\u00e4ssige Lieferanten, die sich darauf konzentrieren, Ihnen jedes Mal eine sichere Kauferfahrung zu bieten. Die Bequemlichkeit, mit der Sie <b>Dextripam 10mg online kaufen<\/b> mit Vertrauen ist ein Eckpfeiler unserer Dienstleistung.<\/p>\n<h2>Schlussfolgerung<\/h2>\n<p>Zusammenfassend l\u00e4sst sich sagen, dass, wenn Sie <b>kaufen Dextripam 10mg Pillen zum Verkauf<\/b>, Chemsfine bietet ein unvergleichliches Einkaufserlebnis. Unser Engagement f\u00fcr die Bereitstellung von qualitativ hochwertigen Dextripam 10mg Pillen, gepaart mit unserem Schwerpunkt auf sicheren Einkauf und Kundenbetreuung, macht uns die ideale Wahl. Ob bei Unruhezust\u00e4nden, Alkoholentzug oder Muskelkr\u00e4mpfen, Dextripam 10mg (Diazepam) bleibt ein wichtiges Produkt. Sie k\u00f6nnen immer noch Dextripam 10mg Pillen durch unsere sichere Online-Plattform erhalten. Machen Sie Chemsfine zu Ihrem vertrauensw\u00fcrdigen Partner f\u00fcr alle Ihre Dextripam 10mg Bed\u00fcrfnisse, und erleben Sie die Bequemlichkeit, dieses wichtige Produkt mit Vertrauen und Leichtigkeit zu erhalten. Wir verpflichten uns, Ihre F\u00e4higkeit zu erleichtern <b>Dextripam 10mg Pillen online kaufen<\/b> verantwortungsbewusst und effizient.<\/p>","protected":false},"excerpt":{"rendered":"<p>Dextripam 10mg, das Diazepam enth\u00e4lt, wird h\u00e4ufig zur Behandlung von Angstzust\u00e4nden, zur Linderung von Alkoholentzugssymptomen und zur Entspannung von Muskelkr\u00e4mpfen eingesetzt. Wenn Sie danach streben <b>Dextripam kaufen<\/b> f\u00fcr diese indizierten Verwendungen gibt es bei chemsfine vertrauensw\u00fcrdige Optionen. Dieses Produkt bietet eine wirksame Unterst\u00fctzung f\u00fcr spezifische therapeutische Bed\u00fcrfnisse.<\/p>","protected":false},"featured_media":6401,"comment_status":"open","ping_status":"closed","template":"","meta":{"_joinchat":[]},"product_brand":[],"product_cat":[946],"product_tag":[],"class_list":{"0":"post-6356","1":"product","2":"type-product","3":"status-publish","4":"has-post-thumbnail","6":"product_cat-pain-sleeping-sex-pills","8":"first","9":"instock","10":"shipping-taxable","11":"purchasable","12":"product-type-variable"},"yoast_head":"<!-- This site is optimized with the Yoast SEO plugin v27.2 - https:\/\/yoast.com\/product\/yoast-seo-wordpress\/ -->\n<title>Buy Dextripam 10mg Pills Online | Best Price Available<\/title>\n<meta name=\"description\" content=\"Buy Dextripam 10mg pills online (Diazepam) for anxiety, withdrawal, or muscle spasms. Securely order high-quality Dextripam 10mg pills available at competitive prices.\" \/>\n<meta name=\"robots\" content=\"index, follow, max-snippet:-1, max-image-preview:large, max-video-preview:-1\" \/>\n<link rel=\"canonical\" href=\"https:\/\/chemsfine.com\/de\/produkt\/buy-dextripam-pills-diazepam\/\" \/>\n<meta property=\"og:locale\" content=\"de_DE\" \/>\n<meta property=\"og:type\" content=\"article\" \/>\n<meta property=\"og:title\" content=\"Buy Dextripam 10mg Pills Online | Best Price Available\" \/>\n<meta property=\"og:description\" content=\"Buy Dextripam 10mg pills online (Diazepam) for anxiety, withdrawal, or muscle spasms. Securely order high-quality Dextripam 10mg pills available at competitive prices.\" \/>\n<meta property=\"og:url\" content=\"https:\/\/chemsfine.com\/de\/produkt\/buy-dextripam-pills-diazepam\/\" \/>\n<meta property=\"og:site_name\" content=\"Chemsfine\" \/>\n<meta property=\"article:modified_time\" content=\"2026-03-25T13:12:10+00:00\" \/>\n<meta property=\"og:image\" content=\"https:\/\/chemsfine.com\/wp-content\/uploads\/2026\/02\/buy-dextripam-10mg-pills-online-diazepam-2.jpg\" \/>\n\t<meta property=\"og:image:width\" content=\"600\" \/>\n\t<meta property=\"og:image:height\" content=\"600\" \/>\n\t<meta property=\"og:image:type\" content=\"image\/jpeg\" \/>\n<meta name=\"twitter:card\" content=\"summary_large_image\" \/>\n<meta name=\"twitter:label1\" content=\"Gesch\u00e4tzte Lesezeit\" \/>\n\t<meta name=\"twitter:data1\" content=\"5\u00a0Minuten\" \/>\n<script type=\"application\/ld+json\" class=\"yoast-schema-graph\">{\"@context\":\"https:\/\/schema.org\",\"@graph\":[{\"@type\":\"WebPage\",\"@id\":\"https:\/\/chemsfine.com\/product\/buy-dextripam-pills-diazepam\/\",\"url\":\"https:\/\/chemsfine.com\/product\/buy-dextripam-pills-diazepam\/\",\"name\":\"Buy Dextripam 10mg Pills Online | Best Price Available\",\"isPartOf\":{\"@id\":\"https:\/\/chemsfine.com\/#website\"},\"primaryImageOfPage\":{\"@id\":\"https:\/\/chemsfine.com\/product\/buy-dextripam-pills-diazepam\/#primaryimage\"},\"image\":{\"@id\":\"https:\/\/chemsfine.com\/product\/buy-dextripam-pills-diazepam\/#primaryimage\"},\"thumbnailUrl\":\"https:\/\/chemsfine.com\/wp-content\/uploads\/2026\/02\/buy-dextripam-10mg-pills-online-diazepam-2.jpg\",\"datePublished\":\"2026-02-12T10:03:39+00:00\",\"dateModified\":\"2026-03-25T13:12:10+00:00\",\"description\":\"Buy Dextripam 10mg pills online (Diazepam) for anxiety, withdrawal, or muscle spasms. Securely order high-quality Dextripam 10mg pills available at competitive prices.\",\"breadcrumb\":{\"@id\":\"https:\/\/chemsfine.com\/product\/buy-dextripam-pills-diazepam\/#breadcrumb\"},\"inLanguage\":\"de\",\"potentialAction\":[{\"@type\":\"ReadAction\",\"target\":[\"https:\/\/chemsfine.com\/product\/buy-dextripam-pills-diazepam\/\"]}]},{\"@type\":\"ImageObject\",\"inLanguage\":\"de\",\"@id\":\"https:\/\/chemsfine.com\/product\/buy-dextripam-pills-diazepam\/#primaryimage\",\"url\":\"https:\/\/chemsfine.com\/wp-content\/uploads\/2026\/02\/buy-dextripam-10mg-pills-online-diazepam-2.jpg\",\"contentUrl\":\"https:\/\/chemsfine.com\/wp-content\/uploads\/2026\/02\/buy-dextripam-10mg-pills-online-diazepam-2.jpg\",\"width\":600,\"height\":600},{\"@type\":\"BreadcrumbList\",\"@id\":\"https:\/\/chemsfine.com\/product\/buy-dextripam-pills-diazepam\/#breadcrumb\",\"itemListElement\":[{\"@type\":\"ListItem\",\"position\":1,\"name\":\"Home\",\"item\":\"https:\/\/chemsfine.com\/\"},{\"@type\":\"ListItem\",\"position\":2,\"name\":\"Shop\",\"item\":\"https:\/\/chemsfine.com\/shop\/\"},{\"@type\":\"ListItem\",\"position\":3,\"name\":\"Buy Dextripam 10mg Pills Online (Diazepam)\"}]},{\"@type\":\"WebSite\",\"@id\":\"https:\/\/chemsfine.com\/#website\",\"url\":\"https:\/\/chemsfine.com\/\",\"name\":\"Chemsfine\",\"description\":\"My WordPress Blog\",\"publisher\":{\"@id\":\"https:\/\/chemsfine.com\/#organization\"},\"potentialAction\":[{\"@type\":\"SearchAction\",\"target\":{\"@type\":\"EntryPoint\",\"urlTemplate\":\"https:\/\/chemsfine.com\/?s={search_term_string}\"},\"query-input\":{\"@type\":\"PropertyValueSpecification\",\"valueRequired\":true,\"valueName\":\"search_term_string\"}}],\"inLanguage\":\"de\"},{\"@type\":\"Organization\",\"@id\":\"https:\/\/chemsfine.com\/#organization\",\"name\":\"Chemsfine\",\"url\":\"https:\/\/chemsfine.com\/\",\"logo\":{\"@type\":\"ImageObject\",\"inLanguage\":\"de\",\"@id\":\"https:\/\/chemsfine.com\/#\/schema\/logo\/image\/\",\"url\":\"https:\/\/chemsfine.com\/wp-content\/uploads\/2024\/09\/final-logo.png\",\"contentUrl\":\"https:\/\/chemsfine.com\/wp-content\/uploads\/2024\/09\/final-logo.png\",\"width\":340,\"height\":72,\"caption\":\"Chemsfine\"},\"image\":{\"@id\":\"https:\/\/chemsfine.com\/#\/schema\/logo\/image\/\"}}]}<\/script>\n<!-- \/ Yoast SEO plugin. -->","yoast_head_json":{"title":"Dextripam 10mg Pillen Online kaufen | Bester Preis verf\u00fcgbar","description":"Kaufen Sie Dextripam 10mg Pillen online (Diazepam) gegen Angstzust\u00e4nde, Entzug oder Muskelkr\u00e4mpfe. Bestellen Sie sicher und in hoher Qualit\u00e4t Dextripam 10mg Pillen zu wettbewerbsf\u00e4higen Preisen.","robots":{"index":"index","follow":"follow","max-snippet":"max-snippet:-1","max-image-preview":"max-image-preview:large","max-video-preview":"max-video-preview:-1"},"canonical":"https:\/\/chemsfine.com\/de\/produkt\/buy-dextripam-pills-diazepam\/","og_locale":"de_DE","og_type":"article","og_title":"Buy Dextripam 10mg Pills Online | Best Price Available","og_description":"Buy Dextripam 10mg pills online (Diazepam) for anxiety, withdrawal, or muscle spasms. Securely order high-quality Dextripam 10mg pills available at competitive prices.","og_url":"https:\/\/chemsfine.com\/de\/produkt\/buy-dextripam-pills-diazepam\/","og_site_name":"Chemsfine","article_modified_time":"2026-03-25T13:12:10+00:00","og_image":[{"width":600,"height":600,"url":"https:\/\/chemsfine.com\/wp-content\/uploads\/2026\/02\/buy-dextripam-10mg-pills-online-diazepam-2.jpg","type":"image\/jpeg"}],"twitter_card":"summary_large_image","twitter_misc":{"Gesch\u00e4tzte Lesezeit":"5\u00a0Minuten"},"schema":{"@context":"https:\/\/schema.org","@graph":[{"@type":"WebPage","@id":"https:\/\/chemsfine.com\/product\/buy-dextripam-pills-diazepam\/","url":"https:\/\/chemsfine.com\/product\/buy-dextripam-pills-diazepam\/","name":"Dextripam 10mg Pillen Online kaufen | Bester Preis verf\u00fcgbar","isPartOf":{"@id":"https:\/\/chemsfine.com\/#website"},"primaryImageOfPage":{"@id":"https:\/\/chemsfine.com\/product\/buy-dextripam-pills-diazepam\/#primaryimage"},"image":{"@id":"https:\/\/chemsfine.com\/product\/buy-dextripam-pills-diazepam\/#primaryimage"},"thumbnailUrl":"https:\/\/chemsfine.com\/wp-content\/uploads\/2026\/02\/buy-dextripam-10mg-pills-online-diazepam-2.jpg","datePublished":"2026-02-12T10:03:39+00:00","dateModified":"2026-03-25T13:12:10+00:00","description":"Kaufen Sie Dextripam 10mg Pillen online (Diazepam) gegen Angstzust\u00e4nde, Entzug oder Muskelkr\u00e4mpfe. Bestellen Sie sicher und in hoher Qualit\u00e4t Dextripam 10mg Pillen zu wettbewerbsf\u00e4higen Preisen.","breadcrumb":{"@id":"https:\/\/chemsfine.com\/product\/buy-dextripam-pills-diazepam\/#breadcrumb"},"inLanguage":"de","potentialAction":[{"@type":"ReadAction","target":["https:\/\/chemsfine.com\/product\/buy-dextripam-pills-diazepam\/"]}]},{"@type":"ImageObject","inLanguage":"de","@id":"https:\/\/chemsfine.com\/product\/buy-dextripam-pills-diazepam\/#primaryimage","url":"https:\/\/chemsfine.com\/wp-content\/uploads\/2026\/02\/buy-dextripam-10mg-pills-online-diazepam-2.jpg","contentUrl":"https:\/\/chemsfine.com\/wp-content\/uploads\/2026\/02\/buy-dextripam-10mg-pills-online-diazepam-2.jpg","width":600,"height":600},{"@type":"BreadcrumbList","@id":"https:\/\/chemsfine.com\/product\/buy-dextripam-pills-diazepam\/#breadcrumb","itemListElement":[{"@type":"ListItem","position":1,"name":"Home","item":"https:\/\/chemsfine.com\/"},{"@type":"ListItem","position":2,"name":"Shop","item":"https:\/\/chemsfine.com\/shop\/"},{"@type":"ListItem","position":3,"name":"Buy Dextripam 10mg Pills Online (Diazepam)"}]},{"@type":"WebSite","@id":"https:\/\/chemsfine.com\/#website","url":"https:\/\/chemsfine.com\/","name":"Chemsfine","description":"Mein WordPress-Blog","publisher":{"@id":"https:\/\/chemsfine.com\/#organization"},"potentialAction":[{"@type":"SearchAction","target":{"@type":"EntryPoint","urlTemplate":"https:\/\/chemsfine.com\/?s={search_term_string}"},"query-input":{"@type":"PropertyValueSpecification","valueRequired":true,"valueName":"search_term_string"}}],"inLanguage":"de"},{"@type":"Organization","@id":"https:\/\/chemsfine.com\/#organization","name":"Chemsfine","url":"https:\/\/chemsfine.com\/","logo":{"@type":"ImageObject","inLanguage":"de","@id":"https:\/\/chemsfine.com\/#\/schema\/logo\/image\/","url":"https:\/\/chemsfine.com\/wp-content\/uploads\/2024\/09\/final-logo.png","contentUrl":"https:\/\/chemsfine.com\/wp-content\/uploads\/2024\/09\/final-logo.png","width":340,"height":72,"caption":"Chemsfine"},"image":{"@id":"https:\/\/chemsfine.com\/#\/schema\/logo\/image\/"}}]}},"_links":{"self":[{"href":"https:\/\/chemsfine.com\/de\/wp-json\/wp\/v2\/product\/6356","targetHints":{"allow":["GET"]}}],"collection":[{"href":"https:\/\/chemsfine.com\/de\/wp-json\/wp\/v2\/product"}],"about":[{"href":"https:\/\/chemsfine.com\/de\/wp-json\/wp\/v2\/types\/product"}],"replies":[{"embeddable":true,"href":"https:\/\/chemsfine.com\/de\/wp-json\/wp\/v2\/comments?post=6356"}],"wp:featuredmedia":[{"embeddable":true,"href":"https:\/\/chemsfine.com\/de\/wp-json\/wp\/v2\/media\/6401"}],"wp:attachment":[{"href":"https:\/\/chemsfine.com\/de\/wp-json\/wp\/v2\/media?parent=6356"}],"wp:term":[{"taxonomy":"product_brand","embeddable":true,"href":"https:\/\/chemsfine.com\/de\/wp-json\/wp\/v2\/product_brand?post=6356"},{"taxonomy":"product_cat","embeddable":true,"href":"https:\/\/chemsfine.com\/de\/wp-json\/wp\/v2\/product_cat?post=6356"},{"taxonomy":"product_tag","embeddable":true,"href":"https:\/\/chemsfine.com\/de\/wp-json\/wp\/v2\/product_tag?post=6356"}],"curies":[{"name":"wp","href":"https:\/\/api.w.org\/{rel}","templated":true}]}}