{"id":8272,"date":"2026-02-12T18:22:45","date_gmt":"2026-02-12T18:22:45","guid":{"rendered":"https:\/\/chemsfine.com\/?post_type=product&#038;p=8272"},"modified":"2026-03-25T12:14:26","modified_gmt":"2026-03-25T12:14:26","slug":"buy-ed-db-crystals","status":"publish","type":"product","link":"https:\/\/chemsfine.com\/de\/product\/buy-ed-db-crystals\/","title":{"rendered":"ED-DB-Kristalle online kaufen - Hochreines Eutylon zu verkaufen"},"content":{"rendered":"<p>Die Suche nach einer zuverl\u00e4ssigen Quelle f\u00fcr Forschungschemikalien kann auf dem heutigen Markt oft eine Herausforderung sein. Bei Chemsfine machen wir es f\u00fcr Forscher einfach, sicher und effizient <b>ED-DB-Kristalle zum Verkauf kaufen<\/b>. Als registrierter und lizenzierter Anbieter von hochwertigen Forschungschemikalien verpflichten wir uns, nur erstklassige Produkte zu liefern. Wir halten uns streng an die internationalen Gesetze und Vorschriften, um einen reibungslosen Beschaffungsprozess zu gew\u00e4hrleisten. Unsere Aufgabe ist es, Wissenschaftler, Labore und Forschungseinrichtungen zu unterst\u00fctzen, indem wir ihnen sicheren Zugang zu authentischen Materialien f\u00fcr legitime Studien bieten. Sie k\u00f6nnen bequem <b>ED-DB-Kristalle online bestellen<\/b> \u00fcber unsere sichere Plattform, damit Ihr Labor die Reagenzien auf h\u00f6chstem Niveau erh\u00e4lt.<\/p>\n<h2>Was sind ED-DB-Kristalle (Eutylone)?<\/h2>\n<p>ED-DB, gemeinhin als Eutylon bekannt, ist eine Forschungschemikalie, die in verschiedenen analytischen und forensischen Anwendungen eingesetzt wird. F\u00fcr Forscher ist es unerl\u00e4sslich, Zugang zu <b>ED-DB-Kristalle von h\u00f6chster Qualit\u00e4t<\/b> um die G\u00fcltigkeit und Genauigkeit ihrer Daten zu gew\u00e4hrleisten. Bei Chemsfine bieten wir Kristalle an, die strengen Pr\u00fcfprotokollen unterzogen wurden. Wir wissen, dass in einer kontrollierten Umgebung die Reinheit an erster Stelle steht.<\/p>\n<table style=\"width: 100%; border-collapse: collapse; margin-bottom: 20px;\" border=\"1\" cellspacing=\"0\" cellpadding=\"10\">\n<tbody>\n<tr>\n<td style=\"font-weight: bold;\">Produktname<\/td>\n<td>ED-DB (Eutylon) Kristalle<\/td>\n<\/tr>\n<tr>\n<td style=\"font-weight: bold;\">Formular<\/td>\n<td>kristalliner Feststoff<\/td>\n<\/tr>\n<tr>\n<td style=\"font-weight: bold;\">Reinheit<\/td>\n<td>Hohe Reinheit (laborgepr\u00fcft)<\/td>\n<\/tr>\n<tr>\n<td style=\"font-weight: bold;\">Verwendung<\/td>\n<td>Nur Laborforschung<\/td>\n<\/tr>\n<tr>\n<td style=\"font-weight: bold;\">Verf\u00fcgbarkeit<\/td>\n<td>Vorr\u00e4tig<\/td>\n<\/tr>\n<\/tbody>\n<\/table>\n<h2>Warum ED-DB-Kristalle online bei Chemsfine kaufen?<\/h2>\n<p>Wir halten uns strikt an die gesetzlichen Vorgaben, so dass Sie beruhigt sein k\u00f6nnen, wenn Sie sich f\u00fcr eine <a href=\"https:\/\/chemsfine.com\/de\/produkt\/dr-who-shatter-premium-indica-hybrid-shatter-online\/\">hochwertige Forschungsmaterialien<\/a> international. Unser Engagement f\u00fcr die Einhaltung von Vorschriften gew\u00e4hrleistet, dass jede Transaktion legal und transparent bleibt. Au\u00dferdem hat die Qualit\u00e4tskontrolle f\u00fcr uns oberste Priorit\u00e4t. Alle ED-DB (Eutylone) Kristalle werden im Labor getestet und auf ihre Reinheit hin \u00fcberpr\u00fcft, bevor sie unsere Einrichtung verlassen. Dieses Engagement gew\u00e4hrleistet, dass Sie die <b>Die besten verf\u00fcgbaren ED-DB-Kristalle<\/b> auf dem Markt.<\/p>\n<p>Au\u00dferdem wickelt unser Logistiknetz den weltweiten Versand effizient ab. Ganz gleich, ob Sie sich in Europa, Nordamerika, Asien oder anderswo befinden, Chemsfine gew\u00e4hrleistet eine schnelle und diskrete Lieferung. Wir verwenden verschl\u00fcsselte Transaktionen und vertrauliche Versandmethoden, so dass Ihre Bestellung w\u00e4hrend des gesamten Prozesses sicher und privat bleibt. Unser Kundendienstteam bietet professionelle Unterst\u00fctzung f\u00fcr Forscher weltweit und sorgt f\u00fcr einen reibungslosen Ablauf.<\/p>\n<h2>Anwendungen (nur f\u00fcr Forschungszwecke)<\/h2>\n<p>Diese Kristalle sind ausschlie\u00dflich f\u00fcr wissenschaftliche Studien bestimmt. Zu den \u00fcblichen Anwendungen geh\u00f6ren:<\/p>\n<ul>\n<li>Forensische chemische Analyse und Pr\u00fcfung von Referenzstandards.<\/li>\n<li>Massenspektrometrie und Kernspinresonanzspektroskopie.<\/li>\n<li>Reagenzientests in kontrollierter Laborumgebung.<\/li>\n<li>Toxikologische Forschung und pharmakologische Studien.<\/li>\n<li>Vergleich mit anderen <a href=\"https:\/\/chemsfine.com\/de\/produkt\/konzentriertes-badesalz-candy-land-500mg\/\">konzentrierte chemische Proben<\/a> f\u00fcr die Strukturanalyse.<\/li>\n<\/ul>\n<h2>Sicherheit und Einhaltung von Vorschriften<\/h2>\n<p>Chemsfine liefert ED-DB (Eutylone) Crystals ausschlie\u00dflich f\u00fcr Forschungs- und Laborzwecke. Diese Produkte sind nicht f\u00fcr den menschlichen Verzehr bestimmt. Qualifiziertes Fachpersonal muss sie in kontrollierten Umgebungen und mit geeigneter pers\u00f6nlicher Schutzausr\u00fcstung (PSA) handhaben. Auf Anfrage stellen wir Sicherheitsdatenbl\u00e4tter (SDS) zur Verf\u00fcgung, um sicherzustellen, dass Ihr Labor alle Sicherheitsprotokolle befolgt.<\/p>\n<h2>Warum uns w\u00e4hlen?<\/h2>\n<p>Wir betreuen Kunden auf der ganzen Welt und genie\u00dfen einen guten Ruf, der auf Vertrauen, Einhaltung von Vorschriften und Spitzenleistungen beruht. Von der Logistik, die eine zuverl\u00e4ssige weltweite Abdeckung gew\u00e4hrleistet, bis hin zu unseren transparenten Verifizierungsprozessen - Forscher entscheiden sich immer wieder f\u00fcr uns. Wenn Sie bereit sind <b>ED-DB-Kristalle online bestellen<\/b>, folgen Sie unserer einfachen Anleitung:<\/p>\n<ul>\n<li><b>Besuchen Sie Chemsfine:<\/b> Die Produktseite ist leicht zu finden.<\/li>\n<li><b>Menge ausw\u00e4hlen:<\/b> W\u00e4hlen Sie den f\u00fcr Ihren Forschungsbedarf geeigneten Betrag.<\/li>\n<li><b>Sicherer Checkout:<\/b> Fahren Sie mit unserem verschl\u00fcsselten Zahlungsgateway fort.<\/li>\n<li><b>Globale Lieferung:<\/b> Geben Sie genaue Angaben f\u00fcr einen schnellen und sicheren Versand ein.<\/li>\n<\/ul>\n<p>Wir kombinieren erstklassige Qualit\u00e4t, weltweite Zustellung und die Einhaltung von Gesetzen, um Ihre Recherche reibungslos zu gestalten. Sie erhalten Ihr Paket diskret, unabh\u00e4ngig von Ihrem Standort.<\/p>\n<h2>Schlussfolgerung<\/h2>\n<p>Wenn Sie ED-DB (Eutylone) Crystals online von einem vertrauensw\u00fcrdigen, konformen und professionellen Anbieter bestellen m\u00f6chten, ist Chemsfine Ihre erste Wahl. Wir garantieren eine <b>Sicherer Kauf<\/b> und authentische Produkte. Besuchen Sie Chemsfine heute und geben Sie Ihre Bestellung f\u00fcr <b>ED-DB-Kristalle zu verkaufen<\/b> mit vollem Vertrauen.<\/p>","protected":false},"excerpt":{"rendered":"<p>Sichern Sie sich hochreines Material f\u00fcr Ihre analytischen Anforderungen. <b>ED-DB-Kristalle<\/b> sind f\u00fcr legitime Laboranwendungen erh\u00e4ltlich und bieten gepr\u00fcfte Qualit\u00e4t f\u00fcr eine pr\u00e4zise Datenerfassung. Wenn Sie <b>bei Chemsfine kaufen<\/b>, sichern Sie sich den Zugang zu laborgepr\u00fcften Reagenzien, die unter strenger professioneller Einhaltung der Vorschriften gehandhabt werden. Diese Kristalle sind ausschlie\u00dflich f\u00fcr die wissenschaftliche Forschung und forensische Analyse in kontrollierten Umgebungen bestimmt.<\/p>","protected":false},"featured_media":8575,"comment_status":"open","ping_status":"closed","template":"","meta":{"_joinchat":[]},"product_brand":[],"product_cat":[938],"product_tag":[],"class_list":{"0":"post-8272","1":"product","2":"type-product","3":"status-publish","4":"has-post-thumbnail","6":"product_cat-cathinone","8":"first","9":"instock","10":"shipping-taxable","11":"purchasable","12":"product-type-variable"},"yoast_head":"<!-- This site is optimized with the Yoast SEO plugin v27.2 - https:\/\/yoast.com\/product\/yoast-seo-wordpress\/ -->\n<title>Buy ED-DB Crystals Online \u2013 High Purity Eutylone For Sale<\/title>\n<meta name=\"description\" content=\"Looking for high-quality research chemicals? Order ED-DB Crystals online at Chemsfine. We offer lab-tested Eutylone with secure global delivery. Buy now.\" \/>\n<meta name=\"robots\" content=\"index, follow, max-snippet:-1, max-image-preview:large, max-video-preview:-1\" \/>\n<link rel=\"canonical\" href=\"https:\/\/chemsfine.com\/de\/produkt\/buy-ed-db-crystals\/\" \/>\n<meta property=\"og:locale\" content=\"de_DE\" \/>\n<meta property=\"og:type\" content=\"article\" \/>\n<meta property=\"og:title\" content=\"Buy ED-DB Crystals Online \u2013 High Purity Eutylone For Sale\" \/>\n<meta property=\"og:description\" content=\"Looking for high-quality research chemicals? Order ED-DB Crystals online at Chemsfine. We offer lab-tested Eutylone with secure global delivery. Buy now.\" \/>\n<meta property=\"og:url\" content=\"https:\/\/chemsfine.com\/de\/produkt\/buy-ed-db-crystals\/\" \/>\n<meta property=\"og:site_name\" content=\"Chemsfine\" \/>\n<meta property=\"article:modified_time\" content=\"2026-03-25T12:14:26+00:00\" \/>\n<meta property=\"og:image\" content=\"https:\/\/chemsfine.com\/wp-content\/uploads\/2026\/02\/eutylone-500x500-1.webp\" \/>\n\t<meta property=\"og:image:width\" content=\"500\" \/>\n\t<meta property=\"og:image:height\" content=\"375\" \/>\n\t<meta property=\"og:image:type\" content=\"image\/webp\" \/>\n<meta name=\"twitter:card\" content=\"summary_large_image\" \/>\n<meta name=\"twitter:label1\" content=\"Gesch\u00e4tzte Lesezeit\" \/>\n\t<meta name=\"twitter:data1\" content=\"3\u00a0Minuten\" \/>\n<script type=\"application\/ld+json\" class=\"yoast-schema-graph\">{\"@context\":\"https:\/\/schema.org\",\"@graph\":[{\"@type\":\"WebPage\",\"@id\":\"https:\/\/chemsfine.com\/product\/buy-ed-db-crystals\/\",\"url\":\"https:\/\/chemsfine.com\/product\/buy-ed-db-crystals\/\",\"name\":\"Buy ED-DB Crystals Online \u2013 High Purity Eutylone For Sale\",\"isPartOf\":{\"@id\":\"https:\/\/chemsfine.com\/#website\"},\"primaryImageOfPage\":{\"@id\":\"https:\/\/chemsfine.com\/product\/buy-ed-db-crystals\/#primaryimage\"},\"image\":{\"@id\":\"https:\/\/chemsfine.com\/product\/buy-ed-db-crystals\/#primaryimage\"},\"thumbnailUrl\":\"https:\/\/chemsfine.com\/wp-content\/uploads\/2026\/02\/eutylone-500x500-1.webp\",\"datePublished\":\"2026-02-12T18:22:45+00:00\",\"dateModified\":\"2026-03-25T12:14:26+00:00\",\"description\":\"Looking for high-quality research chemicals? Order ED-DB Crystals online at Chemsfine. We offer lab-tested Eutylone with secure global delivery. Buy now.\",\"breadcrumb\":{\"@id\":\"https:\/\/chemsfine.com\/product\/buy-ed-db-crystals\/#breadcrumb\"},\"inLanguage\":\"de\",\"potentialAction\":[{\"@type\":\"ReadAction\",\"target\":[\"https:\/\/chemsfine.com\/product\/buy-ed-db-crystals\/\"]}]},{\"@type\":\"ImageObject\",\"inLanguage\":\"de\",\"@id\":\"https:\/\/chemsfine.com\/product\/buy-ed-db-crystals\/#primaryimage\",\"url\":\"https:\/\/chemsfine.com\/wp-content\/uploads\/2026\/02\/eutylone-500x500-1.webp\",\"contentUrl\":\"https:\/\/chemsfine.com\/wp-content\/uploads\/2026\/02\/eutylone-500x500-1.webp\",\"width\":500,\"height\":375,\"caption\":\"Buy ED-DB Crystals Online \u2013 High Purity Eutylone For Sale\"},{\"@type\":\"BreadcrumbList\",\"@id\":\"https:\/\/chemsfine.com\/product\/buy-ed-db-crystals\/#breadcrumb\",\"itemListElement\":[{\"@type\":\"ListItem\",\"position\":1,\"name\":\"Home\",\"item\":\"https:\/\/chemsfine.com\/\"},{\"@type\":\"ListItem\",\"position\":2,\"name\":\"Shop\",\"item\":\"https:\/\/chemsfine.com\/shop\/\"},{\"@type\":\"ListItem\",\"position\":3,\"name\":\"Buy ED-DB Crystals Online \u2013 High Purity Eutylone For Sale\"}]},{\"@type\":\"WebSite\",\"@id\":\"https:\/\/chemsfine.com\/#website\",\"url\":\"https:\/\/chemsfine.com\/\",\"name\":\"Chemsfine\",\"description\":\"My WordPress Blog\",\"publisher\":{\"@id\":\"https:\/\/chemsfine.com\/#organization\"},\"potentialAction\":[{\"@type\":\"SearchAction\",\"target\":{\"@type\":\"EntryPoint\",\"urlTemplate\":\"https:\/\/chemsfine.com\/?s={search_term_string}\"},\"query-input\":{\"@type\":\"PropertyValueSpecification\",\"valueRequired\":true,\"valueName\":\"search_term_string\"}}],\"inLanguage\":\"de\"},{\"@type\":\"Organization\",\"@id\":\"https:\/\/chemsfine.com\/#organization\",\"name\":\"Chemsfine\",\"url\":\"https:\/\/chemsfine.com\/\",\"logo\":{\"@type\":\"ImageObject\",\"inLanguage\":\"de\",\"@id\":\"https:\/\/chemsfine.com\/#\/schema\/logo\/image\/\",\"url\":\"https:\/\/chemsfine.com\/wp-content\/uploads\/2024\/09\/final-logo.png\",\"contentUrl\":\"https:\/\/chemsfine.com\/wp-content\/uploads\/2024\/09\/final-logo.png\",\"width\":340,\"height\":72,\"caption\":\"Chemsfine\"},\"image\":{\"@id\":\"https:\/\/chemsfine.com\/#\/schema\/logo\/image\/\"}}]}<\/script>\n<!-- \/ Yoast SEO plugin. -->","yoast_head_json":{"title":"ED-DB-Kristalle online kaufen - Hochreines Eutylon zu verkaufen","description":"Sie suchen hochwertige Forschungschemikalien? Bestellen Sie ED-DB-Kristalle online bei Chemsfine. Wir bieten laborgepr\u00fcftes Eutylone mit sicherer globaler Lieferung. Jetzt kaufen.","robots":{"index":"index","follow":"follow","max-snippet":"max-snippet:-1","max-image-preview":"max-image-preview:large","max-video-preview":"max-video-preview:-1"},"canonical":"https:\/\/chemsfine.com\/de\/produkt\/buy-ed-db-crystals\/","og_locale":"de_DE","og_type":"article","og_title":"Buy ED-DB Crystals Online \u2013 High Purity Eutylone For Sale","og_description":"Looking for high-quality research chemicals? Order ED-DB Crystals online at Chemsfine. We offer lab-tested Eutylone with secure global delivery. Buy now.","og_url":"https:\/\/chemsfine.com\/de\/produkt\/buy-ed-db-crystals\/","og_site_name":"Chemsfine","article_modified_time":"2026-03-25T12:14:26+00:00","og_image":[{"width":500,"height":375,"url":"https:\/\/chemsfine.com\/wp-content\/uploads\/2026\/02\/eutylone-500x500-1.webp","type":"image\/webp"}],"twitter_card":"summary_large_image","twitter_misc":{"Gesch\u00e4tzte Lesezeit":"3\u00a0Minuten"},"schema":{"@context":"https:\/\/schema.org","@graph":[{"@type":"WebPage","@id":"https:\/\/chemsfine.com\/product\/buy-ed-db-crystals\/","url":"https:\/\/chemsfine.com\/product\/buy-ed-db-crystals\/","name":"ED-DB-Kristalle online kaufen - Hochreines Eutylon zu verkaufen","isPartOf":{"@id":"https:\/\/chemsfine.com\/#website"},"primaryImageOfPage":{"@id":"https:\/\/chemsfine.com\/product\/buy-ed-db-crystals\/#primaryimage"},"image":{"@id":"https:\/\/chemsfine.com\/product\/buy-ed-db-crystals\/#primaryimage"},"thumbnailUrl":"https:\/\/chemsfine.com\/wp-content\/uploads\/2026\/02\/eutylone-500x500-1.webp","datePublished":"2026-02-12T18:22:45+00:00","dateModified":"2026-03-25T12:14:26+00:00","description":"Sie suchen hochwertige Forschungschemikalien? Bestellen Sie ED-DB-Kristalle online bei Chemsfine. Wir bieten laborgepr\u00fcftes Eutylone mit sicherer globaler Lieferung. Jetzt kaufen.","breadcrumb":{"@id":"https:\/\/chemsfine.com\/product\/buy-ed-db-crystals\/#breadcrumb"},"inLanguage":"de","potentialAction":[{"@type":"ReadAction","target":["https:\/\/chemsfine.com\/product\/buy-ed-db-crystals\/"]}]},{"@type":"ImageObject","inLanguage":"de","@id":"https:\/\/chemsfine.com\/product\/buy-ed-db-crystals\/#primaryimage","url":"https:\/\/chemsfine.com\/wp-content\/uploads\/2026\/02\/eutylone-500x500-1.webp","contentUrl":"https:\/\/chemsfine.com\/wp-content\/uploads\/2026\/02\/eutylone-500x500-1.webp","width":500,"height":375,"caption":"Buy ED-DB Crystals Online \u2013 High Purity Eutylone For Sale"},{"@type":"BreadcrumbList","@id":"https:\/\/chemsfine.com\/product\/buy-ed-db-crystals\/#breadcrumb","itemListElement":[{"@type":"ListItem","position":1,"name":"Home","item":"https:\/\/chemsfine.com\/"},{"@type":"ListItem","position":2,"name":"Shop","item":"https:\/\/chemsfine.com\/shop\/"},{"@type":"ListItem","position":3,"name":"Buy ED-DB Crystals Online \u2013 High Purity Eutylone For Sale"}]},{"@type":"WebSite","@id":"https:\/\/chemsfine.com\/#website","url":"https:\/\/chemsfine.com\/","name":"Chemsfine","description":"Mein WordPress-Blog","publisher":{"@id":"https:\/\/chemsfine.com\/#organization"},"potentialAction":[{"@type":"SearchAction","target":{"@type":"EntryPoint","urlTemplate":"https:\/\/chemsfine.com\/?s={search_term_string}"},"query-input":{"@type":"PropertyValueSpecification","valueRequired":true,"valueName":"search_term_string"}}],"inLanguage":"de"},{"@type":"Organization","@id":"https:\/\/chemsfine.com\/#organization","name":"Chemsfine","url":"https:\/\/chemsfine.com\/","logo":{"@type":"ImageObject","inLanguage":"de","@id":"https:\/\/chemsfine.com\/#\/schema\/logo\/image\/","url":"https:\/\/chemsfine.com\/wp-content\/uploads\/2024\/09\/final-logo.png","contentUrl":"https:\/\/chemsfine.com\/wp-content\/uploads\/2024\/09\/final-logo.png","width":340,"height":72,"caption":"Chemsfine"},"image":{"@id":"https:\/\/chemsfine.com\/#\/schema\/logo\/image\/"}}]}},"_links":{"self":[{"href":"https:\/\/chemsfine.com\/de\/wp-json\/wp\/v2\/product\/8272","targetHints":{"allow":["GET"]}}],"collection":[{"href":"https:\/\/chemsfine.com\/de\/wp-json\/wp\/v2\/product"}],"about":[{"href":"https:\/\/chemsfine.com\/de\/wp-json\/wp\/v2\/types\/product"}],"replies":[{"embeddable":true,"href":"https:\/\/chemsfine.com\/de\/wp-json\/wp\/v2\/comments?post=8272"}],"wp:featuredmedia":[{"embeddable":true,"href":"https:\/\/chemsfine.com\/de\/wp-json\/wp\/v2\/media\/8575"}],"wp:attachment":[{"href":"https:\/\/chemsfine.com\/de\/wp-json\/wp\/v2\/media?parent=8272"}],"wp:term":[{"taxonomy":"product_brand","embeddable":true,"href":"https:\/\/chemsfine.com\/de\/wp-json\/wp\/v2\/product_brand?post=8272"},{"taxonomy":"product_cat","embeddable":true,"href":"https:\/\/chemsfine.com\/de\/wp-json\/wp\/v2\/product_cat?post=8272"},{"taxonomy":"product_tag","embeddable":true,"href":"https:\/\/chemsfine.com\/de\/wp-json\/wp\/v2\/product_tag?post=8272"}],"curies":[{"name":"wp","href":"https:\/\/api.w.org\/{rel}","templated":true}]}}