{"id":8497,"date":"2026-02-13T20:09:40","date_gmt":"2026-02-13T20:09:40","guid":{"rendered":"https:\/\/chemsfine.com\/?post_type=product&#038;p=8497"},"modified":"2026-03-25T12:00:25","modified_gmt":"2026-03-25T12:00:25","slug":"buy-maui-wowie-budder","status":"publish","type":"product","link":"https:\/\/chemsfine.com\/de\/product\/buy-maui-wowie-budder\/","title":{"rendered":"Kaufen Maui Wowie Budder - Premium Top Shelf Cannabis-Konzentrat"},"content":{"rendered":"<p>Begeben Sie sich auf eine aufregende Reise mit unserem Premium <b>Maui Wowie Budder<\/b> zum Verkauf, ein wahres Juwel unter den Cannabis-Konzentraten. Bekannt f\u00fcr seine erhebende Sativa-Wirkung und sein ausgepr\u00e4gtes tropisches Aroma, ist dieses erstklassige Produkt fachm\u00e4nnisch hergestellt, um eine unvergleichliche Erfahrung zu liefern. Unter <b>chemsfine<\/b>, Wir haben uns verpflichtet, nur Konzentrate von h\u00f6chster Qualit\u00e4t zu liefern, um sicherzustellen, dass jeder Dab Reinheit und Potenz liefert. Wenn Du Dich entscheidest, dieses au\u00dfergew\u00f6hnliche Konzentrat bei uns zu kaufen, investierst Du in ein hervorragendes Produkt, das in der Welt der Cannabisextrakte als Inbegriff f\u00fcr Exzellenz gilt. Erleben Sie einen sicheren Kaufprozess und entdecken Sie das Beste, was hochwertige Konzentrate zu bieten haben. Unser Engagement f\u00fcr Qualit\u00e4t bedeutet, dass Sie ein authentisches Produkt erhalten, das sorgf\u00e4ltig verarbeitet wurde, um sein einzigartiges Cannabinoid- und Terpenprofil zu bewahren, was jede Sitzung wirklich bemerkenswert macht. Wir stellen sicher, dass unsere Auswahl strengen Qualit\u00e4tskontrollen unterliegt, damit Sie sich bei jeder Bestellung sicher sein k\u00f6nnen. Entdecken Sie, warum sich unsere Kunden immer wieder f\u00fcr <b>chemsfine<\/b> f\u00fcr ihren Bedarf an hochwertigen Konzentraten und sch\u00e4tzen sowohl unsere Produktintegrit\u00e4t als auch unseren zuverl\u00e4ssigen Service.<\/p>\n<h2>Was ist Maui Wowie Budder?<\/h2>\n<p><b>Maui Wowie Budder<\/b> ist ein sehr begehrtes Cannabiskonzentrat, das sich durch seine weiche, biegsame, butter\u00e4hnliche Textur auszeichnet, die es einfach zu handhaben und zu konsumieren macht. Dieses spezielle Konzentrat stammt von der legend\u00e4ren Sorte Maui Wowie, einem klassischen, Sativa-dominanten Hybriden, der von den Hawaii-Inseln stammt. Die Sorte selbst ist ber\u00fchmt f\u00fcr ihre s\u00fc\u00dfen Ananas- und tropischen Zitrusaromen, gepaart mit einer anregenden Euphorie, die die Kreativit\u00e4t anregen und die Stimmung heben kann. Unser hochwertiges Budder f\u00e4ngt diese w\u00fcnschenswerten Eigenschaften ein und bietet eine konzentrierte Form, die auf effiziente Weise starke Effekte liefert. Der Prozess der Herstellung dieses Konzentrats umfasst eine sorgf\u00e4ltige Extraktionsmethode, bei der h\u00e4ufig L\u00f6sungsmittel wie Butan oder CO2 verwendet werden, gefolgt von einer Aufschlagtechnik, die Luft einbezieht, was zu seiner unverwechselbaren Konsistenz f\u00fchrt. Dieses Aufschlagen tr\u00e4gt dazu bei, ein stabiles, benutzerfreundliches Konzentrat zu erzeugen, das eine betr\u00e4chtliche Menge der Terpene der urspr\u00fcnglichen Sorte beibeh\u00e4lt, was zu seinem reichen Geschmacks- und Aromaprofil beitr\u00e4gt. Nutzer berichten oft von einem Schub an kreativer Energie und einem klaren Kopf, was sie f\u00fcr den Tagesgebrauch oder gesellschaftliche Zusammenk\u00fcnfte geeignet macht. Der helle, manchmal goldene Farbton des Budders ist ein visuelles Zeugnis f\u00fcr seine Reinheit und Qualit\u00e4t und spiegelt die sorgf\u00e4ltige Handwerkskunst wider, die in seiner Produktion steckt.<\/p>\n<h2>Warum Maui Wowie Budder online bei chemsfine kaufen?<\/h2>\n<p>Die Entscheidung, dieses Premium-Konzentrat online zu kaufen bei <b>chemsfine<\/b> bedeutet, sich f\u00fcr Zuverl\u00e4ssigkeit, Qualit\u00e4t und Komfort zu entscheiden. Wir wissen, wie wichtig Vertrauen beim Kauf von Premium-Cannabiskonzentraten ist, weshalb wir alle unsere Produkte sorgf\u00e4ltig ausw\u00e4hlen und testen. Unser Engagement f\u00fcr Exzellenz stellt sicher, dass Sie nur das beste verf\u00fcgbare Gras erhalten, das streng auf Potenz und Reinheit gepr\u00fcft wurde. Wenn Sie bei uns bestellen, profitieren Sie von einem unkomplizierten Online-Einkaufserlebnis, einer diskreten Verpackung und einer prompten Lieferung direkt an Ihre Haust\u00fcr. Wir sind stolz auf unsere transparenten Produktinformationen und unseren au\u00dfergew\u00f6hnlichen Kundenservice, damit Ihr Einkauf reibungslos und zufriedenstellend verl\u00e4uft. Dar\u00fcber hinaus erm\u00f6glicht Ihnen unsere wettbewerbsf\u00e4hige Preisgestaltung den Zugang zu erstklassigen Konzentraten ohne Kompromisse. F\u00fcr diejenigen, die jetzt online kaufen m\u00f6chten, <b>chemsfine<\/b> bietet eine sichere Plattform, auf der jede Transaktion gesch\u00fctzt ist, um Ihre Privatsph\u00e4re und Ihre finanziellen Daten zu sch\u00fctzen. Wir stehen f\u00fcr die Integrit\u00e4t unserer Produkte ein und bieten gegebenenfalls detaillierte Laborergebnisse, die ein vollst\u00e4ndiges Bild von dem vermitteln, was Sie konsumieren. Unser Bestand wird st\u00e4ndig mit frischen Chargen aktualisiert, damit Sie immer die frischesten und wirksamsten Konzentrate auf dem Markt erhalten. Wir glauben daran, dass wir dauerhafte Beziehungen zu unseren Kunden aufbauen k\u00f6nnen, indem wir die Erwartungen an Produktqualit\u00e4t und Service stets \u00fcbertreffen.<\/p>\n<h2>Anwendungen<\/h2>\n<p>Die Vielseitigkeit dieses besonderen Buds macht es zu einem Favoriten unter erfahrenen Konzentratkonsumenten. Seine einzigartige Konsistenz erm\u00f6glicht verschiedene Konsummethoden, von denen jede ein anderes Erlebnis bietet.<\/p>\n<ul>\n<li><b>Tupfen:<\/b> Dies ist eine der beliebtesten Methoden, bei der ein \u201cNagel\u201d oder \u201cBanger\u201d erhitzt und eine kleine Menge des Konzentrats aufgetragen wird, um den Dampf zu inhalieren. Es sorgt f\u00fcr eine sofortige und starke Wirkung.<\/li>\n<li><b>Verdampfen:<\/b> Die Verwendung eines Dab-Pens oder eines tragbaren Konzentratverdampfers erm\u00f6glicht einen bequemen und diskreten Konsum, bei dem das Gras ohne Verbrennung auf eine pr\u00e4zise Temperatur erhitzt wird.<\/li>\n<li><b>Hinzuf\u00fcgen zur Blume:<\/b> Viele Konsumenten genie\u00dfen es, kleine St\u00fccke dieses Extrakts auf ihre Cannabisbl\u00fcten in einem Joint, Blunt oder einer Bowl zu br\u00f6seln, um die Potenz und den Geschmack zu verbessern.<\/li>\n<li><b>Essbare Lebensmittel (mit Decarboxylierung):<\/b> Dieses Konzentrat ist zwar aufgrund des damit verbundenen Aufwands weniger verbreitet, kann aber auch decarboxyliert (erhitzt, um die Cannabinoide zu aktivieren) und dann in \u00d6le oder Butter f\u00fcr selbstgemachte Esswaren eingelegt werden.<\/li>\n<li><b>Topische Anwendung (experimentell):<\/b> Einige Anwender mischen die Konzentrate mit Tr\u00e4ger\u00f6len, um eine \u00f6rtlich begrenzte Linderung zu erzielen, obwohl dies keine prim\u00e4re oder bew\u00e4hrte Methode f\u00fcr dieses Produkt ist.<\/li>\n<li><b>Verst\u00e4rkung anderer Konzentrate:<\/b> Budder kann mit anderen Konzentraten kombiniert werden, um individuelle Mischungen zu erstellen, die bestimmte gew\u00fcnschte Wirkungen oder Geschmacksrichtungen verst\u00e4rken.<\/li>\n<\/ul>\n<h2>Sicherheit und Einhaltung von Vorschriften<\/h2>\n<p>Unter <b>chemsfine<\/b>, Die Sicherheit und das Wohlbefinden unserer Kunden stehen an erster Stelle. Beim Umgang mit jedem Cannabiskonzentrat, einschlie\u00dflich dieses hochwertigen Budders, ist ein verantwortungsvoller Umgang entscheidend. Wir pl\u00e4dieren daf\u00fcr, mit einer sehr kleinen Menge zu beginnen, vor allem f\u00fcr diejenigen, die neu im Umgang mit Konzentraten sind, aufgrund ihrer hohen Potenz. Es ist wichtig, sich \u00fcber die \u00f6rtlichen Vorschriften f\u00fcr den Kauf und Konsum von Cannabisprodukten zu informieren. Unsere Produkte werden strengen Labortests durch Dritte unterzogen, um sicherzustellen, dass sie frei von sch\u00e4dlichen Verunreinigungen wie Pestiziden, Schwermetallen und L\u00f6sungsmittelr\u00fcckst\u00e4nden sind. Diese Verpflichtung zur Transparenz gew\u00e4hrleistet, dass Sie ein sauberes und reines Produkt erhalten. W\u00e4hrend formale Sicherheitsdatenbl\u00e4tter (MSDS) oder Analysezertifikate (CoA) je nach den spezifischen regionalen Anforderungen f\u00fcr Cannabisprodukte variieren k\u00f6nnen, <b>chemsfine<\/b> ist bestrebt, unseren Kunden auf Anfrage alle verf\u00fcgbaren Reinheits- und Potenzberichte zur Verf\u00fcgung zu stellen, wann immer dies m\u00f6glich und gesetzlich zul\u00e4ssig ist. Wir empfehlen den Nutzern, ihr Konzentrat an einem k\u00fchlen, dunklen Ort zu lagern, vorzugsweise in einem luftdichten Beh\u00e4lter, um seine Frische, Potenz und Beschaffenheit zu erhalten. Bewahren Sie Cannabisprodukte immer au\u00dferhalb der Reichweite von Kindern und Haustieren auf.<\/p>\n<h2>Warum uns w\u00e4hlen?<\/h2>\n<p>Wenn Sie sich daf\u00fcr entscheiden, Ihr Premium-Knospenpulver online zu bestellen, kommt es auf die Wahl des Lieferanten an. <b>chemsfine<\/b> zeichnet sich dadurch aus, dass Kundenzufriedenheit und Produktintegrit\u00e4t f\u00fcr uns an erster Stelle stehen. Wir bieten transparente Details \u00fcber unsere Beschaffungs- und Qualit\u00e4tskontrollprozesse, damit Sie volles Vertrauen in Ihren Kauf haben k\u00f6nnen. Unser Engagement erstreckt sich auch auf die Bereitstellung verifizierter Chargenprotokolle f\u00fcr unsere Konzentrate, die Ihnen eine gleichbleibende Qualit\u00e4t und Zusammensetzung garantieren. Au\u00dferdem sind wir der Meinung, dass Spitzenqualit\u00e4t nicht mit einem exorbitanten Preis einhergehen sollte. Deshalb bieten wir wettbewerbsf\u00e4hige Preise an, die authentisches Budder f\u00fcr ein breiteres Publikum zug\u00e4nglich machen. Unser Kundenserviceteam ist immer bereit, Ihnen bei allen Fragen zu helfen, so dass Sie von der Suche bis zur Lieferung einen reibungslosen Ablauf haben. Wir sind bestrebt, eine vertrauensvolle Beziehung zu unserer Kundschaft aufzubauen, die auf erstklassigen Produkten und zuverl\u00e4ssigem Service beruht. W\u00e4hlen Sie <b>chemsfine<\/b> bedeutet, einen Partner zu w\u00e4hlen, der Ihre Erfahrung zu sch\u00e4tzen wei\u00df und sich verpflichtet, stets hervorragende Leistungen zu erbringen.<\/p>\n<h2>Produktspezifikationen: Maui Wowie Budder<\/h2>\n<table>\n<thead>\n<tr>\n<th>Merkmal<\/th>\n<th>Einzelheiten<\/th>\n<\/tr>\n<\/thead>\n<tbody>\n<tr>\n<td>Produkttyp<\/td>\n<td>Cannabis-Konzentrat (Budder)<\/td>\n<\/tr>\n<tr>\n<td>Profil der Sorte<\/td>\n<td>Maui Wowie (Sativa-dominant)<\/td>\n<\/tr>\n<tr>\n<td>Textur<\/td>\n<td>Weich, biegsam, wachsartig<\/td>\n<\/tr>\n<tr>\n<td>Aroma\/Geschmack<\/td>\n<td>Tropische Noten, Ananas, Zitrusfr\u00fcchte<\/td>\n<\/tr>\n<tr>\n<td>Auswirkungen<\/td>\n<td>Aufmunternd, anregend, kreativ, euphorisch<\/td>\n<\/tr>\n<tr>\n<td>Qualit\u00e4tsstufe<\/td>\n<td>Erstklassig, erstklassige Qualit\u00e4t<\/td>\n<\/tr>\n<tr>\n<td>Empfohlene Verwendung<\/td>\n<td>Dabben, Verdampfen, Flower Enhancement<\/td>\n<\/tr>\n<\/tbody>\n<\/table>\n<h2>Schlussfolgerung<\/h2>\n<p>Zusammenfassend l\u00e4sst sich sagen, dass unsere <b>Maui Wowie Budder<\/b> bietet ein wirklich au\u00dfergew\u00f6hnliches Cannabis-Konzentrat-Erlebnis. Von seiner tropischen Essenz bis hin zu seinen erhebenden Effekten ist es ein Zeugnis f\u00fcr erstklassige Qualit\u00e4t und fachm\u00e4nnische Handwerkskunst. Wenn Sie bereit sind, dieses Premium-Produkt zu kaufen, vertrauen Sie <b>chemsfine<\/b> ein Konzentrat zu liefern, das Ihre Erwartungen nicht nur erf\u00fcllt, sondern \u00fcbertrifft. Mit unserem unersch\u00fctterlichen Engagement f\u00fcr Reinheit, Potenz und Kundenzufriedenheit stellen wir sicher, dass jeder Kauf ein sicherer Schritt in Richtung einer gehobenen Erfahrung ist. Erkunden Sie noch heute unser Angebot und entdecken Sie, warum sich anspruchsvolle Konsumenten f\u00fcr <b>chemsfine<\/b> f\u00fcr ihren Bedarf an hochwertigen Konzentraten. Wir laden Sie ein, die vibrierende Energie und den kreativen Funken zu erleben, die nur echtes Budder liefern kann, unterst\u00fctzt durch die Zuverl\u00e4ssigkeit und Vertrauensw\u00fcrdigkeit unserer Marke. Machen Sie Ihren n\u00e4chsten Konzentratkauf mit uns zu einem unvergesslichen Erlebnis.<\/p>","protected":false},"excerpt":{"rendered":"<p>Erleben Sie die belebende Wirkung von <b>Maui Wowie Budder<\/b>, ist ein erstklassiges, Sativa-dominantes Cannabis-Konzentrat, das f\u00fcr seinen tropischen Geschmack und seine erhebende Euphorie bekannt ist. Dieser erstklassige Extrakt hat eine geschmeidige, wachsartige Textur, die sich perfekt zum Tupfen oder Verdampfen eignet. Hochwertige Qualit\u00e4t kaufen <b>Maui Wowie Budder<\/b> unter <b>chemsfine<\/b> f\u00fcr ein reines und starkes Erlebnis, sorgf\u00e4ltig auf Qualit\u00e4t und Konsistenz getestet.<\/p>","protected":false},"featured_media":8527,"comment_status":"open","ping_status":"closed","template":"","meta":{"_joinchat":[]},"product_brand":[],"product_cat":[945],"product_tag":[],"class_list":{"0":"post-8497","1":"product","2":"type-product","3":"status-publish","4":"has-post-thumbnail","6":"product_cat-marijuana-wax","8":"first","9":"instock","10":"shipping-taxable","11":"purchasable","12":"product-type-variable"},"yoast_head":"<!-- This site is optimized with the Yoast SEO plugin v27.2 - https:\/\/yoast.com\/product\/yoast-seo-wordpress\/ -->\n<title>Buy Maui Wowie Budder | Top Shelf Cannabis Concentrate Online<\/title>\n<meta name=\"description\" content=\"Discover premium Maui Wowie Budder for sale at chemsfine. Experience top-shelf quality, potent effects, and tropical flavors. Buy online now for the best price!\" \/>\n<meta name=\"robots\" content=\"index, follow, max-snippet:-1, max-image-preview:large, max-video-preview:-1\" \/>\n<link rel=\"canonical\" href=\"https:\/\/chemsfine.com\/de\/produkt\/buy-maui-wowie-budder\/\" \/>\n<meta property=\"og:locale\" content=\"de_DE\" \/>\n<meta property=\"og:type\" content=\"article\" \/>\n<meta property=\"og:title\" content=\"Buy Maui Wowie Budder | Top Shelf Cannabis Concentrate Online\" \/>\n<meta property=\"og:description\" content=\"Discover premium Maui Wowie Budder for sale at chemsfine. Experience top-shelf quality, potent effects, and tropical flavors. Buy online now for the best price!\" \/>\n<meta property=\"og:url\" content=\"https:\/\/chemsfine.com\/de\/produkt\/buy-maui-wowie-budder\/\" \/>\n<meta property=\"og:site_name\" content=\"Chemsfine\" \/>\n<meta property=\"article:modified_time\" content=\"2026-03-25T12:00:25+00:00\" \/>\n<meta property=\"og:image\" content=\"https:\/\/chemsfine.com\/wp-content\/uploads\/2026\/02\/pic.13.webp\" \/>\n\t<meta property=\"og:image:width\" content=\"500\" \/>\n\t<meta property=\"og:image:height\" content=\"599\" \/>\n\t<meta property=\"og:image:type\" content=\"image\/webp\" \/>\n<meta name=\"twitter:card\" content=\"summary_large_image\" \/>\n<meta name=\"twitter:label1\" content=\"Gesch\u00e4tzte Lesezeit\" \/>\n\t<meta name=\"twitter:data1\" content=\"6\u00a0Minuten\" \/>\n<script type=\"application\/ld+json\" class=\"yoast-schema-graph\">{\"@context\":\"https:\/\/schema.org\",\"@graph\":[{\"@type\":\"WebPage\",\"@id\":\"https:\/\/chemsfine.com\/product\/buy-maui-wowie-budder\/\",\"url\":\"https:\/\/chemsfine.com\/product\/buy-maui-wowie-budder\/\",\"name\":\"Buy Maui Wowie Budder | Top Shelf Cannabis Concentrate Online\",\"isPartOf\":{\"@id\":\"https:\/\/chemsfine.com\/#website\"},\"primaryImageOfPage\":{\"@id\":\"https:\/\/chemsfine.com\/product\/buy-maui-wowie-budder\/#primaryimage\"},\"image\":{\"@id\":\"https:\/\/chemsfine.com\/product\/buy-maui-wowie-budder\/#primaryimage\"},\"thumbnailUrl\":\"https:\/\/chemsfine.com\/wp-content\/uploads\/2026\/02\/pic.13.webp\",\"datePublished\":\"2026-02-13T20:09:40+00:00\",\"dateModified\":\"2026-03-25T12:00:25+00:00\",\"description\":\"Discover premium Maui Wowie Budder for sale at chemsfine. Experience top-shelf quality, potent effects, and tropical flavors. Buy online now for the best price!\",\"breadcrumb\":{\"@id\":\"https:\/\/chemsfine.com\/product\/buy-maui-wowie-budder\/#breadcrumb\"},\"inLanguage\":\"de\",\"potentialAction\":[{\"@type\":\"ReadAction\",\"target\":[\"https:\/\/chemsfine.com\/product\/buy-maui-wowie-budder\/\"]}]},{\"@type\":\"ImageObject\",\"inLanguage\":\"de\",\"@id\":\"https:\/\/chemsfine.com\/product\/buy-maui-wowie-budder\/#primaryimage\",\"url\":\"https:\/\/chemsfine.com\/wp-content\/uploads\/2026\/02\/pic.13.webp\",\"contentUrl\":\"https:\/\/chemsfine.com\/wp-content\/uploads\/2026\/02\/pic.13.webp\",\"width\":500,\"height\":599},{\"@type\":\"BreadcrumbList\",\"@id\":\"https:\/\/chemsfine.com\/product\/buy-maui-wowie-budder\/#breadcrumb\",\"itemListElement\":[{\"@type\":\"ListItem\",\"position\":1,\"name\":\"Home\",\"item\":\"https:\/\/chemsfine.com\/\"},{\"@type\":\"ListItem\",\"position\":2,\"name\":\"Shop\",\"item\":\"https:\/\/chemsfine.com\/shop\/\"},{\"@type\":\"ListItem\",\"position\":3,\"name\":\"Buy Maui Wowie Budder \u2013 Premium Top Shelf Cannabis Concentrate\"}]},{\"@type\":\"WebSite\",\"@id\":\"https:\/\/chemsfine.com\/#website\",\"url\":\"https:\/\/chemsfine.com\/\",\"name\":\"Chemsfine\",\"description\":\"My WordPress Blog\",\"publisher\":{\"@id\":\"https:\/\/chemsfine.com\/#organization\"},\"potentialAction\":[{\"@type\":\"SearchAction\",\"target\":{\"@type\":\"EntryPoint\",\"urlTemplate\":\"https:\/\/chemsfine.com\/?s={search_term_string}\"},\"query-input\":{\"@type\":\"PropertyValueSpecification\",\"valueRequired\":true,\"valueName\":\"search_term_string\"}}],\"inLanguage\":\"de\"},{\"@type\":\"Organization\",\"@id\":\"https:\/\/chemsfine.com\/#organization\",\"name\":\"Chemsfine\",\"url\":\"https:\/\/chemsfine.com\/\",\"logo\":{\"@type\":\"ImageObject\",\"inLanguage\":\"de\",\"@id\":\"https:\/\/chemsfine.com\/#\/schema\/logo\/image\/\",\"url\":\"https:\/\/chemsfine.com\/wp-content\/uploads\/2024\/09\/final-logo.png\",\"contentUrl\":\"https:\/\/chemsfine.com\/wp-content\/uploads\/2024\/09\/final-logo.png\",\"width\":340,\"height\":72,\"caption\":\"Chemsfine\"},\"image\":{\"@id\":\"https:\/\/chemsfine.com\/#\/schema\/logo\/image\/\"}}]}<\/script>\n<!-- \/ Yoast SEO plugin. -->","yoast_head_json":{"title":"Maui Wowie Budder | Top Shelf Cannabis-Konzentrat online kaufen","description":"Entdecken Sie Premium Maui Wowie Budder zum Verkauf bei chemsfine. Erleben Sie erstklassige Qualit\u00e4t, starke Effekte und tropische Aromen. Kaufen Sie jetzt online f\u00fcr den besten Preis!","robots":{"index":"index","follow":"follow","max-snippet":"max-snippet:-1","max-image-preview":"max-image-preview:large","max-video-preview":"max-video-preview:-1"},"canonical":"https:\/\/chemsfine.com\/de\/produkt\/buy-maui-wowie-budder\/","og_locale":"de_DE","og_type":"article","og_title":"Buy Maui Wowie Budder | Top Shelf Cannabis Concentrate Online","og_description":"Discover premium Maui Wowie Budder for sale at chemsfine. Experience top-shelf quality, potent effects, and tropical flavors. Buy online now for the best price!","og_url":"https:\/\/chemsfine.com\/de\/produkt\/buy-maui-wowie-budder\/","og_site_name":"Chemsfine","article_modified_time":"2026-03-25T12:00:25+00:00","og_image":[{"width":500,"height":599,"url":"https:\/\/chemsfine.com\/wp-content\/uploads\/2026\/02\/pic.13.webp","type":"image\/webp"}],"twitter_card":"summary_large_image","twitter_misc":{"Gesch\u00e4tzte Lesezeit":"6\u00a0Minuten"},"schema":{"@context":"https:\/\/schema.org","@graph":[{"@type":"WebPage","@id":"https:\/\/chemsfine.com\/product\/buy-maui-wowie-budder\/","url":"https:\/\/chemsfine.com\/product\/buy-maui-wowie-budder\/","name":"Maui Wowie Budder | Top Shelf Cannabis-Konzentrat online kaufen","isPartOf":{"@id":"https:\/\/chemsfine.com\/#website"},"primaryImageOfPage":{"@id":"https:\/\/chemsfine.com\/product\/buy-maui-wowie-budder\/#primaryimage"},"image":{"@id":"https:\/\/chemsfine.com\/product\/buy-maui-wowie-budder\/#primaryimage"},"thumbnailUrl":"https:\/\/chemsfine.com\/wp-content\/uploads\/2026\/02\/pic.13.webp","datePublished":"2026-02-13T20:09:40+00:00","dateModified":"2026-03-25T12:00:25+00:00","description":"Entdecken Sie Premium Maui Wowie Budder zum Verkauf bei chemsfine. Erleben Sie erstklassige Qualit\u00e4t, starke Effekte und tropische Aromen. Kaufen Sie jetzt online f\u00fcr den besten Preis!","breadcrumb":{"@id":"https:\/\/chemsfine.com\/product\/buy-maui-wowie-budder\/#breadcrumb"},"inLanguage":"de","potentialAction":[{"@type":"ReadAction","target":["https:\/\/chemsfine.com\/product\/buy-maui-wowie-budder\/"]}]},{"@type":"ImageObject","inLanguage":"de","@id":"https:\/\/chemsfine.com\/product\/buy-maui-wowie-budder\/#primaryimage","url":"https:\/\/chemsfine.com\/wp-content\/uploads\/2026\/02\/pic.13.webp","contentUrl":"https:\/\/chemsfine.com\/wp-content\/uploads\/2026\/02\/pic.13.webp","width":500,"height":599},{"@type":"BreadcrumbList","@id":"https:\/\/chemsfine.com\/product\/buy-maui-wowie-budder\/#breadcrumb","itemListElement":[{"@type":"ListItem","position":1,"name":"Home","item":"https:\/\/chemsfine.com\/"},{"@type":"ListItem","position":2,"name":"Shop","item":"https:\/\/chemsfine.com\/shop\/"},{"@type":"ListItem","position":3,"name":"Buy Maui Wowie Budder \u2013 Premium Top Shelf Cannabis Concentrate"}]},{"@type":"WebSite","@id":"https:\/\/chemsfine.com\/#website","url":"https:\/\/chemsfine.com\/","name":"Chemsfine","description":"Mein WordPress-Blog","publisher":{"@id":"https:\/\/chemsfine.com\/#organization"},"potentialAction":[{"@type":"SearchAction","target":{"@type":"EntryPoint","urlTemplate":"https:\/\/chemsfine.com\/?s={search_term_string}"},"query-input":{"@type":"PropertyValueSpecification","valueRequired":true,"valueName":"search_term_string"}}],"inLanguage":"de"},{"@type":"Organization","@id":"https:\/\/chemsfine.com\/#organization","name":"Chemsfine","url":"https:\/\/chemsfine.com\/","logo":{"@type":"ImageObject","inLanguage":"de","@id":"https:\/\/chemsfine.com\/#\/schema\/logo\/image\/","url":"https:\/\/chemsfine.com\/wp-content\/uploads\/2024\/09\/final-logo.png","contentUrl":"https:\/\/chemsfine.com\/wp-content\/uploads\/2024\/09\/final-logo.png","width":340,"height":72,"caption":"Chemsfine"},"image":{"@id":"https:\/\/chemsfine.com\/#\/schema\/logo\/image\/"}}]}},"_links":{"self":[{"href":"https:\/\/chemsfine.com\/de\/wp-json\/wp\/v2\/product\/8497","targetHints":{"allow":["GET"]}}],"collection":[{"href":"https:\/\/chemsfine.com\/de\/wp-json\/wp\/v2\/product"}],"about":[{"href":"https:\/\/chemsfine.com\/de\/wp-json\/wp\/v2\/types\/product"}],"replies":[{"embeddable":true,"href":"https:\/\/chemsfine.com\/de\/wp-json\/wp\/v2\/comments?post=8497"}],"wp:featuredmedia":[{"embeddable":true,"href":"https:\/\/chemsfine.com\/de\/wp-json\/wp\/v2\/media\/8527"}],"wp:attachment":[{"href":"https:\/\/chemsfine.com\/de\/wp-json\/wp\/v2\/media?parent=8497"}],"wp:term":[{"taxonomy":"product_brand","embeddable":true,"href":"https:\/\/chemsfine.com\/de\/wp-json\/wp\/v2\/product_brand?post=8497"},{"taxonomy":"product_cat","embeddable":true,"href":"https:\/\/chemsfine.com\/de\/wp-json\/wp\/v2\/product_cat?post=8497"},{"taxonomy":"product_tag","embeddable":true,"href":"https:\/\/chemsfine.com\/de\/wp-json\/wp\/v2\/product_tag?post=8497"}],"curies":[{"name":"wp","href":"https:\/\/api.w.org\/{rel}","templated":true}]}}