{"id":1297,"date":"2024-10-06T19:29:19","date_gmt":"2024-10-06T19:29:19","guid":{"rendered":"https:\/\/chemsfine.com\/?page_id=1297"},"modified":"2024-10-06T19:30:35","modified_gmt":"2024-10-06T19:30:35","slug":"como-comprar-medicamentos-en-linea","status":"publish","type":"page","link":"https:\/\/chemsfine.com\/es\/how-to-buy-drugs-online\/","title":{"rendered":"C\u00f3mo comprar medicamentos en l\u00ednea"},"content":{"rendered":"<div class=\"col-md-8\">\n<article id=\"entry-30\" class=\"entry post-30 page type-page status-publish hentry\">\n<div class=\"entry-content group\">\n<p>C\u00f3mo Comprar Drogas Online - Coca\u00edna, LSD, Hierba, XTC, MDMA, Hero\u00edna, Metanfetamina de Cristal de dutchanonstore es un sencillo tutorial donde se puede aprender a comprar cualquier droga en l\u00ednea imaginable. Este tutorial debe cubrir todo lo que necesita para empezar, mientras que ser corto y sencillo<a href=\"https:\/\/chemsfine.com\/es\/\">.<\/a><\/p>\n<\/div>\n<\/article>\n<\/div>\n<h2>VPN<\/h2>\n<p>Antes de empezar a comprar medicamentos en l\u00ednea, deber\u00eda descargarse un software VPN.<\/p>\n<p>La VPN (Red Privada Virtual) se utiliza para falsear su ubicaci\u00f3n y cifrar su tr\u00e1fico de Internet en todos los dispositivos. Puede descargarse en su tel\u00e9fono m\u00f3vil o en un ordenador de sobremesa o port\u00e1til. La mayor\u00eda de las VPN son f\u00e1ciles de instalar y ejecutar: solo tienes que seguir las instrucciones del proveedor de VPN que elijas.<\/p>\n<h2>Tor<\/h2>\n<p>Lo siguiente que deber\u00eda utilizar siempre (tambi\u00e9n se puede utilizar para sitios web normales) es utilizar el software Tor Browser (The Onion Router). Tor es un software que le permite navegar por Internet de forma an\u00f3nima enrutando su conexi\u00f3n a trav\u00e9s de una red de servidores Tor antes de llegar a su destino (sitio web).<\/p>\n<h2>C\u00f3mo comprar drogas en l\u00ednea - coca\u00edna, LSD, hierba, XTC, MDMA, hero\u00edna y metanfetamina de cristal de dutchanonstore<\/h2>\n<p>Una vez hecho esto, ya puede empezar a comprar con nosotros. Si usted est\u00e1 leyendo esto significa que ya est\u00e1 en nuestra p\u00e1gina de la tienda, por favor, elija un producto que desea y lea nuestra<a href=\"https:\/\/chemsman.com\/\"> P\u00e1gina de pedidos<\/a>.<\/p>\n<p>Para comprar con nosotros deber\u00e1 utilizar bitcoin para los pagos. Encontrar\u00e1 una gu\u00eda completa y detallada sobre c\u00f3mo comprar bitcoin de forma an\u00f3nima sin identificarse. <a href=\"https:\/\/rckopen.com\/\">aqu\u00ed<\/a><\/p>","protected":false},"excerpt":{"rendered":"<p>How to Buy Drugs Online \u2013 Cocaine, LSD, Weed, XTC, MDMA, Heroin, Crystal Meth from&hellip;<\/p>","protected":false},"author":1,"featured_media":0,"parent":0,"menu_order":0,"comment_status":"closed","ping_status":"closed","template":"","meta":{"_joinchat":[],"footnotes":""},"class_list":["post-1297","page","type-page","status-publish","hentry"],"yoast_head":"<!-- This site is optimized with the Yoast SEO plugin v27.2 - https:\/\/yoast.com\/product\/yoast-seo-wordpress\/ -->\n<title>Drugs - Chemsfine<\/title>\n<meta name=\"description\" content=\"Drugs, Providing accurate, impartial information on more than 24000 prescription drugs and OTC medications.\" \/>\n<meta name=\"robots\" content=\"index, follow, max-snippet:-1, max-image-preview:large, max-video-preview:-1\" \/>\n<link rel=\"canonical\" href=\"https:\/\/chemsfine.com\/es\/como-comprar-medicamentos-en-linea\/\" \/>\n<meta property=\"og:locale\" content=\"es_ES\" \/>\n<meta property=\"og:type\" content=\"article\" \/>\n<meta property=\"og:title\" content=\"Drugs - Chemsfine\" \/>\n<meta property=\"og:description\" content=\"Drugs, Providing accurate, impartial information on more than 24000 prescription drugs and OTC medications.\" \/>\n<meta property=\"og:url\" content=\"https:\/\/chemsfine.com\/es\/como-comprar-medicamentos-en-linea\/\" \/>\n<meta property=\"og:site_name\" content=\"Chemsfine\" \/>\n<meta property=\"article:modified_time\" content=\"2024-10-06T19:30:35+00:00\" \/>\n<meta name=\"twitter:card\" content=\"summary_large_image\" \/>\n<meta name=\"twitter:label1\" content=\"Tiempo de lectura\" \/>\n\t<meta name=\"twitter:data1\" content=\"2 minutos\" \/>\n<script type=\"application\/ld+json\" class=\"yoast-schema-graph\">{\"@context\":\"https:\/\/schema.org\",\"@graph\":[{\"@type\":\"WebPage\",\"@id\":\"https:\/\/chemsfine.com\/how-to-buy-drugs-online\/\",\"url\":\"https:\/\/chemsfine.com\/how-to-buy-drugs-online\/\",\"name\":\"Drugs - Chemsfine\",\"isPartOf\":{\"@id\":\"https:\/\/chemsfine.com\/#website\"},\"datePublished\":\"2024-10-06T19:29:19+00:00\",\"dateModified\":\"2024-10-06T19:30:35+00:00\",\"description\":\"Drugs, Providing accurate, impartial information on more than 24000 prescription drugs and OTC medications.\",\"breadcrumb\":{\"@id\":\"https:\/\/chemsfine.com\/how-to-buy-drugs-online\/#breadcrumb\"},\"inLanguage\":\"es\",\"potentialAction\":[{\"@type\":\"ReadAction\",\"target\":[\"https:\/\/chemsfine.com\/how-to-buy-drugs-online\/\"]}]},{\"@type\":\"BreadcrumbList\",\"@id\":\"https:\/\/chemsfine.com\/how-to-buy-drugs-online\/#breadcrumb\",\"itemListElement\":[{\"@type\":\"ListItem\",\"position\":1,\"name\":\"Home\",\"item\":\"https:\/\/chemsfine.com\/\"},{\"@type\":\"ListItem\",\"position\":2,\"name\":\"How to Buy Drugs Online\"}]},{\"@type\":\"WebSite\",\"@id\":\"https:\/\/chemsfine.com\/#website\",\"url\":\"https:\/\/chemsfine.com\/\",\"name\":\"Chemsfine\",\"description\":\"My WordPress Blog\",\"publisher\":{\"@id\":\"https:\/\/chemsfine.com\/#organization\"},\"potentialAction\":[{\"@type\":\"SearchAction\",\"target\":{\"@type\":\"EntryPoint\",\"urlTemplate\":\"https:\/\/chemsfine.com\/?s={search_term_string}\"},\"query-input\":{\"@type\":\"PropertyValueSpecification\",\"valueRequired\":true,\"valueName\":\"search_term_string\"}}],\"inLanguage\":\"es\"},{\"@type\":\"Organization\",\"@id\":\"https:\/\/chemsfine.com\/#organization\",\"name\":\"Chemsfine\",\"url\":\"https:\/\/chemsfine.com\/\",\"logo\":{\"@type\":\"ImageObject\",\"inLanguage\":\"es\",\"@id\":\"https:\/\/chemsfine.com\/#\/schema\/logo\/image\/\",\"url\":\"https:\/\/chemsfine.com\/wp-content\/uploads\/2024\/09\/final-logo.png\",\"contentUrl\":\"https:\/\/chemsfine.com\/wp-content\/uploads\/2024\/09\/final-logo.png\",\"width\":340,\"height\":72,\"caption\":\"Chemsfine\"},\"image\":{\"@id\":\"https:\/\/chemsfine.com\/#\/schema\/logo\/image\/\"}}]}<\/script>\n<!-- \/ Yoast SEO plugin. -->","yoast_head_json":{"title":"Medicamentos - Chemsfine","description":"Medicamentos, Informaci\u00f3n precisa e imparcial sobre m\u00e1s de 24 000 medicamentos de venta con receta y de venta libre.","robots":{"index":"index","follow":"follow","max-snippet":"max-snippet:-1","max-image-preview":"max-image-preview:large","max-video-preview":"max-video-preview:-1"},"canonical":"https:\/\/chemsfine.com\/es\/como-comprar-medicamentos-en-linea\/","og_locale":"es_ES","og_type":"article","og_title":"Drugs - Chemsfine","og_description":"Drugs, Providing accurate, impartial information on more than 24000 prescription drugs and OTC medications.","og_url":"https:\/\/chemsfine.com\/es\/como-comprar-medicamentos-en-linea\/","og_site_name":"Chemsfine","article_modified_time":"2024-10-06T19:30:35+00:00","twitter_card":"summary_large_image","twitter_misc":{"Tiempo de lectura":"2 minutos"},"schema":{"@context":"https:\/\/schema.org","@graph":[{"@type":"WebPage","@id":"https:\/\/chemsfine.com\/how-to-buy-drugs-online\/","url":"https:\/\/chemsfine.com\/how-to-buy-drugs-online\/","name":"Medicamentos - Chemsfine","isPartOf":{"@id":"https:\/\/chemsfine.com\/#website"},"datePublished":"2024-10-06T19:29:19+00:00","dateModified":"2024-10-06T19:30:35+00:00","description":"Medicamentos, Informaci\u00f3n precisa e imparcial sobre m\u00e1s de 24 000 medicamentos de venta con receta y de venta libre.","breadcrumb":{"@id":"https:\/\/chemsfine.com\/how-to-buy-drugs-online\/#breadcrumb"},"inLanguage":"es","potentialAction":[{"@type":"ReadAction","target":["https:\/\/chemsfine.com\/how-to-buy-drugs-online\/"]}]},{"@type":"BreadcrumbList","@id":"https:\/\/chemsfine.com\/how-to-buy-drugs-online\/#breadcrumb","itemListElement":[{"@type":"ListItem","position":1,"name":"Home","item":"https:\/\/chemsfine.com\/"},{"@type":"ListItem","position":2,"name":"How to Buy Drugs Online"}]},{"@type":"WebSite","@id":"https:\/\/chemsfine.com\/#website","url":"https:\/\/chemsfine.com\/","name":"Chemsfine","description":"Mi blog de WordPress","publisher":{"@id":"https:\/\/chemsfine.com\/#organization"},"potentialAction":[{"@type":"SearchAction","target":{"@type":"EntryPoint","urlTemplate":"https:\/\/chemsfine.com\/?s={search_term_string}"},"query-input":{"@type":"PropertyValueSpecification","valueRequired":true,"valueName":"search_term_string"}}],"inLanguage":"es"},{"@type":"Organization","@id":"https:\/\/chemsfine.com\/#organization","name":"Chemsfine","url":"https:\/\/chemsfine.com\/","logo":{"@type":"ImageObject","inLanguage":"es","@id":"https:\/\/chemsfine.com\/#\/schema\/logo\/image\/","url":"https:\/\/chemsfine.com\/wp-content\/uploads\/2024\/09\/final-logo.png","contentUrl":"https:\/\/chemsfine.com\/wp-content\/uploads\/2024\/09\/final-logo.png","width":340,"height":72,"caption":"Chemsfine"},"image":{"@id":"https:\/\/chemsfine.com\/#\/schema\/logo\/image\/"}}]}},"rttpg_featured_image_url":null,"rttpg_author":{"display_name":"chemsflog18","author_link":"https:\/\/chemsfine.com\/es\/author\/chemsflog18\/"},"rttpg_comment":0,"rttpg_category":null,"rttpg_excerpt":"How to Buy Drugs Online \u2013 Cocaine, LSD, Weed, XTC, MDMA, Heroin, Crystal Meth from&hellip;","_links":{"self":[{"href":"https:\/\/chemsfine.com\/es\/wp-json\/wp\/v2\/pages\/1297","targetHints":{"allow":["GET"]}}],"collection":[{"href":"https:\/\/chemsfine.com\/es\/wp-json\/wp\/v2\/pages"}],"about":[{"href":"https:\/\/chemsfine.com\/es\/wp-json\/wp\/v2\/types\/page"}],"author":[{"embeddable":true,"href":"https:\/\/chemsfine.com\/es\/wp-json\/wp\/v2\/users\/1"}],"replies":[{"embeddable":true,"href":"https:\/\/chemsfine.com\/es\/wp-json\/wp\/v2\/comments?post=1297"}],"version-history":[{"count":0,"href":"https:\/\/chemsfine.com\/es\/wp-json\/wp\/v2\/pages\/1297\/revisions"}],"wp:attachment":[{"href":"https:\/\/chemsfine.com\/es\/wp-json\/wp\/v2\/media?parent=1297"}],"curies":[{"name":"wp","href":"https:\/\/api.w.org\/{rel}","templated":true}]}}