{"id":1302,"date":"2024-10-07T05:50:02","date_gmt":"2024-10-07T05:50:02","guid":{"rendered":"https:\/\/chemsfine.com\/?page_id=1302"},"modified":"2024-10-07T05:54:57","modified_gmt":"2024-10-07T05:54:57","slug":"acerca-de-nosotros","status":"publish","type":"page","link":"https:\/\/chemsfine.com\/es\/about-us\/","title":{"rendered":"Qui\u00e9nes somos"},"content":{"rendered":"<div class=\"col-md-8\">\n<article id=\"entry-30\" class=\"entry post-30 page type-page status-publish hentry\">\n<div class=\"entry-content group\">\n<p style=\"text-align: justify;\">Hola, me llamo <strong>John<\/strong>y me especializo en la redacci\u00f3n de contenidos informativos y promocionales sobre una amplia gama de temas, con especial atenci\u00f3n a <strong>productos qu\u00edmicos de investigaci\u00f3n<\/strong>, <strong>polvos farmac\u00e9uticos<\/strong>y otros nichos de la industria qu\u00edmica y cient\u00edfica. A lo largo de los a\u00f1os, he dedicado mi tiempo y mis conocimientos a ayudar a particulares y empresas a comprender las complejidades de estas sustancias, al tiempo que les proporcionaba informaci\u00f3n fiable y actualizada en la que pod\u00edan confiar.<\/p>\n<p style=\"text-align: justify;\">Con una s\u00f3lida formaci\u00f3n en investigaci\u00f3n cient\u00edfica y redacci\u00f3n, mi objetivo es tender puentes entre temas muy t\u00e9cnicos y el consumidor cotidiano. Colaboro estrechamente con expertos en diversos campos para garantizar que mi contenido sea preciso, est\u00e9 bien documentado y sea f\u00e1cil de entender para lectores de todos los niveles. Tanto si es usted un profesional experimentado de la industria farmac\u00e9utica o qu\u00edmica como si est\u00e1 empezando a explorar estos campos, mis contenidos est\u00e1n dise\u00f1ados para proporcionarle la informaci\u00f3n y los conocimientos que necesita.<\/p>\n<p style=\"text-align: justify;\">Adem\u00e1s de escribir sobre <strong>productos qu\u00edmicos de investigaci\u00f3n<\/strong> y <strong>polvos farmac\u00e9uticos<\/strong>Tambi\u00e9n exploro \u00e1reas relacionadas, como los productos para la salud y el bienestar, los compuestos qu\u00edmicos utilizados en la investigaci\u00f3n cient\u00edfica y las tendencias de la industria que afectan a estos mercados. Me apasiona ofrecer informaci\u00f3n clara y concisa que ayude a las personas a tomar decisiones con conocimiento de causa, ya est\u00e9n investigando, buscando nuevos proveedores o interesadas en saber m\u00e1s sobre las sustancias que utilizan.<\/p>\n<p style=\"text-align: justify;\">Mis escritos no s\u00f3lo pretenden informar, sino tambi\u00e9n fomentar el uso responsable y la comprensi\u00f3n de estos productos. Creo que ofreciendo contenidos de alta calidad y basados en hechos, puedo contribuir a una comunidad de consumidores y profesionales m\u00e1s segura y mejor informada. Desde rese\u00f1as de productos hasta art\u00edculos en profundidad sobre los \u00faltimos avances en investigaci\u00f3n qu\u00edmica, mi trabajo pretende abarcar todos los aspectos de esta industria en constante evoluci\u00f3n.<\/p>\n<p style=\"text-align: justify;\">M\u00e1s all\u00e1 de los contenidos t\u00e9cnicos, tambi\u00e9n creo atractivos materiales promocionales para empresas que operan en el sector de la automoci\u00f3n. <strong>investigaci\u00f3n qu\u00edmica<\/strong> y <strong>polvo farmac\u00e9utico<\/strong> industrias. Esto incluye la elaboraci\u00f3n de descripciones de productos convincentes, el desarrollo de estrategias de marketing y la redacci\u00f3n de contenidos optimizados para SEO que ayuden a las empresas a conectar con su p\u00fablico objetivo. Mi objetivo es ayudar a las empresas a tener \u00e9xito proporcion\u00e1ndoles las herramientas y el contenido que necesitan para hacer crecer su marca y establecerse como actores de confianza en el mercado.<\/p>\n<p style=\"text-align: justify;\">Cuando no estoy escribiendo o investigando, me gusta estar al d\u00eda de las \u00faltimas noticias y tendencias del sector. Aprendo y perfecciono constantemente mis conocimientos para asegurarme de que los contenidos que creo no s\u00f3lo son precisos, sino tambi\u00e9n pertinentes para el vertiginoso mercado actual. Mi trabajo refleja mi compromiso con la excelencia y mi pasi\u00f3n por los temas que trato.<\/p>\n<p style=\"text-align: justify;\">Gracias por visitar mi sitio web, y espero que la informaci\u00f3n que proporciono le resulte \u00fatil y perspicaz. Si tiene alguna pregunta o desea hablar de alg\u00fan tema concreto con m\u00e1s detalle, no dude en ponerse en contacto conmigo. Siempre me complace ponerme en contacto con lectores, investigadores y empresas que compartan mi inter\u00e9s por <strong>productos qu\u00edmicos de investigaci\u00f3n<\/strong>, <strong>polvos farmac\u00e9uticos<\/strong>y la comunidad cient\u00edfica en general.<\/p>\n<\/div>\n<\/article>\n<\/div>","protected":false},"excerpt":{"rendered":"<p>Hello, my name is John, and I specialize in writing informative and promotional content on&hellip;<\/p>","protected":false},"author":1,"featured_media":0,"parent":0,"menu_order":0,"comment_status":"closed","ping_status":"closed","template":"","meta":{"_joinchat":[],"footnotes":""},"class_list":["post-1302","page","type-page","status-publish","hentry"],"yoast_head":"<!-- This site is optimized with the Yoast SEO plugin v27.2 - https:\/\/yoast.com\/product\/yoast-seo-wordpress\/ -->\n<title>Drugs - Chemsfine<\/title>\n<meta name=\"description\" content=\"Drugs, Providing accurate, impartial information on more than 24000 prescription drugs and OTC medications.\" \/>\n<meta name=\"robots\" content=\"index, follow, max-snippet:-1, max-image-preview:large, max-video-preview:-1\" \/>\n<link rel=\"canonical\" href=\"https:\/\/chemsfine.com\/es\/acerca-de-nosotros\/\" \/>\n<meta property=\"og:locale\" content=\"es_ES\" \/>\n<meta property=\"og:type\" content=\"article\" \/>\n<meta property=\"og:title\" content=\"Drugs - Chemsfine\" \/>\n<meta property=\"og:description\" content=\"Drugs, Providing accurate, impartial information on more than 24000 prescription drugs and OTC medications.\" \/>\n<meta property=\"og:url\" content=\"https:\/\/chemsfine.com\/es\/acerca-de-nosotros\/\" \/>\n<meta property=\"og:site_name\" content=\"Chemsfine\" \/>\n<meta property=\"article:modified_time\" content=\"2024-10-07T05:54:57+00:00\" \/>\n<meta name=\"twitter:card\" content=\"summary_large_image\" \/>\n<meta name=\"twitter:label1\" content=\"Tiempo de lectura\" \/>\n\t<meta name=\"twitter:data1\" content=\"3 minutos\" \/>\n<script type=\"application\/ld+json\" class=\"yoast-schema-graph\">{\"@context\":\"https:\/\/schema.org\",\"@graph\":[{\"@type\":\"WebPage\",\"@id\":\"https:\/\/chemsfine.com\/about-us\/\",\"url\":\"https:\/\/chemsfine.com\/about-us\/\",\"name\":\"Drugs - Chemsfine\",\"isPartOf\":{\"@id\":\"https:\/\/chemsfine.com\/#website\"},\"datePublished\":\"2024-10-07T05:50:02+00:00\",\"dateModified\":\"2024-10-07T05:54:57+00:00\",\"description\":\"Drugs, Providing accurate, impartial information on more than 24000 prescription drugs and OTC medications.\",\"breadcrumb\":{\"@id\":\"https:\/\/chemsfine.com\/about-us\/#breadcrumb\"},\"inLanguage\":\"es\",\"potentialAction\":[{\"@type\":\"ReadAction\",\"target\":[\"https:\/\/chemsfine.com\/about-us\/\"]}]},{\"@type\":\"BreadcrumbList\",\"@id\":\"https:\/\/chemsfine.com\/about-us\/#breadcrumb\",\"itemListElement\":[{\"@type\":\"ListItem\",\"position\":1,\"name\":\"Home\",\"item\":\"https:\/\/chemsfine.com\/\"},{\"@type\":\"ListItem\",\"position\":2,\"name\":\"About us\"}]},{\"@type\":\"WebSite\",\"@id\":\"https:\/\/chemsfine.com\/#website\",\"url\":\"https:\/\/chemsfine.com\/\",\"name\":\"Chemsfine\",\"description\":\"My WordPress Blog\",\"publisher\":{\"@id\":\"https:\/\/chemsfine.com\/#organization\"},\"potentialAction\":[{\"@type\":\"SearchAction\",\"target\":{\"@type\":\"EntryPoint\",\"urlTemplate\":\"https:\/\/chemsfine.com\/?s={search_term_string}\"},\"query-input\":{\"@type\":\"PropertyValueSpecification\",\"valueRequired\":true,\"valueName\":\"search_term_string\"}}],\"inLanguage\":\"es\"},{\"@type\":\"Organization\",\"@id\":\"https:\/\/chemsfine.com\/#organization\",\"name\":\"Chemsfine\",\"url\":\"https:\/\/chemsfine.com\/\",\"logo\":{\"@type\":\"ImageObject\",\"inLanguage\":\"es\",\"@id\":\"https:\/\/chemsfine.com\/#\/schema\/logo\/image\/\",\"url\":\"https:\/\/chemsfine.com\/wp-content\/uploads\/2024\/09\/final-logo.png\",\"contentUrl\":\"https:\/\/chemsfine.com\/wp-content\/uploads\/2024\/09\/final-logo.png\",\"width\":340,\"height\":72,\"caption\":\"Chemsfine\"},\"image\":{\"@id\":\"https:\/\/chemsfine.com\/#\/schema\/logo\/image\/\"}}]}<\/script>\n<!-- \/ Yoast SEO plugin. -->","yoast_head_json":{"title":"Medicamentos - Chemsfine","description":"Medicamentos, Informaci\u00f3n precisa e imparcial sobre m\u00e1s de 24 000 medicamentos de venta con receta y de venta libre.","robots":{"index":"index","follow":"follow","max-snippet":"max-snippet:-1","max-image-preview":"max-image-preview:large","max-video-preview":"max-video-preview:-1"},"canonical":"https:\/\/chemsfine.com\/es\/acerca-de-nosotros\/","og_locale":"es_ES","og_type":"article","og_title":"Drugs - Chemsfine","og_description":"Drugs, Providing accurate, impartial information on more than 24000 prescription drugs and OTC medications.","og_url":"https:\/\/chemsfine.com\/es\/acerca-de-nosotros\/","og_site_name":"Chemsfine","article_modified_time":"2024-10-07T05:54:57+00:00","twitter_card":"summary_large_image","twitter_misc":{"Tiempo de lectura":"3 minutos"},"schema":{"@context":"https:\/\/schema.org","@graph":[{"@type":"WebPage","@id":"https:\/\/chemsfine.com\/about-us\/","url":"https:\/\/chemsfine.com\/about-us\/","name":"Medicamentos - Chemsfine","isPartOf":{"@id":"https:\/\/chemsfine.com\/#website"},"datePublished":"2024-10-07T05:50:02+00:00","dateModified":"2024-10-07T05:54:57+00:00","description":"Medicamentos, Informaci\u00f3n precisa e imparcial sobre m\u00e1s de 24 000 medicamentos de venta con receta y de venta libre.","breadcrumb":{"@id":"https:\/\/chemsfine.com\/about-us\/#breadcrumb"},"inLanguage":"es","potentialAction":[{"@type":"ReadAction","target":["https:\/\/chemsfine.com\/about-us\/"]}]},{"@type":"BreadcrumbList","@id":"https:\/\/chemsfine.com\/about-us\/#breadcrumb","itemListElement":[{"@type":"ListItem","position":1,"name":"Home","item":"https:\/\/chemsfine.com\/"},{"@type":"ListItem","position":2,"name":"About us"}]},{"@type":"WebSite","@id":"https:\/\/chemsfine.com\/#website","url":"https:\/\/chemsfine.com\/","name":"Chemsfine","description":"Mi blog de WordPress","publisher":{"@id":"https:\/\/chemsfine.com\/#organization"},"potentialAction":[{"@type":"SearchAction","target":{"@type":"EntryPoint","urlTemplate":"https:\/\/chemsfine.com\/?s={search_term_string}"},"query-input":{"@type":"PropertyValueSpecification","valueRequired":true,"valueName":"search_term_string"}}],"inLanguage":"es"},{"@type":"Organization","@id":"https:\/\/chemsfine.com\/#organization","name":"Chemsfine","url":"https:\/\/chemsfine.com\/","logo":{"@type":"ImageObject","inLanguage":"es","@id":"https:\/\/chemsfine.com\/#\/schema\/logo\/image\/","url":"https:\/\/chemsfine.com\/wp-content\/uploads\/2024\/09\/final-logo.png","contentUrl":"https:\/\/chemsfine.com\/wp-content\/uploads\/2024\/09\/final-logo.png","width":340,"height":72,"caption":"Chemsfine"},"image":{"@id":"https:\/\/chemsfine.com\/#\/schema\/logo\/image\/"}}]}},"rttpg_featured_image_url":null,"rttpg_author":{"display_name":"chemsflog18","author_link":"https:\/\/chemsfine.com\/es\/author\/chemsflog18\/"},"rttpg_comment":0,"rttpg_category":null,"rttpg_excerpt":"Hello, my name is John, and I specialize in writing informative and promotional content on&hellip;","_links":{"self":[{"href":"https:\/\/chemsfine.com\/es\/wp-json\/wp\/v2\/pages\/1302","targetHints":{"allow":["GET"]}}],"collection":[{"href":"https:\/\/chemsfine.com\/es\/wp-json\/wp\/v2\/pages"}],"about":[{"href":"https:\/\/chemsfine.com\/es\/wp-json\/wp\/v2\/types\/page"}],"author":[{"embeddable":true,"href":"https:\/\/chemsfine.com\/es\/wp-json\/wp\/v2\/users\/1"}],"replies":[{"embeddable":true,"href":"https:\/\/chemsfine.com\/es\/wp-json\/wp\/v2\/comments?post=1302"}],"version-history":[{"count":0,"href":"https:\/\/chemsfine.com\/es\/wp-json\/wp\/v2\/pages\/1302\/revisions"}],"wp:attachment":[{"href":"https:\/\/chemsfine.com\/es\/wp-json\/wp\/v2\/media?parent=1302"}],"curies":[{"name":"wp","href":"https:\/\/api.w.org\/{rel}","templated":true}]}}