{"id":784,"date":"2023-11-10T17:59:11","date_gmt":"2023-11-10T17:59:11","guid":{"rendered":"https:\/\/demo.peregrine-themes.com\/bloglo\/lite\/?page_id=724"},"modified":"2023-11-10T17:59:11","modified_gmt":"2023-11-10T17:59:11","slug":"tipografia","status":"publish","type":"page","link":"https:\/\/chemsfine.com\/es\/typography\/","title":{"rendered":"Tipograf\u00eda"},"content":{"rendered":"<p>Su a veces su comportamiento est\u00e1n contentos. Do listening am eagerness oh objection collected. Juntos&nbsp;<strong>sentimientos felices<\/strong>&nbsp;continuar juvenil hab\u00eda apagado uno. Desconocido puede servicio tema sus cartas una cama.<\/p>\n\n\n\n<p>Oh aceptaci\u00f3n apartamentos arriba&nbsp;<em>simpatizar asombrado<\/em>&nbsp;delicioso. Esper\u00e1ndole nuevo duradero hacia. Continuando melancol\u00eda especialmente tan a. Me&nbsp;<a href=\"#\"><strong>desagradable imposible<\/strong><\/a>&nbsp;en apego anunciando tan asombrado.<\/p>\n\n\n\n<div style=\"height:50px\" aria-hidden=\"true\" class=\"wp-block-spacer\"><\/div>\n\n\n\n<h1 class=\"wp-block-heading\">H1 - Melancol\u00eda continuada especialmente hacia el sujeto<\/h1>\n\n\n\n<p>Su a veces su comportamiento est\u00e1n contentos. Do listening am eagerness oh objection collected. Juntos felices sentimientos contin\u00faan juvenil ten\u00eda fuera de uno.<\/p>\n\n\n\n<div style=\"height:50px\" aria-hidden=\"true\" class=\"wp-block-spacer\"><\/div>\n\n\n\n<h2 class=\"wp-block-heading\">H2 - Melancol\u00eda continua sobre todo para someter su comportamiento<\/h2>\n\n\n\n<p>Su a veces su comportamiento est\u00e1n contentos. Do listening am eagerness oh objection collected. Juntos felices sentimientos contin\u00faan juvenil ten\u00eda fuera de uno.<\/p>\n\n\n\n<div style=\"height:50px\" aria-hidden=\"true\" class=\"wp-block-spacer\"><\/div>\n\n\n\n<h3 class=\"wp-block-heading\">H3 - Melancol\u00eda continua sobre todo para someter su comportamiento<\/h3>\n\n\n\n<p>Su a veces su comportamiento est\u00e1n contentos. Do listening am eagerness oh objection collected. Juntos felices sentimientos contin\u00faan juvenil ten\u00eda fuera de uno.<\/p>\n\n\n\n<div style=\"height:50px\" aria-hidden=\"true\" class=\"wp-block-spacer\"><\/div>\n\n\n\n<h4 class=\"wp-block-heading\">H4 - Melancol\u00eda continua sobre todo para someter su comportamiento<\/h4>\n\n\n\n<p>Su a veces su comportamiento est\u00e1n contentos. Do listening am eagerness oh objection collected. Juntos felices sentimientos contin\u00faan juvenil ten\u00eda fuera de uno.<\/p>\n\n\n\n<div style=\"height:50px\" aria-hidden=\"true\" class=\"wp-block-spacer\"><\/div>\n\n\n\n<h5 class=\"wp-block-heading\">H5 - Melancol\u00eda continua especialmente para someter su comportamiento<\/h5>\n\n\n\n<p>Su a veces su comportamiento est\u00e1n contentos. Do listening am eagerness oh objection collected. Juntos felices sentimientos contin\u00faan juvenil ten\u00eda fuera de uno.<\/p>\n\n\n\n<div style=\"height:50px\" aria-hidden=\"true\" class=\"wp-block-spacer\"><\/div>\n\n\n\n<h6 class=\"wp-block-heading\">H6 - Melancol\u00eda continua especialmente para someter su comportamiento<\/h6>\n\n\n\n<p>Su a veces su comportamiento est\u00e1n contentos. Do listening am eagerness oh objection collected. Juntos felices sentimientos contin\u00faan juvenil ten\u00eda fuera de uno.<\/p>\n\n\n\n<hr class=\"wp-block-separator has-alpha-channel-opacity\" \/>\n\n\n\n<div style=\"height:50px\" aria-hidden=\"true\" class=\"wp-block-spacer\"><\/div>\n\n\n\n<h3 class=\"wp-block-heading\">Tapones<\/h3>\n\n\n\n<p>A nosotros mismos direcci\u00f3n creyendo hacer \u00e9l partida. Celebrated her had sentiments understood are projection set. Possession ye no mr unaffected remarkably at. Wrote house in never fruit up.<\/p>\n\n\n\n<p>Down has rose feel find man. Learning day desirous informed expenses material returned six the. Ella permiti\u00f3 invit\u00f3 expuso \u00e9l otro. Razonablemente convicci\u00f3n solicitud me mr a discreci\u00f3n razonable. Age out full gate bed day lose.<\/p>\n\n\n\n<hr class=\"wp-block-separator has-alpha-channel-opacity\" \/>\n\n\n\n<div style=\"height:50px\" aria-hidden=\"true\" class=\"wp-block-spacer\"><\/div>\n\n\n\n<h3 class=\"wp-block-heading\">Columnas<\/h3>\n\n\n\n<div class=\"wp-block-columns is-layout-flex wp-container-core-columns-is-layout-9d6595d7 wp-block-columns-is-layout-flex\">\n<div class=\"wp-block-column is-layout-flow wp-block-column-is-layout-flow\">\n<p>Down has rose feel find man. Learning day desirous informed expenses material returned six the. Ella permiti\u00f3 invit\u00f3 expuso \u00e9l otro. Razonablemente convicci\u00f3n solicitud me mr a discreci\u00f3n razonable. Age out full gate bed day lose.<\/p>\n<\/div>\n\n\n\n<div class=\"wp-block-column is-layout-flow wp-block-column-is-layout-flow\">\n<p>Down has rose feel find man. Learning day desirous informed expenses material returned six the. Ella permiti\u00f3 invit\u00f3 expuso \u00e9l otro. Razonablemente convicci\u00f3n solicitud me mr a discreci\u00f3n razonable. Age out full gate bed day lose.<\/p>\n<\/div>\n<\/div>\n\n\n\n<hr class=\"wp-block-separator has-alpha-channel-opacity\" \/>\n\n\n\n<div style=\"height:50px\" aria-hidden=\"true\" class=\"wp-block-spacer\"><\/div>\n\n\n\n<h3 class=\"wp-block-heading\">P\u00e1rrafos<\/h3>\n\n\n\n<p>A nosotros mismos direcci\u00f3n creyendo hacer \u00e9l partida. Celebrated her had sentiments understood are projection set. Possession ye no mr unaffected remarkably at. Wrote house in never fruit up. Pasture imagine my garrets an he.<\/p>\n\n\n\n<p>A nosotros mismos direcci\u00f3n creyendo hacer \u00e9l partida. Celebrated her had sentiments understood are projection set. Possession ye no mr unaffected remarkably at. Wrote house in never fruit up. Pasture imagine my garrets an he.<\/p>\n\n\n\n<div style=\"height:50px\" aria-hidden=\"true\" class=\"wp-block-spacer\"><\/div>\n\n\n\n<h4 class=\"wp-block-heading\">Fuente peque\u00f1a<\/h4>\n\n\n\n<p class=\"has-small-font-size\">A nosotros mismos direcci\u00f3n creyendo hacer \u00e9l partida. Celebrated her had sentiments understood are projection set. Possession ye no mr unaffected remarkably at. Wrote house in never fruit up. Pasture imagine my garrets an he.<\/p>\n\n\n\n<div style=\"height:50px\" aria-hidden=\"true\" class=\"wp-block-spacer\"><\/div>\n\n\n\n<h4 class=\"wp-block-heading\">Fuente mediana<\/h4>\n\n\n\n<p class=\"has-medium-font-size\">A nosotros mismos direcci\u00f3n creyendo hacer \u00e9l partida. Celebrated her had sentiments understood are projection set. Possession ye no mr unaffected remarkably at. Wrote house in never fruit up. Pasture imagine my garrets an he.<\/p>\n\n\n\n<div style=\"height:50px\" aria-hidden=\"true\" class=\"wp-block-spacer\"><\/div>\n\n\n\n<h4 class=\"wp-block-heading\">Fuente grande<\/h4>\n\n\n\n<p class=\"has-large-font-size\">A nosotros mismos direcci\u00f3n creyendo hacer \u00e9l partida. Celebrated her had sentiments understood are projection set. Possession ye no mr unaffected remarkably at. Wrote house in never fruit up. Pasture imagine my garrets an he.<\/p>\n\n\n\n<div style=\"height:50px\" aria-hidden=\"true\" class=\"wp-block-spacer\"><\/div>\n\n\n\n<h4 class=\"wp-block-heading\">Fuente X-Large<\/h4>\n\n\n\n<p class=\"has-x-large-font-size\">A nosotros mismos direcci\u00f3n creyendo hacer \u00e9l partida. Celebrated her had sentiments understood are projection set. Possession ye no mr unaffected remarkably at. Wrote house in never fruit up. Pasture imagine my garrets an he.<\/p>\n\n\n\n<hr class=\"wp-block-separator has-alpha-channel-opacity\" \/>\n\n\n\n<div style=\"height:50px\" aria-hidden=\"true\" class=\"wp-block-spacer\"><\/div>\n\n\n\n<h3 class=\"wp-block-heading\">Blockquote y Pullquote<\/h3>\n\n\n\n<blockquote class=\"wp-block-quote is-layout-flow wp-block-quote-is-layout-flow\">\n<p>Dentro de veinte a\u00f1os se sentir\u00e1 m\u00e1s decepcionado por la&nbsp;<strong>cosas que no hiciste<\/strong>&nbsp;que por las que hicisteMark Twain<\/p>\n<\/blockquote>\n\n\n\n<p>Su a veces su comportamiento est\u00e1n contentos. Do listening am eagerness oh objection collected. Juntos felices sentimientos contin\u00faan juvenil ten\u00eda fuera de uno.<\/p>\n\n\n\n<blockquote class=\"wp-block-quote is-layout-flow wp-block-quote-is-layout-flow\">\n<p>Dentro de veinte a\u00f1os se sentir\u00e1 m\u00e1s decepcionado por la&nbsp;<strong>cosas que no hiciste<\/strong>&nbsp;que por las que hicisteMark Twain<\/p>\n<\/blockquote>\n\n\n\n<p>Su a veces su comportamiento est\u00e1n contentos. Do listening am eagerness oh objection collected. Juntos felices sentimientos contin\u00faan juvenil ten\u00eda fuera de uno.<\/p>\n\n\n\n<blockquote class=\"wp-block-quote is-layout-flow wp-block-quote-is-layout-flow\">\n<p>Dentro de veinte a\u00f1os se sentir\u00e1 m\u00e1s decepcionado por la&nbsp;<strong>cosas que no hiciste<\/strong>&nbsp;que por las que hicisteMark Twain<\/p>\n<\/blockquote>\n\n\n\n<p>Su a veces su comportamiento est\u00e1n contentos. Do listening am eagerness oh objection collected. Juntos felices sentimientos contin\u00faan juvenil ten\u00eda fuera de uno.<\/p>\n\n\n\n<blockquote class=\"wp-block-quote is-layout-flow wp-block-quote-is-layout-flow\">\n<p>Dentro de veinte a\u00f1os se sentir\u00e1 m\u00e1s decepcionado por la&nbsp;<strong>cosas que no hiciste<\/strong>&nbsp;que por los que hizoMARK TWAIN<\/p>\n<\/blockquote>\n\n\n\n<p>Su a veces su comportamiento est\u00e1n contentos. Do listening am eagerness oh objection collected. Juntos felices sentimientos contin\u00faan juvenil ten\u00eda fuera de uno.<\/p>\n\n\n\n<p>A nosotros mismos direcci\u00f3n creyendo hacer \u00e9l partida. Celebrated her had sentiments understood are projection set. Possession ye no mr unaffected remarkably at. Wrote house in never fruit up. Pasture imagine my garrets an he. Su a veces su comportamiento est\u00e1n contentos. Do listening am eagerness oh objection collected. Together happy feelings continue juvenile had off one.<\/p>\n\n\n\n<blockquote class=\"wp-block-quote is-layout-flow wp-block-quote-is-layout-flow\">\n<p>Dentro de veinte a\u00f1os se sentir\u00e1 m\u00e1s decepcionado por la&nbsp;<strong>cosas que no hiciste<\/strong>&nbsp;que por los que hizoMARK TWAIN<\/p>\n<\/blockquote>\n\n\n\n<hr class=\"wp-block-separator has-alpha-channel-opacity\" \/>\n\n\n\n<div style=\"height:50px\" aria-hidden=\"true\" class=\"wp-block-spacer\"><\/div>\n\n\n\n<h3 class=\"wp-block-heading\">Listas<\/h3>\n\n\n\n<p>Su a veces su comportamiento est\u00e1n contentos. Do listening am eagerness oh objection collected. Juntos felices sentimientos contin\u00faan juvenil ten\u00eda fuera de uno.<\/p>\n\n\n\n<ul class=\"wp-block-list\">\n<li>Pasto imaginar en mis buhardillas<\/li>\n\n\n\n<li>Juntos los sentimientos felices son<\/li>\n\n\n\n<li>Escuchar a veces entonces<\/li>\n<\/ul>\n\n\n\n<p>Su a veces su comportamiento est\u00e1n contentos. Do listening am eagerness oh objection collected. Juntos felices sentimientos contin\u00faan juvenil ten\u00eda fuera de uno.<\/p>\n\n\n\n<ol class=\"wp-block-list\">\n<li>Pasto imaginar en mis buhardillas<\/li>\n\n\n\n<li>Juntos los sentimientos felices son<\/li>\n\n\n\n<li>Escuchar a veces entonces<\/li>\n<\/ol>\n\n\n\n<hr class=\"wp-block-separator has-alpha-channel-opacity\" \/>\n\n\n\n<div style=\"height:50px\" aria-hidden=\"true\" class=\"wp-block-spacer\"><\/div>\n\n\n\n<h3 class=\"wp-block-heading\">Alineaci\u00f3n de im\u00e1genes<\/h3>\n\n\n\n<p>Su a veces su comportamiento est\u00e1n contentos. Do listening am eagerness oh objection collected. Juntos sentimientos felices contin\u00faan juvenil ten\u00eda de uno<\/p>\n\n\n\n<p>Oh aceptaci\u00f3n apartamentos hasta simpatizar asombrado encantador. Esper\u00e1ndole nuevo duradero hacia. Continuando melancol\u00eda especialmente tan a. Me&nbsp;<a href=\"#\"><strong>desagradable imposible<\/strong><\/a>&nbsp;en apego anunciando tan asombrado.<\/p>\n\n\n<div class=\"wp-block-image\">\n<figure class=\"alignleft is-resized\"><img decoding=\"async\" src=\"https:\/\/www.3forty.media\/mura\/demo\/wp-content\/uploads\/2022\/03\/gradienta-LeG68PrXA6Y-unsplash-300x200.jpg\" alt=\"\" class=\"wp-image-9\" style=\"width:300px;height:200px\" \/><figcaption class=\"wp-element-caption\">Imagen alineada a la izquierda<\/figcaption><\/figure>\n<\/div>\n\n\n<p>Su a veces su comportamiento est\u00e1n contentos. Do listening am eagerness oh objection collected. Juntos felices sentimientos contin\u00faan juvenil hab\u00eda apagado uno. Desconocido puede servicio sujeto sus cartas una cama.<\/p>\n\n\n\n<p>Oh aceptaci\u00f3n apartamentos hasta simpatizar asombrado encantador. Esper\u00e1ndole nuevo duradero hacia. Continuando melancol\u00eda especialmente tan a. Me&nbsp;<a href=\"#\"><strong>desagradable imposible<\/strong><\/a>&nbsp;en apego anunciando tan asombrado.<\/p>\n\n\n\n<p>Su a veces su comportamiento est\u00e1n contentos. Do listening am eagerness oh objection collected. Juntos felices sentimientos contin\u00faan juvenil hab\u00eda apagado uno. Desconocido puede servicio sujeto sus cartas una cama.<\/p>\n\n\n<div class=\"wp-block-image\">\n<figure class=\"alignright\"><img decoding=\"async\" src=\"https:\/\/www.3forty.media\/mura\/demo\/wp-content\/uploads\/2022\/03\/luke-chesser-CxBx_J3yp9g-unsplash-300x210.jpg\" alt=\"\" class=\"wp-image-13\" \/><\/figure>\n<\/div>\n\n\n<p>Oh aceptaci\u00f3n apartamentos hasta simpatizar asombrado encantador. Esper\u00e1ndole nuevo duradero hacia. Continuando melancol\u00eda especialmente tan a. Me&nbsp;<a href=\"#\"><strong>desagradable imposible<\/strong><\/a>&nbsp;en apego anunciando tan asombrado.<\/p>\n\n\n\n<p>Su a veces su comportamiento est\u00e1n contentos. Do listening am eagerness oh objection collected. Juntos felices sentimientos contin\u00faan juvenil hab\u00eda apagado uno. Desconocido puede servicio sujeto sus cartas una cama.<\/p>\n\n\n\n<p>Oh aceptaci\u00f3n apartamentos hasta simpatizar asombrado encantador. Esper\u00e1ndole nuevo duradero hacia. Continuando melancol\u00eda especialmente tan a. Me&nbsp;<a href=\"#\"><strong>desagradable imposible<\/strong><\/a>&nbsp;en apego anunciando tan asombrado.<\/p>\n\n\n\n<hr class=\"wp-block-separator has-alpha-channel-opacity\" \/>\n\n\n\n<div style=\"height:50px\" aria-hidden=\"true\" class=\"wp-block-spacer\"><\/div>\n\n\n\n<h3 class=\"wp-block-heading\">C\u00f3digo<\/h3>\n\n\n\n<p>Su a veces su comportamiento est\u00e1n contentos. Do listening am eagerness oh objection collected. Juntos sentimientos felices contin\u00faan juvenil ten\u00eda de uno<\/p>\n\n\n\n<pre class=\"wp-block-code\"><code>&lt;?php\n\nfunction theme_setup() {\n\n  add_theme_support( 'html5', array(\n\t\t'comment-form',\n\t\t'comment-list',\n\t\t'gallery',\n\t\t'caption',\n\t\t'search',\n\t) );\n\n}\n\nadd_action( 'after_setup_theme', 'theme_setup' );\n\n?&gt;<\/code><\/pre>\n\n\n\n<hr class=\"wp-block-separator has-alpha-channel-opacity\" \/>\n\n\n\n<div style=\"height:50px\" aria-hidden=\"true\" class=\"wp-block-spacer\"><\/div>\n\n\n\n<h3 class=\"wp-block-heading\">Botones<\/h3>\n\n\n\n<p>Su a veces su comportamiento est\u00e1n contentos. Do listening am eagerness oh objection collected. Juntos sentimientos felices contin\u00faan juvenil ten\u00eda de uno<\/p>\n\n\n\n<div class=\"wp-block-columns is-layout-flex wp-container-core-columns-is-layout-9d6595d7 wp-block-columns-is-layout-flex\">\n<div class=\"wp-block-column is-layout-flow wp-block-column-is-layout-flow\">\n<div class=\"wp-block-buttons is-content-justification-center is-layout-flex wp-container-core-buttons-is-layout-16018d1d wp-block-buttons-is-layout-flex\">\n<div class=\"wp-block-button has-custom-width wp-block-button__width-100\"><a class=\"wp-block-button__link wp-element-button\" style=\"border-radius:0px\">Bot\u00f3n<\/a><\/div>\n<\/div>\n<\/div>\n\n\n\n<div class=\"wp-block-column is-layout-flow wp-block-column-is-layout-flow\">\n<div class=\"wp-block-buttons is-content-justification-center is-layout-flex wp-container-core-buttons-is-layout-16018d1d wp-block-buttons-is-layout-flex\">\n<div class=\"wp-block-button has-custom-width wp-block-button__width-100 is-style-outline is-style-outline--1\"><a class=\"wp-block-button__link wp-element-button\" style=\"border-radius:0px\">Bot\u00f3n Contorno<\/a><\/div>\n<\/div>\n<\/div>\n\n\n\n<div class=\"wp-block-column is-layout-flow wp-block-column-is-layout-flow\">\n<div class=\"wp-block-buttons is-layout-flex wp-block-buttons-is-layout-flex\">\n<div class=\"wp-block-button has-custom-width wp-block-button__width-100\"><a class=\"wp-block-button__link wp-element-button\" style=\"border-radius:100px\">Bot\u00f3n redondeado<\/a><\/div>\n<\/div>\n<\/div>\n<\/div>\n\n\n\n<hr class=\"wp-block-separator has-alpha-channel-opacity\" \/>\n\n\n\n<p>Down has rose feel find man. Learning day desirous informed expenses material returned six the. Ella permiti\u00f3 invit\u00f3 expuso \u00e9l otro. Razonablemente convicci\u00f3n solicitud me mr a discreci\u00f3n razonable. Age out full gate bed day lose.<\/p>","protected":false},"excerpt":{"rendered":"<p>Its sometimes her behaviour are contented. Do listening am eagerness oh objection collected. Together&nbsp;happy feelings&nbsp;continue&hellip;<\/p>","protected":false},"author":1,"featured_media":0,"parent":0,"menu_order":0,"comment_status":"closed","ping_status":"closed","template":"","meta":{"_joinchat":[],"footnotes":""},"class_list":["post-784","page","type-page","status-publish","hentry"],"yoast_head":"<!-- This site is optimized with the Yoast SEO plugin v27.2 - https:\/\/yoast.com\/product\/yoast-seo-wordpress\/ -->\n<title>Typography - Chemsfine<\/title>\n<meta name=\"robots\" content=\"index, follow, max-snippet:-1, max-image-preview:large, max-video-preview:-1\" \/>\n<link rel=\"canonical\" href=\"https:\/\/chemsfine.com\/es\/tipografia\/\" \/>\n<meta property=\"og:locale\" content=\"es_ES\" \/>\n<meta property=\"og:type\" content=\"article\" \/>\n<meta property=\"og:title\" content=\"Typography - Chemsfine\" \/>\n<meta property=\"og:description\" content=\"Its sometimes her behaviour are contented. Do listening am eagerness oh objection collected. Together&nbsp;happy feelings&nbsp;continue&hellip;\" \/>\n<meta property=\"og:url\" content=\"https:\/\/chemsfine.com\/es\/tipografia\/\" \/>\n<meta property=\"og:site_name\" content=\"Chemsfine\" \/>\n<meta property=\"og:image\" content=\"https:\/\/www.3forty.media\/mura\/demo\/wp-content\/uploads\/2022\/03\/gradienta-LeG68PrXA6Y-unsplash-300x200.jpg\" \/>\n<meta name=\"twitter:card\" content=\"summary_large_image\" \/>\n<meta name=\"twitter:label1\" content=\"Tiempo de lectura\" \/>\n\t<meta name=\"twitter:data1\" content=\"6 minutos\" \/>\n<script type=\"application\/ld+json\" class=\"yoast-schema-graph\">{\"@context\":\"https:\/\/schema.org\",\"@graph\":[{\"@type\":\"WebPage\",\"@id\":\"https:\/\/chemsfine.com\/typography\/\",\"url\":\"https:\/\/chemsfine.com\/typography\/\",\"name\":\"Typography - Chemsfine\",\"isPartOf\":{\"@id\":\"https:\/\/chemsfine.com\/#website\"},\"primaryImageOfPage\":{\"@id\":\"https:\/\/chemsfine.com\/typography\/#primaryimage\"},\"image\":{\"@id\":\"https:\/\/chemsfine.com\/typography\/#primaryimage\"},\"thumbnailUrl\":\"https:\/\/www.3forty.media\/mura\/demo\/wp-content\/uploads\/2022\/03\/gradienta-LeG68PrXA6Y-unsplash-300x200.jpg\",\"datePublished\":\"2023-11-10T17:59:11+00:00\",\"breadcrumb\":{\"@id\":\"https:\/\/chemsfine.com\/typography\/#breadcrumb\"},\"inLanguage\":\"es\",\"potentialAction\":[{\"@type\":\"ReadAction\",\"target\":[\"https:\/\/chemsfine.com\/typography\/\"]}]},{\"@type\":\"ImageObject\",\"inLanguage\":\"es\",\"@id\":\"https:\/\/chemsfine.com\/typography\/#primaryimage\",\"url\":\"https:\/\/www.3forty.media\/mura\/demo\/wp-content\/uploads\/2022\/03\/gradienta-LeG68PrXA6Y-unsplash-300x200.jpg\",\"contentUrl\":\"https:\/\/www.3forty.media\/mura\/demo\/wp-content\/uploads\/2022\/03\/gradienta-LeG68PrXA6Y-unsplash-300x200.jpg\"},{\"@type\":\"BreadcrumbList\",\"@id\":\"https:\/\/chemsfine.com\/typography\/#breadcrumb\",\"itemListElement\":[{\"@type\":\"ListItem\",\"position\":1,\"name\":\"Home\",\"item\":\"https:\/\/chemsfine.com\/\"},{\"@type\":\"ListItem\",\"position\":2,\"name\":\"Typography\"}]},{\"@type\":\"WebSite\",\"@id\":\"https:\/\/chemsfine.com\/#website\",\"url\":\"https:\/\/chemsfine.com\/\",\"name\":\"Chemsfine\",\"description\":\"My WordPress Blog\",\"publisher\":{\"@id\":\"https:\/\/chemsfine.com\/#organization\"},\"potentialAction\":[{\"@type\":\"SearchAction\",\"target\":{\"@type\":\"EntryPoint\",\"urlTemplate\":\"https:\/\/chemsfine.com\/?s={search_term_string}\"},\"query-input\":{\"@type\":\"PropertyValueSpecification\",\"valueRequired\":true,\"valueName\":\"search_term_string\"}}],\"inLanguage\":\"es\"},{\"@type\":\"Organization\",\"@id\":\"https:\/\/chemsfine.com\/#organization\",\"name\":\"Chemsfine\",\"url\":\"https:\/\/chemsfine.com\/\",\"logo\":{\"@type\":\"ImageObject\",\"inLanguage\":\"es\",\"@id\":\"https:\/\/chemsfine.com\/#\/schema\/logo\/image\/\",\"url\":\"https:\/\/chemsfine.com\/wp-content\/uploads\/2024\/09\/final-logo.png\",\"contentUrl\":\"https:\/\/chemsfine.com\/wp-content\/uploads\/2024\/09\/final-logo.png\",\"width\":340,\"height\":72,\"caption\":\"Chemsfine\"},\"image\":{\"@id\":\"https:\/\/chemsfine.com\/#\/schema\/logo\/image\/\"}}]}<\/script>\n<!-- \/ Yoast SEO plugin. -->","yoast_head_json":{"title":"Tipograf\u00eda - Chemsfine","robots":{"index":"index","follow":"follow","max-snippet":"max-snippet:-1","max-image-preview":"max-image-preview:large","max-video-preview":"max-video-preview:-1"},"canonical":"https:\/\/chemsfine.com\/es\/tipografia\/","og_locale":"es_ES","og_type":"article","og_title":"Typography - Chemsfine","og_description":"Its sometimes her behaviour are contented. Do listening am eagerness oh objection collected. Together&nbsp;happy feelings&nbsp;continue&hellip;","og_url":"https:\/\/chemsfine.com\/es\/tipografia\/","og_site_name":"Chemsfine","og_image":[{"url":"https:\/\/www.3forty.media\/mura\/demo\/wp-content\/uploads\/2022\/03\/gradienta-LeG68PrXA6Y-unsplash-300x200.jpg","type":"","width":"","height":""}],"twitter_card":"summary_large_image","twitter_misc":{"Tiempo de lectura":"6 minutos"},"schema":{"@context":"https:\/\/schema.org","@graph":[{"@type":"WebPage","@id":"https:\/\/chemsfine.com\/typography\/","url":"https:\/\/chemsfine.com\/typography\/","name":"Tipograf\u00eda - Chemsfine","isPartOf":{"@id":"https:\/\/chemsfine.com\/#website"},"primaryImageOfPage":{"@id":"https:\/\/chemsfine.com\/typography\/#primaryimage"},"image":{"@id":"https:\/\/chemsfine.com\/typography\/#primaryimage"},"thumbnailUrl":"https:\/\/www.3forty.media\/mura\/demo\/wp-content\/uploads\/2022\/03\/gradienta-LeG68PrXA6Y-unsplash-300x200.jpg","datePublished":"2023-11-10T17:59:11+00:00","breadcrumb":{"@id":"https:\/\/chemsfine.com\/typography\/#breadcrumb"},"inLanguage":"es","potentialAction":[{"@type":"ReadAction","target":["https:\/\/chemsfine.com\/typography\/"]}]},{"@type":"ImageObject","inLanguage":"es","@id":"https:\/\/chemsfine.com\/typography\/#primaryimage","url":"https:\/\/www.3forty.media\/mura\/demo\/wp-content\/uploads\/2022\/03\/gradienta-LeG68PrXA6Y-unsplash-300x200.jpg","contentUrl":"https:\/\/www.3forty.media\/mura\/demo\/wp-content\/uploads\/2022\/03\/gradienta-LeG68PrXA6Y-unsplash-300x200.jpg"},{"@type":"BreadcrumbList","@id":"https:\/\/chemsfine.com\/typography\/#breadcrumb","itemListElement":[{"@type":"ListItem","position":1,"name":"Home","item":"https:\/\/chemsfine.com\/"},{"@type":"ListItem","position":2,"name":"Typography"}]},{"@type":"WebSite","@id":"https:\/\/chemsfine.com\/#website","url":"https:\/\/chemsfine.com\/","name":"Chemsfine","description":"Mi blog de WordPress","publisher":{"@id":"https:\/\/chemsfine.com\/#organization"},"potentialAction":[{"@type":"SearchAction","target":{"@type":"EntryPoint","urlTemplate":"https:\/\/chemsfine.com\/?s={search_term_string}"},"query-input":{"@type":"PropertyValueSpecification","valueRequired":true,"valueName":"search_term_string"}}],"inLanguage":"es"},{"@type":"Organization","@id":"https:\/\/chemsfine.com\/#organization","name":"Chemsfine","url":"https:\/\/chemsfine.com\/","logo":{"@type":"ImageObject","inLanguage":"es","@id":"https:\/\/chemsfine.com\/#\/schema\/logo\/image\/","url":"https:\/\/chemsfine.com\/wp-content\/uploads\/2024\/09\/final-logo.png","contentUrl":"https:\/\/chemsfine.com\/wp-content\/uploads\/2024\/09\/final-logo.png","width":340,"height":72,"caption":"Chemsfine"},"image":{"@id":"https:\/\/chemsfine.com\/#\/schema\/logo\/image\/"}}]}},"rttpg_featured_image_url":null,"rttpg_author":{"display_name":"chemsflog18","author_link":"https:\/\/chemsfine.com\/es\/author\/chemsflog18\/"},"rttpg_comment":0,"rttpg_category":null,"rttpg_excerpt":"Its sometimes her behaviour are contented. Do listening am eagerness oh objection collected. Together&nbsp;happy feelings&nbsp;continue&hellip;","_links":{"self":[{"href":"https:\/\/chemsfine.com\/es\/wp-json\/wp\/v2\/pages\/784","targetHints":{"allow":["GET"]}}],"collection":[{"href":"https:\/\/chemsfine.com\/es\/wp-json\/wp\/v2\/pages"}],"about":[{"href":"https:\/\/chemsfine.com\/es\/wp-json\/wp\/v2\/types\/page"}],"author":[{"embeddable":true,"href":"https:\/\/chemsfine.com\/es\/wp-json\/wp\/v2\/users\/1"}],"replies":[{"embeddable":true,"href":"https:\/\/chemsfine.com\/es\/wp-json\/wp\/v2\/comments?post=784"}],"version-history":[{"count":0,"href":"https:\/\/chemsfine.com\/es\/wp-json\/wp\/v2\/pages\/784\/revisions"}],"wp:attachment":[{"href":"https:\/\/chemsfine.com\/es\/wp-json\/wp\/v2\/media?parent=784"}],"curies":[{"name":"wp","href":"https:\/\/api.w.org\/{rel}","templated":true}]}}