{"id":1690,"date":"2025-06-17T09:10:31","date_gmt":"2025-06-17T09:10:31","guid":{"rendered":"https:\/\/chemsfine.com\/?post_type=product&#038;p=1690"},"modified":"2026-03-25T15:23:29","modified_gmt":"2026-03-25T15:23:29","slug":"buy-k2-herbal-incense","status":"publish","type":"product","link":"https:\/\/chemsfine.com\/es\/product\/buy-k2-herbal-incense\/","title":{"rendered":"Comprar Incienso Herbal K2 Online | Mezcla Herbal Premium"},"content":{"rendered":"<h2><b>\u00bfQu\u00e9 es el incienso K2 Herbal?<\/b><\/h2>\n<p><b>Incienso Herbal K2<\/b> es una mezcla de hierbas sint\u00e9ticas meticulosamente elaborada, dise\u00f1ada espec\u00edficamente para imitar de forma experta los codiciados efectos del cannabis natural. Comercializado con frecuencia como una alternativa legal y accesible, este producto combina una mezcla \u00fanica de hierbas secas cuidadosamente seleccionadas que luego se roc\u00edan con potentes cannabinoides sint\u00e9ticos para crear sus caracter\u00edsticos efectos psicoactivos. Siendo incre\u00edblemente popular dentro de la comunidad qu\u00edmica de investigaci\u00f3n, nuestro premium <b>Venta de incienso K2 Herbal<\/b> ofrece una experiencia fiable de acci\u00f3n r\u00e1pida y notablemente potente para cualquier persona que busque una alternativa a base de hierbas de alta calidad para fumar.<\/p>\n<p>\u00bfEst\u00e1 buscando <b>comprar Incienso Herbal K2 en l\u00ednea<\/b>? Le invitamos a explorar nuestra amplia selecci\u00f3n de Incienso Herbal K2 de primera calidad, que siempre est\u00e1 cuidadosamente formulado y rigurosamente probado en laboratorio para garantizar una seguridad y potencia excepcionales. Tanto si es nuevo en el mundo del incienso herbal como si ya es un usuario experimentado, puede estar seguro de que <b>Comprar incienso K2 en l\u00ednea<\/b> de Chemsfine, el mejor lugar para encontrar este producto. Cuando compre con nosotros, disfrutar\u00e1 de nuestro compromiso de env\u00edo discreto, precios muy asequibles y una atenci\u00f3n al cliente de primer nivel sin igual con cada compra que realice hoy mismo.<\/p>\n<h3><b>\u00bfPor qu\u00e9 comprar incienso de hierbas K2 de calidad superior en l\u00ednea?<\/b><\/h3>\n<p>Cuando tome la decisi\u00f3n de <b>Comprar incienso herbal K2 en l\u00ednea<\/b> Con Chemsfine, usted elige una experiencia superior respaldada por nuestras principales garant\u00edas. Recibir\u00e1 una garant\u00eda de pureza del producto, una calidad inigualable y un servicio de entrega r\u00e1pido y constante hasta la puerta de su casa. Siempre damos prioridad a su completa satisfacci\u00f3n ofreci\u00e9ndole productos a precios excepcionales y competitivos que proceden exclusivamente de los laboratorios m\u00e1s fiables y reputados del sector. Este compromiso inquebrantable con la excelencia es lo que nos convierte en el destino definitivo para cualquiera que busque <b>comprar incienso herbal K2 barato online<\/b> sin tener que renunciar nunca a la calidad superior que se merecen.<\/p>\n<h3><b>Origen y perfil qu\u00edmico del incienso K2 Herbal<\/b><\/h3>\n<p>El producto conocido como <b>Incienso Herbal K2<\/b> se origin\u00f3 como un novedoso producto cannabinoide sint\u00e9tico, meticulosamente desarrollado con el objetivo principal de emular con precisi\u00f3n los conocidos efectos del THC. Su complejo perfil qu\u00edmico incluye una mezcla patentada de hierbas naturales, que se combinan con compuestos cannabinoides sint\u00e9ticos dise\u00f1ados espec\u00edficamente. Estos compuestos est\u00e1n dise\u00f1ados para unirse eficazmente a los cruciales receptores CB1 del cerebro, un proceso que da lugar a los caracter\u00edsticos y potentes efectos psicoactivos del producto. Durante un largo per\u00edodo de tiempo, las f\u00f3rmulas espec\u00edficas han evolucionado continuamente para mejorar significativamente tanto la potencia general del producto como su perfil de seguridad para el consumidor, manteniendo as\u00ed su popularidad duradera en los mercados de incienso de hierbas de todo el mundo.<\/p>\n<h3><b>Usos principales de nuestro incienso de hierbas K2 en venta<\/b><\/h3>\n<p>Nuestro aut\u00e9ntico <b>Incienso Herbal K2<\/b> se utiliza principalmente como una alternativa superior al cannabis tradicional, proporcionando a los usuarios efectos profundamente euf\u00f3ricos y relajantes. Debido a su naturaleza fiable y potente, es ampliamente favorecido para el uso recreativo responsable, as\u00ed como para diversos fines experimentales dentro de la comunidad de investigaci\u00f3n. Este producto es una opci\u00f3n l\u00edder para aquellos que buscan una experiencia potente y eficaz.<\/p>\n<ul>\n<li><b>Mezcla de hierbas cannabinoides sint\u00e9ticas:<\/b> Una mezcla cuidadosamente elaborada de hierbas y compuestos sint\u00e9ticos.<\/li>\n<li><b>Efectos psicoactivos:<\/b> Proporciona potentes efectos muy similares a los del cannabis natural.<\/li>\n<li><b>Alternativa para fumar con fines recreativos:<\/b> Una elecci\u00f3n popular y legal para el disfrute recreativo.<\/li>\n<li><b>Relajaci\u00f3n y mejora del estado de \u00e1nimo:<\/b> Muy utilizado para alcanzar un estado de calma y elevar el estado de \u00e1nimo.<\/li>\n<li><b>Grapa comunitaria de investigaci\u00f3n:<\/b> Muy popular y utilizado con frecuencia en diversas comunidades qu\u00edmicas de investigaci\u00f3n.<\/li>\n<\/ul>\n<h3><b>C\u00f3mo y d\u00f3nde encargar incienso de hierbas K2 en l\u00ednea de forma segura<\/b><\/h3>\n<p>Hacer un pedido de <b>Incienso Herbal K2 en l\u00ednea<\/b> es un proceso refrescantemente f\u00e1cil, seguro y protegido cuando compra directamente a trav\u00e9s de nuestro sitio web oficial de Chemsfine. Nuestra plataforma simplificada le permite simplemente seleccionar el tama\u00f1o de producto que prefiera de entre nuestras opciones disponibles, proceder con nuestra gama de opciones de pago completamente seguras y encriptadas y, a continuaci\u00f3n, disfrutar de nuestros famosos servicios de env\u00edo r\u00e1pidos y totalmente discretos disponibles en todo el mundo. Tomamos todas las medidas posibles para proteger su privacidad personal desde el momento en que realiza el pedido hasta el momento en que lo recibe.<\/p>\n<h3><b>Principales ventajas de comprar incienso K2 Herbal Online en Chemsfine<\/b><\/h3>\n<ul>\n<li><b>Productos rigurosamente probados en laboratorio:<\/b> Cada lote de nuestros <b>Incienso Herbal K2<\/b> es verificada meticulosamente en cuanto a su seguridad y potencia por laboratorios independientes de terceros para garantizar que usted reciba s\u00f3lo lo mejor.<\/li>\n<li><b>Precios altamente competitivos:<\/b> Proporcionamos un acceso incre\u00edblemente asequible al Incienso Herbal K2 de primera calidad, garantizando que reciba el mejor valor por su inversi\u00f3n sin sacrificar la calidad.<\/li>\n<li><b>Entrega totalmente discreta:<\/b> Su privacidad es primordial. Utilizamos embalajes seguros y completamente sin marcar para todos los env\u00edos, a fin de garantizar una confidencialidad y tranquilidad absolutas.<\/li>\n<li><b>Env\u00edo r\u00e1pido y fiable:<\/b> Ofrecemos opciones de entrega excepcionalmente r\u00e1pidas y con seguimiento completo en todo el mundo, para que pueda controlar su pedido desde nuestras instalaciones hasta la puerta de su casa.<\/li>\n<\/ul>\n<h3><b>La importancia de elegir al proveedor adecuado<\/b><\/h3>\n<p>Seleccionar al proveedor ideal es un paso absolutamente crucial para garantizar tanto la calidad del producto como su seguridad personal cuando decida <b>comprar Incienso Herbal K2<\/b>. Un proveedor reputado, como Chemsfine, siempre ofrecer\u00e1 transparencia y respaldar\u00e1 la integridad de sus productos, lo que es esencial para una experiencia positiva.<\/p>\n<h3><b>C\u00f3mo elegir un vendedor fiable de incienso de hierbas K2<\/b><\/h3>\n<ul>\n<li><b>Informes de laboratorio de terceros:<\/b> Aseg\u00farese siempre de que el proveedor pone a su disposici\u00f3n los Certificados de An\u00e1lisis (CoA) de pruebas de laboratorio realizadas por terceros. Esto confirma la pureza y la potencia.<\/li>\n<li><b>Pol\u00edticas de env\u00edo seguro:<\/b> Un vendedor de confianza tendr\u00e1 pol\u00edticas de env\u00edo claras, seguras y totalmente discretas para proteger su privacidad y garantizar que su pedido llegue sano y salvo.<\/li>\n<li><b>M\u00e9todos de pago seguros:<\/b> Utilice \u00fanicamente proveedores que ofrezcan m\u00e9todos de pago completamente encriptados y seguros para proteger su informaci\u00f3n financiera confidencial de cualquier amenaza potencial.<\/li>\n<li><b>Opiniones y reputaci\u00f3n de los clientes:<\/b> T\u00f3mese su tiempo para comprobar a fondo los comentarios aut\u00e9nticos de los clientes y la reputaci\u00f3n general del vendedor en el mercado. Un historial de opiniones positivas es un claro indicador de fiabilidad.<\/li>\n<\/ul>\n<h3><b>Conclusi\u00f3n: El mejor incienso de hierbas K2 disponible<\/b><\/h3>\n<p>En conclusi\u00f3n, nuestra <b>Venta de incienso K2 Herbal<\/b> ofrece una alternativa potente, eficaz y legal al cannabis tradicional. Garantizamos una calidad verificada y una seguridad suprema, especialmente cuando su compra se realiza a un proveedor de confianza y de buena reputaci\u00f3n como Chemsfine. Le animamos a explorar nuestra selecci\u00f3n y <b>Comprar incienso K2 en l\u00ednea<\/b> hoy mismo para comprobar por s\u00ed mismo el nivel de calidad y satisfacci\u00f3n del cliente l\u00edder del sector.<\/p>","protected":false},"excerpt":{"rendered":"<p>Compre productos de calidad <b>Incienso Herbal K2<\/b> online en Chemsfine. Nuestra mezcla de hierbas sint\u00e9ticas de primera calidad ha sido probada en laboratorio para comprobar su pureza y potencia, proporcionando una alternativa fiable para uso recreativo y para investigaci\u00f3n. Pida ahora la mejor K2 disponible.<\/p>","protected":false},"featured_media":1936,"comment_status":"closed","ping_status":"closed","template":"","meta":{"_joinchat":[]},"product_brand":[],"product_cat":[436],"product_tag":[],"class_list":{"0":"post-1690","1":"product","2":"type-product","3":"status-publish","4":"has-post-thumbnail","6":"product_cat-synthetic-cannabinoids","8":"first","9":"instock","10":"shipping-taxable","11":"purchasable","12":"product-type-variable"},"yoast_head":"<!-- This site is optimized with the Yoast SEO plugin v27.2 - https:\/\/yoast.com\/product\/yoast-seo-wordpress\/ -->\n<title>Order K2 Herbal Incense Online | Premium Blend For Sale<\/title>\n<meta name=\"description\" content=\"Looking to buy K2 Herbal Incense online? We offer premium, lab-tested K2 for sale. Enjoy fast, discreet shipping and competitive pricing. Order today!\" \/>\n<meta name=\"robots\" content=\"index, follow, max-snippet:-1, max-image-preview:large, max-video-preview:-1\" \/>\n<link rel=\"canonical\" href=\"https:\/\/chemsfine.com\/es\/producto\/buy-k2-herbal-incense\/\" \/>\n<meta property=\"og:locale\" content=\"es_ES\" \/>\n<meta property=\"og:type\" content=\"article\" \/>\n<meta property=\"og:title\" content=\"Order K2 Herbal Incense Online | Premium Blend For Sale\" \/>\n<meta property=\"og:description\" content=\"Looking to buy K2 Herbal Incense online? We offer premium, lab-tested K2 for sale. Enjoy fast, discreet shipping and competitive pricing. Order today!\" \/>\n<meta property=\"og:url\" content=\"https:\/\/chemsfine.com\/es\/producto\/buy-k2-herbal-incense\/\" \/>\n<meta property=\"og:site_name\" content=\"Chemsfine\" \/>\n<meta property=\"article:modified_time\" content=\"2026-03-25T15:23:29+00:00\" \/>\n<meta property=\"og:image\" content=\"https:\/\/chemsfine.com\/wp-content\/uploads\/2025\/06\/K2-Krauterweihrauch.jpg\" \/>\n\t<meta property=\"og:image:width\" content=\"600\" \/>\n\t<meta property=\"og:image:height\" content=\"600\" \/>\n\t<meta property=\"og:image:type\" content=\"image\/jpeg\" \/>\n<meta name=\"twitter:card\" content=\"summary_large_image\" \/>\n<meta name=\"twitter:label1\" content=\"Tiempo de lectura\" \/>\n\t<meta name=\"twitter:data1\" content=\"3 minutos\" \/>\n<script type=\"application\/ld+json\" class=\"yoast-schema-graph\">{\"@context\":\"https:\/\/schema.org\",\"@graph\":[{\"@type\":\"WebPage\",\"@id\":\"https:\/\/chemsfine.com\/product\/buy-k2-herbal-incense\/\",\"url\":\"https:\/\/chemsfine.com\/product\/buy-k2-herbal-incense\/\",\"name\":\"Order K2 Herbal Incense Online | Premium Blend For Sale\",\"isPartOf\":{\"@id\":\"https:\/\/chemsfine.com\/#website\"},\"primaryImageOfPage\":{\"@id\":\"https:\/\/chemsfine.com\/product\/buy-k2-herbal-incense\/#primaryimage\"},\"image\":{\"@id\":\"https:\/\/chemsfine.com\/product\/buy-k2-herbal-incense\/#primaryimage\"},\"thumbnailUrl\":\"https:\/\/chemsfine.com\/wp-content\/uploads\/2025\/06\/K2-Krauterweihrauch.jpg\",\"datePublished\":\"2025-06-17T09:10:31+00:00\",\"dateModified\":\"2026-03-25T15:23:29+00:00\",\"description\":\"Looking to buy K2 Herbal Incense online? We offer premium, lab-tested K2 for sale. Enjoy fast, discreet shipping and competitive pricing. Order today!\",\"breadcrumb\":{\"@id\":\"https:\/\/chemsfine.com\/product\/buy-k2-herbal-incense\/#breadcrumb\"},\"inLanguage\":\"es\",\"potentialAction\":[{\"@type\":\"ReadAction\",\"target\":[\"https:\/\/chemsfine.com\/product\/buy-k2-herbal-incense\/\"]}]},{\"@type\":\"ImageObject\",\"inLanguage\":\"es\",\"@id\":\"https:\/\/chemsfine.com\/product\/buy-k2-herbal-incense\/#primaryimage\",\"url\":\"https:\/\/chemsfine.com\/wp-content\/uploads\/2025\/06\/K2-Krauterweihrauch.jpg\",\"contentUrl\":\"https:\/\/chemsfine.com\/wp-content\/uploads\/2025\/06\/K2-Krauterweihrauch.jpg\",\"width\":600,\"height\":600,\"caption\":\"K2 herbal incense\"},{\"@type\":\"BreadcrumbList\",\"@id\":\"https:\/\/chemsfine.com\/product\/buy-k2-herbal-incense\/#breadcrumb\",\"itemListElement\":[{\"@type\":\"ListItem\",\"position\":1,\"name\":\"Home\",\"item\":\"https:\/\/chemsfine.com\/\"},{\"@type\":\"ListItem\",\"position\":2,\"name\":\"Shop\",\"item\":\"https:\/\/chemsfine.com\/shop\/\"},{\"@type\":\"ListItem\",\"position\":3,\"name\":\"Buy K2 Herbal Incense Online | Premium Herbal Blend\"}]},{\"@type\":\"WebSite\",\"@id\":\"https:\/\/chemsfine.com\/#website\",\"url\":\"https:\/\/chemsfine.com\/\",\"name\":\"Chemsfine\",\"description\":\"My WordPress Blog\",\"publisher\":{\"@id\":\"https:\/\/chemsfine.com\/#organization\"},\"potentialAction\":[{\"@type\":\"SearchAction\",\"target\":{\"@type\":\"EntryPoint\",\"urlTemplate\":\"https:\/\/chemsfine.com\/?s={search_term_string}\"},\"query-input\":{\"@type\":\"PropertyValueSpecification\",\"valueRequired\":true,\"valueName\":\"search_term_string\"}}],\"inLanguage\":\"es\"},{\"@type\":\"Organization\",\"@id\":\"https:\/\/chemsfine.com\/#organization\",\"name\":\"Chemsfine\",\"url\":\"https:\/\/chemsfine.com\/\",\"logo\":{\"@type\":\"ImageObject\",\"inLanguage\":\"es\",\"@id\":\"https:\/\/chemsfine.com\/#\/schema\/logo\/image\/\",\"url\":\"https:\/\/chemsfine.com\/wp-content\/uploads\/2024\/09\/final-logo.png\",\"contentUrl\":\"https:\/\/chemsfine.com\/wp-content\/uploads\/2024\/09\/final-logo.png\",\"width\":340,\"height\":72,\"caption\":\"Chemsfine\"},\"image\":{\"@id\":\"https:\/\/chemsfine.com\/#\/schema\/logo\/image\/\"}}]}<\/script>\n<!-- \/ Yoast SEO plugin. -->","yoast_head_json":{"title":"Comprar Incienso Herbal K2 Online | Mezcla Premium en Venta","description":"\u00bfBusca comprar Incienso Herbal K2 en l\u00ednea? Ofrecemos K2 de primera calidad, probado en laboratorio para la venta. Disfrute de un env\u00edo r\u00e1pido y discreto y precios competitivos. \u00a1Haz tu pedido hoy!","robots":{"index":"index","follow":"follow","max-snippet":"max-snippet:-1","max-image-preview":"max-image-preview:large","max-video-preview":"max-video-preview:-1"},"canonical":"https:\/\/chemsfine.com\/es\/producto\/buy-k2-herbal-incense\/","og_locale":"es_ES","og_type":"article","og_title":"Order K2 Herbal Incense Online | Premium Blend For Sale","og_description":"Looking to buy K2 Herbal Incense online? We offer premium, lab-tested K2 for sale. Enjoy fast, discreet shipping and competitive pricing. Order today!","og_url":"https:\/\/chemsfine.com\/es\/producto\/buy-k2-herbal-incense\/","og_site_name":"Chemsfine","article_modified_time":"2026-03-25T15:23:29+00:00","og_image":[{"width":600,"height":600,"url":"https:\/\/chemsfine.com\/wp-content\/uploads\/2025\/06\/K2-Krauterweihrauch.jpg","type":"image\/jpeg"}],"twitter_card":"summary_large_image","twitter_misc":{"Tiempo de lectura":"3 minutos"},"schema":{"@context":"https:\/\/schema.org","@graph":[{"@type":"WebPage","@id":"https:\/\/chemsfine.com\/product\/buy-k2-herbal-incense\/","url":"https:\/\/chemsfine.com\/product\/buy-k2-herbal-incense\/","name":"Comprar Incienso Herbal K2 Online | Mezcla Premium en Venta","isPartOf":{"@id":"https:\/\/chemsfine.com\/#website"},"primaryImageOfPage":{"@id":"https:\/\/chemsfine.com\/product\/buy-k2-herbal-incense\/#primaryimage"},"image":{"@id":"https:\/\/chemsfine.com\/product\/buy-k2-herbal-incense\/#primaryimage"},"thumbnailUrl":"https:\/\/chemsfine.com\/wp-content\/uploads\/2025\/06\/K2-Krauterweihrauch.jpg","datePublished":"2025-06-17T09:10:31+00:00","dateModified":"2026-03-25T15:23:29+00:00","description":"\u00bfBusca comprar Incienso Herbal K2 en l\u00ednea? Ofrecemos K2 de primera calidad, probado en laboratorio para la venta. Disfrute de un env\u00edo r\u00e1pido y discreto y precios competitivos. \u00a1Haz tu pedido hoy!","breadcrumb":{"@id":"https:\/\/chemsfine.com\/product\/buy-k2-herbal-incense\/#breadcrumb"},"inLanguage":"es","potentialAction":[{"@type":"ReadAction","target":["https:\/\/chemsfine.com\/product\/buy-k2-herbal-incense\/"]}]},{"@type":"ImageObject","inLanguage":"es","@id":"https:\/\/chemsfine.com\/product\/buy-k2-herbal-incense\/#primaryimage","url":"https:\/\/chemsfine.com\/wp-content\/uploads\/2025\/06\/K2-Krauterweihrauch.jpg","contentUrl":"https:\/\/chemsfine.com\/wp-content\/uploads\/2025\/06\/K2-Krauterweihrauch.jpg","width":600,"height":600,"caption":"K2 herbal incense"},{"@type":"BreadcrumbList","@id":"https:\/\/chemsfine.com\/product\/buy-k2-herbal-incense\/#breadcrumb","itemListElement":[{"@type":"ListItem","position":1,"name":"Home","item":"https:\/\/chemsfine.com\/"},{"@type":"ListItem","position":2,"name":"Shop","item":"https:\/\/chemsfine.com\/shop\/"},{"@type":"ListItem","position":3,"name":"Buy K2 Herbal Incense Online | Premium Herbal Blend"}]},{"@type":"WebSite","@id":"https:\/\/chemsfine.com\/#website","url":"https:\/\/chemsfine.com\/","name":"Chemsfine","description":"Mi blog de WordPress","publisher":{"@id":"https:\/\/chemsfine.com\/#organization"},"potentialAction":[{"@type":"SearchAction","target":{"@type":"EntryPoint","urlTemplate":"https:\/\/chemsfine.com\/?s={search_term_string}"},"query-input":{"@type":"PropertyValueSpecification","valueRequired":true,"valueName":"search_term_string"}}],"inLanguage":"es"},{"@type":"Organization","@id":"https:\/\/chemsfine.com\/#organization","name":"Chemsfine","url":"https:\/\/chemsfine.com\/","logo":{"@type":"ImageObject","inLanguage":"es","@id":"https:\/\/chemsfine.com\/#\/schema\/logo\/image\/","url":"https:\/\/chemsfine.com\/wp-content\/uploads\/2024\/09\/final-logo.png","contentUrl":"https:\/\/chemsfine.com\/wp-content\/uploads\/2024\/09\/final-logo.png","width":340,"height":72,"caption":"Chemsfine"},"image":{"@id":"https:\/\/chemsfine.com\/#\/schema\/logo\/image\/"}}]}},"_links":{"self":[{"href":"https:\/\/chemsfine.com\/es\/wp-json\/wp\/v2\/product\/1690","targetHints":{"allow":["GET"]}}],"collection":[{"href":"https:\/\/chemsfine.com\/es\/wp-json\/wp\/v2\/product"}],"about":[{"href":"https:\/\/chemsfine.com\/es\/wp-json\/wp\/v2\/types\/product"}],"replies":[{"embeddable":true,"href":"https:\/\/chemsfine.com\/es\/wp-json\/wp\/v2\/comments?post=1690"}],"wp:featuredmedia":[{"embeddable":true,"href":"https:\/\/chemsfine.com\/es\/wp-json\/wp\/v2\/media\/1936"}],"wp:attachment":[{"href":"https:\/\/chemsfine.com\/es\/wp-json\/wp\/v2\/media?parent=1690"}],"wp:term":[{"taxonomy":"product_brand","embeddable":true,"href":"https:\/\/chemsfine.com\/es\/wp-json\/wp\/v2\/product_brand?post=1690"},{"taxonomy":"product_cat","embeddable":true,"href":"https:\/\/chemsfine.com\/es\/wp-json\/wp\/v2\/product_cat?post=1690"},{"taxonomy":"product_tag","embeddable":true,"href":"https:\/\/chemsfine.com\/es\/wp-json\/wp\/v2\/product_tag?post=1690"}],"curies":[{"name":"wp","href":"https:\/\/api.w.org\/{rel}","templated":true}]}}