{"id":1692,"date":"2025-06-17T09:11:25","date_gmt":"2025-06-17T09:11:25","guid":{"rendered":"https:\/\/chemsfine.com\/?post_type=product&#038;p=1692"},"modified":"2026-03-25T15:22:57","modified_gmt":"2026-03-25T15:22:57","slug":"comprar-ketamina-online","status":"publish","type":"product","link":"https:\/\/chemsfine.com\/es\/product\/buy-ketamine-online\/","title":{"rendered":"Comprar Ketamina Online | Venta de Ketamina de Alta Pureza"},"content":{"rendered":"<div>\n<p>Si desea <b>comprar Ketamina en venta<\/b>, ha llegado al principal destino en l\u00ednea de compuestos de investigaci\u00f3n de gran pureza. La ketamina es un anest\u00e9sico disociativo de acci\u00f3n r\u00e1pida ampliamente utilizado en entornos m\u00e9dicos y veterinarios por sus potentes propiedades analg\u00e9sicas y sedantes. Desarrollado originalmente en la d\u00e9cada de 1960, este notable compuesto tambi\u00e9n es reconocido por sus efectos psicoactivos \u00fanicos, que han llevado a su uso emergente en tratamientos de salud mental de vanguardia, incluyendo la terapia para la depresi\u00f3n y el TEPT. Conocida por producir estados disociativos y una profunda analgesia, la ketamina sigue siendo un compuesto vers\u00e1til valorado tanto cl\u00ednicamente como en extensas investigaciones.<\/p>\n<p>Cuando necesite <b>comprar Ketamina online<\/b>, Conf\u00ede en Chemsfine para obtener una calidad excepcional. Ofrecemos Ketamina de alta calidad a la venta, procedente directamente de laboratorios certificados y de confianza, y cuya pureza y potencia han sido meticulosamente verificadas. Tanto si sus necesidades son para investigaci\u00f3n m\u00e9dica como para aplicaciones terap\u00e9uticas espec\u00edficas, puede estar seguro de que <b>order Ketamina online<\/b> de los mejores del sector. Disfrute de nuestros precios altamente competitivos, env\u00edos totalmente discretos a todo el mundo y una experiencia de compra segura y sin complicaciones cuando elija <b>comprar Ketamina online<\/b> con nosotros. Nos comprometemos a establecer el est\u00e1ndar del sector en cuanto a excelencia y fiabilidad.<\/p>\n<h2><b>\u00bfQu\u00e9 es la ketamina? Or\u00edgenes y perfil qu\u00edmico<\/b><\/h2>\n<p>La historia de la ketamina se remonta a su primera s\u00edntesis en 1962. R\u00e1pidamente gan\u00f3 popularidad como anest\u00e9sico disociativo revolucionario debido a su r\u00e1pida aparici\u00f3n y a su perfil de seguridad favorable en comparaci\u00f3n con otros agentes de la \u00e9poca. Desde el punto de vista qu\u00edmico, la <b>Ketamina de alta calidad<\/b> se clasifica como una arilciclohexilamina. Su principal mecanismo de acci\u00f3n consiste en antagonizar los receptores NMDA en el cerebro, un proceso que conduce a sus potentes efectos anest\u00e9sicos y psicoactivos \u00fanicos. Esta v\u00eda bioqu\u00edmica distinta es tambi\u00e9n la que sustenta su creciente y prometedor papel en los tratamientos psiqui\u00e1tricos avanzados, lo que la convierte en objeto de intenso inter\u00e9s cient\u00edfico y en una valiosa herramienta para los investigadores.<\/p>\n<h3><b>\u00bfPor qu\u00e9 comprar ketamina online?<\/b><\/h3>\n<p>Comprar Ketamina online a trav\u00e9s de nuestra plataforma de confianza en Chemsfine le garantiza que recibir\u00e1 un producto puro, probado en laboratorio, respaldado por m\u00e9todos de pago seguros y un env\u00edo siempre fiable. Priorizamos la privacidad del cliente y su completa satisfacci\u00f3n por encima de todo, ofreciendo precios competitivos y un embalaje discreto para cada pedido. Este compromiso con la calidad y la seguridad nos convierte en la opci\u00f3n preferida cuando necesite <b>comprar ketamina online barata<\/b> sin comprometer nunca la pureza ni el servicio profesional. Creemos que la <b>la mejor Ketamina disponible<\/b> tambi\u00e9n debe ir acompa\u00f1ada de tranquilidad.<\/p>\n<h4><b>C\u00f3mo elegir un proveedor fiable<\/b><\/h4>\n<p>Seleccionar un proveedor fiable es absolutamente crucial para su seguridad y satisfacci\u00f3n al comprar compuestos qu\u00edmicos en l\u00ednea. Para asegurarse de que se asocia con una fuente de confianza, siga siempre estos pasos fundamentales:<\/p>\n<ul>\n<li><b>Verificar las pruebas de laboratorio:<\/b> Exija siempre certificados de an\u00e1lisis (CoA) de terceros para confirmar la pureza y la potencia. Nosotros los proporcionamos para todos nuestros lotes.<\/li>\n<li><b>Confirme las pol\u00edticas de env\u00edo:<\/b> Aseg\u00farese de que el vendedor tiene pol\u00edticas de env\u00edo seguras, discretas y fiables. Nuestro embalaje sin marcas protege su privacidad.<\/li>\n<li><b>Seguridad en el pago de cheques:<\/b> Su m\u00e9todo de pago debe estar encriptado y ser seguro. Nuestra plataforma utiliza cifrado de \u00faltima generaci\u00f3n para proteger tus datos.<\/li>\n<li><b>Revisar la reputaci\u00f3n:<\/b> Compruebe siempre las opiniones de los clientes y la reputaci\u00f3n general del proveedor dentro de la comunidad investigadora. Nuestro historial habla por s\u00ed solo.<\/li>\n<\/ul>\n<h3><b>Usos de la ketamina<\/b><\/h3>\n<p>La ketamina es un compuesto muy vers\u00e1til que se utiliza en diversos contextos m\u00e9dicos, terap\u00e9uticos y de investigaci\u00f3n. Sus propiedades \u00fanicas la hacen inestimable tanto en entornos cl\u00ednicos como de laboratorio, donde la precisi\u00f3n y la fiabilidad son primordiales.<\/p>\n<ul>\n<li style=\"font-weight: 400\"><span style=\"font-weight: 400\">Anest\u00e9sico general primario en medicina humana y veterinaria.<\/span><\/li>\n<li style=\"font-weight: 400\"><span style=\"font-weight: 400\">Analg\u00e9sico de acci\u00f3n r\u00e1pida para el tratamiento del dolor agudo y cr\u00f3nico.<\/span><\/li>\n<li style=\"font-weight: 400\"><span style=\"font-weight: 400\">Un agente terap\u00e9utico innovador para la depresi\u00f3n resistente al tratamiento y el TEPT.<\/span><\/li>\n<li style=\"font-weight: 400\"><span style=\"font-weight: 400\">Un compuesto de investigaci\u00f3n fundamental para los estudios neurol\u00f3gicos y psiqui\u00e1tricos.<\/span><\/li>\n<li style=\"font-weight: 400\"><span style=\"font-weight: 400\">Un sedante eficaz y agente disociativo utilizado en entornos m\u00e9dicos controlados.<\/span><\/li>\n<\/ul>\n<h3><b>C\u00f3mo y d\u00f3nde encargar ketamina en l\u00ednea<\/b><\/h3>\n<p>Cuando est\u00e9 listo para <b>order Ketamina online<\/b>, El proceso es sencillo y totalmente seguro a trav\u00e9s del sitio web de Chemsfine. S\u00f3lo tiene que ir a la p\u00e1gina del producto, elegir la cantidad deseada y pasar por caja. Puede completar su pago a trav\u00e9s de nuestro sistema totalmente encriptado, que garantiza la confidencialidad de sus datos financieros. Una vez confirmado, su pedido se prepara para un env\u00edo r\u00e1pido y discreto, con un embalaje dise\u00f1ado para proteger tanto el producto como su privacidad, sin importar en qu\u00e9 parte del mundo se encuentre.<\/p>\n<h4><b>Ventajas de Comprar Ketamina Online en Chemsfine<\/b><\/h4>\n<ul>\n<li><b>Productos probados en laboratorio:<\/b> Garantizamos la pureza y potencia de nuestra Ketamina con pruebas de laboratorio verificadas e independientes.<\/li>\n<li><b>Precios competitivos:<\/b> Nuestro eficaz abastecimiento le permite acceder a una ketamina asequible y de alta calidad sin costes ocultos.<\/li>\n<li><b>Entrega discreta:<\/b> Todos los paquetes est\u00e1n protegidos y sin marcar para salvaguardar su privacidad desde el env\u00edo hasta la entrega.<\/li>\n<li><b>Env\u00edos fiables:<\/b> Realizamos entregas r\u00e1pidas y con seguimiento en todo el mundo, para que siempre conozca el estado de su pedido.<\/li>\n<\/ul>\n<h3><b>Conclusi\u00f3n<\/b><\/h3>\n<h4><b>Resumen de prestaciones<\/b><\/h4>\n<p>En resumen, la ketamina ofrece beneficios m\u00e9dicos y terap\u00e9uticos vers\u00e1tiles y significativos. Cuando <b>comprar Ketamina en venta<\/b> de un proveedor en l\u00ednea de confianza como Chemsfine, usted tiene la seguridad de contar con pureza garantizada, calidad verificada y un proceso de compra seguro de principio a fin. Nuestro compromiso es ofrecer a la comunidad investigadora productos de calidad superior y un servicio inigualable.<\/p>\n<h4><b>Recomendaci\u00f3n final<\/b><\/h4>\n<p>Para los investigadores e instituciones que buscan la m\u00e1xima calidad y fiabilidad, nuestra plataforma es inequ\u00edvocamente la <b>mejor lugar para comprar Ketamina online<\/b>. Con nuestro compromiso de realizar pruebas de laboratorio verificadas, precios asequibles y transparentes, y un env\u00edo seguro y discreto, puede <b>order Ketamina online<\/b> hoy mismo y experimente un servicio superior y la excelencia del producto. Conf\u00ede en Chemsfine para todas sus necesidades de investigaci\u00f3n.<\/p>\n<\/div>","protected":false},"excerpt":{"rendered":"<p><b>Comprar Ketamina online<\/b> de un proveedor fiable y acreditado. En Chemsfine, ofrecemos Ketamina (hidrocloruro), un anest\u00e9sico general tambi\u00e9n conocido como Ketolar, de la m\u00e1xima calidad, fabricado con pureza y fiabilidad. Compre de forma segura y discreta a la mejor fuente online.<\/p>","protected":false},"featured_media":1938,"comment_status":"closed","ping_status":"closed","template":"","meta":{"_joinchat":[]},"product_brand":[],"product_cat":[432],"product_tag":[],"class_list":{"0":"post-1692","1":"product","2":"type-product","3":"status-publish","4":"has-post-thumbnail","6":"product_cat-dissociatives","8":"first","9":"instock","10":"shipping-taxable","11":"purchasable","12":"product-type-variable"},"yoast_head":"<!-- This site is optimized with the Yoast SEO plugin v27.2 - https:\/\/yoast.com\/product\/yoast-seo-wordpress\/ -->\n<title>Buy Ketamine Online | Best Price on Lab-Tested Ketamine<\/title>\n<meta name=\"description\" content=\"Looking to buy Ketamine online? Chemsfine offers high-quality, pure Ketamine for sale. Enjoy competitive prices, lab-tested products, and fast, discreet shipping.\" \/>\n<meta name=\"robots\" content=\"index, follow, max-snippet:-1, max-image-preview:large, max-video-preview:-1\" \/>\n<link rel=\"canonical\" href=\"https:\/\/chemsfine.com\/es\/producto\/comprar-ketamina-online\/\" \/>\n<meta property=\"og:locale\" content=\"es_ES\" \/>\n<meta property=\"og:type\" content=\"article\" \/>\n<meta property=\"og:title\" content=\"Buy Ketamine Online | Best Price on Lab-Tested Ketamine\" \/>\n<meta property=\"og:description\" content=\"Looking to buy Ketamine online? Chemsfine offers high-quality, pure Ketamine for sale. Enjoy competitive prices, lab-tested products, and fast, discreet shipping.\" \/>\n<meta property=\"og:url\" content=\"https:\/\/chemsfine.com\/es\/producto\/comprar-ketamina-online\/\" \/>\n<meta property=\"og:site_name\" content=\"Chemsfine\" \/>\n<meta property=\"article:modified_time\" content=\"2026-03-25T15:22:57+00:00\" \/>\n<meta property=\"og:image\" content=\"https:\/\/chemsfine.com\/wp-content\/uploads\/2025\/06\/Ketamine-1kg.jpg\" \/>\n\t<meta property=\"og:image:width\" content=\"600\" \/>\n\t<meta property=\"og:image:height\" content=\"600\" \/>\n\t<meta property=\"og:image:type\" content=\"image\/jpeg\" \/>\n<meta name=\"twitter:card\" content=\"summary_large_image\" \/>\n<meta name=\"twitter:label1\" content=\"Tiempo de lectura\" \/>\n\t<meta name=\"twitter:data1\" content=\"3 minutos\" \/>\n<script type=\"application\/ld+json\" class=\"yoast-schema-graph\">{\"@context\":\"https:\/\/schema.org\",\"@graph\":[{\"@type\":\"WebPage\",\"@id\":\"https:\/\/chemsfine.com\/product\/buy-ketamine-online\/\",\"url\":\"https:\/\/chemsfine.com\/product\/buy-ketamine-online\/\",\"name\":\"Buy Ketamine Online | Best Price on Lab-Tested Ketamine\",\"isPartOf\":{\"@id\":\"https:\/\/chemsfine.com\/#website\"},\"primaryImageOfPage\":{\"@id\":\"https:\/\/chemsfine.com\/product\/buy-ketamine-online\/#primaryimage\"},\"image\":{\"@id\":\"https:\/\/chemsfine.com\/product\/buy-ketamine-online\/#primaryimage\"},\"thumbnailUrl\":\"https:\/\/chemsfine.com\/wp-content\/uploads\/2025\/06\/Ketamine-1kg.jpg\",\"datePublished\":\"2025-06-17T09:11:25+00:00\",\"dateModified\":\"2026-03-25T15:22:57+00:00\",\"description\":\"Looking to buy Ketamine online? Chemsfine offers high-quality, pure Ketamine for sale. Enjoy competitive prices, lab-tested products, and fast, discreet shipping.\",\"breadcrumb\":{\"@id\":\"https:\/\/chemsfine.com\/product\/buy-ketamine-online\/#breadcrumb\"},\"inLanguage\":\"es\",\"potentialAction\":[{\"@type\":\"ReadAction\",\"target\":[\"https:\/\/chemsfine.com\/product\/buy-ketamine-online\/\"]}]},{\"@type\":\"ImageObject\",\"inLanguage\":\"es\",\"@id\":\"https:\/\/chemsfine.com\/product\/buy-ketamine-online\/#primaryimage\",\"url\":\"https:\/\/chemsfine.com\/wp-content\/uploads\/2025\/06\/Ketamine-1kg.jpg\",\"contentUrl\":\"https:\/\/chemsfine.com\/wp-content\/uploads\/2025\/06\/Ketamine-1kg.jpg\",\"width\":600,\"height\":600,\"caption\":\"Ketamine\"},{\"@type\":\"BreadcrumbList\",\"@id\":\"https:\/\/chemsfine.com\/product\/buy-ketamine-online\/#breadcrumb\",\"itemListElement\":[{\"@type\":\"ListItem\",\"position\":1,\"name\":\"Home\",\"item\":\"https:\/\/chemsfine.com\/\"},{\"@type\":\"ListItem\",\"position\":2,\"name\":\"Shop\",\"item\":\"https:\/\/chemsfine.com\/shop\/\"},{\"@type\":\"ListItem\",\"position\":3,\"name\":\"Buy Ketamine Online | High-Purity Ketamine For Sale\"}]},{\"@type\":\"WebSite\",\"@id\":\"https:\/\/chemsfine.com\/#website\",\"url\":\"https:\/\/chemsfine.com\/\",\"name\":\"Chemsfine\",\"description\":\"My WordPress Blog\",\"publisher\":{\"@id\":\"https:\/\/chemsfine.com\/#organization\"},\"potentialAction\":[{\"@type\":\"SearchAction\",\"target\":{\"@type\":\"EntryPoint\",\"urlTemplate\":\"https:\/\/chemsfine.com\/?s={search_term_string}\"},\"query-input\":{\"@type\":\"PropertyValueSpecification\",\"valueRequired\":true,\"valueName\":\"search_term_string\"}}],\"inLanguage\":\"es\"},{\"@type\":\"Organization\",\"@id\":\"https:\/\/chemsfine.com\/#organization\",\"name\":\"Chemsfine\",\"url\":\"https:\/\/chemsfine.com\/\",\"logo\":{\"@type\":\"ImageObject\",\"inLanguage\":\"es\",\"@id\":\"https:\/\/chemsfine.com\/#\/schema\/logo\/image\/\",\"url\":\"https:\/\/chemsfine.com\/wp-content\/uploads\/2024\/09\/final-logo.png\",\"contentUrl\":\"https:\/\/chemsfine.com\/wp-content\/uploads\/2024\/09\/final-logo.png\",\"width\":340,\"height\":72,\"caption\":\"Chemsfine\"},\"image\":{\"@id\":\"https:\/\/chemsfine.com\/#\/schema\/logo\/image\/\"}}]}<\/script>\n<!-- \/ Yoast SEO plugin. -->","yoast_head_json":{"title":"Comprar Ketamina Online | Mejor Precio en Ketamina Probada en Laboratorio","description":"\u00bfQuieres comprar Ketamina online? Chemsfine ofrece Ketamina pura de alta calidad a la venta. Disfruta de precios competitivos, productos probados en laboratorio y env\u00edos r\u00e1pidos y discretos.","robots":{"index":"index","follow":"follow","max-snippet":"max-snippet:-1","max-image-preview":"max-image-preview:large","max-video-preview":"max-video-preview:-1"},"canonical":"https:\/\/chemsfine.com\/es\/producto\/comprar-ketamina-online\/","og_locale":"es_ES","og_type":"article","og_title":"Buy Ketamine Online | Best Price on Lab-Tested Ketamine","og_description":"Looking to buy Ketamine online? Chemsfine offers high-quality, pure Ketamine for sale. Enjoy competitive prices, lab-tested products, and fast, discreet shipping.","og_url":"https:\/\/chemsfine.com\/es\/producto\/comprar-ketamina-online\/","og_site_name":"Chemsfine","article_modified_time":"2026-03-25T15:22:57+00:00","og_image":[{"width":600,"height":600,"url":"https:\/\/chemsfine.com\/wp-content\/uploads\/2025\/06\/Ketamine-1kg.jpg","type":"image\/jpeg"}],"twitter_card":"summary_large_image","twitter_misc":{"Tiempo de lectura":"3 minutos"},"schema":{"@context":"https:\/\/schema.org","@graph":[{"@type":"WebPage","@id":"https:\/\/chemsfine.com\/product\/buy-ketamine-online\/","url":"https:\/\/chemsfine.com\/product\/buy-ketamine-online\/","name":"Comprar Ketamina Online | Mejor Precio en Ketamina Probada en Laboratorio","isPartOf":{"@id":"https:\/\/chemsfine.com\/#website"},"primaryImageOfPage":{"@id":"https:\/\/chemsfine.com\/product\/buy-ketamine-online\/#primaryimage"},"image":{"@id":"https:\/\/chemsfine.com\/product\/buy-ketamine-online\/#primaryimage"},"thumbnailUrl":"https:\/\/chemsfine.com\/wp-content\/uploads\/2025\/06\/Ketamine-1kg.jpg","datePublished":"2025-06-17T09:11:25+00:00","dateModified":"2026-03-25T15:22:57+00:00","description":"\u00bfQuieres comprar Ketamina online? Chemsfine ofrece Ketamina pura de alta calidad a la venta. Disfruta de precios competitivos, productos probados en laboratorio y env\u00edos r\u00e1pidos y discretos.","breadcrumb":{"@id":"https:\/\/chemsfine.com\/product\/buy-ketamine-online\/#breadcrumb"},"inLanguage":"es","potentialAction":[{"@type":"ReadAction","target":["https:\/\/chemsfine.com\/product\/buy-ketamine-online\/"]}]},{"@type":"ImageObject","inLanguage":"es","@id":"https:\/\/chemsfine.com\/product\/buy-ketamine-online\/#primaryimage","url":"https:\/\/chemsfine.com\/wp-content\/uploads\/2025\/06\/Ketamine-1kg.jpg","contentUrl":"https:\/\/chemsfine.com\/wp-content\/uploads\/2025\/06\/Ketamine-1kg.jpg","width":600,"height":600,"caption":"Ketamine"},{"@type":"BreadcrumbList","@id":"https:\/\/chemsfine.com\/product\/buy-ketamine-online\/#breadcrumb","itemListElement":[{"@type":"ListItem","position":1,"name":"Home","item":"https:\/\/chemsfine.com\/"},{"@type":"ListItem","position":2,"name":"Shop","item":"https:\/\/chemsfine.com\/shop\/"},{"@type":"ListItem","position":3,"name":"Buy Ketamine Online | High-Purity Ketamine For Sale"}]},{"@type":"WebSite","@id":"https:\/\/chemsfine.com\/#website","url":"https:\/\/chemsfine.com\/","name":"Chemsfine","description":"Mi blog de WordPress","publisher":{"@id":"https:\/\/chemsfine.com\/#organization"},"potentialAction":[{"@type":"SearchAction","target":{"@type":"EntryPoint","urlTemplate":"https:\/\/chemsfine.com\/?s={search_term_string}"},"query-input":{"@type":"PropertyValueSpecification","valueRequired":true,"valueName":"search_term_string"}}],"inLanguage":"es"},{"@type":"Organization","@id":"https:\/\/chemsfine.com\/#organization","name":"Chemsfine","url":"https:\/\/chemsfine.com\/","logo":{"@type":"ImageObject","inLanguage":"es","@id":"https:\/\/chemsfine.com\/#\/schema\/logo\/image\/","url":"https:\/\/chemsfine.com\/wp-content\/uploads\/2024\/09\/final-logo.png","contentUrl":"https:\/\/chemsfine.com\/wp-content\/uploads\/2024\/09\/final-logo.png","width":340,"height":72,"caption":"Chemsfine"},"image":{"@id":"https:\/\/chemsfine.com\/#\/schema\/logo\/image\/"}}]}},"_links":{"self":[{"href":"https:\/\/chemsfine.com\/es\/wp-json\/wp\/v2\/product\/1692","targetHints":{"allow":["GET"]}}],"collection":[{"href":"https:\/\/chemsfine.com\/es\/wp-json\/wp\/v2\/product"}],"about":[{"href":"https:\/\/chemsfine.com\/es\/wp-json\/wp\/v2\/types\/product"}],"replies":[{"embeddable":true,"href":"https:\/\/chemsfine.com\/es\/wp-json\/wp\/v2\/comments?post=1692"}],"wp:featuredmedia":[{"embeddable":true,"href":"https:\/\/chemsfine.com\/es\/wp-json\/wp\/v2\/media\/1938"}],"wp:attachment":[{"href":"https:\/\/chemsfine.com\/es\/wp-json\/wp\/v2\/media?parent=1692"}],"wp:term":[{"taxonomy":"product_brand","embeddable":true,"href":"https:\/\/chemsfine.com\/es\/wp-json\/wp\/v2\/product_brand?post=1692"},{"taxonomy":"product_cat","embeddable":true,"href":"https:\/\/chemsfine.com\/es\/wp-json\/wp\/v2\/product_cat?post=1692"},{"taxonomy":"product_tag","embeddable":true,"href":"https:\/\/chemsfine.com\/es\/wp-json\/wp\/v2\/product_tag?post=1692"}],"curies":[{"name":"wp","href":"https:\/\/api.w.org\/{rel}","templated":true}]}}