{"id":1701,"date":"2025-06-17T09:35:58","date_gmt":"2025-06-17T09:35:58","guid":{"rendered":"https:\/\/chemsfine.com\/?post_type=product&#038;p=1701"},"modified":"2026-03-25T15:19:00","modified_gmt":"2026-03-25T15:19:00","slug":"buy-n-ethylhexedrone","status":"publish","type":"product","link":"https:\/\/chemsfine.com\/es\/product\/buy-n-ethylhexedrone\/","title":{"rendered":"Comprar N-etilhexedrona online | Qu\u00edmica de investigaci\u00f3n de alta pureza"},"content":{"rendered":"<h2><b>Comprar N-Etilhexedrona Online | Calidad superior | Entrega r\u00e1pida y discreta<\/b><\/h2>\n<p>Para los investigadores que buscan una fuente fiable para sus estudios, la oportunidad de <b>Comprar N-etilhexedrona en venta<\/b> es un primer paso fundamental. Ofrecemos un compuesto de primera calidad cuya pureza se ha comprobado meticulosamente, lo que garantiza que su investigaci\u00f3n se base en la calidad y la coherencia. La N-etilhexedrona es un potente estimulante sint\u00e9tico con amplias aplicaciones en investigaci\u00f3n, y obtenerlo de una fuente fiable es primordial para lograr resultados precisos y reproducibles. Nuestra plataforma se dedica a proporcionar a los investigadores N-etilhexedrona aut\u00e9ntica y de gran pureza, respaldada por un servicio excepcional y un compromiso con la integridad cient\u00edfica.<\/p>\n<h2>\u00bfQu\u00e9 es la N-etilhexedrona?<\/h2>\n<p>La N-etilhexedrona es un estimulante sint\u00e9tico perteneciente a la clase de las catinonas, ampliamente reconocido por sus potentes efectos energizantes y de mejora del estado de \u00e1nimo. Como sustancia qu\u00edmica de investigaci\u00f3n, ofrece valiosos conocimientos sobre la farmacolog\u00eda de los estimulantes y las complejas interacciones neuroqu\u00edmicas. Qu\u00edmicamente relacionada con otras catinonas sustituidas, funciona principalmente como inhibidor de la recaptaci\u00f3n de norepinefrina-dopamina (NDRI). Este mecanismo de acci\u00f3n provoca un aumento de las concentraciones sin\u00e1pticas de estos neurotransmisores clave, lo que se traduce en un mayor estado de alerta, una mejora de la concentraci\u00f3n y un estado de euforia. Desarrollado por primera vez para estudiar los efectos estimulantes sobre el sistema nervioso central, su estructura qu\u00edmica \u00fanica est\u00e1 optimizada para la investigaci\u00f3n de la estimulaci\u00f3n cognitiva y conductual. Cuando se adquiere <b>N-etilhexedrona de primera calidad<\/b>, Con este compuesto, usted est\u00e1 equipando su laboratorio con un compuesto dise\u00f1ado para aplicaciones de investigaci\u00f3n potentes y controladas, en particular las que exploran la mejora cognitiva y la neuroqu\u00edmica relacionada con la energ\u00eda.<\/p>\n<h2>\u00bfPor qu\u00e9 comprar N-etilhexedrona online en chemsfine?<\/h2>\n<p>Cuando decide comprar productos qu\u00edmicos para investigaci\u00f3n, la confianza y la transparencia no son negociables. En chemsfine, nos distinguimos como proveedor l\u00edder al priorizar estos valores por encima de todo lo dem\u00e1s. Nuestro compromiso con la calidad se demuestra mediante rigurosas pruebas de laboratorio independientes para cada lote de N-etilhexedrona que almacenamos. Ponemos a su disposici\u00f3n el Certificado de An\u00e1lisis (COA) para que pueda estar completamente seguro de la pureza e identidad del producto que recibe. En consecuencia, se nos considera el <b>La mejor N-etilhexedrona disponible<\/b> del mercado. Adem\u00e1s, creemos en unos precios justos y transparentes, sin cargos ocultos, que le permitan presupuestar su investigaci\u00f3n de forma eficaz. Nuestra plataforma est\u00e1 construida sobre una base de fiabilidad, desde nuestras pasarelas de pago seguras y encriptadas hasta nuestro equipo de atenci\u00f3n al cliente, receptivo y bien informado. Elegir chemsfine significa elegir un socio dedicado a apoyar su investigaci\u00f3n con una calidad y un servicio inigualables.<\/p>\n<h2>Aplicaciones de la N-etilhexedrona<\/h2>\n<p>La N-etilhexedrona se utiliza principalmente como compuesto de investigaci\u00f3n en laboratorio. Su marcado perfil farmacol\u00f3gico la convierte en objeto de inter\u00e9s para diversas investigaciones cient\u00edficas. Entre sus principales aplicaciones se incluyen:<\/p>\n<ul>\n<li><b>Estudios neurofarmacol\u00f3gicos:<\/b> Investigaci\u00f3n de los efectos de los inhibidores de la recaptaci\u00f3n de norepinefrina-dopamina en las v\u00edas neuronales y los sistemas de neurotransmisores.<\/li>\n<li><b>Estimulaci\u00f3n cognitiva y mental:<\/b> Investigar su potencial para mejorar las funciones cognitivas, como la memoria, la atenci\u00f3n y el procesamiento ejecutivo, en modelos controlados.<\/li>\n<li><b>Mayor atenci\u00f3n y concentraci\u00f3n:<\/b> Analizar su papel en el mantenimiento de la atenci\u00f3n y la concentraci\u00f3n, lo que es relevante para los estudios sobre los trastornos por d\u00e9ficit de atenci\u00f3n.<\/li>\n<li><b>Elevaci\u00f3n del estado de \u00e1nimo y euforia:<\/b> Explorar los mecanismos que subyacen a sus propiedades para mejorar el estado de \u00e1nimo y comprender mejor el sistema de recompensa del cerebro.<\/li>\n<li><b>Apoyo a la energ\u00eda y el estado de alerta:<\/b> Estudiar su impacto en la vigilia y la energ\u00eda f\u00edsica, aportando ideas para el tratamiento de las afecciones relacionadas con la fatiga.<\/li>\n<li><b>Farmacolog\u00eda del comportamiento:<\/b> Se utiliza como compuesto de referencia en estudios que comparan los efectos de diversos estimulantes sint\u00e9ticos.<\/li>\n<\/ul>\n<h2>Seguridad y conformidad<\/h2>\n<p>La manipulaci\u00f3n de N-etilhexedrona requiere el cumplimiento estricto de los protocolos de seguridad para garantizar el bienestar del personal de laboratorio y la integridad de la investigaci\u00f3n. Toda manipulaci\u00f3n debe realizarse en un entorno de laboratorio bien ventilado, preferiblemente dentro de una campana extractora. Los investigadores deben utilizar un equipo de protecci\u00f3n personal (EPP) adecuado, que incluya gafas de seguridad, guantes resistentes a los productos qu\u00edmicos y una bata de laboratorio. Es crucial evitar la inhalaci\u00f3n de polvo o el contacto directo con la piel. Adem\u00e1s, los investigadores son responsables de comprender y cumplir todas las normativas locales, regionales y nacionales relativas a la compra, manipulaci\u00f3n y uso de este producto qu\u00edmico de investigaci\u00f3n. Proporcionamos una ficha de datos de seguridad (FDS) para describir todos los peligros conocidos y los procedimientos de manipulaci\u00f3n, garantizando que pueda trabajar de forma segura y cumpliendo todas las normativas.<\/p>\n<h2>\u00bfPor qu\u00e9 elegirnos?<\/h2>\n<p>Elegir el proveedor adecuado es una decisi\u00f3n cr\u00edtica que repercute en la calidad de su investigaci\u00f3n. Ofrecemos numerosas ventajas que nos convierten en la opci\u00f3n preferida de cient\u00edficos de todo el mundo. Cuando usted <b>Comprar N-etilhexedrona en l\u00ednea<\/b> de nuestra plataforma, tendr\u00e1 acceso a compuestos de alta calidad y pureza probada que ofrecen resultados uniformes y fiables. Nuestro \u00e1gil proceso de pedido en l\u00ednea es c\u00f3modo y accesible desde cualquier parte del mundo, lo que le ahorra tiempo y esfuerzo. Ofrecemos una amplia gama de opciones de pago seguras, incluidas criptomonedas y tarjetas de cr\u00e9dito, todas ellas procesadas a trav\u00e9s de pasarelas cifradas para proteger sus datos financieros. Y lo que es m\u00e1s importante, garantizamos una entrega discreta y fiable. Nuestro embalaje no es descriptivo para garantizar su privacidad, y nuestros r\u00e1pidos env\u00edos a todo el mundo garantizan que sus proyectos se mantengan seg\u00fan lo previsto. Con nuestros precios competitivos, puede adquirir compuestos de primera calidad sin comprometer su presupuesto.<\/p>\n<h2>Conclusi\u00f3n<\/h2>\n<p>En resumen, la N-etilhexedrona es un potente estimulante sint\u00e9tico con un valor significativo para la investigaci\u00f3n sobre la mejora cognitiva y la neurofarmacolog\u00eda. Para garantizar el \u00e9xito y la seguridad de su trabajo, es esencial <b>Comprar N-etilhexedrona en venta<\/b> de una fuente fiable y probada en laboratorio que garantiza calidad, pureza y discreci\u00f3n. Nuestra plataforma se dedica a satisfacer estas necesidades ofreciendo N-Etilhexedrona de primera calidad con precios competitivos, m\u00e9todos de pago seguros y env\u00edo r\u00e1pido y discreto. Compra con confianza en chemsfine, el mejor lugar para comprar N-etilhexedrona online, y potencia tu viaje de investigaci\u00f3n con un producto hecho a medida para la excelencia y la satisfacci\u00f3n.<\/p>","protected":false},"excerpt":{"rendered":"<p>Explore la N-etilhexedrona de m\u00e1xima calidad para sus necesidades de investigaci\u00f3n. Nuestro producto se somete a pruebas de laboratorio para garantizar su pureza, por lo que es ideal para estudios de farmacolog\u00eda de estimulantes. <b>Comprar N-etilhexedrona en l\u00ednea<\/b> en chemsfine para obtener compuestos fiables y de primera calidad entregados discretamente en su laboratorio.<\/p>","protected":false},"featured_media":1956,"comment_status":"closed","ping_status":"closed","template":"","meta":{"_joinchat":[]},"product_brand":[],"product_cat":[435],"product_tag":[],"class_list":{"0":"post-1701","1":"product","2":"type-product","3":"status-publish","4":"has-post-thumbnail","6":"product_cat-synthetic-cathinones","8":"first","9":"instock","10":"shipping-taxable","11":"purchasable","12":"product-type-variable"},"yoast_head":"<!-- This site is optimized with the Yoast SEO plugin v27.2 - https:\/\/yoast.com\/product\/yoast-seo-wordpress\/ -->\n<title>Buy N-Ethylhexedrone Online | Best Price &amp; Quality for Sale<\/title>\n<meta name=\"description\" content=\"Order top-quality N-Ethylhexedrone online from a trusted supplier. We offer lab-tested, high-purity N-Ethylhexedrone for sale with fast, discreet shipping.\" \/>\n<meta name=\"robots\" content=\"index, follow, max-snippet:-1, max-image-preview:large, max-video-preview:-1\" \/>\n<link rel=\"canonical\" href=\"https:\/\/chemsfine.com\/es\/producto\/buy-n-ethylhexedrone\/\" \/>\n<meta property=\"og:locale\" content=\"es_ES\" \/>\n<meta property=\"og:type\" content=\"article\" \/>\n<meta property=\"og:title\" content=\"Buy N-Ethylhexedrone Online | Best Price &amp; Quality for Sale\" \/>\n<meta property=\"og:description\" content=\"Order top-quality N-Ethylhexedrone online from a trusted supplier. We offer lab-tested, high-purity N-Ethylhexedrone for sale with fast, discreet shipping.\" \/>\n<meta property=\"og:url\" content=\"https:\/\/chemsfine.com\/es\/producto\/buy-n-ethylhexedrone\/\" \/>\n<meta property=\"og:site_name\" content=\"Chemsfine\" \/>\n<meta property=\"article:modified_time\" content=\"2026-03-25T15:19:00+00:00\" \/>\n<meta property=\"og:image\" content=\"https:\/\/chemsfine.com\/wp-content\/uploads\/2025\/06\/N-Ethylhexedrone-1kg.jpg\" \/>\n\t<meta property=\"og:image:width\" content=\"600\" \/>\n\t<meta property=\"og:image:height\" content=\"600\" \/>\n\t<meta property=\"og:image:type\" content=\"image\/jpeg\" \/>\n<meta name=\"twitter:card\" content=\"summary_large_image\" \/>\n<meta name=\"twitter:label1\" content=\"Tiempo de lectura\" \/>\n\t<meta name=\"twitter:data1\" content=\"3 minutos\" \/>\n<script type=\"application\/ld+json\" class=\"yoast-schema-graph\">{\"@context\":\"https:\/\/schema.org\",\"@graph\":[{\"@type\":\"WebPage\",\"@id\":\"https:\/\/chemsfine.com\/product\/buy-n-ethylhexedrone\/\",\"url\":\"https:\/\/chemsfine.com\/product\/buy-n-ethylhexedrone\/\",\"name\":\"Buy N-Ethylhexedrone Online | Best Price & Quality for Sale\",\"isPartOf\":{\"@id\":\"https:\/\/chemsfine.com\/#website\"},\"primaryImageOfPage\":{\"@id\":\"https:\/\/chemsfine.com\/product\/buy-n-ethylhexedrone\/#primaryimage\"},\"image\":{\"@id\":\"https:\/\/chemsfine.com\/product\/buy-n-ethylhexedrone\/#primaryimage\"},\"thumbnailUrl\":\"https:\/\/chemsfine.com\/wp-content\/uploads\/2025\/06\/N-Ethylhexedrone-1kg.jpg\",\"datePublished\":\"2025-06-17T09:35:58+00:00\",\"dateModified\":\"2026-03-25T15:19:00+00:00\",\"description\":\"Order top-quality N-Ethylhexedrone online from a trusted supplier. We offer lab-tested, high-purity N-Ethylhexedrone for sale with fast, discreet shipping.\",\"breadcrumb\":{\"@id\":\"https:\/\/chemsfine.com\/product\/buy-n-ethylhexedrone\/#breadcrumb\"},\"inLanguage\":\"es\",\"potentialAction\":[{\"@type\":\"ReadAction\",\"target\":[\"https:\/\/chemsfine.com\/product\/buy-n-ethylhexedrone\/\"]}]},{\"@type\":\"ImageObject\",\"inLanguage\":\"es\",\"@id\":\"https:\/\/chemsfine.com\/product\/buy-n-ethylhexedrone\/#primaryimage\",\"url\":\"https:\/\/chemsfine.com\/wp-content\/uploads\/2025\/06\/N-Ethylhexedrone-1kg.jpg\",\"contentUrl\":\"https:\/\/chemsfine.com\/wp-content\/uploads\/2025\/06\/N-Ethylhexedrone-1kg.jpg\",\"width\":600,\"height\":600,\"caption\":\"N-Ethylhexedrone\"},{\"@type\":\"BreadcrumbList\",\"@id\":\"https:\/\/chemsfine.com\/product\/buy-n-ethylhexedrone\/#breadcrumb\",\"itemListElement\":[{\"@type\":\"ListItem\",\"position\":1,\"name\":\"Home\",\"item\":\"https:\/\/chemsfine.com\/\"},{\"@type\":\"ListItem\",\"position\":2,\"name\":\"Shop\",\"item\":\"https:\/\/chemsfine.com\/shop\/\"},{\"@type\":\"ListItem\",\"position\":3,\"name\":\"Buy N-Ethylhexedrone Online | High Purity Research Chemical\"}]},{\"@type\":\"WebSite\",\"@id\":\"https:\/\/chemsfine.com\/#website\",\"url\":\"https:\/\/chemsfine.com\/\",\"name\":\"Chemsfine\",\"description\":\"My WordPress Blog\",\"publisher\":{\"@id\":\"https:\/\/chemsfine.com\/#organization\"},\"potentialAction\":[{\"@type\":\"SearchAction\",\"target\":{\"@type\":\"EntryPoint\",\"urlTemplate\":\"https:\/\/chemsfine.com\/?s={search_term_string}\"},\"query-input\":{\"@type\":\"PropertyValueSpecification\",\"valueRequired\":true,\"valueName\":\"search_term_string\"}}],\"inLanguage\":\"es\"},{\"@type\":\"Organization\",\"@id\":\"https:\/\/chemsfine.com\/#organization\",\"name\":\"Chemsfine\",\"url\":\"https:\/\/chemsfine.com\/\",\"logo\":{\"@type\":\"ImageObject\",\"inLanguage\":\"es\",\"@id\":\"https:\/\/chemsfine.com\/#\/schema\/logo\/image\/\",\"url\":\"https:\/\/chemsfine.com\/wp-content\/uploads\/2024\/09\/final-logo.png\",\"contentUrl\":\"https:\/\/chemsfine.com\/wp-content\/uploads\/2024\/09\/final-logo.png\",\"width\":340,\"height\":72,\"caption\":\"Chemsfine\"},\"image\":{\"@id\":\"https:\/\/chemsfine.com\/#\/schema\/logo\/image\/\"}}]}<\/script>\n<!-- \/ Yoast SEO plugin. -->","yoast_head_json":{"title":"Comprar N-etilhexedrona en l\u00ednea | Mejor precio y calidad para la venta","description":"Pida en l\u00ednea N-etilhexedrona de alta calidad a un proveedor de confianza. Ofrecemos laboratorio probado, de alta pureza N-Etilhexedrona a la venta con el env\u00edo r\u00e1pido y discreto.","robots":{"index":"index","follow":"follow","max-snippet":"max-snippet:-1","max-image-preview":"max-image-preview:large","max-video-preview":"max-video-preview:-1"},"canonical":"https:\/\/chemsfine.com\/es\/producto\/buy-n-ethylhexedrone\/","og_locale":"es_ES","og_type":"article","og_title":"Buy N-Ethylhexedrone Online | Best Price & Quality for Sale","og_description":"Order top-quality N-Ethylhexedrone online from a trusted supplier. We offer lab-tested, high-purity N-Ethylhexedrone for sale with fast, discreet shipping.","og_url":"https:\/\/chemsfine.com\/es\/producto\/buy-n-ethylhexedrone\/","og_site_name":"Chemsfine","article_modified_time":"2026-03-25T15:19:00+00:00","og_image":[{"width":600,"height":600,"url":"https:\/\/chemsfine.com\/wp-content\/uploads\/2025\/06\/N-Ethylhexedrone-1kg.jpg","type":"image\/jpeg"}],"twitter_card":"summary_large_image","twitter_misc":{"Tiempo de lectura":"3 minutos"},"schema":{"@context":"https:\/\/schema.org","@graph":[{"@type":"WebPage","@id":"https:\/\/chemsfine.com\/product\/buy-n-ethylhexedrone\/","url":"https:\/\/chemsfine.com\/product\/buy-n-ethylhexedrone\/","name":"Comprar N-etilhexedrona en l\u00ednea | Mejor precio y calidad para la venta","isPartOf":{"@id":"https:\/\/chemsfine.com\/#website"},"primaryImageOfPage":{"@id":"https:\/\/chemsfine.com\/product\/buy-n-ethylhexedrone\/#primaryimage"},"image":{"@id":"https:\/\/chemsfine.com\/product\/buy-n-ethylhexedrone\/#primaryimage"},"thumbnailUrl":"https:\/\/chemsfine.com\/wp-content\/uploads\/2025\/06\/N-Ethylhexedrone-1kg.jpg","datePublished":"2025-06-17T09:35:58+00:00","dateModified":"2026-03-25T15:19:00+00:00","description":"Pida en l\u00ednea N-etilhexedrona de alta calidad a un proveedor de confianza. Ofrecemos laboratorio probado, de alta pureza N-Etilhexedrona a la venta con el env\u00edo r\u00e1pido y discreto.","breadcrumb":{"@id":"https:\/\/chemsfine.com\/product\/buy-n-ethylhexedrone\/#breadcrumb"},"inLanguage":"es","potentialAction":[{"@type":"ReadAction","target":["https:\/\/chemsfine.com\/product\/buy-n-ethylhexedrone\/"]}]},{"@type":"ImageObject","inLanguage":"es","@id":"https:\/\/chemsfine.com\/product\/buy-n-ethylhexedrone\/#primaryimage","url":"https:\/\/chemsfine.com\/wp-content\/uploads\/2025\/06\/N-Ethylhexedrone-1kg.jpg","contentUrl":"https:\/\/chemsfine.com\/wp-content\/uploads\/2025\/06\/N-Ethylhexedrone-1kg.jpg","width":600,"height":600,"caption":"N-Ethylhexedrone"},{"@type":"BreadcrumbList","@id":"https:\/\/chemsfine.com\/product\/buy-n-ethylhexedrone\/#breadcrumb","itemListElement":[{"@type":"ListItem","position":1,"name":"Home","item":"https:\/\/chemsfine.com\/"},{"@type":"ListItem","position":2,"name":"Shop","item":"https:\/\/chemsfine.com\/shop\/"},{"@type":"ListItem","position":3,"name":"Buy N-Ethylhexedrone Online | High Purity Research Chemical"}]},{"@type":"WebSite","@id":"https:\/\/chemsfine.com\/#website","url":"https:\/\/chemsfine.com\/","name":"Chemsfine","description":"Mi blog de WordPress","publisher":{"@id":"https:\/\/chemsfine.com\/#organization"},"potentialAction":[{"@type":"SearchAction","target":{"@type":"EntryPoint","urlTemplate":"https:\/\/chemsfine.com\/?s={search_term_string}"},"query-input":{"@type":"PropertyValueSpecification","valueRequired":true,"valueName":"search_term_string"}}],"inLanguage":"es"},{"@type":"Organization","@id":"https:\/\/chemsfine.com\/#organization","name":"Chemsfine","url":"https:\/\/chemsfine.com\/","logo":{"@type":"ImageObject","inLanguage":"es","@id":"https:\/\/chemsfine.com\/#\/schema\/logo\/image\/","url":"https:\/\/chemsfine.com\/wp-content\/uploads\/2024\/09\/final-logo.png","contentUrl":"https:\/\/chemsfine.com\/wp-content\/uploads\/2024\/09\/final-logo.png","width":340,"height":72,"caption":"Chemsfine"},"image":{"@id":"https:\/\/chemsfine.com\/#\/schema\/logo\/image\/"}}]}},"_links":{"self":[{"href":"https:\/\/chemsfine.com\/es\/wp-json\/wp\/v2\/product\/1701","targetHints":{"allow":["GET"]}}],"collection":[{"href":"https:\/\/chemsfine.com\/es\/wp-json\/wp\/v2\/product"}],"about":[{"href":"https:\/\/chemsfine.com\/es\/wp-json\/wp\/v2\/types\/product"}],"replies":[{"embeddable":true,"href":"https:\/\/chemsfine.com\/es\/wp-json\/wp\/v2\/comments?post=1701"}],"wp:featuredmedia":[{"embeddable":true,"href":"https:\/\/chemsfine.com\/es\/wp-json\/wp\/v2\/media\/1956"}],"wp:attachment":[{"href":"https:\/\/chemsfine.com\/es\/wp-json\/wp\/v2\/media?parent=1701"}],"wp:term":[{"taxonomy":"product_brand","embeddable":true,"href":"https:\/\/chemsfine.com\/es\/wp-json\/wp\/v2\/product_brand?post=1701"},{"taxonomy":"product_cat","embeddable":true,"href":"https:\/\/chemsfine.com\/es\/wp-json\/wp\/v2\/product_cat?post=1701"},{"taxonomy":"product_tag","embeddable":true,"href":"https:\/\/chemsfine.com\/es\/wp-json\/wp\/v2\/product_tag?post=1701"}],"curies":[{"name":"wp","href":"https:\/\/api.w.org\/{rel}","templated":true}]}}