{"id":1709,"date":"2025-06-17T09:36:49","date_gmt":"2025-06-17T09:36:49","guid":{"rendered":"https:\/\/chemsfine.com\/?post_type=product&#038;p=1709"},"modified":"2026-03-25T15:17:26","modified_gmt":"2026-03-25T15:17:26","slug":"comprar-fenibut-en-polvo-online","status":"publish","type":"product","link":"https:\/\/chemsfine.com\/es\/product\/buy-phenibut-powder-online\/","title":{"rendered":"Comprar Phenibut en Polvo Online | Calidad Premium y Probado en Laboratorio"},"content":{"rendered":"<h2><b>Comprar Phenibut en Polvo Online - Calidad superior para un mayor bienestar<\/b><\/h2>\n<p>Al buscar a <b>comprar Phenibut Polvo online<\/b>, La obtenci\u00f3n de un producto de primera calidad, verificado en laboratorio, es esencial para aplicaciones fiables de investigaci\u00f3n y bienestar. En Chemsfine, ofrecemos Phenibut en Polvo de primera calidad a la venta, proporcionando una fuente de confianza para investigadores y particulares que buscan sus beneficios \u00fanicos. Nuestro compromiso con la excelencia le asegura que recibir\u00e1 un compuesto aut\u00e9ntico con pureza garantizada, permiti\u00e9ndole proceder con confianza.<a href=\"https:\/\/streetfarma.com\/product\/buy-ghb-gamma-hydroxybutyrate\/\">e.<\/a><\/p>\n<h3><b>\u00bfQu\u00e9 es el fenibut en polvo?<\/b><\/h3>\n<p>Phenibut en polvo es un derivado sint\u00e9tico del neurotransmisor esencial GABA (\u00e1cido gamma-aminobut\u00edrico), famoso por sus potentes efectos ansiol\u00edticos y nootr\u00f3picos. Desarrollado originalmente en Rusia con el objetivo de mejorar la funci\u00f3n cognitiva y reducir la ansiedad, Phenibut tiene una estructura \u00fanica para atravesar f\u00e1cilmente la barrera hematoencef\u00e1lica. Esto le permite promover eficazmente la relajaci\u00f3n, mejorar el estado de \u00e1nimo, y apoyar la concentraci\u00f3n mental sin causar sedaci\u00f3n pesada. Ampliamente utilizado tanto en la investigaci\u00f3n cient\u00edfica como en contextos modernos de bienestar, Phenibut en polvo ofrece un enfoque notablemente equilibrado para lograr la calma mental y una mejora cognitiva significativa.<a href=\"https:\/\/chemsfine.com\/es\/producto\/comprar-diazepam-valium-polvo\/\">.<\/a><\/p>\n<h3><b>\u00bfPor qu\u00e9 comprar fenibut en polvo en Chemsfine?<\/b><\/h3>\n<p>Cuando elija <b>comprar Phenibut Polvo online<\/b> de Chemsfine, est\u00e1 invirtiendo en calidad superior garantizada mediante rigurosas pruebas de laboratorio realizadas por terceros y una exhaustiva verificaci\u00f3n de la pureza. Nuestro <b>Phenibut Polvo en venta<\/b> siempre tiene un precio competitivo y se ofrece con un env\u00edo r\u00e1pido y discreto a todo el mundo para proteger su privacidad. Tanto si desea <b>Comprar Phenibut en polvo online<\/b> para investigaci\u00f3n sofisticada o para uso personal, proporcionamos m\u00e9todos de pago seguros y un excepcional servicio de atenci\u00f3n al cliente para garantizar una experiencia de compra fluida y fiable. Se nos considera el <b>mejor lugar para comprar Phenibut en polvo online<\/b> porque siempre ofrecemos productos de alta calidad con la comodidad y seguridad que usted se merece. Adem\u00e1s, puede <b>comprar Phenibut en polvo barato online<\/b> a trav\u00e9s de nuestra tienda sin comprometer nunca la seguridad ni la eficacia<a href=\"https:\/\/streetfarma.com\/product-category\/stimulants\/\">.<\/a><\/p>\n<h3><b>Or\u00edgenes y perfil qu\u00edmico<\/b><\/h3>\n<p>El fenibut se sintetiz\u00f3 por primera vez en Rusia como un an\u00e1logo modificado del GABA, dise\u00f1ado espec\u00edficamente para mejorar su capacidad de atravesar la barrera hematoencef\u00e1lica. A diferencia del GABA, al que le cuesta atravesar esta barrera, el fenibut penetra f\u00e1cilmente en el cerebro. Una vez all\u00ed, act\u00faa principalmente sobre los receptores GABA-B para inducir sus caracter\u00edsticos efectos calmantes y ansiol\u00edticos, al tiempo que favorece la mejora cognitiva. Su inteligente dise\u00f1o qu\u00edmico combina con \u00e9xito la eficacia con un s\u00f3lido perfil de seguridad, lo que lo convierte en un compuesto verdaderamente \u00fanico en el \u00e1mbito de los nootr\u00f3picos y ansiol\u00edticos avanzados.<\/p>\n<h3><b>Posibles aplicaciones del fenibut en polvo<\/b><\/h3>\n<p>En entornos de investigaci\u00f3n, el fenibut en polvo se estudia ampliamente por su potencial para:<\/p>\n<ul>\n<li>Reducir los niveles percibidos de ansiedad y estr\u00e9s.<\/li>\n<li>Mejora la concentraci\u00f3n mental y la funci\u00f3n cognitiva general.<\/li>\n<li>Mejora la calidad del sue\u00f1o y favorece una relajaci\u00f3n m\u00e1s profunda.<\/li>\n<li>Eleva el estado de \u00e1nimo y aumenta la confianza social.<\/li>\n<\/ul>\n<p>Estos diversos beneficios hacen del fenibut un compuesto vers\u00e1til para las investigaciones sobre el bienestar mental y para aplicaciones de investigaci\u00f3n cient\u00edfica m\u00e1s amplias.<\/p>\n<h3><b>C\u00f3mo pedir Phenibut en polvo en l\u00ednea de forma segura<\/b><\/h3>\n<p>Pedir nuestro Phenibut en polvo online es un proceso sencillo y seguro dise\u00f1ado para su tranquilidad:<\/p>\n<ol>\n<li><b>Elija un proveedor de confianza:<\/b> Seleccione siempre un proveedor de confianza como Chemsfine que ofrezca Phenibut verificado y probado en laboratorio.<\/li>\n<li><b>Seleccione su cantidad:<\/b> Elija la cantidad que mejor se adapte a sus necesidades de investigaci\u00f3n o personales.<\/li>\n<li><b>Utilice el pago seguro:<\/b> Complete su compra utilizando m\u00e9todos de pago seguros, incluidas criptomonedas o las principales tarjetas de cr\u00e9dito.<\/li>\n<li><b>Opte por un env\u00edo discreto:<\/b> Enviamos todos los paquetes discretamente para garantizar su absoluta privacidad.<\/li>\n<li><b>Rastree su pedido:<\/b> Realice un seguimiento fiable de su env\u00edo desde el momento en que sale de nuestras instalaciones hasta que llega a su puerta.<\/li>\n<\/ol>\n<h3><b>Beneficios de comprar Phenibut en polvo en l\u00ednea<\/b><\/h3>\n<p>Comprar en l\u00ednea a un proveedor especializado ofrece varias ventajas clave:<\/p>\n<ul>\n<li><b>Calidad garantizada:<\/b> Obtenga acceso a Phenibut en polvo de alta pureza, probado en laboratorio para garantizar su seguridad y eficacia.<\/li>\n<li><b>Rentabilidad:<\/b> Benef\u00edciese de precios competitivos y descuentos por volumen para grandes pedidos de investigaci\u00f3n.<\/li>\n<li><b>Privacidad total:<\/b> Nuestro env\u00edo discreto y fiable a todo el mundo garantiza la confidencialidad de su pedido.<\/li>\n<li><b>Comodidad inigualable:<\/b> Disfrute de la facilidad de comprar en l\u00ednea desde cualquier lugar, con el respaldo de un servicio de atenci\u00f3n al cliente r\u00e1pido y profesional.<\/li>\n<\/ul>\n<h3><b>C\u00f3mo elegir un proveedor fiable<\/b><\/h3>\n<p>Para obtener el mejor Phenibut en polvo, es fundamental comprar a vendedores que demuestren credibilidad constantemente. Aseg\u00farese siempre de que el proveedor:<\/p>\n<ul>\n<li><b>Proporciona una prueba de pureza:<\/b> Busque proveedores que proporcionen resultados de pruebas de laboratorio y certificados de an\u00e1lisis (COA) de terceros.<\/li>\n<li><b>Ofrece env\u00edos fiables:<\/b> Un proveedor de confianza utilizar\u00e1 embalajes discretos y proporcionar\u00e1 informaci\u00f3n de seguimiento de todos los env\u00edos.<\/li>\n<li><b>Protege tus datos:<\/b> Utilice s\u00f3lo proveedores con pasarelas de pago seguras y pol\u00edticas claras que protejan la privacidad de sus datos.<\/li>\n<li><b>Mantiene un apoyo excelente:<\/b> Aseg\u00farese de que la empresa ofrece un servicio de atenci\u00f3n al cliente transparente y una pol\u00edtica de reembolso clara.<\/li>\n<\/ul>\n<h3><b>Conclusi\u00f3n<\/b><\/h3>\n<p>Phenibut en polvo es un compuesto eficaz y bien considerado para la investigaci\u00f3n sobre el alivio de la ansiedad, la mejora cognitiva y el apoyo al estado de \u00e1nimo. Comprar <b>Phenibut Polvo online<\/b> de fuentes de confianza y probadas en laboratorio como Chemsfine garantiza seguridad, calidad y entrega discreta. Con precios competitivos y una excelente atenci\u00f3n al cliente, nuestra plataforma es la <b>mejor lugar para comprar Phenibut en polvo online<\/b>. Compre de forma responsable y explore los beneficios de este potente nootr\u00f3pico y ansiol\u00edtico con total confianza.<\/p>","protected":false},"excerpt":{"rendered":"<p><b>Comprar Phenibut en polvo<\/b> de Chemsfine. Este derivado premium del GABA es conocido por sus potentes efectos nootr\u00f3picos y ansiol\u00edticos. Ideal para la investigaci\u00f3n sobre la mejora cognitiva y la reducci\u00f3n del estr\u00e9s. Aseg\u00farese hoy mismo su suministro probado en laboratorio para una pureza garantizada.<\/p>","protected":false},"featured_media":1954,"comment_status":"closed","ping_status":"closed","template":"","meta":{"_joinchat":[]},"product_brand":[],"product_cat":[434],"product_tag":[],"class_list":{"0":"post-1709","1":"product","2":"type-product","3":"status-publish","4":"has-post-thumbnail","6":"product_cat-benzodiazepine-analogs","8":"first","9":"instock","10":"shipping-taxable","11":"purchasable","12":"product-type-variable"},"yoast_head":"<!-- This site is optimized with the Yoast SEO plugin v27.2 - https:\/\/yoast.com\/product\/yoast-seo-wordpress\/ -->\n<title>Buy Phenibut Powder Online - Best Price &amp; Quality Available<\/title>\n<meta name=\"description\" content=\"Order premium Phenibut Powder online at Chemsfine. Our lab-tested, high-purity product is ideal for research into well-being. Fast, discreet shipping worldwide. Buy now!\" \/>\n<meta name=\"robots\" content=\"index, follow, max-snippet:-1, max-image-preview:large, max-video-preview:-1\" \/>\n<link rel=\"canonical\" href=\"https:\/\/chemsfine.com\/es\/producto\/comprar-fenibut-en-polvo-online\/\" \/>\n<meta property=\"og:locale\" content=\"es_ES\" \/>\n<meta property=\"og:type\" content=\"article\" \/>\n<meta property=\"og:title\" content=\"Buy Phenibut Powder Online - Best Price &amp; Quality Available\" \/>\n<meta property=\"og:description\" content=\"Order premium Phenibut Powder online at Chemsfine. Our lab-tested, high-purity product is ideal for research into well-being. Fast, discreet shipping worldwide. Buy now!\" \/>\n<meta property=\"og:url\" content=\"https:\/\/chemsfine.com\/es\/producto\/comprar-fenibut-en-polvo-online\/\" \/>\n<meta property=\"og:site_name\" content=\"Chemsfine\" \/>\n<meta property=\"article:modified_time\" content=\"2026-03-25T15:17:26+00:00\" \/>\n<meta property=\"og:image\" content=\"https:\/\/chemsfine.com\/wp-content\/uploads\/2025\/06\/Phenibut-Pulver.jpg\" \/>\n\t<meta property=\"og:image:width\" content=\"600\" \/>\n\t<meta property=\"og:image:height\" content=\"600\" \/>\n\t<meta property=\"og:image:type\" content=\"image\/jpeg\" \/>\n<meta name=\"twitter:card\" content=\"summary_large_image\" \/>\n<meta name=\"twitter:label1\" content=\"Tiempo de lectura\" \/>\n\t<meta name=\"twitter:data1\" content=\"4 minutos\" \/>\n<script type=\"application\/ld+json\" class=\"yoast-schema-graph\">{\"@context\":\"https:\/\/schema.org\",\"@graph\":[{\"@type\":\"WebPage\",\"@id\":\"https:\/\/chemsfine.com\/product\/buy-phenibut-powder-online\/\",\"url\":\"https:\/\/chemsfine.com\/product\/buy-phenibut-powder-online\/\",\"name\":\"Buy Phenibut Powder Online - Best Price & Quality Available\",\"isPartOf\":{\"@id\":\"https:\/\/chemsfine.com\/#website\"},\"primaryImageOfPage\":{\"@id\":\"https:\/\/chemsfine.com\/product\/buy-phenibut-powder-online\/#primaryimage\"},\"image\":{\"@id\":\"https:\/\/chemsfine.com\/product\/buy-phenibut-powder-online\/#primaryimage\"},\"thumbnailUrl\":\"https:\/\/chemsfine.com\/wp-content\/uploads\/2025\/06\/Phenibut-Pulver.jpg\",\"datePublished\":\"2025-06-17T09:36:49+00:00\",\"dateModified\":\"2026-03-25T15:17:26+00:00\",\"description\":\"Order premium Phenibut Powder online at Chemsfine. Our lab-tested, high-purity product is ideal for research into well-being. Fast, discreet shipping worldwide. Buy now!\",\"breadcrumb\":{\"@id\":\"https:\/\/chemsfine.com\/product\/buy-phenibut-powder-online\/#breadcrumb\"},\"inLanguage\":\"es\",\"potentialAction\":[{\"@type\":\"ReadAction\",\"target\":[\"https:\/\/chemsfine.com\/product\/buy-phenibut-powder-online\/\"]}]},{\"@type\":\"ImageObject\",\"inLanguage\":\"es\",\"@id\":\"https:\/\/chemsfine.com\/product\/buy-phenibut-powder-online\/#primaryimage\",\"url\":\"https:\/\/chemsfine.com\/wp-content\/uploads\/2025\/06\/Phenibut-Pulver.jpg\",\"contentUrl\":\"https:\/\/chemsfine.com\/wp-content\/uploads\/2025\/06\/Phenibut-Pulver.jpg\",\"width\":600,\"height\":600,\"caption\":\"Phenibut-Powder\"},{\"@type\":\"BreadcrumbList\",\"@id\":\"https:\/\/chemsfine.com\/product\/buy-phenibut-powder-online\/#breadcrumb\",\"itemListElement\":[{\"@type\":\"ListItem\",\"position\":1,\"name\":\"Home\",\"item\":\"https:\/\/chemsfine.com\/\"},{\"@type\":\"ListItem\",\"position\":2,\"name\":\"Shop\",\"item\":\"https:\/\/chemsfine.com\/shop\/\"},{\"@type\":\"ListItem\",\"position\":3,\"name\":\"Buy Phenibut Powder Online | Premium Quality &amp; Lab-Tested\"}]},{\"@type\":\"WebSite\",\"@id\":\"https:\/\/chemsfine.com\/#website\",\"url\":\"https:\/\/chemsfine.com\/\",\"name\":\"Chemsfine\",\"description\":\"My WordPress Blog\",\"publisher\":{\"@id\":\"https:\/\/chemsfine.com\/#organization\"},\"potentialAction\":[{\"@type\":\"SearchAction\",\"target\":{\"@type\":\"EntryPoint\",\"urlTemplate\":\"https:\/\/chemsfine.com\/?s={search_term_string}\"},\"query-input\":{\"@type\":\"PropertyValueSpecification\",\"valueRequired\":true,\"valueName\":\"search_term_string\"}}],\"inLanguage\":\"es\"},{\"@type\":\"Organization\",\"@id\":\"https:\/\/chemsfine.com\/#organization\",\"name\":\"Chemsfine\",\"url\":\"https:\/\/chemsfine.com\/\",\"logo\":{\"@type\":\"ImageObject\",\"inLanguage\":\"es\",\"@id\":\"https:\/\/chemsfine.com\/#\/schema\/logo\/image\/\",\"url\":\"https:\/\/chemsfine.com\/wp-content\/uploads\/2024\/09\/final-logo.png\",\"contentUrl\":\"https:\/\/chemsfine.com\/wp-content\/uploads\/2024\/09\/final-logo.png\",\"width\":340,\"height\":72,\"caption\":\"Chemsfine\"},\"image\":{\"@id\":\"https:\/\/chemsfine.com\/#\/schema\/logo\/image\/\"}}]}<\/script>\n<!-- \/ Yoast SEO plugin. -->","yoast_head_json":{"title":"Comprar Phenibut en Polvo Online - Mejor Precio y Calidad Disponible","description":"Comprar Phenibut en polvo de alta calidad online en Chemsfine. Nuestro producto de alta pureza probado en laboratorio es ideal para la investigaci\u00f3n del bienestar. Env\u00edo r\u00e1pido y discreto a todo el mundo. \u00a1Compre ahora!","robots":{"index":"index","follow":"follow","max-snippet":"max-snippet:-1","max-image-preview":"max-image-preview:large","max-video-preview":"max-video-preview:-1"},"canonical":"https:\/\/chemsfine.com\/es\/producto\/comprar-fenibut-en-polvo-online\/","og_locale":"es_ES","og_type":"article","og_title":"Buy Phenibut Powder Online - Best Price & Quality Available","og_description":"Order premium Phenibut Powder online at Chemsfine. Our lab-tested, high-purity product is ideal for research into well-being. Fast, discreet shipping worldwide. Buy now!","og_url":"https:\/\/chemsfine.com\/es\/producto\/comprar-fenibut-en-polvo-online\/","og_site_name":"Chemsfine","article_modified_time":"2026-03-25T15:17:26+00:00","og_image":[{"width":600,"height":600,"url":"https:\/\/chemsfine.com\/wp-content\/uploads\/2025\/06\/Phenibut-Pulver.jpg","type":"image\/jpeg"}],"twitter_card":"summary_large_image","twitter_misc":{"Tiempo de lectura":"4 minutos"},"schema":{"@context":"https:\/\/schema.org","@graph":[{"@type":"WebPage","@id":"https:\/\/chemsfine.com\/product\/buy-phenibut-powder-online\/","url":"https:\/\/chemsfine.com\/product\/buy-phenibut-powder-online\/","name":"Comprar Phenibut en Polvo Online - Mejor Precio y Calidad Disponible","isPartOf":{"@id":"https:\/\/chemsfine.com\/#website"},"primaryImageOfPage":{"@id":"https:\/\/chemsfine.com\/product\/buy-phenibut-powder-online\/#primaryimage"},"image":{"@id":"https:\/\/chemsfine.com\/product\/buy-phenibut-powder-online\/#primaryimage"},"thumbnailUrl":"https:\/\/chemsfine.com\/wp-content\/uploads\/2025\/06\/Phenibut-Pulver.jpg","datePublished":"2025-06-17T09:36:49+00:00","dateModified":"2026-03-25T15:17:26+00:00","description":"Comprar Phenibut en polvo de alta calidad online en Chemsfine. Nuestro producto de alta pureza probado en laboratorio es ideal para la investigaci\u00f3n del bienestar. Env\u00edo r\u00e1pido y discreto a todo el mundo. \u00a1Compre ahora!","breadcrumb":{"@id":"https:\/\/chemsfine.com\/product\/buy-phenibut-powder-online\/#breadcrumb"},"inLanguage":"es","potentialAction":[{"@type":"ReadAction","target":["https:\/\/chemsfine.com\/product\/buy-phenibut-powder-online\/"]}]},{"@type":"ImageObject","inLanguage":"es","@id":"https:\/\/chemsfine.com\/product\/buy-phenibut-powder-online\/#primaryimage","url":"https:\/\/chemsfine.com\/wp-content\/uploads\/2025\/06\/Phenibut-Pulver.jpg","contentUrl":"https:\/\/chemsfine.com\/wp-content\/uploads\/2025\/06\/Phenibut-Pulver.jpg","width":600,"height":600,"caption":"Phenibut-Powder"},{"@type":"BreadcrumbList","@id":"https:\/\/chemsfine.com\/product\/buy-phenibut-powder-online\/#breadcrumb","itemListElement":[{"@type":"ListItem","position":1,"name":"Home","item":"https:\/\/chemsfine.com\/"},{"@type":"ListItem","position":2,"name":"Shop","item":"https:\/\/chemsfine.com\/shop\/"},{"@type":"ListItem","position":3,"name":"Buy Phenibut Powder Online | Premium Quality &amp; Lab-Tested"}]},{"@type":"WebSite","@id":"https:\/\/chemsfine.com\/#website","url":"https:\/\/chemsfine.com\/","name":"Chemsfine","description":"Mi blog de WordPress","publisher":{"@id":"https:\/\/chemsfine.com\/#organization"},"potentialAction":[{"@type":"SearchAction","target":{"@type":"EntryPoint","urlTemplate":"https:\/\/chemsfine.com\/?s={search_term_string}"},"query-input":{"@type":"PropertyValueSpecification","valueRequired":true,"valueName":"search_term_string"}}],"inLanguage":"es"},{"@type":"Organization","@id":"https:\/\/chemsfine.com\/#organization","name":"Chemsfine","url":"https:\/\/chemsfine.com\/","logo":{"@type":"ImageObject","inLanguage":"es","@id":"https:\/\/chemsfine.com\/#\/schema\/logo\/image\/","url":"https:\/\/chemsfine.com\/wp-content\/uploads\/2024\/09\/final-logo.png","contentUrl":"https:\/\/chemsfine.com\/wp-content\/uploads\/2024\/09\/final-logo.png","width":340,"height":72,"caption":"Chemsfine"},"image":{"@id":"https:\/\/chemsfine.com\/#\/schema\/logo\/image\/"}}]}},"_links":{"self":[{"href":"https:\/\/chemsfine.com\/es\/wp-json\/wp\/v2\/product\/1709","targetHints":{"allow":["GET"]}}],"collection":[{"href":"https:\/\/chemsfine.com\/es\/wp-json\/wp\/v2\/product"}],"about":[{"href":"https:\/\/chemsfine.com\/es\/wp-json\/wp\/v2\/types\/product"}],"replies":[{"embeddable":true,"href":"https:\/\/chemsfine.com\/es\/wp-json\/wp\/v2\/comments?post=1709"}],"wp:featuredmedia":[{"embeddable":true,"href":"https:\/\/chemsfine.com\/es\/wp-json\/wp\/v2\/media\/1954"}],"wp:attachment":[{"href":"https:\/\/chemsfine.com\/es\/wp-json\/wp\/v2\/media?parent=1709"}],"wp:term":[{"taxonomy":"product_brand","embeddable":true,"href":"https:\/\/chemsfine.com\/es\/wp-json\/wp\/v2\/product_brand?post=1709"},{"taxonomy":"product_cat","embeddable":true,"href":"https:\/\/chemsfine.com\/es\/wp-json\/wp\/v2\/product_cat?post=1709"},{"taxonomy":"product_tag","embeddable":true,"href":"https:\/\/chemsfine.com\/es\/wp-json\/wp\/v2\/product_tag?post=1709"}],"curies":[{"name":"wp","href":"https:\/\/api.w.org\/{rel}","templated":true}]}}